{"id":9013,"date":"2025-06-18T14:18:53","date_gmt":"2025-06-18T06:18:53","guid":{"rendered":"https:\/\/www.hsymachinery.com\/?post_type=product&#038;p=9013"},"modified":"2025-06-28T00:29:56","modified_gmt":"2025-06-27T16:29:56","slug":"masina-de-indreptat-armaturi-gtu4-12a","status":"publish","type":"product","link":"https:\/\/www.hsymachinery.com\/ro\/product\/masina-de-indreptat-armaturi-gtu4-12a\/","title":{"rendered":"Ma\u0219in\u0103 de \u00eendreptare a arm\u0103turilor GTU4-12A"},"content":{"rendered":"<h2 data-start=\"108\" data-end=\"152\">Ma\u0219in\u0103 de \u00eendreptare a arm\u0103turilor GTU4-12A<\/h2>\n<h3 data-start=\"153\" data-end=\"275\">GTU4-12A Ma\u0219in\u0103 automat\u0103 de \u00eendreptare pentru 4-12mm Rebar | Compact Coil Rebar Straightener pentru export \u0219i utilizare pe site<\/h3>\n<h3 data-start=\"282\" data-end=\"362\">Prezentare general\u0103 a produsului - \u00cendreptare eficient\u0103 pentru bare de o\u021bel de diametru mediu<\/h3>\n<p data-start=\"364\" data-end=\"658\">The <strong data-start=\"368\" data-end=\"408\"><a href=\"https:\/\/www.hsymachinery.com\/ro\/produse\/masina-de-indreptare-a-armaturilor\/\" target=\"_blank\" rel=\"noopener\">Rebar \u00eendreptare ma\u0219in\u0103<\/a> GTU4-12A<\/strong> este construit pentru a gestiona <strong data-start=\"428\" data-end=\"456\">4mm p\u00e2n\u0103 la 12mm arm\u0103tur\u0103 spiralat\u0103<\/strong>, oferind o solu\u021bie echilibrat\u0103 at\u00e2t pentru vitez\u0103, c\u00e2t \u0219i pentru precizie. Este ideal pentru companiile de construc\u021bii, fabrican\u021bii de o\u021bel \u0219i exportatorii care caut\u0103 o unitate de \u00eendreptare compact\u0103 \u0219i rentabil\u0103.<\/p>\n<p data-start=\"660\" data-end=\"801\">Aceast\u0103 ma\u0219in\u0103 \u00eendreapt\u0103 arm\u0103tura deformat\u0103 sau spiralat\u0103 \u00een lungimi precise, gata de utilizare, cresc\u00e2nd productivitatea \u0219i reduc\u00e2nd \u00een acela\u0219i timp de\u0219eurile de material.<\/p>\n<h3 data-start=\"808\" data-end=\"861\">\u00a0Role reglabile \u0219i control consecvent al aliment\u0103rii<\/h3>\n<p data-start=\"863\" data-end=\"1117\">Pute\u021bi configura rapid GTU4-12A prin ajustarea distan\u021bei dintre role \u0219i a set\u0103rilor de aliniere pentru a se potrivi cu dimensiunea barei dvs. Motorul s\u0103u cu cuplu mare ofer\u0103 o putere de trac\u021biune lin\u0103 pentru a se asigura c\u0103 fiecare bar\u0103 este \u00eendreptat\u0103 uniform, cu vibra\u021bii sau devia\u021bii minime.<\/p>\n<p data-start=\"1119\" data-end=\"1284\">Cadranul de control al vitezei v\u0103 permite s\u0103 regla\u021bi viteza de avans \u00een func\u021bie de diferitele tipuri de bare de o\u021bel, men\u021bin\u00e2nd lucrul rapid \u0219i precis f\u0103r\u0103 a deteriora materialul.<\/p>\n<h3 data-start=\"1291\" data-end=\"1354\">Proiectare eficient\u0103 din punct de vedere spa\u021bial cu compatibilitate global\u0103 de tensiune<\/h3>\n<p data-start=\"1356\" data-end=\"1611\">GTU4-12A are un cadru compact, ceea ce \u00eel face u\u0219or de transportat \u0219i pozi\u021bionat \u00een ateliere sau \u0219antiere temporare. Acesta suport\u0103 intrare de 220V sau 380V (50Hz\/60Hz), permi\u021b\u00e2nd contractorilor \u0219i distribuitorilor s\u0103 implementeze ma\u0219ina la nivel global f\u0103r\u0103 modific\u0103ri.<\/p>\n<p data-start=\"1613\" data-end=\"1732\">Mobilitatea sa, combinat\u0103 cu fiabilitatea de nivel industrial, o face o alegere excelent\u0103 at\u00e2t pentru pie\u021bele interne, c\u00e2t \u0219i pentru cele de export.<\/p>\n<h3 data-start=\"1739\" data-end=\"1797\">Caracteristicile principale ale \u00cendrept\u0103torului de arm\u0103turi GTU4-12A<\/h3>\n<ul data-start=\"1799\" data-end=\"2046\">\n<li data-start=\"1799\" data-end=\"1862\">\n<p data-start=\"1801\" data-end=\"1862\">\u00cendreapt\u0103 bare de o\u021bel de 4-12 mm din bobin\u0103 cu precizie ridicat\u0103<\/p>\n<\/li>\n<li data-start=\"1863\" data-end=\"1935\">\n<p data-start=\"1865\" data-end=\"1935\">Potrivit pentru ateliere, \u0219antiere \u0219i furnizori interna\u021bionali de arm\u0103turi<\/p>\n<\/li>\n<li data-start=\"1936\" data-end=\"1987\">\n<p data-start=\"1938\" data-end=\"1987\">Sistem de role \u0219i set\u0103ri de vitez\u0103 u\u0219or de reglat<\/p>\n<\/li>\n<li data-start=\"1988\" data-end=\"2046\">\n<p data-start=\"1990\" data-end=\"2046\">Cadru compact \u0219i tensiune dubl\u0103 pentru o utilizare flexibil\u0103<\/p>\n<\/li>\n<\/ul>\n<p><iframe title=\"#construc\u021bie #construc\u021bielucr\u0103tor #rebarma\u0219in\u0103 #rebarcutter #rebarcuttingmachine #rebar\" width=\"720\" height=\"405\" src=\"https:\/\/www.youtube.com\/embed\/iSdgJyeed00?feature=oembed\" frameborder=\"0\" allow=\"accelerometer; autoplay; clipboard-write; encrypted-media; gyroscope; picture-in-picture; web-share\" referrerpolicy=\"strict-origin-when-cross-origin\" allowfullscreen><\/iframe><\/p>","protected":false},"excerpt":{"rendered":"<p>GTU4-12A \u00eendreapt\u0103 bare de arm\u0103tur\u0103 bobinate de 4-12 mm \u00een bare drepte. Ideal pentru export \u0219i utilizare pe teren, cu vitez\u0103 reglabil\u0103 \u0219i structur\u0103 compact\u0103 pentru opera\u021biuni mobile.<\/p>","protected":false},"featured_media":9015,"template":"","meta":{"_kad_post_transparent":"default","_kad_post_title":"","_kad_post_layout":"default","_kad_post_sidebar_id":"","_kad_post_content_style":"default","_kad_post_vertical_padding":"default","_kad_post_feature":"","_kad_post_feature_position":"","_kad_post_header":false,"_kad_post_footer":false},"product_brand":[],"product_cat":[62],"product_tag":[1026,1028,1030,1031,1034,1027,1032,1025,1029,1033],"class_list":{"0":"post-9013","1":"product","2":"type-product","3":"status-publish","4":"has-post-thumbnail","6":"product_cat-rebar-straightening-machine","7":"product_tag-automatic-rebar-straightener","8":"product_tag-cnc-rebar-straightening-equipment","9":"product_tag-coiled-rebar-straightening-machine","10":"product_tag-construction-bar-straightening-machine","11":"product_tag-high-speed-rebar-straightening-tool","12":"product_tag-hydraulic-rebar-straightening-machine","13":"product_tag-rebar-leveling-and-cutting-machine","14":"product_tag-steel-bar-straightening-machine","15":"product_tag-steel-wire-straightener-and-cutter","16":"product_tag-straightening-machine-for-steel-rods","18":"first","19":"instock","20":"shipping-taxable","21":"product-type-simple","22":"entry","23":"content-bg","24":"loop-entry"},"yoast_head":"<!-- This site is optimized with the Yoast SEO plugin v25.3.1 - https:\/\/yoast.com\/wordpress\/plugins\/seo\/ -->\n<title>Rebar Straightening Machine GTU4-12A - HSY Construction Machinery<\/title>\n<meta name=\"description\" content=\"Rebar Straightening Machine GTU4-12A processes 4\u201312mm coil steel bars. Compact, efficient, and voltage-adaptable for export or construction use.\" \/>\n<meta name=\"robots\" content=\"index, follow, max-snippet:-1, max-image-preview:large, max-video-preview:-1\" \/>\n<link rel=\"canonical\" href=\"https:\/\/www.hsymachinery.com\/ro\/product\/masina-de-indreptat-armaturi-gtu4-12a\/\" \/>\n<meta property=\"og:locale\" content=\"ro_RO\" \/>\n<meta property=\"og:type\" content=\"article\" \/>\n<meta property=\"og:title\" content=\"Rebar Straightening Machine GTU4-12A - HSY Construction Machinery\" \/>\n<meta property=\"og:description\" content=\"Rebar Straightening Machine GTU4-12A processes 4\u201312mm coil steel bars. Compact, efficient, and voltage-adaptable for export or construction use.\" \/>\n<meta property=\"og:url\" content=\"https:\/\/www.hsymachinery.com\/ro\/product\/masina-de-indreptat-armaturi-gtu4-12a\/\" \/>\n<meta property=\"og:site_name\" content=\"HSY Construction Machinery\" \/>\n<meta property=\"article:modified_time\" content=\"2025-06-27T16:29:56+00:00\" \/>\n<meta property=\"og:image\" content=\"https:\/\/www.hsymachinery.com\/wp-content\/uploads\/2025\/06\/Rebar-Straightening-Machine-GTU4-12A.jpg\" \/>\n\t<meta property=\"og:image:width\" content=\"600\" \/>\n\t<meta property=\"og:image:height\" content=\"600\" \/>\n\t<meta property=\"og:image:type\" content=\"image\/jpeg\" \/>\n<meta name=\"twitter:card\" content=\"summary_large_image\" \/>\n<meta name=\"twitter:label1\" content=\"Timp estimat pentru citire\" \/>\n\t<meta name=\"twitter:data1\" content=\"2 minute\" \/>\n<script type=\"application\/ld+json\" class=\"yoast-schema-graph\">{\"@context\":\"https:\/\/schema.org\",\"@graph\":[{\"@type\":\"WebPage\",\"@id\":\"https:\/\/www.hsymachinery.com\/product\/rebar-straightening-machine-gtu4-12a\/\",\"url\":\"https:\/\/www.hsymachinery.com\/product\/rebar-straightening-machine-gtu4-12a\/\",\"name\":\"Rebar Straightening Machine GTU4-12A - HSY Construction Machinery\",\"isPartOf\":{\"@id\":\"https:\/\/www.hsymachinery.com\/#website\"},\"primaryImageOfPage\":{\"@id\":\"https:\/\/www.hsymachinery.com\/product\/rebar-straightening-machine-gtu4-12a\/#primaryimage\"},\"image\":{\"@id\":\"https:\/\/www.hsymachinery.com\/product\/rebar-straightening-machine-gtu4-12a\/#primaryimage\"},\"thumbnailUrl\":\"https:\/\/www.hsymachinery.com\/wp-content\/uploads\/2025\/06\/Rebar-Straightening-Machine-GTU4-12A.jpg\",\"datePublished\":\"2025-06-18T06:18:53+00:00\",\"dateModified\":\"2025-06-27T16:29:56+00:00\",\"description\":\"Rebar Straightening Machine GTU4-12A processes 4\u201312mm coil steel bars. Compact, efficient, and voltage-adaptable for export or construction use.\",\"breadcrumb\":{\"@id\":\"https:\/\/www.hsymachinery.com\/product\/rebar-straightening-machine-gtu4-12a\/#breadcrumb\"},\"inLanguage\":\"ro-RO\",\"potentialAction\":[{\"@type\":\"ReadAction\",\"target\":[\"https:\/\/www.hsymachinery.com\/product\/rebar-straightening-machine-gtu4-12a\/\"]}]},{\"@type\":\"ImageObject\",\"inLanguage\":\"ro-RO\",\"@id\":\"https:\/\/www.hsymachinery.com\/product\/rebar-straightening-machine-gtu4-12a\/#primaryimage\",\"url\":\"https:\/\/www.hsymachinery.com\/wp-content\/uploads\/2025\/06\/Rebar-Straightening-Machine-GTU4-12A.jpg\",\"contentUrl\":\"https:\/\/www.hsymachinery.com\/wp-content\/uploads\/2025\/06\/Rebar-Straightening-Machine-GTU4-12A.jpg\",\"width\":600,\"height\":600},{\"@type\":\"BreadcrumbList\",\"@id\":\"https:\/\/www.hsymachinery.com\/product\/rebar-straightening-machine-gtu4-12a\/#breadcrumb\",\"itemListElement\":[{\"@type\":\"ListItem\",\"position\":1,\"name\":\"home\",\"item\":\"https:\/\/www.hsymachinery.com\/\"},{\"@type\":\"ListItem\",\"position\":2,\"name\":\"products\",\"item\":\"https:\/\/www.hsymachinery.com\/products\/\"},{\"@type\":\"ListItem\",\"position\":3,\"name\":\"Rebar Straightening Machine GTU4-12A\"}]},{\"@type\":\"WebSite\",\"@id\":\"https:\/\/www.hsymachinery.com\/#website\",\"url\":\"https:\/\/www.hsymachinery.com\/\",\"name\":\"HSY Construction Machinery\",\"description\":\"HSY Machinery \u2013 A leading China construction machinery supplier, offering a wide range of light construction equipment. Our main products include Rebar Cutting Machine, Rebar Bending Machine, Rebar Stirrup Bending Machine, Rebar Arc Bending Machine, Rebar Straightening Machine, Five-Head Rebar Stirrup Bending Machine, Tamping Rammer, Plate Compactor, Concrete Cutter, Power Trowel, and other construction machinery. We are equipped with advanced CNC machines, and we enforce strict quality inspection standards along with comprehensive after-sales service. If you are interested in our products or services, we warmly welcome your inquiries via message.\",\"publisher\":{\"@id\":\"https:\/\/www.hsymachinery.com\/#organization\"},\"potentialAction\":[{\"@type\":\"SearchAction\",\"target\":{\"@type\":\"EntryPoint\",\"urlTemplate\":\"https:\/\/www.hsymachinery.com\/?s={search_term_string}\"},\"query-input\":{\"@type\":\"PropertyValueSpecification\",\"valueRequired\":true,\"valueName\":\"search_term_string\"}}],\"inLanguage\":\"ro-RO\"},{\"@type\":\"Organization\",\"@id\":\"https:\/\/www.hsymachinery.com\/#organization\",\"name\":\"HSY Construction Machinery\",\"url\":\"https:\/\/www.hsymachinery.com\/\",\"logo\":{\"@type\":\"ImageObject\",\"inLanguage\":\"ro-RO\",\"@id\":\"https:\/\/www.hsymachinery.com\/#\/schema\/logo\/image\/\",\"url\":\"https:\/\/www.hsymachinery.com\/wp-content\/uploads\/2025\/06\/cropped-HSY-machinery.png\",\"contentUrl\":\"https:\/\/www.hsymachinery.com\/wp-content\/uploads\/2025\/06\/cropped-HSY-machinery.png\",\"width\":600,\"height\":240,\"caption\":\"HSY Construction Machinery\"},\"image\":{\"@id\":\"https:\/\/www.hsymachinery.com\/#\/schema\/logo\/image\/\"}}]}<\/script>\n<!-- \/ Yoast SEO plugin. -->","yoast_head_json":{"title":"Ma\u0219in\u0103 de \u00eendreptare a arm\u0103turilor GTU4-12A - HSY Ma\u0219ini de construc\u021bii","description":"Ma\u0219ina de \u00eendreptat arm\u0103turi GTU4-12A proceseaz\u0103 bare de o\u021bel bobinate de 4-12 mm. Compact, eficient \u0219i cu tensiune adaptabil\u0103 pentru export sau utilizare \u00een construc\u021bii.","robots":{"index":"index","follow":"follow","max-snippet":"max-snippet:-1","max-image-preview":"max-image-preview:large","max-video-preview":"max-video-preview:-1"},"canonical":"https:\/\/www.hsymachinery.com\/ro\/product\/masina-de-indreptat-armaturi-gtu4-12a\/","og_locale":"ro_RO","og_type":"article","og_title":"Rebar Straightening Machine GTU4-12A - HSY Construction Machinery","og_description":"Rebar Straightening Machine GTU4-12A processes 4\u201312mm coil steel bars. Compact, efficient, and voltage-adaptable for export or construction use.","og_url":"https:\/\/www.hsymachinery.com\/ro\/product\/masina-de-indreptat-armaturi-gtu4-12a\/","og_site_name":"HSY Construction Machinery","article_modified_time":"2025-06-27T16:29:56+00:00","og_image":[{"width":600,"height":600,"url":"https:\/\/www.hsymachinery.com\/wp-content\/uploads\/2025\/06\/Rebar-Straightening-Machine-GTU4-12A.jpg","type":"image\/jpeg"}],"twitter_card":"summary_large_image","twitter_misc":{"Timp estimat pentru citire":"2 minute"},"schema":{"@context":"https:\/\/schema.org","@graph":[{"@type":"WebPage","@id":"https:\/\/www.hsymachinery.com\/product\/rebar-straightening-machine-gtu4-12a\/","url":"https:\/\/www.hsymachinery.com\/product\/rebar-straightening-machine-gtu4-12a\/","name":"Ma\u0219in\u0103 de \u00eendreptare a arm\u0103turilor GTU4-12A - HSY Ma\u0219ini de construc\u021bii","isPartOf":{"@id":"https:\/\/www.hsymachinery.com\/#website"},"primaryImageOfPage":{"@id":"https:\/\/www.hsymachinery.com\/product\/rebar-straightening-machine-gtu4-12a\/#primaryimage"},"image":{"@id":"https:\/\/www.hsymachinery.com\/product\/rebar-straightening-machine-gtu4-12a\/#primaryimage"},"thumbnailUrl":"https:\/\/www.hsymachinery.com\/wp-content\/uploads\/2025\/06\/Rebar-Straightening-Machine-GTU4-12A.jpg","datePublished":"2025-06-18T06:18:53+00:00","dateModified":"2025-06-27T16:29:56+00:00","description":"Ma\u0219ina de \u00eendreptat arm\u0103turi GTU4-12A proceseaz\u0103 bare de o\u021bel bobinate de 4-12 mm. Compact, eficient \u0219i cu tensiune adaptabil\u0103 pentru export sau utilizare \u00een construc\u021bii.","breadcrumb":{"@id":"https:\/\/www.hsymachinery.com\/product\/rebar-straightening-machine-gtu4-12a\/#breadcrumb"},"inLanguage":"ro-RO","potentialAction":[{"@type":"ReadAction","target":["https:\/\/www.hsymachinery.com\/product\/rebar-straightening-machine-gtu4-12a\/"]}]},{"@type":"ImageObject","inLanguage":"ro-RO","@id":"https:\/\/www.hsymachinery.com\/product\/rebar-straightening-machine-gtu4-12a\/#primaryimage","url":"https:\/\/www.hsymachinery.com\/wp-content\/uploads\/2025\/06\/Rebar-Straightening-Machine-GTU4-12A.jpg","contentUrl":"https:\/\/www.hsymachinery.com\/wp-content\/uploads\/2025\/06\/Rebar-Straightening-Machine-GTU4-12A.jpg","width":600,"height":600},{"@type":"BreadcrumbList","@id":"https:\/\/www.hsymachinery.com\/product\/rebar-straightening-machine-gtu4-12a\/#breadcrumb","itemListElement":[{"@type":"ListItem","position":1,"name":"home","item":"https:\/\/www.hsymachinery.com\/"},{"@type":"ListItem","position":2,"name":"products","item":"https:\/\/www.hsymachinery.com\/products\/"},{"@type":"ListItem","position":3,"name":"Rebar Straightening Machine GTU4-12A"}]},{"@type":"WebSite","@id":"https:\/\/www.hsymachinery.com\/#website","url":"https:\/\/www.hsymachinery.com\/","name":"HSY Ma\u0219ini de construc\u021bii","description":"HSY Machinery - Un furnizor lider de ma\u0219ini de construc\u021bii din China, care ofer\u0103 o gam\u0103 larg\u0103 de echipamente de construc\u021bii u\u0219oare. Produsele noastre principale includ Ma\u0219ina de t\u0103iat arm\u0103turi, Ma\u0219ina de \u00eendoit arm\u0103turi, Ma\u0219ina de \u00eendoit st\u00e2lpi de arm\u0103turi, Ma\u0219ina de \u00eendoit arcuri de arm\u0103turi, Ma\u0219ina de \u00eendreptat arm\u0103turi, Ma\u0219ina de \u00eendoit st\u00e2lpi de arm\u0103turi cu cinci capete, Rammer de compactare, Compactor de pl\u0103ci, T\u0103ietor de beton, Mistrie electric\u0103 \u0219i alte utilaje de construc\u021bii. Suntem echipa\u021bi cu ma\u0219ini CNC avansate \u0219i aplic\u0103m standarde stricte de inspec\u021bie a calit\u0103\u021bii, \u00eempreun\u0103 cu servicii post-v\u00e2nzare complete. Dac\u0103 sunte\u021bi interesat de produsele sau serviciile noastre, primim cu c\u0103ldur\u0103 cererile dvs. prin mesaj.","publisher":{"@id":"https:\/\/www.hsymachinery.com\/#organization"},"potentialAction":[{"@type":"SearchAction","target":{"@type":"EntryPoint","urlTemplate":"https:\/\/www.hsymachinery.com\/?s={search_term_string}"},"query-input":{"@type":"PropertyValueSpecification","valueRequired":true,"valueName":"search_term_string"}}],"inLanguage":"ro-RO"},{"@type":"Organization","@id":"https:\/\/www.hsymachinery.com\/#organization","name":"HSY Ma\u0219ini de construc\u021bii","url":"https:\/\/www.hsymachinery.com\/","logo":{"@type":"ImageObject","inLanguage":"ro-RO","@id":"https:\/\/www.hsymachinery.com\/#\/schema\/logo\/image\/","url":"https:\/\/www.hsymachinery.com\/wp-content\/uploads\/2025\/06\/cropped-HSY-machinery.png","contentUrl":"https:\/\/www.hsymachinery.com\/wp-content\/uploads\/2025\/06\/cropped-HSY-machinery.png","width":600,"height":240,"caption":"HSY Construction Machinery"},"image":{"@id":"https:\/\/www.hsymachinery.com\/#\/schema\/logo\/image\/"}}]}},"_links":{"self":[{"href":"https:\/\/www.hsymachinery.com\/ro\/wp-json\/wp\/v2\/product\/9013","targetHints":{"allow":["GET"]}}],"collection":[{"href":"https:\/\/www.hsymachinery.com\/ro\/wp-json\/wp\/v2\/product"}],"about":[{"href":"https:\/\/www.hsymachinery.com\/ro\/wp-json\/wp\/v2\/types\/product"}],"version-history":[{"count":4,"href":"https:\/\/www.hsymachinery.com\/ro\/wp-json\/wp\/v2\/product\/9013\/revisions"}],"predecessor-version":[{"id":9440,"href":"https:\/\/www.hsymachinery.com\/ro\/wp-json\/wp\/v2\/product\/9013\/revisions\/9440"}],"wp:featuredmedia":[{"embeddable":true,"href":"https:\/\/www.hsymachinery.com\/ro\/wp-json\/wp\/v2\/media\/9015"}],"wp:attachment":[{"href":"https:\/\/www.hsymachinery.com\/ro\/wp-json\/wp\/v2\/media?parent=9013"}],"wp:term":[{"taxonomy":"product_brand","embeddable":true,"href":"https:\/\/www.hsymachinery.com\/ro\/wp-json\/wp\/v2\/product_brand?post=9013"},{"taxonomy":"product_cat","embeddable":true,"href":"https:\/\/www.hsymachinery.com\/ro\/wp-json\/wp\/v2\/product_cat?post=9013"},{"taxonomy":"product_tag","embeddable":true,"href":"https:\/\/www.hsymachinery.com\/ro\/wp-json\/wp\/v2\/product_tag?post=9013"}],"curies":[{"name":"wp","href":"https:\/\/api.w.org\/{rel}","templated":true}]}}