{"id":9007,"date":"2025-06-18T12:42:38","date_gmt":"2025-06-18T04:42:38","guid":{"rendered":"https:\/\/www.hsymachinery.com\/?post_type=product&#038;p=9007"},"modified":"2025-06-27T23:55:54","modified_gmt":"2025-06-27T15:55:54","slug":"masina-de-indreptare-a-armaturilor-gtd4-10c","status":"publish","type":"product","link":"https:\/\/www.hsymachinery.com\/ro\/product\/masina-de-indreptare-a-armaturilor-gtd4-10c\/","title":{"rendered":"Ma\u0219in\u0103 de \u00eendreptare a arm\u0103turilor GTD4-10C"},"content":{"rendered":"<h2 data-start=\"105\" data-end=\"149\">Ma\u0219in\u0103 de \u00eendreptare a arm\u0103turilor GTD4-10C<\/h2>\n<h3 data-start=\"150\" data-end=\"287\">GTD4-10C Ma\u0219in\u0103 automat\u0103 de \u00eendreptare a barelor de arm\u0103tur\u0103 pentru bare de o\u021bel bobinate de 4-10 mm | Echipament de prelucrare a barelor de precizie pentru utilizare \u00een construc\u021bii<\/h3>\n<h3 data-start=\"294\" data-end=\"379\">Prezentare general\u0103 a produsului - \u00cendrept\u0103torul de bobine de \u00eenalt\u0103 eficien\u021b\u0103 pentru bare de o\u021bel u\u0219oare<\/h3>\n<p data-start=\"381\" data-end=\"670\">The <strong data-start=\"385\" data-end=\"425\"><a href=\"https:\/\/www.hsymachinery.com\/ro\/produse\/masina-de-indreptare-a-armaturilor\/\" target=\"_blank\" rel=\"noopener\">Rebar \u00eendreptare ma\u0219in\u0103<\/a> GTD4-10C<\/strong> este specializat\u0103 \u00een prelucrarea <strong data-start=\"452\" data-end=\"486\">4mm la 10mm arm\u0103tur\u0103 de o\u021bel bobinat<\/strong> cu vitez\u0103 \u0219i precizie ridicate. Este utilizat pe scar\u0103 larg\u0103 \u00een construc\u021biile reziden\u021biale, \u00een lucr\u0103rile decorative din o\u021bel \u0219i \u00een prelucrarea arm\u0103turilor prefabricate, unde rectitudinea constant\u0103 este esen\u021bial\u0103.<\/p>\n<p data-start=\"672\" data-end=\"787\">Conceput pentru productivitate, acest model reduce munca manual\u0103, \u00eembun\u0103t\u0103\u021bind \u00een acela\u0219i timp calitatea barelor \u0219i reduc\u00e2nd risipa de material.<\/p>\n<h3 data-start=\"794\" data-end=\"844\">\u00cendreptare neted\u0103 cu set\u0103ri flexibile<\/h3>\n<p data-start=\"846\" data-end=\"1093\">Pute\u021bi regla configura\u021bia rolelor \u0219i tensiunea de alimentare pentru a gestiona diferite tipuri de bare cu un timp minim de configurare. Motorul electric industrial asigur\u0103 un randament constant, permi\u021b\u00e2nd ma\u0219inii s\u0103 \u00eendrepte rapid barele f\u0103r\u0103 a pierde din precizie.<\/p>\n<p data-start=\"1095\" data-end=\"1319\">GTD4-10C dispune, de asemenea, de un sistem de ghidare cu frecare redus\u0103 care asigur\u0103 c\u0103 fiecare bar\u0103 iese dreapt\u0103 \u0219i preg\u0103tit\u0103 pentru t\u0103iere sau asamblare. Cadranul s\u0103u de control al vitezei ajut\u0103 operatorii s\u0103 adapteze ritmul de produc\u021bie la cerin\u021bele specifice ale proiectului.<\/p>\n<h3 data-start=\"1326\" data-end=\"1374\">Practic, portabil \u0219i preg\u0103tit pentru export<\/h3>\n<p data-start=\"1376\" data-end=\"1630\">Aceast\u0103 ma\u0219in\u0103 utilizeaz\u0103 un cadru din o\u021bel sudat care rezist\u0103 la uzur\u0103 \u0219i mi\u0219care \u00een timpul func\u021bion\u0103rii. Designul s\u0103u compact permite transportul u\u0219or, \u00een timp ce capacitatea sa de dubl\u0103 tensiune (220V\/380V) permite utilizarea f\u0103r\u0103 probleme at\u00e2t pe pie\u021bele locale, c\u00e2t \u0219i pe cele interna\u021bionale.<\/p>\n<p data-start=\"1632\" data-end=\"1777\">Antreprenorii \u0219i produc\u0103torii apreciaz\u0103 acest model pentru portabilitate, performan\u021b\u0103 \u0219i rezultate constante \u00een aplica\u021bii u\u0219oare p\u00e2n\u0103 la medii.<\/p>\n<h3 data-start=\"1784\" data-end=\"1842\">Caracteristici principale ale aparatului de \u00eendreptat bare GTD4-10C<\/h3>\n<ul data-start=\"1844\" data-end=\"2067\">\n<li data-start=\"1844\" data-end=\"1894\">\n<p data-start=\"1846\" data-end=\"1894\">\u00cendreapt\u0103 cu precizie bare de arm\u0103tur\u0103 bobinate de 4-10 mm<\/p>\n<\/li>\n<li data-start=\"1895\" data-end=\"1961\">\n<p data-start=\"1897\" data-end=\"1961\">Conceput pentru construc\u021bii la scar\u0103 mic\u0103 \u0219i prelucrarea barelor de o\u021bel<\/p>\n<\/li>\n<li data-start=\"1962\" data-end=\"2013\">\n<p data-start=\"1964\" data-end=\"2013\">Role reglabile de c\u0103tre utilizator \u0219i sistem de ac\u021bionare stabil<\/p>\n<\/li>\n<li data-start=\"2014\" data-end=\"2067\">\n<p data-start=\"2016\" data-end=\"2067\">Suport pentru tensiune global\u0103 pentru export \u0219i utilizare la fa\u021ba locului<\/p>\n<\/li>\n<\/ul>\n<p><iframe title=\"#construc\u021bie #rebarma\u0219in\u0103 #rebarbending #rebarcutter #rebarcuttingma\u0219in\u0103\" width=\"720\" height=\"405\" src=\"https:\/\/www.youtube.com\/embed\/YnqPtwSEoVw?feature=oembed\" frameborder=\"0\" allow=\"accelerometer; autoplay; clipboard-write; encrypted-media; gyroscope; picture-in-picture; web-share\" referrerpolicy=\"strict-origin-when-cross-origin\" allowfullscreen><\/iframe><\/p>","protected":false},"excerpt":{"rendered":"<p>GTD4-10C \u00eendreapt\u0103 rapid \u0219i curat arm\u0103tura de o\u021bel de 4-10 mm din bobin\u0103. Ideal pentru lucr\u0103ri reziden\u021biale \u0219i prefabricate, cu role reglabile \u0219i compatibilitate dubl\u0103 tensiune.<\/p>","protected":false},"featured_media":9008,"template":"","meta":{"_kad_post_transparent":"default","_kad_post_title":"","_kad_post_layout":"default","_kad_post_sidebar_id":"","_kad_post_content_style":"default","_kad_post_vertical_padding":"default","_kad_post_feature":"","_kad_post_feature_position":"","_kad_post_header":false,"_kad_post_footer":false},"product_brand":[],"product_cat":[62],"product_tag":[1026,1028,1030,1031,1034,1027,1032,1025,1029,1033],"class_list":{"0":"post-9007","1":"product","2":"type-product","3":"status-publish","4":"has-post-thumbnail","6":"product_cat-rebar-straightening-machine","7":"product_tag-automatic-rebar-straightener","8":"product_tag-cnc-rebar-straightening-equipment","9":"product_tag-coiled-rebar-straightening-machine","10":"product_tag-construction-bar-straightening-machine","11":"product_tag-high-speed-rebar-straightening-tool","12":"product_tag-hydraulic-rebar-straightening-machine","13":"product_tag-rebar-leveling-and-cutting-machine","14":"product_tag-steel-bar-straightening-machine","15":"product_tag-steel-wire-straightener-and-cutter","16":"product_tag-straightening-machine-for-steel-rods","18":"first","19":"instock","20":"shipping-taxable","21":"product-type-simple","22":"entry","23":"content-bg","24":"loop-entry"},"yoast_head":"<!-- This site is optimized with the Yoast SEO plugin v25.3.1 - https:\/\/yoast.com\/wordpress\/plugins\/seo\/ -->\n<title>Rebar Straightening Machine GTD4-10C - HSY Construction Machinery<\/title>\n<meta name=\"description\" content=\"Rebar Straightening Machine GTD4-10C straightens 4\u201310mm steel bars with precision. Built for light-duty work, with export-ready design and adjustable settings.\" \/>\n<meta name=\"robots\" content=\"index, follow, max-snippet:-1, max-image-preview:large, max-video-preview:-1\" \/>\n<link rel=\"canonical\" href=\"https:\/\/www.hsymachinery.com\/ro\/product\/masina-de-indreptare-a-armaturilor-gtd4-10c\/\" \/>\n<meta property=\"og:locale\" content=\"ro_RO\" \/>\n<meta property=\"og:type\" content=\"article\" \/>\n<meta property=\"og:title\" content=\"Rebar Straightening Machine GTD4-10C - HSY Construction Machinery\" \/>\n<meta property=\"og:description\" content=\"Rebar Straightening Machine GTD4-10C straightens 4\u201310mm steel bars with precision. Built for light-duty work, with export-ready design and adjustable settings.\" \/>\n<meta property=\"og:url\" content=\"https:\/\/www.hsymachinery.com\/ro\/product\/masina-de-indreptare-a-armaturilor-gtd4-10c\/\" \/>\n<meta property=\"og:site_name\" content=\"HSY Construction Machinery\" \/>\n<meta property=\"article:modified_time\" content=\"2025-06-27T15:55:54+00:00\" \/>\n<meta property=\"og:image\" content=\"https:\/\/www.hsymachinery.com\/wp-content\/uploads\/2025\/06\/Rebar-Straightening-Machine-GTD4-10C.jpg\" \/>\n\t<meta property=\"og:image:width\" content=\"600\" \/>\n\t<meta property=\"og:image:height\" content=\"600\" \/>\n\t<meta property=\"og:image:type\" content=\"image\/jpeg\" \/>\n<meta name=\"twitter:card\" content=\"summary_large_image\" \/>\n<meta name=\"twitter:label1\" content=\"Timp estimat pentru citire\" \/>\n\t<meta name=\"twitter:data1\" content=\"2 minute\" \/>\n<script type=\"application\/ld+json\" class=\"yoast-schema-graph\">{\"@context\":\"https:\/\/schema.org\",\"@graph\":[{\"@type\":\"WebPage\",\"@id\":\"https:\/\/www.hsymachinery.com\/product\/rebar-straightening-machine-gtd4-10c\/\",\"url\":\"https:\/\/www.hsymachinery.com\/product\/rebar-straightening-machine-gtd4-10c\/\",\"name\":\"Rebar Straightening Machine GTD4-10C - HSY Construction Machinery\",\"isPartOf\":{\"@id\":\"https:\/\/www.hsymachinery.com\/#website\"},\"primaryImageOfPage\":{\"@id\":\"https:\/\/www.hsymachinery.com\/product\/rebar-straightening-machine-gtd4-10c\/#primaryimage\"},\"image\":{\"@id\":\"https:\/\/www.hsymachinery.com\/product\/rebar-straightening-machine-gtd4-10c\/#primaryimage\"},\"thumbnailUrl\":\"https:\/\/www.hsymachinery.com\/wp-content\/uploads\/2025\/06\/Rebar-Straightening-Machine-GTD4-10C.jpg\",\"datePublished\":\"2025-06-18T04:42:38+00:00\",\"dateModified\":\"2025-06-27T15:55:54+00:00\",\"description\":\"Rebar Straightening Machine GTD4-10C straightens 4\u201310mm steel bars with precision. Built for light-duty work, with export-ready design and adjustable settings.\",\"breadcrumb\":{\"@id\":\"https:\/\/www.hsymachinery.com\/product\/rebar-straightening-machine-gtd4-10c\/#breadcrumb\"},\"inLanguage\":\"ro-RO\",\"potentialAction\":[{\"@type\":\"ReadAction\",\"target\":[\"https:\/\/www.hsymachinery.com\/product\/rebar-straightening-machine-gtd4-10c\/\"]}]},{\"@type\":\"ImageObject\",\"inLanguage\":\"ro-RO\",\"@id\":\"https:\/\/www.hsymachinery.com\/product\/rebar-straightening-machine-gtd4-10c\/#primaryimage\",\"url\":\"https:\/\/www.hsymachinery.com\/wp-content\/uploads\/2025\/06\/Rebar-Straightening-Machine-GTD4-10C.jpg\",\"contentUrl\":\"https:\/\/www.hsymachinery.com\/wp-content\/uploads\/2025\/06\/Rebar-Straightening-Machine-GTD4-10C.jpg\",\"width\":600,\"height\":600},{\"@type\":\"BreadcrumbList\",\"@id\":\"https:\/\/www.hsymachinery.com\/product\/rebar-straightening-machine-gtd4-10c\/#breadcrumb\",\"itemListElement\":[{\"@type\":\"ListItem\",\"position\":1,\"name\":\"home\",\"item\":\"https:\/\/www.hsymachinery.com\/\"},{\"@type\":\"ListItem\",\"position\":2,\"name\":\"products\",\"item\":\"https:\/\/www.hsymachinery.com\/products\/\"},{\"@type\":\"ListItem\",\"position\":3,\"name\":\"Rebar Straightening Machine GTD4-10C\"}]},{\"@type\":\"WebSite\",\"@id\":\"https:\/\/www.hsymachinery.com\/#website\",\"url\":\"https:\/\/www.hsymachinery.com\/\",\"name\":\"HSY Construction Machinery\",\"description\":\"HSY Machinery \u2013 A leading China construction machinery supplier, offering a wide range of light construction equipment. Our main products include Rebar Cutting Machine, Rebar Bending Machine, Rebar Stirrup Bending Machine, Rebar Arc Bending Machine, Rebar Straightening Machine, Five-Head Rebar Stirrup Bending Machine, Tamping Rammer, Plate Compactor, Concrete Cutter, Power Trowel, and other construction machinery. We are equipped with advanced CNC machines, and we enforce strict quality inspection standards along with comprehensive after-sales service. If you are interested in our products or services, we warmly welcome your inquiries via message.\",\"publisher\":{\"@id\":\"https:\/\/www.hsymachinery.com\/#organization\"},\"potentialAction\":[{\"@type\":\"SearchAction\",\"target\":{\"@type\":\"EntryPoint\",\"urlTemplate\":\"https:\/\/www.hsymachinery.com\/?s={search_term_string}\"},\"query-input\":{\"@type\":\"PropertyValueSpecification\",\"valueRequired\":true,\"valueName\":\"search_term_string\"}}],\"inLanguage\":\"ro-RO\"},{\"@type\":\"Organization\",\"@id\":\"https:\/\/www.hsymachinery.com\/#organization\",\"name\":\"HSY Construction Machinery\",\"url\":\"https:\/\/www.hsymachinery.com\/\",\"logo\":{\"@type\":\"ImageObject\",\"inLanguage\":\"ro-RO\",\"@id\":\"https:\/\/www.hsymachinery.com\/#\/schema\/logo\/image\/\",\"url\":\"https:\/\/www.hsymachinery.com\/wp-content\/uploads\/2025\/06\/cropped-HSY-machinery.png\",\"contentUrl\":\"https:\/\/www.hsymachinery.com\/wp-content\/uploads\/2025\/06\/cropped-HSY-machinery.png\",\"width\":600,\"height\":240,\"caption\":\"HSY Construction Machinery\"},\"image\":{\"@id\":\"https:\/\/www.hsymachinery.com\/#\/schema\/logo\/image\/\"}}]}<\/script>\n<!-- \/ Yoast SEO plugin. -->","yoast_head_json":{"title":"Ma\u0219in\u0103 de \u00eendreptat arm\u0103turi GTD4-10C - HSY Ma\u0219ini de construc\u021bii","description":"Ma\u0219ina de \u00eendreptat bare GTD4-10C \u00eendreapt\u0103 bare de o\u021bel de 4-10 mm cu precizie. Construit\u0103 pentru lucr\u0103ri u\u0219oare, cu design preg\u0103tit pentru export \u0219i set\u0103ri reglabile.","robots":{"index":"index","follow":"follow","max-snippet":"max-snippet:-1","max-image-preview":"max-image-preview:large","max-video-preview":"max-video-preview:-1"},"canonical":"https:\/\/www.hsymachinery.com\/ro\/product\/masina-de-indreptare-a-armaturilor-gtd4-10c\/","og_locale":"ro_RO","og_type":"article","og_title":"Rebar Straightening Machine GTD4-10C - HSY Construction Machinery","og_description":"Rebar Straightening Machine GTD4-10C straightens 4\u201310mm steel bars with precision. Built for light-duty work, with export-ready design and adjustable settings.","og_url":"https:\/\/www.hsymachinery.com\/ro\/product\/masina-de-indreptare-a-armaturilor-gtd4-10c\/","og_site_name":"HSY Construction Machinery","article_modified_time":"2025-06-27T15:55:54+00:00","og_image":[{"width":600,"height":600,"url":"https:\/\/www.hsymachinery.com\/wp-content\/uploads\/2025\/06\/Rebar-Straightening-Machine-GTD4-10C.jpg","type":"image\/jpeg"}],"twitter_card":"summary_large_image","twitter_misc":{"Timp estimat pentru citire":"2 minute"},"schema":{"@context":"https:\/\/schema.org","@graph":[{"@type":"WebPage","@id":"https:\/\/www.hsymachinery.com\/product\/rebar-straightening-machine-gtd4-10c\/","url":"https:\/\/www.hsymachinery.com\/product\/rebar-straightening-machine-gtd4-10c\/","name":"Ma\u0219in\u0103 de \u00eendreptat arm\u0103turi GTD4-10C - HSY Ma\u0219ini de construc\u021bii","isPartOf":{"@id":"https:\/\/www.hsymachinery.com\/#website"},"primaryImageOfPage":{"@id":"https:\/\/www.hsymachinery.com\/product\/rebar-straightening-machine-gtd4-10c\/#primaryimage"},"image":{"@id":"https:\/\/www.hsymachinery.com\/product\/rebar-straightening-machine-gtd4-10c\/#primaryimage"},"thumbnailUrl":"https:\/\/www.hsymachinery.com\/wp-content\/uploads\/2025\/06\/Rebar-Straightening-Machine-GTD4-10C.jpg","datePublished":"2025-06-18T04:42:38+00:00","dateModified":"2025-06-27T15:55:54+00:00","description":"Ma\u0219ina de \u00eendreptat bare GTD4-10C \u00eendreapt\u0103 bare de o\u021bel de 4-10 mm cu precizie. Construit\u0103 pentru lucr\u0103ri u\u0219oare, cu design preg\u0103tit pentru export \u0219i set\u0103ri reglabile.","breadcrumb":{"@id":"https:\/\/www.hsymachinery.com\/product\/rebar-straightening-machine-gtd4-10c\/#breadcrumb"},"inLanguage":"ro-RO","potentialAction":[{"@type":"ReadAction","target":["https:\/\/www.hsymachinery.com\/product\/rebar-straightening-machine-gtd4-10c\/"]}]},{"@type":"ImageObject","inLanguage":"ro-RO","@id":"https:\/\/www.hsymachinery.com\/product\/rebar-straightening-machine-gtd4-10c\/#primaryimage","url":"https:\/\/www.hsymachinery.com\/wp-content\/uploads\/2025\/06\/Rebar-Straightening-Machine-GTD4-10C.jpg","contentUrl":"https:\/\/www.hsymachinery.com\/wp-content\/uploads\/2025\/06\/Rebar-Straightening-Machine-GTD4-10C.jpg","width":600,"height":600},{"@type":"BreadcrumbList","@id":"https:\/\/www.hsymachinery.com\/product\/rebar-straightening-machine-gtd4-10c\/#breadcrumb","itemListElement":[{"@type":"ListItem","position":1,"name":"home","item":"https:\/\/www.hsymachinery.com\/"},{"@type":"ListItem","position":2,"name":"products","item":"https:\/\/www.hsymachinery.com\/products\/"},{"@type":"ListItem","position":3,"name":"Rebar Straightening Machine GTD4-10C"}]},{"@type":"WebSite","@id":"https:\/\/www.hsymachinery.com\/#website","url":"https:\/\/www.hsymachinery.com\/","name":"HSY Ma\u0219ini de construc\u021bii","description":"HSY Machinery - Un furnizor lider de ma\u0219ini de construc\u021bii din China, care ofer\u0103 o gam\u0103 larg\u0103 de echipamente de construc\u021bii u\u0219oare. Produsele noastre principale includ Ma\u0219ina de t\u0103iat arm\u0103turi, Ma\u0219ina de \u00eendoit arm\u0103turi, Ma\u0219ina de \u00eendoit st\u00e2lpi de arm\u0103turi, Ma\u0219ina de \u00eendoit arcuri de arm\u0103turi, Ma\u0219ina de \u00eendreptat arm\u0103turi, Ma\u0219ina de \u00eendoit st\u00e2lpi de arm\u0103turi cu cinci capete, Rammer de compactare, Compactor de pl\u0103ci, T\u0103ietor de beton, Mistrie electric\u0103 \u0219i alte utilaje de construc\u021bii. Suntem echipa\u021bi cu ma\u0219ini CNC avansate \u0219i aplic\u0103m standarde stricte de inspec\u021bie a calit\u0103\u021bii, \u00eempreun\u0103 cu servicii post-v\u00e2nzare complete. Dac\u0103 sunte\u021bi interesat de produsele sau serviciile noastre, primim cu c\u0103ldur\u0103 cererile dvs. prin mesaj.","publisher":{"@id":"https:\/\/www.hsymachinery.com\/#organization"},"potentialAction":[{"@type":"SearchAction","target":{"@type":"EntryPoint","urlTemplate":"https:\/\/www.hsymachinery.com\/?s={search_term_string}"},"query-input":{"@type":"PropertyValueSpecification","valueRequired":true,"valueName":"search_term_string"}}],"inLanguage":"ro-RO"},{"@type":"Organization","@id":"https:\/\/www.hsymachinery.com\/#organization","name":"HSY Ma\u0219ini de construc\u021bii","url":"https:\/\/www.hsymachinery.com\/","logo":{"@type":"ImageObject","inLanguage":"ro-RO","@id":"https:\/\/www.hsymachinery.com\/#\/schema\/logo\/image\/","url":"https:\/\/www.hsymachinery.com\/wp-content\/uploads\/2025\/06\/cropped-HSY-machinery.png","contentUrl":"https:\/\/www.hsymachinery.com\/wp-content\/uploads\/2025\/06\/cropped-HSY-machinery.png","width":600,"height":240,"caption":"HSY Construction Machinery"},"image":{"@id":"https:\/\/www.hsymachinery.com\/#\/schema\/logo\/image\/"}}]}},"_links":{"self":[{"href":"https:\/\/www.hsymachinery.com\/ro\/wp-json\/wp\/v2\/product\/9007","targetHints":{"allow":["GET"]}}],"collection":[{"href":"https:\/\/www.hsymachinery.com\/ro\/wp-json\/wp\/v2\/product"}],"about":[{"href":"https:\/\/www.hsymachinery.com\/ro\/wp-json\/wp\/v2\/types\/product"}],"version-history":[{"count":3,"href":"https:\/\/www.hsymachinery.com\/ro\/wp-json\/wp\/v2\/product\/9007\/revisions"}],"predecessor-version":[{"id":9428,"href":"https:\/\/www.hsymachinery.com\/ro\/wp-json\/wp\/v2\/product\/9007\/revisions\/9428"}],"wp:featuredmedia":[{"embeddable":true,"href":"https:\/\/www.hsymachinery.com\/ro\/wp-json\/wp\/v2\/media\/9008"}],"wp:attachment":[{"href":"https:\/\/www.hsymachinery.com\/ro\/wp-json\/wp\/v2\/media?parent=9007"}],"wp:term":[{"taxonomy":"product_brand","embeddable":true,"href":"https:\/\/www.hsymachinery.com\/ro\/wp-json\/wp\/v2\/product_brand?post=9007"},{"taxonomy":"product_cat","embeddable":true,"href":"https:\/\/www.hsymachinery.com\/ro\/wp-json\/wp\/v2\/product_cat?post=9007"},{"taxonomy":"product_tag","embeddable":true,"href":"https:\/\/www.hsymachinery.com\/ro\/wp-json\/wp\/v2\/product_tag?post=9007"}],"curies":[{"name":"wp","href":"https:\/\/api.w.org\/{rel}","templated":true}]}}