{"id":8986,"date":"2025-06-18T12:23:54","date_gmt":"2025-06-18T04:23:54","guid":{"rendered":"https:\/\/www.hsymachinery.com\/?post_type=product&#038;p=8986"},"modified":"2025-06-27T22:38:50","modified_gmt":"2025-06-27T14:38:50","slug":"masina-de-indoire-a-arcului-de-armatura-gwh32","status":"publish","type":"product","link":"https:\/\/www.hsymachinery.com\/ro\/product\/masina-de-indoire-a-arcului-de-armatura-gwh32\/","title":{"rendered":"Rebar Arc \u00eendoire ma\u0219in\u0103 GWH32"},"content":{"rendered":"<h2 data-start=\"95\" data-end=\"134\">Rebar Arc \u00eendoire ma\u0219in\u0103 GWH32<\/h2>\n<h3 data-start=\"135\" data-end=\"252\">GWH32 Arc Bender pentru 14-32mm Rebar | Ma\u0219in\u0103 industrial\u0103 de curbare a barelor de o\u021bel pentru poduri, tuneluri \u0219i instala\u021bii prefabricate<\/h3>\n<h3 data-start=\"259\" data-end=\"346\">Prezentare general\u0103 a produsului - Solu\u021bie puternic\u0103 de formare a arcului pentru lucr\u0103ri grele de armare<\/h3>\n<p data-start=\"348\" data-end=\"625\">The <strong data-start=\"352\" data-end=\"387\"><a href=\"https:\/\/www.hsymachinery.com\/ro\/produse\/masina-de-indoire-a-arcului-de-armatura\/\" target=\"_blank\" rel=\"noopener\">Ma\u0219in\u0103 de \u00eendoire Arc Rebar<\/a> GWH32<\/strong> curbe <strong data-start=\"394\" data-end=\"415\">Bare de arm\u0103tur\u0103 de la 14 mm la 32 mm<\/strong> \u00een arcuri netede \u0219i precise. Inginerii \u0219i fabrican\u021bii aleg acest model pentru grinzi de pod, segmente de tunel, ziduri de sus\u021binere \u0219i structuri prefabricate din beton, unde este esen\u021bial ca arm\u0103tura s\u0103 fie curbat\u0103 constant.<\/p>\n<p data-start=\"627\" data-end=\"776\">Cu mecanismul s\u0103u cu role \u00eembun\u0103t\u0103\u021bit \u0219i motorul modernizat, GWH32 v\u0103 ajut\u0103 s\u0103 crea\u021bi curbe de arm\u0103tur\u0103 de \u00eenalt\u0103 precizie mai rapid \u0219i cu mai pu\u021bin efort manual.<\/p>\n<h3 data-start=\"783\" data-end=\"836\">\u00cendoire controlat\u0103 cu suport puternic pentru motor<\/h3>\n<p data-start=\"838\" data-end=\"1093\">Pute\u021bi regla controlul distan\u021bei \u0219i unghiului rolelor de la GWH32 pentru a crea raze precise ale arcului care s\u0103 \u00eendeplineasc\u0103 specifica\u021biile exacte ale proiectului. Motorul cu miez de cupru asigur\u0103 un cuplu constant, ajut\u00e2ndu-v\u0103 s\u0103 \u00eendoi\u021bi bare groase de o\u021bel f\u0103r\u0103 s\u0103 v\u0103 bloca\u021bi sau s\u0103 deteriora\u021bi suprafa\u021ba.<\/p>\n<p data-start=\"1095\" data-end=\"1234\">Pentru o func\u021bionare sigur\u0103 \u0219i f\u0103r\u0103 probleme, pute\u021bi ac\u021biona ma\u0219ina folosind maneta manual\u0103 sau pedala de picior, \u00een func\u021bie de configura\u021bia amplasamentului.<\/p>\n<h3 data-start=\"1241\" data-end=\"1302\">Construc\u021bie durabil\u0103 \u0219i tensiune flexibil\u0103 pentru proiecte globale<\/h3>\n<p data-start=\"1304\" data-end=\"1608\">GWH32 utilizeaz\u0103 un \u0219asiu din o\u021bel ranforsat pentru a absorbi vibra\u021biile \u00een timpul func\u021bion\u0103rii intense. Pute\u021bi transporta cu u\u0219urin\u021b\u0103 unitatea folosind ro\u021bile sale integrate \u0219i m\u00e2nerele laterale. Datorit\u0103 compatibilit\u0103\u021bii sale cu tensiune dubl\u0103 (220V\/380V, 50\/60Hz), GWH32 se potrive\u0219te at\u00e2t nevoilor de construc\u021bie interne, c\u00e2t \u0219i celor de export.<\/p>\n<p data-start=\"1610\" data-end=\"1736\">Fie c\u0103 lucra\u021bi \u00eentr-un atelier de arm\u0103turi sau pe un \u0219antier de construc\u021bii, v\u0103 pute\u021bi baza pe aceast\u0103 ma\u0219in\u0103 pentru a \u00eendoi bare grele cu precizie.<\/p>\n<h3 data-start=\"1743\" data-end=\"1796\">Caracteristici principale ale Rebar Arc Bender GWH32<\/h3>\n<ul data-start=\"1798\" data-end=\"2030\">\n<li data-start=\"1798\" data-end=\"1857\">\n<p data-start=\"1800\" data-end=\"1857\">\u00cendoaie bare de arm\u0103tur\u0103 de 14-32 mm \u00een arcuri consistente, de \u00eenalt\u0103 precizie<\/p>\n<\/li>\n<li data-start=\"1858\" data-end=\"1920\">\n<p data-start=\"1860\" data-end=\"1920\">Ideal pentru poduri, tuneluri \u0219i aplica\u021bii din o\u021bel prefabricat<\/p>\n<\/li>\n<li data-start=\"1921\" data-end=\"1978\">\n<p data-start=\"1923\" data-end=\"1978\">Motorul puternic asigur\u0103 un cuplu constant sub sarcin\u0103 grea<\/p>\n<\/li>\n<li data-start=\"1979\" data-end=\"2030\">\n<p data-start=\"1981\" data-end=\"2030\">Metode duble de control \u0219i suport global de tensiune<\/p>\n<\/li>\n<\/ul>\n<p><iframe title=\"#construc\u021bie #construc\u021bielucr\u0103tor #rebarma\u0219in\u0103 #rebarbender #rebarbending\" width=\"720\" height=\"405\" src=\"https:\/\/www.youtube.com\/embed\/kZFU0Z3IPgM?feature=oembed\" frameborder=\"0\" allow=\"accelerometer; autoplay; clipboard-write; encrypted-media; gyroscope; picture-in-picture; web-share\" referrerpolicy=\"strict-origin-when-cross-origin\" allowfullscreen><\/iframe><\/p>","protected":false},"excerpt":{"rendered":"<p>Ma\u0219ina de \u00eendoit cu arc GWH32 \u00eendoaie rapid \u0219i precis bare de o\u021bel de 14-32 mm. Perfect\u0103 pentru proiecte structurale precum poduri \u0219i tuneluri, cu tensiune preg\u0103tit\u0103 pentru export \u0219i performan\u021b\u0103 puternic\u0103.<\/p>","protected":false},"featured_media":8987,"template":"","meta":{"_kad_post_transparent":"default","_kad_post_title":"","_kad_post_layout":"default","_kad_post_sidebar_id":"","_kad_post_content_style":"default","_kad_post_vertical_padding":"default","_kad_post_feature":"","_kad_post_feature_position":"","_kad_post_header":false,"_kad_post_footer":false},"product_brand":[],"product_cat":[54],"product_tag":[1022,1016,1024,1018,1023,1017,1019,1021,1020,1015],"class_list":{"0":"post-8986","1":"product","2":"type-product","3":"status-publish","4":"has-post-thumbnail","6":"product_cat-rebar-arc-bending-machine","7":"product_tag-arc-shape-bending-machine-for-rebar","8":"product_tag-automatic-rebar-arc-bender","9":"product_tag-bar-arc-bending-machine-for-construction","10":"product_tag-cnc-rebar-arc-bending-equipment","11":"product_tag-curved-rebar-bending-tool","12":"product_tag-hydraulic-arc-bending-machine","13":"product_tag-rebar-circular-bending-machine","14":"product_tag-rebar-radius-bending-machine","15":"product_tag-round-bending-machine-for-steel-bars","16":"product_tag-steel-arc-bending-machine","18":"first","19":"instock","20":"shipping-taxable","21":"product-type-simple","22":"entry","23":"content-bg","24":"loop-entry"},"yoast_head":"<!-- This site is optimized with the Yoast SEO plugin v25.3.1 - https:\/\/yoast.com\/wordpress\/plugins\/seo\/ -->\n<title>Rebar Arc Bending Machine GWH32 - HSY Construction Machinery<\/title>\n<meta name=\"description\" content=\"Rebar Arc Bending Machine GWH32 bends 14\u201332mm rebar into arcs with precision. Built for industrial use in bridges, tunnels, and global construction markets.\" \/>\n<meta name=\"robots\" content=\"index, follow, max-snippet:-1, max-image-preview:large, max-video-preview:-1\" \/>\n<link rel=\"canonical\" href=\"https:\/\/www.hsymachinery.com\/ro\/product\/masina-de-indoire-a-arcului-de-armatura-gwh32\/\" \/>\n<meta property=\"og:locale\" content=\"ro_RO\" \/>\n<meta property=\"og:type\" content=\"article\" \/>\n<meta property=\"og:title\" content=\"Rebar Arc Bending Machine GWH32 - HSY Construction Machinery\" \/>\n<meta property=\"og:description\" content=\"Rebar Arc Bending Machine GWH32 bends 14\u201332mm rebar into arcs with precision. Built for industrial use in bridges, tunnels, and global construction markets.\" \/>\n<meta property=\"og:url\" content=\"https:\/\/www.hsymachinery.com\/ro\/product\/masina-de-indoire-a-arcului-de-armatura-gwh32\/\" \/>\n<meta property=\"og:site_name\" content=\"HSY Construction Machinery\" \/>\n<meta property=\"article:modified_time\" content=\"2025-06-27T14:38:50+00:00\" \/>\n<meta property=\"og:image\" content=\"https:\/\/www.hsymachinery.com\/wp-content\/uploads\/2025\/06\/Rebar-Arc-Bending-Machine-GWH32.jpg\" \/>\n\t<meta property=\"og:image:width\" content=\"600\" \/>\n\t<meta property=\"og:image:height\" content=\"600\" \/>\n\t<meta property=\"og:image:type\" content=\"image\/jpeg\" \/>\n<meta name=\"twitter:card\" content=\"summary_large_image\" \/>\n<meta name=\"twitter:label1\" content=\"Timp estimat pentru citire\" \/>\n\t<meta name=\"twitter:data1\" content=\"2 minute\" \/>\n<script type=\"application\/ld+json\" class=\"yoast-schema-graph\">{\"@context\":\"https:\/\/schema.org\",\"@graph\":[{\"@type\":\"WebPage\",\"@id\":\"https:\/\/www.hsymachinery.com\/product\/rebar-arc-bending-machine-gwh32\/\",\"url\":\"https:\/\/www.hsymachinery.com\/product\/rebar-arc-bending-machine-gwh32\/\",\"name\":\"Rebar Arc Bending Machine GWH32 - HSY Construction Machinery\",\"isPartOf\":{\"@id\":\"https:\/\/www.hsymachinery.com\/#website\"},\"primaryImageOfPage\":{\"@id\":\"https:\/\/www.hsymachinery.com\/product\/rebar-arc-bending-machine-gwh32\/#primaryimage\"},\"image\":{\"@id\":\"https:\/\/www.hsymachinery.com\/product\/rebar-arc-bending-machine-gwh32\/#primaryimage\"},\"thumbnailUrl\":\"https:\/\/www.hsymachinery.com\/wp-content\/uploads\/2025\/06\/Rebar-Arc-Bending-Machine-GWH32.jpg\",\"datePublished\":\"2025-06-18T04:23:54+00:00\",\"dateModified\":\"2025-06-27T14:38:50+00:00\",\"description\":\"Rebar Arc Bending Machine GWH32 bends 14\u201332mm rebar into arcs with precision. Built for industrial use in bridges, tunnels, and global construction markets.\",\"breadcrumb\":{\"@id\":\"https:\/\/www.hsymachinery.com\/product\/rebar-arc-bending-machine-gwh32\/#breadcrumb\"},\"inLanguage\":\"ro-RO\",\"potentialAction\":[{\"@type\":\"ReadAction\",\"target\":[\"https:\/\/www.hsymachinery.com\/product\/rebar-arc-bending-machine-gwh32\/\"]}]},{\"@type\":\"ImageObject\",\"inLanguage\":\"ro-RO\",\"@id\":\"https:\/\/www.hsymachinery.com\/product\/rebar-arc-bending-machine-gwh32\/#primaryimage\",\"url\":\"https:\/\/www.hsymachinery.com\/wp-content\/uploads\/2025\/06\/Rebar-Arc-Bending-Machine-GWH32.jpg\",\"contentUrl\":\"https:\/\/www.hsymachinery.com\/wp-content\/uploads\/2025\/06\/Rebar-Arc-Bending-Machine-GWH32.jpg\",\"width\":600,\"height\":600},{\"@type\":\"BreadcrumbList\",\"@id\":\"https:\/\/www.hsymachinery.com\/product\/rebar-arc-bending-machine-gwh32\/#breadcrumb\",\"itemListElement\":[{\"@type\":\"ListItem\",\"position\":1,\"name\":\"home\",\"item\":\"https:\/\/www.hsymachinery.com\/\"},{\"@type\":\"ListItem\",\"position\":2,\"name\":\"products\",\"item\":\"https:\/\/www.hsymachinery.com\/products\/\"},{\"@type\":\"ListItem\",\"position\":3,\"name\":\"Rebar Arc Bending Machine GWH32\"}]},{\"@type\":\"WebSite\",\"@id\":\"https:\/\/www.hsymachinery.com\/#website\",\"url\":\"https:\/\/www.hsymachinery.com\/\",\"name\":\"HSY Construction Machinery\",\"description\":\"HSY Machinery \u2013 A leading China construction machinery supplier, offering a wide range of light construction equipment. Our main products include Rebar Cutting Machine, Rebar Bending Machine, Rebar Stirrup Bending Machine, Rebar Arc Bending Machine, Rebar Straightening Machine, Five-Head Rebar Stirrup Bending Machine, Tamping Rammer, Plate Compactor, Concrete Cutter, Power Trowel, and other construction machinery. We are equipped with advanced CNC machines, and we enforce strict quality inspection standards along with comprehensive after-sales service. If you are interested in our products or services, we warmly welcome your inquiries via message.\",\"publisher\":{\"@id\":\"https:\/\/www.hsymachinery.com\/#organization\"},\"potentialAction\":[{\"@type\":\"SearchAction\",\"target\":{\"@type\":\"EntryPoint\",\"urlTemplate\":\"https:\/\/www.hsymachinery.com\/?s={search_term_string}\"},\"query-input\":{\"@type\":\"PropertyValueSpecification\",\"valueRequired\":true,\"valueName\":\"search_term_string\"}}],\"inLanguage\":\"ro-RO\"},{\"@type\":\"Organization\",\"@id\":\"https:\/\/www.hsymachinery.com\/#organization\",\"name\":\"HSY Construction Machinery\",\"url\":\"https:\/\/www.hsymachinery.com\/\",\"logo\":{\"@type\":\"ImageObject\",\"inLanguage\":\"ro-RO\",\"@id\":\"https:\/\/www.hsymachinery.com\/#\/schema\/logo\/image\/\",\"url\":\"https:\/\/www.hsymachinery.com\/wp-content\/uploads\/2025\/06\/cropped-HSY-machinery.png\",\"contentUrl\":\"https:\/\/www.hsymachinery.com\/wp-content\/uploads\/2025\/06\/cropped-HSY-machinery.png\",\"width\":600,\"height\":240,\"caption\":\"HSY Construction Machinery\"},\"image\":{\"@id\":\"https:\/\/www.hsymachinery.com\/#\/schema\/logo\/image\/\"}}]}<\/script>\n<!-- \/ Yoast SEO plugin. -->","yoast_head_json":{"title":"Ma\u0219in\u0103 de \u00eendoire a arcului de arm\u0103tur\u0103 GWH32 - HSY Construction Machinery","description":"Ma\u0219ina de \u00eendoire a arcului de arm\u0103tur\u0103 GWH32 \u00eendoaie arm\u0103tura de 14-32 mm \u00een arcuri cu precizie. Construit\u0103 pentru utilizare industrial\u0103 \u00een poduri, tuneluri \u0219i pie\u021be globale de construc\u021bii.","robots":{"index":"index","follow":"follow","max-snippet":"max-snippet:-1","max-image-preview":"max-image-preview:large","max-video-preview":"max-video-preview:-1"},"canonical":"https:\/\/www.hsymachinery.com\/ro\/product\/masina-de-indoire-a-arcului-de-armatura-gwh32\/","og_locale":"ro_RO","og_type":"article","og_title":"Rebar Arc Bending Machine GWH32 - HSY Construction Machinery","og_description":"Rebar Arc Bending Machine GWH32 bends 14\u201332mm rebar into arcs with precision. Built for industrial use in bridges, tunnels, and global construction markets.","og_url":"https:\/\/www.hsymachinery.com\/ro\/product\/masina-de-indoire-a-arcului-de-armatura-gwh32\/","og_site_name":"HSY Construction Machinery","article_modified_time":"2025-06-27T14:38:50+00:00","og_image":[{"width":600,"height":600,"url":"https:\/\/www.hsymachinery.com\/wp-content\/uploads\/2025\/06\/Rebar-Arc-Bending-Machine-GWH32.jpg","type":"image\/jpeg"}],"twitter_card":"summary_large_image","twitter_misc":{"Timp estimat pentru citire":"2 minute"},"schema":{"@context":"https:\/\/schema.org","@graph":[{"@type":"WebPage","@id":"https:\/\/www.hsymachinery.com\/product\/rebar-arc-bending-machine-gwh32\/","url":"https:\/\/www.hsymachinery.com\/product\/rebar-arc-bending-machine-gwh32\/","name":"Ma\u0219in\u0103 de \u00eendoire a arcului de arm\u0103tur\u0103 GWH32 - HSY Construction Machinery","isPartOf":{"@id":"https:\/\/www.hsymachinery.com\/#website"},"primaryImageOfPage":{"@id":"https:\/\/www.hsymachinery.com\/product\/rebar-arc-bending-machine-gwh32\/#primaryimage"},"image":{"@id":"https:\/\/www.hsymachinery.com\/product\/rebar-arc-bending-machine-gwh32\/#primaryimage"},"thumbnailUrl":"https:\/\/www.hsymachinery.com\/wp-content\/uploads\/2025\/06\/Rebar-Arc-Bending-Machine-GWH32.jpg","datePublished":"2025-06-18T04:23:54+00:00","dateModified":"2025-06-27T14:38:50+00:00","description":"Ma\u0219ina de \u00eendoire a arcului de arm\u0103tur\u0103 GWH32 \u00eendoaie arm\u0103tura de 14-32 mm \u00een arcuri cu precizie. Construit\u0103 pentru utilizare industrial\u0103 \u00een poduri, tuneluri \u0219i pie\u021be globale de construc\u021bii.","breadcrumb":{"@id":"https:\/\/www.hsymachinery.com\/product\/rebar-arc-bending-machine-gwh32\/#breadcrumb"},"inLanguage":"ro-RO","potentialAction":[{"@type":"ReadAction","target":["https:\/\/www.hsymachinery.com\/product\/rebar-arc-bending-machine-gwh32\/"]}]},{"@type":"ImageObject","inLanguage":"ro-RO","@id":"https:\/\/www.hsymachinery.com\/product\/rebar-arc-bending-machine-gwh32\/#primaryimage","url":"https:\/\/www.hsymachinery.com\/wp-content\/uploads\/2025\/06\/Rebar-Arc-Bending-Machine-GWH32.jpg","contentUrl":"https:\/\/www.hsymachinery.com\/wp-content\/uploads\/2025\/06\/Rebar-Arc-Bending-Machine-GWH32.jpg","width":600,"height":600},{"@type":"BreadcrumbList","@id":"https:\/\/www.hsymachinery.com\/product\/rebar-arc-bending-machine-gwh32\/#breadcrumb","itemListElement":[{"@type":"ListItem","position":1,"name":"home","item":"https:\/\/www.hsymachinery.com\/"},{"@type":"ListItem","position":2,"name":"products","item":"https:\/\/www.hsymachinery.com\/products\/"},{"@type":"ListItem","position":3,"name":"Rebar Arc Bending Machine GWH32"}]},{"@type":"WebSite","@id":"https:\/\/www.hsymachinery.com\/#website","url":"https:\/\/www.hsymachinery.com\/","name":"HSY Ma\u0219ini de construc\u021bii","description":"HSY Machinery - Un furnizor lider de ma\u0219ini de construc\u021bii din China, care ofer\u0103 o gam\u0103 larg\u0103 de echipamente de construc\u021bii u\u0219oare. Produsele noastre principale includ Ma\u0219ina de t\u0103iat arm\u0103turi, Ma\u0219ina de \u00eendoit arm\u0103turi, Ma\u0219ina de \u00eendoit st\u00e2lpi de arm\u0103turi, Ma\u0219ina de \u00eendoit arcuri de arm\u0103turi, Ma\u0219ina de \u00eendreptat arm\u0103turi, Ma\u0219ina de \u00eendoit st\u00e2lpi de arm\u0103turi cu cinci capete, Rammer de compactare, Compactor de pl\u0103ci, T\u0103ietor de beton, Mistrie electric\u0103 \u0219i alte utilaje de construc\u021bii. Suntem echipa\u021bi cu ma\u0219ini CNC avansate \u0219i aplic\u0103m standarde stricte de inspec\u021bie a calit\u0103\u021bii, \u00eempreun\u0103 cu servicii post-v\u00e2nzare complete. Dac\u0103 sunte\u021bi interesat de produsele sau serviciile noastre, primim cu c\u0103ldur\u0103 cererile dvs. prin mesaj.","publisher":{"@id":"https:\/\/www.hsymachinery.com\/#organization"},"potentialAction":[{"@type":"SearchAction","target":{"@type":"EntryPoint","urlTemplate":"https:\/\/www.hsymachinery.com\/?s={search_term_string}"},"query-input":{"@type":"PropertyValueSpecification","valueRequired":true,"valueName":"search_term_string"}}],"inLanguage":"ro-RO"},{"@type":"Organization","@id":"https:\/\/www.hsymachinery.com\/#organization","name":"HSY Ma\u0219ini de construc\u021bii","url":"https:\/\/www.hsymachinery.com\/","logo":{"@type":"ImageObject","inLanguage":"ro-RO","@id":"https:\/\/www.hsymachinery.com\/#\/schema\/logo\/image\/","url":"https:\/\/www.hsymachinery.com\/wp-content\/uploads\/2025\/06\/cropped-HSY-machinery.png","contentUrl":"https:\/\/www.hsymachinery.com\/wp-content\/uploads\/2025\/06\/cropped-HSY-machinery.png","width":600,"height":240,"caption":"HSY Construction Machinery"},"image":{"@id":"https:\/\/www.hsymachinery.com\/#\/schema\/logo\/image\/"}}]}},"_links":{"self":[{"href":"https:\/\/www.hsymachinery.com\/ro\/wp-json\/wp\/v2\/product\/8986","targetHints":{"allow":["GET"]}}],"collection":[{"href":"https:\/\/www.hsymachinery.com\/ro\/wp-json\/wp\/v2\/product"}],"about":[{"href":"https:\/\/www.hsymachinery.com\/ro\/wp-json\/wp\/v2\/types\/product"}],"version-history":[{"count":4,"href":"https:\/\/www.hsymachinery.com\/ro\/wp-json\/wp\/v2\/product\/8986\/revisions"}],"predecessor-version":[{"id":9406,"href":"https:\/\/www.hsymachinery.com\/ro\/wp-json\/wp\/v2\/product\/8986\/revisions\/9406"}],"wp:featuredmedia":[{"embeddable":true,"href":"https:\/\/www.hsymachinery.com\/ro\/wp-json\/wp\/v2\/media\/8987"}],"wp:attachment":[{"href":"https:\/\/www.hsymachinery.com\/ro\/wp-json\/wp\/v2\/media?parent=8986"}],"wp:term":[{"taxonomy":"product_brand","embeddable":true,"href":"https:\/\/www.hsymachinery.com\/ro\/wp-json\/wp\/v2\/product_brand?post=8986"},{"taxonomy":"product_cat","embeddable":true,"href":"https:\/\/www.hsymachinery.com\/ro\/wp-json\/wp\/v2\/product_cat?post=8986"},{"taxonomy":"product_tag","embeddable":true,"href":"https:\/\/www.hsymachinery.com\/ro\/wp-json\/wp\/v2\/product_tag?post=8986"}],"curies":[{"name":"wp","href":"https:\/\/api.w.org\/{rel}","templated":true}]}}