{"id":8977,"date":"2025-06-18T12:20:08","date_gmt":"2025-06-18T04:20:08","guid":{"rendered":"https:\/\/www.hsymachinery.com\/?post_type=product&#038;p=8977"},"modified":"2025-06-27T22:32:05","modified_gmt":"2025-06-27T14:32:05","slug":"masina-de-indoire-a-arcului-de-armatura-gwh12","status":"publish","type":"product","link":"https:\/\/www.hsymachinery.com\/ro\/product\/masina-de-indoire-a-arcului-de-armatura-gwh12\/","title":{"rendered":"Rebar Arc \u00eendoire ma\u0219in\u0103 GWH12"},"content":{"rendered":"<h2 data-start=\"98\" data-end=\"137\">Rebar Arc \u00eendoire ma\u0219in\u0103 GWH12<\/h2>\n<h3 data-start=\"138\" data-end=\"261\">Arc de \u00eendoire compact GWH12 pentru 6-12mm Rebar | Ma\u0219in\u0103 de \u00eendoit bare de o\u021bel curbate pentru aplica\u021bii decorative \u0219i structurale<\/h3>\n<h3 data-start=\"268\" data-end=\"349\">Prezentare general\u0103 a produsului - Echipament de \u00eendoire cu arc de precizie pentru formarea arm\u0103turilor u\u0219oare<\/h3>\n<p data-start=\"351\" data-end=\"692\">The <strong data-start=\"355\" data-end=\"390\"><a href=\"https:\/\/www.hsymachinery.com\/ro\/produse\/masina-de-indoire-a-arcului-de-armatura\/\" target=\"_blank\" rel=\"noopener\">Ma\u0219in\u0103 de \u00eendoire Arc Rebar<\/a> GWH12<\/strong> este o unealt\u0103 specializat\u0103 conceput\u0103 pentru a \u00eendoi arm\u0103turi de 6 mm p\u00e2n\u0103 la 12 mm \u00een arcuri netede, cercuri \u0219i forme curbe. Utilizat\u0103 \u00een mod obi\u0219nuit \u00een construc\u021bii decorative, amenaj\u0103ri peisagistice, garduri, balustrade \u0219i arm\u0103turi arhitecturale, GWH12 este o ma\u0219in\u0103 compact\u0103, dar puternic\u0103, pentru prelucrarea o\u021belului curbat pentru sarcini u\u0219oare.<\/p>\n<p data-start=\"694\" data-end=\"832\">Cadrul s\u0103u u\u0219or, comenzile simple \u0219i precizia ridicat\u0103 \u00eel fac ideal pentru atelierele mici, personalizarea la fa\u021ba locului \u0219i prelucrarea artizanal\u0103 a metalelor.<\/p>\n<h3 data-start=\"839\" data-end=\"893\">\u00a0Formarea arcului neted cu control flexibil al razei<\/h3>\n<p data-start=\"895\" data-end=\"1203\">Echipat cu un sistem de role cu arc reglabil, GWH12 permite utilizatorilor s\u0103 seteze cu precizie curbura dorit\u0103. Motorul \u00eenf\u0103\u0219urat \u00een cupru asigur\u0103 o for\u021b\u0103 de rota\u021bie constant\u0103, asigur\u00e2nd curburi netede f\u0103r\u0103 a deteriora suprafa\u021ba barei. Operatorii pot forma at\u00e2t curbe simple, c\u00e2t \u0219i curbe compuse, \u00een func\u021bie de nevoile proiectului.<\/p>\n<p data-start=\"1205\" data-end=\"1330\">At\u00e2t controlul manual al m\u00e2nerului, c\u00e2t \u0219i func\u021bionarea op\u021bional\u0103 a pedalei, utilizatorii pot alege cel mai convenabil mod de lucru.<\/p>\n<h3 data-start=\"1337\" data-end=\"1382\">U\u0219oare, durabile \u0219i preg\u0103tite pentru export<\/h3>\n<p data-start=\"1384\" data-end=\"1698\">De\u0219i compact, \u00eendoitorul cu arc GWH12 este construit din o\u021bel ranforsat pentru durabilitate sporit\u0103 \u0219i stabilitate \u00een munc\u0103. Ma\u0219ina include picioare anti-alunecare, m\u00e2nere portabile \u0219i compatibilitate de tensiune cu 220V sau 380V (50\/60Hz), ceea ce o face o alegere excelent\u0103 pentru exportul global \u0219i micii contractori.<\/p>\n<p data-start=\"1700\" data-end=\"1811\">Este potrivit \u00een special pentru sarcinile de \u00eendoire a barelor la cerere, unde sunt necesare at\u00e2t precizia, c\u00e2t \u0219i portabilitatea.<\/p>\n<h3 data-start=\"1818\" data-end=\"1871\">Caracteristici principale ale Rebar Arc Bender GWH12<\/h3>\n<ul data-start=\"1873\" data-end=\"2100\">\n<li data-start=\"1873\" data-end=\"1924\">\n<p data-start=\"1875\" data-end=\"1924\">\u00cendoaie bare de arm\u0103tur\u0103 de 6-12 mm \u00een arcuri, inele \u0219i curbe<\/p>\n<\/li>\n<li data-start=\"1925\" data-end=\"1995\">\n<p data-start=\"1927\" data-end=\"1995\">Ideal pentru decora\u021biuni arhitecturale \u0219i lucr\u0103ri structurale la scar\u0103 mic\u0103<\/p>\n<\/li>\n<li data-start=\"1996\" data-end=\"2044\">\n<p data-start=\"1998\" data-end=\"2044\">Corp compact cu setare a razei u\u0219or de utilizat<\/p>\n<\/li>\n<li data-start=\"2045\" data-end=\"2100\">\n<p data-start=\"2047\" data-end=\"2100\">Gata pentru export cu suport pentru tensiune interna\u021bional\u0103<\/p>\n<\/li>\n<\/ul>\n<p><iframe title=\"#construc\u021bie #construc\u021bielucr\u0103tor #rebarma\u0219in\u0103 #rebarbender #rebarbending\" width=\"720\" height=\"405\" src=\"https:\/\/www.youtube.com\/embed\/kZFU0Z3IPgM?feature=oembed\" frameborder=\"0\" allow=\"accelerometer; autoplay; clipboard-write; encrypted-media; gyroscope; picture-in-picture; web-share\" referrerpolicy=\"strict-origin-when-cross-origin\" allowfullscreen><\/iframe><\/p>","protected":false},"excerpt":{"rendered":"<p>Ma\u0219ina de \u00eendoit cu arc GWH12 \u00eendoaie bare de o\u021bel de 6-12 mm \u00een curbe netede pentru construc\u021bii \u0219i decora\u021biuni. Compact, portabil \u0219i perfect pentru ateliere sau lucr\u0103ri u\u0219oare.<\/p>","protected":false},"featured_media":8981,"template":"","meta":{"_kad_post_transparent":"default","_kad_post_title":"","_kad_post_layout":"default","_kad_post_sidebar_id":"","_kad_post_content_style":"default","_kad_post_vertical_padding":"default","_kad_post_feature":"","_kad_post_feature_position":"","_kad_post_header":false,"_kad_post_footer":false},"product_brand":[],"product_cat":[54],"product_tag":[1022,1016,1024,1018,1023,1017,1019,1021,1020,1015],"class_list":{"0":"post-8977","1":"product","2":"type-product","3":"status-publish","4":"has-post-thumbnail","6":"product_cat-rebar-arc-bending-machine","7":"product_tag-arc-shape-bending-machine-for-rebar","8":"product_tag-automatic-rebar-arc-bender","9":"product_tag-bar-arc-bending-machine-for-construction","10":"product_tag-cnc-rebar-arc-bending-equipment","11":"product_tag-curved-rebar-bending-tool","12":"product_tag-hydraulic-arc-bending-machine","13":"product_tag-rebar-circular-bending-machine","14":"product_tag-rebar-radius-bending-machine","15":"product_tag-round-bending-machine-for-steel-bars","16":"product_tag-steel-arc-bending-machine","18":"first","19":"instock","20":"shipping-taxable","21":"product-type-simple","22":"entry","23":"content-bg","24":"loop-entry"},"yoast_head":"<!-- This site is optimized with the Yoast SEO plugin v25.3.1 - https:\/\/yoast.com\/wordpress\/plugins\/seo\/ -->\n<title>Rebar Arc Bending Machine GWH12 - HSY Construction Machinery<\/title>\n<meta name=\"description\" content=\"Rebar Arc Bending Machine GWH12 curves 6\u201312mm steel bars with precision. Ideal for decorative and small structural use. Lightweight and export-ready.\" \/>\n<meta name=\"robots\" content=\"index, follow, max-snippet:-1, max-image-preview:large, max-video-preview:-1\" \/>\n<link rel=\"canonical\" href=\"https:\/\/www.hsymachinery.com\/ro\/product\/masina-de-indoire-a-arcului-de-armatura-gwh12\/\" \/>\n<meta property=\"og:locale\" content=\"ro_RO\" \/>\n<meta property=\"og:type\" content=\"article\" \/>\n<meta property=\"og:title\" content=\"Rebar Arc Bending Machine GWH12 - HSY Construction Machinery\" \/>\n<meta property=\"og:description\" content=\"Rebar Arc Bending Machine GWH12 curves 6\u201312mm steel bars with precision. Ideal for decorative and small structural use. Lightweight and export-ready.\" \/>\n<meta property=\"og:url\" content=\"https:\/\/www.hsymachinery.com\/ro\/product\/masina-de-indoire-a-arcului-de-armatura-gwh12\/\" \/>\n<meta property=\"og:site_name\" content=\"HSY Construction Machinery\" \/>\n<meta property=\"article:modified_time\" content=\"2025-06-27T14:32:05+00:00\" \/>\n<meta property=\"og:image\" content=\"https:\/\/www.hsymachinery.com\/wp-content\/uploads\/2025\/06\/Rebar-Arc-Bending-Machine-GWH12.jpg\" \/>\n\t<meta property=\"og:image:width\" content=\"600\" \/>\n\t<meta property=\"og:image:height\" content=\"600\" \/>\n\t<meta property=\"og:image:type\" content=\"image\/jpeg\" \/>\n<meta name=\"twitter:card\" content=\"summary_large_image\" \/>\n<meta name=\"twitter:label1\" content=\"Timp estimat pentru citire\" \/>\n\t<meta name=\"twitter:data1\" content=\"2 minute\" \/>\n<script type=\"application\/ld+json\" class=\"yoast-schema-graph\">{\"@context\":\"https:\/\/schema.org\",\"@graph\":[{\"@type\":\"WebPage\",\"@id\":\"https:\/\/www.hsymachinery.com\/product\/rebar-arc-bending-machine-gwh12\/\",\"url\":\"https:\/\/www.hsymachinery.com\/product\/rebar-arc-bending-machine-gwh12\/\",\"name\":\"Rebar Arc Bending Machine GWH12 - HSY Construction Machinery\",\"isPartOf\":{\"@id\":\"https:\/\/www.hsymachinery.com\/#website\"},\"primaryImageOfPage\":{\"@id\":\"https:\/\/www.hsymachinery.com\/product\/rebar-arc-bending-machine-gwh12\/#primaryimage\"},\"image\":{\"@id\":\"https:\/\/www.hsymachinery.com\/product\/rebar-arc-bending-machine-gwh12\/#primaryimage\"},\"thumbnailUrl\":\"https:\/\/www.hsymachinery.com\/wp-content\/uploads\/2025\/06\/Rebar-Arc-Bending-Machine-GWH12.jpg\",\"datePublished\":\"2025-06-18T04:20:08+00:00\",\"dateModified\":\"2025-06-27T14:32:05+00:00\",\"description\":\"Rebar Arc Bending Machine GWH12 curves 6\u201312mm steel bars with precision. Ideal for decorative and small structural use. Lightweight and export-ready.\",\"breadcrumb\":{\"@id\":\"https:\/\/www.hsymachinery.com\/product\/rebar-arc-bending-machine-gwh12\/#breadcrumb\"},\"inLanguage\":\"ro-RO\",\"potentialAction\":[{\"@type\":\"ReadAction\",\"target\":[\"https:\/\/www.hsymachinery.com\/product\/rebar-arc-bending-machine-gwh12\/\"]}]},{\"@type\":\"ImageObject\",\"inLanguage\":\"ro-RO\",\"@id\":\"https:\/\/www.hsymachinery.com\/product\/rebar-arc-bending-machine-gwh12\/#primaryimage\",\"url\":\"https:\/\/www.hsymachinery.com\/wp-content\/uploads\/2025\/06\/Rebar-Arc-Bending-Machine-GWH12.jpg\",\"contentUrl\":\"https:\/\/www.hsymachinery.com\/wp-content\/uploads\/2025\/06\/Rebar-Arc-Bending-Machine-GWH12.jpg\",\"width\":600,\"height\":600},{\"@type\":\"BreadcrumbList\",\"@id\":\"https:\/\/www.hsymachinery.com\/product\/rebar-arc-bending-machine-gwh12\/#breadcrumb\",\"itemListElement\":[{\"@type\":\"ListItem\",\"position\":1,\"name\":\"home\",\"item\":\"https:\/\/www.hsymachinery.com\/\"},{\"@type\":\"ListItem\",\"position\":2,\"name\":\"products\",\"item\":\"https:\/\/www.hsymachinery.com\/products\/\"},{\"@type\":\"ListItem\",\"position\":3,\"name\":\"Rebar Arc Bending Machine GWH12\"}]},{\"@type\":\"WebSite\",\"@id\":\"https:\/\/www.hsymachinery.com\/#website\",\"url\":\"https:\/\/www.hsymachinery.com\/\",\"name\":\"HSY Construction Machinery\",\"description\":\"HSY Machinery \u2013 A leading China construction machinery supplier, offering a wide range of light construction equipment. Our main products include Rebar Cutting Machine, Rebar Bending Machine, Rebar Stirrup Bending Machine, Rebar Arc Bending Machine, Rebar Straightening Machine, Five-Head Rebar Stirrup Bending Machine, Tamping Rammer, Plate Compactor, Concrete Cutter, Power Trowel, and other construction machinery. We are equipped with advanced CNC machines, and we enforce strict quality inspection standards along with comprehensive after-sales service. If you are interested in our products or services, we warmly welcome your inquiries via message.\",\"publisher\":{\"@id\":\"https:\/\/www.hsymachinery.com\/#organization\"},\"potentialAction\":[{\"@type\":\"SearchAction\",\"target\":{\"@type\":\"EntryPoint\",\"urlTemplate\":\"https:\/\/www.hsymachinery.com\/?s={search_term_string}\"},\"query-input\":{\"@type\":\"PropertyValueSpecification\",\"valueRequired\":true,\"valueName\":\"search_term_string\"}}],\"inLanguage\":\"ro-RO\"},{\"@type\":\"Organization\",\"@id\":\"https:\/\/www.hsymachinery.com\/#organization\",\"name\":\"HSY Construction Machinery\",\"url\":\"https:\/\/www.hsymachinery.com\/\",\"logo\":{\"@type\":\"ImageObject\",\"inLanguage\":\"ro-RO\",\"@id\":\"https:\/\/www.hsymachinery.com\/#\/schema\/logo\/image\/\",\"url\":\"https:\/\/www.hsymachinery.com\/wp-content\/uploads\/2025\/06\/cropped-HSY-machinery.png\",\"contentUrl\":\"https:\/\/www.hsymachinery.com\/wp-content\/uploads\/2025\/06\/cropped-HSY-machinery.png\",\"width\":600,\"height\":240,\"caption\":\"HSY Construction Machinery\"},\"image\":{\"@id\":\"https:\/\/www.hsymachinery.com\/#\/schema\/logo\/image\/\"}}]}<\/script>\n<!-- \/ Yoast SEO plugin. -->","yoast_head_json":{"title":"Ma\u0219in\u0103 de \u00eendoire a arcului de arm\u0103tur\u0103 GWH12 - HSY Construction Machinery","description":"Ma\u0219ina de \u00eendoit bare de o\u021bel GWH12 curbeaz\u0103 bare de o\u021bel de 6-12 mm cu precizie. Ideal pentru utiliz\u0103ri decorative \u0219i structurale mici. U\u0219oar\u0103 \u0219i preg\u0103tit\u0103 pentru export.","robots":{"index":"index","follow":"follow","max-snippet":"max-snippet:-1","max-image-preview":"max-image-preview:large","max-video-preview":"max-video-preview:-1"},"canonical":"https:\/\/www.hsymachinery.com\/ro\/product\/masina-de-indoire-a-arcului-de-armatura-gwh12\/","og_locale":"ro_RO","og_type":"article","og_title":"Rebar Arc Bending Machine GWH12 - HSY Construction Machinery","og_description":"Rebar Arc Bending Machine GWH12 curves 6\u201312mm steel bars with precision. Ideal for decorative and small structural use. Lightweight and export-ready.","og_url":"https:\/\/www.hsymachinery.com\/ro\/product\/masina-de-indoire-a-arcului-de-armatura-gwh12\/","og_site_name":"HSY Construction Machinery","article_modified_time":"2025-06-27T14:32:05+00:00","og_image":[{"width":600,"height":600,"url":"https:\/\/www.hsymachinery.com\/wp-content\/uploads\/2025\/06\/Rebar-Arc-Bending-Machine-GWH12.jpg","type":"image\/jpeg"}],"twitter_card":"summary_large_image","twitter_misc":{"Timp estimat pentru citire":"2 minute"},"schema":{"@context":"https:\/\/schema.org","@graph":[{"@type":"WebPage","@id":"https:\/\/www.hsymachinery.com\/product\/rebar-arc-bending-machine-gwh12\/","url":"https:\/\/www.hsymachinery.com\/product\/rebar-arc-bending-machine-gwh12\/","name":"Ma\u0219in\u0103 de \u00eendoire a arcului de arm\u0103tur\u0103 GWH12 - HSY Construction Machinery","isPartOf":{"@id":"https:\/\/www.hsymachinery.com\/#website"},"primaryImageOfPage":{"@id":"https:\/\/www.hsymachinery.com\/product\/rebar-arc-bending-machine-gwh12\/#primaryimage"},"image":{"@id":"https:\/\/www.hsymachinery.com\/product\/rebar-arc-bending-machine-gwh12\/#primaryimage"},"thumbnailUrl":"https:\/\/www.hsymachinery.com\/wp-content\/uploads\/2025\/06\/Rebar-Arc-Bending-Machine-GWH12.jpg","datePublished":"2025-06-18T04:20:08+00:00","dateModified":"2025-06-27T14:32:05+00:00","description":"Ma\u0219ina de \u00eendoit bare de o\u021bel GWH12 curbeaz\u0103 bare de o\u021bel de 6-12 mm cu precizie. Ideal pentru utiliz\u0103ri decorative \u0219i structurale mici. U\u0219oar\u0103 \u0219i preg\u0103tit\u0103 pentru export.","breadcrumb":{"@id":"https:\/\/www.hsymachinery.com\/product\/rebar-arc-bending-machine-gwh12\/#breadcrumb"},"inLanguage":"ro-RO","potentialAction":[{"@type":"ReadAction","target":["https:\/\/www.hsymachinery.com\/product\/rebar-arc-bending-machine-gwh12\/"]}]},{"@type":"ImageObject","inLanguage":"ro-RO","@id":"https:\/\/www.hsymachinery.com\/product\/rebar-arc-bending-machine-gwh12\/#primaryimage","url":"https:\/\/www.hsymachinery.com\/wp-content\/uploads\/2025\/06\/Rebar-Arc-Bending-Machine-GWH12.jpg","contentUrl":"https:\/\/www.hsymachinery.com\/wp-content\/uploads\/2025\/06\/Rebar-Arc-Bending-Machine-GWH12.jpg","width":600,"height":600},{"@type":"BreadcrumbList","@id":"https:\/\/www.hsymachinery.com\/product\/rebar-arc-bending-machine-gwh12\/#breadcrumb","itemListElement":[{"@type":"ListItem","position":1,"name":"home","item":"https:\/\/www.hsymachinery.com\/"},{"@type":"ListItem","position":2,"name":"products","item":"https:\/\/www.hsymachinery.com\/products\/"},{"@type":"ListItem","position":3,"name":"Rebar Arc Bending Machine GWH12"}]},{"@type":"WebSite","@id":"https:\/\/www.hsymachinery.com\/#website","url":"https:\/\/www.hsymachinery.com\/","name":"HSY Ma\u0219ini de construc\u021bii","description":"HSY Machinery - Un furnizor lider de ma\u0219ini de construc\u021bii din China, care ofer\u0103 o gam\u0103 larg\u0103 de echipamente de construc\u021bii u\u0219oare. Produsele noastre principale includ Ma\u0219ina de t\u0103iat arm\u0103turi, Ma\u0219ina de \u00eendoit arm\u0103turi, Ma\u0219ina de \u00eendoit st\u00e2lpi de arm\u0103turi, Ma\u0219ina de \u00eendoit arcuri de arm\u0103turi, Ma\u0219ina de \u00eendreptat arm\u0103turi, Ma\u0219ina de \u00eendoit st\u00e2lpi de arm\u0103turi cu cinci capete, Rammer de compactare, Compactor de pl\u0103ci, T\u0103ietor de beton, Mistrie electric\u0103 \u0219i alte utilaje de construc\u021bii. Suntem echipa\u021bi cu ma\u0219ini CNC avansate \u0219i aplic\u0103m standarde stricte de inspec\u021bie a calit\u0103\u021bii, \u00eempreun\u0103 cu servicii post-v\u00e2nzare complete. Dac\u0103 sunte\u021bi interesat de produsele sau serviciile noastre, primim cu c\u0103ldur\u0103 cererile dvs. prin mesaj.","publisher":{"@id":"https:\/\/www.hsymachinery.com\/#organization"},"potentialAction":[{"@type":"SearchAction","target":{"@type":"EntryPoint","urlTemplate":"https:\/\/www.hsymachinery.com\/?s={search_term_string}"},"query-input":{"@type":"PropertyValueSpecification","valueRequired":true,"valueName":"search_term_string"}}],"inLanguage":"ro-RO"},{"@type":"Organization","@id":"https:\/\/www.hsymachinery.com\/#organization","name":"HSY Ma\u0219ini de construc\u021bii","url":"https:\/\/www.hsymachinery.com\/","logo":{"@type":"ImageObject","inLanguage":"ro-RO","@id":"https:\/\/www.hsymachinery.com\/#\/schema\/logo\/image\/","url":"https:\/\/www.hsymachinery.com\/wp-content\/uploads\/2025\/06\/cropped-HSY-machinery.png","contentUrl":"https:\/\/www.hsymachinery.com\/wp-content\/uploads\/2025\/06\/cropped-HSY-machinery.png","width":600,"height":240,"caption":"HSY Construction Machinery"},"image":{"@id":"https:\/\/www.hsymachinery.com\/#\/schema\/logo\/image\/"}}]}},"_links":{"self":[{"href":"https:\/\/www.hsymachinery.com\/ro\/wp-json\/wp\/v2\/product\/8977","targetHints":{"allow":["GET"]}}],"collection":[{"href":"https:\/\/www.hsymachinery.com\/ro\/wp-json\/wp\/v2\/product"}],"about":[{"href":"https:\/\/www.hsymachinery.com\/ro\/wp-json\/wp\/v2\/types\/product"}],"version-history":[{"count":4,"href":"https:\/\/www.hsymachinery.com\/ro\/wp-json\/wp\/v2\/product\/8977\/revisions"}],"predecessor-version":[{"id":9403,"href":"https:\/\/www.hsymachinery.com\/ro\/wp-json\/wp\/v2\/product\/8977\/revisions\/9403"}],"wp:featuredmedia":[{"embeddable":true,"href":"https:\/\/www.hsymachinery.com\/ro\/wp-json\/wp\/v2\/media\/8981"}],"wp:attachment":[{"href":"https:\/\/www.hsymachinery.com\/ro\/wp-json\/wp\/v2\/media?parent=8977"}],"wp:term":[{"taxonomy":"product_brand","embeddable":true,"href":"https:\/\/www.hsymachinery.com\/ro\/wp-json\/wp\/v2\/product_brand?post=8977"},{"taxonomy":"product_cat","embeddable":true,"href":"https:\/\/www.hsymachinery.com\/ro\/wp-json\/wp\/v2\/product_cat?post=8977"},{"taxonomy":"product_tag","embeddable":true,"href":"https:\/\/www.hsymachinery.com\/ro\/wp-json\/wp\/v2\/product_tag?post=8977"}],"curies":[{"name":"wp","href":"https:\/\/api.w.org\/{rel}","templated":true}]}}