{"id":8974,"date":"2025-06-18T12:11:58","date_gmt":"2025-06-18T04:11:58","guid":{"rendered":"https:\/\/www.hsymachinery.com\/?post_type=product&#038;p=8974"},"modified":"2025-06-27T21:30:46","modified_gmt":"2025-06-27T13:30:46","slug":"rebar-masina-de-indoire-gf42-stirrup","status":"publish","type":"product","link":"https:\/\/www.hsymachinery.com\/ro\/product\/rebar-masina-de-indoire-gf42-stirrup\/","title":{"rendered":"Rebar Stirrup Bending ma\u0219in\u0103 GF42"},"content":{"rendered":"<h2 data-start=\"115\" data-end=\"157\">Rebar Stirrup Bending ma\u0219in\u0103 GF42<\/h2>\n<h3 data-start=\"158\" data-end=\"289\">Ma\u0219in\u0103 avansat\u0103 de \u00eendoire a arm\u0103turilor GF42 pentru bare de 6-36 mm | Formator de arm\u0103turi de mare capacitate pentru aplica\u021bii \u00een beton armat<\/h3>\n<h3 data-start=\"296\" data-end=\"392\">\u00a0Prezentare general\u0103 a produsului - \u00cendoitur\u0103toare de precizie pentru bare de arm\u0103tur\u0103 de dimensiuni mari \u0219i proiecte industriale<\/h3>\n<p data-start=\"394\" data-end=\"733\">The <strong data-start=\"398\" data-end=\"436\"><a href=\"https:\/\/www.hsymachinery.com\/ro\/produse\/masina-de-indoire-a-armaturilor\/\" target=\"_blank\" rel=\"noopener\">Rebar Stirrup Bending Machine<\/a> GF42<\/strong> este conceput pentru a procesa <strong data-start=\"460\" data-end=\"498\">Bare de o\u021bel de armare de 6 mm p\u00e2n\u0103 la 36 mm<\/strong>, ceea ce \u00eel face cel mai mare model de capacitate din seria de \u00eendoire a st\u00e2lpilor GF. Acesta este utilizat pe scar\u0103 larg\u0103 \u00een consolidarea funda\u021biilor, construc\u021bia infrastructurii \u0219i fabricarea o\u021belului prefabricat, unde sunt necesare bare mai groase \u0219i volume mai mari.<\/p>\n<p data-start=\"735\" data-end=\"852\">Combin\u00e2nd rezisten\u021b\u0103, precizie \u0219i vitez\u0103, GF42 ofer\u0103 o solu\u021bie fiabil\u0103 pentru nevoile de modelare a barelor de o\u021bel la scar\u0103 larg\u0103.<\/p>\n<h3 data-start=\"859\" data-end=\"917\">Sistem de cuplu ridicat cu comenzi de \u00eendoire reglabile<\/h3>\n<p data-start=\"919\" data-end=\"1208\">Dispozitivul de \u00eendoire a barelor GF42 utilizeaz\u0103 un disc de \u00eendoire \u00eent\u0103rit, dopuri durabile \u0219i set\u0103ri de control cu dou\u0103 pozi\u021bii pentru a oferi unghiuri de \u00eendoire constante de la 0\u00b0 la 180\u00b0. Motorul s\u0103u din cupru cu cuplu ridicat permite \u00eendoirea continu\u0103 a barelor de o\u021bel cu diametru mare f\u0103r\u0103 supra\u00eenc\u0103lzire sau \u00eent\u00e2rziere.<\/p>\n<p data-start=\"1210\" data-end=\"1457\">Acest utilaj are, de asemenea, o cutie de viteze cu lubrifiere etan\u0219\u0103, reduc\u00e2nd uzura mecanic\u0103 \u0219i asigur\u00e2nd o durat\u0103 de via\u021b\u0103 mai lung\u0103. Cu control manual prin p\u00e2rghie \u0219i activare prin pedal\u0103, operatorii pot alege cea mai eficient\u0103 metod\u0103 \u00een func\u021bie de sarcin\u0103.<\/p>\n<h3 data-start=\"1464\" data-end=\"1528\">Proiectat pentru condi\u021bii de lucru dificile \u0219i respectarea normelor de export<\/h3>\n<p data-start=\"1530\" data-end=\"1849\">Cadrul GF42 este construit din o\u021bel de calitate industrial\u0103, oferind rezisten\u021b\u0103 la vibra\u021bii, deformare \u0219i suprasarcin\u0103. Echipat cu ro\u021bi pivotante rezistente, acesta permite o mobilitate u\u0219oar\u0103. Ma\u0219ina func\u021bioneaz\u0103 la 220V\/380V (50Hz\/60Hz), potrivit\u0103 at\u00e2t pentru standardele de construc\u021bie na\u021bionale, c\u00e2t \u0219i pentru cele interna\u021bionale.<\/p>\n<p data-start=\"1851\" data-end=\"2019\">Randamentul s\u0103u ridicat, designul u\u0219or de utilizat \u0219i configura\u021bia flexibil\u0103 a puterii \u00eel fac o alegere preferat\u0103 \u00een r\u00e2ndul antreprenorilor profesioni\u0219ti \u0219i a atelierelor de \u00eendoire a o\u021belului din \u00eentreaga lume.<\/p>\n<h3 data-start=\"2026\" data-end=\"2082\">Caracteristici principale ale Rebar Stirrup Bender GF42<\/h3>\n<ul data-start=\"2084\" data-end=\"2336\">\n<li data-start=\"2084\" data-end=\"2137\">\n<p data-start=\"2086\" data-end=\"2137\">Curbeaz\u0103 bare de 6-36 mm \u00een st\u00e2lpi de diferite forme<\/p>\n<\/li>\n<li data-start=\"2138\" data-end=\"2213\">\n<p data-start=\"2140\" data-end=\"2213\">Proiectat pentru locuri de munc\u0103 foarte solicitate, cum ar fi poduri, tuneluri \u0219i prefabricate<\/p>\n<\/li>\n<li data-start=\"2214\" data-end=\"2273\">\n<p data-start=\"2216\" data-end=\"2273\">Cutie de viteze \u0219i sistem motor durabil pentru func\u021bionare prelungit\u0103<\/p>\n<\/li>\n<li data-start=\"2274\" data-end=\"2336\">\n<p data-start=\"2276\" data-end=\"2336\">Op\u021biuni de tensiune preg\u0103tite pentru export pentru \u0219antierele globale<\/p>\n<\/li>\n<\/ul>\n<p><iframe title=\"#construc\u021bie #construc\u021bielucr\u0103tor #rebarma\u0219in\u0103 #rebarbender #rebarbending\" width=\"720\" height=\"405\" src=\"https:\/\/www.youtube.com\/embed\/S_YQidcqUDg?feature=oembed\" frameborder=\"0\" allow=\"accelerometer; autoplay; clipboard-write; encrypted-media; gyroscope; picture-in-picture; web-share\" referrerpolicy=\"strict-origin-when-cross-origin\" allowfullscreen><\/iframe><\/p>","protected":false},"excerpt":{"rendered":"<p>GF42 Rebar Stirrup Bending Machine proceseaz\u0103 bare de o\u021bel de 6-36 mm \u00een st\u00e2lpi pentru construc\u021bii grele. Ideal pentru prefabricate \u0219i uz industrial, cu compatibilitate global\u0103 de tensiune.<\/p>","protected":false},"featured_media":8975,"template":"","meta":{"_kad_post_transparent":"default","_kad_post_title":"","_kad_post_layout":"default","_kad_post_sidebar_id":"","_kad_post_content_style":"default","_kad_post_vertical_padding":"default","_kad_post_feature":"","_kad_post_feature_position":"","_kad_post_header":false,"_kad_post_footer":false},"product_brand":[],"product_cat":[46],"product_tag":[1005,1006,1010,1008,1009,1013,1012,1014,1007,1011],"class_list":{"0":"post-8974","1":"product","2":"type-product","3":"status-publish","4":"has-post-thumbnail","6":"product_cat-rebar-stirrup-bending-machine","7":"product_tag-automatic-stirrup-bending-machine","8":"product_tag-cnc-rebar-stirrup-bender","9":"product_tag-hydraulic-stirrup-bender","10":"product_tag-rebar-stirrup-bender-machine","11":"product_tag-steel-stirrup-bending-machine","12":"product_tag-stirrup-bender-for-construction","13":"product_tag-stirrup-bending-equipment","14":"product_tag-stirrup-bending-machine-price","15":"product_tag-stirrup-making-machine","16":"product_tag-wire-stirrup-bending-machine","18":"first","19":"instock","20":"shipping-taxable","21":"product-type-simple","22":"entry","23":"content-bg","24":"loop-entry"},"yoast_head":"<!-- This site is optimized with the Yoast SEO plugin v25.3.1 - https:\/\/yoast.com\/wordpress\/plugins\/seo\/ -->\n<title>Rebar Stirrup Bending Machine GF42 - HSY Construction Machinery<\/title>\n<meta name=\"description\" content=\"Rebar Stirrup Bending Machine GF42 bends 6\u201336mm steel bars into stirrups with precision and power. Built for industrial-grade performance and global export.\" \/>\n<meta name=\"robots\" content=\"index, follow, max-snippet:-1, max-image-preview:large, max-video-preview:-1\" \/>\n<link rel=\"canonical\" href=\"https:\/\/www.hsymachinery.com\/ro\/product\/rebar-masina-de-indoire-gf42-stirrup\/\" \/>\n<meta property=\"og:locale\" content=\"ro_RO\" \/>\n<meta property=\"og:type\" content=\"article\" \/>\n<meta property=\"og:title\" content=\"Rebar Stirrup Bending Machine GF42 - HSY Construction Machinery\" \/>\n<meta property=\"og:description\" content=\"Rebar Stirrup Bending Machine GF42 bends 6\u201336mm steel bars into stirrups with precision and power. Built for industrial-grade performance and global export.\" \/>\n<meta property=\"og:url\" content=\"https:\/\/www.hsymachinery.com\/ro\/product\/rebar-masina-de-indoire-gf42-stirrup\/\" \/>\n<meta property=\"og:site_name\" content=\"HSY Construction Machinery\" \/>\n<meta property=\"article:modified_time\" content=\"2025-06-27T13:30:46+00:00\" \/>\n<meta property=\"og:image\" content=\"https:\/\/www.hsymachinery.com\/wp-content\/uploads\/2025\/06\/Rebar-Stirrup-Bending-Machine-GF42.jpg\" \/>\n\t<meta property=\"og:image:width\" content=\"600\" \/>\n\t<meta property=\"og:image:height\" content=\"600\" \/>\n\t<meta property=\"og:image:type\" content=\"image\/jpeg\" \/>\n<meta name=\"twitter:card\" content=\"summary_large_image\" \/>\n<meta name=\"twitter:label1\" content=\"Timp estimat pentru citire\" \/>\n\t<meta name=\"twitter:data1\" content=\"2 minute\" \/>\n<script type=\"application\/ld+json\" class=\"yoast-schema-graph\">{\"@context\":\"https:\/\/schema.org\",\"@graph\":[{\"@type\":\"WebPage\",\"@id\":\"https:\/\/www.hsymachinery.com\/product\/rebar-stirrup-bending-machine-gf42\/\",\"url\":\"https:\/\/www.hsymachinery.com\/product\/rebar-stirrup-bending-machine-gf42\/\",\"name\":\"Rebar Stirrup Bending Machine GF42 - HSY Construction Machinery\",\"isPartOf\":{\"@id\":\"https:\/\/www.hsymachinery.com\/#website\"},\"primaryImageOfPage\":{\"@id\":\"https:\/\/www.hsymachinery.com\/product\/rebar-stirrup-bending-machine-gf42\/#primaryimage\"},\"image\":{\"@id\":\"https:\/\/www.hsymachinery.com\/product\/rebar-stirrup-bending-machine-gf42\/#primaryimage\"},\"thumbnailUrl\":\"https:\/\/www.hsymachinery.com\/wp-content\/uploads\/2025\/06\/Rebar-Stirrup-Bending-Machine-GF42.jpg\",\"datePublished\":\"2025-06-18T04:11:58+00:00\",\"dateModified\":\"2025-06-27T13:30:46+00:00\",\"description\":\"Rebar Stirrup Bending Machine GF42 bends 6\u201336mm steel bars into stirrups with precision and power. Built for industrial-grade performance and global export.\",\"breadcrumb\":{\"@id\":\"https:\/\/www.hsymachinery.com\/product\/rebar-stirrup-bending-machine-gf42\/#breadcrumb\"},\"inLanguage\":\"ro-RO\",\"potentialAction\":[{\"@type\":\"ReadAction\",\"target\":[\"https:\/\/www.hsymachinery.com\/product\/rebar-stirrup-bending-machine-gf42\/\"]}]},{\"@type\":\"ImageObject\",\"inLanguage\":\"ro-RO\",\"@id\":\"https:\/\/www.hsymachinery.com\/product\/rebar-stirrup-bending-machine-gf42\/#primaryimage\",\"url\":\"https:\/\/www.hsymachinery.com\/wp-content\/uploads\/2025\/06\/Rebar-Stirrup-Bending-Machine-GF42.jpg\",\"contentUrl\":\"https:\/\/www.hsymachinery.com\/wp-content\/uploads\/2025\/06\/Rebar-Stirrup-Bending-Machine-GF42.jpg\",\"width\":600,\"height\":600},{\"@type\":\"BreadcrumbList\",\"@id\":\"https:\/\/www.hsymachinery.com\/product\/rebar-stirrup-bending-machine-gf42\/#breadcrumb\",\"itemListElement\":[{\"@type\":\"ListItem\",\"position\":1,\"name\":\"home\",\"item\":\"https:\/\/www.hsymachinery.com\/\"},{\"@type\":\"ListItem\",\"position\":2,\"name\":\"products\",\"item\":\"https:\/\/www.hsymachinery.com\/products\/\"},{\"@type\":\"ListItem\",\"position\":3,\"name\":\"Rebar Stirrup Bending Machine GF42\"}]},{\"@type\":\"WebSite\",\"@id\":\"https:\/\/www.hsymachinery.com\/#website\",\"url\":\"https:\/\/www.hsymachinery.com\/\",\"name\":\"HSY Construction Machinery\",\"description\":\"HSY Machinery \u2013 A leading China construction machinery supplier, offering a wide range of light construction equipment. Our main products include Rebar Cutting Machine, Rebar Bending Machine, Rebar Stirrup Bending Machine, Rebar Arc Bending Machine, Rebar Straightening Machine, Five-Head Rebar Stirrup Bending Machine, Tamping Rammer, Plate Compactor, Concrete Cutter, Power Trowel, and other construction machinery. We are equipped with advanced CNC machines, and we enforce strict quality inspection standards along with comprehensive after-sales service. If you are interested in our products or services, we warmly welcome your inquiries via message.\",\"publisher\":{\"@id\":\"https:\/\/www.hsymachinery.com\/#organization\"},\"potentialAction\":[{\"@type\":\"SearchAction\",\"target\":{\"@type\":\"EntryPoint\",\"urlTemplate\":\"https:\/\/www.hsymachinery.com\/?s={search_term_string}\"},\"query-input\":{\"@type\":\"PropertyValueSpecification\",\"valueRequired\":true,\"valueName\":\"search_term_string\"}}],\"inLanguage\":\"ro-RO\"},{\"@type\":\"Organization\",\"@id\":\"https:\/\/www.hsymachinery.com\/#organization\",\"name\":\"HSY Construction Machinery\",\"url\":\"https:\/\/www.hsymachinery.com\/\",\"logo\":{\"@type\":\"ImageObject\",\"inLanguage\":\"ro-RO\",\"@id\":\"https:\/\/www.hsymachinery.com\/#\/schema\/logo\/image\/\",\"url\":\"https:\/\/www.hsymachinery.com\/wp-content\/uploads\/2025\/06\/cropped-HSY-machinery.png\",\"contentUrl\":\"https:\/\/www.hsymachinery.com\/wp-content\/uploads\/2025\/06\/cropped-HSY-machinery.png\",\"width\":600,\"height\":240,\"caption\":\"HSY Construction Machinery\"},\"image\":{\"@id\":\"https:\/\/www.hsymachinery.com\/#\/schema\/logo\/image\/\"}}]}<\/script>\n<!-- \/ Yoast SEO plugin. -->","yoast_head_json":{"title":"Rebar Stirrup Bending Machine GF42 - HSY Ma\u0219ini de construc\u021bii","description":"Ma\u0219ina de \u00eendoit bare de o\u021bel GF42 \u00eendoaie bare de o\u021bel de 6-36 mm \u00een st\u00e2lpi cu precizie \u0219i putere. Construit\u0103 pentru performan\u021be de nivel industrial \u0219i export global.","robots":{"index":"index","follow":"follow","max-snippet":"max-snippet:-1","max-image-preview":"max-image-preview:large","max-video-preview":"max-video-preview:-1"},"canonical":"https:\/\/www.hsymachinery.com\/ro\/product\/rebar-masina-de-indoire-gf42-stirrup\/","og_locale":"ro_RO","og_type":"article","og_title":"Rebar Stirrup Bending Machine GF42 - HSY Construction Machinery","og_description":"Rebar Stirrup Bending Machine GF42 bends 6\u201336mm steel bars into stirrups with precision and power. Built for industrial-grade performance and global export.","og_url":"https:\/\/www.hsymachinery.com\/ro\/product\/rebar-masina-de-indoire-gf42-stirrup\/","og_site_name":"HSY Construction Machinery","article_modified_time":"2025-06-27T13:30:46+00:00","og_image":[{"width":600,"height":600,"url":"https:\/\/www.hsymachinery.com\/wp-content\/uploads\/2025\/06\/Rebar-Stirrup-Bending-Machine-GF42.jpg","type":"image\/jpeg"}],"twitter_card":"summary_large_image","twitter_misc":{"Timp estimat pentru citire":"2 minute"},"schema":{"@context":"https:\/\/schema.org","@graph":[{"@type":"WebPage","@id":"https:\/\/www.hsymachinery.com\/product\/rebar-stirrup-bending-machine-gf42\/","url":"https:\/\/www.hsymachinery.com\/product\/rebar-stirrup-bending-machine-gf42\/","name":"Rebar Stirrup Bending Machine GF42 - HSY Ma\u0219ini de construc\u021bii","isPartOf":{"@id":"https:\/\/www.hsymachinery.com\/#website"},"primaryImageOfPage":{"@id":"https:\/\/www.hsymachinery.com\/product\/rebar-stirrup-bending-machine-gf42\/#primaryimage"},"image":{"@id":"https:\/\/www.hsymachinery.com\/product\/rebar-stirrup-bending-machine-gf42\/#primaryimage"},"thumbnailUrl":"https:\/\/www.hsymachinery.com\/wp-content\/uploads\/2025\/06\/Rebar-Stirrup-Bending-Machine-GF42.jpg","datePublished":"2025-06-18T04:11:58+00:00","dateModified":"2025-06-27T13:30:46+00:00","description":"Ma\u0219ina de \u00eendoit bare de o\u021bel GF42 \u00eendoaie bare de o\u021bel de 6-36 mm \u00een st\u00e2lpi cu precizie \u0219i putere. Construit\u0103 pentru performan\u021be de nivel industrial \u0219i export global.","breadcrumb":{"@id":"https:\/\/www.hsymachinery.com\/product\/rebar-stirrup-bending-machine-gf42\/#breadcrumb"},"inLanguage":"ro-RO","potentialAction":[{"@type":"ReadAction","target":["https:\/\/www.hsymachinery.com\/product\/rebar-stirrup-bending-machine-gf42\/"]}]},{"@type":"ImageObject","inLanguage":"ro-RO","@id":"https:\/\/www.hsymachinery.com\/product\/rebar-stirrup-bending-machine-gf42\/#primaryimage","url":"https:\/\/www.hsymachinery.com\/wp-content\/uploads\/2025\/06\/Rebar-Stirrup-Bending-Machine-GF42.jpg","contentUrl":"https:\/\/www.hsymachinery.com\/wp-content\/uploads\/2025\/06\/Rebar-Stirrup-Bending-Machine-GF42.jpg","width":600,"height":600},{"@type":"BreadcrumbList","@id":"https:\/\/www.hsymachinery.com\/product\/rebar-stirrup-bending-machine-gf42\/#breadcrumb","itemListElement":[{"@type":"ListItem","position":1,"name":"home","item":"https:\/\/www.hsymachinery.com\/"},{"@type":"ListItem","position":2,"name":"products","item":"https:\/\/www.hsymachinery.com\/products\/"},{"@type":"ListItem","position":3,"name":"Rebar Stirrup Bending Machine GF42"}]},{"@type":"WebSite","@id":"https:\/\/www.hsymachinery.com\/#website","url":"https:\/\/www.hsymachinery.com\/","name":"HSY Ma\u0219ini de construc\u021bii","description":"HSY Machinery - Un furnizor lider de ma\u0219ini de construc\u021bii din China, care ofer\u0103 o gam\u0103 larg\u0103 de echipamente de construc\u021bii u\u0219oare. Produsele noastre principale includ Ma\u0219ina de t\u0103iat arm\u0103turi, Ma\u0219ina de \u00eendoit arm\u0103turi, Ma\u0219ina de \u00eendoit st\u00e2lpi de arm\u0103turi, Ma\u0219ina de \u00eendoit arcuri de arm\u0103turi, Ma\u0219ina de \u00eendreptat arm\u0103turi, Ma\u0219ina de \u00eendoit st\u00e2lpi de arm\u0103turi cu cinci capete, Rammer de compactare, Compactor de pl\u0103ci, T\u0103ietor de beton, Mistrie electric\u0103 \u0219i alte utilaje de construc\u021bii. Suntem echipa\u021bi cu ma\u0219ini CNC avansate \u0219i aplic\u0103m standarde stricte de inspec\u021bie a calit\u0103\u021bii, \u00eempreun\u0103 cu servicii post-v\u00e2nzare complete. Dac\u0103 sunte\u021bi interesat de produsele sau serviciile noastre, primim cu c\u0103ldur\u0103 cererile dvs. prin mesaj.","publisher":{"@id":"https:\/\/www.hsymachinery.com\/#organization"},"potentialAction":[{"@type":"SearchAction","target":{"@type":"EntryPoint","urlTemplate":"https:\/\/www.hsymachinery.com\/?s={search_term_string}"},"query-input":{"@type":"PropertyValueSpecification","valueRequired":true,"valueName":"search_term_string"}}],"inLanguage":"ro-RO"},{"@type":"Organization","@id":"https:\/\/www.hsymachinery.com\/#organization","name":"HSY Ma\u0219ini de construc\u021bii","url":"https:\/\/www.hsymachinery.com\/","logo":{"@type":"ImageObject","inLanguage":"ro-RO","@id":"https:\/\/www.hsymachinery.com\/#\/schema\/logo\/image\/","url":"https:\/\/www.hsymachinery.com\/wp-content\/uploads\/2025\/06\/cropped-HSY-machinery.png","contentUrl":"https:\/\/www.hsymachinery.com\/wp-content\/uploads\/2025\/06\/cropped-HSY-machinery.png","width":600,"height":240,"caption":"HSY Construction Machinery"},"image":{"@id":"https:\/\/www.hsymachinery.com\/#\/schema\/logo\/image\/"}}]}},"_links":{"self":[{"href":"https:\/\/www.hsymachinery.com\/ro\/wp-json\/wp\/v2\/product\/8974","targetHints":{"allow":["GET"]}}],"collection":[{"href":"https:\/\/www.hsymachinery.com\/ro\/wp-json\/wp\/v2\/product"}],"about":[{"href":"https:\/\/www.hsymachinery.com\/ro\/wp-json\/wp\/v2\/types\/product"}],"version-history":[{"count":3,"href":"https:\/\/www.hsymachinery.com\/ro\/wp-json\/wp\/v2\/product\/8974\/revisions"}],"predecessor-version":[{"id":9388,"href":"https:\/\/www.hsymachinery.com\/ro\/wp-json\/wp\/v2\/product\/8974\/revisions\/9388"}],"wp:featuredmedia":[{"embeddable":true,"href":"https:\/\/www.hsymachinery.com\/ro\/wp-json\/wp\/v2\/media\/8975"}],"wp:attachment":[{"href":"https:\/\/www.hsymachinery.com\/ro\/wp-json\/wp\/v2\/media?parent=8974"}],"wp:term":[{"taxonomy":"product_brand","embeddable":true,"href":"https:\/\/www.hsymachinery.com\/ro\/wp-json\/wp\/v2\/product_brand?post=8974"},{"taxonomy":"product_cat","embeddable":true,"href":"https:\/\/www.hsymachinery.com\/ro\/wp-json\/wp\/v2\/product_cat?post=8974"},{"taxonomy":"product_tag","embeddable":true,"href":"https:\/\/www.hsymachinery.com\/ro\/wp-json\/wp\/v2\/product_tag?post=8974"}],"curies":[{"name":"wp","href":"https:\/\/api.w.org\/{rel}","templated":true}]}}