{"id":8971,"date":"2025-06-18T12:11:02","date_gmt":"2025-06-18T04:11:02","guid":{"rendered":"https:\/\/www.hsymachinery.com\/?post_type=product&#038;p=8971"},"modified":"2025-06-27T19:28:55","modified_gmt":"2025-06-27T11:28:55","slug":"rebar-masina-de-indoire-gf36-stirrup","status":"publish","type":"product","link":"https:\/\/www.hsymachinery.com\/ro\/product\/rebar-masina-de-indoire-gf36-stirrup\/","title":{"rendered":"Rebar Stirrup Bending ma\u0219in\u0103 GF36"},"content":{"rendered":"<h2 data-start=\"123\" data-end=\"165\">Rebar Stirrup Bending ma\u0219in\u0103 GF36<\/h2>\n<h3 data-start=\"166\" data-end=\"267\">Armare Stirrup Bender GF36 pentru 6-32mm Rebar | Heavy-Duty Steel Bar Stirrup Bending Machine<\/h3>\n<h3 data-start=\"274\" data-end=\"374\">Prezentare general\u0103 a produsului - Echipament puternic de formare a ecartamentului pentru proiecte din beton \u0219i o\u021bel prefabricat<\/h3>\n<p data-start=\"376\" data-end=\"705\">The <strong data-start=\"380\" data-end=\"418\"><a href=\"https:\/\/www.hsymachinery.com\/ro\/produse\/masina-de-indoire-a-armaturilor\/\" target=\"_blank\" rel=\"noopener\">Rebar Stirrup Bending Machine<\/a> GF36<\/strong> este construit pentru a manevra bare de o\u021bel de 6 mm p\u00e2n\u0103 la 32 mm, oferind o modelare robust\u0103 \u0219i precis\u0103 a st\u00e2lpilor pentru proiecte de construc\u021bii de dimensiuni medii \u0219i mari. Este utilizat pe scar\u0103 larg\u0103 \u00een \u0219antierele de prefabricate din beton, \u0219antiere de poduri, tuneluri de metrou \u0219i alte proiecte care necesit\u0103 o performan\u021b\u0103 consistent\u0103 de modelare a barelor.<\/p>\n<p data-start=\"707\" data-end=\"836\">Proiectat pentru eficien\u021b\u0103 ridicat\u0103 \u0219i u\u0219urin\u021b\u0103 opera\u021bional\u0103, GF36 este echilibrul perfect \u00eentre rezisten\u021b\u0103, versatilitate \u0219i durabilitate.<\/p>\n<h3 data-start=\"843\" data-end=\"889\">Func\u021bionare lin\u0103 cu acurate\u021be sporit\u0103<\/h3>\n<p data-start=\"891\" data-end=\"1221\">Echipat cu un disc rotativ \u00eent\u0103rit, pini de \u00eendoire c\u0103li\u021bi \u0219i butoane de control cu unghi reglabil, GF36 asigur\u0103 o \u00eendoire repetabil\u0103 de la 0\u00b0 la 180\u00b0. Aceast\u0103 ma\u0219in\u0103 utilizeaz\u0103 un motor cu miez de cupru de \u00eenalt\u0103 performan\u021b\u0103 pentru a genera un cuplu stabil, reduc\u00e2nd rico\u0219eul o\u021belului \u0219i asigur\u00e2nd forme uniforme ale st\u00e2lpilor \u00een toate loturile.<\/p>\n<p data-start=\"1223\" data-end=\"1399\">Sistemul s\u0103u sigilat al cutiei de viteze minimizeaz\u0103 uzura \u0219i zgomotul opera\u021bional, \u00een timp ce modurile duble de operare (pedal\u0103 \u0219i control manual) ofer\u0103 flexibilitate operatorului \u0219i siguran\u021b\u0103 sporit\u0103.<\/p>\n<h3 data-start=\"1406\" data-end=\"1445\">Construit robust pentru locurile de munc\u0103 globale<\/h3>\n<p data-start=\"1447\" data-end=\"1824\">The <strong data-start=\"1451\" data-end=\"1483\">GF36 ma\u0219in\u0103 de \u00eendoire a scuturilor<\/strong> are un cadru robust, construit pentru a absorbi vibra\u021biile \u0219i a rezista deform\u0103rii sub sarcin\u0103. Se deplaseaz\u0103 cu u\u0219urin\u021b\u0103 datorit\u0103 ro\u021bilor pivotante de calitate industrial\u0103, f\u0103c\u00e2nd repozi\u021bionarea f\u0103r\u0103 efort. Suport\u0103 at\u00e2t sisteme de tensiune de 220V, c\u00e2t \u0219i de 380V, 50Hz\/60Hz, ceea ce \u00eel face un produs gata de export pentru utilizare pe pie\u021bele interna\u021bionale de construc\u021bii.<\/p>\n<p data-start=\"1826\" data-end=\"1973\">Indiferent dac\u0103 fabrica\u021bi etrieri la fa\u021ba locului sau \u00eentr-un atelier dedicat arm\u0103turilor, GF36 ofer\u0103 performan\u021ba \u0219i durabilitatea necesare pentru a men\u021bine produc\u021bia \u00een mi\u0219care.<\/p>\n<h3 data-start=\"1980\" data-end=\"2036\">Principalele caracteristici ale Rebar Stirrup Bender GF36<\/h3>\n<ul data-start=\"2038\" data-end=\"2266\">\n<li data-start=\"2038\" data-end=\"2093\">\n<p data-start=\"2040\" data-end=\"2093\">Curbeaz\u0103 bare de o\u021bel de 6-32 mm \u00een forme de st\u00e2lpi precise<\/p>\n<\/li>\n<li data-start=\"2094\" data-end=\"2152\">\n<p data-start=\"2096\" data-end=\"2152\">Motor puternic \u0219i sistem de discuri pentru func\u021bionare cu randament ridicat<\/p>\n<\/li>\n<li data-start=\"2153\" data-end=\"2208\">\n<p data-start=\"2155\" data-end=\"2208\">Dou\u0103 op\u021biuni de control pentru condi\u021bii de lucru flexibile<\/p>\n<\/li>\n<li data-start=\"2209\" data-end=\"2266\">\n<p data-start=\"2211\" data-end=\"2266\">Tensiune adaptabil\u0103 pentru utilizarea \u00een proiecte locale sau de export<\/p>\n<\/li>\n<\/ul>\n<p><iframe title=\"#construc\u021bie #construc\u021bielucr\u0103tor #rebarma\u0219in\u0103 #rebarbender #rebarbending\" width=\"720\" height=\"405\" src=\"https:\/\/www.youtube.com\/embed\/S_YQidcqUDg?feature=oembed\" frameborder=\"0\" allow=\"accelerometer; autoplay; clipboard-write; encrypted-media; gyroscope; picture-in-picture; web-share\" referrerpolicy=\"strict-origin-when-cross-origin\" allowfullscreen><\/iframe><\/p>","protected":false},"excerpt":{"rendered":"<p>GF36 Rebar Stirrup Bending Machine modeleaz\u0103 bare de o\u021bel de 6-32 mm cu rezisten\u021b\u0103 \u0219i precizie. Designul s\u0103u industrial \u0219i compatibilitatea global\u0103 a tensiunii \u00eel fac ideal pentru lucr\u0103ri serioase de armare.<\/p>","protected":false},"featured_media":8972,"template":"","meta":{"_kad_post_transparent":"default","_kad_post_title":"","_kad_post_layout":"default","_kad_post_sidebar_id":"","_kad_post_content_style":"default","_kad_post_vertical_padding":"default","_kad_post_feature":"","_kad_post_feature_position":"","_kad_post_header":false,"_kad_post_footer":false},"product_brand":[],"product_cat":[46],"product_tag":[1005,1006,1010,1008,1009,1013,1012,1014,1007,1011],"class_list":{"0":"post-8971","1":"product","2":"type-product","3":"status-publish","4":"has-post-thumbnail","6":"product_cat-rebar-stirrup-bending-machine","7":"product_tag-automatic-stirrup-bending-machine","8":"product_tag-cnc-rebar-stirrup-bender","9":"product_tag-hydraulic-stirrup-bender","10":"product_tag-rebar-stirrup-bender-machine","11":"product_tag-steel-stirrup-bending-machine","12":"product_tag-stirrup-bender-for-construction","13":"product_tag-stirrup-bending-equipment","14":"product_tag-stirrup-bending-machine-price","15":"product_tag-stirrup-making-machine","16":"product_tag-wire-stirrup-bending-machine","18":"first","19":"instock","20":"shipping-taxable","21":"product-type-simple","22":"entry","23":"content-bg","24":"loop-entry"},"yoast_head":"<!-- This site is optimized with the Yoast SEO plugin v25.3.1 - https:\/\/yoast.com\/wordpress\/plugins\/seo\/ -->\n<title>Rebar Stirrup Bending Machine GF36 - HSY Construction Machinery<\/title>\n<meta name=\"description\" content=\"Rebar Stirrup Bending Machine GF36 bends 6\u201332mm steel bars efficiently. A rugged, export-ready machine for reliable stirrup forming in construction and precast applications.\" \/>\n<meta name=\"robots\" content=\"index, follow, max-snippet:-1, max-image-preview:large, max-video-preview:-1\" \/>\n<link rel=\"canonical\" href=\"https:\/\/www.hsymachinery.com\/ro\/product\/rebar-masina-de-indoire-gf36-stirrup\/\" \/>\n<meta property=\"og:locale\" content=\"ro_RO\" \/>\n<meta property=\"og:type\" content=\"article\" \/>\n<meta property=\"og:title\" content=\"Rebar Stirrup Bending Machine GF36 - HSY Construction Machinery\" \/>\n<meta property=\"og:description\" content=\"Rebar Stirrup Bending Machine GF36 bends 6\u201332mm steel bars efficiently. A rugged, export-ready machine for reliable stirrup forming in construction and precast applications.\" \/>\n<meta property=\"og:url\" content=\"https:\/\/www.hsymachinery.com\/ro\/product\/rebar-masina-de-indoire-gf36-stirrup\/\" \/>\n<meta property=\"og:site_name\" content=\"HSY Construction Machinery\" \/>\n<meta property=\"article:modified_time\" content=\"2025-06-27T11:28:55+00:00\" \/>\n<meta property=\"og:image\" content=\"https:\/\/www.hsymachinery.com\/wp-content\/uploads\/2025\/06\/Rebar-Stirrup-Bending-Machine-GF36.jpg\" \/>\n\t<meta property=\"og:image:width\" content=\"600\" \/>\n\t<meta property=\"og:image:height\" content=\"600\" \/>\n\t<meta property=\"og:image:type\" content=\"image\/jpeg\" \/>\n<meta name=\"twitter:card\" content=\"summary_large_image\" \/>\n<meta name=\"twitter:label1\" content=\"Timp estimat pentru citire\" \/>\n\t<meta name=\"twitter:data1\" content=\"2 minute\" \/>\n<script type=\"application\/ld+json\" class=\"yoast-schema-graph\">{\"@context\":\"https:\/\/schema.org\",\"@graph\":[{\"@type\":\"WebPage\",\"@id\":\"https:\/\/www.hsymachinery.com\/product\/rebar-stirrup-bending-machine-gf36\/\",\"url\":\"https:\/\/www.hsymachinery.com\/product\/rebar-stirrup-bending-machine-gf36\/\",\"name\":\"Rebar Stirrup Bending Machine GF36 - HSY Construction Machinery\",\"isPartOf\":{\"@id\":\"https:\/\/www.hsymachinery.com\/#website\"},\"primaryImageOfPage\":{\"@id\":\"https:\/\/www.hsymachinery.com\/product\/rebar-stirrup-bending-machine-gf36\/#primaryimage\"},\"image\":{\"@id\":\"https:\/\/www.hsymachinery.com\/product\/rebar-stirrup-bending-machine-gf36\/#primaryimage\"},\"thumbnailUrl\":\"https:\/\/www.hsymachinery.com\/wp-content\/uploads\/2025\/06\/Rebar-Stirrup-Bending-Machine-GF36.jpg\",\"datePublished\":\"2025-06-18T04:11:02+00:00\",\"dateModified\":\"2025-06-27T11:28:55+00:00\",\"description\":\"Rebar Stirrup Bending Machine GF36 bends 6\u201332mm steel bars efficiently. A rugged, export-ready machine for reliable stirrup forming in construction and precast applications.\",\"breadcrumb\":{\"@id\":\"https:\/\/www.hsymachinery.com\/product\/rebar-stirrup-bending-machine-gf36\/#breadcrumb\"},\"inLanguage\":\"ro-RO\",\"potentialAction\":[{\"@type\":\"ReadAction\",\"target\":[\"https:\/\/www.hsymachinery.com\/product\/rebar-stirrup-bending-machine-gf36\/\"]}]},{\"@type\":\"ImageObject\",\"inLanguage\":\"ro-RO\",\"@id\":\"https:\/\/www.hsymachinery.com\/product\/rebar-stirrup-bending-machine-gf36\/#primaryimage\",\"url\":\"https:\/\/www.hsymachinery.com\/wp-content\/uploads\/2025\/06\/Rebar-Stirrup-Bending-Machine-GF36.jpg\",\"contentUrl\":\"https:\/\/www.hsymachinery.com\/wp-content\/uploads\/2025\/06\/Rebar-Stirrup-Bending-Machine-GF36.jpg\",\"width\":600,\"height\":600},{\"@type\":\"BreadcrumbList\",\"@id\":\"https:\/\/www.hsymachinery.com\/product\/rebar-stirrup-bending-machine-gf36\/#breadcrumb\",\"itemListElement\":[{\"@type\":\"ListItem\",\"position\":1,\"name\":\"home\",\"item\":\"https:\/\/www.hsymachinery.com\/\"},{\"@type\":\"ListItem\",\"position\":2,\"name\":\"products\",\"item\":\"https:\/\/www.hsymachinery.com\/products\/\"},{\"@type\":\"ListItem\",\"position\":3,\"name\":\"Rebar Stirrup Bending Machine GF36\"}]},{\"@type\":\"WebSite\",\"@id\":\"https:\/\/www.hsymachinery.com\/#website\",\"url\":\"https:\/\/www.hsymachinery.com\/\",\"name\":\"HSY Construction Machinery\",\"description\":\"HSY Machinery \u2013 A leading China construction machinery supplier, offering a wide range of light construction equipment. Our main products include Rebar Cutting Machine, Rebar Bending Machine, Rebar Stirrup Bending Machine, Rebar Arc Bending Machine, Rebar Straightening Machine, Five-Head Rebar Stirrup Bending Machine, Tamping Rammer, Plate Compactor, Concrete Cutter, Power Trowel, and other construction machinery. We are equipped with advanced CNC machines, and we enforce strict quality inspection standards along with comprehensive after-sales service. If you are interested in our products or services, we warmly welcome your inquiries via message.\",\"publisher\":{\"@id\":\"https:\/\/www.hsymachinery.com\/#organization\"},\"potentialAction\":[{\"@type\":\"SearchAction\",\"target\":{\"@type\":\"EntryPoint\",\"urlTemplate\":\"https:\/\/www.hsymachinery.com\/?s={search_term_string}\"},\"query-input\":{\"@type\":\"PropertyValueSpecification\",\"valueRequired\":true,\"valueName\":\"search_term_string\"}}],\"inLanguage\":\"ro-RO\"},{\"@type\":\"Organization\",\"@id\":\"https:\/\/www.hsymachinery.com\/#organization\",\"name\":\"HSY Construction Machinery\",\"url\":\"https:\/\/www.hsymachinery.com\/\",\"logo\":{\"@type\":\"ImageObject\",\"inLanguage\":\"ro-RO\",\"@id\":\"https:\/\/www.hsymachinery.com\/#\/schema\/logo\/image\/\",\"url\":\"https:\/\/www.hsymachinery.com\/wp-content\/uploads\/2025\/06\/cropped-HSY-machinery.png\",\"contentUrl\":\"https:\/\/www.hsymachinery.com\/wp-content\/uploads\/2025\/06\/cropped-HSY-machinery.png\",\"width\":600,\"height\":240,\"caption\":\"HSY Construction Machinery\"},\"image\":{\"@id\":\"https:\/\/www.hsymachinery.com\/#\/schema\/logo\/image\/\"}}]}<\/script>\n<!-- \/ Yoast SEO plugin. -->","yoast_head_json":{"title":"Rebar Stirrup Bending Machine GF36 - HSY Ma\u0219ini de construc\u021bii","description":"Ma\u0219ina de \u00eendoit bare de o\u021bel GF36 \u00eendoaie eficient bare de o\u021bel de 6-32 mm. O ma\u0219in\u0103 robust\u0103, preg\u0103tit\u0103 pentru export, pentru formarea fiabil\u0103 a stirrupurilor \u00een construc\u021bii \u0219i aplica\u021bii prefabricate.","robots":{"index":"index","follow":"follow","max-snippet":"max-snippet:-1","max-image-preview":"max-image-preview:large","max-video-preview":"max-video-preview:-1"},"canonical":"https:\/\/www.hsymachinery.com\/ro\/product\/rebar-masina-de-indoire-gf36-stirrup\/","og_locale":"ro_RO","og_type":"article","og_title":"Rebar Stirrup Bending Machine GF36 - HSY Construction Machinery","og_description":"Rebar Stirrup Bending Machine GF36 bends 6\u201332mm steel bars efficiently. A rugged, export-ready machine for reliable stirrup forming in construction and precast applications.","og_url":"https:\/\/www.hsymachinery.com\/ro\/product\/rebar-masina-de-indoire-gf36-stirrup\/","og_site_name":"HSY Construction Machinery","article_modified_time":"2025-06-27T11:28:55+00:00","og_image":[{"width":600,"height":600,"url":"https:\/\/www.hsymachinery.com\/wp-content\/uploads\/2025\/06\/Rebar-Stirrup-Bending-Machine-GF36.jpg","type":"image\/jpeg"}],"twitter_card":"summary_large_image","twitter_misc":{"Timp estimat pentru citire":"2 minute"},"schema":{"@context":"https:\/\/schema.org","@graph":[{"@type":"WebPage","@id":"https:\/\/www.hsymachinery.com\/product\/rebar-stirrup-bending-machine-gf36\/","url":"https:\/\/www.hsymachinery.com\/product\/rebar-stirrup-bending-machine-gf36\/","name":"Rebar Stirrup Bending Machine GF36 - HSY Ma\u0219ini de construc\u021bii","isPartOf":{"@id":"https:\/\/www.hsymachinery.com\/#website"},"primaryImageOfPage":{"@id":"https:\/\/www.hsymachinery.com\/product\/rebar-stirrup-bending-machine-gf36\/#primaryimage"},"image":{"@id":"https:\/\/www.hsymachinery.com\/product\/rebar-stirrup-bending-machine-gf36\/#primaryimage"},"thumbnailUrl":"https:\/\/www.hsymachinery.com\/wp-content\/uploads\/2025\/06\/Rebar-Stirrup-Bending-Machine-GF36.jpg","datePublished":"2025-06-18T04:11:02+00:00","dateModified":"2025-06-27T11:28:55+00:00","description":"Ma\u0219ina de \u00eendoit bare de o\u021bel GF36 \u00eendoaie eficient bare de o\u021bel de 6-32 mm. O ma\u0219in\u0103 robust\u0103, preg\u0103tit\u0103 pentru export, pentru formarea fiabil\u0103 a stirrupurilor \u00een construc\u021bii \u0219i aplica\u021bii prefabricate.","breadcrumb":{"@id":"https:\/\/www.hsymachinery.com\/product\/rebar-stirrup-bending-machine-gf36\/#breadcrumb"},"inLanguage":"ro-RO","potentialAction":[{"@type":"ReadAction","target":["https:\/\/www.hsymachinery.com\/product\/rebar-stirrup-bending-machine-gf36\/"]}]},{"@type":"ImageObject","inLanguage":"ro-RO","@id":"https:\/\/www.hsymachinery.com\/product\/rebar-stirrup-bending-machine-gf36\/#primaryimage","url":"https:\/\/www.hsymachinery.com\/wp-content\/uploads\/2025\/06\/Rebar-Stirrup-Bending-Machine-GF36.jpg","contentUrl":"https:\/\/www.hsymachinery.com\/wp-content\/uploads\/2025\/06\/Rebar-Stirrup-Bending-Machine-GF36.jpg","width":600,"height":600},{"@type":"BreadcrumbList","@id":"https:\/\/www.hsymachinery.com\/product\/rebar-stirrup-bending-machine-gf36\/#breadcrumb","itemListElement":[{"@type":"ListItem","position":1,"name":"home","item":"https:\/\/www.hsymachinery.com\/"},{"@type":"ListItem","position":2,"name":"products","item":"https:\/\/www.hsymachinery.com\/products\/"},{"@type":"ListItem","position":3,"name":"Rebar Stirrup Bending Machine GF36"}]},{"@type":"WebSite","@id":"https:\/\/www.hsymachinery.com\/#website","url":"https:\/\/www.hsymachinery.com\/","name":"HSY Ma\u0219ini de construc\u021bii","description":"HSY Machinery - Un furnizor lider de ma\u0219ini de construc\u021bii din China, care ofer\u0103 o gam\u0103 larg\u0103 de echipamente de construc\u021bii u\u0219oare. Produsele noastre principale includ Ma\u0219ina de t\u0103iat arm\u0103turi, Ma\u0219ina de \u00eendoit arm\u0103turi, Ma\u0219ina de \u00eendoit st\u00e2lpi de arm\u0103turi, Ma\u0219ina de \u00eendoit arcuri de arm\u0103turi, Ma\u0219ina de \u00eendreptat arm\u0103turi, Ma\u0219ina de \u00eendoit st\u00e2lpi de arm\u0103turi cu cinci capete, Rammer de compactare, Compactor de pl\u0103ci, T\u0103ietor de beton, Mistrie electric\u0103 \u0219i alte utilaje de construc\u021bii. Suntem echipa\u021bi cu ma\u0219ini CNC avansate \u0219i aplic\u0103m standarde stricte de inspec\u021bie a calit\u0103\u021bii, \u00eempreun\u0103 cu servicii post-v\u00e2nzare complete. Dac\u0103 sunte\u021bi interesat de produsele sau serviciile noastre, primim cu c\u0103ldur\u0103 cererile dvs. prin mesaj.","publisher":{"@id":"https:\/\/www.hsymachinery.com\/#organization"},"potentialAction":[{"@type":"SearchAction","target":{"@type":"EntryPoint","urlTemplate":"https:\/\/www.hsymachinery.com\/?s={search_term_string}"},"query-input":{"@type":"PropertyValueSpecification","valueRequired":true,"valueName":"search_term_string"}}],"inLanguage":"ro-RO"},{"@type":"Organization","@id":"https:\/\/www.hsymachinery.com\/#organization","name":"HSY Ma\u0219ini de construc\u021bii","url":"https:\/\/www.hsymachinery.com\/","logo":{"@type":"ImageObject","inLanguage":"ro-RO","@id":"https:\/\/www.hsymachinery.com\/#\/schema\/logo\/image\/","url":"https:\/\/www.hsymachinery.com\/wp-content\/uploads\/2025\/06\/cropped-HSY-machinery.png","contentUrl":"https:\/\/www.hsymachinery.com\/wp-content\/uploads\/2025\/06\/cropped-HSY-machinery.png","width":600,"height":240,"caption":"HSY Construction Machinery"},"image":{"@id":"https:\/\/www.hsymachinery.com\/#\/schema\/logo\/image\/"}}]}},"_links":{"self":[{"href":"https:\/\/www.hsymachinery.com\/ro\/wp-json\/wp\/v2\/product\/8971","targetHints":{"allow":["GET"]}}],"collection":[{"href":"https:\/\/www.hsymachinery.com\/ro\/wp-json\/wp\/v2\/product"}],"about":[{"href":"https:\/\/www.hsymachinery.com\/ro\/wp-json\/wp\/v2\/types\/product"}],"version-history":[{"count":3,"href":"https:\/\/www.hsymachinery.com\/ro\/wp-json\/wp\/v2\/product\/8971\/revisions"}],"predecessor-version":[{"id":9385,"href":"https:\/\/www.hsymachinery.com\/ro\/wp-json\/wp\/v2\/product\/8971\/revisions\/9385"}],"wp:featuredmedia":[{"embeddable":true,"href":"https:\/\/www.hsymachinery.com\/ro\/wp-json\/wp\/v2\/media\/8972"}],"wp:attachment":[{"href":"https:\/\/www.hsymachinery.com\/ro\/wp-json\/wp\/v2\/media?parent=8971"}],"wp:term":[{"taxonomy":"product_brand","embeddable":true,"href":"https:\/\/www.hsymachinery.com\/ro\/wp-json\/wp\/v2\/product_brand?post=8971"},{"taxonomy":"product_cat","embeddable":true,"href":"https:\/\/www.hsymachinery.com\/ro\/wp-json\/wp\/v2\/product_cat?post=8971"},{"taxonomy":"product_tag","embeddable":true,"href":"https:\/\/www.hsymachinery.com\/ro\/wp-json\/wp\/v2\/product_tag?post=8971"}],"curies":[{"name":"wp","href":"https:\/\/api.w.org\/{rel}","templated":true}]}}