{"id":8962,"date":"2025-06-18T12:08:09","date_gmt":"2025-06-18T04:08:09","guid":{"rendered":"https:\/\/www.hsymachinery.com\/?post_type=product&#038;p=8962"},"modified":"2025-06-27T17:47:16","modified_gmt":"2025-06-27T09:47:16","slug":"rebar-masina-de-indoire-gf25-stirrup","status":"publish","type":"product","link":"https:\/\/www.hsymachinery.com\/ro\/product\/rebar-masina-de-indoire-gf25-stirrup\/","title":{"rendered":"Rebar Stirrup Bending ma\u0219in\u0103 GF25"},"content":{"rendered":"<h3 data-start=\"146\" data-end=\"244\">Ma\u0219in\u0103 eficient\u0103 de \u00eendoire a st\u00e2lpilor pentru bare de 6-20 mm | Formator de st\u00e2lpi de arm\u0103tur\u0103 de grad industrial GF25<\/h3>\n<h3 data-start=\"251\" data-end=\"344\">\u00a0Prezentare general\u0103 a produsului - \u00cendoitur\u0103toare versatil\u0103 pentru fabricarea arm\u0103turilor pentru construc\u021bii<\/h3>\n<p data-start=\"346\" data-end=\"684\">The <strong data-start=\"350\" data-end=\"388\"><a href=\"https:\/\/www.hsymachinery.com\/ro\/produse\/masina-de-indoire-a-armaturilor\/\" target=\"_blank\" rel=\"noopener\">Rebar Stirrup Bending Machine<\/a> GF25<\/strong> este o solu\u021bie de \u00eenalt\u0103 performan\u021b\u0103 pentru producerea st\u00e2lpilor din bare de arm\u0103tur\u0103 de 6 mm p\u00e2n\u0103 la 22 mm. Proiectat\u0103 pentru prelucrarea o\u021belului structural, aceast\u0103 ma\u0219in\u0103 poate forma rapid o mare varietate de forme de st\u00e2lpi - p\u0103trate, dreptunghiuri, trapezoide \u0219i unghiuri personalizate - utilizate \u00een coloane, grinzi, pl\u0103ci \u0219i t\u0103lpi din beton.<\/p>\n<p data-start=\"686\" data-end=\"859\">Datorit\u0103 motorului s\u0103u industrial din cupru \u0219i mecanismului de \u00eendoire de precizie, formatorul de st\u00e2lpi GF25 asigur\u0103 performan\u021be repetabile at\u00e2t pe \u0219antier, c\u00e2t \u0219i \u00een medii prefabricate.<\/p>\n<h3 data-start=\"866\" data-end=\"917\">Produc\u021bie puternic\u0103 \u0219i personalizare u\u0219oar\u0103 a unghiului<\/h3>\n<p data-start=\"919\" data-end=\"1192\">Echipat cu o plac\u0103 de \u00eendoire extins\u0103, dou\u0103 opritori reglabile \u0219i selectori de unghi programabili, GF25 ofer\u0103 \u00eendoiri constante de p\u00e2n\u0103 la 180\u00b0 f\u0103r\u0103 deformarea barei. Cutia de viteze sigilat\u0103 a ma\u0219inii func\u021bioneaz\u0103 cu zgomot redus, minimiz\u00e2nd nevoile de \u00eentre\u021binere \u00een timp.<\/p>\n<p data-start=\"1194\" data-end=\"1346\">Operatorii pot comuta \u00eentre controlul prin pedal\u0103 \u0219i operarea manual\u0103, ceea ce \u00eel face mai sigur \u0219i mai adaptabil \u00een diferite contexte de construc\u021bie.<\/p>\n<h3 data-start=\"1353\" data-end=\"1406\">Cadru robust cu op\u021biuni de tensiune preg\u0103tite pentru export<\/h3>\n<p data-start=\"1408\" data-end=\"1750\">The <strong data-start=\"1412\" data-end=\"1450\">GF25 bara de arm\u0103tur\u0103 stirrup bender<\/strong> este construit din o\u021bel sudat ranforsat, oferind durabilitate la sarcini de lucru cu cuplu mare. Acesta include ro\u021bi de transport solide pentru mobilitate u\u0219oar\u0103 pe \u0219antierele de proiect. \u00cen plus, ma\u0219ina suport\u0103 intrare de 220V sau 380V (50Hz\/60Hz), fiind complet compatibil\u0103 cu cerin\u021bele interna\u021bionale ale \u0219antierelor.<\/p>\n<p data-start=\"1752\" data-end=\"1884\">Eficien\u021ba \u0219i precizia sa \u00eel fac o alegere ideal\u0103 pentru antreprenori, fabrican\u021bi de o\u021bel \u0219i centre de prelucrare a arm\u0103turilor din \u00eentreaga lume.<\/p>\n<h3 data-start=\"1891\" data-end=\"1947\">\u00a0Caracteristicile principale ale ma\u0219inii de \u00eendoire a arm\u0103turilor GF25<\/h3>\n<ul data-start=\"1949\" data-end=\"2187\">\n<li data-start=\"1949\" data-end=\"2008\">\n<p data-start=\"1951\" data-end=\"2008\">Curbeaz\u0103 bare de 6-22 mm \u00een st\u00e2lpi cu o precizie excelent\u0103<\/p>\n<\/li>\n<li data-start=\"2009\" data-end=\"2078\">\n<p data-start=\"2011\" data-end=\"2078\">Schimbare rapid\u0103 a formei pentru suporturi p\u0103trate, dreptunghiulare \u0219i personalizate<\/p>\n<\/li>\n<li data-start=\"2079\" data-end=\"2133\">\n<p data-start=\"2081\" data-end=\"2133\">Motor fiabil \u0219i sistem intern cu mentenan\u021b\u0103 redus\u0103<\/p>\n<\/li>\n<li data-start=\"2134\" data-end=\"2187\">\n<p data-start=\"2136\" data-end=\"2187\">Gata pentru exportul global cu alimentare flexibil\u0103<\/p>\n<\/li>\n<\/ul>\n<p><iframe title=\"#construc\u021bie #construc\u021bielucr\u0103tor #rebarma\u0219in\u0103 #rebarbender #rebarbending\" width=\"720\" height=\"405\" src=\"https:\/\/www.youtube.com\/embed\/S_YQidcqUDg?feature=oembed\" frameborder=\"0\" allow=\"accelerometer; autoplay; clipboard-write; encrypted-media; gyroscope; picture-in-picture; web-share\" referrerpolicy=\"strict-origin-when-cross-origin\" allowfullscreen><\/iframe><\/p>","protected":false},"excerpt":{"rendered":"<p>GF25 Rebar Stirrup Bending Machine \u00eendoaie eficient bare de o\u021bel de 6-22 mm \u00een diverse forme de st\u00e2lpi. Ideal\u0103 pentru consolidarea structurilor, construit\u0103 cu o\u021bel robust \u0219i suport de tensiune global.<\/p>","protected":false},"featured_media":8963,"template":"","meta":{"_kad_post_transparent":"default","_kad_post_title":"","_kad_post_layout":"default","_kad_post_sidebar_id":"","_kad_post_content_style":"default","_kad_post_vertical_padding":"default","_kad_post_feature":"","_kad_post_feature_position":"","_kad_post_header":false,"_kad_post_footer":false},"product_brand":[],"product_cat":[46],"product_tag":[1005,1006,1010,1008,1009,1013,1012,1014,1007,1011],"class_list":{"0":"post-8962","1":"product","2":"type-product","3":"status-publish","4":"has-post-thumbnail","6":"product_cat-rebar-stirrup-bending-machine","7":"product_tag-automatic-stirrup-bending-machine","8":"product_tag-cnc-rebar-stirrup-bender","9":"product_tag-hydraulic-stirrup-bender","10":"product_tag-rebar-stirrup-bender-machine","11":"product_tag-steel-stirrup-bending-machine","12":"product_tag-stirrup-bender-for-construction","13":"product_tag-stirrup-bending-equipment","14":"product_tag-stirrup-bending-machine-price","15":"product_tag-stirrup-making-machine","16":"product_tag-wire-stirrup-bending-machine","18":"first","19":"instock","20":"shipping-taxable","21":"product-type-simple","22":"entry","23":"content-bg","24":"loop-entry"},"yoast_head":"<!-- This site is optimized with the Yoast SEO plugin v25.3.1 - https:\/\/yoast.com\/wordpress\/plugins\/seo\/ -->\n<title>Rebar Stirrup Bending Machine GF25 - HSY Construction Machinery<\/title>\n<meta name=\"description\" content=\"Rebar Stirrup Bending Machine GF25 processes 6\u201322mm rebar into stirrups with speed and precision. Built for reinforcement work and suitable for export.\" \/>\n<meta name=\"robots\" content=\"index, follow, max-snippet:-1, max-image-preview:large, max-video-preview:-1\" \/>\n<link rel=\"canonical\" href=\"https:\/\/www.hsymachinery.com\/ro\/product\/rebar-masina-de-indoire-gf25-stirrup\/\" \/>\n<meta property=\"og:locale\" content=\"ro_RO\" \/>\n<meta property=\"og:type\" content=\"article\" \/>\n<meta property=\"og:title\" content=\"Rebar Stirrup Bending Machine GF25 - HSY Construction Machinery\" \/>\n<meta property=\"og:description\" content=\"Rebar Stirrup Bending Machine GF25 processes 6\u201322mm rebar into stirrups with speed and precision. Built for reinforcement work and suitable for export.\" \/>\n<meta property=\"og:url\" content=\"https:\/\/www.hsymachinery.com\/ro\/product\/rebar-masina-de-indoire-gf25-stirrup\/\" \/>\n<meta property=\"og:site_name\" content=\"HSY Construction Machinery\" \/>\n<meta property=\"article:modified_time\" content=\"2025-06-27T09:47:16+00:00\" \/>\n<meta property=\"og:image\" content=\"https:\/\/www.hsymachinery.com\/wp-content\/uploads\/2025\/06\/Rebar-Stirrup-Bending-Machine-GF25.jpg\" \/>\n\t<meta property=\"og:image:width\" content=\"600\" \/>\n\t<meta property=\"og:image:height\" content=\"600\" \/>\n\t<meta property=\"og:image:type\" content=\"image\/jpeg\" \/>\n<meta name=\"twitter:card\" content=\"summary_large_image\" \/>\n<meta name=\"twitter:label1\" content=\"Timp estimat pentru citire\" \/>\n\t<meta name=\"twitter:data1\" content=\"2 minute\" \/>\n<script type=\"application\/ld+json\" class=\"yoast-schema-graph\">{\"@context\":\"https:\/\/schema.org\",\"@graph\":[{\"@type\":\"WebPage\",\"@id\":\"https:\/\/www.hsymachinery.com\/product\/rebar-stirrup-bending-machine-gf25\/\",\"url\":\"https:\/\/www.hsymachinery.com\/product\/rebar-stirrup-bending-machine-gf25\/\",\"name\":\"Rebar Stirrup Bending Machine GF25 - HSY Construction Machinery\",\"isPartOf\":{\"@id\":\"https:\/\/www.hsymachinery.com\/#website\"},\"primaryImageOfPage\":{\"@id\":\"https:\/\/www.hsymachinery.com\/product\/rebar-stirrup-bending-machine-gf25\/#primaryimage\"},\"image\":{\"@id\":\"https:\/\/www.hsymachinery.com\/product\/rebar-stirrup-bending-machine-gf25\/#primaryimage\"},\"thumbnailUrl\":\"https:\/\/www.hsymachinery.com\/wp-content\/uploads\/2025\/06\/Rebar-Stirrup-Bending-Machine-GF25.jpg\",\"datePublished\":\"2025-06-18T04:08:09+00:00\",\"dateModified\":\"2025-06-27T09:47:16+00:00\",\"description\":\"Rebar Stirrup Bending Machine GF25 processes 6\u201322mm rebar into stirrups with speed and precision. Built for reinforcement work and suitable for export.\",\"breadcrumb\":{\"@id\":\"https:\/\/www.hsymachinery.com\/product\/rebar-stirrup-bending-machine-gf25\/#breadcrumb\"},\"inLanguage\":\"ro-RO\",\"potentialAction\":[{\"@type\":\"ReadAction\",\"target\":[\"https:\/\/www.hsymachinery.com\/product\/rebar-stirrup-bending-machine-gf25\/\"]}]},{\"@type\":\"ImageObject\",\"inLanguage\":\"ro-RO\",\"@id\":\"https:\/\/www.hsymachinery.com\/product\/rebar-stirrup-bending-machine-gf25\/#primaryimage\",\"url\":\"https:\/\/www.hsymachinery.com\/wp-content\/uploads\/2025\/06\/Rebar-Stirrup-Bending-Machine-GF25.jpg\",\"contentUrl\":\"https:\/\/www.hsymachinery.com\/wp-content\/uploads\/2025\/06\/Rebar-Stirrup-Bending-Machine-GF25.jpg\",\"width\":600,\"height\":600},{\"@type\":\"BreadcrumbList\",\"@id\":\"https:\/\/www.hsymachinery.com\/product\/rebar-stirrup-bending-machine-gf25\/#breadcrumb\",\"itemListElement\":[{\"@type\":\"ListItem\",\"position\":1,\"name\":\"home\",\"item\":\"https:\/\/www.hsymachinery.com\/\"},{\"@type\":\"ListItem\",\"position\":2,\"name\":\"products\",\"item\":\"https:\/\/www.hsymachinery.com\/products\/\"},{\"@type\":\"ListItem\",\"position\":3,\"name\":\"Rebar Stirrup Bending Machine GF25\"}]},{\"@type\":\"WebSite\",\"@id\":\"https:\/\/www.hsymachinery.com\/#website\",\"url\":\"https:\/\/www.hsymachinery.com\/\",\"name\":\"HSY Construction Machinery\",\"description\":\"HSY Machinery \u2013 A leading China construction machinery supplier, offering a wide range of light construction equipment. Our main products include Rebar Cutting Machine, Rebar Bending Machine, Rebar Stirrup Bending Machine, Rebar Arc Bending Machine, Rebar Straightening Machine, Five-Head Rebar Stirrup Bending Machine, Tamping Rammer, Plate Compactor, Concrete Cutter, Power Trowel, and other construction machinery. We are equipped with advanced CNC machines, and we enforce strict quality inspection standards along with comprehensive after-sales service. If you are interested in our products or services, we warmly welcome your inquiries via message.\",\"publisher\":{\"@id\":\"https:\/\/www.hsymachinery.com\/#organization\"},\"potentialAction\":[{\"@type\":\"SearchAction\",\"target\":{\"@type\":\"EntryPoint\",\"urlTemplate\":\"https:\/\/www.hsymachinery.com\/?s={search_term_string}\"},\"query-input\":{\"@type\":\"PropertyValueSpecification\",\"valueRequired\":true,\"valueName\":\"search_term_string\"}}],\"inLanguage\":\"ro-RO\"},{\"@type\":\"Organization\",\"@id\":\"https:\/\/www.hsymachinery.com\/#organization\",\"name\":\"HSY Construction Machinery\",\"url\":\"https:\/\/www.hsymachinery.com\/\",\"logo\":{\"@type\":\"ImageObject\",\"inLanguage\":\"ro-RO\",\"@id\":\"https:\/\/www.hsymachinery.com\/#\/schema\/logo\/image\/\",\"url\":\"https:\/\/www.hsymachinery.com\/wp-content\/uploads\/2025\/06\/cropped-HSY-machinery.png\",\"contentUrl\":\"https:\/\/www.hsymachinery.com\/wp-content\/uploads\/2025\/06\/cropped-HSY-machinery.png\",\"width\":600,\"height\":240,\"caption\":\"HSY Construction Machinery\"},\"image\":{\"@id\":\"https:\/\/www.hsymachinery.com\/#\/schema\/logo\/image\/\"}}]}<\/script>\n<!-- \/ Yoast SEO plugin. -->","yoast_head_json":{"title":"Rebar Stirrup Bending Machine GF25 - HSY Ma\u0219ini de construc\u021bii","description":"Ma\u0219ina de \u00eendoire a barelor de arm\u0103tur\u0103 GF25 proceseaz\u0103 bare de arm\u0103tur\u0103 de 6-22 mm \u00een st\u00e2lpi cu vitez\u0103 \u0219i precizie. Construit pentru lucr\u0103ri de armare \u0219i adecvat pentru export.","robots":{"index":"index","follow":"follow","max-snippet":"max-snippet:-1","max-image-preview":"max-image-preview:large","max-video-preview":"max-video-preview:-1"},"canonical":"https:\/\/www.hsymachinery.com\/ro\/product\/rebar-masina-de-indoire-gf25-stirrup\/","og_locale":"ro_RO","og_type":"article","og_title":"Rebar Stirrup Bending Machine GF25 - HSY Construction Machinery","og_description":"Rebar Stirrup Bending Machine GF25 processes 6\u201322mm rebar into stirrups with speed and precision. Built for reinforcement work and suitable for export.","og_url":"https:\/\/www.hsymachinery.com\/ro\/product\/rebar-masina-de-indoire-gf25-stirrup\/","og_site_name":"HSY Construction Machinery","article_modified_time":"2025-06-27T09:47:16+00:00","og_image":[{"width":600,"height":600,"url":"https:\/\/www.hsymachinery.com\/wp-content\/uploads\/2025\/06\/Rebar-Stirrup-Bending-Machine-GF25.jpg","type":"image\/jpeg"}],"twitter_card":"summary_large_image","twitter_misc":{"Timp estimat pentru citire":"2 minute"},"schema":{"@context":"https:\/\/schema.org","@graph":[{"@type":"WebPage","@id":"https:\/\/www.hsymachinery.com\/product\/rebar-stirrup-bending-machine-gf25\/","url":"https:\/\/www.hsymachinery.com\/product\/rebar-stirrup-bending-machine-gf25\/","name":"Rebar Stirrup Bending Machine GF25 - HSY Ma\u0219ini de construc\u021bii","isPartOf":{"@id":"https:\/\/www.hsymachinery.com\/#website"},"primaryImageOfPage":{"@id":"https:\/\/www.hsymachinery.com\/product\/rebar-stirrup-bending-machine-gf25\/#primaryimage"},"image":{"@id":"https:\/\/www.hsymachinery.com\/product\/rebar-stirrup-bending-machine-gf25\/#primaryimage"},"thumbnailUrl":"https:\/\/www.hsymachinery.com\/wp-content\/uploads\/2025\/06\/Rebar-Stirrup-Bending-Machine-GF25.jpg","datePublished":"2025-06-18T04:08:09+00:00","dateModified":"2025-06-27T09:47:16+00:00","description":"Ma\u0219ina de \u00eendoire a barelor de arm\u0103tur\u0103 GF25 proceseaz\u0103 bare de arm\u0103tur\u0103 de 6-22 mm \u00een st\u00e2lpi cu vitez\u0103 \u0219i precizie. Construit pentru lucr\u0103ri de armare \u0219i adecvat pentru export.","breadcrumb":{"@id":"https:\/\/www.hsymachinery.com\/product\/rebar-stirrup-bending-machine-gf25\/#breadcrumb"},"inLanguage":"ro-RO","potentialAction":[{"@type":"ReadAction","target":["https:\/\/www.hsymachinery.com\/product\/rebar-stirrup-bending-machine-gf25\/"]}]},{"@type":"ImageObject","inLanguage":"ro-RO","@id":"https:\/\/www.hsymachinery.com\/product\/rebar-stirrup-bending-machine-gf25\/#primaryimage","url":"https:\/\/www.hsymachinery.com\/wp-content\/uploads\/2025\/06\/Rebar-Stirrup-Bending-Machine-GF25.jpg","contentUrl":"https:\/\/www.hsymachinery.com\/wp-content\/uploads\/2025\/06\/Rebar-Stirrup-Bending-Machine-GF25.jpg","width":600,"height":600},{"@type":"BreadcrumbList","@id":"https:\/\/www.hsymachinery.com\/product\/rebar-stirrup-bending-machine-gf25\/#breadcrumb","itemListElement":[{"@type":"ListItem","position":1,"name":"home","item":"https:\/\/www.hsymachinery.com\/"},{"@type":"ListItem","position":2,"name":"products","item":"https:\/\/www.hsymachinery.com\/products\/"},{"@type":"ListItem","position":3,"name":"Rebar Stirrup Bending Machine GF25"}]},{"@type":"WebSite","@id":"https:\/\/www.hsymachinery.com\/#website","url":"https:\/\/www.hsymachinery.com\/","name":"HSY Ma\u0219ini de construc\u021bii","description":"HSY Machinery - Un furnizor lider de ma\u0219ini de construc\u021bii din China, care ofer\u0103 o gam\u0103 larg\u0103 de echipamente de construc\u021bii u\u0219oare. Produsele noastre principale includ Ma\u0219ina de t\u0103iat arm\u0103turi, Ma\u0219ina de \u00eendoit arm\u0103turi, Ma\u0219ina de \u00eendoit st\u00e2lpi de arm\u0103turi, Ma\u0219ina de \u00eendoit arcuri de arm\u0103turi, Ma\u0219ina de \u00eendreptat arm\u0103turi, Ma\u0219ina de \u00eendoit st\u00e2lpi de arm\u0103turi cu cinci capete, Rammer de compactare, Compactor de pl\u0103ci, T\u0103ietor de beton, Mistrie electric\u0103 \u0219i alte utilaje de construc\u021bii. Suntem echipa\u021bi cu ma\u0219ini CNC avansate \u0219i aplic\u0103m standarde stricte de inspec\u021bie a calit\u0103\u021bii, \u00eempreun\u0103 cu servicii post-v\u00e2nzare complete. Dac\u0103 sunte\u021bi interesat de produsele sau serviciile noastre, primim cu c\u0103ldur\u0103 cererile dvs. prin mesaj.","publisher":{"@id":"https:\/\/www.hsymachinery.com\/#organization"},"potentialAction":[{"@type":"SearchAction","target":{"@type":"EntryPoint","urlTemplate":"https:\/\/www.hsymachinery.com\/?s={search_term_string}"},"query-input":{"@type":"PropertyValueSpecification","valueRequired":true,"valueName":"search_term_string"}}],"inLanguage":"ro-RO"},{"@type":"Organization","@id":"https:\/\/www.hsymachinery.com\/#organization","name":"HSY Ma\u0219ini de construc\u021bii","url":"https:\/\/www.hsymachinery.com\/","logo":{"@type":"ImageObject","inLanguage":"ro-RO","@id":"https:\/\/www.hsymachinery.com\/#\/schema\/logo\/image\/","url":"https:\/\/www.hsymachinery.com\/wp-content\/uploads\/2025\/06\/cropped-HSY-machinery.png","contentUrl":"https:\/\/www.hsymachinery.com\/wp-content\/uploads\/2025\/06\/cropped-HSY-machinery.png","width":600,"height":240,"caption":"HSY Construction Machinery"},"image":{"@id":"https:\/\/www.hsymachinery.com\/#\/schema\/logo\/image\/"}}]}},"_links":{"self":[{"href":"https:\/\/www.hsymachinery.com\/ro\/wp-json\/wp\/v2\/product\/8962","targetHints":{"allow":["GET"]}}],"collection":[{"href":"https:\/\/www.hsymachinery.com\/ro\/wp-json\/wp\/v2\/product"}],"about":[{"href":"https:\/\/www.hsymachinery.com\/ro\/wp-json\/wp\/v2\/types\/product"}],"version-history":[{"count":4,"href":"https:\/\/www.hsymachinery.com\/ro\/wp-json\/wp\/v2\/product\/8962\/revisions"}],"predecessor-version":[{"id":9379,"href":"https:\/\/www.hsymachinery.com\/ro\/wp-json\/wp\/v2\/product\/8962\/revisions\/9379"}],"wp:featuredmedia":[{"embeddable":true,"href":"https:\/\/www.hsymachinery.com\/ro\/wp-json\/wp\/v2\/media\/8963"}],"wp:attachment":[{"href":"https:\/\/www.hsymachinery.com\/ro\/wp-json\/wp\/v2\/media?parent=8962"}],"wp:term":[{"taxonomy":"product_brand","embeddable":true,"href":"https:\/\/www.hsymachinery.com\/ro\/wp-json\/wp\/v2\/product_brand?post=8962"},{"taxonomy":"product_cat","embeddable":true,"href":"https:\/\/www.hsymachinery.com\/ro\/wp-json\/wp\/v2\/product_cat?post=8962"},{"taxonomy":"product_tag","embeddable":true,"href":"https:\/\/www.hsymachinery.com\/ro\/wp-json\/wp\/v2\/product_tag?post=8962"}],"curies":[{"name":"wp","href":"https:\/\/api.w.org\/{rel}","templated":true}]}}