{"id":8958,"date":"2025-06-18T12:05:35","date_gmt":"2025-06-18T04:05:35","guid":{"rendered":"https:\/\/www.hsymachinery.com\/?post_type=product&#038;p=8958"},"modified":"2025-06-27T17:33:18","modified_gmt":"2025-06-27T09:33:18","slug":"rebar-masina-de-indoire-gf20-stirrup","status":"publish","type":"product","link":"https:\/\/www.hsymachinery.com\/ro\/product\/rebar-masina-de-indoire-gf20-stirrup\/","title":{"rendered":"Rebar Stirrup Bending ma\u0219in\u0103 GF20"},"content":{"rendered":"<h3 data-start=\"137\" data-end=\"227\">Compact Stirrup Bender pentru o\u021bel 6-16mm | Ma\u0219in\u0103 automat\u0103 de \u00eendoire a stirrupului de arm\u0103tur\u0103 GF20<\/h3>\n<h3 data-start=\"234\" data-end=\"332\">Prezentare general\u0103 a produsului - Ma\u0219in\u0103 de \u00eendoit bare de arm\u0103tur\u0103 de precizie pentru proiecte de construc\u021bii mici \u0219i mijlocii<\/h3>\n<p data-start=\"334\" data-end=\"634\">The <strong data-start=\"338\" data-end=\"376\">Rebar Stirrup Bending ma\u0219in\u0103 GF20<\/strong> este o unealt\u0103 compact\u0103 \u0219i eficient\u0103 proiectat\u0103 pentru a prelucra bare de arm\u0103tur\u0103 de 6 mm p\u00e2n\u0103 la 16 mm \u00een forme precise de st\u00e2lpi. Ideal\u0103 pentru construc\u021biile reziden\u021biale \u0219i comerciale, aceast\u0103 ma\u0219in\u0103 formeaz\u0103 st\u00e2lpi p\u0103tra\u021bi, dreptunghiulari \u0219i poligonali cu vitez\u0103 ridicat\u0103 \u0219i repetabilitate.<\/p>\n<p data-start=\"636\" data-end=\"809\">Amprenta sa redus\u0103 \u0219i consumul redus de energie \u00eel fac perfect pentru \u0219antiere sau ateliere cu spa\u021biu limitat, \u00een timp ce designul u\u0219or de utilizat asigur\u0103 configurarea \u0219i func\u021bionarea rapid\u0103.<\/p>\n<h3 data-start=\"816\" data-end=\"865\">Set\u0103ri u\u0219oare ale unghiului \u0219i func\u021bionare fiabil\u0103<\/h3>\n<p data-start=\"867\" data-end=\"1205\">The <strong data-start=\"871\" data-end=\"909\">GF20 <a href=\"https:\/\/www.hsymachinery.com\/ro\/produse\/masina-de-indoire-a-armaturilor\/\" target=\"_blank\" rel=\"noopener\">ma\u0219in\u0103 de \u00eendoire a arm\u0103turilor<\/a><\/strong> este echipat cu selectoare de unghiuri prestabilite \u0219i o plac\u0103 de \u00eendoire rotativ\u0103 care permite unghiuri de p\u00e2n\u0103 la 180\u00b0. Operatorii pot \u00eendoi st\u00e2lpii \u00een mod repetat cu o abatere minim\u0103. Motorul din cupru asigur\u0103 un cuplu neted \u0219i performan\u021be de lung\u0103 durat\u0103, \u00een timp ce cutia de viteze sigilat\u0103 necesit\u0103 pu\u021bin\u0103 \u00eentre\u021binere.<\/p>\n<p data-start=\"1207\" data-end=\"1348\">Datorit\u0103 modurilor duble de operare (manual \u0219i comand\u0103 cu piciorul), ma\u0219ina se adapteaz\u0103 diferitelor preferin\u021be ale utilizatorului \u0219i spore\u0219te siguran\u021ba la locul de munc\u0103.<\/p>\n<h3 data-start=\"1355\" data-end=\"1400\">U\u0219oare, durabile \u0219i preg\u0103tite pentru export<\/h3>\n<p data-start=\"1402\" data-end=\"1691\">\u00cen ciuda dimensiunii sale compacte, GF20 are un cadru robust din o\u021bel, componente rezistente la vibra\u021bii \u0219i ro\u021bi rezistente pentru portabilitate. Func\u021bioneaz\u0103 pe o tensiune personalizabil\u0103 (220V\/380V, 50Hz\/60Hz), ceea ce \u00eel face potrivit pentru pie\u021bele globale de export din Asia, Africa \u0219i America de Sud.<\/p>\n<p data-start=\"1693\" data-end=\"1819\">Viteza, flexibilitatea \u0219i costurile reduse de exploatare fac din aceasta una dintre cele mai fiabile ma\u0219ini de \u00eendoit st\u00e2lpi pentru utilizarea zilnic\u0103 \u00een construc\u021bii.<\/p>\n<h3 data-start=\"1826\" data-end=\"1882\">Caracteristicile principale ale Rebar Stirrup Bender GF20<\/h3>\n<ul data-start=\"1884\" data-end=\"2119\">\n<li data-start=\"1884\" data-end=\"1940\">\n<p data-start=\"1886\" data-end=\"1940\">Curbeaz\u0103 cu precizie bare de o\u021bel de 6-16 mm \u00een st\u00e2lpi<\/p>\n<\/li>\n<li data-start=\"1941\" data-end=\"2006\">\n<p data-start=\"1943\" data-end=\"2006\">Ideal pentru coloane, grinzi, t\u0103lpi \u0219i arm\u0103turi prefabricate<\/p>\n<\/li>\n<li data-start=\"2007\" data-end=\"2060\">\n<p data-start=\"2009\" data-end=\"2060\">Func\u021bionare manual\u0103 \u0219i cu pedal\u0103 pentru flexibilitate<\/p>\n<\/li>\n<li data-start=\"2061\" data-end=\"2119\">\n<p data-start=\"2063\" data-end=\"2119\">Portabil \u0219i construit pentru standardele interna\u021bionale de tensiune<\/p>\n<\/li>\n<\/ul>\n<p><iframe title=\"#construc\u021bie #construc\u021bielucr\u0103tor #rebarma\u0219in\u0103 #rebarbender #rebarbending\" width=\"720\" height=\"405\" src=\"https:\/\/www.youtube.com\/embed\/S_YQidcqUDg?feature=oembed\" frameborder=\"0\" allow=\"accelerometer; autoplay; clipboard-write; encrypted-media; gyroscope; picture-in-picture; web-share\" referrerpolicy=\"strict-origin-when-cross-origin\" allowfullscreen><\/iframe><\/p>","protected":false},"excerpt":{"rendered":"<p>GF20 Rebar Stirrup Bending Machine transform\u0103 o\u021belul de 6-16 mm \u00een st\u00e2lpi \u00een mod eficient. Designul s\u0103u compact, motorul fiabil \u0219i precizia unghiului o fac ideal\u0103 pentru \u0219antierele de construc\u021bii globale.<\/p>","protected":false},"featured_media":8960,"template":"","meta":{"_kad_post_transparent":"default","_kad_post_title":"","_kad_post_layout":"default","_kad_post_sidebar_id":"","_kad_post_content_style":"default","_kad_post_vertical_padding":"default","_kad_post_feature":"","_kad_post_feature_position":"","_kad_post_header":false,"_kad_post_footer":false},"product_brand":[],"product_cat":[46],"product_tag":[1005,1006,1010,1008,1009,1013,1012,1014,1007,1011],"class_list":{"0":"post-8958","1":"product","2":"type-product","3":"status-publish","4":"has-post-thumbnail","6":"product_cat-rebar-stirrup-bending-machine","7":"product_tag-automatic-stirrup-bending-machine","8":"product_tag-cnc-rebar-stirrup-bender","9":"product_tag-hydraulic-stirrup-bender","10":"product_tag-rebar-stirrup-bender-machine","11":"product_tag-steel-stirrup-bending-machine","12":"product_tag-stirrup-bender-for-construction","13":"product_tag-stirrup-bending-equipment","14":"product_tag-stirrup-bending-machine-price","15":"product_tag-stirrup-making-machine","16":"product_tag-wire-stirrup-bending-machine","18":"first","19":"instock","20":"shipping-taxable","21":"product-type-simple","22":"entry","23":"content-bg","24":"loop-entry"},"yoast_head":"<!-- This site is optimized with the Yoast SEO plugin v25.3.1 - https:\/\/yoast.com\/wordpress\/plugins\/seo\/ -->\n<title>Rebar Stirrup Bending Machine GF20 - HSY Construction Machinery<\/title>\n<meta name=\"description\" content=\"Rebar Stirrup Bending Machine GF20 bends 6\u201316mm steel bars into stirrups quickly and accurately. Compact, reliable, and ready for export.\" \/>\n<meta name=\"robots\" content=\"index, follow, max-snippet:-1, max-image-preview:large, max-video-preview:-1\" \/>\n<link rel=\"canonical\" href=\"https:\/\/www.hsymachinery.com\/ro\/product\/rebar-masina-de-indoire-gf20-stirrup\/\" \/>\n<meta property=\"og:locale\" content=\"ro_RO\" \/>\n<meta property=\"og:type\" content=\"article\" \/>\n<meta property=\"og:title\" content=\"Rebar Stirrup Bending Machine GF20 - HSY Construction Machinery\" \/>\n<meta property=\"og:description\" content=\"Rebar Stirrup Bending Machine GF20 bends 6\u201316mm steel bars into stirrups quickly and accurately. Compact, reliable, and ready for export.\" \/>\n<meta property=\"og:url\" content=\"https:\/\/www.hsymachinery.com\/ro\/product\/rebar-masina-de-indoire-gf20-stirrup\/\" \/>\n<meta property=\"og:site_name\" content=\"HSY Construction Machinery\" \/>\n<meta property=\"article:modified_time\" content=\"2025-06-27T09:33:18+00:00\" \/>\n<meta property=\"og:image\" content=\"https:\/\/www.hsymachinery.com\/wp-content\/uploads\/2025\/06\/Rebar-Stirrup-Bending-Machine-GF20.jpg\" \/>\n\t<meta property=\"og:image:width\" content=\"600\" \/>\n\t<meta property=\"og:image:height\" content=\"600\" \/>\n\t<meta property=\"og:image:type\" content=\"image\/jpeg\" \/>\n<meta name=\"twitter:card\" content=\"summary_large_image\" \/>\n<meta name=\"twitter:label1\" content=\"Timp estimat pentru citire\" \/>\n\t<meta name=\"twitter:data1\" content=\"2 minute\" \/>\n<script type=\"application\/ld+json\" class=\"yoast-schema-graph\">{\"@context\":\"https:\/\/schema.org\",\"@graph\":[{\"@type\":\"WebPage\",\"@id\":\"https:\/\/www.hsymachinery.com\/product\/rebar-stirrup-bending-machine-gf20\/\",\"url\":\"https:\/\/www.hsymachinery.com\/product\/rebar-stirrup-bending-machine-gf20\/\",\"name\":\"Rebar Stirrup Bending Machine GF20 - HSY Construction Machinery\",\"isPartOf\":{\"@id\":\"https:\/\/www.hsymachinery.com\/#website\"},\"primaryImageOfPage\":{\"@id\":\"https:\/\/www.hsymachinery.com\/product\/rebar-stirrup-bending-machine-gf20\/#primaryimage\"},\"image\":{\"@id\":\"https:\/\/www.hsymachinery.com\/product\/rebar-stirrup-bending-machine-gf20\/#primaryimage\"},\"thumbnailUrl\":\"https:\/\/www.hsymachinery.com\/wp-content\/uploads\/2025\/06\/Rebar-Stirrup-Bending-Machine-GF20.jpg\",\"datePublished\":\"2025-06-18T04:05:35+00:00\",\"dateModified\":\"2025-06-27T09:33:18+00:00\",\"description\":\"Rebar Stirrup Bending Machine GF20 bends 6\u201316mm steel bars into stirrups quickly and accurately. Compact, reliable, and ready for export.\",\"breadcrumb\":{\"@id\":\"https:\/\/www.hsymachinery.com\/product\/rebar-stirrup-bending-machine-gf20\/#breadcrumb\"},\"inLanguage\":\"ro-RO\",\"potentialAction\":[{\"@type\":\"ReadAction\",\"target\":[\"https:\/\/www.hsymachinery.com\/product\/rebar-stirrup-bending-machine-gf20\/\"]}]},{\"@type\":\"ImageObject\",\"inLanguage\":\"ro-RO\",\"@id\":\"https:\/\/www.hsymachinery.com\/product\/rebar-stirrup-bending-machine-gf20\/#primaryimage\",\"url\":\"https:\/\/www.hsymachinery.com\/wp-content\/uploads\/2025\/06\/Rebar-Stirrup-Bending-Machine-GF20.jpg\",\"contentUrl\":\"https:\/\/www.hsymachinery.com\/wp-content\/uploads\/2025\/06\/Rebar-Stirrup-Bending-Machine-GF20.jpg\",\"width\":600,\"height\":600},{\"@type\":\"BreadcrumbList\",\"@id\":\"https:\/\/www.hsymachinery.com\/product\/rebar-stirrup-bending-machine-gf20\/#breadcrumb\",\"itemListElement\":[{\"@type\":\"ListItem\",\"position\":1,\"name\":\"home\",\"item\":\"https:\/\/www.hsymachinery.com\/\"},{\"@type\":\"ListItem\",\"position\":2,\"name\":\"products\",\"item\":\"https:\/\/www.hsymachinery.com\/products\/\"},{\"@type\":\"ListItem\",\"position\":3,\"name\":\"Rebar Stirrup Bending Machine GF20\"}]},{\"@type\":\"WebSite\",\"@id\":\"https:\/\/www.hsymachinery.com\/#website\",\"url\":\"https:\/\/www.hsymachinery.com\/\",\"name\":\"HSY Construction Machinery\",\"description\":\"HSY Machinery \u2013 A leading China construction machinery supplier, offering a wide range of light construction equipment. Our main products include Rebar Cutting Machine, Rebar Bending Machine, Rebar Stirrup Bending Machine, Rebar Arc Bending Machine, Rebar Straightening Machine, Five-Head Rebar Stirrup Bending Machine, Tamping Rammer, Plate Compactor, Concrete Cutter, Power Trowel, and other construction machinery. We are equipped with advanced CNC machines, and we enforce strict quality inspection standards along with comprehensive after-sales service. If you are interested in our products or services, we warmly welcome your inquiries via message.\",\"publisher\":{\"@id\":\"https:\/\/www.hsymachinery.com\/#organization\"},\"potentialAction\":[{\"@type\":\"SearchAction\",\"target\":{\"@type\":\"EntryPoint\",\"urlTemplate\":\"https:\/\/www.hsymachinery.com\/?s={search_term_string}\"},\"query-input\":{\"@type\":\"PropertyValueSpecification\",\"valueRequired\":true,\"valueName\":\"search_term_string\"}}],\"inLanguage\":\"ro-RO\"},{\"@type\":\"Organization\",\"@id\":\"https:\/\/www.hsymachinery.com\/#organization\",\"name\":\"HSY Construction Machinery\",\"url\":\"https:\/\/www.hsymachinery.com\/\",\"logo\":{\"@type\":\"ImageObject\",\"inLanguage\":\"ro-RO\",\"@id\":\"https:\/\/www.hsymachinery.com\/#\/schema\/logo\/image\/\",\"url\":\"https:\/\/www.hsymachinery.com\/wp-content\/uploads\/2025\/06\/cropped-HSY-machinery.png\",\"contentUrl\":\"https:\/\/www.hsymachinery.com\/wp-content\/uploads\/2025\/06\/cropped-HSY-machinery.png\",\"width\":600,\"height\":240,\"caption\":\"HSY Construction Machinery\"},\"image\":{\"@id\":\"https:\/\/www.hsymachinery.com\/#\/schema\/logo\/image\/\"}}]}<\/script>\n<!-- \/ Yoast SEO plugin. -->","yoast_head_json":{"title":"Ma\u0219in\u0103 de \u00eendoire a arm\u0103turilor GF20 - HSY Ma\u0219ini de construc\u021bii","description":"Ma\u0219ina de \u00eendoit bare de o\u021bel GF20 \u00eendoaie bare de o\u021bel de 6-16 mm \u00een st\u00e2lpi rapid \u0219i precis. Compact, fiabil \u0219i preg\u0103tit pentru export.","robots":{"index":"index","follow":"follow","max-snippet":"max-snippet:-1","max-image-preview":"max-image-preview:large","max-video-preview":"max-video-preview:-1"},"canonical":"https:\/\/www.hsymachinery.com\/ro\/product\/rebar-masina-de-indoire-gf20-stirrup\/","og_locale":"ro_RO","og_type":"article","og_title":"Rebar Stirrup Bending Machine GF20 - HSY Construction Machinery","og_description":"Rebar Stirrup Bending Machine GF20 bends 6\u201316mm steel bars into stirrups quickly and accurately. Compact, reliable, and ready for export.","og_url":"https:\/\/www.hsymachinery.com\/ro\/product\/rebar-masina-de-indoire-gf20-stirrup\/","og_site_name":"HSY Construction Machinery","article_modified_time":"2025-06-27T09:33:18+00:00","og_image":[{"width":600,"height":600,"url":"https:\/\/www.hsymachinery.com\/wp-content\/uploads\/2025\/06\/Rebar-Stirrup-Bending-Machine-GF20.jpg","type":"image\/jpeg"}],"twitter_card":"summary_large_image","twitter_misc":{"Timp estimat pentru citire":"2 minute"},"schema":{"@context":"https:\/\/schema.org","@graph":[{"@type":"WebPage","@id":"https:\/\/www.hsymachinery.com\/product\/rebar-stirrup-bending-machine-gf20\/","url":"https:\/\/www.hsymachinery.com\/product\/rebar-stirrup-bending-machine-gf20\/","name":"Ma\u0219in\u0103 de \u00eendoire a arm\u0103turilor GF20 - HSY Ma\u0219ini de construc\u021bii","isPartOf":{"@id":"https:\/\/www.hsymachinery.com\/#website"},"primaryImageOfPage":{"@id":"https:\/\/www.hsymachinery.com\/product\/rebar-stirrup-bending-machine-gf20\/#primaryimage"},"image":{"@id":"https:\/\/www.hsymachinery.com\/product\/rebar-stirrup-bending-machine-gf20\/#primaryimage"},"thumbnailUrl":"https:\/\/www.hsymachinery.com\/wp-content\/uploads\/2025\/06\/Rebar-Stirrup-Bending-Machine-GF20.jpg","datePublished":"2025-06-18T04:05:35+00:00","dateModified":"2025-06-27T09:33:18+00:00","description":"Ma\u0219ina de \u00eendoit bare de o\u021bel GF20 \u00eendoaie bare de o\u021bel de 6-16 mm \u00een st\u00e2lpi rapid \u0219i precis. Compact, fiabil \u0219i preg\u0103tit pentru export.","breadcrumb":{"@id":"https:\/\/www.hsymachinery.com\/product\/rebar-stirrup-bending-machine-gf20\/#breadcrumb"},"inLanguage":"ro-RO","potentialAction":[{"@type":"ReadAction","target":["https:\/\/www.hsymachinery.com\/product\/rebar-stirrup-bending-machine-gf20\/"]}]},{"@type":"ImageObject","inLanguage":"ro-RO","@id":"https:\/\/www.hsymachinery.com\/product\/rebar-stirrup-bending-machine-gf20\/#primaryimage","url":"https:\/\/www.hsymachinery.com\/wp-content\/uploads\/2025\/06\/Rebar-Stirrup-Bending-Machine-GF20.jpg","contentUrl":"https:\/\/www.hsymachinery.com\/wp-content\/uploads\/2025\/06\/Rebar-Stirrup-Bending-Machine-GF20.jpg","width":600,"height":600},{"@type":"BreadcrumbList","@id":"https:\/\/www.hsymachinery.com\/product\/rebar-stirrup-bending-machine-gf20\/#breadcrumb","itemListElement":[{"@type":"ListItem","position":1,"name":"home","item":"https:\/\/www.hsymachinery.com\/"},{"@type":"ListItem","position":2,"name":"products","item":"https:\/\/www.hsymachinery.com\/products\/"},{"@type":"ListItem","position":3,"name":"Rebar Stirrup Bending Machine GF20"}]},{"@type":"WebSite","@id":"https:\/\/www.hsymachinery.com\/#website","url":"https:\/\/www.hsymachinery.com\/","name":"HSY Ma\u0219ini de construc\u021bii","description":"HSY Machinery - Un furnizor lider de ma\u0219ini de construc\u021bii din China, care ofer\u0103 o gam\u0103 larg\u0103 de echipamente de construc\u021bii u\u0219oare. Produsele noastre principale includ Ma\u0219ina de t\u0103iat arm\u0103turi, Ma\u0219ina de \u00eendoit arm\u0103turi, Ma\u0219ina de \u00eendoit st\u00e2lpi de arm\u0103turi, Ma\u0219ina de \u00eendoit arcuri de arm\u0103turi, Ma\u0219ina de \u00eendreptat arm\u0103turi, Ma\u0219ina de \u00eendoit st\u00e2lpi de arm\u0103turi cu cinci capete, Rammer de compactare, Compactor de pl\u0103ci, T\u0103ietor de beton, Mistrie electric\u0103 \u0219i alte utilaje de construc\u021bii. Suntem echipa\u021bi cu ma\u0219ini CNC avansate \u0219i aplic\u0103m standarde stricte de inspec\u021bie a calit\u0103\u021bii, \u00eempreun\u0103 cu servicii post-v\u00e2nzare complete. Dac\u0103 sunte\u021bi interesat de produsele sau serviciile noastre, primim cu c\u0103ldur\u0103 cererile dvs. prin mesaj.","publisher":{"@id":"https:\/\/www.hsymachinery.com\/#organization"},"potentialAction":[{"@type":"SearchAction","target":{"@type":"EntryPoint","urlTemplate":"https:\/\/www.hsymachinery.com\/?s={search_term_string}"},"query-input":{"@type":"PropertyValueSpecification","valueRequired":true,"valueName":"search_term_string"}}],"inLanguage":"ro-RO"},{"@type":"Organization","@id":"https:\/\/www.hsymachinery.com\/#organization","name":"HSY Ma\u0219ini de construc\u021bii","url":"https:\/\/www.hsymachinery.com\/","logo":{"@type":"ImageObject","inLanguage":"ro-RO","@id":"https:\/\/www.hsymachinery.com\/#\/schema\/logo\/image\/","url":"https:\/\/www.hsymachinery.com\/wp-content\/uploads\/2025\/06\/cropped-HSY-machinery.png","contentUrl":"https:\/\/www.hsymachinery.com\/wp-content\/uploads\/2025\/06\/cropped-HSY-machinery.png","width":600,"height":240,"caption":"HSY Construction Machinery"},"image":{"@id":"https:\/\/www.hsymachinery.com\/#\/schema\/logo\/image\/"}}]}},"_links":{"self":[{"href":"https:\/\/www.hsymachinery.com\/ro\/wp-json\/wp\/v2\/product\/8958","targetHints":{"allow":["GET"]}}],"collection":[{"href":"https:\/\/www.hsymachinery.com\/ro\/wp-json\/wp\/v2\/product"}],"about":[{"href":"https:\/\/www.hsymachinery.com\/ro\/wp-json\/wp\/v2\/types\/product"}],"version-history":[{"count":4,"href":"https:\/\/www.hsymachinery.com\/ro\/wp-json\/wp\/v2\/product\/8958\/revisions"}],"predecessor-version":[{"id":9376,"href":"https:\/\/www.hsymachinery.com\/ro\/wp-json\/wp\/v2\/product\/8958\/revisions\/9376"}],"wp:featuredmedia":[{"embeddable":true,"href":"https:\/\/www.hsymachinery.com\/ro\/wp-json\/wp\/v2\/media\/8960"}],"wp:attachment":[{"href":"https:\/\/www.hsymachinery.com\/ro\/wp-json\/wp\/v2\/media?parent=8958"}],"wp:term":[{"taxonomy":"product_brand","embeddable":true,"href":"https:\/\/www.hsymachinery.com\/ro\/wp-json\/wp\/v2\/product_brand?post=8958"},{"taxonomy":"product_cat","embeddable":true,"href":"https:\/\/www.hsymachinery.com\/ro\/wp-json\/wp\/v2\/product_cat?post=8958"},{"taxonomy":"product_tag","embeddable":true,"href":"https:\/\/www.hsymachinery.com\/ro\/wp-json\/wp\/v2\/product_tag?post=8958"}],"curies":[{"name":"wp","href":"https:\/\/api.w.org\/{rel}","templated":true}]}}