{"id":8943,"date":"2025-06-18T11:59:17","date_gmt":"2025-06-18T03:59:17","guid":{"rendered":"https:\/\/www.hsymachinery.com\/?post_type=product&#038;p=8943"},"modified":"2025-06-25T23:11:34","modified_gmt":"2025-06-25T15:11:34","slug":"masina-de-indoire-a-armaturilor-gw45","status":"publish","type":"product","link":"https:\/\/www.hsymachinery.com\/ro\/product\/masina-de-indoire-a-armaturilor-gw45\/","title":{"rendered":"Rebar ma\u0219in\u0103 de \u00eendoire GW45"},"content":{"rendered":"<h3 data-start=\"110\" data-end=\"191\">O\u021bel de dimensiuni medii Rebar Bender pentru bare de 6-36mm | Echipament de \u00eendoire pentru construc\u021bii<\/h3>\n<h3 data-start=\"198\" data-end=\"297\">Prezentare general\u0103 a produsului - Ma\u0219in\u0103 de \u00eendoire a arm\u0103turilor de mare putere pentru proiecte de construc\u021bii \u0219i infrastructur\u0103<\/h3>\n<p data-start=\"299\" data-end=\"609\">The <strong data-start=\"303\" data-end=\"333\">Rebar ma\u0219in\u0103 de \u00eendoire GW45<\/strong> este proiectat pentru a face fa\u021b\u0103 <strong data-start=\"358\" data-end=\"373\">6 mm p\u00e2n\u0103 la 36 mm<\/strong> bare de o\u021bel cu o precizie \u0219i o eficien\u021b\u0103 de \u00eendoire ridicate. Aceast\u0103 \u00eendoitoare de bare de o\u021bel pentru construc\u021bii este potrivit\u0103 at\u00e2t pentru lucr\u0103rile de \u0219antier, c\u00e2t \u0219i pentru \u0219antierele de fabrica\u021bie, \u00een special \u00een proiecte precum autostr\u0103zi, complexe reziden\u021biale, poduri \u0219i tuneluri.<\/p>\n<p data-start=\"611\" data-end=\"796\">Cadrul s\u0103u durabil, motorul puternic \u0219i unghiurile de \u00eendoire reglabile fac ca GW45 s\u0103 fie ideal pentru profesioni\u0219tii care caut\u0103 fiabilitate \u0219i flexibilitate \u00een munca zilnic\u0103 de armare a o\u021belului.<\/p>\n<h3 data-start=\"803\" data-end=\"853\">Control \u00eembun\u0103t\u0103\u021bit \u0219i \u00eendoire de \u00eenalt\u0103 precizie<\/h3>\n<p data-start=\"855\" data-end=\"1182\">The <strong data-start=\"859\" data-end=\"889\"><a href=\"https:\/\/www.hsymachinery.com\/ro\/produse\/masina-de-indoire-a-armaturilor-2\/\" target=\"_blank\" rel=\"noopener\">Ma\u0219in\u0103 de \u00eendoire a arm\u0103turilor<\/a> GW45<\/strong> utilizeaz\u0103 un disc de \u00eendoire rotativ \u0219i un sistem mecanic de oprire pentru a crea \u00eendoiri precise de la 0\u00b0 la 180\u00b0. Operatorii pot seta unghiuri diferite rapid \u0219i consecvent pentru st\u00e2lpi complec\u0219i sau forme personalizate de arm\u0103tur\u0103. Mai mult dec\u00e2t at\u00e2t, discul de \u00eendoire plat \u0219i puternic gestioneaz\u0103 o\u021belul cu diametru mare f\u0103r\u0103 deformare.<\/p>\n<p data-start=\"1184\" data-end=\"1384\">A <strong data-start=\"1186\" data-end=\"1207\">motor cu miez de cupru<\/strong> alimenteaz\u0103 ma\u0219ina, oferind un cuplu constant \u0219i un nivel redus de zgomot. Caracteristicile <strong data-start=\"1281\" data-end=\"1299\">cutie de viteze etan\u0219\u0103<\/strong> asigur\u0103 o transmisie mai lin\u0103, o \u00eentre\u021binere redus\u0103 \u0219i o durat\u0103 de via\u021b\u0103 opera\u021bional\u0103 mai lung\u0103.<\/p>\n<h3 data-start=\"1391\" data-end=\"1446\">\u00a0Construit pentru a rezista condi\u021biilor dificile de construc\u021bie<\/h3>\n<p data-start=\"1448\" data-end=\"1709\">GW45 are un cadru din o\u021bel ranforsat \u0219i componente de \u00eendoire de mare impact. Acesta func\u021bioneaz\u0103 fiabil \u00een condi\u021bii dificile, cum ar fi \u0219antierele de construc\u021bii pr\u0103fuite \u0219i atelierele mobile. Datorit\u0103 ro\u021bilor sale solide, utilizatorii pot repozi\u021biona cu u\u0219urin\u021b\u0103 ma\u0219ina \u00een func\u021bie de necesit\u0103\u021bi.<\/p>\n<p data-start=\"1711\" data-end=\"1936\">\u00cen plus, aceast\u0103 ma\u0219in\u0103 de \u00eendoit arm\u0103turi include comenzi cu pedal\u0103 sau comutator manual pentru siguran\u021b\u0103 \u0219i confort opera\u021bional. Op\u021biunile de tensiune \u0219i frecven\u021b\u0103 (220V\/380V, 50Hz\/60Hz) fac ca GW45 s\u0103 fie potrivit\u0103 pentru pie\u021bele globale.<\/p>\n<h3 data-start=\"1943\" data-end=\"1991\">De ce s\u0103 alege\u021bi GW45 Rebar Bending Machine?<\/h3>\n<ul data-start=\"1993\" data-end=\"2219\">\n<li data-start=\"1993\" data-end=\"2060\">\n<p data-start=\"1995\" data-end=\"2060\">Curbeaz\u0103 cu precizie bare de o\u021bel de 6-36 mm cu un control constant al unghiului<\/p>\n<\/li>\n<li data-start=\"2061\" data-end=\"2112\">\n<p data-start=\"2063\" data-end=\"2112\">Motor puternic din cupru \u0219i cutie de viteze cu \u00eentre\u021binere redus\u0103<\/p>\n<\/li>\n<li data-start=\"2113\" data-end=\"2169\">\n<p data-start=\"2115\" data-end=\"2169\">Durabil, mobil \u0219i potrivit pentru condi\u021biile de pe \u0219antier<\/p>\n<\/li>\n<li data-start=\"2170\" data-end=\"2219\">\n<p data-start=\"2172\" data-end=\"2219\">Gata pentru export cu configura\u021bie multi-tensiune<\/p>\n<\/li>\n<\/ul>\n<p><iframe title=\"#construc\u021bie #construc\u021bielucr\u0103tor #rebarbender #rebarbending\" width=\"720\" height=\"405\" src=\"https:\/\/www.youtube.com\/embed\/PJ1hngSXwUg?feature=oembed\" frameborder=\"0\" allow=\"accelerometer; autoplay; clipboard-write; encrypted-media; gyroscope; picture-in-picture; web-share\" referrerpolicy=\"strict-origin-when-cross-origin\" allowfullscreen><\/iframe><\/p>","protected":false},"excerpt":{"rendered":"<p>Ma\u0219ina de \u00eendoit arm\u0103turi GW45 \u00eendoaie bare de o\u021bel de 6-36 mm cu un cuplu u\u0219or \u0219i o precizie ridicat\u0103. Designul s\u0103u robust \u0219i comenzile flexibile o fac ideal\u0103 pentru utilizarea pe \u0219antier \u0219i \u00een atelier.<\/p>","protected":false},"featured_media":8944,"template":"","meta":{"_kad_post_transparent":"default","_kad_post_title":"","_kad_post_layout":"default","_kad_post_sidebar_id":"","_kad_post_content_style":"default","_kad_post_vertical_padding":"default","_kad_post_feature":"","_kad_post_feature_position":"","_kad_post_header":false,"_kad_post_footer":false},"product_brand":[],"product_cat":[28],"product_tag":[998,1004,996,1003,997,1000,1001,999,995,1002],"class_list":{"0":"post-8943","1":"product","2":"type-product","3":"status-publish","4":"has-post-thumbnail","6":"product_cat-rebar-bending-machine","7":"product_tag-automatic-rebar-bending-machine","8":"product_tag-bar-bending-machine-price","9":"product_tag-cnc-rebar-bending-machine","10":"product_tag-construction-rebar-bender","11":"product_tag-electric-rebar-bender","12":"product_tag-electric-rebar-bending-machine","13":"product_tag-hydraulic-rebar-bending-machine","14":"product_tag-portable-rebar-bender","15":"product_tag-rebar-bender","16":"product_tag-steel-bar-bender","18":"first","19":"instock","20":"shipping-taxable","21":"product-type-simple","22":"entry","23":"content-bg","24":"loop-entry"},"yoast_head":"<!-- This site is optimized with the Yoast SEO plugin v25.3.1 - https:\/\/yoast.com\/wordpress\/plugins\/seo\/ -->\n<title>Rebar Bending Machine GW45 - HSY Construction Machinery<\/title>\n<meta name=\"description\" content=\"Rebar Bending Machine GW45 bends 6\u201336mm rebar with excellent control. Reliable, mobile, and ideal for medium-scale construction and steel reinforcement projects.\" \/>\n<meta name=\"robots\" content=\"index, follow, max-snippet:-1, max-image-preview:large, max-video-preview:-1\" \/>\n<link rel=\"canonical\" href=\"https:\/\/www.hsymachinery.com\/ro\/product\/masina-de-indoire-a-armaturilor-gw45\/\" \/>\n<meta property=\"og:locale\" content=\"ro_RO\" \/>\n<meta property=\"og:type\" content=\"article\" \/>\n<meta property=\"og:title\" content=\"Rebar Bending Machine GW45 - HSY Construction Machinery\" \/>\n<meta property=\"og:description\" content=\"Rebar Bending Machine GW45 bends 6\u201336mm rebar with excellent control. Reliable, mobile, and ideal for medium-scale construction and steel reinforcement projects.\" \/>\n<meta property=\"og:url\" content=\"https:\/\/www.hsymachinery.com\/ro\/product\/masina-de-indoire-a-armaturilor-gw45\/\" \/>\n<meta property=\"og:site_name\" content=\"HSY Construction Machinery\" \/>\n<meta property=\"article:modified_time\" content=\"2025-06-25T15:11:34+00:00\" \/>\n<meta property=\"og:image\" content=\"https:\/\/www.hsymachinery.com\/wp-content\/uploads\/2025\/06\/Rebar-Bending-Machine-GW45.jpg\" \/>\n\t<meta property=\"og:image:width\" content=\"600\" \/>\n\t<meta property=\"og:image:height\" content=\"600\" \/>\n\t<meta property=\"og:image:type\" content=\"image\/jpeg\" \/>\n<meta name=\"twitter:card\" content=\"summary_large_image\" \/>\n<meta name=\"twitter:label1\" content=\"Timp estimat pentru citire\" \/>\n\t<meta name=\"twitter:data1\" content=\"2 minute\" \/>\n<script type=\"application\/ld+json\" class=\"yoast-schema-graph\">{\"@context\":\"https:\/\/schema.org\",\"@graph\":[{\"@type\":\"WebPage\",\"@id\":\"https:\/\/www.hsymachinery.com\/product\/rebar-bending-machine-gw45\/\",\"url\":\"https:\/\/www.hsymachinery.com\/product\/rebar-bending-machine-gw45\/\",\"name\":\"Rebar Bending Machine GW45 - HSY Construction Machinery\",\"isPartOf\":{\"@id\":\"https:\/\/www.hsymachinery.com\/#website\"},\"primaryImageOfPage\":{\"@id\":\"https:\/\/www.hsymachinery.com\/product\/rebar-bending-machine-gw45\/#primaryimage\"},\"image\":{\"@id\":\"https:\/\/www.hsymachinery.com\/product\/rebar-bending-machine-gw45\/#primaryimage\"},\"thumbnailUrl\":\"https:\/\/www.hsymachinery.com\/wp-content\/uploads\/2025\/06\/Rebar-Bending-Machine-GW45.jpg\",\"datePublished\":\"2025-06-18T03:59:17+00:00\",\"dateModified\":\"2025-06-25T15:11:34+00:00\",\"description\":\"Rebar Bending Machine GW45 bends 6\u201336mm rebar with excellent control. Reliable, mobile, and ideal for medium-scale construction and steel reinforcement projects.\",\"breadcrumb\":{\"@id\":\"https:\/\/www.hsymachinery.com\/product\/rebar-bending-machine-gw45\/#breadcrumb\"},\"inLanguage\":\"ro-RO\",\"potentialAction\":[{\"@type\":\"ReadAction\",\"target\":[\"https:\/\/www.hsymachinery.com\/product\/rebar-bending-machine-gw45\/\"]}]},{\"@type\":\"ImageObject\",\"inLanguage\":\"ro-RO\",\"@id\":\"https:\/\/www.hsymachinery.com\/product\/rebar-bending-machine-gw45\/#primaryimage\",\"url\":\"https:\/\/www.hsymachinery.com\/wp-content\/uploads\/2025\/06\/Rebar-Bending-Machine-GW45.jpg\",\"contentUrl\":\"https:\/\/www.hsymachinery.com\/wp-content\/uploads\/2025\/06\/Rebar-Bending-Machine-GW45.jpg\",\"width\":600,\"height\":600},{\"@type\":\"BreadcrumbList\",\"@id\":\"https:\/\/www.hsymachinery.com\/product\/rebar-bending-machine-gw45\/#breadcrumb\",\"itemListElement\":[{\"@type\":\"ListItem\",\"position\":1,\"name\":\"home\",\"item\":\"https:\/\/www.hsymachinery.com\/\"},{\"@type\":\"ListItem\",\"position\":2,\"name\":\"products\",\"item\":\"https:\/\/www.hsymachinery.com\/products\/\"},{\"@type\":\"ListItem\",\"position\":3,\"name\":\"Rebar Bending Machine GW45\"}]},{\"@type\":\"WebSite\",\"@id\":\"https:\/\/www.hsymachinery.com\/#website\",\"url\":\"https:\/\/www.hsymachinery.com\/\",\"name\":\"HSY Construction Machinery\",\"description\":\"HSY Machinery \u2013 A leading China construction machinery supplier, offering a wide range of light construction equipment. Our main products include Rebar Cutting Machine, Rebar Bending Machine, Rebar Stirrup Bending Machine, Rebar Arc Bending Machine, Rebar Straightening Machine, Five-Head Rebar Stirrup Bending Machine, Tamping Rammer, Plate Compactor, Concrete Cutter, Power Trowel, and other construction machinery. We are equipped with advanced CNC machines, and we enforce strict quality inspection standards along with comprehensive after-sales service. If you are interested in our products or services, we warmly welcome your inquiries via message.\",\"publisher\":{\"@id\":\"https:\/\/www.hsymachinery.com\/#organization\"},\"potentialAction\":[{\"@type\":\"SearchAction\",\"target\":{\"@type\":\"EntryPoint\",\"urlTemplate\":\"https:\/\/www.hsymachinery.com\/?s={search_term_string}\"},\"query-input\":{\"@type\":\"PropertyValueSpecification\",\"valueRequired\":true,\"valueName\":\"search_term_string\"}}],\"inLanguage\":\"ro-RO\"},{\"@type\":\"Organization\",\"@id\":\"https:\/\/www.hsymachinery.com\/#organization\",\"name\":\"HSY Construction Machinery\",\"url\":\"https:\/\/www.hsymachinery.com\/\",\"logo\":{\"@type\":\"ImageObject\",\"inLanguage\":\"ro-RO\",\"@id\":\"https:\/\/www.hsymachinery.com\/#\/schema\/logo\/image\/\",\"url\":\"https:\/\/www.hsymachinery.com\/wp-content\/uploads\/2025\/06\/cropped-HSY-machinery.png\",\"contentUrl\":\"https:\/\/www.hsymachinery.com\/wp-content\/uploads\/2025\/06\/cropped-HSY-machinery.png\",\"width\":600,\"height\":240,\"caption\":\"HSY Construction Machinery\"},\"image\":{\"@id\":\"https:\/\/www.hsymachinery.com\/#\/schema\/logo\/image\/\"}}]}<\/script>\n<!-- \/ Yoast SEO plugin. -->","yoast_head_json":{"title":"Ma\u0219in\u0103 de \u00eendoire a arm\u0103turilor GW45 - HSY Ma\u0219ini de construc\u021bii","description":"Ma\u0219ina de \u00eendoit arm\u0103turi GW45 \u00eendoaie arm\u0103turi de 6-36 mm cu un control excelent. Fiabil\u0103, mobil\u0103 \u0219i ideal\u0103 pentru construc\u021bii la scar\u0103 medie \u0219i proiecte de armare cu o\u021bel.","robots":{"index":"index","follow":"follow","max-snippet":"max-snippet:-1","max-image-preview":"max-image-preview:large","max-video-preview":"max-video-preview:-1"},"canonical":"https:\/\/www.hsymachinery.com\/ro\/product\/masina-de-indoire-a-armaturilor-gw45\/","og_locale":"ro_RO","og_type":"article","og_title":"Rebar Bending Machine GW45 - HSY Construction Machinery","og_description":"Rebar Bending Machine GW45 bends 6\u201336mm rebar with excellent control. Reliable, mobile, and ideal for medium-scale construction and steel reinforcement projects.","og_url":"https:\/\/www.hsymachinery.com\/ro\/product\/masina-de-indoire-a-armaturilor-gw45\/","og_site_name":"HSY Construction Machinery","article_modified_time":"2025-06-25T15:11:34+00:00","og_image":[{"width":600,"height":600,"url":"https:\/\/www.hsymachinery.com\/wp-content\/uploads\/2025\/06\/Rebar-Bending-Machine-GW45.jpg","type":"image\/jpeg"}],"twitter_card":"summary_large_image","twitter_misc":{"Timp estimat pentru citire":"2 minute"},"schema":{"@context":"https:\/\/schema.org","@graph":[{"@type":"WebPage","@id":"https:\/\/www.hsymachinery.com\/product\/rebar-bending-machine-gw45\/","url":"https:\/\/www.hsymachinery.com\/product\/rebar-bending-machine-gw45\/","name":"Ma\u0219in\u0103 de \u00eendoire a arm\u0103turilor GW45 - HSY Ma\u0219ini de construc\u021bii","isPartOf":{"@id":"https:\/\/www.hsymachinery.com\/#website"},"primaryImageOfPage":{"@id":"https:\/\/www.hsymachinery.com\/product\/rebar-bending-machine-gw45\/#primaryimage"},"image":{"@id":"https:\/\/www.hsymachinery.com\/product\/rebar-bending-machine-gw45\/#primaryimage"},"thumbnailUrl":"https:\/\/www.hsymachinery.com\/wp-content\/uploads\/2025\/06\/Rebar-Bending-Machine-GW45.jpg","datePublished":"2025-06-18T03:59:17+00:00","dateModified":"2025-06-25T15:11:34+00:00","description":"Ma\u0219ina de \u00eendoit arm\u0103turi GW45 \u00eendoaie arm\u0103turi de 6-36 mm cu un control excelent. Fiabil\u0103, mobil\u0103 \u0219i ideal\u0103 pentru construc\u021bii la scar\u0103 medie \u0219i proiecte de armare cu o\u021bel.","breadcrumb":{"@id":"https:\/\/www.hsymachinery.com\/product\/rebar-bending-machine-gw45\/#breadcrumb"},"inLanguage":"ro-RO","potentialAction":[{"@type":"ReadAction","target":["https:\/\/www.hsymachinery.com\/product\/rebar-bending-machine-gw45\/"]}]},{"@type":"ImageObject","inLanguage":"ro-RO","@id":"https:\/\/www.hsymachinery.com\/product\/rebar-bending-machine-gw45\/#primaryimage","url":"https:\/\/www.hsymachinery.com\/wp-content\/uploads\/2025\/06\/Rebar-Bending-Machine-GW45.jpg","contentUrl":"https:\/\/www.hsymachinery.com\/wp-content\/uploads\/2025\/06\/Rebar-Bending-Machine-GW45.jpg","width":600,"height":600},{"@type":"BreadcrumbList","@id":"https:\/\/www.hsymachinery.com\/product\/rebar-bending-machine-gw45\/#breadcrumb","itemListElement":[{"@type":"ListItem","position":1,"name":"home","item":"https:\/\/www.hsymachinery.com\/"},{"@type":"ListItem","position":2,"name":"products","item":"https:\/\/www.hsymachinery.com\/products\/"},{"@type":"ListItem","position":3,"name":"Rebar Bending Machine GW45"}]},{"@type":"WebSite","@id":"https:\/\/www.hsymachinery.com\/#website","url":"https:\/\/www.hsymachinery.com\/","name":"HSY Ma\u0219ini de construc\u021bii","description":"HSY Machinery - Un furnizor lider de ma\u0219ini de construc\u021bii din China, care ofer\u0103 o gam\u0103 larg\u0103 de echipamente de construc\u021bii u\u0219oare. Produsele noastre principale includ Ma\u0219ina de t\u0103iat arm\u0103turi, Ma\u0219ina de \u00eendoit arm\u0103turi, Ma\u0219ina de \u00eendoit st\u00e2lpi de arm\u0103turi, Ma\u0219ina de \u00eendoit arcuri de arm\u0103turi, Ma\u0219ina de \u00eendreptat arm\u0103turi, Ma\u0219ina de \u00eendoit st\u00e2lpi de arm\u0103turi cu cinci capete, Rammer de compactare, Compactor de pl\u0103ci, T\u0103ietor de beton, Mistrie electric\u0103 \u0219i alte utilaje de construc\u021bii. Suntem echipa\u021bi cu ma\u0219ini CNC avansate \u0219i aplic\u0103m standarde stricte de inspec\u021bie a calit\u0103\u021bii, \u00eempreun\u0103 cu servicii post-v\u00e2nzare complete. Dac\u0103 sunte\u021bi interesat de produsele sau serviciile noastre, primim cu c\u0103ldur\u0103 cererile dvs. prin mesaj.","publisher":{"@id":"https:\/\/www.hsymachinery.com\/#organization"},"potentialAction":[{"@type":"SearchAction","target":{"@type":"EntryPoint","urlTemplate":"https:\/\/www.hsymachinery.com\/?s={search_term_string}"},"query-input":{"@type":"PropertyValueSpecification","valueRequired":true,"valueName":"search_term_string"}}],"inLanguage":"ro-RO"},{"@type":"Organization","@id":"https:\/\/www.hsymachinery.com\/#organization","name":"HSY Ma\u0219ini de construc\u021bii","url":"https:\/\/www.hsymachinery.com\/","logo":{"@type":"ImageObject","inLanguage":"ro-RO","@id":"https:\/\/www.hsymachinery.com\/#\/schema\/logo\/image\/","url":"https:\/\/www.hsymachinery.com\/wp-content\/uploads\/2025\/06\/cropped-HSY-machinery.png","contentUrl":"https:\/\/www.hsymachinery.com\/wp-content\/uploads\/2025\/06\/cropped-HSY-machinery.png","width":600,"height":240,"caption":"HSY Construction Machinery"},"image":{"@id":"https:\/\/www.hsymachinery.com\/#\/schema\/logo\/image\/"}}]}},"_links":{"self":[{"href":"https:\/\/www.hsymachinery.com\/ro\/wp-json\/wp\/v2\/product\/8943","targetHints":{"allow":["GET"]}}],"collection":[{"href":"https:\/\/www.hsymachinery.com\/ro\/wp-json\/wp\/v2\/product"}],"about":[{"href":"https:\/\/www.hsymachinery.com\/ro\/wp-json\/wp\/v2\/types\/product"}],"version-history":[{"count":3,"href":"https:\/\/www.hsymachinery.com\/ro\/wp-json\/wp\/v2\/product\/8943\/revisions"}],"predecessor-version":[{"id":9352,"href":"https:\/\/www.hsymachinery.com\/ro\/wp-json\/wp\/v2\/product\/8943\/revisions\/9352"}],"wp:featuredmedia":[{"embeddable":true,"href":"https:\/\/www.hsymachinery.com\/ro\/wp-json\/wp\/v2\/media\/8944"}],"wp:attachment":[{"href":"https:\/\/www.hsymachinery.com\/ro\/wp-json\/wp\/v2\/media?parent=8943"}],"wp:term":[{"taxonomy":"product_brand","embeddable":true,"href":"https:\/\/www.hsymachinery.com\/ro\/wp-json\/wp\/v2\/product_brand?post=8943"},{"taxonomy":"product_cat","embeddable":true,"href":"https:\/\/www.hsymachinery.com\/ro\/wp-json\/wp\/v2\/product_cat?post=8943"},{"taxonomy":"product_tag","embeddable":true,"href":"https:\/\/www.hsymachinery.com\/ro\/wp-json\/wp\/v2\/product_tag?post=8943"}],"curies":[{"name":"wp","href":"https:\/\/api.w.org\/{rel}","templated":true}]}}