{"id":8936,"date":"2025-06-18T11:31:16","date_gmt":"2025-06-18T03:31:16","guid":{"rendered":"https:\/\/www.hsymachinery.com\/?post_type=product&#038;p=8936"},"modified":"2025-06-25T22:33:35","modified_gmt":"2025-06-25T14:33:35","slug":"masina-de-taiat-armatura-gq60-cutit-rotund","status":"publish","type":"product","link":"https:\/\/www.hsymachinery.com\/ro\/product\/masina-de-taiat-armatura-gq60-cutit-rotund\/","title":{"rendered":"Ma\u0219in\u0103 de t\u0103iat arm\u0103turi GQ60 (cu\u021bit rotund)"},"content":{"rendered":"<h3 data-start=\"318\" data-end=\"396\">Cutter cu lam\u0103 rotund\u0103 ultra-capacitate pentru prelucrarea de precizie a barelor grele<\/h3>\n<h3 data-start=\"403\" data-end=\"482\">Prezentare general\u0103 a produsului - Echipament de t\u0103iere a barelor de arm\u0103tur\u0103 Rolling-Shear pentru bare de 6-50 mm<\/h3>\n<p data-start=\"484\" data-end=\"832\">The <strong data-start=\"488\" data-end=\"532\">Ma\u0219in\u0103 de t\u0103iat arm\u0103turi GQ60 (cu\u021bit rotund)<\/strong> asigur\u0103 o t\u0103iere puternic\u0103 \u0219i precis\u0103 pentru <strong data-start=\"575\" data-end=\"596\">Bare de o\u021bel de 6-50 mm<\/strong>. Echipele de construc\u021bii se bazeaz\u0103 pe aceast\u0103 ma\u0219in\u0103 pentru a prelucra cu u\u0219urin\u021b\u0103 o\u021bel carbon, bare rotunde \u0219i bare cu nervuri. Modelul <strong data-start=\"706\" data-end=\"728\">design cu\u021bit rotund<\/strong> utilizeaz\u0103 o mi\u0219care de rulare-t\u0103iere. Ca rezultat, aceasta reduce rezisten\u021ba \u0219i permite t\u0103ieri mai netede \u0219i mai rapide.<\/p>\n<p data-start=\"834\" data-end=\"942\">Antreprenorii utilizeaz\u0103 acest model \u00een proiecte la scar\u0103 larg\u0103, cum ar fi poduri, tuneluri, porturi \u0219i lucr\u0103ri de o\u021bel structural.<\/p>\n<h3 data-start=\"949\" data-end=\"996\">\u00a0Designul cu\u021bitului rulant pentru rezultate mai clare<\/h3>\n<p data-start=\"998\" data-end=\"1206\">Lama rotund\u0103 se rote\u0219te \u00een timpul mi\u0219c\u0103rii de t\u0103iere. Acest lucru creeaz\u0103 o ac\u021biune de alunecare care aplic\u0103 mai pu\u021bin impact direct at\u00e2t asupra lamei, c\u00e2t \u0219i asupra o\u021belului. Prin urmare, ma\u0219ina produce muchii mai curate \u0219i prelunge\u0219te durata de via\u021b\u0103 a lamei.<\/p>\n<p data-start=\"1208\" data-end=\"1467\">A <strong data-start=\"1210\" data-end=\"1242\">motor din cupru de \u00eenalt\u0103 eficien\u021b\u0103<\/strong> alimenteaz\u0103 ma\u0219ina. Aceasta asigur\u0103 un cuplu puternic pe parcursul turelor lungi, f\u0103r\u0103 supra\u00eenc\u0103lzire. \u00cen plus, cutia de viteze intern\u0103 asigur\u0103 o transmisie stabil\u0103 a cuplului. Operatorii se confrunt\u0103 cu vibra\u021bii minime \u0219i consum redus de energie.<\/p>\n<h3 data-start=\"1474\" data-end=\"1514\">\u00a0Cadru robust \u0219i \u00eentre\u021binere u\u0219oar\u0103<\/h3>\n<p data-start=\"1516\" data-end=\"1720\">A <strong data-start=\"1518\" data-end=\"1548\">cadru armat din font\u0103<\/strong> sus\u021bine durabilitatea GQ60. Lucr\u0103torii pot deplasa utilajul pe \u0219antiere accidentate cu ajutorul <strong data-start=\"1643\" data-end=\"1664\">ro\u021bi rezistente<\/strong>. O p\u00e2rghie cu m\u00e2ner lung asigur\u0103 un control sigur, la \u00eendem\u00e2n\u0103.<\/p>\n<p data-start=\"1722\" data-end=\"1904\">\u00cen plus, capacul superior al ma\u0219inii se deschide cu u\u0219urin\u021b\u0103. Tehnicienii pot inspecta sau schimba lamele f\u0103r\u0103 a \u00eendep\u0103rta panourile suplimentare. Acest design scurteaz\u0103 timpii mor\u021bi \u0219i \u00eembun\u0103t\u0103\u021be\u0219te eficien\u021ba muncii.<\/p>\n<h3 data-start=\"1911\" data-end=\"1959\">Construit pentru export \u0219i func\u021bionare continu\u0103<\/h3>\n<p data-start=\"1961\" data-end=\"2146\">The <a href=\"https:\/\/www.hsymachinery.com\/ro\/produse\/masina-de-taiat-armaturi\/\" target=\"_blank\" rel=\"noopener\">Ma\u0219in\u0103 de t\u0103iat arm\u0103turi<\/a> Suporturi GQ60 (cu\u021bit rotund) <strong data-start=\"1997\" data-end=\"2025\">standarde globale de tensiune<\/strong> (220V\/380V, 50Hz\/60Hz). Companiile de construc\u021bii din \u00eentreaga lume au \u00eencredere \u00een acest model pentru opera\u021biunile solicitante de t\u0103iere a o\u021belului.<\/p>\n<h3 data-start=\"2153\" data-end=\"2198\">Principalele avantaje ale t\u0103ietorului cu cu\u021bit rotund GQ60<\/h3>\n<ul data-start=\"2200\" data-end=\"2421\">\n<li data-start=\"2200\" data-end=\"2262\">\n<p data-start=\"2202\" data-end=\"2262\">Taie bare de o\u021bel de 6-50 mm cu o precizie lin\u0103 de rulare-t\u0103iere<\/p>\n<\/li>\n<li data-start=\"2263\" data-end=\"2312\">\n<p data-start=\"2265\" data-end=\"2312\">Prelunge\u0219te durata de via\u021b\u0103 a lamei \u0219i reduce efortul de t\u0103iere<\/p>\n<\/li>\n<li data-start=\"2313\" data-end=\"2379\">\n<p data-start=\"2315\" data-end=\"2379\">Rezist\u0103 ore \u00eendelungate \u00een medii de construc\u021bie cu randament ridicat<\/p>\n<\/li>\n<li data-start=\"2380\" data-end=\"2421\">\n<p data-start=\"2382\" data-end=\"2421\">Preg\u0103tit pentru export cu suport multi-tensiune<\/p>\n<\/li>\n<\/ul>\n<p><iframe title=\"Ma\u0219in\u0103 de t\u0103iat bare de o\u021bel, ma\u0219in\u0103 de t\u0103iat bare de o\u021bel, ma\u0219in\u0103 de t\u0103iat bare de o\u021bel, utilaje de construc\u021bii\" width=\"720\" height=\"405\" src=\"https:\/\/www.youtube.com\/embed\/cIrJPBezWsw?feature=oembed\" frameborder=\"0\" allow=\"accelerometer; autoplay; clipboard-write; encrypted-media; gyroscope; picture-in-picture; web-share\" referrerpolicy=\"strict-origin-when-cross-origin\" allowfullscreen><\/iframe><\/p>","protected":false},"excerpt":{"rendered":"<p>GQ60 cu\u021bit rotund Rebar Cutter se ocup\u0103 de bare de o\u021bel de 6-50 mm cu rezisten\u021b\u0103 sc\u0103zut\u0103 \u0219i rulare-t\u0103iere lin\u0103. Potrivit pentru construc\u021bii grele \u0219i proiecte globale de export.<\/p>","protected":false},"featured_media":8937,"template":"","meta":{"_kad_post_transparent":"default","_kad_post_title":"","_kad_post_layout":"default","_kad_post_sidebar_id":"","_kad_post_content_style":"default","_kad_post_vertical_padding":"default","_kad_post_feature":"","_kad_post_feature_position":"","_kad_post_header":false,"_kad_post_footer":false},"product_brand":[],"product_cat":[51],"product_tag":[988,992,990,989,993,985,994,987,984,991,986],"class_list":{"0":"post-8936","1":"product","2":"type-product","3":"status-publish","4":"has-post-thumbnail","6":"product_cat-rebar-cutting-machine","7":"product_tag-automatic-rebar-cutter","8":"product_tag-construction-steel-bar-cutter","9":"product_tag-electric-rebar-cutting-tool","10":"product_tag-hydraulic-rebar-cutting-machine","11":"product_tag-portable-rebar-cutting-machine","12":"product_tag-rebar-cutter","13":"product_tag-rebar-cutting-machine","14":"product_tag-reinforcement-bar-cutter","15":"product_tag-steel-bar-cutting-machine","16":"product_tag-steel-rod-cutter-machine","17":"product_tag-tmt-bar-cutting-machine","19":"first","20":"instock","21":"shipping-taxable","22":"product-type-simple","23":"entry","24":"content-bg","25":"loop-entry"},"yoast_head":"<!-- This site is optimized with the Yoast SEO plugin v25.3.1 - https:\/\/yoast.com\/wordpress\/plugins\/seo\/ -->\n<title>Rebar Cutting Machine GQ60 (Round knife) - HSY Construction Machinery<\/title>\n<meta name=\"description\" content=\"Rebar Cutting Machine GQ60 (Round Knife) processes 6\u201350mm bars using rolling-shear action. Ideal for industrial construction and international export.\" \/>\n<meta name=\"robots\" content=\"index, follow, max-snippet:-1, max-image-preview:large, max-video-preview:-1\" \/>\n<link rel=\"canonical\" href=\"https:\/\/www.hsymachinery.com\/ro\/product\/masina-de-taiat-armatura-gq60-cutit-rotund\/\" \/>\n<meta property=\"og:locale\" content=\"ro_RO\" \/>\n<meta property=\"og:type\" content=\"article\" \/>\n<meta property=\"og:title\" content=\"Rebar Cutting Machine GQ60 (Round knife) - HSY Construction Machinery\" \/>\n<meta property=\"og:description\" content=\"Rebar Cutting Machine GQ60 (Round Knife) processes 6\u201350mm bars using rolling-shear action. Ideal for industrial construction and international export.\" \/>\n<meta property=\"og:url\" content=\"https:\/\/www.hsymachinery.com\/ro\/product\/masina-de-taiat-armatura-gq60-cutit-rotund\/\" \/>\n<meta property=\"og:site_name\" content=\"HSY Construction Machinery\" \/>\n<meta property=\"article:modified_time\" content=\"2025-06-25T14:33:35+00:00\" \/>\n<meta property=\"og:image\" content=\"https:\/\/www.hsymachinery.com\/wp-content\/uploads\/2025\/06\/Rebar-Cutting-Machine-GQ60-Round-knife.jpg\" \/>\n\t<meta property=\"og:image:width\" content=\"600\" \/>\n\t<meta property=\"og:image:height\" content=\"600\" \/>\n\t<meta property=\"og:image:type\" content=\"image\/jpeg\" \/>\n<meta name=\"twitter:card\" content=\"summary_large_image\" \/>\n<meta name=\"twitter:label1\" content=\"Timp estimat pentru citire\" \/>\n\t<meta name=\"twitter:data1\" content=\"2 minute\" \/>\n<script type=\"application\/ld+json\" class=\"yoast-schema-graph\">{\"@context\":\"https:\/\/schema.org\",\"@graph\":[{\"@type\":\"WebPage\",\"@id\":\"https:\/\/www.hsymachinery.com\/product\/rebar-cutting-machine-gq60-round-knife\/\",\"url\":\"https:\/\/www.hsymachinery.com\/product\/rebar-cutting-machine-gq60-round-knife\/\",\"name\":\"Rebar Cutting Machine GQ60 (Round knife) - HSY Construction Machinery\",\"isPartOf\":{\"@id\":\"https:\/\/www.hsymachinery.com\/#website\"},\"primaryImageOfPage\":{\"@id\":\"https:\/\/www.hsymachinery.com\/product\/rebar-cutting-machine-gq60-round-knife\/#primaryimage\"},\"image\":{\"@id\":\"https:\/\/www.hsymachinery.com\/product\/rebar-cutting-machine-gq60-round-knife\/#primaryimage\"},\"thumbnailUrl\":\"https:\/\/www.hsymachinery.com\/wp-content\/uploads\/2025\/06\/Rebar-Cutting-Machine-GQ60-Round-knife.jpg\",\"datePublished\":\"2025-06-18T03:31:16+00:00\",\"dateModified\":\"2025-06-25T14:33:35+00:00\",\"description\":\"Rebar Cutting Machine GQ60 (Round Knife) processes 6\u201350mm bars using rolling-shear action. Ideal for industrial construction and international export.\",\"breadcrumb\":{\"@id\":\"https:\/\/www.hsymachinery.com\/product\/rebar-cutting-machine-gq60-round-knife\/#breadcrumb\"},\"inLanguage\":\"ro-RO\",\"potentialAction\":[{\"@type\":\"ReadAction\",\"target\":[\"https:\/\/www.hsymachinery.com\/product\/rebar-cutting-machine-gq60-round-knife\/\"]}]},{\"@type\":\"ImageObject\",\"inLanguage\":\"ro-RO\",\"@id\":\"https:\/\/www.hsymachinery.com\/product\/rebar-cutting-machine-gq60-round-knife\/#primaryimage\",\"url\":\"https:\/\/www.hsymachinery.com\/wp-content\/uploads\/2025\/06\/Rebar-Cutting-Machine-GQ60-Round-knife.jpg\",\"contentUrl\":\"https:\/\/www.hsymachinery.com\/wp-content\/uploads\/2025\/06\/Rebar-Cutting-Machine-GQ60-Round-knife.jpg\",\"width\":600,\"height\":600},{\"@type\":\"BreadcrumbList\",\"@id\":\"https:\/\/www.hsymachinery.com\/product\/rebar-cutting-machine-gq60-round-knife\/#breadcrumb\",\"itemListElement\":[{\"@type\":\"ListItem\",\"position\":1,\"name\":\"home\",\"item\":\"https:\/\/www.hsymachinery.com\/\"},{\"@type\":\"ListItem\",\"position\":2,\"name\":\"products\",\"item\":\"https:\/\/www.hsymachinery.com\/products\/\"},{\"@type\":\"ListItem\",\"position\":3,\"name\":\"Rebar Cutting Machine GQ60 (Round knife)\"}]},{\"@type\":\"WebSite\",\"@id\":\"https:\/\/www.hsymachinery.com\/#website\",\"url\":\"https:\/\/www.hsymachinery.com\/\",\"name\":\"HSY Construction Machinery\",\"description\":\"HSY Machinery \u2013 A leading China construction machinery supplier, offering a wide range of light construction equipment. Our main products include Rebar Cutting Machine, Rebar Bending Machine, Rebar Stirrup Bending Machine, Rebar Arc Bending Machine, Rebar Straightening Machine, Five-Head Rebar Stirrup Bending Machine, Tamping Rammer, Plate Compactor, Concrete Cutter, Power Trowel, and other construction machinery. We are equipped with advanced CNC machines, and we enforce strict quality inspection standards along with comprehensive after-sales service. If you are interested in our products or services, we warmly welcome your inquiries via message.\",\"publisher\":{\"@id\":\"https:\/\/www.hsymachinery.com\/#organization\"},\"potentialAction\":[{\"@type\":\"SearchAction\",\"target\":{\"@type\":\"EntryPoint\",\"urlTemplate\":\"https:\/\/www.hsymachinery.com\/?s={search_term_string}\"},\"query-input\":{\"@type\":\"PropertyValueSpecification\",\"valueRequired\":true,\"valueName\":\"search_term_string\"}}],\"inLanguage\":\"ro-RO\"},{\"@type\":\"Organization\",\"@id\":\"https:\/\/www.hsymachinery.com\/#organization\",\"name\":\"HSY Construction Machinery\",\"url\":\"https:\/\/www.hsymachinery.com\/\",\"logo\":{\"@type\":\"ImageObject\",\"inLanguage\":\"ro-RO\",\"@id\":\"https:\/\/www.hsymachinery.com\/#\/schema\/logo\/image\/\",\"url\":\"https:\/\/www.hsymachinery.com\/wp-content\/uploads\/2025\/06\/cropped-HSY-machinery.png\",\"contentUrl\":\"https:\/\/www.hsymachinery.com\/wp-content\/uploads\/2025\/06\/cropped-HSY-machinery.png\",\"width\":600,\"height\":240,\"caption\":\"HSY Construction Machinery\"},\"image\":{\"@id\":\"https:\/\/www.hsymachinery.com\/#\/schema\/logo\/image\/\"}}]}<\/script>\n<!-- \/ Yoast SEO plugin. -->","yoast_head_json":{"title":"Ma\u0219in\u0103 de t\u0103iat arm\u0103tur\u0103 GQ60 (cu\u021bit rotund) - HSY Ma\u0219ini de construc\u021bii","description":"Ma\u0219ina de t\u0103iat arm\u0103turi GQ60 (cu\u021bit rotund) prelucreaz\u0103 bare de 6-50 mm folosind o ac\u021biune de rulare-cisare. Ideal pentru construc\u021bii industriale \u0219i exporturi interna\u021bionale.","robots":{"index":"index","follow":"follow","max-snippet":"max-snippet:-1","max-image-preview":"max-image-preview:large","max-video-preview":"max-video-preview:-1"},"canonical":"https:\/\/www.hsymachinery.com\/ro\/product\/masina-de-taiat-armatura-gq60-cutit-rotund\/","og_locale":"ro_RO","og_type":"article","og_title":"Rebar Cutting Machine GQ60 (Round knife) - HSY Construction Machinery","og_description":"Rebar Cutting Machine GQ60 (Round Knife) processes 6\u201350mm bars using rolling-shear action. Ideal for industrial construction and international export.","og_url":"https:\/\/www.hsymachinery.com\/ro\/product\/masina-de-taiat-armatura-gq60-cutit-rotund\/","og_site_name":"HSY Construction Machinery","article_modified_time":"2025-06-25T14:33:35+00:00","og_image":[{"width":600,"height":600,"url":"https:\/\/www.hsymachinery.com\/wp-content\/uploads\/2025\/06\/Rebar-Cutting-Machine-GQ60-Round-knife.jpg","type":"image\/jpeg"}],"twitter_card":"summary_large_image","twitter_misc":{"Timp estimat pentru citire":"2 minute"},"schema":{"@context":"https:\/\/schema.org","@graph":[{"@type":"WebPage","@id":"https:\/\/www.hsymachinery.com\/product\/rebar-cutting-machine-gq60-round-knife\/","url":"https:\/\/www.hsymachinery.com\/product\/rebar-cutting-machine-gq60-round-knife\/","name":"Ma\u0219in\u0103 de t\u0103iat arm\u0103tur\u0103 GQ60 (cu\u021bit rotund) - HSY Ma\u0219ini de construc\u021bii","isPartOf":{"@id":"https:\/\/www.hsymachinery.com\/#website"},"primaryImageOfPage":{"@id":"https:\/\/www.hsymachinery.com\/product\/rebar-cutting-machine-gq60-round-knife\/#primaryimage"},"image":{"@id":"https:\/\/www.hsymachinery.com\/product\/rebar-cutting-machine-gq60-round-knife\/#primaryimage"},"thumbnailUrl":"https:\/\/www.hsymachinery.com\/wp-content\/uploads\/2025\/06\/Rebar-Cutting-Machine-GQ60-Round-knife.jpg","datePublished":"2025-06-18T03:31:16+00:00","dateModified":"2025-06-25T14:33:35+00:00","description":"Ma\u0219ina de t\u0103iat arm\u0103turi GQ60 (cu\u021bit rotund) prelucreaz\u0103 bare de 6-50 mm folosind o ac\u021biune de rulare-cisare. Ideal pentru construc\u021bii industriale \u0219i exporturi interna\u021bionale.","breadcrumb":{"@id":"https:\/\/www.hsymachinery.com\/product\/rebar-cutting-machine-gq60-round-knife\/#breadcrumb"},"inLanguage":"ro-RO","potentialAction":[{"@type":"ReadAction","target":["https:\/\/www.hsymachinery.com\/product\/rebar-cutting-machine-gq60-round-knife\/"]}]},{"@type":"ImageObject","inLanguage":"ro-RO","@id":"https:\/\/www.hsymachinery.com\/product\/rebar-cutting-machine-gq60-round-knife\/#primaryimage","url":"https:\/\/www.hsymachinery.com\/wp-content\/uploads\/2025\/06\/Rebar-Cutting-Machine-GQ60-Round-knife.jpg","contentUrl":"https:\/\/www.hsymachinery.com\/wp-content\/uploads\/2025\/06\/Rebar-Cutting-Machine-GQ60-Round-knife.jpg","width":600,"height":600},{"@type":"BreadcrumbList","@id":"https:\/\/www.hsymachinery.com\/product\/rebar-cutting-machine-gq60-round-knife\/#breadcrumb","itemListElement":[{"@type":"ListItem","position":1,"name":"home","item":"https:\/\/www.hsymachinery.com\/"},{"@type":"ListItem","position":2,"name":"products","item":"https:\/\/www.hsymachinery.com\/products\/"},{"@type":"ListItem","position":3,"name":"Rebar Cutting Machine GQ60 (Round knife)"}]},{"@type":"WebSite","@id":"https:\/\/www.hsymachinery.com\/#website","url":"https:\/\/www.hsymachinery.com\/","name":"HSY Ma\u0219ini de construc\u021bii","description":"HSY Machinery - Un furnizor lider de ma\u0219ini de construc\u021bii din China, care ofer\u0103 o gam\u0103 larg\u0103 de echipamente de construc\u021bii u\u0219oare. Produsele noastre principale includ Ma\u0219ina de t\u0103iat arm\u0103turi, Ma\u0219ina de \u00eendoit arm\u0103turi, Ma\u0219ina de \u00eendoit st\u00e2lpi de arm\u0103turi, Ma\u0219ina de \u00eendoit arcuri de arm\u0103turi, Ma\u0219ina de \u00eendreptat arm\u0103turi, Ma\u0219ina de \u00eendoit st\u00e2lpi de arm\u0103turi cu cinci capete, Rammer de compactare, Compactor de pl\u0103ci, T\u0103ietor de beton, Mistrie electric\u0103 \u0219i alte utilaje de construc\u021bii. Suntem echipa\u021bi cu ma\u0219ini CNC avansate \u0219i aplic\u0103m standarde stricte de inspec\u021bie a calit\u0103\u021bii, \u00eempreun\u0103 cu servicii post-v\u00e2nzare complete. Dac\u0103 sunte\u021bi interesat de produsele sau serviciile noastre, primim cu c\u0103ldur\u0103 cererile dvs. prin mesaj.","publisher":{"@id":"https:\/\/www.hsymachinery.com\/#organization"},"potentialAction":[{"@type":"SearchAction","target":{"@type":"EntryPoint","urlTemplate":"https:\/\/www.hsymachinery.com\/?s={search_term_string}"},"query-input":{"@type":"PropertyValueSpecification","valueRequired":true,"valueName":"search_term_string"}}],"inLanguage":"ro-RO"},{"@type":"Organization","@id":"https:\/\/www.hsymachinery.com\/#organization","name":"HSY Ma\u0219ini de construc\u021bii","url":"https:\/\/www.hsymachinery.com\/","logo":{"@type":"ImageObject","inLanguage":"ro-RO","@id":"https:\/\/www.hsymachinery.com\/#\/schema\/logo\/image\/","url":"https:\/\/www.hsymachinery.com\/wp-content\/uploads\/2025\/06\/cropped-HSY-machinery.png","contentUrl":"https:\/\/www.hsymachinery.com\/wp-content\/uploads\/2025\/06\/cropped-HSY-machinery.png","width":600,"height":240,"caption":"HSY Construction Machinery"},"image":{"@id":"https:\/\/www.hsymachinery.com\/#\/schema\/logo\/image\/"}}]}},"_links":{"self":[{"href":"https:\/\/www.hsymachinery.com\/ro\/wp-json\/wp\/v2\/product\/8936","targetHints":{"allow":["GET"]}}],"collection":[{"href":"https:\/\/www.hsymachinery.com\/ro\/wp-json\/wp\/v2\/product"}],"about":[{"href":"https:\/\/www.hsymachinery.com\/ro\/wp-json\/wp\/v2\/types\/product"}],"version-history":[{"count":4,"href":"https:\/\/www.hsymachinery.com\/ro\/wp-json\/wp\/v2\/product\/8936\/revisions"}],"predecessor-version":[{"id":9341,"href":"https:\/\/www.hsymachinery.com\/ro\/wp-json\/wp\/v2\/product\/8936\/revisions\/9341"}],"wp:featuredmedia":[{"embeddable":true,"href":"https:\/\/www.hsymachinery.com\/ro\/wp-json\/wp\/v2\/media\/8937"}],"wp:attachment":[{"href":"https:\/\/www.hsymachinery.com\/ro\/wp-json\/wp\/v2\/media?parent=8936"}],"wp:term":[{"taxonomy":"product_brand","embeddable":true,"href":"https:\/\/www.hsymachinery.com\/ro\/wp-json\/wp\/v2\/product_brand?post=8936"},{"taxonomy":"product_cat","embeddable":true,"href":"https:\/\/www.hsymachinery.com\/ro\/wp-json\/wp\/v2\/product_cat?post=8936"},{"taxonomy":"product_tag","embeddable":true,"href":"https:\/\/www.hsymachinery.com\/ro\/wp-json\/wp\/v2\/product_tag?post=8936"}],"curies":[{"name":"wp","href":"https:\/\/api.w.org\/{rel}","templated":true}]}}