{"id":8933,"date":"2025-06-18T11:30:13","date_gmt":"2025-06-18T03:30:13","guid":{"rendered":"https:\/\/www.hsymachinery.com\/?post_type=product&#038;p=8933"},"modified":"2025-06-25T22:20:03","modified_gmt":"2025-06-25T14:20:03","slug":"masina-de-taiat-armatura-gq60-cutit-plat","status":"publish","type":"product","link":"https:\/\/www.hsymachinery.com\/ro\/product\/masina-de-taiat-armatura-gq60-cutit-plat\/","title":{"rendered":"Ma\u0219in\u0103 de t\u0103iat arm\u0103turi GQ60 (cu\u021bit plat)"},"content":{"rendered":"<h3 data-start=\"151\" data-end=\"233\">Dispozitiv de t\u0103iere a arm\u0103turilor cu cu\u021bit plat extra-\u00eenc\u0103rcat pentru proiecte industriale de armare<\/h3>\n<h3 data-start=\"240\" data-end=\"309\">Prezentare general\u0103 a produsului - Foarfec\u0103 pentru bare de o\u021bel cu lam\u0103 plat\u0103 pentru bare de arm\u0103tur\u0103 de 6-50 mm<\/h3>\n<p data-start=\"311\" data-end=\"784\">The <strong data-start=\"315\" data-end=\"358\"><a href=\"https:\/\/www.hsymachinery.com\/ro\/produse\/masina-de-taiat-armaturi\/\" target=\"_blank\" rel=\"noopener\">Ma\u0219in\u0103 de t\u0103iat arm\u0103turi<\/a> GQ60 (cu\u021bit plat)<\/strong> este proiectat pentru t\u0103ierea barelor de arm\u0103tur\u0103 cu diametru mare \u00een medii intensive de construc\u021bii. Aceast\u0103 ma\u0219in\u0103 este capabil\u0103 s\u0103 manipuleze bare de o\u021bel de la 6 mm p\u00e2n\u0103 la 50 mm, ceea ce o face o alegere ideal\u0103 pentru construc\u021bia de baraje, poduri de autostrad\u0103, fabricarea de structuri metalice \u0219i lucr\u0103ri de armare a tunelurilor. Sistemul s\u0103u de cu\u021bite plate aplic\u0103 o presiune de t\u0103iere uniform\u0103, rezult\u00e2nd o forfecare lin\u0103 \u0219i precis\u0103, f\u0103r\u0103 a compromite integritatea barei.<\/p>\n<p data-start=\"786\" data-end=\"927\">Cu un cuplu, o rezisten\u021b\u0103 mecanic\u0103 \u0219i o gam\u0103 de t\u0103iere \u00eembun\u0103t\u0103\u021bite, acest model este construit pentru lucr\u0103ri \u00een care puterea \u0219i precizia nu sunt negociabile.<\/p>\n<h3 data-start=\"934\" data-end=\"984\">Putere de t\u0103iere industrial\u0103 cu rezultate curate<\/h3>\n<p data-start=\"986\" data-end=\"1294\">Designul cu\u021bitului plat GQ60 permite lamei s\u0103 contacteze uniform \u00eentreaga suprafa\u021b\u0103 a barei de o\u021bel \u00een timpul t\u0103ierii. Acest lucru reduce foarte mult a\u0219chierea marginilor \u0219i deformarea barei. \u00cen plus, lama din o\u021bel puternic este tratat\u0103 termic pentru a se asigura c\u0103 r\u0103m\u00e2ne ascu\u021bit\u0103 \u0219i stabil\u0103 chiar \u0219i dup\u0103 ore lungi de func\u021bionare continu\u0103.<\/p>\n<p data-start=\"1296\" data-end=\"1603\">Ac\u021bionat\u0103 de un motor cu miez de cupru de \u00eenalt\u0103 performan\u021b\u0103, ma\u0219ina de t\u0103iat arm\u0103turi GQ60 (cu\u021bit plat) ofer\u0103 un cuplu de ie\u0219ire de neegalat pentru clasa sa de dimensiuni. Acesta func\u021bioneaz\u0103 constant, produc\u00e2nd vibra\u021bii reduse \u0219i pierderi minime de energie. Cutia de viteze \u0219i ansamblul de ac\u021bionare sunt optimizate pentru longevitate sub stres industrial.<\/p>\n<h3 data-start=\"1610\" data-end=\"1663\">Caroserie consolidat\u0103 \u0219i adaptabilitate global\u0103 la export<\/h3>\n<p data-start=\"1665\" data-end=\"2042\">Carcasa acestui utilaj este fabricat\u0103 din font\u0103 ductil\u0103 de \u00eenalt\u0103 rezisten\u021b\u0103, asigur\u00e2nd o rigiditate structural\u0103 superioar\u0103. De asemenea, are ro\u021bi de transport rezistente pentru mobilitate pe terenuri dificile. P\u00e2rghia manual\u0103 ergonomic\u0103 ofer\u0103 un control precis \u0219i receptiv asupra fiec\u0103rei t\u0103ieri. \u00centre\u021binerea este rapid\u0103 \u0219i u\u0219oar\u0103 datorit\u0103 panoului de acces cu partea superioar\u0103 deschis\u0103 \u0219i a suportului de lam\u0103 u\u0219or de utilizat.<\/p>\n<p data-start=\"2044\" data-end=\"2224\">GQ60 suport\u0103 standarde interna\u021bionale cu op\u021biuni de tensiune personalizabile (220V\/380V, 50Hz\/60Hz), ceea ce \u00eel face potrivit pentru export \u00een Africa, Asia, America de Sud \u0219i nu numai.<\/p>\n<h3 data-start=\"2231\" data-end=\"2281\">Principalele beneficii ale cu\u021bitului plat GQ60 Rebar Cutter<\/h3>\n<ul data-start=\"2283\" data-end=\"2506\">\n<li data-start=\"2283\" data-end=\"2337\">\n<p data-start=\"2285\" data-end=\"2337\">Taie bare de arm\u0103tur\u0103 de 6-50 mm cu o for\u021b\u0103 de forfecare plat\u0103 \u0219i stabil\u0103<\/p>\n<\/li>\n<li data-start=\"2338\" data-end=\"2396\">\n<p data-start=\"2340\" data-end=\"2396\">Construit pentru un volum mare de utilizare industrial\u0103 sau de infrastructur\u0103<\/p>\n<\/li>\n<li data-start=\"2397\" data-end=\"2448\">\n<p data-start=\"2399\" data-end=\"2448\">Motor puternic \u0219i transmisie fiabil\u0103 a cuplului<\/p>\n<\/li>\n<li data-start=\"2449\" data-end=\"2506\">\n<p data-start=\"2451\" data-end=\"2506\">Suport\u0103 personalizarea tensiunii interna\u021bionale pentru export<\/p>\n<\/li>\n<\/ul>\n<p><iframe title=\"#construc\u021bie #construc\u021bielucr\u0103tor #rebarma\u0219in\u0103 #rebarcutter #rebarcuttingmachine #rebar\" width=\"720\" height=\"405\" src=\"https:\/\/www.youtube.com\/embed\/tdc4TA5-zRc?feature=oembed\" frameborder=\"0\" allow=\"accelerometer; autoplay; clipboard-write; encrypted-media; gyroscope; picture-in-picture; web-share\" referrerpolicy=\"strict-origin-when-cross-origin\" allowfullscreen><\/iframe><\/p>","protected":false},"excerpt":{"rendered":"<p>T\u0103ietorul de arm\u0103tur\u0103 cu cu\u021bit plat GQ60 prelucreaz\u0103 bare de 6-50 mm cu for\u021b\u0103 constant\u0103 \u0219i durabilitate ridicat\u0103. Ideal pentru lucr\u0103ri de armare la scar\u0103 larg\u0103 \u00een infrastructur\u0103 pe pie\u021bele globale de construc\u021bii.<\/p>","protected":false},"featured_media":8934,"template":"","meta":{"_kad_post_transparent":"default","_kad_post_title":"","_kad_post_layout":"default","_kad_post_sidebar_id":"","_kad_post_content_style":"default","_kad_post_vertical_padding":"default","_kad_post_feature":"","_kad_post_feature_position":"","_kad_post_header":false,"_kad_post_footer":false},"product_brand":[],"product_cat":[51],"product_tag":[988,992,990,989,993,985,994,987,984,991,986],"class_list":{"0":"post-8933","1":"product","2":"type-product","3":"status-publish","4":"has-post-thumbnail","6":"product_cat-rebar-cutting-machine","7":"product_tag-automatic-rebar-cutter","8":"product_tag-construction-steel-bar-cutter","9":"product_tag-electric-rebar-cutting-tool","10":"product_tag-hydraulic-rebar-cutting-machine","11":"product_tag-portable-rebar-cutting-machine","12":"product_tag-rebar-cutter","13":"product_tag-rebar-cutting-machine","14":"product_tag-reinforcement-bar-cutter","15":"product_tag-steel-bar-cutting-machine","16":"product_tag-steel-rod-cutter-machine","17":"product_tag-tmt-bar-cutting-machine","19":"first","20":"instock","21":"shipping-taxable","22":"product-type-simple","23":"entry","24":"content-bg","25":"loop-entry"},"yoast_head":"<!-- This site is optimized with the Yoast SEO plugin v25.3.1 - https:\/\/yoast.com\/wordpress\/plugins\/seo\/ -->\n<title>Rebar Cutting Machine GQ60 (Flat knife) - HSY Construction Machinery<\/title>\n<meta name=\"description\" content=\"Rebar Cutting Machine GQ60 (Flat Knife) delivers strong, flat-blade shearing for 6\u201350mm rebar. Designed for heavy-duty construction and international export.\" \/>\n<meta name=\"robots\" content=\"index, follow, max-snippet:-1, max-image-preview:large, max-video-preview:-1\" \/>\n<link rel=\"canonical\" href=\"https:\/\/www.hsymachinery.com\/ro\/product\/masina-de-taiat-armatura-gq60-cutit-plat\/\" \/>\n<meta property=\"og:locale\" content=\"ro_RO\" \/>\n<meta property=\"og:type\" content=\"article\" \/>\n<meta property=\"og:title\" content=\"Rebar Cutting Machine GQ60 (Flat knife) - HSY Construction Machinery\" \/>\n<meta property=\"og:description\" content=\"Rebar Cutting Machine GQ60 (Flat Knife) delivers strong, flat-blade shearing for 6\u201350mm rebar. Designed for heavy-duty construction and international export.\" \/>\n<meta property=\"og:url\" content=\"https:\/\/www.hsymachinery.com\/ro\/product\/masina-de-taiat-armatura-gq60-cutit-plat\/\" \/>\n<meta property=\"og:site_name\" content=\"HSY Construction Machinery\" \/>\n<meta property=\"article:modified_time\" content=\"2025-06-25T14:20:03+00:00\" \/>\n<meta property=\"og:image\" content=\"https:\/\/www.hsymachinery.com\/wp-content\/uploads\/2025\/06\/Rebar-Cutting-Machine-GQ60-Flat-knife.jpg\" \/>\n\t<meta property=\"og:image:width\" content=\"600\" \/>\n\t<meta property=\"og:image:height\" content=\"600\" \/>\n\t<meta property=\"og:image:type\" content=\"image\/jpeg\" \/>\n<meta name=\"twitter:card\" content=\"summary_large_image\" \/>\n<meta name=\"twitter:label1\" content=\"Timp estimat pentru citire\" \/>\n\t<meta name=\"twitter:data1\" content=\"2 minute\" \/>\n<script type=\"application\/ld+json\" class=\"yoast-schema-graph\">{\"@context\":\"https:\/\/schema.org\",\"@graph\":[{\"@type\":\"WebPage\",\"@id\":\"https:\/\/www.hsymachinery.com\/product\/rebar-cutting-machine-gq60-flat-knife\/\",\"url\":\"https:\/\/www.hsymachinery.com\/product\/rebar-cutting-machine-gq60-flat-knife\/\",\"name\":\"Rebar Cutting Machine GQ60 (Flat knife) - HSY Construction Machinery\",\"isPartOf\":{\"@id\":\"https:\/\/www.hsymachinery.com\/#website\"},\"primaryImageOfPage\":{\"@id\":\"https:\/\/www.hsymachinery.com\/product\/rebar-cutting-machine-gq60-flat-knife\/#primaryimage\"},\"image\":{\"@id\":\"https:\/\/www.hsymachinery.com\/product\/rebar-cutting-machine-gq60-flat-knife\/#primaryimage\"},\"thumbnailUrl\":\"https:\/\/www.hsymachinery.com\/wp-content\/uploads\/2025\/06\/Rebar-Cutting-Machine-GQ60-Flat-knife.jpg\",\"datePublished\":\"2025-06-18T03:30:13+00:00\",\"dateModified\":\"2025-06-25T14:20:03+00:00\",\"description\":\"Rebar Cutting Machine GQ60 (Flat Knife) delivers strong, flat-blade shearing for 6\u201350mm rebar. Designed for heavy-duty construction and international export.\",\"breadcrumb\":{\"@id\":\"https:\/\/www.hsymachinery.com\/product\/rebar-cutting-machine-gq60-flat-knife\/#breadcrumb\"},\"inLanguage\":\"ro-RO\",\"potentialAction\":[{\"@type\":\"ReadAction\",\"target\":[\"https:\/\/www.hsymachinery.com\/product\/rebar-cutting-machine-gq60-flat-knife\/\"]}]},{\"@type\":\"ImageObject\",\"inLanguage\":\"ro-RO\",\"@id\":\"https:\/\/www.hsymachinery.com\/product\/rebar-cutting-machine-gq60-flat-knife\/#primaryimage\",\"url\":\"https:\/\/www.hsymachinery.com\/wp-content\/uploads\/2025\/06\/Rebar-Cutting-Machine-GQ60-Flat-knife.jpg\",\"contentUrl\":\"https:\/\/www.hsymachinery.com\/wp-content\/uploads\/2025\/06\/Rebar-Cutting-Machine-GQ60-Flat-knife.jpg\",\"width\":600,\"height\":600},{\"@type\":\"BreadcrumbList\",\"@id\":\"https:\/\/www.hsymachinery.com\/product\/rebar-cutting-machine-gq60-flat-knife\/#breadcrumb\",\"itemListElement\":[{\"@type\":\"ListItem\",\"position\":1,\"name\":\"home\",\"item\":\"https:\/\/www.hsymachinery.com\/\"},{\"@type\":\"ListItem\",\"position\":2,\"name\":\"products\",\"item\":\"https:\/\/www.hsymachinery.com\/products\/\"},{\"@type\":\"ListItem\",\"position\":3,\"name\":\"Rebar Cutting Machine GQ60 (Flat knife)\"}]},{\"@type\":\"WebSite\",\"@id\":\"https:\/\/www.hsymachinery.com\/#website\",\"url\":\"https:\/\/www.hsymachinery.com\/\",\"name\":\"HSY Construction Machinery\",\"description\":\"HSY Machinery \u2013 A leading China construction machinery supplier, offering a wide range of light construction equipment. Our main products include Rebar Cutting Machine, Rebar Bending Machine, Rebar Stirrup Bending Machine, Rebar Arc Bending Machine, Rebar Straightening Machine, Five-Head Rebar Stirrup Bending Machine, Tamping Rammer, Plate Compactor, Concrete Cutter, Power Trowel, and other construction machinery. We are equipped with advanced CNC machines, and we enforce strict quality inspection standards along with comprehensive after-sales service. If you are interested in our products or services, we warmly welcome your inquiries via message.\",\"publisher\":{\"@id\":\"https:\/\/www.hsymachinery.com\/#organization\"},\"potentialAction\":[{\"@type\":\"SearchAction\",\"target\":{\"@type\":\"EntryPoint\",\"urlTemplate\":\"https:\/\/www.hsymachinery.com\/?s={search_term_string}\"},\"query-input\":{\"@type\":\"PropertyValueSpecification\",\"valueRequired\":true,\"valueName\":\"search_term_string\"}}],\"inLanguage\":\"ro-RO\"},{\"@type\":\"Organization\",\"@id\":\"https:\/\/www.hsymachinery.com\/#organization\",\"name\":\"HSY Construction Machinery\",\"url\":\"https:\/\/www.hsymachinery.com\/\",\"logo\":{\"@type\":\"ImageObject\",\"inLanguage\":\"ro-RO\",\"@id\":\"https:\/\/www.hsymachinery.com\/#\/schema\/logo\/image\/\",\"url\":\"https:\/\/www.hsymachinery.com\/wp-content\/uploads\/2025\/06\/cropped-HSY-machinery.png\",\"contentUrl\":\"https:\/\/www.hsymachinery.com\/wp-content\/uploads\/2025\/06\/cropped-HSY-machinery.png\",\"width\":600,\"height\":240,\"caption\":\"HSY Construction Machinery\"},\"image\":{\"@id\":\"https:\/\/www.hsymachinery.com\/#\/schema\/logo\/image\/\"}}]}<\/script>\n<!-- \/ Yoast SEO plugin. -->","yoast_head_json":{"title":"Ma\u0219in\u0103 de t\u0103iat arm\u0103turi GQ60 (cu\u021bit plat) - HSY Ma\u0219ini de construc\u021bii","description":"Ma\u0219ina de t\u0103iat arm\u0103turi GQ60 (cu\u021bit plat) asigur\u0103 o t\u0103iere puternic\u0103, cu lam\u0103 plat\u0103 pentru arm\u0103turi de 6-50 mm. Proiectat pentru construc\u021bii grele \u0219i export interna\u021bional.","robots":{"index":"index","follow":"follow","max-snippet":"max-snippet:-1","max-image-preview":"max-image-preview:large","max-video-preview":"max-video-preview:-1"},"canonical":"https:\/\/www.hsymachinery.com\/ro\/product\/masina-de-taiat-armatura-gq60-cutit-plat\/","og_locale":"ro_RO","og_type":"article","og_title":"Rebar Cutting Machine GQ60 (Flat knife) - HSY Construction Machinery","og_description":"Rebar Cutting Machine GQ60 (Flat Knife) delivers strong, flat-blade shearing for 6\u201350mm rebar. Designed for heavy-duty construction and international export.","og_url":"https:\/\/www.hsymachinery.com\/ro\/product\/masina-de-taiat-armatura-gq60-cutit-plat\/","og_site_name":"HSY Construction Machinery","article_modified_time":"2025-06-25T14:20:03+00:00","og_image":[{"width":600,"height":600,"url":"https:\/\/www.hsymachinery.com\/wp-content\/uploads\/2025\/06\/Rebar-Cutting-Machine-GQ60-Flat-knife.jpg","type":"image\/jpeg"}],"twitter_card":"summary_large_image","twitter_misc":{"Timp estimat pentru citire":"2 minute"},"schema":{"@context":"https:\/\/schema.org","@graph":[{"@type":"WebPage","@id":"https:\/\/www.hsymachinery.com\/product\/rebar-cutting-machine-gq60-flat-knife\/","url":"https:\/\/www.hsymachinery.com\/product\/rebar-cutting-machine-gq60-flat-knife\/","name":"Ma\u0219in\u0103 de t\u0103iat arm\u0103turi GQ60 (cu\u021bit plat) - HSY Ma\u0219ini de construc\u021bii","isPartOf":{"@id":"https:\/\/www.hsymachinery.com\/#website"},"primaryImageOfPage":{"@id":"https:\/\/www.hsymachinery.com\/product\/rebar-cutting-machine-gq60-flat-knife\/#primaryimage"},"image":{"@id":"https:\/\/www.hsymachinery.com\/product\/rebar-cutting-machine-gq60-flat-knife\/#primaryimage"},"thumbnailUrl":"https:\/\/www.hsymachinery.com\/wp-content\/uploads\/2025\/06\/Rebar-Cutting-Machine-GQ60-Flat-knife.jpg","datePublished":"2025-06-18T03:30:13+00:00","dateModified":"2025-06-25T14:20:03+00:00","description":"Ma\u0219ina de t\u0103iat arm\u0103turi GQ60 (cu\u021bit plat) asigur\u0103 o t\u0103iere puternic\u0103, cu lam\u0103 plat\u0103 pentru arm\u0103turi de 6-50 mm. Proiectat pentru construc\u021bii grele \u0219i export interna\u021bional.","breadcrumb":{"@id":"https:\/\/www.hsymachinery.com\/product\/rebar-cutting-machine-gq60-flat-knife\/#breadcrumb"},"inLanguage":"ro-RO","potentialAction":[{"@type":"ReadAction","target":["https:\/\/www.hsymachinery.com\/product\/rebar-cutting-machine-gq60-flat-knife\/"]}]},{"@type":"ImageObject","inLanguage":"ro-RO","@id":"https:\/\/www.hsymachinery.com\/product\/rebar-cutting-machine-gq60-flat-knife\/#primaryimage","url":"https:\/\/www.hsymachinery.com\/wp-content\/uploads\/2025\/06\/Rebar-Cutting-Machine-GQ60-Flat-knife.jpg","contentUrl":"https:\/\/www.hsymachinery.com\/wp-content\/uploads\/2025\/06\/Rebar-Cutting-Machine-GQ60-Flat-knife.jpg","width":600,"height":600},{"@type":"BreadcrumbList","@id":"https:\/\/www.hsymachinery.com\/product\/rebar-cutting-machine-gq60-flat-knife\/#breadcrumb","itemListElement":[{"@type":"ListItem","position":1,"name":"home","item":"https:\/\/www.hsymachinery.com\/"},{"@type":"ListItem","position":2,"name":"products","item":"https:\/\/www.hsymachinery.com\/products\/"},{"@type":"ListItem","position":3,"name":"Rebar Cutting Machine GQ60 (Flat knife)"}]},{"@type":"WebSite","@id":"https:\/\/www.hsymachinery.com\/#website","url":"https:\/\/www.hsymachinery.com\/","name":"HSY Ma\u0219ini de construc\u021bii","description":"HSY Machinery - Un furnizor lider de ma\u0219ini de construc\u021bii din China, care ofer\u0103 o gam\u0103 larg\u0103 de echipamente de construc\u021bii u\u0219oare. Produsele noastre principale includ Ma\u0219ina de t\u0103iat arm\u0103turi, Ma\u0219ina de \u00eendoit arm\u0103turi, Ma\u0219ina de \u00eendoit st\u00e2lpi de arm\u0103turi, Ma\u0219ina de \u00eendoit arcuri de arm\u0103turi, Ma\u0219ina de \u00eendreptat arm\u0103turi, Ma\u0219ina de \u00eendoit st\u00e2lpi de arm\u0103turi cu cinci capete, Rammer de compactare, Compactor de pl\u0103ci, T\u0103ietor de beton, Mistrie electric\u0103 \u0219i alte utilaje de construc\u021bii. Suntem echipa\u021bi cu ma\u0219ini CNC avansate \u0219i aplic\u0103m standarde stricte de inspec\u021bie a calit\u0103\u021bii, \u00eempreun\u0103 cu servicii post-v\u00e2nzare complete. Dac\u0103 sunte\u021bi interesat de produsele sau serviciile noastre, primim cu c\u0103ldur\u0103 cererile dvs. prin mesaj.","publisher":{"@id":"https:\/\/www.hsymachinery.com\/#organization"},"potentialAction":[{"@type":"SearchAction","target":{"@type":"EntryPoint","urlTemplate":"https:\/\/www.hsymachinery.com\/?s={search_term_string}"},"query-input":{"@type":"PropertyValueSpecification","valueRequired":true,"valueName":"search_term_string"}}],"inLanguage":"ro-RO"},{"@type":"Organization","@id":"https:\/\/www.hsymachinery.com\/#organization","name":"HSY Ma\u0219ini de construc\u021bii","url":"https:\/\/www.hsymachinery.com\/","logo":{"@type":"ImageObject","inLanguage":"ro-RO","@id":"https:\/\/www.hsymachinery.com\/#\/schema\/logo\/image\/","url":"https:\/\/www.hsymachinery.com\/wp-content\/uploads\/2025\/06\/cropped-HSY-machinery.png","contentUrl":"https:\/\/www.hsymachinery.com\/wp-content\/uploads\/2025\/06\/cropped-HSY-machinery.png","width":600,"height":240,"caption":"HSY Construction Machinery"},"image":{"@id":"https:\/\/www.hsymachinery.com\/#\/schema\/logo\/image\/"}}]}},"_links":{"self":[{"href":"https:\/\/www.hsymachinery.com\/ro\/wp-json\/wp\/v2\/product\/8933","targetHints":{"allow":["GET"]}}],"collection":[{"href":"https:\/\/www.hsymachinery.com\/ro\/wp-json\/wp\/v2\/product"}],"about":[{"href":"https:\/\/www.hsymachinery.com\/ro\/wp-json\/wp\/v2\/types\/product"}],"version-history":[{"count":4,"href":"https:\/\/www.hsymachinery.com\/ro\/wp-json\/wp\/v2\/product\/8933\/revisions"}],"predecessor-version":[{"id":9338,"href":"https:\/\/www.hsymachinery.com\/ro\/wp-json\/wp\/v2\/product\/8933\/revisions\/9338"}],"wp:featuredmedia":[{"embeddable":true,"href":"https:\/\/www.hsymachinery.com\/ro\/wp-json\/wp\/v2\/media\/8934"}],"wp:attachment":[{"href":"https:\/\/www.hsymachinery.com\/ro\/wp-json\/wp\/v2\/media?parent=8933"}],"wp:term":[{"taxonomy":"product_brand","embeddable":true,"href":"https:\/\/www.hsymachinery.com\/ro\/wp-json\/wp\/v2\/product_brand?post=8933"},{"taxonomy":"product_cat","embeddable":true,"href":"https:\/\/www.hsymachinery.com\/ro\/wp-json\/wp\/v2\/product_cat?post=8933"},{"taxonomy":"product_tag","embeddable":true,"href":"https:\/\/www.hsymachinery.com\/ro\/wp-json\/wp\/v2\/product_tag?post=8933"}],"curies":[{"name":"wp","href":"https:\/\/api.w.org\/{rel}","templated":true}]}}