{"id":8924,"date":"2025-06-18T11:25:48","date_gmt":"2025-06-18T03:25:48","guid":{"rendered":"https:\/\/www.hsymachinery.com\/?post_type=product&#038;p=8924"},"modified":"2025-06-25T20:59:05","modified_gmt":"2025-06-25T12:59:05","slug":"masina-de-taiat-armatura-gq50-cutit-rotund","status":"publish","type":"product","link":"https:\/\/www.hsymachinery.com\/ro\/product\/masina-de-taiat-armatura-gq50-cutit-rotund\/","title":{"rendered":"Ma\u0219in\u0103 de t\u0103iat arm\u0103turi GQ50 (cu\u021bit rotund)"},"content":{"rendered":"<h3 data-start=\"232\" data-end=\"318\">Prezentare general\u0103 a produsului - Ma\u0219in\u0103 de prelucrare a arm\u0103turilor de mare capacitate pentru bare de o\u021bel de 6-40 mm<\/h3>\n<p data-start=\"320\" data-end=\"709\">The <strong data-start=\"324\" data-end=\"368\">Ma\u0219in\u0103 de t\u0103iat arm\u0103turi GQ50 (cu\u021bit rotund)<\/strong> este o ma\u0219in\u0103 de t\u0103iat bare de o\u021bel puternic\u0103 \u0219i eficient\u0103, proiectat\u0103 pentru func\u021bionarea continu\u0103 \u0219i pe scar\u0103 larg\u0103. Aceasta suport\u0103 t\u0103ierea de <strong data-start=\"497\" data-end=\"512\">6 mm p\u00e2n\u0103 la 40 mm<\/strong> o\u021bel carbon, bare deformate \u0219i arm\u0103turi rotunde. Designul s\u0103u de cu\u021bit rotund ofer\u0103 o ac\u021biune de t\u0103iere prin rostogolire \u0219i forfecare, care reduce foarte mult rezisten\u021ba \u0219i uzura lamei \u00een compara\u021bie cu cu\u021bitele plate tradi\u021bionale.<\/p>\n<p data-start=\"711\" data-end=\"855\">Acest model este utilizat pe scar\u0103 larg\u0103 \u00een construc\u021bia de drumuri \u0219i poduri, cl\u0103diri comerciale, ateliere de prefabricare a arm\u0103turilor \u0219i dezvoltarea infrastructurii.<\/p>\n<h3 data-start=\"862\" data-end=\"913\">Mecanism de forfecare cu role pentru t\u0103ieturi rapide \u0219i curate<\/h3>\n<p data-start=\"915\" data-end=\"1212\">Sistemul de cu\u021bite rotunde creeaz\u0103 o experien\u021b\u0103 de t\u0103iere mai lin\u0103 prin aplicarea unei presiuni de rulare pe bara de o\u021bel. Ca rezultat, suprafa\u021ba de t\u0103iere este mai curat\u0103, mai uniform\u0103 \u0219i mai pu\u021bin predispus\u0103 la deformare. \u00cen plus, designul reduce tensiunea asupra motorului \u0219i prelunge\u0219te durata de via\u021b\u0103 a lamelelor.<\/p>\n<p data-start=\"1214\" data-end=\"1524\">The <strong data-start=\"1218\" data-end=\"1262\"><a href=\"https:\/\/www.hsymachinery.com\/ro\/produse\/masina-de-taiat-armaturi\/\" target=\"_blank\" rel=\"noopener\">Ma\u0219in\u0103 de t\u0103iat arm\u0103turi<\/a> GQ50 (cu\u021bit rotund)<\/strong> este echipat cu un motor din cupru de \u00eenalt\u0103 eficien\u021b\u0103 \u0219i o cutie de viteze de precizie care lucreaz\u0103 \u00eempreun\u0103 pentru a oferi un cuplu constant, chiar \u0219i \u00een timpul sesiunilor de lucru lungi. Motorul func\u021bioneaz\u0103 cu acumul\u0103ri minime de c\u0103ldur\u0103 \u0219i vibra\u021bii, asigur\u00e2nd o func\u021bionare sigur\u0103, silen\u021bioas\u0103 \u0219i stabil\u0103.<\/p>\n<h3 data-start=\"1531\" data-end=\"1587\">Construc\u021bie robust\u0103 cu compatibilitate global\u0103<\/h3>\n<p data-start=\"1589\" data-end=\"1844\">Cadrul este construit din font\u0103 ranforsat\u0103, oferind o rezisten\u021b\u0103 excelent\u0103 \u0219i rezisten\u021b\u0103 la \u0219ocuri. Ma\u0219ina include ro\u021bi solide pentru o mutare u\u0219oar\u0103 pe \u0219antiere, iar p\u00e2rghia sa de control manual ofer\u0103 operatorilor o manipulare precis\u0103 a fiec\u0103rei t\u0103ieri.<\/p>\n<p data-start=\"1846\" data-end=\"2037\">\u00cen plus, designul cu acces deschis face ca schimbarea lamei \u0219i \u00eentre\u021binerea intern\u0103 s\u0103 fie rapid\u0103 \u0219i simpl\u0103. Cu <strong data-start=\"1947\" data-end=\"1982\">Op\u021biuni 220V\/380V \u0219i 50Hz\/60Hz<\/strong>, aceast\u0103 ma\u0219in\u0103 este complet preg\u0103tit\u0103 pentru exportul interna\u021bional.<\/p>\n<h3 data-start=\"2044\" data-end=\"2089\">De ce s\u0103 alege\u021bi GQ50 Round Knife Cutter?<\/h3>\n<ul data-start=\"2091\" data-end=\"2296\">\n<li data-start=\"2091\" data-end=\"2149\">\n<p data-start=\"2093\" data-end=\"2149\">Taie bare de o\u021bel de 6-40 mm cu ac\u021biune de rulare a lamei rotunde<\/p>\n<\/li>\n<li data-start=\"2150\" data-end=\"2205\">\n<p data-start=\"2152\" data-end=\"2205\">Reduce rezisten\u021ba la t\u0103iere \u0219i cre\u0219te eficien\u021ba<\/p>\n<\/li>\n<li data-start=\"2206\" data-end=\"2254\">\n<p data-start=\"2208\" data-end=\"2254\">Design durabil cu acces rapid pentru \u00eentre\u021binere<\/p>\n<\/li>\n<li data-start=\"2255\" data-end=\"2296\">\n<p data-start=\"2257\" data-end=\"2296\">Ideal pentru sarcini grele \u0219i pie\u021be de export<\/p>\n<\/li>\n<\/ul>\n<p data-start=\"2298\" data-end=\"2419\">Alege\u021bi <strong data-start=\"2309\" data-end=\"2353\">Ma\u0219in\u0103 de t\u0103iat arm\u0103turi GQ50 (cu\u021bit rotund)<\/strong> pentru a v\u0103 eficientiza procesarea barelor de o\u021bel cu fiabilitate maxim\u0103.<\/p>\n<p><iframe title=\"Ma\u0219in\u0103 de t\u0103iat bare de o\u021bel, ma\u0219in\u0103 de t\u0103iat bare de o\u021bel, ma\u0219in\u0103 de t\u0103iat bare de o\u021bel, utilaje de construc\u021bii\" width=\"720\" height=\"405\" src=\"https:\/\/www.youtube.com\/embed\/cIrJPBezWsw?feature=oembed\" frameborder=\"0\" allow=\"accelerometer; autoplay; clipboard-write; encrypted-media; gyroscope; picture-in-picture; web-share\" referrerpolicy=\"strict-origin-when-cross-origin\" allowfullscreen><\/iframe><\/p>","protected":false},"excerpt":{"rendered":"<p>GQ50 Round Knife Rebar Cutting Machine gestioneaz\u0103 eficient bare de o\u021bel de 6-40 mm cu forfecare de rulare, asigur\u00e2nd t\u0103ieri netede, rezisten\u021b\u0103 sc\u0103zut\u0103 \u0219i durabilitate ridicat\u0103 pentru lucr\u0103ri continue pe \u0219antier.<\/p>","protected":false},"featured_media":8925,"template":"","meta":{"_kad_post_transparent":"default","_kad_post_title":"","_kad_post_layout":"default","_kad_post_sidebar_id":"","_kad_post_content_style":"default","_kad_post_vertical_padding":"default","_kad_post_feature":"","_kad_post_feature_position":"","_kad_post_header":false,"_kad_post_footer":false},"product_brand":[],"product_cat":[51],"product_tag":[988,992,990,989,993,985,994,987,984,991,986],"class_list":{"0":"post-8924","1":"product","2":"type-product","3":"status-publish","4":"has-post-thumbnail","6":"product_cat-rebar-cutting-machine","7":"product_tag-automatic-rebar-cutter","8":"product_tag-construction-steel-bar-cutter","9":"product_tag-electric-rebar-cutting-tool","10":"product_tag-hydraulic-rebar-cutting-machine","11":"product_tag-portable-rebar-cutting-machine","12":"product_tag-rebar-cutter","13":"product_tag-rebar-cutting-machine","14":"product_tag-reinforcement-bar-cutter","15":"product_tag-steel-bar-cutting-machine","16":"product_tag-steel-rod-cutter-machine","17":"product_tag-tmt-bar-cutting-machine","19":"first","20":"instock","21":"shipping-taxable","22":"product-type-simple","23":"entry","24":"content-bg","25":"loop-entry"},"yoast_head":"<!-- This site is optimized with the Yoast SEO plugin v25.3.1 - https:\/\/yoast.com\/wordpress\/plugins\/seo\/ -->\n<title>Rebar Cutting Machine GQ50 (Round knife) - HSY Construction Machinery<\/title>\n<meta name=\"description\" content=\"Rebar Cutting Machine GQ50 (Round Knife) delivers fast, clean rolling-shear cuts for 6\u201340mm rebar. Built for high-output construction and international markets.\" \/>\n<meta name=\"robots\" content=\"index, follow, max-snippet:-1, max-image-preview:large, max-video-preview:-1\" \/>\n<link rel=\"canonical\" href=\"https:\/\/www.hsymachinery.com\/ro\/product\/masina-de-taiat-armatura-gq50-cutit-rotund\/\" \/>\n<meta property=\"og:locale\" content=\"ro_RO\" \/>\n<meta property=\"og:type\" content=\"article\" \/>\n<meta property=\"og:title\" content=\"Rebar Cutting Machine GQ50 (Round knife) - HSY Construction Machinery\" \/>\n<meta property=\"og:description\" content=\"Rebar Cutting Machine GQ50 (Round Knife) delivers fast, clean rolling-shear cuts for 6\u201340mm rebar. Built for high-output construction and international markets.\" \/>\n<meta property=\"og:url\" content=\"https:\/\/www.hsymachinery.com\/ro\/product\/masina-de-taiat-armatura-gq50-cutit-rotund\/\" \/>\n<meta property=\"og:site_name\" content=\"HSY Construction Machinery\" \/>\n<meta property=\"article:modified_time\" content=\"2025-06-25T12:59:05+00:00\" \/>\n<meta property=\"og:image\" content=\"https:\/\/www.hsymachinery.com\/wp-content\/uploads\/2025\/06\/Rebar-Cutting-Machine-GQ50-Round-knife.jpg\" \/>\n\t<meta property=\"og:image:width\" content=\"600\" \/>\n\t<meta property=\"og:image:height\" content=\"600\" \/>\n\t<meta property=\"og:image:type\" content=\"image\/jpeg\" \/>\n<meta name=\"twitter:card\" content=\"summary_large_image\" \/>\n<meta name=\"twitter:label1\" content=\"Timp estimat pentru citire\" \/>\n\t<meta name=\"twitter:data1\" content=\"2 minute\" \/>\n<script type=\"application\/ld+json\" class=\"yoast-schema-graph\">{\"@context\":\"https:\/\/schema.org\",\"@graph\":[{\"@type\":\"WebPage\",\"@id\":\"https:\/\/www.hsymachinery.com\/product\/rebar-cutting-machine-gq50-round-knife\/\",\"url\":\"https:\/\/www.hsymachinery.com\/product\/rebar-cutting-machine-gq50-round-knife\/\",\"name\":\"Rebar Cutting Machine GQ50 (Round knife) - HSY Construction Machinery\",\"isPartOf\":{\"@id\":\"https:\/\/www.hsymachinery.com\/#website\"},\"primaryImageOfPage\":{\"@id\":\"https:\/\/www.hsymachinery.com\/product\/rebar-cutting-machine-gq50-round-knife\/#primaryimage\"},\"image\":{\"@id\":\"https:\/\/www.hsymachinery.com\/product\/rebar-cutting-machine-gq50-round-knife\/#primaryimage\"},\"thumbnailUrl\":\"https:\/\/www.hsymachinery.com\/wp-content\/uploads\/2025\/06\/Rebar-Cutting-Machine-GQ50-Round-knife.jpg\",\"datePublished\":\"2025-06-18T03:25:48+00:00\",\"dateModified\":\"2025-06-25T12:59:05+00:00\",\"description\":\"Rebar Cutting Machine GQ50 (Round Knife) delivers fast, clean rolling-shear cuts for 6\u201340mm rebar. Built for high-output construction and international markets.\",\"breadcrumb\":{\"@id\":\"https:\/\/www.hsymachinery.com\/product\/rebar-cutting-machine-gq50-round-knife\/#breadcrumb\"},\"inLanguage\":\"ro-RO\",\"potentialAction\":[{\"@type\":\"ReadAction\",\"target\":[\"https:\/\/www.hsymachinery.com\/product\/rebar-cutting-machine-gq50-round-knife\/\"]}]},{\"@type\":\"ImageObject\",\"inLanguage\":\"ro-RO\",\"@id\":\"https:\/\/www.hsymachinery.com\/product\/rebar-cutting-machine-gq50-round-knife\/#primaryimage\",\"url\":\"https:\/\/www.hsymachinery.com\/wp-content\/uploads\/2025\/06\/Rebar-Cutting-Machine-GQ50-Round-knife.jpg\",\"contentUrl\":\"https:\/\/www.hsymachinery.com\/wp-content\/uploads\/2025\/06\/Rebar-Cutting-Machine-GQ50-Round-knife.jpg\",\"width\":600,\"height\":600},{\"@type\":\"BreadcrumbList\",\"@id\":\"https:\/\/www.hsymachinery.com\/product\/rebar-cutting-machine-gq50-round-knife\/#breadcrumb\",\"itemListElement\":[{\"@type\":\"ListItem\",\"position\":1,\"name\":\"home\",\"item\":\"https:\/\/www.hsymachinery.com\/\"},{\"@type\":\"ListItem\",\"position\":2,\"name\":\"products\",\"item\":\"https:\/\/www.hsymachinery.com\/products\/\"},{\"@type\":\"ListItem\",\"position\":3,\"name\":\"Rebar Cutting Machine GQ50 (Round knife)\"}]},{\"@type\":\"WebSite\",\"@id\":\"https:\/\/www.hsymachinery.com\/#website\",\"url\":\"https:\/\/www.hsymachinery.com\/\",\"name\":\"HSY Construction Machinery\",\"description\":\"HSY Machinery \u2013 A leading China construction machinery supplier, offering a wide range of light construction equipment. Our main products include Rebar Cutting Machine, Rebar Bending Machine, Rebar Stirrup Bending Machine, Rebar Arc Bending Machine, Rebar Straightening Machine, Five-Head Rebar Stirrup Bending Machine, Tamping Rammer, Plate Compactor, Concrete Cutter, Power Trowel, and other construction machinery. We are equipped with advanced CNC machines, and we enforce strict quality inspection standards along with comprehensive after-sales service. If you are interested in our products or services, we warmly welcome your inquiries via message.\",\"publisher\":{\"@id\":\"https:\/\/www.hsymachinery.com\/#organization\"},\"potentialAction\":[{\"@type\":\"SearchAction\",\"target\":{\"@type\":\"EntryPoint\",\"urlTemplate\":\"https:\/\/www.hsymachinery.com\/?s={search_term_string}\"},\"query-input\":{\"@type\":\"PropertyValueSpecification\",\"valueRequired\":true,\"valueName\":\"search_term_string\"}}],\"inLanguage\":\"ro-RO\"},{\"@type\":\"Organization\",\"@id\":\"https:\/\/www.hsymachinery.com\/#organization\",\"name\":\"HSY Construction Machinery\",\"url\":\"https:\/\/www.hsymachinery.com\/\",\"logo\":{\"@type\":\"ImageObject\",\"inLanguage\":\"ro-RO\",\"@id\":\"https:\/\/www.hsymachinery.com\/#\/schema\/logo\/image\/\",\"url\":\"https:\/\/www.hsymachinery.com\/wp-content\/uploads\/2025\/06\/cropped-HSY-machinery.png\",\"contentUrl\":\"https:\/\/www.hsymachinery.com\/wp-content\/uploads\/2025\/06\/cropped-HSY-machinery.png\",\"width\":600,\"height\":240,\"caption\":\"HSY Construction Machinery\"},\"image\":{\"@id\":\"https:\/\/www.hsymachinery.com\/#\/schema\/logo\/image\/\"}}]}<\/script>\n<!-- \/ Yoast SEO plugin. -->","yoast_head_json":{"title":"Ma\u0219in\u0103 de t\u0103iat arm\u0103turi GQ50 (cu\u021bit rotund) - HSY Ma\u0219ini de construc\u021bii","description":"Ma\u0219ina de t\u0103iat arm\u0103turi GQ50 (cu\u021bit rotund) asigur\u0103 t\u0103ieri rapide, curate prin rulare \u0219i t\u0103iere pentru arm\u0103turi de 6-40 mm. Construit\u0103 pentru construc\u021bii cu randament ridicat \u0219i pie\u021be interna\u021bionale.","robots":{"index":"index","follow":"follow","max-snippet":"max-snippet:-1","max-image-preview":"max-image-preview:large","max-video-preview":"max-video-preview:-1"},"canonical":"https:\/\/www.hsymachinery.com\/ro\/product\/masina-de-taiat-armatura-gq50-cutit-rotund\/","og_locale":"ro_RO","og_type":"article","og_title":"Rebar Cutting Machine GQ50 (Round knife) - HSY Construction Machinery","og_description":"Rebar Cutting Machine GQ50 (Round Knife) delivers fast, clean rolling-shear cuts for 6\u201340mm rebar. Built for high-output construction and international markets.","og_url":"https:\/\/www.hsymachinery.com\/ro\/product\/masina-de-taiat-armatura-gq50-cutit-rotund\/","og_site_name":"HSY Construction Machinery","article_modified_time":"2025-06-25T12:59:05+00:00","og_image":[{"width":600,"height":600,"url":"https:\/\/www.hsymachinery.com\/wp-content\/uploads\/2025\/06\/Rebar-Cutting-Machine-GQ50-Round-knife.jpg","type":"image\/jpeg"}],"twitter_card":"summary_large_image","twitter_misc":{"Timp estimat pentru citire":"2 minute"},"schema":{"@context":"https:\/\/schema.org","@graph":[{"@type":"WebPage","@id":"https:\/\/www.hsymachinery.com\/product\/rebar-cutting-machine-gq50-round-knife\/","url":"https:\/\/www.hsymachinery.com\/product\/rebar-cutting-machine-gq50-round-knife\/","name":"Ma\u0219in\u0103 de t\u0103iat arm\u0103turi GQ50 (cu\u021bit rotund) - HSY Ma\u0219ini de construc\u021bii","isPartOf":{"@id":"https:\/\/www.hsymachinery.com\/#website"},"primaryImageOfPage":{"@id":"https:\/\/www.hsymachinery.com\/product\/rebar-cutting-machine-gq50-round-knife\/#primaryimage"},"image":{"@id":"https:\/\/www.hsymachinery.com\/product\/rebar-cutting-machine-gq50-round-knife\/#primaryimage"},"thumbnailUrl":"https:\/\/www.hsymachinery.com\/wp-content\/uploads\/2025\/06\/Rebar-Cutting-Machine-GQ50-Round-knife.jpg","datePublished":"2025-06-18T03:25:48+00:00","dateModified":"2025-06-25T12:59:05+00:00","description":"Ma\u0219ina de t\u0103iat arm\u0103turi GQ50 (cu\u021bit rotund) asigur\u0103 t\u0103ieri rapide, curate prin rulare \u0219i t\u0103iere pentru arm\u0103turi de 6-40 mm. Construit\u0103 pentru construc\u021bii cu randament ridicat \u0219i pie\u021be interna\u021bionale.","breadcrumb":{"@id":"https:\/\/www.hsymachinery.com\/product\/rebar-cutting-machine-gq50-round-knife\/#breadcrumb"},"inLanguage":"ro-RO","potentialAction":[{"@type":"ReadAction","target":["https:\/\/www.hsymachinery.com\/product\/rebar-cutting-machine-gq50-round-knife\/"]}]},{"@type":"ImageObject","inLanguage":"ro-RO","@id":"https:\/\/www.hsymachinery.com\/product\/rebar-cutting-machine-gq50-round-knife\/#primaryimage","url":"https:\/\/www.hsymachinery.com\/wp-content\/uploads\/2025\/06\/Rebar-Cutting-Machine-GQ50-Round-knife.jpg","contentUrl":"https:\/\/www.hsymachinery.com\/wp-content\/uploads\/2025\/06\/Rebar-Cutting-Machine-GQ50-Round-knife.jpg","width":600,"height":600},{"@type":"BreadcrumbList","@id":"https:\/\/www.hsymachinery.com\/product\/rebar-cutting-machine-gq50-round-knife\/#breadcrumb","itemListElement":[{"@type":"ListItem","position":1,"name":"home","item":"https:\/\/www.hsymachinery.com\/"},{"@type":"ListItem","position":2,"name":"products","item":"https:\/\/www.hsymachinery.com\/products\/"},{"@type":"ListItem","position":3,"name":"Rebar Cutting Machine GQ50 (Round knife)"}]},{"@type":"WebSite","@id":"https:\/\/www.hsymachinery.com\/#website","url":"https:\/\/www.hsymachinery.com\/","name":"HSY Ma\u0219ini de construc\u021bii","description":"HSY Machinery - Un furnizor lider de ma\u0219ini de construc\u021bii din China, care ofer\u0103 o gam\u0103 larg\u0103 de echipamente de construc\u021bii u\u0219oare. Produsele noastre principale includ Ma\u0219ina de t\u0103iat arm\u0103turi, Ma\u0219ina de \u00eendoit arm\u0103turi, Ma\u0219ina de \u00eendoit st\u00e2lpi de arm\u0103turi, Ma\u0219ina de \u00eendoit arcuri de arm\u0103turi, Ma\u0219ina de \u00eendreptat arm\u0103turi, Ma\u0219ina de \u00eendoit st\u00e2lpi de arm\u0103turi cu cinci capete, Rammer de compactare, Compactor de pl\u0103ci, T\u0103ietor de beton, Mistrie electric\u0103 \u0219i alte utilaje de construc\u021bii. Suntem echipa\u021bi cu ma\u0219ini CNC avansate \u0219i aplic\u0103m standarde stricte de inspec\u021bie a calit\u0103\u021bii, \u00eempreun\u0103 cu servicii post-v\u00e2nzare complete. Dac\u0103 sunte\u021bi interesat de produsele sau serviciile noastre, primim cu c\u0103ldur\u0103 cererile dvs. prin mesaj.","publisher":{"@id":"https:\/\/www.hsymachinery.com\/#organization"},"potentialAction":[{"@type":"SearchAction","target":{"@type":"EntryPoint","urlTemplate":"https:\/\/www.hsymachinery.com\/?s={search_term_string}"},"query-input":{"@type":"PropertyValueSpecification","valueRequired":true,"valueName":"search_term_string"}}],"inLanguage":"ro-RO"},{"@type":"Organization","@id":"https:\/\/www.hsymachinery.com\/#organization","name":"HSY Ma\u0219ini de construc\u021bii","url":"https:\/\/www.hsymachinery.com\/","logo":{"@type":"ImageObject","inLanguage":"ro-RO","@id":"https:\/\/www.hsymachinery.com\/#\/schema\/logo\/image\/","url":"https:\/\/www.hsymachinery.com\/wp-content\/uploads\/2025\/06\/cropped-HSY-machinery.png","contentUrl":"https:\/\/www.hsymachinery.com\/wp-content\/uploads\/2025\/06\/cropped-HSY-machinery.png","width":600,"height":240,"caption":"HSY Construction Machinery"},"image":{"@id":"https:\/\/www.hsymachinery.com\/#\/schema\/logo\/image\/"}}]}},"_links":{"self":[{"href":"https:\/\/www.hsymachinery.com\/ro\/wp-json\/wp\/v2\/product\/8924","targetHints":{"allow":["GET"]}}],"collection":[{"href":"https:\/\/www.hsymachinery.com\/ro\/wp-json\/wp\/v2\/product"}],"about":[{"href":"https:\/\/www.hsymachinery.com\/ro\/wp-json\/wp\/v2\/types\/product"}],"version-history":[{"count":3,"href":"https:\/\/www.hsymachinery.com\/ro\/wp-json\/wp\/v2\/product\/8924\/revisions"}],"predecessor-version":[{"id":9331,"href":"https:\/\/www.hsymachinery.com\/ro\/wp-json\/wp\/v2\/product\/8924\/revisions\/9331"}],"wp:featuredmedia":[{"embeddable":true,"href":"https:\/\/www.hsymachinery.com\/ro\/wp-json\/wp\/v2\/media\/8925"}],"wp:attachment":[{"href":"https:\/\/www.hsymachinery.com\/ro\/wp-json\/wp\/v2\/media?parent=8924"}],"wp:term":[{"taxonomy":"product_brand","embeddable":true,"href":"https:\/\/www.hsymachinery.com\/ro\/wp-json\/wp\/v2\/product_brand?post=8924"},{"taxonomy":"product_cat","embeddable":true,"href":"https:\/\/www.hsymachinery.com\/ro\/wp-json\/wp\/v2\/product_cat?post=8924"},{"taxonomy":"product_tag","embeddable":true,"href":"https:\/\/www.hsymachinery.com\/ro\/wp-json\/wp\/v2\/product_tag?post=8924"}],"curies":[{"name":"wp","href":"https:\/\/api.w.org\/{rel}","templated":true}]}}