{"id":8921,"date":"2025-06-18T11:24:46","date_gmt":"2025-06-18T03:24:46","guid":{"rendered":"https:\/\/www.hsymachinery.com\/?post_type=product&#038;p=8921"},"modified":"2025-06-25T20:50:31","modified_gmt":"2025-06-25T12:50:31","slug":"masina-de-taiat-armatura-gq50-cutit-plat","status":"publish","type":"product","link":"https:\/\/www.hsymachinery.com\/ro\/product\/masina-de-taiat-armatura-gq50-cutit-plat\/","title":{"rendered":"Ma\u0219in\u0103 de t\u0103iat arm\u0103turi GQ50 (cu\u021bit plat)"},"content":{"rendered":"<h3 data-start=\"419\" data-end=\"476\">Ma\u0219in\u0103 de t\u0103iat o\u021bel greu pentru bare de arm\u0103tur\u0103 de p\u00e2n\u0103 la 40 mm<\/h3>\n<h3 data-start=\"483\" data-end=\"570\">\u00a0Prezentare general\u0103 a produsului - Echipament industrial de prelucrare a arm\u0103turilor pentru t\u0103ierea pe scar\u0103 larg\u0103<\/h3>\n<p data-start=\"572\" data-end=\"990\">The <strong data-start=\"576\" data-end=\"619\">Ma\u0219in\u0103 de t\u0103iat arm\u0103turi GQ50 (cu\u021bit plat)<\/strong> este o ma\u0219in\u0103 de t\u0103iat o\u021bel de mare capacitate construit\u0103 pentru a face fa\u021b\u0103 nevoilor de construc\u021bii grele. Proiectat pentru a t\u0103ia <strong data-start=\"724\" data-end=\"739\">6 mm p\u00e2n\u0103 la 40 mm<\/strong> acest model este ideal pentru infrastructur\u0103, poduri, tuneluri \u0219i aplica\u021bii de prefabricare. Mecanismul s\u0103u de t\u0103iere cu cu\u021bit plat asigur\u0103 un proces de forfecare stabil \u0219i curat, oferind margini netede \u00een mod constant \u0219i pierderi reduse de material.<\/p>\n<h3 data-start=\"997\" data-end=\"1062\">Performan\u021b\u0103 de t\u0103iere stabil\u0103 cu designul lamei de \u00eenalt\u0103 rezisten\u021b\u0103<\/h3>\n<p data-start=\"1064\" data-end=\"1407\">Acest model utilizeaz\u0103 un <strong data-start=\"1082\" data-end=\"1112\">sistem de forfecare cu cu\u021bit plat<\/strong> care aplic\u0103 o presiune uniform\u0103 pe fiecare segment de arm\u0103tur\u0103. Ca rezultat, t\u0103ieturile sunt precise \u0219i curate, f\u0103r\u0103 distorsiuni sau bavuri. Lama robust\u0103 poate rezista la sarcini de lucru mari, men\u021bin\u00e2nd \u00een acela\u0219i timp precizia \u00een timp. \u00cen plus, sistemul de schimbare rapid\u0103 a lamei face ca \u00eentre\u021binerea s\u0103 fie rapid\u0103 \u0219i u\u0219oar\u0103.<\/p>\n<p data-start=\"1409\" data-end=\"1692\">The <strong data-start=\"1413\" data-end=\"1456\"><a href=\"https:\/\/www.hsymachinery.com\/ro\/produse\/masina-de-taiat-armaturi\/\" target=\"_blank\" rel=\"noopener\">Ma\u0219in\u0103 de t\u0103iat arm\u0103turi<\/a> GQ50 (cu\u021bit plat)<\/strong> este ac\u021bionat de un motor din cupru de \u00eenalt\u0103 eficien\u021b\u0103 care ofer\u0103 un cuplu puternic cu un consum redus de energie. Combinat\u0103 cu o cutie de viteze prelucrat\u0103 cu precizie, aceast\u0103 ma\u0219in\u0103 func\u021bioneaz\u0103 cu vibra\u021bii minime \u0219i zgomot redus, chiar \u0219i \u00een condi\u021bii de utilizare continu\u0103.<\/p>\n<h3 data-start=\"1699\" data-end=\"1749\">Cadru robust \u0219i design global preg\u0103tit pentru export<\/h3>\n<p data-start=\"1751\" data-end=\"2081\">Ma\u0219ina are un corp din font\u0103 ranforsat\u0103, care asigur\u0103 integritatea structural\u0103 \u00een condi\u021bii de stres mecanic pe termen lung. Ro\u021bile din cauciuc masiv \u00eembun\u0103t\u0103\u021besc mobilitatea la fa\u021ba locului, \u00een timp ce un m\u00e2ner de control manual asigur\u0103 o utilizare u\u0219oar\u0103. \u00cen plus, capacul cu partea superioar\u0103 deschis\u0103 permite accesul u\u0219or \u00een timpul \u00eentre\u021binerii \u0219i al schimb\u0103rii lamei.<\/p>\n<p data-start=\"2083\" data-end=\"2335\">Suport\u00e2nd mai multe standarde de tensiune (220V\/380V, 50Hz\/60Hz), aceast\u0103 ma\u0219in\u0103 este bine adaptat\u0103 pentru pie\u021bele interna\u021bionale. Profesioni\u0219tii aleg modelul de cu\u021bit plat GQ50 pentru fiabilitatea sa pe termen lung, consisten\u021ba t\u0103ierii \u0219i rentabilitatea puternic\u0103 a investi\u021biei.<\/p>\n<h3 data-start=\"2342\" data-end=\"2388\">\u00a0De ce s\u0103 alege\u021bi GQ50 Flat Knife Rebar Cutter?<\/h3>\n<ul data-start=\"2390\" data-end=\"2631\">\n<li data-start=\"2390\" data-end=\"2452\">\n<p data-start=\"2392\" data-end=\"2452\">Taie arm\u0103turi de la 6 mm la 40 mm cu o performan\u021b\u0103 curat\u0103 \u0219i stabil\u0103<\/p>\n<\/li>\n<li data-start=\"2453\" data-end=\"2525\">\n<p data-start=\"2455\" data-end=\"2525\">Design robust pentru ore lungi de t\u0103iere f\u0103r\u0103 pierderea preciziei<\/p>\n<\/li>\n<li data-start=\"2526\" data-end=\"2574\">\n<p data-start=\"2528\" data-end=\"2574\">\u00cenlocuire rapid\u0103 a lamei \u0219i \u00eentre\u021binere u\u0219oar\u0103<\/p>\n<\/li>\n<li data-start=\"2575\" data-end=\"2631\">\n<p data-start=\"2577\" data-end=\"2631\">Gata pentru export cu personalizarea tensiunii pentru utilizare global\u0103<\/p>\n<\/li>\n<\/ul>\n<p><iframe title=\"Ma\u0219in\u0103 de t\u0103iat bare de o\u021bel, ma\u0219in\u0103 de t\u0103iat bare de o\u021bel, ma\u0219in\u0103 de t\u0103iat bare de o\u021bel, utilaje de construc\u021bii\" width=\"720\" height=\"405\" src=\"https:\/\/www.youtube.com\/embed\/cIrJPBezWsw?feature=oembed\" frameborder=\"0\" allow=\"accelerometer; autoplay; clipboard-write; encrypted-media; gyroscope; picture-in-picture; web-share\" referrerpolicy=\"strict-origin-when-cross-origin\" allowfullscreen><\/iframe><\/p>","protected":false},"excerpt":{"rendered":"<p>GQ50 Flat Knife Rebar Cutting Machine ofer\u0103 t\u0103ieturi stabile \u0219i curate pentru bare de o\u021bel de 6-40 mm. Ideal\u0103 pentru medii de construc\u021bie cu sarcin\u0103 mare \u0219i utilizare pe termen lung pe \u0219antiere.<\/p>","protected":false},"featured_media":8922,"template":"","meta":{"_kad_post_transparent":"default","_kad_post_title":"","_kad_post_layout":"default","_kad_post_sidebar_id":"","_kad_post_content_style":"default","_kad_post_vertical_padding":"default","_kad_post_feature":"","_kad_post_feature_position":"","_kad_post_header":false,"_kad_post_footer":false},"product_brand":[],"product_cat":[51],"product_tag":[988,992,990,989,993,985,994,987,984,991,986],"class_list":{"0":"post-8921","1":"product","2":"type-product","3":"status-publish","4":"has-post-thumbnail","6":"product_cat-rebar-cutting-machine","7":"product_tag-automatic-rebar-cutter","8":"product_tag-construction-steel-bar-cutter","9":"product_tag-electric-rebar-cutting-tool","10":"product_tag-hydraulic-rebar-cutting-machine","11":"product_tag-portable-rebar-cutting-machine","12":"product_tag-rebar-cutter","13":"product_tag-rebar-cutting-machine","14":"product_tag-reinforcement-bar-cutter","15":"product_tag-steel-bar-cutting-machine","16":"product_tag-steel-rod-cutter-machine","17":"product_tag-tmt-bar-cutting-machine","19":"first","20":"instock","21":"shipping-taxable","22":"product-type-simple","23":"entry","24":"content-bg","25":"loop-entry"},"yoast_head":"<!-- This site is optimized with the Yoast SEO plugin v25.3.1 - https:\/\/yoast.com\/wordpress\/plugins\/seo\/ -->\n<title>Rebar Cutting Machine GQ50 (Flat knife) - HSY Construction Machinery<\/title>\n<meta name=\"description\" content=\"Rebar Cutting Machine GQ50 (Flat Knife) cuts 6\u201340mm rebar with clean edges and high efficiency. Designed for heavy-duty construction and export demands.\" \/>\n<meta name=\"robots\" content=\"index, follow, max-snippet:-1, max-image-preview:large, max-video-preview:-1\" \/>\n<link rel=\"canonical\" href=\"https:\/\/www.hsymachinery.com\/ro\/product\/masina-de-taiat-armatura-gq50-cutit-plat\/\" \/>\n<meta property=\"og:locale\" content=\"ro_RO\" \/>\n<meta property=\"og:type\" content=\"article\" \/>\n<meta property=\"og:title\" content=\"Rebar Cutting Machine GQ50 (Flat knife) - HSY Construction Machinery\" \/>\n<meta property=\"og:description\" content=\"Rebar Cutting Machine GQ50 (Flat Knife) cuts 6\u201340mm rebar with clean edges and high efficiency. Designed for heavy-duty construction and export demands.\" \/>\n<meta property=\"og:url\" content=\"https:\/\/www.hsymachinery.com\/ro\/product\/masina-de-taiat-armatura-gq50-cutit-plat\/\" \/>\n<meta property=\"og:site_name\" content=\"HSY Construction Machinery\" \/>\n<meta property=\"article:modified_time\" content=\"2025-06-25T12:50:31+00:00\" \/>\n<meta property=\"og:image\" content=\"https:\/\/www.hsymachinery.com\/wp-content\/uploads\/2025\/06\/Rebar-Cutting-Machine-GQ50-Flat-knife.jpg\" \/>\n\t<meta property=\"og:image:width\" content=\"600\" \/>\n\t<meta property=\"og:image:height\" content=\"600\" \/>\n\t<meta property=\"og:image:type\" content=\"image\/jpeg\" \/>\n<meta name=\"twitter:card\" content=\"summary_large_image\" \/>\n<meta name=\"twitter:label1\" content=\"Timp estimat pentru citire\" \/>\n\t<meta name=\"twitter:data1\" content=\"2 minute\" \/>\n<script type=\"application\/ld+json\" class=\"yoast-schema-graph\">{\"@context\":\"https:\/\/schema.org\",\"@graph\":[{\"@type\":\"WebPage\",\"@id\":\"https:\/\/www.hsymachinery.com\/product\/rebar-cutting-machine-gq50-flat-knife\/\",\"url\":\"https:\/\/www.hsymachinery.com\/product\/rebar-cutting-machine-gq50-flat-knife\/\",\"name\":\"Rebar Cutting Machine GQ50 (Flat knife) - HSY Construction Machinery\",\"isPartOf\":{\"@id\":\"https:\/\/www.hsymachinery.com\/#website\"},\"primaryImageOfPage\":{\"@id\":\"https:\/\/www.hsymachinery.com\/product\/rebar-cutting-machine-gq50-flat-knife\/#primaryimage\"},\"image\":{\"@id\":\"https:\/\/www.hsymachinery.com\/product\/rebar-cutting-machine-gq50-flat-knife\/#primaryimage\"},\"thumbnailUrl\":\"https:\/\/www.hsymachinery.com\/wp-content\/uploads\/2025\/06\/Rebar-Cutting-Machine-GQ50-Flat-knife.jpg\",\"datePublished\":\"2025-06-18T03:24:46+00:00\",\"dateModified\":\"2025-06-25T12:50:31+00:00\",\"description\":\"Rebar Cutting Machine GQ50 (Flat Knife) cuts 6\u201340mm rebar with clean edges and high efficiency. Designed for heavy-duty construction and export demands.\",\"breadcrumb\":{\"@id\":\"https:\/\/www.hsymachinery.com\/product\/rebar-cutting-machine-gq50-flat-knife\/#breadcrumb\"},\"inLanguage\":\"ro-RO\",\"potentialAction\":[{\"@type\":\"ReadAction\",\"target\":[\"https:\/\/www.hsymachinery.com\/product\/rebar-cutting-machine-gq50-flat-knife\/\"]}]},{\"@type\":\"ImageObject\",\"inLanguage\":\"ro-RO\",\"@id\":\"https:\/\/www.hsymachinery.com\/product\/rebar-cutting-machine-gq50-flat-knife\/#primaryimage\",\"url\":\"https:\/\/www.hsymachinery.com\/wp-content\/uploads\/2025\/06\/Rebar-Cutting-Machine-GQ50-Flat-knife.jpg\",\"contentUrl\":\"https:\/\/www.hsymachinery.com\/wp-content\/uploads\/2025\/06\/Rebar-Cutting-Machine-GQ50-Flat-knife.jpg\",\"width\":600,\"height\":600},{\"@type\":\"BreadcrumbList\",\"@id\":\"https:\/\/www.hsymachinery.com\/product\/rebar-cutting-machine-gq50-flat-knife\/#breadcrumb\",\"itemListElement\":[{\"@type\":\"ListItem\",\"position\":1,\"name\":\"home\",\"item\":\"https:\/\/www.hsymachinery.com\/\"},{\"@type\":\"ListItem\",\"position\":2,\"name\":\"products\",\"item\":\"https:\/\/www.hsymachinery.com\/products\/\"},{\"@type\":\"ListItem\",\"position\":3,\"name\":\"Rebar Cutting Machine GQ50 (Flat knife)\"}]},{\"@type\":\"WebSite\",\"@id\":\"https:\/\/www.hsymachinery.com\/#website\",\"url\":\"https:\/\/www.hsymachinery.com\/\",\"name\":\"HSY Construction Machinery\",\"description\":\"HSY Machinery \u2013 A leading China construction machinery supplier, offering a wide range of light construction equipment. Our main products include Rebar Cutting Machine, Rebar Bending Machine, Rebar Stirrup Bending Machine, Rebar Arc Bending Machine, Rebar Straightening Machine, Five-Head Rebar Stirrup Bending Machine, Tamping Rammer, Plate Compactor, Concrete Cutter, Power Trowel, and other construction machinery. We are equipped with advanced CNC machines, and we enforce strict quality inspection standards along with comprehensive after-sales service. If you are interested in our products or services, we warmly welcome your inquiries via message.\",\"publisher\":{\"@id\":\"https:\/\/www.hsymachinery.com\/#organization\"},\"potentialAction\":[{\"@type\":\"SearchAction\",\"target\":{\"@type\":\"EntryPoint\",\"urlTemplate\":\"https:\/\/www.hsymachinery.com\/?s={search_term_string}\"},\"query-input\":{\"@type\":\"PropertyValueSpecification\",\"valueRequired\":true,\"valueName\":\"search_term_string\"}}],\"inLanguage\":\"ro-RO\"},{\"@type\":\"Organization\",\"@id\":\"https:\/\/www.hsymachinery.com\/#organization\",\"name\":\"HSY Construction Machinery\",\"url\":\"https:\/\/www.hsymachinery.com\/\",\"logo\":{\"@type\":\"ImageObject\",\"inLanguage\":\"ro-RO\",\"@id\":\"https:\/\/www.hsymachinery.com\/#\/schema\/logo\/image\/\",\"url\":\"https:\/\/www.hsymachinery.com\/wp-content\/uploads\/2025\/06\/cropped-HSY-machinery.png\",\"contentUrl\":\"https:\/\/www.hsymachinery.com\/wp-content\/uploads\/2025\/06\/cropped-HSY-machinery.png\",\"width\":600,\"height\":240,\"caption\":\"HSY Construction Machinery\"},\"image\":{\"@id\":\"https:\/\/www.hsymachinery.com\/#\/schema\/logo\/image\/\"}}]}<\/script>\n<!-- \/ Yoast SEO plugin. -->","yoast_head_json":{"title":"Ma\u0219in\u0103 de t\u0103iat arm\u0103turi GQ50 (cu\u021bit plat) - HSY Ma\u0219ini de construc\u021bii","description":"Ma\u0219ina de t\u0103iat arm\u0103turi GQ50 (cu\u021bit plat) taie arm\u0103turi de 6-40 mm cu margini curate \u0219i eficien\u021b\u0103 ridicat\u0103. Proiectat pentru construc\u021bii grele \u0219i cereri de export.","robots":{"index":"index","follow":"follow","max-snippet":"max-snippet:-1","max-image-preview":"max-image-preview:large","max-video-preview":"max-video-preview:-1"},"canonical":"https:\/\/www.hsymachinery.com\/ro\/product\/masina-de-taiat-armatura-gq50-cutit-plat\/","og_locale":"ro_RO","og_type":"article","og_title":"Rebar Cutting Machine GQ50 (Flat knife) - HSY Construction Machinery","og_description":"Rebar Cutting Machine GQ50 (Flat Knife) cuts 6\u201340mm rebar with clean edges and high efficiency. Designed for heavy-duty construction and export demands.","og_url":"https:\/\/www.hsymachinery.com\/ro\/product\/masina-de-taiat-armatura-gq50-cutit-plat\/","og_site_name":"HSY Construction Machinery","article_modified_time":"2025-06-25T12:50:31+00:00","og_image":[{"width":600,"height":600,"url":"https:\/\/www.hsymachinery.com\/wp-content\/uploads\/2025\/06\/Rebar-Cutting-Machine-GQ50-Flat-knife.jpg","type":"image\/jpeg"}],"twitter_card":"summary_large_image","twitter_misc":{"Timp estimat pentru citire":"2 minute"},"schema":{"@context":"https:\/\/schema.org","@graph":[{"@type":"WebPage","@id":"https:\/\/www.hsymachinery.com\/product\/rebar-cutting-machine-gq50-flat-knife\/","url":"https:\/\/www.hsymachinery.com\/product\/rebar-cutting-machine-gq50-flat-knife\/","name":"Ma\u0219in\u0103 de t\u0103iat arm\u0103turi GQ50 (cu\u021bit plat) - HSY Ma\u0219ini de construc\u021bii","isPartOf":{"@id":"https:\/\/www.hsymachinery.com\/#website"},"primaryImageOfPage":{"@id":"https:\/\/www.hsymachinery.com\/product\/rebar-cutting-machine-gq50-flat-knife\/#primaryimage"},"image":{"@id":"https:\/\/www.hsymachinery.com\/product\/rebar-cutting-machine-gq50-flat-knife\/#primaryimage"},"thumbnailUrl":"https:\/\/www.hsymachinery.com\/wp-content\/uploads\/2025\/06\/Rebar-Cutting-Machine-GQ50-Flat-knife.jpg","datePublished":"2025-06-18T03:24:46+00:00","dateModified":"2025-06-25T12:50:31+00:00","description":"Ma\u0219ina de t\u0103iat arm\u0103turi GQ50 (cu\u021bit plat) taie arm\u0103turi de 6-40 mm cu margini curate \u0219i eficien\u021b\u0103 ridicat\u0103. Proiectat pentru construc\u021bii grele \u0219i cereri de export.","breadcrumb":{"@id":"https:\/\/www.hsymachinery.com\/product\/rebar-cutting-machine-gq50-flat-knife\/#breadcrumb"},"inLanguage":"ro-RO","potentialAction":[{"@type":"ReadAction","target":["https:\/\/www.hsymachinery.com\/product\/rebar-cutting-machine-gq50-flat-knife\/"]}]},{"@type":"ImageObject","inLanguage":"ro-RO","@id":"https:\/\/www.hsymachinery.com\/product\/rebar-cutting-machine-gq50-flat-knife\/#primaryimage","url":"https:\/\/www.hsymachinery.com\/wp-content\/uploads\/2025\/06\/Rebar-Cutting-Machine-GQ50-Flat-knife.jpg","contentUrl":"https:\/\/www.hsymachinery.com\/wp-content\/uploads\/2025\/06\/Rebar-Cutting-Machine-GQ50-Flat-knife.jpg","width":600,"height":600},{"@type":"BreadcrumbList","@id":"https:\/\/www.hsymachinery.com\/product\/rebar-cutting-machine-gq50-flat-knife\/#breadcrumb","itemListElement":[{"@type":"ListItem","position":1,"name":"home","item":"https:\/\/www.hsymachinery.com\/"},{"@type":"ListItem","position":2,"name":"products","item":"https:\/\/www.hsymachinery.com\/products\/"},{"@type":"ListItem","position":3,"name":"Rebar Cutting Machine GQ50 (Flat knife)"}]},{"@type":"WebSite","@id":"https:\/\/www.hsymachinery.com\/#website","url":"https:\/\/www.hsymachinery.com\/","name":"HSY Ma\u0219ini de construc\u021bii","description":"HSY Machinery - Un furnizor lider de ma\u0219ini de construc\u021bii din China, care ofer\u0103 o gam\u0103 larg\u0103 de echipamente de construc\u021bii u\u0219oare. Produsele noastre principale includ Ma\u0219ina de t\u0103iat arm\u0103turi, Ma\u0219ina de \u00eendoit arm\u0103turi, Ma\u0219ina de \u00eendoit st\u00e2lpi de arm\u0103turi, Ma\u0219ina de \u00eendoit arcuri de arm\u0103turi, Ma\u0219ina de \u00eendreptat arm\u0103turi, Ma\u0219ina de \u00eendoit st\u00e2lpi de arm\u0103turi cu cinci capete, Rammer de compactare, Compactor de pl\u0103ci, T\u0103ietor de beton, Mistrie electric\u0103 \u0219i alte utilaje de construc\u021bii. Suntem echipa\u021bi cu ma\u0219ini CNC avansate \u0219i aplic\u0103m standarde stricte de inspec\u021bie a calit\u0103\u021bii, \u00eempreun\u0103 cu servicii post-v\u00e2nzare complete. Dac\u0103 sunte\u021bi interesat de produsele sau serviciile noastre, primim cu c\u0103ldur\u0103 cererile dvs. prin mesaj.","publisher":{"@id":"https:\/\/www.hsymachinery.com\/#organization"},"potentialAction":[{"@type":"SearchAction","target":{"@type":"EntryPoint","urlTemplate":"https:\/\/www.hsymachinery.com\/?s={search_term_string}"},"query-input":{"@type":"PropertyValueSpecification","valueRequired":true,"valueName":"search_term_string"}}],"inLanguage":"ro-RO"},{"@type":"Organization","@id":"https:\/\/www.hsymachinery.com\/#organization","name":"HSY Ma\u0219ini de construc\u021bii","url":"https:\/\/www.hsymachinery.com\/","logo":{"@type":"ImageObject","inLanguage":"ro-RO","@id":"https:\/\/www.hsymachinery.com\/#\/schema\/logo\/image\/","url":"https:\/\/www.hsymachinery.com\/wp-content\/uploads\/2025\/06\/cropped-HSY-machinery.png","contentUrl":"https:\/\/www.hsymachinery.com\/wp-content\/uploads\/2025\/06\/cropped-HSY-machinery.png","width":600,"height":240,"caption":"HSY Construction Machinery"},"image":{"@id":"https:\/\/www.hsymachinery.com\/#\/schema\/logo\/image\/"}}]}},"_links":{"self":[{"href":"https:\/\/www.hsymachinery.com\/ro\/wp-json\/wp\/v2\/product\/8921","targetHints":{"allow":["GET"]}}],"collection":[{"href":"https:\/\/www.hsymachinery.com\/ro\/wp-json\/wp\/v2\/product"}],"about":[{"href":"https:\/\/www.hsymachinery.com\/ro\/wp-json\/wp\/v2\/types\/product"}],"version-history":[{"count":3,"href":"https:\/\/www.hsymachinery.com\/ro\/wp-json\/wp\/v2\/product\/8921\/revisions"}],"predecessor-version":[{"id":9329,"href":"https:\/\/www.hsymachinery.com\/ro\/wp-json\/wp\/v2\/product\/8921\/revisions\/9329"}],"wp:featuredmedia":[{"embeddable":true,"href":"https:\/\/www.hsymachinery.com\/ro\/wp-json\/wp\/v2\/media\/8922"}],"wp:attachment":[{"href":"https:\/\/www.hsymachinery.com\/ro\/wp-json\/wp\/v2\/media?parent=8921"}],"wp:term":[{"taxonomy":"product_brand","embeddable":true,"href":"https:\/\/www.hsymachinery.com\/ro\/wp-json\/wp\/v2\/product_brand?post=8921"},{"taxonomy":"product_cat","embeddable":true,"href":"https:\/\/www.hsymachinery.com\/ro\/wp-json\/wp\/v2\/product_cat?post=8921"},{"taxonomy":"product_tag","embeddable":true,"href":"https:\/\/www.hsymachinery.com\/ro\/wp-json\/wp\/v2\/product_tag?post=8921"}],"curies":[{"name":"wp","href":"https:\/\/api.w.org\/{rel}","templated":true}]}}