{"id":8918,"date":"2025-06-18T11:23:11","date_gmt":"2025-06-18T03:23:11","guid":{"rendered":"https:\/\/www.hsymachinery.com\/?post_type=product&#038;p=8918"},"modified":"2025-06-25T20:46:53","modified_gmt":"2025-06-25T12:46:53","slug":"masina-de-taiat-armatura-gq45-cutit-rotund","status":"publish","type":"product","link":"https:\/\/www.hsymachinery.com\/ro\/product\/masina-de-taiat-armatura-gq45-cutit-rotund\/","title":{"rendered":"Ma\u0219in\u0103 de t\u0103iat arm\u0103turi GQ45 (cu\u021bit rotund)"},"content":{"rendered":"<h3 data-start=\"332\" data-end=\"408\">Dispozitiv durabil de t\u0103iere a arm\u0103turilor cu lam\u0103 de rulare pentru prelucrarea o\u021belului de mare volum<\/h3>\n<h3 data-start=\"415\" data-end=\"493\">\u00a0Prezentare general\u0103 a produsului - Ma\u0219in\u0103 de prelucrare a arm\u0103turilor cu lam\u0103 rotund\u0103 pentru bare de 6-36 mm<\/h3>\n<p data-start=\"495\" data-end=\"891\">The <strong data-start=\"499\" data-end=\"543\">Ma\u0219in\u0103 de t\u0103iat arm\u0103turi GQ45 (cu\u021bit rotund)<\/strong> este proiectat pentru t\u0103ierea de \u00eenalt\u0103 eficien\u021b\u0103 a barelor de o\u021bel \u00een construc\u021bii \u0219i medii industriale. Acest model este potrivit pentru t\u0103ierea <strong data-start=\"674\" data-end=\"689\">6 mm p\u00e2n\u0103 la 36 mm<\/strong> o\u021bel rotund, bare deformate \u0219i bare de o\u021bel carbon. Datorit\u0103 <strong data-start=\"750\" data-end=\"780\">sistem de t\u0103iere cu cu\u021bit rotund<\/strong>, ma\u0219ina aplic\u0103 o mi\u0219care de forfecare prin rostogolire care reduce semnificativ rezisten\u021ba la t\u0103iere \u0219i cre\u0219te viteza.<\/p>\n<h3 data-start=\"898\" data-end=\"948\">\u00a0Ac\u021biune de forfecare lin\u0103 cu uzur\u0103 redus\u0103 a lamei<\/h3>\n<p data-start=\"950\" data-end=\"1305\">Spre deosebire de cu\u021bitele plate, designul cu\u021bitului rotund utilizeaz\u0103 o mi\u0219care circular\u0103 de forfecare care asigur\u0103 t\u0103ieri mai netede \u0219i o durat\u0103 de via\u021b\u0103 mai lung\u0103 a lamei. Ca urmare, operatorii resimt mai pu\u021bine vibra\u021bii \u0219i pot procesa mai multe bare pe or\u0103 cu mai pu\u021bin\u0103 oboseal\u0103. \u00cen plus, cu\u021bitul <strong data-start=\"1196\" data-end=\"1238\">GQ45 cu\u021bit rotund arm\u0103tur\u0103 ma\u0219in\u0103 de t\u0103iere<\/strong> asigur\u0103 c\u0103 fiecare bar\u0103 este t\u0103iat\u0103 curat, f\u0103r\u0103 deform\u0103ri sau bavuri.<\/p>\n<p data-start=\"1307\" data-end=\"1538\">A <strong data-start=\"1309\" data-end=\"1330\">motor cu miez de cupru<\/strong> alimenteaz\u0103 unitatea, furniz\u00e2nd un cuplu fiabil pe parcursul ciclurilor lungi de func\u021bionare. Cutia de viteze este realizat\u0103 din componente prelucrate cu precizie care reduc frecarea, \u00eembun\u0103t\u0103\u021besc eficien\u021ba \u0219i prelungesc durata de via\u021b\u0103 a ma\u0219inii.<\/p>\n<h3 data-start=\"1545\" data-end=\"1588\">Cadru robust \u0219i design preg\u0103tit pentru export<\/h3>\n<p data-start=\"1590\" data-end=\"1982\">Construit cu un <strong data-start=\"1603\" data-end=\"1632\">corp robust din font\u0103<\/strong>, GQ45 (cu\u021bit rotund) rezist\u0103 la impact \u0219i uzur\u0103 \u00een medii de lucru dificile. \u00cen plus, ma\u0219ina include <strong data-start=\"1746\" data-end=\"1764\">ro\u021bi durabile<\/strong> pentru o relocare u\u0219oar\u0103 pe \u0219antier. Operatorii pot controla cursele de t\u0103iere cu ajutorul unui <strong data-start=\"1840\" data-end=\"1857\">m\u00e2ner manual<\/strong>, asigur\u00e2nd siguran\u021b\u0103 \u0219i precizie. \u00centre\u021binerea este rapid\u0103 \u0219i convenabil\u0103 cu ajutorul capacului care se poate deschide \u0219i a \u00eenlocuirii lamei f\u0103r\u0103 unelte.<\/p>\n<p data-start=\"1984\" data-end=\"2218\">Acest model suport\u0103 standardele interna\u021bionale de tensiune (220V\/380V, 50Hz\/60Hz), ceea ce \u00eel face o alegere practic\u0103 pentru pie\u021bele de export. Antreprenorii din \u00eentreaga lume se bazeaz\u0103 pe <strong data-start=\"2143\" data-end=\"2187\">Ma\u0219in\u0103 de t\u0103iat arm\u0103turi GQ45 (cu\u021bit rotund)<\/strong> pentru sarcinile zilnice de t\u0103iere a o\u021belului.<\/p>\n<h3 data-start=\"2225\" data-end=\"2269\">De ce s\u0103 alege\u021bi modelul de cu\u021bit rotund GQ45?<\/h3>\n<ul data-start=\"2271\" data-end=\"2463\">\n<li data-start=\"2271\" data-end=\"2315\">\n<p data-start=\"2273\" data-end=\"2315\">Foarfec\u0103 de laminare eficient\u0103 pentru bare de arm\u0103tur\u0103 de 6-36 mm<\/p>\n<\/li>\n<li data-start=\"2316\" data-end=\"2353\">\n<p data-start=\"2318\" data-end=\"2353\">Mai pu\u021bine vibra\u021bii, via\u021b\u0103 mai lung\u0103 a lamei<\/p>\n<\/li>\n<li data-start=\"2354\" data-end=\"2396\">\n<p data-start=\"2356\" data-end=\"2396\">Ciclu de t\u0103iere rapid, rezultate cu muchii curate<\/p>\n<\/li>\n<li data-start=\"2397\" data-end=\"2463\">\n<p data-start=\"2399\" data-end=\"2463\">Construit pentru func\u021bionare continu\u0103 pe \u0219antierele de construc\u021bii solicitante<\/p>\n<\/li>\n<\/ul>\n<p><iframe title=\"#construc\u021bie #construc\u021bielucr\u0103tor #rebarma\u0219in\u0103 #rebarcutter #rebarcuttingmachine #rebar\" width=\"720\" height=\"405\" src=\"https:\/\/www.youtube.com\/embed\/tdc4TA5-zRc?feature=oembed\" frameborder=\"0\" allow=\"accelerometer; autoplay; clipboard-write; encrypted-media; gyroscope; picture-in-picture; web-share\" referrerpolicy=\"strict-origin-when-cross-origin\" allowfullscreen><\/iframe><\/p>","protected":false},"excerpt":{"rendered":"<p>Ma\u0219ina de t\u0103iat arm\u0103turi cu cu\u021bit rotund GQ45 taie bare de o\u021bel de 6-36 mm cu precizie de rulare-\u00eencercare, reduc\u00e2nd rezisten\u021ba \u0219i cresc\u00e2nd viteza \u0219i durata de via\u021b\u0103 a lamei.<\/p>","protected":false},"featured_media":8919,"template":"","meta":{"_kad_post_transparent":"default","_kad_post_title":"","_kad_post_layout":"default","_kad_post_sidebar_id":"","_kad_post_content_style":"default","_kad_post_vertical_padding":"default","_kad_post_feature":"","_kad_post_feature_position":"","_kad_post_header":false,"_kad_post_footer":false},"product_brand":[],"product_cat":[51],"product_tag":[988,992,990,989,993,985,994,987,984,991,986],"class_list":{"0":"post-8918","1":"product","2":"type-product","3":"status-publish","4":"has-post-thumbnail","6":"product_cat-rebar-cutting-machine","7":"product_tag-automatic-rebar-cutter","8":"product_tag-construction-steel-bar-cutter","9":"product_tag-electric-rebar-cutting-tool","10":"product_tag-hydraulic-rebar-cutting-machine","11":"product_tag-portable-rebar-cutting-machine","12":"product_tag-rebar-cutter","13":"product_tag-rebar-cutting-machine","14":"product_tag-reinforcement-bar-cutter","15":"product_tag-steel-bar-cutting-machine","16":"product_tag-steel-rod-cutter-machine","17":"product_tag-tmt-bar-cutting-machine","19":"first","20":"instock","21":"shipping-taxable","22":"product-type-simple","23":"entry","24":"content-bg","25":"loop-entry"},"yoast_head":"<!-- This site is optimized with the Yoast SEO plugin v25.3.1 - https:\/\/yoast.com\/wordpress\/plugins\/seo\/ -->\n<title>Rebar Cutting Machine GQ45 (Round knife) - HSY Construction Machinery<\/title>\n<meta name=\"description\" content=\"Rebar Cutting Machine GQ45 (Round Knife) provides smooth, high-speed cutting of 6\u201336mm rebar. Ideal for construction and steel processing export markets.\" \/>\n<meta name=\"robots\" content=\"index, follow, max-snippet:-1, max-image-preview:large, max-video-preview:-1\" \/>\n<link rel=\"canonical\" href=\"https:\/\/www.hsymachinery.com\/ro\/product\/masina-de-taiat-armatura-gq45-cutit-rotund\/\" \/>\n<meta property=\"og:locale\" content=\"ro_RO\" \/>\n<meta property=\"og:type\" content=\"article\" \/>\n<meta property=\"og:title\" content=\"Rebar Cutting Machine GQ45 (Round knife) - HSY Construction Machinery\" \/>\n<meta property=\"og:description\" content=\"Rebar Cutting Machine GQ45 (Round Knife) provides smooth, high-speed cutting of 6\u201336mm rebar. Ideal for construction and steel processing export markets.\" \/>\n<meta property=\"og:url\" content=\"https:\/\/www.hsymachinery.com\/ro\/product\/masina-de-taiat-armatura-gq45-cutit-rotund\/\" \/>\n<meta property=\"og:site_name\" content=\"HSY Construction Machinery\" \/>\n<meta property=\"article:modified_time\" content=\"2025-06-25T12:46:53+00:00\" \/>\n<meta property=\"og:image\" content=\"https:\/\/www.hsymachinery.com\/wp-content\/uploads\/2025\/06\/Rebar-Cutting-Machine-GQ45-Round-knife.jpg\" \/>\n\t<meta property=\"og:image:width\" content=\"600\" \/>\n\t<meta property=\"og:image:height\" content=\"600\" \/>\n\t<meta property=\"og:image:type\" content=\"image\/jpeg\" \/>\n<meta name=\"twitter:card\" content=\"summary_large_image\" \/>\n<meta name=\"twitter:label1\" content=\"Timp estimat pentru citire\" \/>\n\t<meta name=\"twitter:data1\" content=\"2 minute\" \/>\n<script type=\"application\/ld+json\" class=\"yoast-schema-graph\">{\"@context\":\"https:\/\/schema.org\",\"@graph\":[{\"@type\":\"WebPage\",\"@id\":\"https:\/\/www.hsymachinery.com\/product\/rebar-cutting-machine-gq45-round-knife\/\",\"url\":\"https:\/\/www.hsymachinery.com\/product\/rebar-cutting-machine-gq45-round-knife\/\",\"name\":\"Rebar Cutting Machine GQ45 (Round knife) - HSY Construction Machinery\",\"isPartOf\":{\"@id\":\"https:\/\/www.hsymachinery.com\/#website\"},\"primaryImageOfPage\":{\"@id\":\"https:\/\/www.hsymachinery.com\/product\/rebar-cutting-machine-gq45-round-knife\/#primaryimage\"},\"image\":{\"@id\":\"https:\/\/www.hsymachinery.com\/product\/rebar-cutting-machine-gq45-round-knife\/#primaryimage\"},\"thumbnailUrl\":\"https:\/\/www.hsymachinery.com\/wp-content\/uploads\/2025\/06\/Rebar-Cutting-Machine-GQ45-Round-knife.jpg\",\"datePublished\":\"2025-06-18T03:23:11+00:00\",\"dateModified\":\"2025-06-25T12:46:53+00:00\",\"description\":\"Rebar Cutting Machine GQ45 (Round Knife) provides smooth, high-speed cutting of 6\u201336mm rebar. Ideal for construction and steel processing export markets.\",\"breadcrumb\":{\"@id\":\"https:\/\/www.hsymachinery.com\/product\/rebar-cutting-machine-gq45-round-knife\/#breadcrumb\"},\"inLanguage\":\"ro-RO\",\"potentialAction\":[{\"@type\":\"ReadAction\",\"target\":[\"https:\/\/www.hsymachinery.com\/product\/rebar-cutting-machine-gq45-round-knife\/\"]}]},{\"@type\":\"ImageObject\",\"inLanguage\":\"ro-RO\",\"@id\":\"https:\/\/www.hsymachinery.com\/product\/rebar-cutting-machine-gq45-round-knife\/#primaryimage\",\"url\":\"https:\/\/www.hsymachinery.com\/wp-content\/uploads\/2025\/06\/Rebar-Cutting-Machine-GQ45-Round-knife.jpg\",\"contentUrl\":\"https:\/\/www.hsymachinery.com\/wp-content\/uploads\/2025\/06\/Rebar-Cutting-Machine-GQ45-Round-knife.jpg\",\"width\":600,\"height\":600},{\"@type\":\"BreadcrumbList\",\"@id\":\"https:\/\/www.hsymachinery.com\/product\/rebar-cutting-machine-gq45-round-knife\/#breadcrumb\",\"itemListElement\":[{\"@type\":\"ListItem\",\"position\":1,\"name\":\"home\",\"item\":\"https:\/\/www.hsymachinery.com\/\"},{\"@type\":\"ListItem\",\"position\":2,\"name\":\"products\",\"item\":\"https:\/\/www.hsymachinery.com\/products\/\"},{\"@type\":\"ListItem\",\"position\":3,\"name\":\"Rebar Cutting Machine GQ45 (Round knife)\"}]},{\"@type\":\"WebSite\",\"@id\":\"https:\/\/www.hsymachinery.com\/#website\",\"url\":\"https:\/\/www.hsymachinery.com\/\",\"name\":\"HSY Construction Machinery\",\"description\":\"HSY Machinery \u2013 A leading China construction machinery supplier, offering a wide range of light construction equipment. Our main products include Rebar Cutting Machine, Rebar Bending Machine, Rebar Stirrup Bending Machine, Rebar Arc Bending Machine, Rebar Straightening Machine, Five-Head Rebar Stirrup Bending Machine, Tamping Rammer, Plate Compactor, Concrete Cutter, Power Trowel, and other construction machinery. We are equipped with advanced CNC machines, and we enforce strict quality inspection standards along with comprehensive after-sales service. If you are interested in our products or services, we warmly welcome your inquiries via message.\",\"publisher\":{\"@id\":\"https:\/\/www.hsymachinery.com\/#organization\"},\"potentialAction\":[{\"@type\":\"SearchAction\",\"target\":{\"@type\":\"EntryPoint\",\"urlTemplate\":\"https:\/\/www.hsymachinery.com\/?s={search_term_string}\"},\"query-input\":{\"@type\":\"PropertyValueSpecification\",\"valueRequired\":true,\"valueName\":\"search_term_string\"}}],\"inLanguage\":\"ro-RO\"},{\"@type\":\"Organization\",\"@id\":\"https:\/\/www.hsymachinery.com\/#organization\",\"name\":\"HSY Construction Machinery\",\"url\":\"https:\/\/www.hsymachinery.com\/\",\"logo\":{\"@type\":\"ImageObject\",\"inLanguage\":\"ro-RO\",\"@id\":\"https:\/\/www.hsymachinery.com\/#\/schema\/logo\/image\/\",\"url\":\"https:\/\/www.hsymachinery.com\/wp-content\/uploads\/2025\/06\/cropped-HSY-machinery.png\",\"contentUrl\":\"https:\/\/www.hsymachinery.com\/wp-content\/uploads\/2025\/06\/cropped-HSY-machinery.png\",\"width\":600,\"height\":240,\"caption\":\"HSY Construction Machinery\"},\"image\":{\"@id\":\"https:\/\/www.hsymachinery.com\/#\/schema\/logo\/image\/\"}}]}<\/script>\n<!-- \/ Yoast SEO plugin. -->","yoast_head_json":{"title":"Ma\u0219in\u0103 de t\u0103iat arm\u0103turi GQ45 (cu\u021bit rotund) - HSY Ma\u0219ini de construc\u021bii","description":"Ma\u0219ina de t\u0103iat arm\u0103turi GQ45 (cu\u021bit rotund) asigur\u0103 t\u0103ierea lin\u0103, de mare vitez\u0103 a arm\u0103turilor de 6-36 mm. Ideal pentru construc\u021bii \u0219i pie\u021bele de export de prelucrare a o\u021belului.","robots":{"index":"index","follow":"follow","max-snippet":"max-snippet:-1","max-image-preview":"max-image-preview:large","max-video-preview":"max-video-preview:-1"},"canonical":"https:\/\/www.hsymachinery.com\/ro\/product\/masina-de-taiat-armatura-gq45-cutit-rotund\/","og_locale":"ro_RO","og_type":"article","og_title":"Rebar Cutting Machine GQ45 (Round knife) - HSY Construction Machinery","og_description":"Rebar Cutting Machine GQ45 (Round Knife) provides smooth, high-speed cutting of 6\u201336mm rebar. Ideal for construction and steel processing export markets.","og_url":"https:\/\/www.hsymachinery.com\/ro\/product\/masina-de-taiat-armatura-gq45-cutit-rotund\/","og_site_name":"HSY Construction Machinery","article_modified_time":"2025-06-25T12:46:53+00:00","og_image":[{"width":600,"height":600,"url":"https:\/\/www.hsymachinery.com\/wp-content\/uploads\/2025\/06\/Rebar-Cutting-Machine-GQ45-Round-knife.jpg","type":"image\/jpeg"}],"twitter_card":"summary_large_image","twitter_misc":{"Timp estimat pentru citire":"2 minute"},"schema":{"@context":"https:\/\/schema.org","@graph":[{"@type":"WebPage","@id":"https:\/\/www.hsymachinery.com\/product\/rebar-cutting-machine-gq45-round-knife\/","url":"https:\/\/www.hsymachinery.com\/product\/rebar-cutting-machine-gq45-round-knife\/","name":"Ma\u0219in\u0103 de t\u0103iat arm\u0103turi GQ45 (cu\u021bit rotund) - HSY Ma\u0219ini de construc\u021bii","isPartOf":{"@id":"https:\/\/www.hsymachinery.com\/#website"},"primaryImageOfPage":{"@id":"https:\/\/www.hsymachinery.com\/product\/rebar-cutting-machine-gq45-round-knife\/#primaryimage"},"image":{"@id":"https:\/\/www.hsymachinery.com\/product\/rebar-cutting-machine-gq45-round-knife\/#primaryimage"},"thumbnailUrl":"https:\/\/www.hsymachinery.com\/wp-content\/uploads\/2025\/06\/Rebar-Cutting-Machine-GQ45-Round-knife.jpg","datePublished":"2025-06-18T03:23:11+00:00","dateModified":"2025-06-25T12:46:53+00:00","description":"Ma\u0219ina de t\u0103iat arm\u0103turi GQ45 (cu\u021bit rotund) asigur\u0103 t\u0103ierea lin\u0103, de mare vitez\u0103 a arm\u0103turilor de 6-36 mm. Ideal pentru construc\u021bii \u0219i pie\u021bele de export de prelucrare a o\u021belului.","breadcrumb":{"@id":"https:\/\/www.hsymachinery.com\/product\/rebar-cutting-machine-gq45-round-knife\/#breadcrumb"},"inLanguage":"ro-RO","potentialAction":[{"@type":"ReadAction","target":["https:\/\/www.hsymachinery.com\/product\/rebar-cutting-machine-gq45-round-knife\/"]}]},{"@type":"ImageObject","inLanguage":"ro-RO","@id":"https:\/\/www.hsymachinery.com\/product\/rebar-cutting-machine-gq45-round-knife\/#primaryimage","url":"https:\/\/www.hsymachinery.com\/wp-content\/uploads\/2025\/06\/Rebar-Cutting-Machine-GQ45-Round-knife.jpg","contentUrl":"https:\/\/www.hsymachinery.com\/wp-content\/uploads\/2025\/06\/Rebar-Cutting-Machine-GQ45-Round-knife.jpg","width":600,"height":600},{"@type":"BreadcrumbList","@id":"https:\/\/www.hsymachinery.com\/product\/rebar-cutting-machine-gq45-round-knife\/#breadcrumb","itemListElement":[{"@type":"ListItem","position":1,"name":"home","item":"https:\/\/www.hsymachinery.com\/"},{"@type":"ListItem","position":2,"name":"products","item":"https:\/\/www.hsymachinery.com\/products\/"},{"@type":"ListItem","position":3,"name":"Rebar Cutting Machine GQ45 (Round knife)"}]},{"@type":"WebSite","@id":"https:\/\/www.hsymachinery.com\/#website","url":"https:\/\/www.hsymachinery.com\/","name":"HSY Ma\u0219ini de construc\u021bii","description":"HSY Machinery - Un furnizor lider de ma\u0219ini de construc\u021bii din China, care ofer\u0103 o gam\u0103 larg\u0103 de echipamente de construc\u021bii u\u0219oare. Produsele noastre principale includ Ma\u0219ina de t\u0103iat arm\u0103turi, Ma\u0219ina de \u00eendoit arm\u0103turi, Ma\u0219ina de \u00eendoit st\u00e2lpi de arm\u0103turi, Ma\u0219ina de \u00eendoit arcuri de arm\u0103turi, Ma\u0219ina de \u00eendreptat arm\u0103turi, Ma\u0219ina de \u00eendoit st\u00e2lpi de arm\u0103turi cu cinci capete, Rammer de compactare, Compactor de pl\u0103ci, T\u0103ietor de beton, Mistrie electric\u0103 \u0219i alte utilaje de construc\u021bii. Suntem echipa\u021bi cu ma\u0219ini CNC avansate \u0219i aplic\u0103m standarde stricte de inspec\u021bie a calit\u0103\u021bii, \u00eempreun\u0103 cu servicii post-v\u00e2nzare complete. Dac\u0103 sunte\u021bi interesat de produsele sau serviciile noastre, primim cu c\u0103ldur\u0103 cererile dvs. prin mesaj.","publisher":{"@id":"https:\/\/www.hsymachinery.com\/#organization"},"potentialAction":[{"@type":"SearchAction","target":{"@type":"EntryPoint","urlTemplate":"https:\/\/www.hsymachinery.com\/?s={search_term_string}"},"query-input":{"@type":"PropertyValueSpecification","valueRequired":true,"valueName":"search_term_string"}}],"inLanguage":"ro-RO"},{"@type":"Organization","@id":"https:\/\/www.hsymachinery.com\/#organization","name":"HSY Ma\u0219ini de construc\u021bii","url":"https:\/\/www.hsymachinery.com\/","logo":{"@type":"ImageObject","inLanguage":"ro-RO","@id":"https:\/\/www.hsymachinery.com\/#\/schema\/logo\/image\/","url":"https:\/\/www.hsymachinery.com\/wp-content\/uploads\/2025\/06\/cropped-HSY-machinery.png","contentUrl":"https:\/\/www.hsymachinery.com\/wp-content\/uploads\/2025\/06\/cropped-HSY-machinery.png","width":600,"height":240,"caption":"HSY Construction Machinery"},"image":{"@id":"https:\/\/www.hsymachinery.com\/#\/schema\/logo\/image\/"}}]}},"_links":{"self":[{"href":"https:\/\/www.hsymachinery.com\/ro\/wp-json\/wp\/v2\/product\/8918","targetHints":{"allow":["GET"]}}],"collection":[{"href":"https:\/\/www.hsymachinery.com\/ro\/wp-json\/wp\/v2\/product"}],"about":[{"href":"https:\/\/www.hsymachinery.com\/ro\/wp-json\/wp\/v2\/types\/product"}],"version-history":[{"count":3,"href":"https:\/\/www.hsymachinery.com\/ro\/wp-json\/wp\/v2\/product\/8918\/revisions"}],"predecessor-version":[{"id":9327,"href":"https:\/\/www.hsymachinery.com\/ro\/wp-json\/wp\/v2\/product\/8918\/revisions\/9327"}],"wp:featuredmedia":[{"embeddable":true,"href":"https:\/\/www.hsymachinery.com\/ro\/wp-json\/wp\/v2\/media\/8919"}],"wp:attachment":[{"href":"https:\/\/www.hsymachinery.com\/ro\/wp-json\/wp\/v2\/media?parent=8918"}],"wp:term":[{"taxonomy":"product_brand","embeddable":true,"href":"https:\/\/www.hsymachinery.com\/ro\/wp-json\/wp\/v2\/product_brand?post=8918"},{"taxonomy":"product_cat","embeddable":true,"href":"https:\/\/www.hsymachinery.com\/ro\/wp-json\/wp\/v2\/product_cat?post=8918"},{"taxonomy":"product_tag","embeddable":true,"href":"https:\/\/www.hsymachinery.com\/ro\/wp-json\/wp\/v2\/product_tag?post=8918"}],"curies":[{"name":"wp","href":"https:\/\/api.w.org\/{rel}","templated":true}]}}