{"id":8892,"date":"2025-06-16T10:10:43","date_gmt":"2025-06-16T02:10:43","guid":{"rendered":"https:\/\/www.hsymachinery.com\/?post_type=product&#038;p=8892"},"modified":"2025-06-25T20:14:34","modified_gmt":"2025-06-25T12:14:34","slug":"masina-de-taiat-armatura-gq40-cutit-plat","status":"publish","type":"product","link":"https:\/\/www.hsymachinery.com\/ro\/product\/masina-de-taiat-armatura-gq40-cutit-plat\/","title":{"rendered":"Ma\u0219in\u0103 de t\u0103iat arm\u0103turi GQ40 (cu\u021bit plat)"},"content":{"rendered":"<p data-start=\"333\" data-end=\"553\">The <strong data-start=\"337\" data-end=\"383\">GQ40 Rebar Cutting Machine cu cu\u021bit plat<\/strong> asigur\u0103 t\u0103ierea rapid\u0103 \u0219i precis\u0103 a barelor de o\u021bel. Echipele de constructori din \u00eentreaga lume se bazeaz\u0103 pe acesta pentru lucrul zilnic pe \u0219antiere, proiecte de poduri \u0219i construc\u021bii de drumuri.<\/p>\n<p data-start=\"555\" data-end=\"790\">Aceast\u0103 ma\u0219in\u0103 utilizeaz\u0103 un sistem de cu\u021bite plate pentru a t\u0103ia o\u021bel carbon, bare de o\u021bel deformate \u0219i bare rotunde. Pute\u021bi t\u0103ia bare de arm\u0103tur\u0103 cu diametre de la 6 mm la 28 mm. Cu\u021bitul plat aplic\u0103 o for\u021b\u0103 uniform\u0103, asigur\u00e2ndu-se c\u0103 fiecare t\u0103iere este curat\u0103 \u0219i f\u0103r\u0103 bavuri.<\/p>\n<p data-start=\"792\" data-end=\"1029\">GQ40 are un motor de mare putere \u0219i un sistem de angrenaje durabil. Operatorii \u00eel pot utiliza continuu f\u0103r\u0103 supra\u00eenc\u0103lzire. Ma\u0219ina func\u021bioneaz\u0103 f\u0103r\u0103 probleme \u0219i creeaz\u0103 vibra\u021bii minime. Ro\u021bile \u00eencorporate \u00eel fac u\u0219or de deplasat pe \u0219antier.<\/p>\n<p data-start=\"1031\" data-end=\"1198\">Cadrul utilizeaz\u0103 font\u0103 de \u00eenalt\u0103 rezisten\u021b\u0103. Acesta rezist\u0103 la uzur\u0103 \u0219i sus\u021bine t\u0103ierea stabil\u0103 timp de ani de zile. Modulul plat al cu\u021bitului permite schimbarea rapid\u0103 a lamei \u0219i o \u00eentre\u021binere simpl\u0103.<\/p>\n<p data-start=\"1200\" data-end=\"1392\">Operatorii controleaz\u0103 ac\u021biunea de t\u0103iere cu un levier manual. Ma\u0219ina reac\u021bioneaz\u0103 rapid, cresc\u00e2nd eficien\u021ba la fa\u021ba locului. G\u0103rzile de siguran\u021b\u0103 protejeaz\u0103 utilizatorii \u00een timpul func\u021bion\u0103rii f\u0103r\u0103 a bloca vizibilitatea.<\/p>\n<p data-start=\"1394\" data-end=\"1429\">Acest t\u0103ietor de arm\u0103tur\u0103 se potrive\u0219te multor utilizatori:<\/p>\n<ul data-start=\"1430\" data-end=\"1498\">\n<li data-start=\"1430\" data-end=\"1443\">\n<p data-start=\"1432\" data-end=\"1443\">Antreprenori<\/p>\n<\/li>\n<li data-start=\"1444\" data-end=\"1468\">\n<p data-start=\"1446\" data-end=\"1468\">Ateliere de prelucrare a arm\u0103turilor<\/p>\n<\/li>\n<li data-start=\"1469\" data-end=\"1498\">\n<p data-start=\"1471\" data-end=\"1498\">Companii de inginerie civil\u0103<\/p>\n<\/li>\n<\/ul>\n<p data-start=\"1500\" data-end=\"1654\">Dimensiunile sale compacte \u0219i compatibilitatea interna\u021bional\u0103 de tensiune (220V\/380V, 50Hz\/60Hz) \u00eel fac ideal pentru export. \u00cel pute\u021bi instala cu pu\u021bin\u0103 instruire.<\/p>\n<p data-start=\"1656\" data-end=\"1846\">Alege\u021bi<a href=\"https:\/\/www.hsymachinery.com\/ro\/produse\/masina-de-taiat-armaturi\/\" target=\"_blank\" rel=\"noopener\"> Ma\u0219in\u0103 de t\u0103iat arm\u0103turi<\/a> GQ40 (cu\u021bit plat) dac\u0103 dori\u021bi performan\u021b\u0103 fiabil\u0103, \u00eentre\u021binere redus\u0103 \u0219i t\u0103iere rapid\u0103 \u00een fiecare zi. Economise\u0219te timp, reduce de\u0219eurile de arm\u0103tur\u0103 \u0219i v\u0103 men\u021bine echipa productiv\u0103.<\/p>\n<p><iframe title=\"Ma\u0219in\u0103 de t\u0103iat bare de o\u021bel, ma\u0219in\u0103 de t\u0103iat bare de o\u021bel, ma\u0219in\u0103 de t\u0103iat bare de o\u021bel, utilaje de construc\u021bii\" width=\"720\" height=\"405\" src=\"https:\/\/www.youtube.com\/embed\/cIrJPBezWsw?feature=oembed\" frameborder=\"0\" allow=\"accelerometer; autoplay; clipboard-write; encrypted-media; gyroscope; picture-in-picture; web-share\" referrerpolicy=\"strict-origin-when-cross-origin\" allowfullscreen><\/iframe><\/p>","protected":false},"excerpt":{"rendered":"<p>GQ40 Rebar Cutter cu cu\u021bit plat taie bare de 6-28 mm cu vitez\u0103 \u0219i precizie. Portabil, durabil \u0219i ideal pentru utilizarea zilnic\u0103 \u00een construc\u021bii.<\/p>","protected":false},"featured_media":8908,"template":"","meta":{"_kad_post_transparent":"default","_kad_post_title":"","_kad_post_layout":"default","_kad_post_sidebar_id":"","_kad_post_content_style":"default","_kad_post_vertical_padding":"default","_kad_post_feature":"","_kad_post_feature_position":"","_kad_post_header":false,"_kad_post_footer":false},"product_brand":[],"product_cat":[51],"product_tag":[988,992,990,989,993,985,994,987,984,991,986],"class_list":{"0":"post-8892","1":"product","2":"type-product","3":"status-publish","4":"has-post-thumbnail","6":"product_cat-rebar-cutting-machine","7":"product_tag-automatic-rebar-cutter","8":"product_tag-construction-steel-bar-cutter","9":"product_tag-electric-rebar-cutting-tool","10":"product_tag-hydraulic-rebar-cutting-machine","11":"product_tag-portable-rebar-cutting-machine","12":"product_tag-rebar-cutter","13":"product_tag-rebar-cutting-machine","14":"product_tag-reinforcement-bar-cutter","15":"product_tag-steel-bar-cutting-machine","16":"product_tag-steel-rod-cutter-machine","17":"product_tag-tmt-bar-cutting-machine","19":"first","20":"instock","21":"shipping-taxable","22":"product-type-simple","23":"entry","24":"content-bg","25":"loop-entry"},"yoast_head":"<!-- This site is optimized with the Yoast SEO plugin v25.3.1 - https:\/\/yoast.com\/wordpress\/plugins\/seo\/ -->\n<title>Rebar Cutting Machine GQ40 (Flat knife) - HSY Construction Machinery<\/title>\n<meta name=\"description\" content=\"Export-grade GQ40 Rebar Cutting Machine with flat knife cuts 6\u201328mm rebar fast and clean. Ideal for construction and steel processing.\" \/>\n<meta name=\"robots\" content=\"index, follow, max-snippet:-1, max-image-preview:large, max-video-preview:-1\" \/>\n<link rel=\"canonical\" href=\"https:\/\/www.hsymachinery.com\/ro\/product\/masina-de-taiat-armatura-gq40-cutit-plat\/\" \/>\n<meta property=\"og:locale\" content=\"ro_RO\" \/>\n<meta property=\"og:type\" content=\"article\" \/>\n<meta property=\"og:title\" content=\"Rebar Cutting Machine GQ40 (Flat knife) - HSY Construction Machinery\" \/>\n<meta property=\"og:description\" content=\"Export-grade GQ40 Rebar Cutting Machine with flat knife cuts 6\u201328mm rebar fast and clean. Ideal for construction and steel processing.\" \/>\n<meta property=\"og:url\" content=\"https:\/\/www.hsymachinery.com\/ro\/product\/masina-de-taiat-armatura-gq40-cutit-plat\/\" \/>\n<meta property=\"og:site_name\" content=\"HSY Construction Machinery\" \/>\n<meta property=\"article:modified_time\" content=\"2025-06-25T12:14:34+00:00\" \/>\n<meta property=\"og:image\" content=\"https:\/\/www.hsymachinery.com\/wp-content\/uploads\/2025\/06\/Rebar-Cutting-Machine-GQ40-Flat-knife.jpg\" \/>\n\t<meta property=\"og:image:width\" content=\"600\" \/>\n\t<meta property=\"og:image:height\" content=\"600\" \/>\n\t<meta property=\"og:image:type\" content=\"image\/jpeg\" \/>\n<meta name=\"twitter:card\" content=\"summary_large_image\" \/>\n<meta name=\"twitter:label1\" content=\"Timp estimat pentru citire\" \/>\n\t<meta name=\"twitter:data1\" content=\"2 minute\" \/>\n<script type=\"application\/ld+json\" class=\"yoast-schema-graph\">{\"@context\":\"https:\/\/schema.org\",\"@graph\":[{\"@type\":\"WebPage\",\"@id\":\"https:\/\/www.hsymachinery.com\/product\/rebar-cutting-machine-gq40-flat-knife\/\",\"url\":\"https:\/\/www.hsymachinery.com\/product\/rebar-cutting-machine-gq40-flat-knife\/\",\"name\":\"Rebar Cutting Machine GQ40 (Flat knife) - HSY Construction Machinery\",\"isPartOf\":{\"@id\":\"https:\/\/www.hsymachinery.com\/#website\"},\"primaryImageOfPage\":{\"@id\":\"https:\/\/www.hsymachinery.com\/product\/rebar-cutting-machine-gq40-flat-knife\/#primaryimage\"},\"image\":{\"@id\":\"https:\/\/www.hsymachinery.com\/product\/rebar-cutting-machine-gq40-flat-knife\/#primaryimage\"},\"thumbnailUrl\":\"https:\/\/www.hsymachinery.com\/wp-content\/uploads\/2025\/06\/Rebar-Cutting-Machine-GQ40-Flat-knife.jpg\",\"datePublished\":\"2025-06-16T02:10:43+00:00\",\"dateModified\":\"2025-06-25T12:14:34+00:00\",\"description\":\"Export-grade GQ40 Rebar Cutting Machine with flat knife cuts 6\u201328mm rebar fast and clean. Ideal for construction and steel processing.\",\"breadcrumb\":{\"@id\":\"https:\/\/www.hsymachinery.com\/product\/rebar-cutting-machine-gq40-flat-knife\/#breadcrumb\"},\"inLanguage\":\"ro-RO\",\"potentialAction\":[{\"@type\":\"ReadAction\",\"target\":[\"https:\/\/www.hsymachinery.com\/product\/rebar-cutting-machine-gq40-flat-knife\/\"]}]},{\"@type\":\"ImageObject\",\"inLanguage\":\"ro-RO\",\"@id\":\"https:\/\/www.hsymachinery.com\/product\/rebar-cutting-machine-gq40-flat-knife\/#primaryimage\",\"url\":\"https:\/\/www.hsymachinery.com\/wp-content\/uploads\/2025\/06\/Rebar-Cutting-Machine-GQ40-Flat-knife.jpg\",\"contentUrl\":\"https:\/\/www.hsymachinery.com\/wp-content\/uploads\/2025\/06\/Rebar-Cutting-Machine-GQ40-Flat-knife.jpg\",\"width\":600,\"height\":600},{\"@type\":\"BreadcrumbList\",\"@id\":\"https:\/\/www.hsymachinery.com\/product\/rebar-cutting-machine-gq40-flat-knife\/#breadcrumb\",\"itemListElement\":[{\"@type\":\"ListItem\",\"position\":1,\"name\":\"home\",\"item\":\"https:\/\/www.hsymachinery.com\/\"},{\"@type\":\"ListItem\",\"position\":2,\"name\":\"products\",\"item\":\"https:\/\/www.hsymachinery.com\/products\/\"},{\"@type\":\"ListItem\",\"position\":3,\"name\":\"Rebar Cutting Machine GQ40 (Flat knife)\"}]},{\"@type\":\"WebSite\",\"@id\":\"https:\/\/www.hsymachinery.com\/#website\",\"url\":\"https:\/\/www.hsymachinery.com\/\",\"name\":\"HSY Construction Machinery\",\"description\":\"HSY Machinery \u2013 A leading China construction machinery supplier, offering a wide range of light construction equipment. Our main products include Rebar Cutting Machine, Rebar Bending Machine, Rebar Stirrup Bending Machine, Rebar Arc Bending Machine, Rebar Straightening Machine, Five-Head Rebar Stirrup Bending Machine, Tamping Rammer, Plate Compactor, Concrete Cutter, Power Trowel, and other construction machinery. We are equipped with advanced CNC machines, and we enforce strict quality inspection standards along with comprehensive after-sales service. If you are interested in our products or services, we warmly welcome your inquiries via message.\",\"publisher\":{\"@id\":\"https:\/\/www.hsymachinery.com\/#organization\"},\"potentialAction\":[{\"@type\":\"SearchAction\",\"target\":{\"@type\":\"EntryPoint\",\"urlTemplate\":\"https:\/\/www.hsymachinery.com\/?s={search_term_string}\"},\"query-input\":{\"@type\":\"PropertyValueSpecification\",\"valueRequired\":true,\"valueName\":\"search_term_string\"}}],\"inLanguage\":\"ro-RO\"},{\"@type\":\"Organization\",\"@id\":\"https:\/\/www.hsymachinery.com\/#organization\",\"name\":\"HSY Construction Machinery\",\"url\":\"https:\/\/www.hsymachinery.com\/\",\"logo\":{\"@type\":\"ImageObject\",\"inLanguage\":\"ro-RO\",\"@id\":\"https:\/\/www.hsymachinery.com\/#\/schema\/logo\/image\/\",\"url\":\"https:\/\/www.hsymachinery.com\/wp-content\/uploads\/2025\/06\/cropped-HSY-machinery.png\",\"contentUrl\":\"https:\/\/www.hsymachinery.com\/wp-content\/uploads\/2025\/06\/cropped-HSY-machinery.png\",\"width\":600,\"height\":240,\"caption\":\"HSY Construction Machinery\"},\"image\":{\"@id\":\"https:\/\/www.hsymachinery.com\/#\/schema\/logo\/image\/\"}}]}<\/script>\n<!-- \/ Yoast SEO plugin. -->","yoast_head_json":{"title":"Ma\u0219in\u0103 de t\u0103iat arm\u0103turi GQ40 (cu\u021bit plat) - HSY Ma\u0219ini de construc\u021bii","description":"Ma\u0219ina de t\u0103iat bare de arm\u0103tur\u0103 GQ40 pentru export cu cu\u021bit plat taie rapid \u0219i curat bare de arm\u0103tur\u0103 de 6-28 mm. Ideal pentru construc\u021bii \u0219i prelucrarea o\u021belului.","robots":{"index":"index","follow":"follow","max-snippet":"max-snippet:-1","max-image-preview":"max-image-preview:large","max-video-preview":"max-video-preview:-1"},"canonical":"https:\/\/www.hsymachinery.com\/ro\/product\/masina-de-taiat-armatura-gq40-cutit-plat\/","og_locale":"ro_RO","og_type":"article","og_title":"Rebar Cutting Machine GQ40 (Flat knife) - HSY Construction Machinery","og_description":"Export-grade GQ40 Rebar Cutting Machine with flat knife cuts 6\u201328mm rebar fast and clean. Ideal for construction and steel processing.","og_url":"https:\/\/www.hsymachinery.com\/ro\/product\/masina-de-taiat-armatura-gq40-cutit-plat\/","og_site_name":"HSY Construction Machinery","article_modified_time":"2025-06-25T12:14:34+00:00","og_image":[{"width":600,"height":600,"url":"https:\/\/www.hsymachinery.com\/wp-content\/uploads\/2025\/06\/Rebar-Cutting-Machine-GQ40-Flat-knife.jpg","type":"image\/jpeg"}],"twitter_card":"summary_large_image","twitter_misc":{"Timp estimat pentru citire":"2 minute"},"schema":{"@context":"https:\/\/schema.org","@graph":[{"@type":"WebPage","@id":"https:\/\/www.hsymachinery.com\/product\/rebar-cutting-machine-gq40-flat-knife\/","url":"https:\/\/www.hsymachinery.com\/product\/rebar-cutting-machine-gq40-flat-knife\/","name":"Ma\u0219in\u0103 de t\u0103iat arm\u0103turi GQ40 (cu\u021bit plat) - HSY Ma\u0219ini de construc\u021bii","isPartOf":{"@id":"https:\/\/www.hsymachinery.com\/#website"},"primaryImageOfPage":{"@id":"https:\/\/www.hsymachinery.com\/product\/rebar-cutting-machine-gq40-flat-knife\/#primaryimage"},"image":{"@id":"https:\/\/www.hsymachinery.com\/product\/rebar-cutting-machine-gq40-flat-knife\/#primaryimage"},"thumbnailUrl":"https:\/\/www.hsymachinery.com\/wp-content\/uploads\/2025\/06\/Rebar-Cutting-Machine-GQ40-Flat-knife.jpg","datePublished":"2025-06-16T02:10:43+00:00","dateModified":"2025-06-25T12:14:34+00:00","description":"Ma\u0219ina de t\u0103iat bare de arm\u0103tur\u0103 GQ40 pentru export cu cu\u021bit plat taie rapid \u0219i curat bare de arm\u0103tur\u0103 de 6-28 mm. Ideal pentru construc\u021bii \u0219i prelucrarea o\u021belului.","breadcrumb":{"@id":"https:\/\/www.hsymachinery.com\/product\/rebar-cutting-machine-gq40-flat-knife\/#breadcrumb"},"inLanguage":"ro-RO","potentialAction":[{"@type":"ReadAction","target":["https:\/\/www.hsymachinery.com\/product\/rebar-cutting-machine-gq40-flat-knife\/"]}]},{"@type":"ImageObject","inLanguage":"ro-RO","@id":"https:\/\/www.hsymachinery.com\/product\/rebar-cutting-machine-gq40-flat-knife\/#primaryimage","url":"https:\/\/www.hsymachinery.com\/wp-content\/uploads\/2025\/06\/Rebar-Cutting-Machine-GQ40-Flat-knife.jpg","contentUrl":"https:\/\/www.hsymachinery.com\/wp-content\/uploads\/2025\/06\/Rebar-Cutting-Machine-GQ40-Flat-knife.jpg","width":600,"height":600},{"@type":"BreadcrumbList","@id":"https:\/\/www.hsymachinery.com\/product\/rebar-cutting-machine-gq40-flat-knife\/#breadcrumb","itemListElement":[{"@type":"ListItem","position":1,"name":"home","item":"https:\/\/www.hsymachinery.com\/"},{"@type":"ListItem","position":2,"name":"products","item":"https:\/\/www.hsymachinery.com\/products\/"},{"@type":"ListItem","position":3,"name":"Rebar Cutting Machine GQ40 (Flat knife)"}]},{"@type":"WebSite","@id":"https:\/\/www.hsymachinery.com\/#website","url":"https:\/\/www.hsymachinery.com\/","name":"HSY Ma\u0219ini de construc\u021bii","description":"HSY Machinery - Un furnizor lider de ma\u0219ini de construc\u021bii din China, care ofer\u0103 o gam\u0103 larg\u0103 de echipamente de construc\u021bii u\u0219oare. Produsele noastre principale includ Ma\u0219ina de t\u0103iat arm\u0103turi, Ma\u0219ina de \u00eendoit arm\u0103turi, Ma\u0219ina de \u00eendoit st\u00e2lpi de arm\u0103turi, Ma\u0219ina de \u00eendoit arcuri de arm\u0103turi, Ma\u0219ina de \u00eendreptat arm\u0103turi, Ma\u0219ina de \u00eendoit st\u00e2lpi de arm\u0103turi cu cinci capete, Rammer de compactare, Compactor de pl\u0103ci, T\u0103ietor de beton, Mistrie electric\u0103 \u0219i alte utilaje de construc\u021bii. Suntem echipa\u021bi cu ma\u0219ini CNC avansate \u0219i aplic\u0103m standarde stricte de inspec\u021bie a calit\u0103\u021bii, \u00eempreun\u0103 cu servicii post-v\u00e2nzare complete. Dac\u0103 sunte\u021bi interesat de produsele sau serviciile noastre, primim cu c\u0103ldur\u0103 cererile dvs. prin mesaj.","publisher":{"@id":"https:\/\/www.hsymachinery.com\/#organization"},"potentialAction":[{"@type":"SearchAction","target":{"@type":"EntryPoint","urlTemplate":"https:\/\/www.hsymachinery.com\/?s={search_term_string}"},"query-input":{"@type":"PropertyValueSpecification","valueRequired":true,"valueName":"search_term_string"}}],"inLanguage":"ro-RO"},{"@type":"Organization","@id":"https:\/\/www.hsymachinery.com\/#organization","name":"HSY Ma\u0219ini de construc\u021bii","url":"https:\/\/www.hsymachinery.com\/","logo":{"@type":"ImageObject","inLanguage":"ro-RO","@id":"https:\/\/www.hsymachinery.com\/#\/schema\/logo\/image\/","url":"https:\/\/www.hsymachinery.com\/wp-content\/uploads\/2025\/06\/cropped-HSY-machinery.png","contentUrl":"https:\/\/www.hsymachinery.com\/wp-content\/uploads\/2025\/06\/cropped-HSY-machinery.png","width":600,"height":240,"caption":"HSY Construction Machinery"},"image":{"@id":"https:\/\/www.hsymachinery.com\/#\/schema\/logo\/image\/"}}]}},"_links":{"self":[{"href":"https:\/\/www.hsymachinery.com\/ro\/wp-json\/wp\/v2\/product\/8892","targetHints":{"allow":["GET"]}}],"collection":[{"href":"https:\/\/www.hsymachinery.com\/ro\/wp-json\/wp\/v2\/product"}],"about":[{"href":"https:\/\/www.hsymachinery.com\/ro\/wp-json\/wp\/v2\/types\/product"}],"version-history":[{"count":10,"href":"https:\/\/www.hsymachinery.com\/ro\/wp-json\/wp\/v2\/product\/8892\/revisions"}],"predecessor-version":[{"id":9317,"href":"https:\/\/www.hsymachinery.com\/ro\/wp-json\/wp\/v2\/product\/8892\/revisions\/9317"}],"wp:featuredmedia":[{"embeddable":true,"href":"https:\/\/www.hsymachinery.com\/ro\/wp-json\/wp\/v2\/media\/8908"}],"wp:attachment":[{"href":"https:\/\/www.hsymachinery.com\/ro\/wp-json\/wp\/v2\/media?parent=8892"}],"wp:term":[{"taxonomy":"product_brand","embeddable":true,"href":"https:\/\/www.hsymachinery.com\/ro\/wp-json\/wp\/v2\/product_brand?post=8892"},{"taxonomy":"product_cat","embeddable":true,"href":"https:\/\/www.hsymachinery.com\/ro\/wp-json\/wp\/v2\/product_cat?post=8892"},{"taxonomy":"product_tag","embeddable":true,"href":"https:\/\/www.hsymachinery.com\/ro\/wp-json\/wp\/v2\/product_tag?post=8892"}],"curies":[{"name":"wp","href":"https:\/\/api.w.org\/{rel}","templated":true}]}}