{"id":9238,"date":"2025-06-18T21:21:50","date_gmt":"2025-06-18T13:21:50","guid":{"rendered":"https:\/\/www.hsymachinery.com\/?post_type=product&#038;p=9238"},"modified":"2025-06-29T00:02:34","modified_gmt":"2025-06-28T16:02:34","slug":"espatula-eletrica-ptr-h100d","status":"publish","type":"product","link":"https:\/\/www.hsymachinery.com\/pt_br\/produto\/espatula-eletrica-ptr-h100d\/","title":{"rendered":"Esp\u00e1tula el\u00e9trica para condu\u00e7\u00e3o PTR-H100D"},"content":{"rendered":"<h3 data-start=\"182\" data-end=\"304\">PTR-H100D Esp\u00e1tula para concreto de disco duplo com motor Honda<\/h3>\n<h3 data-start=\"311\" data-end=\"410\">Descri\u00e7\u00e3o do produto - Esp\u00e1tula de rotor duplo com pot\u00eancia Honda para m\u00e1xima efici\u00eancia em lajes<a href=\"https:\/\/www.hsymachinery.com\/pt_br\/produtos\/espatula-eletrica-2\/\" target=\"_blank\" rel=\"noopener\"><img fetchpriority=\"high\" decoding=\"async\" class=\"wp-image-9616 alignright\" src=\"https:\/\/www.hsymachinery.com\/wp-content\/uploads\/2025\/06\/Sitting-Type-Power-Trowel-209x300.jpg\" alt=\"\" width=\"451\" height=\"647\" srcset=\"https:\/\/www.hsymachinery.com\/wp-content\/uploads\/2025\/06\/Sitting-Type-Power-Trowel-209x300.jpg 209w, https:\/\/www.hsymachinery.com\/wp-content\/uploads\/2025\/06\/Sitting-Type-Power-Trowel-713x1024.jpg 713w, https:\/\/www.hsymachinery.com\/wp-content\/uploads\/2025\/06\/Sitting-Type-Power-Trowel-768x1103.jpg 768w, https:\/\/www.hsymachinery.com\/wp-content\/uploads\/2025\/06\/Sitting-Type-Power-Trowel-600x862.jpg 600w, https:\/\/www.hsymachinery.com\/wp-content\/uploads\/2025\/06\/Sitting-Type-Power-Trowel.jpg 800w\" sizes=\"(max-width: 451px) 100vw, 451px\" \/><\/a><\/h3>\n<p data-start=\"412\" data-end=\"789\">O <strong data-start=\"416\" data-end=\"450\">PTR-H100D Esp\u00e1tula el\u00e9trica para uso em ve\u00edculos<\/strong> combina um sistema de acabamento de disco duplo com um confi\u00e1vel motor a gasolina Honda para proporcionar um desempenho de alto rendimento em lajes de concreto expansivas. Essa m\u00e1quina foi projetada para empreiteiros que precisam de velocidade, pot\u00eancia e precis\u00e3o em locais de trabalho exigentes, como centros de log\u00edstica, pisos comerciais e constru\u00e7\u00e3o de armaz\u00e9ns.<\/p>\n<p data-start=\"791\" data-end=\"1137\">Com suas duas bandejas de alisamento sincronizadas, o PTR-H100D oferece maior cobertura de superf\u00edcie em menos tempo. Os operadores desfrutam do conforto da condu\u00e7\u00e3o, o que lhes permite terminar grandes \u00e1reas sem fadiga. O motor Honda, conhecido mundialmente por sua durabilidade e efici\u00eancia de combust\u00edvel, garante uma opera\u00e7\u00e3o suave e tempo m\u00ednimo de inatividade durante turnos longos.<\/p>\n<p data-start=\"1139\" data-end=\"1477\">Al\u00e9m disso, o ajuste independente do passo da l\u00e2mina permite que o usu\u00e1rio fa\u00e7a o ajuste fino das configura\u00e7\u00f5es da esp\u00e1tula com base nas necessidades do projeto - do acabamento flutuante ao acabamento de alto brilho. Constru\u00eddo com uma estrutura de a\u00e7o resistente, caixa de engrenagens refor\u00e7ada e assento com absor\u00e7\u00e3o de choque, esse modelo foi feito para suportar o uso cont\u00ednuo em ambientes desafiadores.<\/p>\n<p data-start=\"1479\" data-end=\"1643\">Seja usada em ambientes internos ou externos, a PTR-H100D \u00e9 uma m\u00e1quina de n\u00edvel profissional projetada para maximizar a efici\u00eancia e proporcionar uma qualidade consistente da superf\u00edcie do concreto.<\/p>\n<h3 data-start=\"1650\" data-end=\"1697\">Principais recursos da esp\u00e1tula para condutor de ve\u00edculos PTR-H100D<\/h3>\n<ul data-start=\"1699\" data-end=\"2102\">\n<li data-start=\"1699\" data-end=\"1771\">\n<p data-start=\"1701\" data-end=\"1771\">O design de disco duplo aumenta a efici\u00eancia do alisamento e a cobertura da superf\u00edcie<\/p>\n<\/li>\n<li data-start=\"1772\" data-end=\"1828\">\n<p data-start=\"1774\" data-end=\"1828\">Equipado com motor a gasolina Honda de alto desempenho<\/p>\n<\/li>\n<li data-start=\"1829\" data-end=\"1898\">\n<p data-start=\"1831\" data-end=\"1898\">A configura\u00e7\u00e3o do ride-on amig\u00e1vel ao operador aumenta o conforto e a produtividade<\/p>\n<\/li>\n<li data-start=\"1899\" data-end=\"1968\">\n<p data-start=\"1901\" data-end=\"1968\">Passo da l\u00e2mina ajust\u00e1vel para ambos os discos, de acordo com as condi\u00e7\u00f5es da superf\u00edcie<\/p>\n<\/li>\n<li data-start=\"1969\" data-end=\"2034\">\n<p data-start=\"1971\" data-end=\"2034\">Estrutura dur\u00e1vel e sistema de transmiss\u00e3o para resili\u00eancia no local de trabalho<\/p>\n<\/li>\n<li data-start=\"2035\" data-end=\"2102\">\n<p data-start=\"2037\" data-end=\"2102\">Excelente para acabamento de grandes lajes de concreto em zonas industriais<\/p>\n<\/li>\n<\/ul>\n<h3 data-start=\"2109\" data-end=\"2194\">Aplica\u00e7\u00f5es - Ideal para aeroportos, armaz\u00e9ns log\u00edsticos e grandes pisos de f\u00e1bricas<\/h3>\n<p data-start=\"2196\" data-end=\"2341\">O PTR-H100D foi desenvolvido para empreiteiros que precisam de maior alcance de aplica\u00e7\u00e3o de esp\u00e1tula, alta durabilidade e confiabilidade do motor em todos os projetos.<\/p>\n<p><iframe title=\"Esp\u00e1tula el\u00e9trica, esp\u00e1tula el\u00e9trica de passeio, esp\u00e1tula el\u00e9trica manual, esp\u00e1tula, concreto\" width=\"720\" height=\"405\" src=\"https:\/\/www.youtube.com\/embed\/f6bzSaqMaws?feature=oembed\" frameborder=\"0\" allow=\"accelerometer; autoplay; clipboard-write; encrypted-media; gyroscope; picture-in-picture; web-share\" referrerpolicy=\"strict-origin-when-cross-origin\" allowfullscreen><\/iframe><\/p>","protected":false},"excerpt":{"rendered":"<p>A alisadora de rodas PTR-H100D com motor Honda e design de disco duplo proporciona acabamento r\u00e1pido e eficiente para grandes lajes de concreto comerciais e industriais.<\/p>","protected":false},"featured_media":9239,"template":"","meta":{"_kad_post_transparent":"default","_kad_post_title":"","_kad_post_layout":"default","_kad_post_sidebar_id":"","_kad_post_content_style":"default","_kad_post_vertical_padding":"default","_kad_post_feature":"","_kad_post_feature_position":"","_kad_post_header":false,"_kad_post_footer":false},"product_brand":[],"product_cat":[58],"product_tag":[1093,1094,1098,1091,1096,1092,1097,1099,1095,1100],"class_list":{"0":"post-9238","1":"product","2":"type-product","3":"status-publish","4":"has-post-thumbnail","6":"product_cat-ride-on-power-trowel","7":"product_tag-concrete-ride-on-trowel","8":"product_tag-concrete-ride-on-trowel-machine","9":"product_tag-concrete-surface-finishing-trowel","10":"product_tag-double-disc-ride-on-power-trowel","11":"product_tag-double-rotor-power-trowel","12":"product_tag-gasoline-ride-on-power-trowel","13":"product_tag-heavy-duty-ride-on-trowel","14":"product_tag-hydraulic-ride-on-trowel","15":"product_tag-ride-on-concrete-finishing-machine","16":"product_tag-ride-on-floor-trowel","18":"first","19":"instock","20":"shipping-taxable","21":"product-type-simple","22":"entry","23":"content-bg","24":"loop-entry"},"yoast_head":"<!-- This site is optimized with the Yoast SEO plugin v25.3.1 - https:\/\/yoast.com\/wordpress\/plugins\/seo\/ -->\n<title>Ride-On Power Trowel PTR-H100D - HSY Construction Machinery<\/title>\n<meta name=\"description\" content=\"PTR-H100D ride-on concrete trowel features Honda engine and dual-disc design for efficient slab finishing in commercial, airport, and industrial floor projects.Ride-On Power Trowel PTR-H100D\" \/>\n<meta name=\"robots\" content=\"index, follow, max-snippet:-1, max-image-preview:large, max-video-preview:-1\" \/>\n<link rel=\"canonical\" href=\"https:\/\/www.hsymachinery.com\/pt_br\/produto\/espatula-eletrica-ptr-h100d\/\" \/>\n<meta property=\"og:locale\" content=\"pt_BR\" \/>\n<meta property=\"og:type\" content=\"article\" \/>\n<meta property=\"og:title\" content=\"Ride-On Power Trowel PTR-H100D - HSY Construction Machinery\" \/>\n<meta property=\"og:description\" content=\"PTR-H100D ride-on concrete trowel features Honda engine and dual-disc design for efficient slab finishing in commercial, airport, and industrial floor projects.Ride-On Power Trowel PTR-H100D\" \/>\n<meta property=\"og:url\" content=\"https:\/\/www.hsymachinery.com\/pt_br\/produto\/espatula-eletrica-ptr-h100d\/\" \/>\n<meta property=\"og:site_name\" content=\"HSY Construction Machinery\" \/>\n<meta property=\"article:modified_time\" content=\"2025-06-28T16:02:34+00:00\" \/>\n<meta property=\"og:image\" content=\"https:\/\/www.hsymachinery.com\/wp-content\/uploads\/2025\/06\/Ride-On-Power-Trowel-PTR-H100D.jpg\" \/>\n\t<meta property=\"og:image:width\" content=\"800\" \/>\n\t<meta property=\"og:image:height\" content=\"800\" \/>\n\t<meta property=\"og:image:type\" content=\"image\/jpeg\" \/>\n<meta name=\"twitter:card\" content=\"summary_large_image\" \/>\n<meta name=\"twitter:label1\" content=\"Est. tempo de leitura\" \/>\n\t<meta name=\"twitter:data1\" content=\"2 minutos\" \/>\n<script type=\"application\/ld+json\" class=\"yoast-schema-graph\">{\"@context\":\"https:\/\/schema.org\",\"@graph\":[{\"@type\":\"WebPage\",\"@id\":\"https:\/\/www.hsymachinery.com\/product\/ride-on-power-trowel-ptr-h100d\/\",\"url\":\"https:\/\/www.hsymachinery.com\/product\/ride-on-power-trowel-ptr-h100d\/\",\"name\":\"Ride-On Power Trowel PTR-H100D - HSY Construction Machinery\",\"isPartOf\":{\"@id\":\"https:\/\/www.hsymachinery.com\/#website\"},\"primaryImageOfPage\":{\"@id\":\"https:\/\/www.hsymachinery.com\/product\/ride-on-power-trowel-ptr-h100d\/#primaryimage\"},\"image\":{\"@id\":\"https:\/\/www.hsymachinery.com\/product\/ride-on-power-trowel-ptr-h100d\/#primaryimage\"},\"thumbnailUrl\":\"https:\/\/www.hsymachinery.com\/wp-content\/uploads\/2025\/06\/Ride-On-Power-Trowel-PTR-H100D.jpg\",\"datePublished\":\"2025-06-18T13:21:50+00:00\",\"dateModified\":\"2025-06-28T16:02:34+00:00\",\"description\":\"PTR-H100D ride-on concrete trowel features Honda engine and dual-disc design for efficient slab finishing in commercial, airport, and industrial floor projects.Ride-On Power Trowel PTR-H100D\",\"breadcrumb\":{\"@id\":\"https:\/\/www.hsymachinery.com\/product\/ride-on-power-trowel-ptr-h100d\/#breadcrumb\"},\"inLanguage\":\"pt-BR\",\"potentialAction\":[{\"@type\":\"ReadAction\",\"target\":[\"https:\/\/www.hsymachinery.com\/product\/ride-on-power-trowel-ptr-h100d\/\"]}]},{\"@type\":\"ImageObject\",\"inLanguage\":\"pt-BR\",\"@id\":\"https:\/\/www.hsymachinery.com\/product\/ride-on-power-trowel-ptr-h100d\/#primaryimage\",\"url\":\"https:\/\/www.hsymachinery.com\/wp-content\/uploads\/2025\/06\/Ride-On-Power-Trowel-PTR-H100D.jpg\",\"contentUrl\":\"https:\/\/www.hsymachinery.com\/wp-content\/uploads\/2025\/06\/Ride-On-Power-Trowel-PTR-H100D.jpg\",\"width\":800,\"height\":800},{\"@type\":\"BreadcrumbList\",\"@id\":\"https:\/\/www.hsymachinery.com\/product\/ride-on-power-trowel-ptr-h100d\/#breadcrumb\",\"itemListElement\":[{\"@type\":\"ListItem\",\"position\":1,\"name\":\"home\",\"item\":\"https:\/\/www.hsymachinery.com\/\"},{\"@type\":\"ListItem\",\"position\":2,\"name\":\"products\",\"item\":\"https:\/\/www.hsymachinery.com\/products\/\"},{\"@type\":\"ListItem\",\"position\":3,\"name\":\"Ride-On Power Trowel PTR-H100D\"}]},{\"@type\":\"WebSite\",\"@id\":\"https:\/\/www.hsymachinery.com\/#website\",\"url\":\"https:\/\/www.hsymachinery.com\/\",\"name\":\"HSY Construction Machinery\",\"description\":\"HSY Machinery \u2013 A leading China construction machinery supplier, offering a wide range of light construction equipment. Our main products include Rebar Cutting Machine, Rebar Bending Machine, Rebar Stirrup Bending Machine, Rebar Arc Bending Machine, Rebar Straightening Machine, Five-Head Rebar Stirrup Bending Machine, Tamping Rammer, Plate Compactor, Concrete Cutter, Power Trowel, and other construction machinery. We are equipped with advanced CNC machines, and we enforce strict quality inspection standards along with comprehensive after-sales service. If you are interested in our products or services, we warmly welcome your inquiries via message.\",\"publisher\":{\"@id\":\"https:\/\/www.hsymachinery.com\/#organization\"},\"potentialAction\":[{\"@type\":\"SearchAction\",\"target\":{\"@type\":\"EntryPoint\",\"urlTemplate\":\"https:\/\/www.hsymachinery.com\/?s={search_term_string}\"},\"query-input\":{\"@type\":\"PropertyValueSpecification\",\"valueRequired\":true,\"valueName\":\"search_term_string\"}}],\"inLanguage\":\"pt-BR\"},{\"@type\":\"Organization\",\"@id\":\"https:\/\/www.hsymachinery.com\/#organization\",\"name\":\"HSY Construction Machinery\",\"url\":\"https:\/\/www.hsymachinery.com\/\",\"logo\":{\"@type\":\"ImageObject\",\"inLanguage\":\"pt-BR\",\"@id\":\"https:\/\/www.hsymachinery.com\/#\/schema\/logo\/image\/\",\"url\":\"https:\/\/www.hsymachinery.com\/wp-content\/uploads\/2025\/06\/cropped-HSY-machinery.png\",\"contentUrl\":\"https:\/\/www.hsymachinery.com\/wp-content\/uploads\/2025\/06\/cropped-HSY-machinery.png\",\"width\":600,\"height\":240,\"caption\":\"HSY Construction Machinery\"},\"image\":{\"@id\":\"https:\/\/www.hsymachinery.com\/#\/schema\/logo\/image\/\"}}]}<\/script>\n<!-- \/ Yoast SEO plugin. -->","yoast_head_json":{"title":"Esp\u00e1tula motorizada PTR-H100D - HSY Construction Machinery","description":"A alisadora de concreto PTR-H100D possui motor Honda e design de disco duplo para acabamento eficiente de lajes em projetos de pisos comerciais, aeroportu\u00e1rios e industriais.","robots":{"index":"index","follow":"follow","max-snippet":"max-snippet:-1","max-image-preview":"max-image-preview:large","max-video-preview":"max-video-preview:-1"},"canonical":"https:\/\/www.hsymachinery.com\/pt_br\/produto\/espatula-eletrica-ptr-h100d\/","og_locale":"pt_BR","og_type":"article","og_title":"Ride-On Power Trowel PTR-H100D - HSY Construction Machinery","og_description":"PTR-H100D ride-on concrete trowel features Honda engine and dual-disc design for efficient slab finishing in commercial, airport, and industrial floor projects.Ride-On Power Trowel PTR-H100D","og_url":"https:\/\/www.hsymachinery.com\/pt_br\/produto\/espatula-eletrica-ptr-h100d\/","og_site_name":"HSY Construction Machinery","article_modified_time":"2025-06-28T16:02:34+00:00","og_image":[{"width":800,"height":800,"url":"https:\/\/www.hsymachinery.com\/wp-content\/uploads\/2025\/06\/Ride-On-Power-Trowel-PTR-H100D.jpg","type":"image\/jpeg"}],"twitter_card":"summary_large_image","twitter_misc":{"Est. tempo de leitura":"2 minutos"},"schema":{"@context":"https:\/\/schema.org","@graph":[{"@type":"WebPage","@id":"https:\/\/www.hsymachinery.com\/product\/ride-on-power-trowel-ptr-h100d\/","url":"https:\/\/www.hsymachinery.com\/product\/ride-on-power-trowel-ptr-h100d\/","name":"Esp\u00e1tula motorizada PTR-H100D - HSY Construction Machinery","isPartOf":{"@id":"https:\/\/www.hsymachinery.com\/#website"},"primaryImageOfPage":{"@id":"https:\/\/www.hsymachinery.com\/product\/ride-on-power-trowel-ptr-h100d\/#primaryimage"},"image":{"@id":"https:\/\/www.hsymachinery.com\/product\/ride-on-power-trowel-ptr-h100d\/#primaryimage"},"thumbnailUrl":"https:\/\/www.hsymachinery.com\/wp-content\/uploads\/2025\/06\/Ride-On-Power-Trowel-PTR-H100D.jpg","datePublished":"2025-06-18T13:21:50+00:00","dateModified":"2025-06-28T16:02:34+00:00","description":"A alisadora de concreto PTR-H100D possui motor Honda e design de disco duplo para acabamento eficiente de lajes em projetos de pisos comerciais, aeroportu\u00e1rios e industriais.","breadcrumb":{"@id":"https:\/\/www.hsymachinery.com\/product\/ride-on-power-trowel-ptr-h100d\/#breadcrumb"},"inLanguage":"pt-BR","potentialAction":[{"@type":"ReadAction","target":["https:\/\/www.hsymachinery.com\/product\/ride-on-power-trowel-ptr-h100d\/"]}]},{"@type":"ImageObject","inLanguage":"pt-BR","@id":"https:\/\/www.hsymachinery.com\/product\/ride-on-power-trowel-ptr-h100d\/#primaryimage","url":"https:\/\/www.hsymachinery.com\/wp-content\/uploads\/2025\/06\/Ride-On-Power-Trowel-PTR-H100D.jpg","contentUrl":"https:\/\/www.hsymachinery.com\/wp-content\/uploads\/2025\/06\/Ride-On-Power-Trowel-PTR-H100D.jpg","width":800,"height":800},{"@type":"BreadcrumbList","@id":"https:\/\/www.hsymachinery.com\/product\/ride-on-power-trowel-ptr-h100d\/#breadcrumb","itemListElement":[{"@type":"ListItem","position":1,"name":"home","item":"https:\/\/www.hsymachinery.com\/"},{"@type":"ListItem","position":2,"name":"products","item":"https:\/\/www.hsymachinery.com\/products\/"},{"@type":"ListItem","position":3,"name":"Ride-On Power Trowel PTR-H100D"}]},{"@type":"WebSite","@id":"https:\/\/www.hsymachinery.com\/#website","url":"https:\/\/www.hsymachinery.com\/","name":"M\u00e1quinas de constru\u00e7\u00e3o HSY","description":"HSY Machinery - Um dos principais fornecedores de m\u00e1quinas de constru\u00e7\u00e3o da China, oferecendo uma ampla gama de equipamentos de constru\u00e7\u00e3o leve. Nossos principais produtos incluem m\u00e1quina de corte de vergalh\u00e3o, m\u00e1quina de dobra de vergalh\u00e3o, m\u00e1quina de dobra de estribo de vergalh\u00e3o, m\u00e1quina de dobra de arco de vergalh\u00e3o, m\u00e1quina de endireitamento de vergalh\u00e3o, m\u00e1quina de dobra de estribo de vergalh\u00e3o de cinco cabe\u00e7as, compactador de placa, cortador de concreto, esp\u00e1tula el\u00e9trica e outras m\u00e1quinas de constru\u00e7\u00e3o. Estamos equipados com m\u00e1quinas CNC avan\u00e7adas e aplicamos padr\u00f5es rigorosos de inspe\u00e7\u00e3o de qualidade, al\u00e9m de um servi\u00e7o p\u00f3s-venda abrangente. Se estiver interessado em nossos produtos ou servi\u00e7os, agradecemos suas consultas por mensagem.","publisher":{"@id":"https:\/\/www.hsymachinery.com\/#organization"},"potentialAction":[{"@type":"SearchAction","target":{"@type":"EntryPoint","urlTemplate":"https:\/\/www.hsymachinery.com\/?s={search_term_string}"},"query-input":{"@type":"PropertyValueSpecification","valueRequired":true,"valueName":"search_term_string"}}],"inLanguage":"pt-BR"},{"@type":"Organization","@id":"https:\/\/www.hsymachinery.com\/#organization","name":"M\u00e1quinas de constru\u00e7\u00e3o HSY","url":"https:\/\/www.hsymachinery.com\/","logo":{"@type":"ImageObject","inLanguage":"pt-BR","@id":"https:\/\/www.hsymachinery.com\/#\/schema\/logo\/image\/","url":"https:\/\/www.hsymachinery.com\/wp-content\/uploads\/2025\/06\/cropped-HSY-machinery.png","contentUrl":"https:\/\/www.hsymachinery.com\/wp-content\/uploads\/2025\/06\/cropped-HSY-machinery.png","width":600,"height":240,"caption":"HSY Construction Machinery"},"image":{"@id":"https:\/\/www.hsymachinery.com\/#\/schema\/logo\/image\/"}}]}},"_links":{"self":[{"href":"https:\/\/www.hsymachinery.com\/pt_br\/wp-json\/wp\/v2\/product\/9238","targetHints":{"allow":["GET"]}}],"collection":[{"href":"https:\/\/www.hsymachinery.com\/pt_br\/wp-json\/wp\/v2\/product"}],"about":[{"href":"https:\/\/www.hsymachinery.com\/pt_br\/wp-json\/wp\/v2\/types\/product"}],"version-history":[{"count":3,"href":"https:\/\/www.hsymachinery.com\/pt_br\/wp-json\/wp\/v2\/product\/9238\/revisions"}],"predecessor-version":[{"id":9628,"href":"https:\/\/www.hsymachinery.com\/pt_br\/wp-json\/wp\/v2\/product\/9238\/revisions\/9628"}],"wp:featuredmedia":[{"embeddable":true,"href":"https:\/\/www.hsymachinery.com\/pt_br\/wp-json\/wp\/v2\/media\/9239"}],"wp:attachment":[{"href":"https:\/\/www.hsymachinery.com\/pt_br\/wp-json\/wp\/v2\/media?parent=9238"}],"wp:term":[{"taxonomy":"product_brand","embeddable":true,"href":"https:\/\/www.hsymachinery.com\/pt_br\/wp-json\/wp\/v2\/product_brand?post=9238"},{"taxonomy":"product_cat","embeddable":true,"href":"https:\/\/www.hsymachinery.com\/pt_br\/wp-json\/wp\/v2\/product_cat?post=9238"},{"taxonomy":"product_tag","embeddable":true,"href":"https:\/\/www.hsymachinery.com\/pt_br\/wp-json\/wp\/v2\/product_tag?post=9238"}],"curies":[{"name":"wp","href":"https:\/\/api.w.org\/{rel}","templated":true}]}}