{"id":9226,"date":"2025-06-18T21:17:00","date_gmt":"2025-06-18T13:17:00","guid":{"rendered":"https:\/\/www.hsymachinery.com\/?post_type=product&#038;p=9226"},"modified":"2025-06-28T23:44:40","modified_gmt":"2025-06-28T15:44:40","slug":"espatula-eletrica-ptr-h80","status":"publish","type":"product","link":"https:\/\/www.hsymachinery.com\/pt_br\/produto\/espatula-eletrica-ptr-h80\/","title":{"rendered":"Esp\u00e1tula el\u00e9trica PTR-H80"},"content":{"rendered":"<h2 data-start=\"128\" data-end=\"164\">Esp\u00e1tula el\u00e9trica PTR-H80<\/h2>\n<h3 data-start=\"165\" data-end=\"284\">PTR-H80 Ride-On M\u00e1quina de acabamento de concreto com motor Honda | Alisamento de superf\u00edcie de precis\u00e3o para projetos de lajes m\u00e9dias<\/h3>\n<h3 data-start=\"291\" data-end=\"388\">Descri\u00e7\u00e3o do produto - Esp\u00e1tula para concreto de alto desempenho movida a honda<a href=\"https:\/\/www.hsymachinery.com\/pt_br\/produtos\/espatula-eletrica-2\/\" target=\"_blank\" rel=\"noopener\"><img fetchpriority=\"high\" decoding=\"async\" class=\"wp-image-9616 alignright\" src=\"https:\/\/www.hsymachinery.com\/wp-content\/uploads\/2025\/06\/Sitting-Type-Power-Trowel-209x300.jpg\" alt=\"\" width=\"454\" height=\"651\" srcset=\"https:\/\/www.hsymachinery.com\/wp-content\/uploads\/2025\/06\/Sitting-Type-Power-Trowel-209x300.jpg 209w, https:\/\/www.hsymachinery.com\/wp-content\/uploads\/2025\/06\/Sitting-Type-Power-Trowel-713x1024.jpg 713w, https:\/\/www.hsymachinery.com\/wp-content\/uploads\/2025\/06\/Sitting-Type-Power-Trowel-768x1103.jpg 768w, https:\/\/www.hsymachinery.com\/wp-content\/uploads\/2025\/06\/Sitting-Type-Power-Trowel-600x862.jpg 600w, https:\/\/www.hsymachinery.com\/wp-content\/uploads\/2025\/06\/Sitting-Type-Power-Trowel.jpg 800w\" sizes=\"(max-width: 454px) 100vw, 454px\" \/><\/a><\/h3>\n<p data-start=\"390\" data-end=\"713\">O <strong data-start=\"394\" data-end=\"426\">Esp\u00e1tula el\u00e9trica PTR-H80 Ride-On<\/strong> oferece desempenho de n\u00edvel profissional com a confiabilidade adicional de um motor a gasolina Honda. Projetada para lajes de concreto de tamanho m\u00e9dio, essa m\u00e1quina oferece opera\u00e7\u00e3o potente, manuseio suave e excelentes resultados de acabamento para aplica\u00e7\u00f5es de pisos industriais e comerciais.<\/p>\n<p data-start=\"715\" data-end=\"1097\">Com seu di\u00e2metro de espalhamento de disco duplo de 80 cm, a PTR-H80 permite uma cobertura mais r\u00e1pida e reduz o tempo de trabalho sem comprometer a qualidade. O projeto de montagem oferece ao operador uma posi\u00e7\u00e3o de trabalho sentada, melhorando o conforto e o controle durante longos per\u00edodos de opera\u00e7\u00e3o. Gra\u00e7as ao motor Honda est\u00e1vel e com baixo consumo de combust\u00edvel, a m\u00e1quina tem um desempenho confi\u00e1vel mesmo em uso cont\u00ednuo.<\/p>\n<p data-start=\"1099\" data-end=\"1388\">Al\u00e9m disso, essa esp\u00e1tula inclui um sistema preciso de ajuste do passo da l\u00e2mina, permitindo que os operadores fa\u00e7am a transi\u00e7\u00e3o f\u00e1cil entre flutua\u00e7\u00e3o e polimento. A estrutura de a\u00e7o refor\u00e7ado, a caixa de engrenagens robusta e o sistema de dire\u00e7\u00e3o responsivo garantem durabilidade a longo prazo e manobras suaves.<\/p>\n<p data-start=\"1390\" data-end=\"1607\">Ideal para uso em armaz\u00e9ns, por\u00f5es, pisos comerciais e lajes externas, o PTR-H80 foi desenvolvido para empreiteiras que exigem pot\u00eancia, consist\u00eancia e desempenho confi\u00e1vel do motor em uma solu\u00e7\u00e3o compacta.<\/p>\n<h3 data-start=\"1614\" data-end=\"1665\">Principais recursos da esp\u00e1tula el\u00e9trica PTR-H80 Ride-On<\/h3>\n<ul data-start=\"1667\" data-end=\"2042\">\n<li data-start=\"1667\" data-end=\"1733\">\n<p data-start=\"1669\" data-end=\"1733\">O motor a gasolina Honda proporciona uma pot\u00eancia suave e eficiente em termos de combust\u00edvel<\/p>\n<\/li>\n<li data-start=\"1734\" data-end=\"1799\">\n<p data-start=\"1736\" data-end=\"1799\">O sistema de disco duplo de 80 cm permite um acabamento r\u00e1pido e uniforme da placa<\/p>\n<\/li>\n<li data-start=\"1800\" data-end=\"1867\">\n<p data-start=\"1802\" data-end=\"1867\">O layout de controle do Ride-on melhora o conforto e a visibilidade do operador<\/p>\n<\/li>\n<li data-start=\"1868\" data-end=\"1923\">\n<p data-start=\"1870\" data-end=\"1923\">O passo da l\u00e2mina \u00e9 facilmente ajustado para trabalhos de flutua\u00e7\u00e3o ou acabamento<\/p>\n<\/li>\n<li data-start=\"1924\" data-end=\"1986\">\n<p data-start=\"1926\" data-end=\"1986\">Estrutura de a\u00e7o robusta e caixa de engrenagens para maior durabilidade<\/p>\n<\/li>\n<li data-start=\"1987\" data-end=\"2042\">\n<p data-start=\"1989\" data-end=\"2042\">Perfeito para projetos de constru\u00e7\u00e3o de lajes de m\u00e9dio porte<\/p>\n<\/li>\n<\/ul>\n<h3 data-start=\"2049\" data-end=\"2136\">Aplica\u00e7\u00f5es - \u00d3timo para armaz\u00e9ns, \u00e1reas de estacionamento e pisos comerciais de m\u00e9dio porte<\/h3>\n<p data-start=\"2138\" data-end=\"2341\">O PTR-H80 \u00e9 mais adequado para profissionais que fazem o acabamento de lajes de concreto m\u00e9dias em centros de log\u00edstica, garagens comerciais e projetos internos em que \u00e9 necess\u00e1rio um equil\u00edbrio entre tamanho e pot\u00eancia.<\/p>","protected":false},"excerpt":{"rendered":"<p>A colher de pedreiro PTR-H80 com motor Honda proporciona um acabamento de concreto suave e consistente em lajes m\u00e9dias. Opera\u00e7\u00e3o confort\u00e1vel e alta durabilidade para uso no local de trabalho.<\/p>","protected":false},"featured_media":9227,"template":"","meta":{"_kad_post_transparent":"default","_kad_post_title":"","_kad_post_layout":"default","_kad_post_sidebar_id":"","_kad_post_content_style":"default","_kad_post_vertical_padding":"default","_kad_post_feature":"","_kad_post_feature_position":"","_kad_post_header":false,"_kad_post_footer":false},"product_brand":[],"product_cat":[58],"product_tag":[1093,1094,1098,1091,1096,1092,1097,1099,1095,1100],"class_list":{"0":"post-9226","1":"product","2":"type-product","3":"status-publish","4":"has-post-thumbnail","6":"product_cat-ride-on-power-trowel","7":"product_tag-concrete-ride-on-trowel","8":"product_tag-concrete-ride-on-trowel-machine","9":"product_tag-concrete-surface-finishing-trowel","10":"product_tag-double-disc-ride-on-power-trowel","11":"product_tag-double-rotor-power-trowel","12":"product_tag-gasoline-ride-on-power-trowel","13":"product_tag-heavy-duty-ride-on-trowel","14":"product_tag-hydraulic-ride-on-trowel","15":"product_tag-ride-on-concrete-finishing-machine","16":"product_tag-ride-on-floor-trowel","18":"first","19":"instock","20":"shipping-taxable","21":"product-type-simple","22":"entry","23":"content-bg","24":"loop-entry"},"yoast_head":"<!-- This site is optimized with the Yoast SEO plugin v25.3.1 - https:\/\/yoast.com\/wordpress\/plugins\/seo\/ -->\n<title>Ride-On Power Trowel PTR-H80 - HSY Construction Machinery<\/title>\n<meta name=\"description\" content=\"PTR-H80 ride-on concrete trowel with Honda engine ensures efficient slab finishing with smooth handling and fuel economy. Ideal for medium-sized industrial projects.Ride-On Power Trowel PTR-H80\" \/>\n<meta name=\"robots\" content=\"index, follow, max-snippet:-1, max-image-preview:large, max-video-preview:-1\" \/>\n<link rel=\"canonical\" href=\"https:\/\/www.hsymachinery.com\/pt_br\/produto\/espatula-eletrica-ptr-h80\/\" \/>\n<meta property=\"og:locale\" content=\"pt_BR\" \/>\n<meta property=\"og:type\" content=\"article\" \/>\n<meta property=\"og:title\" content=\"Ride-On Power Trowel PTR-H80 - HSY Construction Machinery\" \/>\n<meta property=\"og:description\" content=\"PTR-H80 ride-on concrete trowel with Honda engine ensures efficient slab finishing with smooth handling and fuel economy. Ideal for medium-sized industrial projects.Ride-On Power Trowel PTR-H80\" \/>\n<meta property=\"og:url\" content=\"https:\/\/www.hsymachinery.com\/pt_br\/produto\/espatula-eletrica-ptr-h80\/\" \/>\n<meta property=\"og:site_name\" content=\"HSY Construction Machinery\" \/>\n<meta property=\"article:modified_time\" content=\"2025-06-28T15:44:40+00:00\" \/>\n<meta property=\"og:image\" content=\"https:\/\/www.hsymachinery.com\/wp-content\/uploads\/2025\/06\/Ride-On-Power-Trowel-PTR-H80.jpg\" \/>\n\t<meta property=\"og:image:width\" content=\"800\" \/>\n\t<meta property=\"og:image:height\" content=\"800\" \/>\n\t<meta property=\"og:image:type\" content=\"image\/jpeg\" \/>\n<meta name=\"twitter:card\" content=\"summary_large_image\" \/>\n<meta name=\"twitter:label1\" content=\"Est. tempo de leitura\" \/>\n\t<meta name=\"twitter:data1\" content=\"2 minutos\" \/>\n<script type=\"application\/ld+json\" class=\"yoast-schema-graph\">{\"@context\":\"https:\/\/schema.org\",\"@graph\":[{\"@type\":\"WebPage\",\"@id\":\"https:\/\/www.hsymachinery.com\/product\/ride-on-power-trowel-ptr-h80\/\",\"url\":\"https:\/\/www.hsymachinery.com\/product\/ride-on-power-trowel-ptr-h80\/\",\"name\":\"Ride-On Power Trowel PTR-H80 - HSY Construction Machinery\",\"isPartOf\":{\"@id\":\"https:\/\/www.hsymachinery.com\/#website\"},\"primaryImageOfPage\":{\"@id\":\"https:\/\/www.hsymachinery.com\/product\/ride-on-power-trowel-ptr-h80\/#primaryimage\"},\"image\":{\"@id\":\"https:\/\/www.hsymachinery.com\/product\/ride-on-power-trowel-ptr-h80\/#primaryimage\"},\"thumbnailUrl\":\"https:\/\/www.hsymachinery.com\/wp-content\/uploads\/2025\/06\/Ride-On-Power-Trowel-PTR-H80.jpg\",\"datePublished\":\"2025-06-18T13:17:00+00:00\",\"dateModified\":\"2025-06-28T15:44:40+00:00\",\"description\":\"PTR-H80 ride-on concrete trowel with Honda engine ensures efficient slab finishing with smooth handling and fuel economy. Ideal for medium-sized industrial projects.Ride-On Power Trowel PTR-H80\",\"breadcrumb\":{\"@id\":\"https:\/\/www.hsymachinery.com\/product\/ride-on-power-trowel-ptr-h80\/#breadcrumb\"},\"inLanguage\":\"pt-BR\",\"potentialAction\":[{\"@type\":\"ReadAction\",\"target\":[\"https:\/\/www.hsymachinery.com\/product\/ride-on-power-trowel-ptr-h80\/\"]}]},{\"@type\":\"ImageObject\",\"inLanguage\":\"pt-BR\",\"@id\":\"https:\/\/www.hsymachinery.com\/product\/ride-on-power-trowel-ptr-h80\/#primaryimage\",\"url\":\"https:\/\/www.hsymachinery.com\/wp-content\/uploads\/2025\/06\/Ride-On-Power-Trowel-PTR-H80.jpg\",\"contentUrl\":\"https:\/\/www.hsymachinery.com\/wp-content\/uploads\/2025\/06\/Ride-On-Power-Trowel-PTR-H80.jpg\",\"width\":800,\"height\":800},{\"@type\":\"BreadcrumbList\",\"@id\":\"https:\/\/www.hsymachinery.com\/product\/ride-on-power-trowel-ptr-h80\/#breadcrumb\",\"itemListElement\":[{\"@type\":\"ListItem\",\"position\":1,\"name\":\"home\",\"item\":\"https:\/\/www.hsymachinery.com\/\"},{\"@type\":\"ListItem\",\"position\":2,\"name\":\"products\",\"item\":\"https:\/\/www.hsymachinery.com\/products\/\"},{\"@type\":\"ListItem\",\"position\":3,\"name\":\"Ride-On Power Trowel PTR-H80\"}]},{\"@type\":\"WebSite\",\"@id\":\"https:\/\/www.hsymachinery.com\/#website\",\"url\":\"https:\/\/www.hsymachinery.com\/\",\"name\":\"HSY Construction Machinery\",\"description\":\"HSY Machinery \u2013 A leading China construction machinery supplier, offering a wide range of light construction equipment. Our main products include Rebar Cutting Machine, Rebar Bending Machine, Rebar Stirrup Bending Machine, Rebar Arc Bending Machine, Rebar Straightening Machine, Five-Head Rebar Stirrup Bending Machine, Tamping Rammer, Plate Compactor, Concrete Cutter, Power Trowel, and other construction machinery. We are equipped with advanced CNC machines, and we enforce strict quality inspection standards along with comprehensive after-sales service. If you are interested in our products or services, we warmly welcome your inquiries via message.\",\"publisher\":{\"@id\":\"https:\/\/www.hsymachinery.com\/#organization\"},\"potentialAction\":[{\"@type\":\"SearchAction\",\"target\":{\"@type\":\"EntryPoint\",\"urlTemplate\":\"https:\/\/www.hsymachinery.com\/?s={search_term_string}\"},\"query-input\":{\"@type\":\"PropertyValueSpecification\",\"valueRequired\":true,\"valueName\":\"search_term_string\"}}],\"inLanguage\":\"pt-BR\"},{\"@type\":\"Organization\",\"@id\":\"https:\/\/www.hsymachinery.com\/#organization\",\"name\":\"HSY Construction Machinery\",\"url\":\"https:\/\/www.hsymachinery.com\/\",\"logo\":{\"@type\":\"ImageObject\",\"inLanguage\":\"pt-BR\",\"@id\":\"https:\/\/www.hsymachinery.com\/#\/schema\/logo\/image\/\",\"url\":\"https:\/\/www.hsymachinery.com\/wp-content\/uploads\/2025\/06\/cropped-HSY-machinery.png\",\"contentUrl\":\"https:\/\/www.hsymachinery.com\/wp-content\/uploads\/2025\/06\/cropped-HSY-machinery.png\",\"width\":600,\"height\":240,\"caption\":\"HSY Construction Machinery\"},\"image\":{\"@id\":\"https:\/\/www.hsymachinery.com\/#\/schema\/logo\/image\/\"}}]}<\/script>\n<!-- \/ Yoast SEO plugin. -->","yoast_head_json":{"title":"Esp\u00e1tula motorizada PTR-H80 - HSY Construction Machinery","description":"A esp\u00e1tula para concreto PTR-H80 com motor Honda garante um acabamento eficiente da laje com manuseio suave e economia de combust\u00edvel. Ideal para projetos industriais de m\u00e9dio porte.Esp\u00e1tula el\u00e9trica PTR-H80","robots":{"index":"index","follow":"follow","max-snippet":"max-snippet:-1","max-image-preview":"max-image-preview:large","max-video-preview":"max-video-preview:-1"},"canonical":"https:\/\/www.hsymachinery.com\/pt_br\/produto\/espatula-eletrica-ptr-h80\/","og_locale":"pt_BR","og_type":"article","og_title":"Ride-On Power Trowel PTR-H80 - HSY Construction Machinery","og_description":"PTR-H80 ride-on concrete trowel with Honda engine ensures efficient slab finishing with smooth handling and fuel economy. Ideal for medium-sized industrial projects.Ride-On Power Trowel PTR-H80","og_url":"https:\/\/www.hsymachinery.com\/pt_br\/produto\/espatula-eletrica-ptr-h80\/","og_site_name":"HSY Construction Machinery","article_modified_time":"2025-06-28T15:44:40+00:00","og_image":[{"width":800,"height":800,"url":"https:\/\/www.hsymachinery.com\/wp-content\/uploads\/2025\/06\/Ride-On-Power-Trowel-PTR-H80.jpg","type":"image\/jpeg"}],"twitter_card":"summary_large_image","twitter_misc":{"Est. tempo de leitura":"2 minutos"},"schema":{"@context":"https:\/\/schema.org","@graph":[{"@type":"WebPage","@id":"https:\/\/www.hsymachinery.com\/product\/ride-on-power-trowel-ptr-h80\/","url":"https:\/\/www.hsymachinery.com\/product\/ride-on-power-trowel-ptr-h80\/","name":"Esp\u00e1tula motorizada PTR-H80 - HSY Construction Machinery","isPartOf":{"@id":"https:\/\/www.hsymachinery.com\/#website"},"primaryImageOfPage":{"@id":"https:\/\/www.hsymachinery.com\/product\/ride-on-power-trowel-ptr-h80\/#primaryimage"},"image":{"@id":"https:\/\/www.hsymachinery.com\/product\/ride-on-power-trowel-ptr-h80\/#primaryimage"},"thumbnailUrl":"https:\/\/www.hsymachinery.com\/wp-content\/uploads\/2025\/06\/Ride-On-Power-Trowel-PTR-H80.jpg","datePublished":"2025-06-18T13:17:00+00:00","dateModified":"2025-06-28T15:44:40+00:00","description":"A esp\u00e1tula para concreto PTR-H80 com motor Honda garante um acabamento eficiente da laje com manuseio suave e economia de combust\u00edvel. Ideal para projetos industriais de m\u00e9dio porte.Esp\u00e1tula el\u00e9trica PTR-H80","breadcrumb":{"@id":"https:\/\/www.hsymachinery.com\/product\/ride-on-power-trowel-ptr-h80\/#breadcrumb"},"inLanguage":"pt-BR","potentialAction":[{"@type":"ReadAction","target":["https:\/\/www.hsymachinery.com\/product\/ride-on-power-trowel-ptr-h80\/"]}]},{"@type":"ImageObject","inLanguage":"pt-BR","@id":"https:\/\/www.hsymachinery.com\/product\/ride-on-power-trowel-ptr-h80\/#primaryimage","url":"https:\/\/www.hsymachinery.com\/wp-content\/uploads\/2025\/06\/Ride-On-Power-Trowel-PTR-H80.jpg","contentUrl":"https:\/\/www.hsymachinery.com\/wp-content\/uploads\/2025\/06\/Ride-On-Power-Trowel-PTR-H80.jpg","width":800,"height":800},{"@type":"BreadcrumbList","@id":"https:\/\/www.hsymachinery.com\/product\/ride-on-power-trowel-ptr-h80\/#breadcrumb","itemListElement":[{"@type":"ListItem","position":1,"name":"home","item":"https:\/\/www.hsymachinery.com\/"},{"@type":"ListItem","position":2,"name":"products","item":"https:\/\/www.hsymachinery.com\/products\/"},{"@type":"ListItem","position":3,"name":"Ride-On Power Trowel PTR-H80"}]},{"@type":"WebSite","@id":"https:\/\/www.hsymachinery.com\/#website","url":"https:\/\/www.hsymachinery.com\/","name":"M\u00e1quinas de constru\u00e7\u00e3o HSY","description":"HSY Machinery - Um dos principais fornecedores de m\u00e1quinas de constru\u00e7\u00e3o da China, oferecendo uma ampla gama de equipamentos de constru\u00e7\u00e3o leve. Nossos principais produtos incluem m\u00e1quina de corte de vergalh\u00e3o, m\u00e1quina de dobra de vergalh\u00e3o, m\u00e1quina de dobra de estribo de vergalh\u00e3o, m\u00e1quina de dobra de arco de vergalh\u00e3o, m\u00e1quina de endireitamento de vergalh\u00e3o, m\u00e1quina de dobra de estribo de vergalh\u00e3o de cinco cabe\u00e7as, compactador de placa, cortador de concreto, esp\u00e1tula el\u00e9trica e outras m\u00e1quinas de constru\u00e7\u00e3o. Estamos equipados com m\u00e1quinas CNC avan\u00e7adas e aplicamos padr\u00f5es rigorosos de inspe\u00e7\u00e3o de qualidade, al\u00e9m de um servi\u00e7o p\u00f3s-venda abrangente. Se estiver interessado em nossos produtos ou servi\u00e7os, agradecemos suas consultas por mensagem.","publisher":{"@id":"https:\/\/www.hsymachinery.com\/#organization"},"potentialAction":[{"@type":"SearchAction","target":{"@type":"EntryPoint","urlTemplate":"https:\/\/www.hsymachinery.com\/?s={search_term_string}"},"query-input":{"@type":"PropertyValueSpecification","valueRequired":true,"valueName":"search_term_string"}}],"inLanguage":"pt-BR"},{"@type":"Organization","@id":"https:\/\/www.hsymachinery.com\/#organization","name":"M\u00e1quinas de constru\u00e7\u00e3o HSY","url":"https:\/\/www.hsymachinery.com\/","logo":{"@type":"ImageObject","inLanguage":"pt-BR","@id":"https:\/\/www.hsymachinery.com\/#\/schema\/logo\/image\/","url":"https:\/\/www.hsymachinery.com\/wp-content\/uploads\/2025\/06\/cropped-HSY-machinery.png","contentUrl":"https:\/\/www.hsymachinery.com\/wp-content\/uploads\/2025\/06\/cropped-HSY-machinery.png","width":600,"height":240,"caption":"HSY Construction Machinery"},"image":{"@id":"https:\/\/www.hsymachinery.com\/#\/schema\/logo\/image\/"}}]}},"_links":{"self":[{"href":"https:\/\/www.hsymachinery.com\/pt_br\/wp-json\/wp\/v2\/product\/9226","targetHints":{"allow":["GET"]}}],"collection":[{"href":"https:\/\/www.hsymachinery.com\/pt_br\/wp-json\/wp\/v2\/product"}],"about":[{"href":"https:\/\/www.hsymachinery.com\/pt_br\/wp-json\/wp\/v2\/types\/product"}],"version-history":[{"count":3,"href":"https:\/\/www.hsymachinery.com\/pt_br\/wp-json\/wp\/v2\/product\/9226\/revisions"}],"predecessor-version":[{"id":9620,"href":"https:\/\/www.hsymachinery.com\/pt_br\/wp-json\/wp\/v2\/product\/9226\/revisions\/9620"}],"wp:featuredmedia":[{"embeddable":true,"href":"https:\/\/www.hsymachinery.com\/pt_br\/wp-json\/wp\/v2\/media\/9227"}],"wp:attachment":[{"href":"https:\/\/www.hsymachinery.com\/pt_br\/wp-json\/wp\/v2\/media?parent=9226"}],"wp:term":[{"taxonomy":"product_brand","embeddable":true,"href":"https:\/\/www.hsymachinery.com\/pt_br\/wp-json\/wp\/v2\/product_brand?post=9226"},{"taxonomy":"product_cat","embeddable":true,"href":"https:\/\/www.hsymachinery.com\/pt_br\/wp-json\/wp\/v2\/product_cat?post=9226"},{"taxonomy":"product_tag","embeddable":true,"href":"https:\/\/www.hsymachinery.com\/pt_br\/wp-json\/wp\/v2\/product_tag?post=9226"}],"curies":[{"name":"wp","href":"https:\/\/api.w.org\/{rel}","templated":true}]}}