{"id":9211,"date":"2025-06-18T20:38:34","date_gmt":"2025-06-18T12:38:34","guid":{"rendered":"https:\/\/www.hsymachinery.com\/?post_type=product&#038;p=9211"},"modified":"2025-06-28T23:14:56","modified_gmt":"2025-06-28T15:14:56","slug":"espatula-eletrica-para-operador-a-pe-pth-l100b","status":"publish","type":"product","link":"https:\/\/www.hsymachinery.com\/pt_br\/produto\/espatula-eletrica-para-operador-a-pe-pth-l100b\/","title":{"rendered":"Esp\u00e1tula el\u00e9trica de operador a p\u00e9 PTH-L100B"},"content":{"rendered":"<h2 data-start=\"155\" data-end=\"197\">Esp\u00e1tula el\u00e9trica de operador a p\u00e9 PTH-L100B<\/h2>\n<h3 data-start=\"198\" data-end=\"320\">PTH-L100B Esp\u00e1tula de concreto a gasolina de grande porte | Motor Longxin | Acabamento aprimorado de lajes para projetos de alta efici\u00eancia<\/h3>\n<h3 data-start=\"327\" data-end=\"438\">Descri\u00e7\u00e3o do produto - Esp\u00e1tula el\u00e9trica Longxin para alisamento de grandes lajes de concreto com melhorias de desempenho<a href=\"https:\/\/www.hsymachinery.com\/pt_br\/produtos\/espatula-eletrica-para-operador-a-pe\/\" target=\"_blank\" rel=\"noopener\"><img fetchpriority=\"high\" decoding=\"async\" class=\"wp-image-9212 alignright\" src=\"https:\/\/www.hsymachinery.com\/wp-content\/uploads\/2025\/06\/Walk-Behind-Power-Trowel-PTH-L100B-244x300.jpg\" alt=\"\" width=\"451\" height=\"555\" srcset=\"https:\/\/www.hsymachinery.com\/wp-content\/uploads\/2025\/06\/Walk-Behind-Power-Trowel-PTH-L100B-244x300.jpg 244w, https:\/\/www.hsymachinery.com\/wp-content\/uploads\/2025\/06\/Walk-Behind-Power-Trowel-PTH-L100B.jpg 600w\" sizes=\"(max-width: 451px) 100vw, 451px\" \/><\/a><\/h3>\n<p data-start=\"440\" data-end=\"853\">O <strong data-start=\"444\" data-end=\"482\">PTH-L100B Esp\u00e1tula el\u00e9trica de operador a p\u00e9<\/strong> \u00e9 uma m\u00e1quina de acabamento de concreto de grande di\u00e2metro, movida a gasolina e equipada com um motor Longxin confi\u00e1vel. Como uma vers\u00e3o aprimorada das esp\u00e1tulas padr\u00e3o de 100 cm, esse modelo foi projetado para maior durabilidade, melhor equil\u00edbrio e controle de acabamento mais preciso, o que o torna ideal para profissionais que lidam com projetos de lajes de concreto de m\u00e9dio a grande porte.<\/p>\n<p data-start=\"855\" data-end=\"1200\">Com um di\u00e2metro de espalhamento de 100 cm, a PTH-L100B aumenta a cobertura por passagem, melhorando significativamente a produtividade em pisos industriais, armaz\u00e9ns e estacionamentos. Al\u00e9m disso, o sistema de passo de l\u00e2mina ajust\u00e1vel da m\u00e1quina permite uma transi\u00e7\u00e3o perfeita entre flutua\u00e7\u00e3o e acabamento, garantindo uma superf\u00edcie impec\u00e1vel e de alto brilho.<\/p>\n<p data-start=\"1202\" data-end=\"1644\">Al\u00e9m disso, a caixa de c\u00e2mbio refor\u00e7ada, os bra\u00e7os de aranha atualizados e o anel de seguran\u00e7a aprimorado permitem que a m\u00e1quina opere de forma confi\u00e1vel em condi\u00e7\u00f5es de trabalho pesado. Sua al\u00e7a dobr\u00e1vel ergon\u00f4mica inclui punhos que reduzem a vibra\u00e7\u00e3o, oferecendo maior conforto ao operador durante o uso prolongado. O motor a gasolina Longxin oferece torque est\u00e1vel, sa\u00edda de pot\u00eancia suave e excelente efici\u00eancia de combust\u00edvel, reduzindo os custos operacionais ao longo do tempo.<\/p>\n<p data-start=\"1646\" data-end=\"1862\">Gra\u00e7as ao seu design atualizado, o PTH-L100B n\u00e3o apenas atende \u00e0s necessidades de grandes canteiros de obras, mas tamb\u00e9m oferece qualidade consistente, estabilidade operacional e longa vida \u00fatil, mesmo em ambientes exigentes.<\/p>\n<h3 data-start=\"1869\" data-end=\"1926\">Principais recursos da esp\u00e1tula el\u00e9trica de operador a p\u00e9 PTH-L100B<\/h3>\n<ul data-start=\"1928\" data-end=\"2358\">\n<li data-start=\"1928\" data-end=\"2000\">\n<p data-start=\"1930\" data-end=\"2000\">Alimentado por um motor a gasolina Longxin para um desempenho forte e est\u00e1vel<\/p>\n<\/li>\n<li data-start=\"2001\" data-end=\"2074\">\n<p data-start=\"2003\" data-end=\"2074\">O di\u00e2metro da esp\u00e1tula de 100 cm melhora a efici\u00eancia do acabamento em lajes grandes<\/p>\n<\/li>\n<li data-start=\"2075\" data-end=\"2149\">\n<p data-start=\"2077\" data-end=\"2149\">Caixa de engrenagens e estrutura aprimoradas para maior durabilidade e uso prolongado<\/p>\n<\/li>\n<li data-start=\"2150\" data-end=\"2227\">\n<p data-start=\"2152\" data-end=\"2227\">O passo ajust\u00e1vel da l\u00e2mina permite um controle preciso para flutua\u00e7\u00e3o ou polimento<\/p>\n<\/li>\n<li data-start=\"2228\" data-end=\"2287\">\n<p data-start=\"2230\" data-end=\"2287\">A al\u00e7a dobr\u00e1vel antivibra\u00e7\u00e3o reduz a fadiga do operador<\/p>\n<\/li>\n<li data-start=\"2288\" data-end=\"2358\">\n<p data-start=\"2290\" data-end=\"2358\">Ideal para acabamento de concreto industrial, comercial e municipal<\/p>\n<\/li>\n<\/ul>\n<h3 data-start=\"2365\" data-end=\"2451\">Aplica\u00e7\u00f5es - Ideal para lajes grandes, armaz\u00e9ns, oficinas e estruturas de estacionamento<\/h3>\n<p data-start=\"2453\" data-end=\"2757\">A PTH-L100B \u00e9 amplamente utilizada em f\u00e1bricas, centros de log\u00edstica, grandes entradas de garagem e projetos imobili\u00e1rios comerciais. Sua opera\u00e7\u00e3o de alta efici\u00eancia e seus resultados de n\u00edvel profissional fazem dela a ferramenta preferida dos empreiteiros que exigem pot\u00eancia, confiabilidade e qualidade em uma \u00fanica m\u00e1quina.<\/p>\n<p data-start=\"2759\" data-end=\"2889\">Como resultado, ele \u00e9 especialmente popular em cronogramas de constru\u00e7\u00e3o apertados, nos quais a cobertura e a qualidade do acabamento n\u00e3o podem ser comprometidas.<\/p>\n<p><iframe title=\"esp\u00e1tula el\u00e9trica, esp\u00e1tula el\u00e9trica manual, esp\u00e1tula, concreto #esp\u00e1tula #esp\u00e1tula el\u00e9trica#concreto\" width=\"720\" height=\"405\" src=\"https:\/\/www.youtube.com\/embed\/pa6AuNhMrwI?feature=oembed\" frameborder=\"0\" allow=\"accelerometer; autoplay; clipboard-write; encrypted-media; gyroscope; picture-in-picture; web-share\" referrerpolicy=\"strict-origin-when-cross-origin\" allowfullscreen><\/iframe><\/p>","protected":false},"excerpt":{"rendered":"<p>A esp\u00e1tula el\u00e9trica a gasolina PTH-L100B possui um motor Longxin e 100 cm de di\u00e2metro para acabamento r\u00e1pido, dur\u00e1vel e preciso de lajes de concreto em grandes canteiros de obras.<\/p>","protected":false},"featured_media":9212,"template":"","meta":{"_kad_post_transparent":"default","_kad_post_title":"","_kad_post_layout":"default","_kad_post_sidebar_id":"","_kad_post_content_style":"default","_kad_post_vertical_padding":"default","_kad_post_feature":"","_kad_post_feature_position":"","_kad_post_header":false,"_kad_post_footer":false},"product_brand":[],"product_cat":[55],"product_tag":[1084,1083,1087,1081,1086,1085,1089,1088,1090,1082],"class_list":{"0":"post-9211","1":"product","2":"type-product","3":"status-publish","4":"has-post-thumbnail","6":"product_cat-walk-behind-power-trowel","7":"product_tag-cement-power-trowel","8":"product_tag-concrete-finishing-trowel","9":"product_tag-concrete-floor-finishing-machine","10":"product_tag-concrete-power-trowel","11":"product_tag-electric-walk-behind-trowel","12":"product_tag-gasoline-power-trowel","13":"product_tag-hand-operated-power-trowel","14":"product_tag-manual-power-trowel","15":"product_tag-walk-behind-concrete-finishing-machine","16":"product_tag-walk-behind-trowel-machine","18":"first","19":"instock","20":"shipping-taxable","21":"product-type-simple","22":"entry","23":"content-bg","24":"loop-entry"},"yoast_head":"<!-- This site is optimized with the Yoast SEO plugin v25.3.1 - https:\/\/yoast.com\/wordpress\/plugins\/seo\/ -->\n<title>Walk-Behind Power Trowel PTH-L100B - HSY Construction Machinery<\/title>\n<meta name=\"description\" content=\"PTH-L100B walk-behind trowel with Longxin gasoline engine offers 100 cm coverage, enhanced durability, and smooth slab finishing for commercial and industrial projects.Walk-Behind Power Trowel PTH-L100B\" \/>\n<meta name=\"robots\" content=\"index, follow, max-snippet:-1, max-image-preview:large, max-video-preview:-1\" \/>\n<link rel=\"canonical\" href=\"https:\/\/www.hsymachinery.com\/pt_br\/produto\/espatula-eletrica-para-operador-a-pe-pth-l100b\/\" \/>\n<meta property=\"og:locale\" content=\"pt_BR\" \/>\n<meta property=\"og:type\" content=\"article\" \/>\n<meta property=\"og:title\" content=\"Walk-Behind Power Trowel PTH-L100B - HSY Construction Machinery\" \/>\n<meta property=\"og:description\" content=\"PTH-L100B walk-behind trowel with Longxin gasoline engine offers 100 cm coverage, enhanced durability, and smooth slab finishing for commercial and industrial projects.Walk-Behind Power Trowel PTH-L100B\" \/>\n<meta property=\"og:url\" content=\"https:\/\/www.hsymachinery.com\/pt_br\/produto\/espatula-eletrica-para-operador-a-pe-pth-l100b\/\" \/>\n<meta property=\"og:site_name\" content=\"HSY Construction Machinery\" \/>\n<meta property=\"article:modified_time\" content=\"2025-06-28T15:14:56+00:00\" \/>\n<meta property=\"og:image\" content=\"https:\/\/www.hsymachinery.com\/wp-content\/uploads\/2025\/06\/Walk-Behind-Power-Trowel-PTH-L100B.jpg\" \/>\n\t<meta property=\"og:image:width\" content=\"600\" \/>\n\t<meta property=\"og:image:height\" content=\"738\" \/>\n\t<meta property=\"og:image:type\" content=\"image\/jpeg\" \/>\n<meta name=\"twitter:card\" content=\"summary_large_image\" \/>\n<meta name=\"twitter:label1\" content=\"Est. tempo de leitura\" \/>\n\t<meta name=\"twitter:data1\" content=\"2 minutos\" \/>\n<script type=\"application\/ld+json\" class=\"yoast-schema-graph\">{\"@context\":\"https:\/\/schema.org\",\"@graph\":[{\"@type\":\"WebPage\",\"@id\":\"https:\/\/www.hsymachinery.com\/product\/walk-behind-power-trowel-pth-l100b\/\",\"url\":\"https:\/\/www.hsymachinery.com\/product\/walk-behind-power-trowel-pth-l100b\/\",\"name\":\"Walk-Behind Power Trowel PTH-L100B - HSY Construction Machinery\",\"isPartOf\":{\"@id\":\"https:\/\/www.hsymachinery.com\/#website\"},\"primaryImageOfPage\":{\"@id\":\"https:\/\/www.hsymachinery.com\/product\/walk-behind-power-trowel-pth-l100b\/#primaryimage\"},\"image\":{\"@id\":\"https:\/\/www.hsymachinery.com\/product\/walk-behind-power-trowel-pth-l100b\/#primaryimage\"},\"thumbnailUrl\":\"https:\/\/www.hsymachinery.com\/wp-content\/uploads\/2025\/06\/Walk-Behind-Power-Trowel-PTH-L100B.jpg\",\"datePublished\":\"2025-06-18T12:38:34+00:00\",\"dateModified\":\"2025-06-28T15:14:56+00:00\",\"description\":\"PTH-L100B walk-behind trowel with Longxin gasoline engine offers 100 cm coverage, enhanced durability, and smooth slab finishing for commercial and industrial projects.Walk-Behind Power Trowel PTH-L100B\",\"breadcrumb\":{\"@id\":\"https:\/\/www.hsymachinery.com\/product\/walk-behind-power-trowel-pth-l100b\/#breadcrumb\"},\"inLanguage\":\"pt-BR\",\"potentialAction\":[{\"@type\":\"ReadAction\",\"target\":[\"https:\/\/www.hsymachinery.com\/product\/walk-behind-power-trowel-pth-l100b\/\"]}]},{\"@type\":\"ImageObject\",\"inLanguage\":\"pt-BR\",\"@id\":\"https:\/\/www.hsymachinery.com\/product\/walk-behind-power-trowel-pth-l100b\/#primaryimage\",\"url\":\"https:\/\/www.hsymachinery.com\/wp-content\/uploads\/2025\/06\/Walk-Behind-Power-Trowel-PTH-L100B.jpg\",\"contentUrl\":\"https:\/\/www.hsymachinery.com\/wp-content\/uploads\/2025\/06\/Walk-Behind-Power-Trowel-PTH-L100B.jpg\",\"width\":600,\"height\":738},{\"@type\":\"BreadcrumbList\",\"@id\":\"https:\/\/www.hsymachinery.com\/product\/walk-behind-power-trowel-pth-l100b\/#breadcrumb\",\"itemListElement\":[{\"@type\":\"ListItem\",\"position\":1,\"name\":\"home\",\"item\":\"https:\/\/www.hsymachinery.com\/\"},{\"@type\":\"ListItem\",\"position\":2,\"name\":\"products\",\"item\":\"https:\/\/www.hsymachinery.com\/products\/\"},{\"@type\":\"ListItem\",\"position\":3,\"name\":\"Walk-Behind Power Trowel PTH-L100B\"}]},{\"@type\":\"WebSite\",\"@id\":\"https:\/\/www.hsymachinery.com\/#website\",\"url\":\"https:\/\/www.hsymachinery.com\/\",\"name\":\"HSY Construction Machinery\",\"description\":\"HSY Machinery \u2013 A leading China construction machinery supplier, offering a wide range of light construction equipment. Our main products include Rebar Cutting Machine, Rebar Bending Machine, Rebar Stirrup Bending Machine, Rebar Arc Bending Machine, Rebar Straightening Machine, Five-Head Rebar Stirrup Bending Machine, Tamping Rammer, Plate Compactor, Concrete Cutter, Power Trowel, and other construction machinery. We are equipped with advanced CNC machines, and we enforce strict quality inspection standards along with comprehensive after-sales service. If you are interested in our products or services, we warmly welcome your inquiries via message.\",\"publisher\":{\"@id\":\"https:\/\/www.hsymachinery.com\/#organization\"},\"potentialAction\":[{\"@type\":\"SearchAction\",\"target\":{\"@type\":\"EntryPoint\",\"urlTemplate\":\"https:\/\/www.hsymachinery.com\/?s={search_term_string}\"},\"query-input\":{\"@type\":\"PropertyValueSpecification\",\"valueRequired\":true,\"valueName\":\"search_term_string\"}}],\"inLanguage\":\"pt-BR\"},{\"@type\":\"Organization\",\"@id\":\"https:\/\/www.hsymachinery.com\/#organization\",\"name\":\"HSY Construction Machinery\",\"url\":\"https:\/\/www.hsymachinery.com\/\",\"logo\":{\"@type\":\"ImageObject\",\"inLanguage\":\"pt-BR\",\"@id\":\"https:\/\/www.hsymachinery.com\/#\/schema\/logo\/image\/\",\"url\":\"https:\/\/www.hsymachinery.com\/wp-content\/uploads\/2025\/06\/cropped-HSY-machinery.png\",\"contentUrl\":\"https:\/\/www.hsymachinery.com\/wp-content\/uploads\/2025\/06\/cropped-HSY-machinery.png\",\"width\":600,\"height\":240,\"caption\":\"HSY Construction Machinery\"},\"image\":{\"@id\":\"https:\/\/www.hsymachinery.com\/#\/schema\/logo\/image\/\"}}]}<\/script>\n<!-- \/ Yoast SEO plugin. -->","yoast_head_json":{"title":"Esp\u00e1tula el\u00e9trica manual PTH-L100B - HSY Construction Machinery","description":"A esp\u00e1tula de operador a p\u00e9 PTH-L100B com motor a gasolina Longxin oferece cobertura de 100 cm, maior durabilidade e acabamento suave de lajes para projetos comerciais e industriais.","robots":{"index":"index","follow":"follow","max-snippet":"max-snippet:-1","max-image-preview":"max-image-preview:large","max-video-preview":"max-video-preview:-1"},"canonical":"https:\/\/www.hsymachinery.com\/pt_br\/produto\/espatula-eletrica-para-operador-a-pe-pth-l100b\/","og_locale":"pt_BR","og_type":"article","og_title":"Walk-Behind Power Trowel PTH-L100B - HSY Construction Machinery","og_description":"PTH-L100B walk-behind trowel with Longxin gasoline engine offers 100 cm coverage, enhanced durability, and smooth slab finishing for commercial and industrial projects.Walk-Behind Power Trowel PTH-L100B","og_url":"https:\/\/www.hsymachinery.com\/pt_br\/produto\/espatula-eletrica-para-operador-a-pe-pth-l100b\/","og_site_name":"HSY Construction Machinery","article_modified_time":"2025-06-28T15:14:56+00:00","og_image":[{"width":600,"height":738,"url":"https:\/\/www.hsymachinery.com\/wp-content\/uploads\/2025\/06\/Walk-Behind-Power-Trowel-PTH-L100B.jpg","type":"image\/jpeg"}],"twitter_card":"summary_large_image","twitter_misc":{"Est. tempo de leitura":"2 minutos"},"schema":{"@context":"https:\/\/schema.org","@graph":[{"@type":"WebPage","@id":"https:\/\/www.hsymachinery.com\/product\/walk-behind-power-trowel-pth-l100b\/","url":"https:\/\/www.hsymachinery.com\/product\/walk-behind-power-trowel-pth-l100b\/","name":"Esp\u00e1tula el\u00e9trica manual PTH-L100B - HSY Construction Machinery","isPartOf":{"@id":"https:\/\/www.hsymachinery.com\/#website"},"primaryImageOfPage":{"@id":"https:\/\/www.hsymachinery.com\/product\/walk-behind-power-trowel-pth-l100b\/#primaryimage"},"image":{"@id":"https:\/\/www.hsymachinery.com\/product\/walk-behind-power-trowel-pth-l100b\/#primaryimage"},"thumbnailUrl":"https:\/\/www.hsymachinery.com\/wp-content\/uploads\/2025\/06\/Walk-Behind-Power-Trowel-PTH-L100B.jpg","datePublished":"2025-06-18T12:38:34+00:00","dateModified":"2025-06-28T15:14:56+00:00","description":"A esp\u00e1tula de operador a p\u00e9 PTH-L100B com motor a gasolina Longxin oferece cobertura de 100 cm, maior durabilidade e acabamento suave de lajes para projetos comerciais e industriais.","breadcrumb":{"@id":"https:\/\/www.hsymachinery.com\/product\/walk-behind-power-trowel-pth-l100b\/#breadcrumb"},"inLanguage":"pt-BR","potentialAction":[{"@type":"ReadAction","target":["https:\/\/www.hsymachinery.com\/product\/walk-behind-power-trowel-pth-l100b\/"]}]},{"@type":"ImageObject","inLanguage":"pt-BR","@id":"https:\/\/www.hsymachinery.com\/product\/walk-behind-power-trowel-pth-l100b\/#primaryimage","url":"https:\/\/www.hsymachinery.com\/wp-content\/uploads\/2025\/06\/Walk-Behind-Power-Trowel-PTH-L100B.jpg","contentUrl":"https:\/\/www.hsymachinery.com\/wp-content\/uploads\/2025\/06\/Walk-Behind-Power-Trowel-PTH-L100B.jpg","width":600,"height":738},{"@type":"BreadcrumbList","@id":"https:\/\/www.hsymachinery.com\/product\/walk-behind-power-trowel-pth-l100b\/#breadcrumb","itemListElement":[{"@type":"ListItem","position":1,"name":"home","item":"https:\/\/www.hsymachinery.com\/"},{"@type":"ListItem","position":2,"name":"products","item":"https:\/\/www.hsymachinery.com\/products\/"},{"@type":"ListItem","position":3,"name":"Walk-Behind Power Trowel PTH-L100B"}]},{"@type":"WebSite","@id":"https:\/\/www.hsymachinery.com\/#website","url":"https:\/\/www.hsymachinery.com\/","name":"M\u00e1quinas de constru\u00e7\u00e3o HSY","description":"HSY Machinery - Um dos principais fornecedores de m\u00e1quinas de constru\u00e7\u00e3o da China, oferecendo uma ampla gama de equipamentos de constru\u00e7\u00e3o leve. Nossos principais produtos incluem m\u00e1quina de corte de vergalh\u00e3o, m\u00e1quina de dobra de vergalh\u00e3o, m\u00e1quina de dobra de estribo de vergalh\u00e3o, m\u00e1quina de dobra de arco de vergalh\u00e3o, m\u00e1quina de endireitamento de vergalh\u00e3o, m\u00e1quina de dobra de estribo de vergalh\u00e3o de cinco cabe\u00e7as, compactador de placa, cortador de concreto, esp\u00e1tula el\u00e9trica e outras m\u00e1quinas de constru\u00e7\u00e3o. Estamos equipados com m\u00e1quinas CNC avan\u00e7adas e aplicamos padr\u00f5es rigorosos de inspe\u00e7\u00e3o de qualidade, al\u00e9m de um servi\u00e7o p\u00f3s-venda abrangente. Se estiver interessado em nossos produtos ou servi\u00e7os, agradecemos suas consultas por mensagem.","publisher":{"@id":"https:\/\/www.hsymachinery.com\/#organization"},"potentialAction":[{"@type":"SearchAction","target":{"@type":"EntryPoint","urlTemplate":"https:\/\/www.hsymachinery.com\/?s={search_term_string}"},"query-input":{"@type":"PropertyValueSpecification","valueRequired":true,"valueName":"search_term_string"}}],"inLanguage":"pt-BR"},{"@type":"Organization","@id":"https:\/\/www.hsymachinery.com\/#organization","name":"M\u00e1quinas de constru\u00e7\u00e3o HSY","url":"https:\/\/www.hsymachinery.com\/","logo":{"@type":"ImageObject","inLanguage":"pt-BR","@id":"https:\/\/www.hsymachinery.com\/#\/schema\/logo\/image\/","url":"https:\/\/www.hsymachinery.com\/wp-content\/uploads\/2025\/06\/cropped-HSY-machinery.png","contentUrl":"https:\/\/www.hsymachinery.com\/wp-content\/uploads\/2025\/06\/cropped-HSY-machinery.png","width":600,"height":240,"caption":"HSY Construction Machinery"},"image":{"@id":"https:\/\/www.hsymachinery.com\/#\/schema\/logo\/image\/"}}]}},"_links":{"self":[{"href":"https:\/\/www.hsymachinery.com\/pt_br\/wp-json\/wp\/v2\/product\/9211","targetHints":{"allow":["GET"]}}],"collection":[{"href":"https:\/\/www.hsymachinery.com\/pt_br\/wp-json\/wp\/v2\/product"}],"about":[{"href":"https:\/\/www.hsymachinery.com\/pt_br\/wp-json\/wp\/v2\/types\/product"}],"version-history":[{"count":3,"href":"https:\/\/www.hsymachinery.com\/pt_br\/wp-json\/wp\/v2\/product\/9211\/revisions"}],"predecessor-version":[{"id":9606,"href":"https:\/\/www.hsymachinery.com\/pt_br\/wp-json\/wp\/v2\/product\/9211\/revisions\/9606"}],"wp:featuredmedia":[{"embeddable":true,"href":"https:\/\/www.hsymachinery.com\/pt_br\/wp-json\/wp\/v2\/media\/9212"}],"wp:attachment":[{"href":"https:\/\/www.hsymachinery.com\/pt_br\/wp-json\/wp\/v2\/media?parent=9211"}],"wp:term":[{"taxonomy":"product_brand","embeddable":true,"href":"https:\/\/www.hsymachinery.com\/pt_br\/wp-json\/wp\/v2\/product_brand?post=9211"},{"taxonomy":"product_cat","embeddable":true,"href":"https:\/\/www.hsymachinery.com\/pt_br\/wp-json\/wp\/v2\/product_cat?post=9211"},{"taxonomy":"product_tag","embeddable":true,"href":"https:\/\/www.hsymachinery.com\/pt_br\/wp-json\/wp\/v2\/product_tag?post=9211"}],"curies":[{"name":"wp","href":"https:\/\/api.w.org\/{rel}","templated":true}]}}