{"id":9175,"date":"2025-06-18T18:30:12","date_gmt":"2025-06-18T10:30:12","guid":{"rendered":"https:\/\/www.hsymachinery.com\/?post_type=product&#038;p=9175"},"modified":"2025-06-28T22:08:48","modified_gmt":"2025-06-28T14:08:48","slug":"espatula-eletrica-para-operador-a-pe-pth-l100a","status":"publish","type":"product","link":"https:\/\/www.hsymachinery.com\/pt_br\/produto\/espatula-eletrica-para-operador-a-pe-pth-l100a\/","title":{"rendered":"Esp\u00e1tula el\u00e9trica de operador a p\u00e9 PTH-L100A"},"content":{"rendered":"<h2 data-start=\"125\" data-end=\"167\">Esp\u00e1tula el\u00e9trica de operador a p\u00e9 PTH-L100A<\/h2>\n<h3 data-start=\"168\" data-end=\"272\">PTH-L100A Esp\u00e1tula para concreto com motor Loncin atualizado e controle de precis\u00e3o para acabamento suave de grandes \u00e1reas<\/h3>\n<h3 data-start=\"279\" data-end=\"381\">Descri\u00e7\u00e3o do produto - Esp\u00e1tula de lona aprimorada para m\u00e1xima efici\u00eancia e qualidade de superf\u00edcie<a href=\"https:\/\/www.hsymachinery.com\/pt_br\/produtos\/espatula-eletrica-para-operador-a-pe\/\" target=\"_blank\" rel=\"noopener\"><img fetchpriority=\"high\" decoding=\"async\" class=\"wp-image-9176 alignright\" src=\"https:\/\/www.hsymachinery.com\/wp-content\/uploads\/2025\/06\/Walk-Behind-Power-Trowel-PTH-L100A-244x300.jpg\" alt=\"\" width=\"451\" height=\"555\" srcset=\"https:\/\/www.hsymachinery.com\/wp-content\/uploads\/2025\/06\/Walk-Behind-Power-Trowel-PTH-L100A-244x300.jpg 244w, https:\/\/www.hsymachinery.com\/wp-content\/uploads\/2025\/06\/Walk-Behind-Power-Trowel-PTH-L100A.jpg 600w\" sizes=\"(max-width: 451px) 100vw, 451px\" \/><\/a><\/h3>\n<p data-start=\"383\" data-end=\"770\">O <strong data-start=\"387\" data-end=\"425\">PTH-L100A Esp\u00e1tula el\u00e9trica de operador a p\u00e9<\/strong> O modelo PTH-L100 \u00e9 constru\u00eddo sobre a base s\u00f3lida do modelo PTH-L100 padr\u00e3o, oferecendo maior precis\u00e3o operacional e um motor a gasolina Longxin (Loncin) atualizado. Projetada para acabamento de superf\u00edcies de concreto em larga escala, essa m\u00e1quina oferece ampla cobertura e controle fino, o que a torna uma das favoritas entre os empreiteiros profissionais de concreto.<\/p>\n<p data-start=\"772\" data-end=\"1090\">Com seu di\u00e2metro de trabalho de 100 cm e sistema de passo de l\u00e2mina ajust\u00e1vel, a PTH-L100A garante excelentes resultados de acabamento em lajes extensas. A caixa de transmiss\u00e3o refor\u00e7ada da m\u00e1quina, o anel de seguran\u00e7a para servi\u00e7os pesados e o conjunto dur\u00e1vel do bra\u00e7o de aranha permitem que ela suporte cargas pesadas e longos turnos de trabalho.<\/p>\n<p data-start=\"1092\" data-end=\"1348\">Sua al\u00e7a dobr\u00e1vel com design de amortecimento de vibra\u00e7\u00f5es melhora o conforto e o controle do operador, mesmo em projetos prolongados. Gra\u00e7as ao seu motor com baixo consumo de combust\u00edvel, o PTH-L100A tamb\u00e9m \u00e9 econ\u00f4mico, oferecendo alto desempenho com custos menores de combust\u00edvel.<\/p>\n<h3 data-start=\"1355\" data-end=\"1406\">Principais recursos da esp\u00e1tula de operador a p\u00e9 PTH-L100A<\/h3>\n<ul data-start=\"1408\" data-end=\"1811\">\n<li data-start=\"1408\" data-end=\"1468\">\n<p data-start=\"1410\" data-end=\"1468\">Motor a gasolina Loncin atualizado para melhor desempenho<\/p>\n<\/li>\n<li data-start=\"1469\" data-end=\"1539\">\n<p data-start=\"1471\" data-end=\"1539\">O di\u00e2metro da esp\u00e1tula de 100 cm aumenta a cobertura da superf\u00edcie e a produtividade<\/p>\n<\/li>\n<li data-start=\"1540\" data-end=\"1604\">\n<p data-start=\"1542\" data-end=\"1604\">Controle fino do passo da l\u00e2mina para uma qualidade de acabamento precisa<\/p>\n<\/li>\n<li data-start=\"1605\" data-end=\"1664\">\n<p data-start=\"1607\" data-end=\"1664\">A caixa de engrenagens e os bra\u00e7os da l\u00e2mina dur\u00e1veis garantem uma longa vida \u00fatil<\/p>\n<\/li>\n<li data-start=\"1665\" data-end=\"1740\">\n<p data-start=\"1667\" data-end=\"1740\">A al\u00e7a dobr\u00e1vel e ergon\u00f4mica reduz a fadiga e melhora a capacidade de manobra<\/p>\n<\/li>\n<li data-start=\"1741\" data-end=\"1811\">\n<p data-start=\"1743\" data-end=\"1811\">Opera\u00e7\u00e3o com baixa vibra\u00e7\u00e3o e partida confi\u00e1vel mesmo em clima frio<\/p>\n<\/li>\n<\/ul>\n<h3 data-start=\"1818\" data-end=\"1907\">Aplica\u00e7\u00f5es - Ideal para armaz\u00e9ns, pisos de aeroportos, pisos de concreto e decks de estacionamento<\/h3>\n<p data-start=\"1909\" data-end=\"2258\">A PTH-L100A \u00e9 a escolha preferida para grandes trabalhos de concreto comerciais e industriais, incluindo armaz\u00e9ns, terminais de aeroportos, lajes de piso e garagens com v\u00e1rios compartimentos. Seu sistema de pot\u00eancia atualizado e a capacidade de alisamento suave fazem dela a ferramenta ideal para empreiteiros que exigem velocidade, controle e consist\u00eancia no acabamento de superf\u00edcies.<\/p>\n<p data-start=\"2260\" data-end=\"2423\">Os profissionais escolhem esse modelo por sua durabilidade, grande cobertura e resultados de acabamento refinados, mesmo em ambientes de constru\u00e7\u00e3o de alto tr\u00e1fego e alto volume.<\/p>","protected":false},"excerpt":{"rendered":"<p>A esp\u00e1tula el\u00e9trica de operador a p\u00e9 PTH-L100A apresenta um motor Loncin atualizado e uma ampla cobertura de 100 cm para um acabamento suave e preciso da superf\u00edcie de concreto em grandes canteiros de obras.<\/p>","protected":false},"featured_media":9176,"template":"","meta":{"_kad_post_transparent":"default","_kad_post_title":"","_kad_post_layout":"default","_kad_post_sidebar_id":"","_kad_post_content_style":"default","_kad_post_vertical_padding":"default","_kad_post_feature":"","_kad_post_feature_position":"","_kad_post_header":false,"_kad_post_footer":false},"product_brand":[],"product_cat":[55],"product_tag":[1084,1083,1087,1081,1086,1085,1089,1088,1090,1082],"class_list":{"0":"post-9175","1":"product","2":"type-product","3":"status-publish","4":"has-post-thumbnail","6":"product_cat-walk-behind-power-trowel","7":"product_tag-cement-power-trowel","8":"product_tag-concrete-finishing-trowel","9":"product_tag-concrete-floor-finishing-machine","10":"product_tag-concrete-power-trowel","11":"product_tag-electric-walk-behind-trowel","12":"product_tag-gasoline-power-trowel","13":"product_tag-hand-operated-power-trowel","14":"product_tag-manual-power-trowel","15":"product_tag-walk-behind-concrete-finishing-machine","16":"product_tag-walk-behind-trowel-machine","18":"first","19":"instock","20":"shipping-taxable","21":"product-type-simple","22":"entry","23":"content-bg","24":"loop-entry"},"yoast_head":"<!-- This site is optimized with the Yoast SEO plugin v25.3.1 - https:\/\/yoast.com\/wordpress\/plugins\/seo\/ -->\n<title>Walk-Behind Power Trowel PTH-L100A - HSY Construction Machinery<\/title>\n<meta name=\"description\" content=\"Walk-Behind Power Trowel PTH-L100A with upgraded Loncin engine delivers efficient, wide-area finishing for slabs and industrial floors. Reliable, precise, and fuel-saving.\" \/>\n<meta name=\"robots\" content=\"index, follow, max-snippet:-1, max-image-preview:large, max-video-preview:-1\" \/>\n<link rel=\"canonical\" href=\"https:\/\/www.hsymachinery.com\/pt_br\/produto\/espatula-eletrica-para-operador-a-pe-pth-l100a\/\" \/>\n<meta property=\"og:locale\" content=\"pt_BR\" \/>\n<meta property=\"og:type\" content=\"article\" \/>\n<meta property=\"og:title\" content=\"Walk-Behind Power Trowel PTH-L100A - HSY Construction Machinery\" \/>\n<meta property=\"og:description\" content=\"Walk-Behind Power Trowel PTH-L100A with upgraded Loncin engine delivers efficient, wide-area finishing for slabs and industrial floors. Reliable, precise, and fuel-saving.\" \/>\n<meta property=\"og:url\" content=\"https:\/\/www.hsymachinery.com\/pt_br\/produto\/espatula-eletrica-para-operador-a-pe-pth-l100a\/\" \/>\n<meta property=\"og:site_name\" content=\"HSY Construction Machinery\" \/>\n<meta property=\"article:modified_time\" content=\"2025-06-28T14:08:48+00:00\" \/>\n<meta property=\"og:image\" content=\"https:\/\/www.hsymachinery.com\/wp-content\/uploads\/2025\/06\/Walk-Behind-Power-Trowel-PTH-L100A.jpg\" \/>\n\t<meta property=\"og:image:width\" content=\"600\" \/>\n\t<meta property=\"og:image:height\" content=\"738\" \/>\n\t<meta property=\"og:image:type\" content=\"image\/jpeg\" \/>\n<meta name=\"twitter:card\" content=\"summary_large_image\" \/>\n<meta name=\"twitter:label1\" content=\"Est. tempo de leitura\" \/>\n\t<meta name=\"twitter:data1\" content=\"2 minutos\" \/>\n<script type=\"application\/ld+json\" class=\"yoast-schema-graph\">{\"@context\":\"https:\/\/schema.org\",\"@graph\":[{\"@type\":\"WebPage\",\"@id\":\"https:\/\/www.hsymachinery.com\/product\/walk-behind-power-trowel-pth-l100a\/\",\"url\":\"https:\/\/www.hsymachinery.com\/product\/walk-behind-power-trowel-pth-l100a\/\",\"name\":\"Walk-Behind Power Trowel PTH-L100A - HSY Construction Machinery\",\"isPartOf\":{\"@id\":\"https:\/\/www.hsymachinery.com\/#website\"},\"primaryImageOfPage\":{\"@id\":\"https:\/\/www.hsymachinery.com\/product\/walk-behind-power-trowel-pth-l100a\/#primaryimage\"},\"image\":{\"@id\":\"https:\/\/www.hsymachinery.com\/product\/walk-behind-power-trowel-pth-l100a\/#primaryimage\"},\"thumbnailUrl\":\"https:\/\/www.hsymachinery.com\/wp-content\/uploads\/2025\/06\/Walk-Behind-Power-Trowel-PTH-L100A.jpg\",\"datePublished\":\"2025-06-18T10:30:12+00:00\",\"dateModified\":\"2025-06-28T14:08:48+00:00\",\"description\":\"Walk-Behind Power Trowel PTH-L100A with upgraded Loncin engine delivers efficient, wide-area finishing for slabs and industrial floors. Reliable, precise, and fuel-saving.\",\"breadcrumb\":{\"@id\":\"https:\/\/www.hsymachinery.com\/product\/walk-behind-power-trowel-pth-l100a\/#breadcrumb\"},\"inLanguage\":\"pt-BR\",\"potentialAction\":[{\"@type\":\"ReadAction\",\"target\":[\"https:\/\/www.hsymachinery.com\/product\/walk-behind-power-trowel-pth-l100a\/\"]}]},{\"@type\":\"ImageObject\",\"inLanguage\":\"pt-BR\",\"@id\":\"https:\/\/www.hsymachinery.com\/product\/walk-behind-power-trowel-pth-l100a\/#primaryimage\",\"url\":\"https:\/\/www.hsymachinery.com\/wp-content\/uploads\/2025\/06\/Walk-Behind-Power-Trowel-PTH-L100A.jpg\",\"contentUrl\":\"https:\/\/www.hsymachinery.com\/wp-content\/uploads\/2025\/06\/Walk-Behind-Power-Trowel-PTH-L100A.jpg\",\"width\":600,\"height\":738},{\"@type\":\"BreadcrumbList\",\"@id\":\"https:\/\/www.hsymachinery.com\/product\/walk-behind-power-trowel-pth-l100a\/#breadcrumb\",\"itemListElement\":[{\"@type\":\"ListItem\",\"position\":1,\"name\":\"home\",\"item\":\"https:\/\/www.hsymachinery.com\/\"},{\"@type\":\"ListItem\",\"position\":2,\"name\":\"products\",\"item\":\"https:\/\/www.hsymachinery.com\/products\/\"},{\"@type\":\"ListItem\",\"position\":3,\"name\":\"Walk-Behind Power Trowel PTH-L100A\"}]},{\"@type\":\"WebSite\",\"@id\":\"https:\/\/www.hsymachinery.com\/#website\",\"url\":\"https:\/\/www.hsymachinery.com\/\",\"name\":\"HSY Construction Machinery\",\"description\":\"HSY Machinery \u2013 A leading China construction machinery supplier, offering a wide range of light construction equipment. Our main products include Rebar Cutting Machine, Rebar Bending Machine, Rebar Stirrup Bending Machine, Rebar Arc Bending Machine, Rebar Straightening Machine, Five-Head Rebar Stirrup Bending Machine, Tamping Rammer, Plate Compactor, Concrete Cutter, Power Trowel, and other construction machinery. We are equipped with advanced CNC machines, and we enforce strict quality inspection standards along with comprehensive after-sales service. If you are interested in our products or services, we warmly welcome your inquiries via message.\",\"publisher\":{\"@id\":\"https:\/\/www.hsymachinery.com\/#organization\"},\"potentialAction\":[{\"@type\":\"SearchAction\",\"target\":{\"@type\":\"EntryPoint\",\"urlTemplate\":\"https:\/\/www.hsymachinery.com\/?s={search_term_string}\"},\"query-input\":{\"@type\":\"PropertyValueSpecification\",\"valueRequired\":true,\"valueName\":\"search_term_string\"}}],\"inLanguage\":\"pt-BR\"},{\"@type\":\"Organization\",\"@id\":\"https:\/\/www.hsymachinery.com\/#organization\",\"name\":\"HSY Construction Machinery\",\"url\":\"https:\/\/www.hsymachinery.com\/\",\"logo\":{\"@type\":\"ImageObject\",\"inLanguage\":\"pt-BR\",\"@id\":\"https:\/\/www.hsymachinery.com\/#\/schema\/logo\/image\/\",\"url\":\"https:\/\/www.hsymachinery.com\/wp-content\/uploads\/2025\/06\/cropped-HSY-machinery.png\",\"contentUrl\":\"https:\/\/www.hsymachinery.com\/wp-content\/uploads\/2025\/06\/cropped-HSY-machinery.png\",\"width\":600,\"height\":240,\"caption\":\"HSY Construction Machinery\"},\"image\":{\"@id\":\"https:\/\/www.hsymachinery.com\/#\/schema\/logo\/image\/\"}}]}<\/script>\n<!-- \/ Yoast SEO plugin. -->","yoast_head_json":{"title":"Esp\u00e1tula el\u00e9trica manual PTH-L100A - HSY Construction Machinery","description":"A esp\u00e1tula el\u00e9trica de operador a p\u00e9 PTH-L100A com motor Loncin atualizado oferece acabamento eficiente e em \u00e1reas amplas para lajes e pisos industriais. Confi\u00e1vel, precisa e com economia de combust\u00edvel.","robots":{"index":"index","follow":"follow","max-snippet":"max-snippet:-1","max-image-preview":"max-image-preview:large","max-video-preview":"max-video-preview:-1"},"canonical":"https:\/\/www.hsymachinery.com\/pt_br\/produto\/espatula-eletrica-para-operador-a-pe-pth-l100a\/","og_locale":"pt_BR","og_type":"article","og_title":"Walk-Behind Power Trowel PTH-L100A - HSY Construction Machinery","og_description":"Walk-Behind Power Trowel PTH-L100A with upgraded Loncin engine delivers efficient, wide-area finishing for slabs and industrial floors. Reliable, precise, and fuel-saving.","og_url":"https:\/\/www.hsymachinery.com\/pt_br\/produto\/espatula-eletrica-para-operador-a-pe-pth-l100a\/","og_site_name":"HSY Construction Machinery","article_modified_time":"2025-06-28T14:08:48+00:00","og_image":[{"width":600,"height":738,"url":"https:\/\/www.hsymachinery.com\/wp-content\/uploads\/2025\/06\/Walk-Behind-Power-Trowel-PTH-L100A.jpg","type":"image\/jpeg"}],"twitter_card":"summary_large_image","twitter_misc":{"Est. tempo de leitura":"2 minutos"},"schema":{"@context":"https:\/\/schema.org","@graph":[{"@type":"WebPage","@id":"https:\/\/www.hsymachinery.com\/product\/walk-behind-power-trowel-pth-l100a\/","url":"https:\/\/www.hsymachinery.com\/product\/walk-behind-power-trowel-pth-l100a\/","name":"Esp\u00e1tula el\u00e9trica manual PTH-L100A - HSY Construction Machinery","isPartOf":{"@id":"https:\/\/www.hsymachinery.com\/#website"},"primaryImageOfPage":{"@id":"https:\/\/www.hsymachinery.com\/product\/walk-behind-power-trowel-pth-l100a\/#primaryimage"},"image":{"@id":"https:\/\/www.hsymachinery.com\/product\/walk-behind-power-trowel-pth-l100a\/#primaryimage"},"thumbnailUrl":"https:\/\/www.hsymachinery.com\/wp-content\/uploads\/2025\/06\/Walk-Behind-Power-Trowel-PTH-L100A.jpg","datePublished":"2025-06-18T10:30:12+00:00","dateModified":"2025-06-28T14:08:48+00:00","description":"A esp\u00e1tula el\u00e9trica de operador a p\u00e9 PTH-L100A com motor Loncin atualizado oferece acabamento eficiente e em \u00e1reas amplas para lajes e pisos industriais. Confi\u00e1vel, precisa e com economia de combust\u00edvel.","breadcrumb":{"@id":"https:\/\/www.hsymachinery.com\/product\/walk-behind-power-trowel-pth-l100a\/#breadcrumb"},"inLanguage":"pt-BR","potentialAction":[{"@type":"ReadAction","target":["https:\/\/www.hsymachinery.com\/product\/walk-behind-power-trowel-pth-l100a\/"]}]},{"@type":"ImageObject","inLanguage":"pt-BR","@id":"https:\/\/www.hsymachinery.com\/product\/walk-behind-power-trowel-pth-l100a\/#primaryimage","url":"https:\/\/www.hsymachinery.com\/wp-content\/uploads\/2025\/06\/Walk-Behind-Power-Trowel-PTH-L100A.jpg","contentUrl":"https:\/\/www.hsymachinery.com\/wp-content\/uploads\/2025\/06\/Walk-Behind-Power-Trowel-PTH-L100A.jpg","width":600,"height":738},{"@type":"BreadcrumbList","@id":"https:\/\/www.hsymachinery.com\/product\/walk-behind-power-trowel-pth-l100a\/#breadcrumb","itemListElement":[{"@type":"ListItem","position":1,"name":"home","item":"https:\/\/www.hsymachinery.com\/"},{"@type":"ListItem","position":2,"name":"products","item":"https:\/\/www.hsymachinery.com\/products\/"},{"@type":"ListItem","position":3,"name":"Walk-Behind Power Trowel PTH-L100A"}]},{"@type":"WebSite","@id":"https:\/\/www.hsymachinery.com\/#website","url":"https:\/\/www.hsymachinery.com\/","name":"M\u00e1quinas de constru\u00e7\u00e3o HSY","description":"HSY Machinery - Um dos principais fornecedores de m\u00e1quinas de constru\u00e7\u00e3o da China, oferecendo uma ampla gama de equipamentos de constru\u00e7\u00e3o leve. Nossos principais produtos incluem m\u00e1quina de corte de vergalh\u00e3o, m\u00e1quina de dobra de vergalh\u00e3o, m\u00e1quina de dobra de estribo de vergalh\u00e3o, m\u00e1quina de dobra de arco de vergalh\u00e3o, m\u00e1quina de endireitamento de vergalh\u00e3o, m\u00e1quina de dobra de estribo de vergalh\u00e3o de cinco cabe\u00e7as, compactador de placa, cortador de concreto, esp\u00e1tula el\u00e9trica e outras m\u00e1quinas de constru\u00e7\u00e3o. Estamos equipados com m\u00e1quinas CNC avan\u00e7adas e aplicamos padr\u00f5es rigorosos de inspe\u00e7\u00e3o de qualidade, al\u00e9m de um servi\u00e7o p\u00f3s-venda abrangente. Se estiver interessado em nossos produtos ou servi\u00e7os, agradecemos suas consultas por mensagem.","publisher":{"@id":"https:\/\/www.hsymachinery.com\/#organization"},"potentialAction":[{"@type":"SearchAction","target":{"@type":"EntryPoint","urlTemplate":"https:\/\/www.hsymachinery.com\/?s={search_term_string}"},"query-input":{"@type":"PropertyValueSpecification","valueRequired":true,"valueName":"search_term_string"}}],"inLanguage":"pt-BR"},{"@type":"Organization","@id":"https:\/\/www.hsymachinery.com\/#organization","name":"M\u00e1quinas de constru\u00e7\u00e3o HSY","url":"https:\/\/www.hsymachinery.com\/","logo":{"@type":"ImageObject","inLanguage":"pt-BR","@id":"https:\/\/www.hsymachinery.com\/#\/schema\/logo\/image\/","url":"https:\/\/www.hsymachinery.com\/wp-content\/uploads\/2025\/06\/cropped-HSY-machinery.png","contentUrl":"https:\/\/www.hsymachinery.com\/wp-content\/uploads\/2025\/06\/cropped-HSY-machinery.png","width":600,"height":240,"caption":"HSY Construction Machinery"},"image":{"@id":"https:\/\/www.hsymachinery.com\/#\/schema\/logo\/image\/"}}]}},"_links":{"self":[{"href":"https:\/\/www.hsymachinery.com\/pt_br\/wp-json\/wp\/v2\/product\/9175","targetHints":{"allow":["GET"]}}],"collection":[{"href":"https:\/\/www.hsymachinery.com\/pt_br\/wp-json\/wp\/v2\/product"}],"about":[{"href":"https:\/\/www.hsymachinery.com\/pt_br\/wp-json\/wp\/v2\/types\/product"}],"version-history":[{"count":3,"href":"https:\/\/www.hsymachinery.com\/pt_br\/wp-json\/wp\/v2\/product\/9175\/revisions"}],"predecessor-version":[{"id":9581,"href":"https:\/\/www.hsymachinery.com\/pt_br\/wp-json\/wp\/v2\/product\/9175\/revisions\/9581"}],"wp:featuredmedia":[{"embeddable":true,"href":"https:\/\/www.hsymachinery.com\/pt_br\/wp-json\/wp\/v2\/media\/9176"}],"wp:attachment":[{"href":"https:\/\/www.hsymachinery.com\/pt_br\/wp-json\/wp\/v2\/media?parent=9175"}],"wp:term":[{"taxonomy":"product_brand","embeddable":true,"href":"https:\/\/www.hsymachinery.com\/pt_br\/wp-json\/wp\/v2\/product_brand?post=9175"},{"taxonomy":"product_cat","embeddable":true,"href":"https:\/\/www.hsymachinery.com\/pt_br\/wp-json\/wp\/v2\/product_cat?post=9175"},{"taxonomy":"product_tag","embeddable":true,"href":"https:\/\/www.hsymachinery.com\/pt_br\/wp-json\/wp\/v2\/product_tag?post=9175"}],"curies":[{"name":"wp","href":"https:\/\/api.w.org\/{rel}","templated":true}]}}