{"id":9064,"date":"2025-06-18T16:19:23","date_gmt":"2025-06-18T08:19:23","guid":{"rendered":"https:\/\/www.hsymachinery.com\/?post_type=product&#038;p=9064"},"modified":"2025-06-28T15:04:56","modified_gmt":"2025-06-28T07:04:56","slug":"compactador-de-calcario-ch-d110","status":"publish","type":"product","link":"https:\/\/www.hsymachinery.com\/pt_br\/produto\/compactador-de-calcario-ch-d110\/","title":{"rendered":"Compactador de calcamento CH-D110"},"content":{"rendered":"<h2 data-start=\"120\" data-end=\"150\">Compactador de calcamento CH-D110<\/h2>\n<h3 data-start=\"151\" data-end=\"256\">Compactador de solo com motor el\u00e9trico CH-D110 para trabalhos em funda\u00e7\u00f5es e valas<\/h3>\n<h3 data-start=\"263\" data-end=\"347\">Vis\u00e3o geral do produto - Compacta\u00e7\u00e3o el\u00e9trica potente com baixo impacto ambiental<img fetchpriority=\"high\" decoding=\"async\" class=\"wp-image-9065 alignright\" src=\"https:\/\/www.hsymachinery.com\/wp-content\/uploads\/2025\/06\/Tamping-Rammer-CH-D110-300x300.jpg\" alt=\"\" width=\"475\" height=\"475\" srcset=\"https:\/\/www.hsymachinery.com\/wp-content\/uploads\/2025\/06\/Tamping-Rammer-CH-D110-300x300.jpg 300w, https:\/\/www.hsymachinery.com\/wp-content\/uploads\/2025\/06\/Tamping-Rammer-CH-D110-150x150.jpg 150w, https:\/\/www.hsymachinery.com\/wp-content\/uploads\/2025\/06\/Tamping-Rammer-CH-D110-768x768.jpg 768w, https:\/\/www.hsymachinery.com\/wp-content\/uploads\/2025\/06\/Tamping-Rammer-CH-D110-600x600.jpg 600w, https:\/\/www.hsymachinery.com\/wp-content\/uploads\/2025\/06\/Tamping-Rammer-CH-D110-100x100.jpg 100w, https:\/\/www.hsymachinery.com\/wp-content\/uploads\/2025\/06\/Tamping-Rammer-CH-D110.jpg 800w\" sizes=\"(max-width: 475px) 100vw, 475px\" \/><\/h3>\n<p data-start=\"349\" data-end=\"675\">O <strong data-start=\"353\" data-end=\"388\">Compactador el\u00e9trico de calcamento CH-D110<\/strong> oferece compacta\u00e7\u00e3o de alta efici\u00eancia em um pacote limpo, silencioso e eficiente em termos de energia. Constru\u00eddo para trabalhos na classe de impacto de 4 a 8 kN, esse compactador funciona com um motor el\u00e9trico robusto, oferecendo pot\u00eancia confi\u00e1vel sem as desvantagens dos motores a combust\u00edvel - sem fuma\u00e7a, com baixa vibra\u00e7\u00e3o e sem atrasos na partida.<\/p>\n<p data-start=\"677\" data-end=\"872\">Projetado para reparo de funda\u00e7\u00f5es, manuten\u00e7\u00e3o de cal\u00e7adas, compacta\u00e7\u00e3o de valas estreitas e obras subterr\u00e2neas, o CH-D110 fornece resultados est\u00e1veis e repet\u00edveis, mesmo em locais de trabalho com espa\u00e7o limitado.<\/p>\n<h3 data-start=\"879\" data-end=\"929\">Desempenho aprimorado, consumo zero de combust\u00edvel<\/h3>\n<p data-start=\"931\" data-end=\"1201\">Gra\u00e7as ao seu trem de for\u00e7a el\u00e9trico direto, o CH-D110 elimina a manuten\u00e7\u00e3o comum relacionada ao motor, como troca de \u00f3leo e ajuste do carburador. Ele oferece velocidade de compacta\u00e7\u00e3o e for\u00e7a de impacto consistentes, garantindo compacta\u00e7\u00e3o uniforme em solos macios e de m\u00e9dia densidade.<\/p>\n<p data-start=\"1203\" data-end=\"1351\">Uma placa de tamper refor\u00e7ada, combinada com um sistema de absor\u00e7\u00e3o de choque de v\u00e1rias camadas, garante o conforto do operador e mant\u00e9m a profundidade da compacta\u00e7\u00e3o.<\/p>\n<h3 data-start=\"1358\" data-end=\"1411\">Companheiro de trabalho confi\u00e1vel em ambientes internos e subterr\u00e2neos<\/h3>\n<p data-start=\"1413\" data-end=\"1731\">Como n\u00e3o emite escapamento nem ru\u00eddo excessivo, o CH-D110 \u00e9 perfeitamente adequado para projetos de por\u00f5es, constru\u00e7\u00e3o de t\u00faneis, trabalhos em linhas de metr\u00f4 e reformas comerciais. Sua estrutura compacta e f\u00e1cil manuseio permitem melhor manobrabilidade, especialmente em \u00e1reas de trabalho confinadas, onde a precis\u00e3o \u00e9 mais importante.<\/p>\n<p data-start=\"1733\" data-end=\"1848\">Os empreiteiros que buscam uma ferramenta de compacta\u00e7\u00e3o sustent\u00e1vel e de baixa manuten\u00e7\u00e3o encontrar\u00e3o na CH-D110 uma op\u00e7\u00e3o confi\u00e1vel.<\/p>\n<h3 data-start=\"1855\" data-end=\"1908\">Principais recursos do compactador el\u00e9trico CH-D110<\/h3>\n<ul data-start=\"1910\" data-end=\"2201\">\n<li data-start=\"1910\" data-end=\"1970\">\n<p data-start=\"1912\" data-end=\"1970\">Acionado por motor el\u00e9trico; sem combust\u00edvel, escapamento ou ru\u00eddo do motor<\/p>\n<\/li>\n<li data-start=\"1971\" data-end=\"2036\">\n<p data-start=\"1973\" data-end=\"2036\">Ideal para projetos de compacta\u00e7\u00e3o de valas, po\u00e7os, t\u00faneis e ambientes internos<\/p>\n<\/li>\n<li data-start=\"2037\" data-end=\"2096\">\n<p data-start=\"2039\" data-end=\"2096\">O sistema dur\u00e1vel de absor\u00e7\u00e3o de choque reduz a fadiga do operador<\/p>\n<\/li>\n<li data-start=\"2097\" data-end=\"2143\">\n<p data-start=\"2099\" data-end=\"2143\">Opera\u00e7\u00e3o de in\u00edcio r\u00e1pido, sa\u00edda de for\u00e7a est\u00e1vel<\/p>\n<\/li>\n<li data-start=\"2144\" data-end=\"2201\">\n<p data-start=\"2146\" data-end=\"2201\">Projetado para ambientes de trabalho limpos e de f\u00e1cil manuseio<\/p>\n<\/li>\n<\/ul>","protected":false},"excerpt":{"rendered":"<p>O compactador el\u00e9trico CH-D110 oferece compacta\u00e7\u00e3o limpa e eficiente para valas, por\u00f5es e locais apertados. Zero emiss\u00f5es, baixo ru\u00eddo e f\u00e1cil de operar.<\/p>","protected":false},"featured_media":9065,"template":"","meta":{"_kad_post_transparent":"default","_kad_post_title":"","_kad_post_layout":"default","_kad_post_sidebar_id":"","_kad_post_content_style":"default","_kad_post_vertical_padding":"default","_kad_post_feature":"","_kad_post_feature_position":"","_kad_post_header":false,"_kad_post_footer":false},"product_brand":[],"product_cat":[83],"product_tag":[1060,1057,1058,1059,1051,1052,1056,1053,1055,1054],"class_list":{"0":"post-9064","1":"product","2":"type-product","3":"status-publish","4":"has-post-thumbnail","6":"product_cat-tamping-rammer","7":"product_tag-backfill-compactor-machine","8":"product_tag-diesel-tamping-rammer","9":"product_tag-earth-tamping-machine","10":"product_tag-handheld-tamping-rammer","11":"product_tag-impact-rammer","12":"product_tag-jumping-jack-compactor","13":"product_tag-petrol-tamping-rammer","14":"product_tag-plate-tamping-rammer","15":"product_tag-soil-compaction-rammer","16":"product_tag-vibratory-tamping-rammer","18":"first","19":"instock","20":"shipping-taxable","21":"product-type-simple","22":"entry","23":"content-bg","24":"loop-entry"},"yoast_head":"<!-- This site is optimized with the Yoast SEO plugin v25.3.1 - https:\/\/yoast.com\/wordpress\/plugins\/seo\/ -->\n<title>Tamping Rammer CH-D110 - HSY Construction Machinery<\/title>\n<meta name=\"description\" content=\"CH-D110 Electric Tamping Rammer offers emission-free soil compaction for trench and indoor work. Easy to use, quiet, and maintenance-light.\" \/>\n<meta name=\"robots\" content=\"index, follow, max-snippet:-1, max-image-preview:large, max-video-preview:-1\" \/>\n<link rel=\"canonical\" href=\"https:\/\/www.hsymachinery.com\/pt_br\/produto\/compactador-de-calcario-ch-d110\/\" \/>\n<meta property=\"og:locale\" content=\"pt_BR\" \/>\n<meta property=\"og:type\" content=\"article\" \/>\n<meta property=\"og:title\" content=\"Tamping Rammer CH-D110 - HSY Construction Machinery\" \/>\n<meta property=\"og:description\" content=\"CH-D110 Electric Tamping Rammer offers emission-free soil compaction for trench and indoor work. Easy to use, quiet, and maintenance-light.\" \/>\n<meta property=\"og:url\" content=\"https:\/\/www.hsymachinery.com\/pt_br\/produto\/compactador-de-calcario-ch-d110\/\" \/>\n<meta property=\"og:site_name\" content=\"HSY Construction Machinery\" \/>\n<meta property=\"article:modified_time\" content=\"2025-06-28T07:04:56+00:00\" \/>\n<meta property=\"og:image\" content=\"https:\/\/www.hsymachinery.com\/wp-content\/uploads\/2025\/06\/Tamping-Rammer-CH-D110.jpg\" \/>\n\t<meta property=\"og:image:width\" content=\"800\" \/>\n\t<meta property=\"og:image:height\" content=\"800\" \/>\n\t<meta property=\"og:image:type\" content=\"image\/jpeg\" \/>\n<meta name=\"twitter:card\" content=\"summary_large_image\" \/>\n<meta name=\"twitter:label1\" content=\"Est. tempo de leitura\" \/>\n\t<meta name=\"twitter:data1\" content=\"2 minutos\" \/>\n<script type=\"application\/ld+json\" class=\"yoast-schema-graph\">{\"@context\":\"https:\/\/schema.org\",\"@graph\":[{\"@type\":\"WebPage\",\"@id\":\"https:\/\/www.hsymachinery.com\/product\/tamping-rammer-ch-d110\/\",\"url\":\"https:\/\/www.hsymachinery.com\/product\/tamping-rammer-ch-d110\/\",\"name\":\"Tamping Rammer CH-D110 - HSY Construction Machinery\",\"isPartOf\":{\"@id\":\"https:\/\/www.hsymachinery.com\/#website\"},\"primaryImageOfPage\":{\"@id\":\"https:\/\/www.hsymachinery.com\/product\/tamping-rammer-ch-d110\/#primaryimage\"},\"image\":{\"@id\":\"https:\/\/www.hsymachinery.com\/product\/tamping-rammer-ch-d110\/#primaryimage\"},\"thumbnailUrl\":\"https:\/\/www.hsymachinery.com\/wp-content\/uploads\/2025\/06\/Tamping-Rammer-CH-D110.jpg\",\"datePublished\":\"2025-06-18T08:19:23+00:00\",\"dateModified\":\"2025-06-28T07:04:56+00:00\",\"description\":\"CH-D110 Electric Tamping Rammer offers emission-free soil compaction for trench and indoor work. Easy to use, quiet, and maintenance-light.\",\"breadcrumb\":{\"@id\":\"https:\/\/www.hsymachinery.com\/product\/tamping-rammer-ch-d110\/#breadcrumb\"},\"inLanguage\":\"pt-BR\",\"potentialAction\":[{\"@type\":\"ReadAction\",\"target\":[\"https:\/\/www.hsymachinery.com\/product\/tamping-rammer-ch-d110\/\"]}]},{\"@type\":\"ImageObject\",\"inLanguage\":\"pt-BR\",\"@id\":\"https:\/\/www.hsymachinery.com\/product\/tamping-rammer-ch-d110\/#primaryimage\",\"url\":\"https:\/\/www.hsymachinery.com\/wp-content\/uploads\/2025\/06\/Tamping-Rammer-CH-D110.jpg\",\"contentUrl\":\"https:\/\/www.hsymachinery.com\/wp-content\/uploads\/2025\/06\/Tamping-Rammer-CH-D110.jpg\",\"width\":800,\"height\":800},{\"@type\":\"BreadcrumbList\",\"@id\":\"https:\/\/www.hsymachinery.com\/product\/tamping-rammer-ch-d110\/#breadcrumb\",\"itemListElement\":[{\"@type\":\"ListItem\",\"position\":1,\"name\":\"home\",\"item\":\"https:\/\/www.hsymachinery.com\/\"},{\"@type\":\"ListItem\",\"position\":2,\"name\":\"products\",\"item\":\"https:\/\/www.hsymachinery.com\/products\/\"},{\"@type\":\"ListItem\",\"position\":3,\"name\":\"Tamping Rammer CH-D110\"}]},{\"@type\":\"WebSite\",\"@id\":\"https:\/\/www.hsymachinery.com\/#website\",\"url\":\"https:\/\/www.hsymachinery.com\/\",\"name\":\"HSY Construction Machinery\",\"description\":\"HSY Machinery \u2013 A leading China construction machinery supplier, offering a wide range of light construction equipment. Our main products include Rebar Cutting Machine, Rebar Bending Machine, Rebar Stirrup Bending Machine, Rebar Arc Bending Machine, Rebar Straightening Machine, Five-Head Rebar Stirrup Bending Machine, Tamping Rammer, Plate Compactor, Concrete Cutter, Power Trowel, and other construction machinery. We are equipped with advanced CNC machines, and we enforce strict quality inspection standards along with comprehensive after-sales service. If you are interested in our products or services, we warmly welcome your inquiries via message.\",\"publisher\":{\"@id\":\"https:\/\/www.hsymachinery.com\/#organization\"},\"potentialAction\":[{\"@type\":\"SearchAction\",\"target\":{\"@type\":\"EntryPoint\",\"urlTemplate\":\"https:\/\/www.hsymachinery.com\/?s={search_term_string}\"},\"query-input\":{\"@type\":\"PropertyValueSpecification\",\"valueRequired\":true,\"valueName\":\"search_term_string\"}}],\"inLanguage\":\"pt-BR\"},{\"@type\":\"Organization\",\"@id\":\"https:\/\/www.hsymachinery.com\/#organization\",\"name\":\"HSY Construction Machinery\",\"url\":\"https:\/\/www.hsymachinery.com\/\",\"logo\":{\"@type\":\"ImageObject\",\"inLanguage\":\"pt-BR\",\"@id\":\"https:\/\/www.hsymachinery.com\/#\/schema\/logo\/image\/\",\"url\":\"https:\/\/www.hsymachinery.com\/wp-content\/uploads\/2025\/06\/cropped-HSY-machinery.png\",\"contentUrl\":\"https:\/\/www.hsymachinery.com\/wp-content\/uploads\/2025\/06\/cropped-HSY-machinery.png\",\"width\":600,\"height\":240,\"caption\":\"HSY Construction Machinery\"},\"image\":{\"@id\":\"https:\/\/www.hsymachinery.com\/#\/schema\/logo\/image\/\"}}]}<\/script>\n<!-- \/ Yoast SEO plugin. -->","yoast_head_json":{"title":"Compactador de calcamento CH-D110 - HSY Construction Machinery","description":"O compactador el\u00e9trico CH-D110 oferece compacta\u00e7\u00e3o de solo sem emiss\u00f5es para valas e trabalhos internos. F\u00e1cil de usar, silencioso e com pouca manuten\u00e7\u00e3o.","robots":{"index":"index","follow":"follow","max-snippet":"max-snippet:-1","max-image-preview":"max-image-preview:large","max-video-preview":"max-video-preview:-1"},"canonical":"https:\/\/www.hsymachinery.com\/pt_br\/produto\/compactador-de-calcario-ch-d110\/","og_locale":"pt_BR","og_type":"article","og_title":"Tamping Rammer CH-D110 - HSY Construction Machinery","og_description":"CH-D110 Electric Tamping Rammer offers emission-free soil compaction for trench and indoor work. Easy to use, quiet, and maintenance-light.","og_url":"https:\/\/www.hsymachinery.com\/pt_br\/produto\/compactador-de-calcario-ch-d110\/","og_site_name":"HSY Construction Machinery","article_modified_time":"2025-06-28T07:04:56+00:00","og_image":[{"width":800,"height":800,"url":"https:\/\/www.hsymachinery.com\/wp-content\/uploads\/2025\/06\/Tamping-Rammer-CH-D110.jpg","type":"image\/jpeg"}],"twitter_card":"summary_large_image","twitter_misc":{"Est. tempo de leitura":"2 minutos"},"schema":{"@context":"https:\/\/schema.org","@graph":[{"@type":"WebPage","@id":"https:\/\/www.hsymachinery.com\/product\/tamping-rammer-ch-d110\/","url":"https:\/\/www.hsymachinery.com\/product\/tamping-rammer-ch-d110\/","name":"Compactador de calcamento CH-D110 - HSY Construction Machinery","isPartOf":{"@id":"https:\/\/www.hsymachinery.com\/#website"},"primaryImageOfPage":{"@id":"https:\/\/www.hsymachinery.com\/product\/tamping-rammer-ch-d110\/#primaryimage"},"image":{"@id":"https:\/\/www.hsymachinery.com\/product\/tamping-rammer-ch-d110\/#primaryimage"},"thumbnailUrl":"https:\/\/www.hsymachinery.com\/wp-content\/uploads\/2025\/06\/Tamping-Rammer-CH-D110.jpg","datePublished":"2025-06-18T08:19:23+00:00","dateModified":"2025-06-28T07:04:56+00:00","description":"O compactador el\u00e9trico CH-D110 oferece compacta\u00e7\u00e3o de solo sem emiss\u00f5es para valas e trabalhos internos. F\u00e1cil de usar, silencioso e com pouca manuten\u00e7\u00e3o.","breadcrumb":{"@id":"https:\/\/www.hsymachinery.com\/product\/tamping-rammer-ch-d110\/#breadcrumb"},"inLanguage":"pt-BR","potentialAction":[{"@type":"ReadAction","target":["https:\/\/www.hsymachinery.com\/product\/tamping-rammer-ch-d110\/"]}]},{"@type":"ImageObject","inLanguage":"pt-BR","@id":"https:\/\/www.hsymachinery.com\/product\/tamping-rammer-ch-d110\/#primaryimage","url":"https:\/\/www.hsymachinery.com\/wp-content\/uploads\/2025\/06\/Tamping-Rammer-CH-D110.jpg","contentUrl":"https:\/\/www.hsymachinery.com\/wp-content\/uploads\/2025\/06\/Tamping-Rammer-CH-D110.jpg","width":800,"height":800},{"@type":"BreadcrumbList","@id":"https:\/\/www.hsymachinery.com\/product\/tamping-rammer-ch-d110\/#breadcrumb","itemListElement":[{"@type":"ListItem","position":1,"name":"home","item":"https:\/\/www.hsymachinery.com\/"},{"@type":"ListItem","position":2,"name":"products","item":"https:\/\/www.hsymachinery.com\/products\/"},{"@type":"ListItem","position":3,"name":"Tamping Rammer CH-D110"}]},{"@type":"WebSite","@id":"https:\/\/www.hsymachinery.com\/#website","url":"https:\/\/www.hsymachinery.com\/","name":"M\u00e1quinas de constru\u00e7\u00e3o HSY","description":"HSY Machinery - Um dos principais fornecedores de m\u00e1quinas de constru\u00e7\u00e3o da China, oferecendo uma ampla gama de equipamentos de constru\u00e7\u00e3o leve. Nossos principais produtos incluem m\u00e1quina de corte de vergalh\u00e3o, m\u00e1quina de dobra de vergalh\u00e3o, m\u00e1quina de dobra de estribo de vergalh\u00e3o, m\u00e1quina de dobra de arco de vergalh\u00e3o, m\u00e1quina de endireitamento de vergalh\u00e3o, m\u00e1quina de dobra de estribo de vergalh\u00e3o de cinco cabe\u00e7as, compactador de placa, cortador de concreto, esp\u00e1tula el\u00e9trica e outras m\u00e1quinas de constru\u00e7\u00e3o. Estamos equipados com m\u00e1quinas CNC avan\u00e7adas e aplicamos padr\u00f5es rigorosos de inspe\u00e7\u00e3o de qualidade, al\u00e9m de um servi\u00e7o p\u00f3s-venda abrangente. Se estiver interessado em nossos produtos ou servi\u00e7os, agradecemos suas consultas por mensagem.","publisher":{"@id":"https:\/\/www.hsymachinery.com\/#organization"},"potentialAction":[{"@type":"SearchAction","target":{"@type":"EntryPoint","urlTemplate":"https:\/\/www.hsymachinery.com\/?s={search_term_string}"},"query-input":{"@type":"PropertyValueSpecification","valueRequired":true,"valueName":"search_term_string"}}],"inLanguage":"pt-BR"},{"@type":"Organization","@id":"https:\/\/www.hsymachinery.com\/#organization","name":"M\u00e1quinas de constru\u00e7\u00e3o HSY","url":"https:\/\/www.hsymachinery.com\/","logo":{"@type":"ImageObject","inLanguage":"pt-BR","@id":"https:\/\/www.hsymachinery.com\/#\/schema\/logo\/image\/","url":"https:\/\/www.hsymachinery.com\/wp-content\/uploads\/2025\/06\/cropped-HSY-machinery.png","contentUrl":"https:\/\/www.hsymachinery.com\/wp-content\/uploads\/2025\/06\/cropped-HSY-machinery.png","width":600,"height":240,"caption":"HSY Construction Machinery"},"image":{"@id":"https:\/\/www.hsymachinery.com\/#\/schema\/logo\/image\/"}}]}},"_links":{"self":[{"href":"https:\/\/www.hsymachinery.com\/pt_br\/wp-json\/wp\/v2\/product\/9064","targetHints":{"allow":["GET"]}}],"collection":[{"href":"https:\/\/www.hsymachinery.com\/pt_br\/wp-json\/wp\/v2\/product"}],"about":[{"href":"https:\/\/www.hsymachinery.com\/pt_br\/wp-json\/wp\/v2\/types\/product"}],"version-history":[{"count":3,"href":"https:\/\/www.hsymachinery.com\/pt_br\/wp-json\/wp\/v2\/product\/9064\/revisions"}],"predecessor-version":[{"id":9493,"href":"https:\/\/www.hsymachinery.com\/pt_br\/wp-json\/wp\/v2\/product\/9064\/revisions\/9493"}],"wp:featuredmedia":[{"embeddable":true,"href":"https:\/\/www.hsymachinery.com\/pt_br\/wp-json\/wp\/v2\/media\/9065"}],"wp:attachment":[{"href":"https:\/\/www.hsymachinery.com\/pt_br\/wp-json\/wp\/v2\/media?parent=9064"}],"wp:term":[{"taxonomy":"product_brand","embeddable":true,"href":"https:\/\/www.hsymachinery.com\/pt_br\/wp-json\/wp\/v2\/product_brand?post=9064"},{"taxonomy":"product_cat","embeddable":true,"href":"https:\/\/www.hsymachinery.com\/pt_br\/wp-json\/wp\/v2\/product_cat?post=9064"},{"taxonomy":"product_tag","embeddable":true,"href":"https:\/\/www.hsymachinery.com\/pt_br\/wp-json\/wp\/v2\/product_tag?post=9064"}],"curies":[{"name":"wp","href":"https:\/\/api.w.org\/{rel}","templated":true}]}}