{"id":9046,"date":"2025-06-18T15:34:18","date_gmt":"2025-06-18T07:34:18","guid":{"rendered":"https:\/\/www.hsymachinery.com\/?post_type=product&#038;p=9046"},"modified":"2025-06-28T13:40:23","modified_gmt":"2025-06-28T05:40:23","slug":"dobradeira-automatica-de-estribos-stwq4-14a","status":"publish","type":"product","link":"https:\/\/www.hsymachinery.com\/pt_br\/produto\/dobradeira-automatica-de-estribos-stwq4-14a\/","title":{"rendered":"M\u00e1quina autom\u00e1tica para dobrar estribos STWQ4-14A"},"content":{"rendered":"<h2 data-start=\"114\" data-end=\"165\">M\u00e1quina autom\u00e1tica para dobrar estribos STWQ4-14A<\/h2>\n<h3 data-start=\"166\" data-end=\"276\">STWQ4-14A CNC Coil Rebar Stirrup Bender | Sistema autom\u00e1tico de dobragem de barras de a\u00e7o para barras de refor\u00e7o de 4-12 mm<\/h3>\n<h3 data-start=\"283\" data-end=\"357\">Vis\u00e3o geral do produto - Forma\u00e7\u00e3o de estribos de alto desempenho a partir de vergalh\u00f5es em bobina<a href=\"https:\/\/www.hsymachinery.com\/pt_br\/produtos\/maquina-automatica-de-dobrar-estribos\/\" target=\"_blank\" rel=\"noopener\"><img fetchpriority=\"high\" decoding=\"async\" class=\"wp-image-9047 alignright\" src=\"https:\/\/www.hsymachinery.com\/wp-content\/uploads\/2025\/06\/Automatic-Stirrup-Bending-Machine-STWQ4-14A-parameter-300x300.jpg\" alt=\"\" width=\"498\" height=\"498\" srcset=\"https:\/\/www.hsymachinery.com\/wp-content\/uploads\/2025\/06\/Automatic-Stirrup-Bending-Machine-STWQ4-14A-parameter-300x300.jpg 300w, https:\/\/www.hsymachinery.com\/wp-content\/uploads\/2025\/06\/Automatic-Stirrup-Bending-Machine-STWQ4-14A-parameter-150x150.jpg 150w, https:\/\/www.hsymachinery.com\/wp-content\/uploads\/2025\/06\/Automatic-Stirrup-Bending-Machine-STWQ4-14A-parameter-100x100.jpg 100w, https:\/\/www.hsymachinery.com\/wp-content\/uploads\/2025\/06\/Automatic-Stirrup-Bending-Machine-STWQ4-14A-parameter.jpg 600w\" sizes=\"(max-width: 498px) 100vw, 498px\" \/><\/a><\/h3>\n<p data-start=\"359\" data-end=\"760\">O <strong data-start=\"363\" data-end=\"410\">M\u00e1quina autom\u00e1tica para dobrar estribos STWQ4-14A<\/strong> \u00e9 uma m\u00e1quina potente, controlada por CNC, projetada para processar vergalh\u00f5es enrolados de 4 mm a 12 mm em v\u00e1rios formatos de estribo com precis\u00e3o excepcional. Esse modelo \u00e9 ideal para f\u00e1bricas de concreto pr\u00e9-moldado, constru\u00e7\u00e3o de rodovias e pontes e centros de fabrica\u00e7\u00e3o de vergalh\u00f5es de alta capacidade que exigem produ\u00e7\u00e3o cont\u00ednua e automatizada com o m\u00ednimo de m\u00e3o de obra.<\/p>\n<p data-start=\"762\" data-end=\"901\">Com sua faixa de processamento ampliada e automa\u00e7\u00e3o inteligente, ele lida com efici\u00eancia com grandes cargas de trabalho, mantendo a qualidade consistente.<\/p>\n<h3 data-start=\"908\" data-end=\"966\">Capacidade ampliada de di\u00e2metro com controle CNC inteligente<\/h3>\n<p data-start=\"968\" data-end=\"1298\">A STWQ4-14A \u00e9 equipada com um sistema acionado por servomotor e uma interface CNC program\u00e1vel, permitindo que os usu\u00e1rios insiram geometrias complexas de estribos com opera\u00e7\u00f5es simples na tela sens\u00edvel ao toque. A m\u00e1quina realiza alimenta\u00e7\u00e3o autom\u00e1tica, endireitamento, corte e dobra em v\u00e1rios \u00e2ngulos, simplificando todo o processo do in\u00edcio ao fim.<\/p>\n<p data-start=\"1300\" data-end=\"1469\">O mecanismo integrado de endireitamento de rolos garante um alinhamento preciso, enquanto o sistema de dobra de precis\u00e3o proporciona \u00e2ngulos n\u00edtidos e limpos, mesmo em barras de a\u00e7o mais espessas.<\/p>\n<h3 data-start=\"1476\" data-end=\"1525\">Estrutura robusta com tens\u00e3o pronta para exporta\u00e7\u00e3o<\/h3>\n<p data-start=\"1527\" data-end=\"1851\">Constru\u00eddo para lidar com ciclos pesados, o STWQ4-14A \u00e9 alojado em uma estrutura de a\u00e7o refor\u00e7ada de n\u00edvel industrial, projetada para resistir ao estresse mec\u00e2nico durante a opera\u00e7\u00e3o em alta velocidade. Ele inclui um sistema de lubrifica\u00e7\u00e3o central, alarme de falha e opera em 380 V\/50 Hz, com personaliza\u00e7\u00e3o dispon\u00edvel para clientes internacionais.<\/p>\n<p data-start=\"1853\" data-end=\"1963\">Com um design compacto, mas com grande capacidade de produ\u00e7\u00e3o, essa m\u00e1quina se adapta facilmente aos layouts de f\u00e1brica e aos requisitos de exporta\u00e7\u00e3o.<\/p>\n<h3 data-start=\"1970\" data-end=\"2022\">Principais caracter\u00edsticas do STWQ4-14A Rebar Stirrup Bender<\/h3>\n<ul data-start=\"2024\" data-end=\"2329\">\n<li data-start=\"2024\" data-end=\"2085\">\n<p data-start=\"2026\" data-end=\"2085\">Processa automaticamente vergalh\u00f5es enrolados de 4 a 12 mm em estribos<\/p>\n<\/li>\n<li data-start=\"2086\" data-end=\"2144\">\n<p data-start=\"2088\" data-end=\"2144\">Possui controle de tela sens\u00edvel ao toque CNC para programa\u00e7\u00e3o de formas<\/p>\n<\/li>\n<li data-start=\"2145\" data-end=\"2206\">\n<p data-start=\"2147\" data-end=\"2206\">O sistema servoacionado garante um desempenho r\u00e1pido e preciso<\/p>\n<\/li>\n<li data-start=\"2207\" data-end=\"2270\">\n<p data-start=\"2209\" data-end=\"2270\">Estrutura dur\u00e1vel com lubrifica\u00e7\u00e3o centralizada e diagn\u00f3stico de erros<\/p>\n<\/li>\n<li data-start=\"2271\" data-end=\"2329\">\n<p data-start=\"2273\" data-end=\"2329\">Tens\u00e3o compat\u00edvel com exporta\u00e7\u00e3o para implementa\u00e7\u00e3o internacional<\/p>\n<\/li>\n<\/ul>\n<p><iframe title=\"M\u00e1quina de dobra de estribo, m\u00e1quina de dobra de vergalh\u00e3o, dobradeira de estribo de vergalh\u00e3o, m\u00e1quina de dobra de barra de a\u00e7o\" width=\"720\" height=\"405\" src=\"https:\/\/www.youtube.com\/embed\/nJ3TTscPlaE?feature=oembed\" frameborder=\"0\" allow=\"accelerometer; autoplay; clipboard-write; encrypted-media; gyroscope; picture-in-picture; web-share\" referrerpolicy=\"strict-origin-when-cross-origin\" allowfullscreen><\/iframe><\/p>","protected":false},"excerpt":{"rendered":"<p>A STWQ4-14A dobra vergalh\u00f5es enrolados de 4 a 12 mm em estribos precisos usando automa\u00e7\u00e3o CNC. Alta capacidade, baixa manuten\u00e7\u00e3o e ideal para constru\u00e7\u00f5es pr\u00e9-fabricadas.<\/p>","protected":false},"featured_media":9048,"template":"","meta":{"_kad_post_transparent":"default","_kad_post_title":"","_kad_post_layout":"default","_kad_post_sidebar_id":"","_kad_post_content_style":"default","_kad_post_vertical_padding":"default","_kad_post_feature":"","_kad_post_feature_position":"","_kad_post_header":false,"_kad_post_footer":false},"product_brand":[],"product_cat":[61],"product_tag":[998,1043,1042,1044,1046,1048,1045,1050,1047,1049],"class_list":{"0":"post-9046","1":"product","2":"type-product","3":"status-publish","4":"has-post-thumbnail","6":"product_cat-automatic-stirrup-bending-machine","7":"product_tag-automatic-rebar-bending-machine","8":"product_tag-automatic-rebar-stirrup-bending-and-cutting-machine","9":"product_tag-cnc-automatic-stirrup-bending-and-cutting-machine","10":"product_tag-cnc-stirrup-bending-machine","11":"product_tag-rebar-stirrup-making-machine","12":"product_tag-reinforcement-bar-stirrup-bender","13":"product_tag-steel-bar-stirrup-bender","14":"product_tag-stirrup-bender-for-construction-steel","15":"product_tag-stirrup-forming-machine","16":"product_tag-wire-stirrup-bending-equipment","18":"first","19":"instock","20":"shipping-taxable","21":"product-type-simple","22":"entry","23":"content-bg","24":"loop-entry"},"yoast_head":"<!-- This site is optimized with the Yoast SEO plugin v25.3.1 - https:\/\/yoast.com\/wordpress\/plugins\/seo\/ -->\n<title>Automatic Stirrup Bending Machine STWQ4-14A - HSY Construction Machinery<\/title>\n<meta name=\"description\" content=\"Automatic Stirrup Bending Machine STWQ4-14A bends 4\u201312mm coiled steel bars into stirrups. Fast, accurate, and built for industrial and export applications.\" \/>\n<meta name=\"robots\" content=\"index, follow, max-snippet:-1, max-image-preview:large, max-video-preview:-1\" \/>\n<link rel=\"canonical\" href=\"https:\/\/www.hsymachinery.com\/pt_br\/produto\/dobradeira-automatica-de-estribos-stwq4-14a\/\" \/>\n<meta property=\"og:locale\" content=\"pt_BR\" \/>\n<meta property=\"og:type\" content=\"article\" \/>\n<meta property=\"og:title\" content=\"Automatic Stirrup Bending Machine STWQ4-14A - HSY Construction Machinery\" \/>\n<meta property=\"og:description\" content=\"Automatic Stirrup Bending Machine STWQ4-14A bends 4\u201312mm coiled steel bars into stirrups. Fast, accurate, and built for industrial and export applications.\" \/>\n<meta property=\"og:url\" content=\"https:\/\/www.hsymachinery.com\/pt_br\/produto\/dobradeira-automatica-de-estribos-stwq4-14a\/\" \/>\n<meta property=\"og:site_name\" content=\"HSY Construction Machinery\" \/>\n<meta property=\"article:modified_time\" content=\"2025-06-28T05:40:23+00:00\" \/>\n<meta property=\"og:image\" content=\"https:\/\/www.hsymachinery.com\/wp-content\/uploads\/2025\/06\/Automatic-Stirrup-Bending-Machine-STWQ4-14A.jpg\" \/>\n\t<meta property=\"og:image:width\" content=\"600\" \/>\n\t<meta property=\"og:image:height\" content=\"600\" \/>\n\t<meta property=\"og:image:type\" content=\"image\/jpeg\" \/>\n<meta name=\"twitter:card\" content=\"summary_large_image\" \/>\n<meta name=\"twitter:label1\" content=\"Est. tempo de leitura\" \/>\n\t<meta name=\"twitter:data1\" content=\"2 minutos\" \/>\n<script type=\"application\/ld+json\" class=\"yoast-schema-graph\">{\"@context\":\"https:\/\/schema.org\",\"@graph\":[{\"@type\":\"WebPage\",\"@id\":\"https:\/\/www.hsymachinery.com\/product\/automatic-stirrup-bending-machine-stwq4-14a\/\",\"url\":\"https:\/\/www.hsymachinery.com\/product\/automatic-stirrup-bending-machine-stwq4-14a\/\",\"name\":\"Automatic Stirrup Bending Machine STWQ4-14A - HSY Construction Machinery\",\"isPartOf\":{\"@id\":\"https:\/\/www.hsymachinery.com\/#website\"},\"primaryImageOfPage\":{\"@id\":\"https:\/\/www.hsymachinery.com\/product\/automatic-stirrup-bending-machine-stwq4-14a\/#primaryimage\"},\"image\":{\"@id\":\"https:\/\/www.hsymachinery.com\/product\/automatic-stirrup-bending-machine-stwq4-14a\/#primaryimage\"},\"thumbnailUrl\":\"https:\/\/www.hsymachinery.com\/wp-content\/uploads\/2025\/06\/Automatic-Stirrup-Bending-Machine-STWQ4-14A.jpg\",\"datePublished\":\"2025-06-18T07:34:18+00:00\",\"dateModified\":\"2025-06-28T05:40:23+00:00\",\"description\":\"Automatic Stirrup Bending Machine STWQ4-14A bends 4\u201312mm coiled steel bars into stirrups. Fast, accurate, and built for industrial and export applications.\",\"breadcrumb\":{\"@id\":\"https:\/\/www.hsymachinery.com\/product\/automatic-stirrup-bending-machine-stwq4-14a\/#breadcrumb\"},\"inLanguage\":\"pt-BR\",\"potentialAction\":[{\"@type\":\"ReadAction\",\"target\":[\"https:\/\/www.hsymachinery.com\/product\/automatic-stirrup-bending-machine-stwq4-14a\/\"]}]},{\"@type\":\"ImageObject\",\"inLanguage\":\"pt-BR\",\"@id\":\"https:\/\/www.hsymachinery.com\/product\/automatic-stirrup-bending-machine-stwq4-14a\/#primaryimage\",\"url\":\"https:\/\/www.hsymachinery.com\/wp-content\/uploads\/2025\/06\/Automatic-Stirrup-Bending-Machine-STWQ4-14A.jpg\",\"contentUrl\":\"https:\/\/www.hsymachinery.com\/wp-content\/uploads\/2025\/06\/Automatic-Stirrup-Bending-Machine-STWQ4-14A.jpg\",\"width\":600,\"height\":600},{\"@type\":\"BreadcrumbList\",\"@id\":\"https:\/\/www.hsymachinery.com\/product\/automatic-stirrup-bending-machine-stwq4-14a\/#breadcrumb\",\"itemListElement\":[{\"@type\":\"ListItem\",\"position\":1,\"name\":\"home\",\"item\":\"https:\/\/www.hsymachinery.com\/\"},{\"@type\":\"ListItem\",\"position\":2,\"name\":\"products\",\"item\":\"https:\/\/www.hsymachinery.com\/products\/\"},{\"@type\":\"ListItem\",\"position\":3,\"name\":\"Automatic Stirrup Bending Machine STWQ4-14A\"}]},{\"@type\":\"WebSite\",\"@id\":\"https:\/\/www.hsymachinery.com\/#website\",\"url\":\"https:\/\/www.hsymachinery.com\/\",\"name\":\"HSY Construction Machinery\",\"description\":\"HSY Machinery \u2013 A leading China construction machinery supplier, offering a wide range of light construction equipment. Our main products include Rebar Cutting Machine, Rebar Bending Machine, Rebar Stirrup Bending Machine, Rebar Arc Bending Machine, Rebar Straightening Machine, Five-Head Rebar Stirrup Bending Machine, Tamping Rammer, Plate Compactor, Concrete Cutter, Power Trowel, and other construction machinery. We are equipped with advanced CNC machines, and we enforce strict quality inspection standards along with comprehensive after-sales service. If you are interested in our products or services, we warmly welcome your inquiries via message.\",\"publisher\":{\"@id\":\"https:\/\/www.hsymachinery.com\/#organization\"},\"potentialAction\":[{\"@type\":\"SearchAction\",\"target\":{\"@type\":\"EntryPoint\",\"urlTemplate\":\"https:\/\/www.hsymachinery.com\/?s={search_term_string}\"},\"query-input\":{\"@type\":\"PropertyValueSpecification\",\"valueRequired\":true,\"valueName\":\"search_term_string\"}}],\"inLanguage\":\"pt-BR\"},{\"@type\":\"Organization\",\"@id\":\"https:\/\/www.hsymachinery.com\/#organization\",\"name\":\"HSY Construction Machinery\",\"url\":\"https:\/\/www.hsymachinery.com\/\",\"logo\":{\"@type\":\"ImageObject\",\"inLanguage\":\"pt-BR\",\"@id\":\"https:\/\/www.hsymachinery.com\/#\/schema\/logo\/image\/\",\"url\":\"https:\/\/www.hsymachinery.com\/wp-content\/uploads\/2025\/06\/cropped-HSY-machinery.png\",\"contentUrl\":\"https:\/\/www.hsymachinery.com\/wp-content\/uploads\/2025\/06\/cropped-HSY-machinery.png\",\"width\":600,\"height\":240,\"caption\":\"HSY Construction Machinery\"},\"image\":{\"@id\":\"https:\/\/www.hsymachinery.com\/#\/schema\/logo\/image\/\"}}]}<\/script>\n<!-- \/ Yoast SEO plugin. -->","yoast_head_json":{"title":"M\u00e1quina autom\u00e1tica para dobrar estribos STWQ4-14A - HSY Construction Machinery","description":"A m\u00e1quina autom\u00e1tica para dobrar estribos STWQ4-14A dobra barras de a\u00e7o enroladas de 4 a 12 mm em estribos. R\u00e1pida, precisa e constru\u00edda para aplica\u00e7\u00f5es industriais e de exporta\u00e7\u00e3o.","robots":{"index":"index","follow":"follow","max-snippet":"max-snippet:-1","max-image-preview":"max-image-preview:large","max-video-preview":"max-video-preview:-1"},"canonical":"https:\/\/www.hsymachinery.com\/pt_br\/produto\/dobradeira-automatica-de-estribos-stwq4-14a\/","og_locale":"pt_BR","og_type":"article","og_title":"Automatic Stirrup Bending Machine STWQ4-14A - HSY Construction Machinery","og_description":"Automatic Stirrup Bending Machine STWQ4-14A bends 4\u201312mm coiled steel bars into stirrups. Fast, accurate, and built for industrial and export applications.","og_url":"https:\/\/www.hsymachinery.com\/pt_br\/produto\/dobradeira-automatica-de-estribos-stwq4-14a\/","og_site_name":"HSY Construction Machinery","article_modified_time":"2025-06-28T05:40:23+00:00","og_image":[{"width":600,"height":600,"url":"https:\/\/www.hsymachinery.com\/wp-content\/uploads\/2025\/06\/Automatic-Stirrup-Bending-Machine-STWQ4-14A.jpg","type":"image\/jpeg"}],"twitter_card":"summary_large_image","twitter_misc":{"Est. tempo de leitura":"2 minutos"},"schema":{"@context":"https:\/\/schema.org","@graph":[{"@type":"WebPage","@id":"https:\/\/www.hsymachinery.com\/product\/automatic-stirrup-bending-machine-stwq4-14a\/","url":"https:\/\/www.hsymachinery.com\/product\/automatic-stirrup-bending-machine-stwq4-14a\/","name":"M\u00e1quina autom\u00e1tica para dobrar estribos STWQ4-14A - HSY Construction Machinery","isPartOf":{"@id":"https:\/\/www.hsymachinery.com\/#website"},"primaryImageOfPage":{"@id":"https:\/\/www.hsymachinery.com\/product\/automatic-stirrup-bending-machine-stwq4-14a\/#primaryimage"},"image":{"@id":"https:\/\/www.hsymachinery.com\/product\/automatic-stirrup-bending-machine-stwq4-14a\/#primaryimage"},"thumbnailUrl":"https:\/\/www.hsymachinery.com\/wp-content\/uploads\/2025\/06\/Automatic-Stirrup-Bending-Machine-STWQ4-14A.jpg","datePublished":"2025-06-18T07:34:18+00:00","dateModified":"2025-06-28T05:40:23+00:00","description":"A m\u00e1quina autom\u00e1tica para dobrar estribos STWQ4-14A dobra barras de a\u00e7o enroladas de 4 a 12 mm em estribos. R\u00e1pida, precisa e constru\u00edda para aplica\u00e7\u00f5es industriais e de exporta\u00e7\u00e3o.","breadcrumb":{"@id":"https:\/\/www.hsymachinery.com\/product\/automatic-stirrup-bending-machine-stwq4-14a\/#breadcrumb"},"inLanguage":"pt-BR","potentialAction":[{"@type":"ReadAction","target":["https:\/\/www.hsymachinery.com\/product\/automatic-stirrup-bending-machine-stwq4-14a\/"]}]},{"@type":"ImageObject","inLanguage":"pt-BR","@id":"https:\/\/www.hsymachinery.com\/product\/automatic-stirrup-bending-machine-stwq4-14a\/#primaryimage","url":"https:\/\/www.hsymachinery.com\/wp-content\/uploads\/2025\/06\/Automatic-Stirrup-Bending-Machine-STWQ4-14A.jpg","contentUrl":"https:\/\/www.hsymachinery.com\/wp-content\/uploads\/2025\/06\/Automatic-Stirrup-Bending-Machine-STWQ4-14A.jpg","width":600,"height":600},{"@type":"BreadcrumbList","@id":"https:\/\/www.hsymachinery.com\/product\/automatic-stirrup-bending-machine-stwq4-14a\/#breadcrumb","itemListElement":[{"@type":"ListItem","position":1,"name":"home","item":"https:\/\/www.hsymachinery.com\/"},{"@type":"ListItem","position":2,"name":"products","item":"https:\/\/www.hsymachinery.com\/products\/"},{"@type":"ListItem","position":3,"name":"Automatic Stirrup Bending Machine STWQ4-14A"}]},{"@type":"WebSite","@id":"https:\/\/www.hsymachinery.com\/#website","url":"https:\/\/www.hsymachinery.com\/","name":"M\u00e1quinas de constru\u00e7\u00e3o HSY","description":"HSY Machinery - Um dos principais fornecedores de m\u00e1quinas de constru\u00e7\u00e3o da China, oferecendo uma ampla gama de equipamentos de constru\u00e7\u00e3o leve. Nossos principais produtos incluem m\u00e1quina de corte de vergalh\u00e3o, m\u00e1quina de dobra de vergalh\u00e3o, m\u00e1quina de dobra de estribo de vergalh\u00e3o, m\u00e1quina de dobra de arco de vergalh\u00e3o, m\u00e1quina de endireitamento de vergalh\u00e3o, m\u00e1quina de dobra de estribo de vergalh\u00e3o de cinco cabe\u00e7as, compactador de placa, cortador de concreto, esp\u00e1tula el\u00e9trica e outras m\u00e1quinas de constru\u00e7\u00e3o. Estamos equipados com m\u00e1quinas CNC avan\u00e7adas e aplicamos padr\u00f5es rigorosos de inspe\u00e7\u00e3o de qualidade, al\u00e9m de um servi\u00e7o p\u00f3s-venda abrangente. Se estiver interessado em nossos produtos ou servi\u00e7os, agradecemos suas consultas por mensagem.","publisher":{"@id":"https:\/\/www.hsymachinery.com\/#organization"},"potentialAction":[{"@type":"SearchAction","target":{"@type":"EntryPoint","urlTemplate":"https:\/\/www.hsymachinery.com\/?s={search_term_string}"},"query-input":{"@type":"PropertyValueSpecification","valueRequired":true,"valueName":"search_term_string"}}],"inLanguage":"pt-BR"},{"@type":"Organization","@id":"https:\/\/www.hsymachinery.com\/#organization","name":"M\u00e1quinas de constru\u00e7\u00e3o HSY","url":"https:\/\/www.hsymachinery.com\/","logo":{"@type":"ImageObject","inLanguage":"pt-BR","@id":"https:\/\/www.hsymachinery.com\/#\/schema\/logo\/image\/","url":"https:\/\/www.hsymachinery.com\/wp-content\/uploads\/2025\/06\/cropped-HSY-machinery.png","contentUrl":"https:\/\/www.hsymachinery.com\/wp-content\/uploads\/2025\/06\/cropped-HSY-machinery.png","width":600,"height":240,"caption":"HSY Construction Machinery"},"image":{"@id":"https:\/\/www.hsymachinery.com\/#\/schema\/logo\/image\/"}}]}},"_links":{"self":[{"href":"https:\/\/www.hsymachinery.com\/pt_br\/wp-json\/wp\/v2\/product\/9046","targetHints":{"allow":["GET"]}}],"collection":[{"href":"https:\/\/www.hsymachinery.com\/pt_br\/wp-json\/wp\/v2\/product"}],"about":[{"href":"https:\/\/www.hsymachinery.com\/pt_br\/wp-json\/wp\/v2\/types\/product"}],"version-history":[{"count":4,"href":"https:\/\/www.hsymachinery.com\/pt_br\/wp-json\/wp\/v2\/product\/9046\/revisions"}],"predecessor-version":[{"id":9480,"href":"https:\/\/www.hsymachinery.com\/pt_br\/wp-json\/wp\/v2\/product\/9046\/revisions\/9480"}],"wp:featuredmedia":[{"embeddable":true,"href":"https:\/\/www.hsymachinery.com\/pt_br\/wp-json\/wp\/v2\/media\/9048"}],"wp:attachment":[{"href":"https:\/\/www.hsymachinery.com\/pt_br\/wp-json\/wp\/v2\/media?parent=9046"}],"wp:term":[{"taxonomy":"product_brand","embeddable":true,"href":"https:\/\/www.hsymachinery.com\/pt_br\/wp-json\/wp\/v2\/product_brand?post=9046"},{"taxonomy":"product_cat","embeddable":true,"href":"https:\/\/www.hsymachinery.com\/pt_br\/wp-json\/wp\/v2\/product_cat?post=9046"},{"taxonomy":"product_tag","embeddable":true,"href":"https:\/\/www.hsymachinery.com\/pt_br\/wp-json\/wp\/v2\/product_tag?post=9046"}],"curies":[{"name":"wp","href":"https:\/\/api.w.org\/{rel}","templated":true}]}}