{"id":9004,"date":"2025-06-18T12:41:42","date_gmt":"2025-06-18T04:41:42","guid":{"rendered":"https:\/\/www.hsymachinery.com\/?post_type=product&#038;p=9004"},"modified":"2025-06-27T23:49:55","modified_gmt":"2025-06-27T15:49:55","slug":"maquina-de-endireitamento-de-vergalhoes-gtd4-10b","status":"publish","type":"product","link":"https:\/\/www.hsymachinery.com\/pt_br\/produto\/maquina-de-endireitamento-de-vergalhoes-gtd4-10b\/","title":{"rendered":"M\u00e1quina de endireitamento de vergalh\u00f5es GTD4-10B"},"content":{"rendered":"<h2 data-start=\"107\" data-end=\"151\">M\u00e1quina de endireitamento de vergalh\u00f5es GTD4-10B<\/h2>\n<h3 data-start=\"152\" data-end=\"270\">Endireitadeira de barras de a\u00e7o GTD4-10B para vergalh\u00f5es de 4 a 10 mm | M\u00e1quina compacta de endireitamento de bobinas para processamento de refor\u00e7o<\/h3>\n<h3 data-start=\"277\" data-end=\"355\">Vis\u00e3o geral do produto - Endireitamento confi\u00e1vel para vergalh\u00f5es enrolados e deformados<\/h3>\n<p data-start=\"357\" data-end=\"624\">O <strong data-start=\"361\" data-end=\"401\"><a href=\"https:\/\/www.hsymachinery.com\/pt_br\/produtos\/maquina-de-endireitamento-de-vergalhoes\/\" target=\"_blank\" rel=\"noopener\">M\u00e1quina de endireitamento de vergalh\u00f5es<\/a> GTD4-10B<\/strong> foi projetado para processar com efici\u00eancia <strong data-start=\"437\" data-end=\"463\">Barras de a\u00e7o de 4 mm a 10 mm<\/strong>A m\u00e1quina de corte de a\u00e7o \u00e9 uma m\u00e1quina de corte de a\u00e7o que fornece material reto e uniforme para trabalhos de constru\u00e7\u00e3o e fabrica\u00e7\u00e3o. Ele manuseia barras de a\u00e7o enroladas e remove tor\u00e7\u00f5es, dobras e mem\u00f3ria com precis\u00e3o.<\/p>\n<p data-start=\"626\" data-end=\"782\">Esse modelo \u00e9 amplamente utilizado em oficinas de processamento de vergalh\u00f5es, f\u00e1bricas de pr\u00e9-fabricados e pequenas equipes de constru\u00e7\u00e3o que buscam melhorar a qualidade das barras e reduzir o desperd\u00edcio.<\/p>\n<h3 data-start=\"789\" data-end=\"838\">Desempenho est\u00e1vel com ajuste preciso<\/h3>\n<p data-start=\"840\" data-end=\"1089\">Voc\u00ea pode ajustar facilmente o posicionamento do rolete e as configura\u00e7\u00f5es de tens\u00e3o para lidar com diferentes di\u00e2metros de barra. O potente motor de acionamento garante alimenta\u00e7\u00e3o e endireitamento suaves, enquanto o sistema de roletes mant\u00e9m a vibra\u00e7\u00e3o baixa e a consist\u00eancia alta.<\/p>\n<p data-start=\"1091\" data-end=\"1255\">Seu controlador de velocidade de alimenta\u00e7\u00e3o permite adequar a taxa de endireitamento \u00e0s necessidades do seu projeto, ajudando-o a processar mais barras em menos tempo, sem comprometer a qualidade.<\/p>\n<h3 data-start=\"1262\" data-end=\"1315\">Design que economiza espa\u00e7o e suporte \u00e0 tens\u00e3o global<\/h3>\n<p data-start=\"1317\" data-end=\"1628\">O corpo compacto do GTD4-10B se encaixa perfeitamente em \u00e1reas de trabalho apertadas e oferece um forte desempenho mec\u00e2nico. Constru\u00edda com a\u00e7o de grau industrial, a m\u00e1quina mant\u00e9m a durabilidade a longo prazo. Ela \u00e9 compat\u00edvel com entrada de 220 V e 380 V a 50\/60 Hz, o que garante sua opera\u00e7\u00e3o sem problemas em v\u00e1rias regi\u00f5es internacionais.<\/p>\n<p data-start=\"1630\" data-end=\"1729\">Seja usado em uma configura\u00e7\u00e3o port\u00e1til ou em uma linha de produ\u00e7\u00e3o fixa, ele oferece resultados s\u00f3lidos e precisos.<\/p>\n<h3 data-start=\"1736\" data-end=\"1794\">Principais recursos da m\u00e1quina de endireitar vergalh\u00f5es GTD4-10B<\/h3>\n<ul data-start=\"1796\" data-end=\"2041\">\n<li data-start=\"1796\" data-end=\"1861\">\n<p data-start=\"1798\" data-end=\"1861\">Endireita vergalh\u00f5es de a\u00e7o de 4 a 10 mm a partir de bobinas com alta efici\u00eancia<\/p>\n<\/li>\n<li data-start=\"1862\" data-end=\"1929\">\n<p data-start=\"1864\" data-end=\"1929\">Projetado para oficinas, p\u00e1tios pr\u00e9-fabricados e processamento no local<\/p>\n<\/li>\n<li data-start=\"1930\" data-end=\"1984\">\n<p data-start=\"1932\" data-end=\"1984\">Sistema de alimenta\u00e7\u00e3o ajust\u00e1vel para alisamento preciso<\/p>\n<\/li>\n<li data-start=\"1985\" data-end=\"2041\">\n<p data-start=\"1987\" data-end=\"2041\">Constru\u00e7\u00e3o compacta, export\u00e1vel e flex\u00edvel em termos de pot\u00eancia<\/p>\n<\/li>\n<\/ul>\n<p><iframe title=\"#construction #rebarmachine #rebarbending #rebarcutter #rebarcuttingmachine\" width=\"720\" height=\"405\" src=\"https:\/\/www.youtube.com\/embed\/YnqPtwSEoVw?feature=oembed\" frameborder=\"0\" allow=\"accelerometer; autoplay; clipboard-write; encrypted-media; gyroscope; picture-in-picture; web-share\" referrerpolicy=\"strict-origin-when-cross-origin\" allowfullscreen><\/iframe><\/p>","protected":false},"excerpt":{"rendered":"<p>A GTD4-10B endireita barras de a\u00e7o de 4 a 10 mm a partir de bobinas em comprimentos retos. Compacto e f\u00e1cil de usar, ele \u00e9 adequado para lojas de fabrica\u00e7\u00e3o e para uso em exporta\u00e7\u00e3o global.<\/p>","protected":false},"featured_media":9005,"template":"","meta":{"_kad_post_transparent":"default","_kad_post_title":"","_kad_post_layout":"default","_kad_post_sidebar_id":"","_kad_post_content_style":"default","_kad_post_vertical_padding":"default","_kad_post_feature":"","_kad_post_feature_position":"","_kad_post_header":false,"_kad_post_footer":false},"product_brand":[],"product_cat":[62],"product_tag":[1026,1028,1030,1031,1034,1027,1032,1025,1029,1033],"class_list":{"0":"post-9004","1":"product","2":"type-product","3":"status-publish","4":"has-post-thumbnail","6":"product_cat-rebar-straightening-machine","7":"product_tag-automatic-rebar-straightener","8":"product_tag-cnc-rebar-straightening-equipment","9":"product_tag-coiled-rebar-straightening-machine","10":"product_tag-construction-bar-straightening-machine","11":"product_tag-high-speed-rebar-straightening-tool","12":"product_tag-hydraulic-rebar-straightening-machine","13":"product_tag-rebar-leveling-and-cutting-machine","14":"product_tag-steel-bar-straightening-machine","15":"product_tag-steel-wire-straightener-and-cutter","16":"product_tag-straightening-machine-for-steel-rods","18":"first","19":"instock","20":"shipping-taxable","21":"product-type-simple","22":"entry","23":"content-bg","24":"loop-entry"},"yoast_head":"<!-- This site is optimized with the Yoast SEO plugin v25.3.1 - https:\/\/yoast.com\/wordpress\/plugins\/seo\/ -->\n<title>Rebar Straightening Machine GTD4-10B - HSY Construction Machinery<\/title>\n<meta name=\"description\" content=\"Rebar Straightening Machine GTD4-10B straightens 4\u201310mm steel bars efficiently. Compact design, durable build, and export-friendly voltage options.\" \/>\n<meta name=\"robots\" content=\"index, follow, max-snippet:-1, max-image-preview:large, max-video-preview:-1\" \/>\n<link rel=\"canonical\" href=\"https:\/\/www.hsymachinery.com\/pt_br\/produto\/maquina-de-endireitamento-de-vergalhoes-gtd4-10b\/\" \/>\n<meta property=\"og:locale\" content=\"pt_BR\" \/>\n<meta property=\"og:type\" content=\"article\" \/>\n<meta property=\"og:title\" content=\"Rebar Straightening Machine GTD4-10B - HSY Construction Machinery\" \/>\n<meta property=\"og:description\" content=\"Rebar Straightening Machine GTD4-10B straightens 4\u201310mm steel bars efficiently. Compact design, durable build, and export-friendly voltage options.\" \/>\n<meta property=\"og:url\" content=\"https:\/\/www.hsymachinery.com\/pt_br\/produto\/maquina-de-endireitamento-de-vergalhoes-gtd4-10b\/\" \/>\n<meta property=\"og:site_name\" content=\"HSY Construction Machinery\" \/>\n<meta property=\"article:modified_time\" content=\"2025-06-27T15:49:55+00:00\" \/>\n<meta property=\"og:image\" content=\"https:\/\/www.hsymachinery.com\/wp-content\/uploads\/2025\/06\/Rebar-Straightening-Machine-GTD4-10B.jpg\" \/>\n\t<meta property=\"og:image:width\" content=\"600\" \/>\n\t<meta property=\"og:image:height\" content=\"600\" \/>\n\t<meta property=\"og:image:type\" content=\"image\/jpeg\" \/>\n<meta name=\"twitter:card\" content=\"summary_large_image\" \/>\n<meta name=\"twitter:label1\" content=\"Est. tempo de leitura\" \/>\n\t<meta name=\"twitter:data1\" content=\"2 minutos\" \/>\n<script type=\"application\/ld+json\" class=\"yoast-schema-graph\">{\"@context\":\"https:\/\/schema.org\",\"@graph\":[{\"@type\":\"WebPage\",\"@id\":\"https:\/\/www.hsymachinery.com\/product\/rebar-straightening-machine-gtd4-10b\/\",\"url\":\"https:\/\/www.hsymachinery.com\/product\/rebar-straightening-machine-gtd4-10b\/\",\"name\":\"Rebar Straightening Machine GTD4-10B - HSY Construction Machinery\",\"isPartOf\":{\"@id\":\"https:\/\/www.hsymachinery.com\/#website\"},\"primaryImageOfPage\":{\"@id\":\"https:\/\/www.hsymachinery.com\/product\/rebar-straightening-machine-gtd4-10b\/#primaryimage\"},\"image\":{\"@id\":\"https:\/\/www.hsymachinery.com\/product\/rebar-straightening-machine-gtd4-10b\/#primaryimage\"},\"thumbnailUrl\":\"https:\/\/www.hsymachinery.com\/wp-content\/uploads\/2025\/06\/Rebar-Straightening-Machine-GTD4-10B.jpg\",\"datePublished\":\"2025-06-18T04:41:42+00:00\",\"dateModified\":\"2025-06-27T15:49:55+00:00\",\"description\":\"Rebar Straightening Machine GTD4-10B straightens 4\u201310mm steel bars efficiently. Compact design, durable build, and export-friendly voltage options.\",\"breadcrumb\":{\"@id\":\"https:\/\/www.hsymachinery.com\/product\/rebar-straightening-machine-gtd4-10b\/#breadcrumb\"},\"inLanguage\":\"pt-BR\",\"potentialAction\":[{\"@type\":\"ReadAction\",\"target\":[\"https:\/\/www.hsymachinery.com\/product\/rebar-straightening-machine-gtd4-10b\/\"]}]},{\"@type\":\"ImageObject\",\"inLanguage\":\"pt-BR\",\"@id\":\"https:\/\/www.hsymachinery.com\/product\/rebar-straightening-machine-gtd4-10b\/#primaryimage\",\"url\":\"https:\/\/www.hsymachinery.com\/wp-content\/uploads\/2025\/06\/Rebar-Straightening-Machine-GTD4-10B.jpg\",\"contentUrl\":\"https:\/\/www.hsymachinery.com\/wp-content\/uploads\/2025\/06\/Rebar-Straightening-Machine-GTD4-10B.jpg\",\"width\":600,\"height\":600},{\"@type\":\"BreadcrumbList\",\"@id\":\"https:\/\/www.hsymachinery.com\/product\/rebar-straightening-machine-gtd4-10b\/#breadcrumb\",\"itemListElement\":[{\"@type\":\"ListItem\",\"position\":1,\"name\":\"home\",\"item\":\"https:\/\/www.hsymachinery.com\/\"},{\"@type\":\"ListItem\",\"position\":2,\"name\":\"products\",\"item\":\"https:\/\/www.hsymachinery.com\/products\/\"},{\"@type\":\"ListItem\",\"position\":3,\"name\":\"Rebar Straightening Machine GTD4-10B\"}]},{\"@type\":\"WebSite\",\"@id\":\"https:\/\/www.hsymachinery.com\/#website\",\"url\":\"https:\/\/www.hsymachinery.com\/\",\"name\":\"HSY Construction Machinery\",\"description\":\"HSY Machinery \u2013 A leading China construction machinery supplier, offering a wide range of light construction equipment. Our main products include Rebar Cutting Machine, Rebar Bending Machine, Rebar Stirrup Bending Machine, Rebar Arc Bending Machine, Rebar Straightening Machine, Five-Head Rebar Stirrup Bending Machine, Tamping Rammer, Plate Compactor, Concrete Cutter, Power Trowel, and other construction machinery. We are equipped with advanced CNC machines, and we enforce strict quality inspection standards along with comprehensive after-sales service. If you are interested in our products or services, we warmly welcome your inquiries via message.\",\"publisher\":{\"@id\":\"https:\/\/www.hsymachinery.com\/#organization\"},\"potentialAction\":[{\"@type\":\"SearchAction\",\"target\":{\"@type\":\"EntryPoint\",\"urlTemplate\":\"https:\/\/www.hsymachinery.com\/?s={search_term_string}\"},\"query-input\":{\"@type\":\"PropertyValueSpecification\",\"valueRequired\":true,\"valueName\":\"search_term_string\"}}],\"inLanguage\":\"pt-BR\"},{\"@type\":\"Organization\",\"@id\":\"https:\/\/www.hsymachinery.com\/#organization\",\"name\":\"HSY Construction Machinery\",\"url\":\"https:\/\/www.hsymachinery.com\/\",\"logo\":{\"@type\":\"ImageObject\",\"inLanguage\":\"pt-BR\",\"@id\":\"https:\/\/www.hsymachinery.com\/#\/schema\/logo\/image\/\",\"url\":\"https:\/\/www.hsymachinery.com\/wp-content\/uploads\/2025\/06\/cropped-HSY-machinery.png\",\"contentUrl\":\"https:\/\/www.hsymachinery.com\/wp-content\/uploads\/2025\/06\/cropped-HSY-machinery.png\",\"width\":600,\"height\":240,\"caption\":\"HSY Construction Machinery\"},\"image\":{\"@id\":\"https:\/\/www.hsymachinery.com\/#\/schema\/logo\/image\/\"}}]}<\/script>\n<!-- \/ Yoast SEO plugin. -->","yoast_head_json":{"title":"M\u00e1quina de endireitamento de vergalh\u00f5es GTD4-10B - HSY Construction Machinery","description":"A m\u00e1quina de endireitamento de vergalh\u00f5es GTD4-10B endireita barras de a\u00e7o de 4 a 10 mm com efici\u00eancia. Design compacto, constru\u00e7\u00e3o dur\u00e1vel e op\u00e7\u00f5es de voltagem adequadas para exporta\u00e7\u00e3o.","robots":{"index":"index","follow":"follow","max-snippet":"max-snippet:-1","max-image-preview":"max-image-preview:large","max-video-preview":"max-video-preview:-1"},"canonical":"https:\/\/www.hsymachinery.com\/pt_br\/produto\/maquina-de-endireitamento-de-vergalhoes-gtd4-10b\/","og_locale":"pt_BR","og_type":"article","og_title":"Rebar Straightening Machine GTD4-10B - HSY Construction Machinery","og_description":"Rebar Straightening Machine GTD4-10B straightens 4\u201310mm steel bars efficiently. Compact design, durable build, and export-friendly voltage options.","og_url":"https:\/\/www.hsymachinery.com\/pt_br\/produto\/maquina-de-endireitamento-de-vergalhoes-gtd4-10b\/","og_site_name":"HSY Construction Machinery","article_modified_time":"2025-06-27T15:49:55+00:00","og_image":[{"width":600,"height":600,"url":"https:\/\/www.hsymachinery.com\/wp-content\/uploads\/2025\/06\/Rebar-Straightening-Machine-GTD4-10B.jpg","type":"image\/jpeg"}],"twitter_card":"summary_large_image","twitter_misc":{"Est. tempo de leitura":"2 minutos"},"schema":{"@context":"https:\/\/schema.org","@graph":[{"@type":"WebPage","@id":"https:\/\/www.hsymachinery.com\/product\/rebar-straightening-machine-gtd4-10b\/","url":"https:\/\/www.hsymachinery.com\/product\/rebar-straightening-machine-gtd4-10b\/","name":"M\u00e1quina de endireitamento de vergalh\u00f5es GTD4-10B - HSY Construction Machinery","isPartOf":{"@id":"https:\/\/www.hsymachinery.com\/#website"},"primaryImageOfPage":{"@id":"https:\/\/www.hsymachinery.com\/product\/rebar-straightening-machine-gtd4-10b\/#primaryimage"},"image":{"@id":"https:\/\/www.hsymachinery.com\/product\/rebar-straightening-machine-gtd4-10b\/#primaryimage"},"thumbnailUrl":"https:\/\/www.hsymachinery.com\/wp-content\/uploads\/2025\/06\/Rebar-Straightening-Machine-GTD4-10B.jpg","datePublished":"2025-06-18T04:41:42+00:00","dateModified":"2025-06-27T15:49:55+00:00","description":"A m\u00e1quina de endireitamento de vergalh\u00f5es GTD4-10B endireita barras de a\u00e7o de 4 a 10 mm com efici\u00eancia. Design compacto, constru\u00e7\u00e3o dur\u00e1vel e op\u00e7\u00f5es de voltagem adequadas para exporta\u00e7\u00e3o.","breadcrumb":{"@id":"https:\/\/www.hsymachinery.com\/product\/rebar-straightening-machine-gtd4-10b\/#breadcrumb"},"inLanguage":"pt-BR","potentialAction":[{"@type":"ReadAction","target":["https:\/\/www.hsymachinery.com\/product\/rebar-straightening-machine-gtd4-10b\/"]}]},{"@type":"ImageObject","inLanguage":"pt-BR","@id":"https:\/\/www.hsymachinery.com\/product\/rebar-straightening-machine-gtd4-10b\/#primaryimage","url":"https:\/\/www.hsymachinery.com\/wp-content\/uploads\/2025\/06\/Rebar-Straightening-Machine-GTD4-10B.jpg","contentUrl":"https:\/\/www.hsymachinery.com\/wp-content\/uploads\/2025\/06\/Rebar-Straightening-Machine-GTD4-10B.jpg","width":600,"height":600},{"@type":"BreadcrumbList","@id":"https:\/\/www.hsymachinery.com\/product\/rebar-straightening-machine-gtd4-10b\/#breadcrumb","itemListElement":[{"@type":"ListItem","position":1,"name":"home","item":"https:\/\/www.hsymachinery.com\/"},{"@type":"ListItem","position":2,"name":"products","item":"https:\/\/www.hsymachinery.com\/products\/"},{"@type":"ListItem","position":3,"name":"Rebar Straightening Machine GTD4-10B"}]},{"@type":"WebSite","@id":"https:\/\/www.hsymachinery.com\/#website","url":"https:\/\/www.hsymachinery.com\/","name":"M\u00e1quinas de constru\u00e7\u00e3o HSY","description":"HSY Machinery - Um dos principais fornecedores de m\u00e1quinas de constru\u00e7\u00e3o da China, oferecendo uma ampla gama de equipamentos de constru\u00e7\u00e3o leve. Nossos principais produtos incluem m\u00e1quina de corte de vergalh\u00e3o, m\u00e1quina de dobra de vergalh\u00e3o, m\u00e1quina de dobra de estribo de vergalh\u00e3o, m\u00e1quina de dobra de arco de vergalh\u00e3o, m\u00e1quina de endireitamento de vergalh\u00e3o, m\u00e1quina de dobra de estribo de vergalh\u00e3o de cinco cabe\u00e7as, compactador de placa, cortador de concreto, esp\u00e1tula el\u00e9trica e outras m\u00e1quinas de constru\u00e7\u00e3o. Estamos equipados com m\u00e1quinas CNC avan\u00e7adas e aplicamos padr\u00f5es rigorosos de inspe\u00e7\u00e3o de qualidade, al\u00e9m de um servi\u00e7o p\u00f3s-venda abrangente. Se estiver interessado em nossos produtos ou servi\u00e7os, agradecemos suas consultas por mensagem.","publisher":{"@id":"https:\/\/www.hsymachinery.com\/#organization"},"potentialAction":[{"@type":"SearchAction","target":{"@type":"EntryPoint","urlTemplate":"https:\/\/www.hsymachinery.com\/?s={search_term_string}"},"query-input":{"@type":"PropertyValueSpecification","valueRequired":true,"valueName":"search_term_string"}}],"inLanguage":"pt-BR"},{"@type":"Organization","@id":"https:\/\/www.hsymachinery.com\/#organization","name":"M\u00e1quinas de constru\u00e7\u00e3o HSY","url":"https:\/\/www.hsymachinery.com\/","logo":{"@type":"ImageObject","inLanguage":"pt-BR","@id":"https:\/\/www.hsymachinery.com\/#\/schema\/logo\/image\/","url":"https:\/\/www.hsymachinery.com\/wp-content\/uploads\/2025\/06\/cropped-HSY-machinery.png","contentUrl":"https:\/\/www.hsymachinery.com\/wp-content\/uploads\/2025\/06\/cropped-HSY-machinery.png","width":600,"height":240,"caption":"HSY Construction Machinery"},"image":{"@id":"https:\/\/www.hsymachinery.com\/#\/schema\/logo\/image\/"}}]}},"_links":{"self":[{"href":"https:\/\/www.hsymachinery.com\/pt_br\/wp-json\/wp\/v2\/product\/9004","targetHints":{"allow":["GET"]}}],"collection":[{"href":"https:\/\/www.hsymachinery.com\/pt_br\/wp-json\/wp\/v2\/product"}],"about":[{"href":"https:\/\/www.hsymachinery.com\/pt_br\/wp-json\/wp\/v2\/types\/product"}],"version-history":[{"count":3,"href":"https:\/\/www.hsymachinery.com\/pt_br\/wp-json\/wp\/v2\/product\/9004\/revisions"}],"predecessor-version":[{"id":9426,"href":"https:\/\/www.hsymachinery.com\/pt_br\/wp-json\/wp\/v2\/product\/9004\/revisions\/9426"}],"wp:featuredmedia":[{"embeddable":true,"href":"https:\/\/www.hsymachinery.com\/pt_br\/wp-json\/wp\/v2\/media\/9005"}],"wp:attachment":[{"href":"https:\/\/www.hsymachinery.com\/pt_br\/wp-json\/wp\/v2\/media?parent=9004"}],"wp:term":[{"taxonomy":"product_brand","embeddable":true,"href":"https:\/\/www.hsymachinery.com\/pt_br\/wp-json\/wp\/v2\/product_brand?post=9004"},{"taxonomy":"product_cat","embeddable":true,"href":"https:\/\/www.hsymachinery.com\/pt_br\/wp-json\/wp\/v2\/product_cat?post=9004"},{"taxonomy":"product_tag","embeddable":true,"href":"https:\/\/www.hsymachinery.com\/pt_br\/wp-json\/wp\/v2\/product_tag?post=9004"}],"curies":[{"name":"wp","href":"https:\/\/api.w.org\/{rel}","templated":true}]}}