{"id":8974,"date":"2025-06-18T12:11:58","date_gmt":"2025-06-18T04:11:58","guid":{"rendered":"https:\/\/www.hsymachinery.com\/?post_type=product&#038;p=8974"},"modified":"2025-06-27T21:30:46","modified_gmt":"2025-06-27T13:30:46","slug":"maquina-para-dobrar-estribos-de-vergalhoes-gf42","status":"publish","type":"product","link":"https:\/\/www.hsymachinery.com\/pt_br\/produto\/maquina-para-dobrar-estribos-de-vergalhoes-gf42\/","title":{"rendered":"M\u00e1quina de dobragem de estribos de vergalh\u00e3o GF42"},"content":{"rendered":"<h2 data-start=\"115\" data-end=\"157\">M\u00e1quina de dobragem de estribos de vergalh\u00e3o GF42<\/h2>\n<h3 data-start=\"158\" data-end=\"289\">Advanced Rebar Stirrup Bending Machine GF42 for 6-36mm Bars | High-Capacity Stirrup Former for Reinforced Concrete Applications<\/h3>\n<h3 data-start=\"296\" data-end=\"392\">\u00a0Vis\u00e3o geral do produto - dobrador de estribo de precis\u00e3o para vergalh\u00f5es de grande porte e projetos industriais<\/h3>\n<p data-start=\"394\" data-end=\"733\">O <strong data-start=\"398\" data-end=\"436\"><a href=\"https:\/\/www.hsymachinery.com\/pt_br\/produtos\/maquina-de-dobrar-estribos-de-vergalhao\/\" target=\"_blank\" rel=\"noopener\">M\u00e1quina de dobragem de estribo de vergalh\u00e3o<\/a> GF42<\/strong> foi projetado para processar <strong data-start=\"460\" data-end=\"498\">Barras de a\u00e7o de refor\u00e7o de 6 mm a 36 mm<\/strong>tornando-o o modelo de maior capacidade da s\u00e9rie de dobradeiras de estribo GF. \u00c9 amplamente utilizada no refor\u00e7o de funda\u00e7\u00f5es, na constru\u00e7\u00e3o de infraestrutura e na fabrica\u00e7\u00e3o de a\u00e7o pr\u00e9-moldado, onde s\u00e3o necess\u00e1rias barras mais grossas e volumes maiores.<\/p>\n<p data-start=\"735\" data-end=\"852\">Combinando resist\u00eancia, precis\u00e3o e velocidade, o GF42 oferece uma solu\u00e7\u00e3o confi\u00e1vel para as necessidades de modelagem de barras de a\u00e7o em larga escala.<\/p>\n<h3 data-start=\"859\" data-end=\"917\">Sistema de alto torque com controles de curvatura ajust\u00e1veis<\/h3>\n<p data-start=\"919\" data-end=\"1208\">A dobradeira de estribo GF42 usa um disco de dobra refor\u00e7ado, batentes dur\u00e1veis e configura\u00e7\u00f5es de controle de posi\u00e7\u00e3o dupla para fornecer \u00e2ngulos de estribo consistentes de 0\u00b0 a 180\u00b0. Seu motor de cobre de alto torque permite a dobragem cont\u00ednua de barras de a\u00e7o de grande di\u00e2metro sem superaquecimento ou atraso.<\/p>\n<p data-start=\"1210\" data-end=\"1457\">Essa m\u00e1quina tamb\u00e9m apresenta uma caixa de engrenagens com lubrifica\u00e7\u00e3o selada, reduzindo o desgaste mec\u00e2nico e garantindo uma vida \u00fatil mais longa. Com controle manual por alavanca e ativa\u00e7\u00e3o por pedal, os operadores podem escolher o m\u00e9todo mais eficiente de acordo com a tarefa.<\/p>\n<h3 data-start=\"1464\" data-end=\"1528\">Projetado para condi\u00e7\u00f5es de trabalho dif\u00edceis e conformidade com a exporta\u00e7\u00e3o<\/h3>\n<p data-start=\"1530\" data-end=\"1849\">A estrutura do GF42 \u00e9 constru\u00edda com a\u00e7o de grau industrial, oferecendo resist\u00eancia contra vibra\u00e7\u00e3o, deforma\u00e7\u00e3o e sobrecarga. Equipada com rodas de rod\u00edzio para servi\u00e7os pesados, ela permite f\u00e1cil mobilidade. A m\u00e1quina opera em 220V\/380V (50Hz\/60Hz), adequada para os padr\u00f5es de constru\u00e7\u00e3o nacionais e internacionais.<\/p>\n<p data-start=\"1851\" data-end=\"2019\">Seu alto rendimento, design f\u00e1cil de usar e configura\u00e7\u00e3o de energia flex\u00edvel fazem dele a escolha preferida entre empreiteiros profissionais e oficinas de dobragem de a\u00e7o em todo o mundo.<\/p>\n<h3 data-start=\"2026\" data-end=\"2082\">Principais recursos da dobradeira de estribo de vergalh\u00e3o GF42<\/h3>\n<ul data-start=\"2084\" data-end=\"2336\">\n<li data-start=\"2084\" data-end=\"2137\">\n<p data-start=\"2086\" data-end=\"2137\">Dobra barras de 6 a 36 mm em estribos de v\u00e1rios formatos<\/p>\n<\/li>\n<li data-start=\"2138\" data-end=\"2213\">\n<p data-start=\"2140\" data-end=\"2213\">Projetado para trabalhos de alta demanda, como pontes, t\u00faneis e pr\u00e9-fabrica\u00e7\u00e3o<\/p>\n<\/li>\n<li data-start=\"2214\" data-end=\"2273\">\n<p data-start=\"2216\" data-end=\"2273\">Caixa de engrenagens e sistema de motor dur\u00e1veis para opera\u00e7\u00e3o prolongada<\/p>\n<\/li>\n<li data-start=\"2274\" data-end=\"2336\">\n<p data-start=\"2276\" data-end=\"2336\">Op\u00e7\u00f5es de tens\u00e3o prontas para exporta\u00e7\u00e3o para canteiros de obras globais<\/p>\n<\/li>\n<\/ul>\n<p><iframe title=\"#construction #constructionworker #rebarmachine #rebarbender #rebarbending\" width=\"720\" height=\"405\" src=\"https:\/\/www.youtube.com\/embed\/S_YQidcqUDg?feature=oembed\" frameborder=\"0\" allow=\"accelerometer; autoplay; clipboard-write; encrypted-media; gyroscope; picture-in-picture; web-share\" referrerpolicy=\"strict-origin-when-cross-origin\" allowfullscreen><\/iframe><\/p>","protected":false},"excerpt":{"rendered":"<p>A m\u00e1quina de dobragem de estribos de vergalh\u00e3o GF42 processa barras de a\u00e7o de 6 a 36 mm em estribos para constru\u00e7\u00e3o pesada. Ideal para uso industrial e pr\u00e9-moldado, com compatibilidade de tens\u00e3o global.<\/p>","protected":false},"featured_media":8975,"template":"","meta":{"_kad_post_transparent":"default","_kad_post_title":"","_kad_post_layout":"default","_kad_post_sidebar_id":"","_kad_post_content_style":"default","_kad_post_vertical_padding":"default","_kad_post_feature":"","_kad_post_feature_position":"","_kad_post_header":false,"_kad_post_footer":false},"product_brand":[],"product_cat":[46],"product_tag":[1005,1006,1010,1008,1009,1013,1012,1014,1007,1011],"class_list":{"0":"post-8974","1":"product","2":"type-product","3":"status-publish","4":"has-post-thumbnail","6":"product_cat-rebar-stirrup-bending-machine","7":"product_tag-automatic-stirrup-bending-machine","8":"product_tag-cnc-rebar-stirrup-bender","9":"product_tag-hydraulic-stirrup-bender","10":"product_tag-rebar-stirrup-bender-machine","11":"product_tag-steel-stirrup-bending-machine","12":"product_tag-stirrup-bender-for-construction","13":"product_tag-stirrup-bending-equipment","14":"product_tag-stirrup-bending-machine-price","15":"product_tag-stirrup-making-machine","16":"product_tag-wire-stirrup-bending-machine","18":"first","19":"instock","20":"shipping-taxable","21":"product-type-simple","22":"entry","23":"content-bg","24":"loop-entry"},"yoast_head":"<!-- This site is optimized with the Yoast SEO plugin v25.3.1 - https:\/\/yoast.com\/wordpress\/plugins\/seo\/ -->\n<title>Rebar Stirrup Bending Machine GF42 - HSY Construction Machinery<\/title>\n<meta name=\"description\" content=\"Rebar Stirrup Bending Machine GF42 bends 6\u201336mm steel bars into stirrups with precision and power. Built for industrial-grade performance and global export.\" \/>\n<meta name=\"robots\" content=\"index, follow, max-snippet:-1, max-image-preview:large, max-video-preview:-1\" \/>\n<link rel=\"canonical\" href=\"https:\/\/www.hsymachinery.com\/pt_br\/produto\/maquina-para-dobrar-estribos-de-vergalhoes-gf42\/\" \/>\n<meta property=\"og:locale\" content=\"pt_BR\" \/>\n<meta property=\"og:type\" content=\"article\" \/>\n<meta property=\"og:title\" content=\"Rebar Stirrup Bending Machine GF42 - HSY Construction Machinery\" \/>\n<meta property=\"og:description\" content=\"Rebar Stirrup Bending Machine GF42 bends 6\u201336mm steel bars into stirrups with precision and power. Built for industrial-grade performance and global export.\" \/>\n<meta property=\"og:url\" content=\"https:\/\/www.hsymachinery.com\/pt_br\/produto\/maquina-para-dobrar-estribos-de-vergalhoes-gf42\/\" \/>\n<meta property=\"og:site_name\" content=\"HSY Construction Machinery\" \/>\n<meta property=\"article:modified_time\" content=\"2025-06-27T13:30:46+00:00\" \/>\n<meta property=\"og:image\" content=\"https:\/\/www.hsymachinery.com\/wp-content\/uploads\/2025\/06\/Rebar-Stirrup-Bending-Machine-GF42.jpg\" \/>\n\t<meta property=\"og:image:width\" content=\"600\" \/>\n\t<meta property=\"og:image:height\" content=\"600\" \/>\n\t<meta property=\"og:image:type\" content=\"image\/jpeg\" \/>\n<meta name=\"twitter:card\" content=\"summary_large_image\" \/>\n<meta name=\"twitter:label1\" content=\"Est. tempo de leitura\" \/>\n\t<meta name=\"twitter:data1\" content=\"2 minutos\" \/>\n<script type=\"application\/ld+json\" class=\"yoast-schema-graph\">{\"@context\":\"https:\/\/schema.org\",\"@graph\":[{\"@type\":\"WebPage\",\"@id\":\"https:\/\/www.hsymachinery.com\/product\/rebar-stirrup-bending-machine-gf42\/\",\"url\":\"https:\/\/www.hsymachinery.com\/product\/rebar-stirrup-bending-machine-gf42\/\",\"name\":\"Rebar Stirrup Bending Machine GF42 - HSY Construction Machinery\",\"isPartOf\":{\"@id\":\"https:\/\/www.hsymachinery.com\/#website\"},\"primaryImageOfPage\":{\"@id\":\"https:\/\/www.hsymachinery.com\/product\/rebar-stirrup-bending-machine-gf42\/#primaryimage\"},\"image\":{\"@id\":\"https:\/\/www.hsymachinery.com\/product\/rebar-stirrup-bending-machine-gf42\/#primaryimage\"},\"thumbnailUrl\":\"https:\/\/www.hsymachinery.com\/wp-content\/uploads\/2025\/06\/Rebar-Stirrup-Bending-Machine-GF42.jpg\",\"datePublished\":\"2025-06-18T04:11:58+00:00\",\"dateModified\":\"2025-06-27T13:30:46+00:00\",\"description\":\"Rebar Stirrup Bending Machine GF42 bends 6\u201336mm steel bars into stirrups with precision and power. Built for industrial-grade performance and global export.\",\"breadcrumb\":{\"@id\":\"https:\/\/www.hsymachinery.com\/product\/rebar-stirrup-bending-machine-gf42\/#breadcrumb\"},\"inLanguage\":\"pt-BR\",\"potentialAction\":[{\"@type\":\"ReadAction\",\"target\":[\"https:\/\/www.hsymachinery.com\/product\/rebar-stirrup-bending-machine-gf42\/\"]}]},{\"@type\":\"ImageObject\",\"inLanguage\":\"pt-BR\",\"@id\":\"https:\/\/www.hsymachinery.com\/product\/rebar-stirrup-bending-machine-gf42\/#primaryimage\",\"url\":\"https:\/\/www.hsymachinery.com\/wp-content\/uploads\/2025\/06\/Rebar-Stirrup-Bending-Machine-GF42.jpg\",\"contentUrl\":\"https:\/\/www.hsymachinery.com\/wp-content\/uploads\/2025\/06\/Rebar-Stirrup-Bending-Machine-GF42.jpg\",\"width\":600,\"height\":600},{\"@type\":\"BreadcrumbList\",\"@id\":\"https:\/\/www.hsymachinery.com\/product\/rebar-stirrup-bending-machine-gf42\/#breadcrumb\",\"itemListElement\":[{\"@type\":\"ListItem\",\"position\":1,\"name\":\"home\",\"item\":\"https:\/\/www.hsymachinery.com\/\"},{\"@type\":\"ListItem\",\"position\":2,\"name\":\"products\",\"item\":\"https:\/\/www.hsymachinery.com\/products\/\"},{\"@type\":\"ListItem\",\"position\":3,\"name\":\"Rebar Stirrup Bending Machine GF42\"}]},{\"@type\":\"WebSite\",\"@id\":\"https:\/\/www.hsymachinery.com\/#website\",\"url\":\"https:\/\/www.hsymachinery.com\/\",\"name\":\"HSY Construction Machinery\",\"description\":\"HSY Machinery \u2013 A leading China construction machinery supplier, offering a wide range of light construction equipment. Our main products include Rebar Cutting Machine, Rebar Bending Machine, Rebar Stirrup Bending Machine, Rebar Arc Bending Machine, Rebar Straightening Machine, Five-Head Rebar Stirrup Bending Machine, Tamping Rammer, Plate Compactor, Concrete Cutter, Power Trowel, and other construction machinery. We are equipped with advanced CNC machines, and we enforce strict quality inspection standards along with comprehensive after-sales service. If you are interested in our products or services, we warmly welcome your inquiries via message.\",\"publisher\":{\"@id\":\"https:\/\/www.hsymachinery.com\/#organization\"},\"potentialAction\":[{\"@type\":\"SearchAction\",\"target\":{\"@type\":\"EntryPoint\",\"urlTemplate\":\"https:\/\/www.hsymachinery.com\/?s={search_term_string}\"},\"query-input\":{\"@type\":\"PropertyValueSpecification\",\"valueRequired\":true,\"valueName\":\"search_term_string\"}}],\"inLanguage\":\"pt-BR\"},{\"@type\":\"Organization\",\"@id\":\"https:\/\/www.hsymachinery.com\/#organization\",\"name\":\"HSY Construction Machinery\",\"url\":\"https:\/\/www.hsymachinery.com\/\",\"logo\":{\"@type\":\"ImageObject\",\"inLanguage\":\"pt-BR\",\"@id\":\"https:\/\/www.hsymachinery.com\/#\/schema\/logo\/image\/\",\"url\":\"https:\/\/www.hsymachinery.com\/wp-content\/uploads\/2025\/06\/cropped-HSY-machinery.png\",\"contentUrl\":\"https:\/\/www.hsymachinery.com\/wp-content\/uploads\/2025\/06\/cropped-HSY-machinery.png\",\"width\":600,\"height\":240,\"caption\":\"HSY Construction Machinery\"},\"image\":{\"@id\":\"https:\/\/www.hsymachinery.com\/#\/schema\/logo\/image\/\"}}]}<\/script>\n<!-- \/ Yoast SEO plugin. -->","yoast_head_json":{"title":"M\u00e1quina de dobra de estribo de vergalh\u00e3o GF42 - HSY Construction Machinery","description":"A m\u00e1quina para dobrar estribos de vergalh\u00f5es GF42 dobra barras de a\u00e7o de 6 a 36 mm em estribos com precis\u00e3o e pot\u00eancia. Criada para desempenho de n\u00edvel industrial e exporta\u00e7\u00e3o global.","robots":{"index":"index","follow":"follow","max-snippet":"max-snippet:-1","max-image-preview":"max-image-preview:large","max-video-preview":"max-video-preview:-1"},"canonical":"https:\/\/www.hsymachinery.com\/pt_br\/produto\/maquina-para-dobrar-estribos-de-vergalhoes-gf42\/","og_locale":"pt_BR","og_type":"article","og_title":"Rebar Stirrup Bending Machine GF42 - HSY Construction Machinery","og_description":"Rebar Stirrup Bending Machine GF42 bends 6\u201336mm steel bars into stirrups with precision and power. Built for industrial-grade performance and global export.","og_url":"https:\/\/www.hsymachinery.com\/pt_br\/produto\/maquina-para-dobrar-estribos-de-vergalhoes-gf42\/","og_site_name":"HSY Construction Machinery","article_modified_time":"2025-06-27T13:30:46+00:00","og_image":[{"width":600,"height":600,"url":"https:\/\/www.hsymachinery.com\/wp-content\/uploads\/2025\/06\/Rebar-Stirrup-Bending-Machine-GF42.jpg","type":"image\/jpeg"}],"twitter_card":"summary_large_image","twitter_misc":{"Est. tempo de leitura":"2 minutos"},"schema":{"@context":"https:\/\/schema.org","@graph":[{"@type":"WebPage","@id":"https:\/\/www.hsymachinery.com\/product\/rebar-stirrup-bending-machine-gf42\/","url":"https:\/\/www.hsymachinery.com\/product\/rebar-stirrup-bending-machine-gf42\/","name":"M\u00e1quina de dobra de estribo de vergalh\u00e3o GF42 - HSY Construction Machinery","isPartOf":{"@id":"https:\/\/www.hsymachinery.com\/#website"},"primaryImageOfPage":{"@id":"https:\/\/www.hsymachinery.com\/product\/rebar-stirrup-bending-machine-gf42\/#primaryimage"},"image":{"@id":"https:\/\/www.hsymachinery.com\/product\/rebar-stirrup-bending-machine-gf42\/#primaryimage"},"thumbnailUrl":"https:\/\/www.hsymachinery.com\/wp-content\/uploads\/2025\/06\/Rebar-Stirrup-Bending-Machine-GF42.jpg","datePublished":"2025-06-18T04:11:58+00:00","dateModified":"2025-06-27T13:30:46+00:00","description":"A m\u00e1quina para dobrar estribos de vergalh\u00f5es GF42 dobra barras de a\u00e7o de 6 a 36 mm em estribos com precis\u00e3o e pot\u00eancia. Criada para desempenho de n\u00edvel industrial e exporta\u00e7\u00e3o global.","breadcrumb":{"@id":"https:\/\/www.hsymachinery.com\/product\/rebar-stirrup-bending-machine-gf42\/#breadcrumb"},"inLanguage":"pt-BR","potentialAction":[{"@type":"ReadAction","target":["https:\/\/www.hsymachinery.com\/product\/rebar-stirrup-bending-machine-gf42\/"]}]},{"@type":"ImageObject","inLanguage":"pt-BR","@id":"https:\/\/www.hsymachinery.com\/product\/rebar-stirrup-bending-machine-gf42\/#primaryimage","url":"https:\/\/www.hsymachinery.com\/wp-content\/uploads\/2025\/06\/Rebar-Stirrup-Bending-Machine-GF42.jpg","contentUrl":"https:\/\/www.hsymachinery.com\/wp-content\/uploads\/2025\/06\/Rebar-Stirrup-Bending-Machine-GF42.jpg","width":600,"height":600},{"@type":"BreadcrumbList","@id":"https:\/\/www.hsymachinery.com\/product\/rebar-stirrup-bending-machine-gf42\/#breadcrumb","itemListElement":[{"@type":"ListItem","position":1,"name":"home","item":"https:\/\/www.hsymachinery.com\/"},{"@type":"ListItem","position":2,"name":"products","item":"https:\/\/www.hsymachinery.com\/products\/"},{"@type":"ListItem","position":3,"name":"Rebar Stirrup Bending Machine GF42"}]},{"@type":"WebSite","@id":"https:\/\/www.hsymachinery.com\/#website","url":"https:\/\/www.hsymachinery.com\/","name":"M\u00e1quinas de constru\u00e7\u00e3o HSY","description":"HSY Machinery - Um dos principais fornecedores de m\u00e1quinas de constru\u00e7\u00e3o da China, oferecendo uma ampla gama de equipamentos de constru\u00e7\u00e3o leve. Nossos principais produtos incluem m\u00e1quina de corte de vergalh\u00e3o, m\u00e1quina de dobra de vergalh\u00e3o, m\u00e1quina de dobra de estribo de vergalh\u00e3o, m\u00e1quina de dobra de arco de vergalh\u00e3o, m\u00e1quina de endireitamento de vergalh\u00e3o, m\u00e1quina de dobra de estribo de vergalh\u00e3o de cinco cabe\u00e7as, compactador de placa, cortador de concreto, esp\u00e1tula el\u00e9trica e outras m\u00e1quinas de constru\u00e7\u00e3o. Estamos equipados com m\u00e1quinas CNC avan\u00e7adas e aplicamos padr\u00f5es rigorosos de inspe\u00e7\u00e3o de qualidade, al\u00e9m de um servi\u00e7o p\u00f3s-venda abrangente. Se estiver interessado em nossos produtos ou servi\u00e7os, agradecemos suas consultas por mensagem.","publisher":{"@id":"https:\/\/www.hsymachinery.com\/#organization"},"potentialAction":[{"@type":"SearchAction","target":{"@type":"EntryPoint","urlTemplate":"https:\/\/www.hsymachinery.com\/?s={search_term_string}"},"query-input":{"@type":"PropertyValueSpecification","valueRequired":true,"valueName":"search_term_string"}}],"inLanguage":"pt-BR"},{"@type":"Organization","@id":"https:\/\/www.hsymachinery.com\/#organization","name":"M\u00e1quinas de constru\u00e7\u00e3o HSY","url":"https:\/\/www.hsymachinery.com\/","logo":{"@type":"ImageObject","inLanguage":"pt-BR","@id":"https:\/\/www.hsymachinery.com\/#\/schema\/logo\/image\/","url":"https:\/\/www.hsymachinery.com\/wp-content\/uploads\/2025\/06\/cropped-HSY-machinery.png","contentUrl":"https:\/\/www.hsymachinery.com\/wp-content\/uploads\/2025\/06\/cropped-HSY-machinery.png","width":600,"height":240,"caption":"HSY Construction Machinery"},"image":{"@id":"https:\/\/www.hsymachinery.com\/#\/schema\/logo\/image\/"}}]}},"_links":{"self":[{"href":"https:\/\/www.hsymachinery.com\/pt_br\/wp-json\/wp\/v2\/product\/8974","targetHints":{"allow":["GET"]}}],"collection":[{"href":"https:\/\/www.hsymachinery.com\/pt_br\/wp-json\/wp\/v2\/product"}],"about":[{"href":"https:\/\/www.hsymachinery.com\/pt_br\/wp-json\/wp\/v2\/types\/product"}],"version-history":[{"count":3,"href":"https:\/\/www.hsymachinery.com\/pt_br\/wp-json\/wp\/v2\/product\/8974\/revisions"}],"predecessor-version":[{"id":9388,"href":"https:\/\/www.hsymachinery.com\/pt_br\/wp-json\/wp\/v2\/product\/8974\/revisions\/9388"}],"wp:featuredmedia":[{"embeddable":true,"href":"https:\/\/www.hsymachinery.com\/pt_br\/wp-json\/wp\/v2\/media\/8975"}],"wp:attachment":[{"href":"https:\/\/www.hsymachinery.com\/pt_br\/wp-json\/wp\/v2\/media?parent=8974"}],"wp:term":[{"taxonomy":"product_brand","embeddable":true,"href":"https:\/\/www.hsymachinery.com\/pt_br\/wp-json\/wp\/v2\/product_brand?post=8974"},{"taxonomy":"product_cat","embeddable":true,"href":"https:\/\/www.hsymachinery.com\/pt_br\/wp-json\/wp\/v2\/product_cat?post=8974"},{"taxonomy":"product_tag","embeddable":true,"href":"https:\/\/www.hsymachinery.com\/pt_br\/wp-json\/wp\/v2\/product_tag?post=8974"}],"curies":[{"name":"wp","href":"https:\/\/api.w.org\/{rel}","templated":true}]}}