{"id":8971,"date":"2025-06-18T12:11:02","date_gmt":"2025-06-18T04:11:02","guid":{"rendered":"https:\/\/www.hsymachinery.com\/?post_type=product&#038;p=8971"},"modified":"2025-06-27T19:28:55","modified_gmt":"2025-06-27T11:28:55","slug":"maquina-para-dobrar-estribos-de-vergalhoes-gf36","status":"publish","type":"product","link":"https:\/\/www.hsymachinery.com\/pt_br\/produto\/maquina-para-dobrar-estribos-de-vergalhoes-gf36\/","title":{"rendered":"M\u00e1quina de dobragem de estribos de vergalh\u00e3o GF36"},"content":{"rendered":"<h2 data-start=\"123\" data-end=\"165\">M\u00e1quina de dobragem de estribos de vergalh\u00e3o GF36<\/h2>\n<h3 data-start=\"166\" data-end=\"267\">Dobradeira de estribos de refor\u00e7o GF36 para vergalh\u00f5es de 6 a 32 mm - M\u00e1quina de dobrar estribos de barras de a\u00e7o para servi\u00e7os pesados<\/h3>\n<h3 data-start=\"274\" data-end=\"374\">Vis\u00e3o geral do produto - Equipamento potente de forma\u00e7\u00e3o de estribos para projetos de concreto e a\u00e7o pr\u00e9-moldado<\/h3>\n<p data-start=\"376\" data-end=\"705\">O <strong data-start=\"380\" data-end=\"418\"><a href=\"https:\/\/www.hsymachinery.com\/pt_br\/produtos\/maquina-de-dobrar-estribos-de-vergalhao\/\" target=\"_blank\" rel=\"noopener\">M\u00e1quina de dobragem de estribo de vergalh\u00e3o<\/a> GF36<\/strong> foi desenvolvido para lidar com vergalh\u00f5es de a\u00e7o de 6 a 32 mm, proporcionando uma modelagem de estribo robusta e precisa para projetos de constru\u00e7\u00e3o de m\u00e9dio a grande porte. \u00c9 amplamente utilizada em p\u00e1tios de concreto pr\u00e9-moldado, canteiros de obras de pontes, t\u00faneis de metr\u00f4 e outros projetos que exigem um desempenho consistente de moldagem de barras.<\/p>\n<p data-start=\"707\" data-end=\"836\">Projetado para alta efici\u00eancia e facilidade operacional, o GF36 \u00e9 o equil\u00edbrio perfeito entre resist\u00eancia, versatilidade e durabilidade.<\/p>\n<h3 data-start=\"843\" data-end=\"889\">Opera\u00e7\u00e3o suave com precis\u00e3o aprimorada<\/h3>\n<p data-start=\"891\" data-end=\"1221\">Equipada com um disco girat\u00f3rio refor\u00e7ado, pinos de dobra endurecidos e bot\u00f5es de controle com \u00e2ngulo ajust\u00e1vel, a GF36 garante dobras repet\u00edveis de 0\u00b0 a 180\u00b0. Essa m\u00e1quina usa um motor de n\u00facleo de cobre de alto desempenho para gerar torque est\u00e1vel, reduzindo o ressalto do a\u00e7o e garantindo formas uniformes de estribo em todos os lotes.<\/p>\n<p data-start=\"1223\" data-end=\"1399\">Seu sistema de caixa de engrenagens vedada minimiza o desgaste e o ru\u00eddo operacional, enquanto os modos de opera\u00e7\u00e3o dupla (pedal e controle manual) proporcionam flexibilidade ao operador e maior seguran\u00e7a.<\/p>\n<h3 data-start=\"1406\" data-end=\"1445\">Constru\u00eddo para locais de trabalho globais<\/h3>\n<p data-start=\"1447\" data-end=\"1824\">O <strong data-start=\"1451\" data-end=\"1483\">M\u00e1quina de dobra de estribo GF36<\/strong> apresenta uma estrutura para servi\u00e7os pesados, constru\u00edda para absorver vibra\u00e7\u00f5es e resistir \u00e0 deforma\u00e7\u00e3o sob carga. Ele se move facilmente gra\u00e7as \u00e0s rodas com rod\u00edzios de n\u00edvel industrial, o que facilita o reposicionamento. Ele suporta sistemas de tens\u00e3o de 220 V e 380 V, 50 Hz\/60 Hz, o que o torna um produto pronto para exporta\u00e7\u00e3o para uso em mercados internacionais de constru\u00e7\u00e3o.<\/p>\n<p data-start=\"1826\" data-end=\"1973\">N\u00e3o importa se voc\u00ea est\u00e1 fabricando estribos no local ou em uma oficina dedicada a vergalh\u00f5es, o GF36 oferece o desempenho e a durabilidade para manter a produ\u00e7\u00e3o em movimento.<\/p>\n<h3 data-start=\"1980\" data-end=\"2036\">Principais recursos do dobrador de estribo de vergalh\u00e3o GF36<\/h3>\n<ul data-start=\"2038\" data-end=\"2266\">\n<li data-start=\"2038\" data-end=\"2093\">\n<p data-start=\"2040\" data-end=\"2093\">Dobra barras de a\u00e7o de 6 a 32 mm em formas de estribo precisas<\/p>\n<\/li>\n<li data-start=\"2094\" data-end=\"2152\">\n<p data-start=\"2096\" data-end=\"2152\">Motor robusto e sistema de disco para opera\u00e7\u00e3o de alta produtividade<\/p>\n<\/li>\n<li data-start=\"2153\" data-end=\"2208\">\n<p data-start=\"2155\" data-end=\"2208\">Duas op\u00e7\u00f5es de controle para condi\u00e7\u00f5es de trabalho flex\u00edveis<\/p>\n<\/li>\n<li data-start=\"2209\" data-end=\"2266\">\n<p data-start=\"2211\" data-end=\"2266\">Tens\u00e3o adapt\u00e1vel para uso em projetos locais ou de exporta\u00e7\u00e3o<\/p>\n<\/li>\n<\/ul>\n<p><iframe title=\"#construction #constructionworker #rebarmachine #rebarbender #rebarbending\" width=\"720\" height=\"405\" src=\"https:\/\/www.youtube.com\/embed\/S_YQidcqUDg?feature=oembed\" frameborder=\"0\" allow=\"accelerometer; autoplay; clipboard-write; encrypted-media; gyroscope; picture-in-picture; web-share\" referrerpolicy=\"strict-origin-when-cross-origin\" allowfullscreen><\/iframe><\/p>","protected":false},"excerpt":{"rendered":"<p>A m\u00e1quina para dobrar vergalh\u00f5es GF36 molda barras de a\u00e7o de 6 a 32 mm com for\u00e7a e precis\u00e3o. Seu design industrial e a compatibilidade com a voltagem global a tornam ideal para trabalhos de refor\u00e7o s\u00e9rios.<\/p>","protected":false},"featured_media":8972,"template":"","meta":{"_kad_post_transparent":"default","_kad_post_title":"","_kad_post_layout":"default","_kad_post_sidebar_id":"","_kad_post_content_style":"default","_kad_post_vertical_padding":"default","_kad_post_feature":"","_kad_post_feature_position":"","_kad_post_header":false,"_kad_post_footer":false},"product_brand":[],"product_cat":[46],"product_tag":[1005,1006,1010,1008,1009,1013,1012,1014,1007,1011],"class_list":{"0":"post-8971","1":"product","2":"type-product","3":"status-publish","4":"has-post-thumbnail","6":"product_cat-rebar-stirrup-bending-machine","7":"product_tag-automatic-stirrup-bending-machine","8":"product_tag-cnc-rebar-stirrup-bender","9":"product_tag-hydraulic-stirrup-bender","10":"product_tag-rebar-stirrup-bender-machine","11":"product_tag-steel-stirrup-bending-machine","12":"product_tag-stirrup-bender-for-construction","13":"product_tag-stirrup-bending-equipment","14":"product_tag-stirrup-bending-machine-price","15":"product_tag-stirrup-making-machine","16":"product_tag-wire-stirrup-bending-machine","18":"first","19":"instock","20":"shipping-taxable","21":"product-type-simple","22":"entry","23":"content-bg","24":"loop-entry"},"yoast_head":"<!-- This site is optimized with the Yoast SEO plugin v25.3.1 - https:\/\/yoast.com\/wordpress\/plugins\/seo\/ -->\n<title>Rebar Stirrup Bending Machine GF36 - HSY Construction Machinery<\/title>\n<meta name=\"description\" content=\"Rebar Stirrup Bending Machine GF36 bends 6\u201332mm steel bars efficiently. A rugged, export-ready machine for reliable stirrup forming in construction and precast applications.\" \/>\n<meta name=\"robots\" content=\"index, follow, max-snippet:-1, max-image-preview:large, max-video-preview:-1\" \/>\n<link rel=\"canonical\" href=\"https:\/\/www.hsymachinery.com\/pt_br\/produto\/maquina-para-dobrar-estribos-de-vergalhoes-gf36\/\" \/>\n<meta property=\"og:locale\" content=\"pt_BR\" \/>\n<meta property=\"og:type\" content=\"article\" \/>\n<meta property=\"og:title\" content=\"Rebar Stirrup Bending Machine GF36 - HSY Construction Machinery\" \/>\n<meta property=\"og:description\" content=\"Rebar Stirrup Bending Machine GF36 bends 6\u201332mm steel bars efficiently. A rugged, export-ready machine for reliable stirrup forming in construction and precast applications.\" \/>\n<meta property=\"og:url\" content=\"https:\/\/www.hsymachinery.com\/pt_br\/produto\/maquina-para-dobrar-estribos-de-vergalhoes-gf36\/\" \/>\n<meta property=\"og:site_name\" content=\"HSY Construction Machinery\" \/>\n<meta property=\"article:modified_time\" content=\"2025-06-27T11:28:55+00:00\" \/>\n<meta property=\"og:image\" content=\"https:\/\/www.hsymachinery.com\/wp-content\/uploads\/2025\/06\/Rebar-Stirrup-Bending-Machine-GF36.jpg\" \/>\n\t<meta property=\"og:image:width\" content=\"600\" \/>\n\t<meta property=\"og:image:height\" content=\"600\" \/>\n\t<meta property=\"og:image:type\" content=\"image\/jpeg\" \/>\n<meta name=\"twitter:card\" content=\"summary_large_image\" \/>\n<meta name=\"twitter:label1\" content=\"Est. tempo de leitura\" \/>\n\t<meta name=\"twitter:data1\" content=\"2 minutos\" \/>\n<script type=\"application\/ld+json\" class=\"yoast-schema-graph\">{\"@context\":\"https:\/\/schema.org\",\"@graph\":[{\"@type\":\"WebPage\",\"@id\":\"https:\/\/www.hsymachinery.com\/product\/rebar-stirrup-bending-machine-gf36\/\",\"url\":\"https:\/\/www.hsymachinery.com\/product\/rebar-stirrup-bending-machine-gf36\/\",\"name\":\"Rebar Stirrup Bending Machine GF36 - HSY Construction Machinery\",\"isPartOf\":{\"@id\":\"https:\/\/www.hsymachinery.com\/#website\"},\"primaryImageOfPage\":{\"@id\":\"https:\/\/www.hsymachinery.com\/product\/rebar-stirrup-bending-machine-gf36\/#primaryimage\"},\"image\":{\"@id\":\"https:\/\/www.hsymachinery.com\/product\/rebar-stirrup-bending-machine-gf36\/#primaryimage\"},\"thumbnailUrl\":\"https:\/\/www.hsymachinery.com\/wp-content\/uploads\/2025\/06\/Rebar-Stirrup-Bending-Machine-GF36.jpg\",\"datePublished\":\"2025-06-18T04:11:02+00:00\",\"dateModified\":\"2025-06-27T11:28:55+00:00\",\"description\":\"Rebar Stirrup Bending Machine GF36 bends 6\u201332mm steel bars efficiently. A rugged, export-ready machine for reliable stirrup forming in construction and precast applications.\",\"breadcrumb\":{\"@id\":\"https:\/\/www.hsymachinery.com\/product\/rebar-stirrup-bending-machine-gf36\/#breadcrumb\"},\"inLanguage\":\"pt-BR\",\"potentialAction\":[{\"@type\":\"ReadAction\",\"target\":[\"https:\/\/www.hsymachinery.com\/product\/rebar-stirrup-bending-machine-gf36\/\"]}]},{\"@type\":\"ImageObject\",\"inLanguage\":\"pt-BR\",\"@id\":\"https:\/\/www.hsymachinery.com\/product\/rebar-stirrup-bending-machine-gf36\/#primaryimage\",\"url\":\"https:\/\/www.hsymachinery.com\/wp-content\/uploads\/2025\/06\/Rebar-Stirrup-Bending-Machine-GF36.jpg\",\"contentUrl\":\"https:\/\/www.hsymachinery.com\/wp-content\/uploads\/2025\/06\/Rebar-Stirrup-Bending-Machine-GF36.jpg\",\"width\":600,\"height\":600},{\"@type\":\"BreadcrumbList\",\"@id\":\"https:\/\/www.hsymachinery.com\/product\/rebar-stirrup-bending-machine-gf36\/#breadcrumb\",\"itemListElement\":[{\"@type\":\"ListItem\",\"position\":1,\"name\":\"home\",\"item\":\"https:\/\/www.hsymachinery.com\/\"},{\"@type\":\"ListItem\",\"position\":2,\"name\":\"products\",\"item\":\"https:\/\/www.hsymachinery.com\/products\/\"},{\"@type\":\"ListItem\",\"position\":3,\"name\":\"Rebar Stirrup Bending Machine GF36\"}]},{\"@type\":\"WebSite\",\"@id\":\"https:\/\/www.hsymachinery.com\/#website\",\"url\":\"https:\/\/www.hsymachinery.com\/\",\"name\":\"HSY Construction Machinery\",\"description\":\"HSY Machinery \u2013 A leading China construction machinery supplier, offering a wide range of light construction equipment. Our main products include Rebar Cutting Machine, Rebar Bending Machine, Rebar Stirrup Bending Machine, Rebar Arc Bending Machine, Rebar Straightening Machine, Five-Head Rebar Stirrup Bending Machine, Tamping Rammer, Plate Compactor, Concrete Cutter, Power Trowel, and other construction machinery. We are equipped with advanced CNC machines, and we enforce strict quality inspection standards along with comprehensive after-sales service. If you are interested in our products or services, we warmly welcome your inquiries via message.\",\"publisher\":{\"@id\":\"https:\/\/www.hsymachinery.com\/#organization\"},\"potentialAction\":[{\"@type\":\"SearchAction\",\"target\":{\"@type\":\"EntryPoint\",\"urlTemplate\":\"https:\/\/www.hsymachinery.com\/?s={search_term_string}\"},\"query-input\":{\"@type\":\"PropertyValueSpecification\",\"valueRequired\":true,\"valueName\":\"search_term_string\"}}],\"inLanguage\":\"pt-BR\"},{\"@type\":\"Organization\",\"@id\":\"https:\/\/www.hsymachinery.com\/#organization\",\"name\":\"HSY Construction Machinery\",\"url\":\"https:\/\/www.hsymachinery.com\/\",\"logo\":{\"@type\":\"ImageObject\",\"inLanguage\":\"pt-BR\",\"@id\":\"https:\/\/www.hsymachinery.com\/#\/schema\/logo\/image\/\",\"url\":\"https:\/\/www.hsymachinery.com\/wp-content\/uploads\/2025\/06\/cropped-HSY-machinery.png\",\"contentUrl\":\"https:\/\/www.hsymachinery.com\/wp-content\/uploads\/2025\/06\/cropped-HSY-machinery.png\",\"width\":600,\"height\":240,\"caption\":\"HSY Construction Machinery\"},\"image\":{\"@id\":\"https:\/\/www.hsymachinery.com\/#\/schema\/logo\/image\/\"}}]}<\/script>\n<!-- \/ Yoast SEO plugin. -->","yoast_head_json":{"title":"M\u00e1quina de dobra de estribo de vergalh\u00e3o GF36 - HSY Construction Machinery","description":"A m\u00e1quina de dobragem de estribos de vergalh\u00e3o GF36 dobra barras de a\u00e7o de 6 a 32 mm com efici\u00eancia. Uma m\u00e1quina robusta e pronta para exporta\u00e7\u00e3o para a forma\u00e7\u00e3o confi\u00e1vel de estribos em aplica\u00e7\u00f5es de constru\u00e7\u00e3o e pr\u00e9-moldados.","robots":{"index":"index","follow":"follow","max-snippet":"max-snippet:-1","max-image-preview":"max-image-preview:large","max-video-preview":"max-video-preview:-1"},"canonical":"https:\/\/www.hsymachinery.com\/pt_br\/produto\/maquina-para-dobrar-estribos-de-vergalhoes-gf36\/","og_locale":"pt_BR","og_type":"article","og_title":"Rebar Stirrup Bending Machine GF36 - HSY Construction Machinery","og_description":"Rebar Stirrup Bending Machine GF36 bends 6\u201332mm steel bars efficiently. A rugged, export-ready machine for reliable stirrup forming in construction and precast applications.","og_url":"https:\/\/www.hsymachinery.com\/pt_br\/produto\/maquina-para-dobrar-estribos-de-vergalhoes-gf36\/","og_site_name":"HSY Construction Machinery","article_modified_time":"2025-06-27T11:28:55+00:00","og_image":[{"width":600,"height":600,"url":"https:\/\/www.hsymachinery.com\/wp-content\/uploads\/2025\/06\/Rebar-Stirrup-Bending-Machine-GF36.jpg","type":"image\/jpeg"}],"twitter_card":"summary_large_image","twitter_misc":{"Est. tempo de leitura":"2 minutos"},"schema":{"@context":"https:\/\/schema.org","@graph":[{"@type":"WebPage","@id":"https:\/\/www.hsymachinery.com\/product\/rebar-stirrup-bending-machine-gf36\/","url":"https:\/\/www.hsymachinery.com\/product\/rebar-stirrup-bending-machine-gf36\/","name":"M\u00e1quina de dobra de estribo de vergalh\u00e3o GF36 - HSY Construction Machinery","isPartOf":{"@id":"https:\/\/www.hsymachinery.com\/#website"},"primaryImageOfPage":{"@id":"https:\/\/www.hsymachinery.com\/product\/rebar-stirrup-bending-machine-gf36\/#primaryimage"},"image":{"@id":"https:\/\/www.hsymachinery.com\/product\/rebar-stirrup-bending-machine-gf36\/#primaryimage"},"thumbnailUrl":"https:\/\/www.hsymachinery.com\/wp-content\/uploads\/2025\/06\/Rebar-Stirrup-Bending-Machine-GF36.jpg","datePublished":"2025-06-18T04:11:02+00:00","dateModified":"2025-06-27T11:28:55+00:00","description":"A m\u00e1quina de dobragem de estribos de vergalh\u00e3o GF36 dobra barras de a\u00e7o de 6 a 32 mm com efici\u00eancia. Uma m\u00e1quina robusta e pronta para exporta\u00e7\u00e3o para a forma\u00e7\u00e3o confi\u00e1vel de estribos em aplica\u00e7\u00f5es de constru\u00e7\u00e3o e pr\u00e9-moldados.","breadcrumb":{"@id":"https:\/\/www.hsymachinery.com\/product\/rebar-stirrup-bending-machine-gf36\/#breadcrumb"},"inLanguage":"pt-BR","potentialAction":[{"@type":"ReadAction","target":["https:\/\/www.hsymachinery.com\/product\/rebar-stirrup-bending-machine-gf36\/"]}]},{"@type":"ImageObject","inLanguage":"pt-BR","@id":"https:\/\/www.hsymachinery.com\/product\/rebar-stirrup-bending-machine-gf36\/#primaryimage","url":"https:\/\/www.hsymachinery.com\/wp-content\/uploads\/2025\/06\/Rebar-Stirrup-Bending-Machine-GF36.jpg","contentUrl":"https:\/\/www.hsymachinery.com\/wp-content\/uploads\/2025\/06\/Rebar-Stirrup-Bending-Machine-GF36.jpg","width":600,"height":600},{"@type":"BreadcrumbList","@id":"https:\/\/www.hsymachinery.com\/product\/rebar-stirrup-bending-machine-gf36\/#breadcrumb","itemListElement":[{"@type":"ListItem","position":1,"name":"home","item":"https:\/\/www.hsymachinery.com\/"},{"@type":"ListItem","position":2,"name":"products","item":"https:\/\/www.hsymachinery.com\/products\/"},{"@type":"ListItem","position":3,"name":"Rebar Stirrup Bending Machine GF36"}]},{"@type":"WebSite","@id":"https:\/\/www.hsymachinery.com\/#website","url":"https:\/\/www.hsymachinery.com\/","name":"M\u00e1quinas de constru\u00e7\u00e3o HSY","description":"HSY Machinery - Um dos principais fornecedores de m\u00e1quinas de constru\u00e7\u00e3o da China, oferecendo uma ampla gama de equipamentos de constru\u00e7\u00e3o leve. Nossos principais produtos incluem m\u00e1quina de corte de vergalh\u00e3o, m\u00e1quina de dobra de vergalh\u00e3o, m\u00e1quina de dobra de estribo de vergalh\u00e3o, m\u00e1quina de dobra de arco de vergalh\u00e3o, m\u00e1quina de endireitamento de vergalh\u00e3o, m\u00e1quina de dobra de estribo de vergalh\u00e3o de cinco cabe\u00e7as, compactador de placa, cortador de concreto, esp\u00e1tula el\u00e9trica e outras m\u00e1quinas de constru\u00e7\u00e3o. Estamos equipados com m\u00e1quinas CNC avan\u00e7adas e aplicamos padr\u00f5es rigorosos de inspe\u00e7\u00e3o de qualidade, al\u00e9m de um servi\u00e7o p\u00f3s-venda abrangente. Se estiver interessado em nossos produtos ou servi\u00e7os, agradecemos suas consultas por mensagem.","publisher":{"@id":"https:\/\/www.hsymachinery.com\/#organization"},"potentialAction":[{"@type":"SearchAction","target":{"@type":"EntryPoint","urlTemplate":"https:\/\/www.hsymachinery.com\/?s={search_term_string}"},"query-input":{"@type":"PropertyValueSpecification","valueRequired":true,"valueName":"search_term_string"}}],"inLanguage":"pt-BR"},{"@type":"Organization","@id":"https:\/\/www.hsymachinery.com\/#organization","name":"M\u00e1quinas de constru\u00e7\u00e3o HSY","url":"https:\/\/www.hsymachinery.com\/","logo":{"@type":"ImageObject","inLanguage":"pt-BR","@id":"https:\/\/www.hsymachinery.com\/#\/schema\/logo\/image\/","url":"https:\/\/www.hsymachinery.com\/wp-content\/uploads\/2025\/06\/cropped-HSY-machinery.png","contentUrl":"https:\/\/www.hsymachinery.com\/wp-content\/uploads\/2025\/06\/cropped-HSY-machinery.png","width":600,"height":240,"caption":"HSY Construction Machinery"},"image":{"@id":"https:\/\/www.hsymachinery.com\/#\/schema\/logo\/image\/"}}]}},"_links":{"self":[{"href":"https:\/\/www.hsymachinery.com\/pt_br\/wp-json\/wp\/v2\/product\/8971","targetHints":{"allow":["GET"]}}],"collection":[{"href":"https:\/\/www.hsymachinery.com\/pt_br\/wp-json\/wp\/v2\/product"}],"about":[{"href":"https:\/\/www.hsymachinery.com\/pt_br\/wp-json\/wp\/v2\/types\/product"}],"version-history":[{"count":3,"href":"https:\/\/www.hsymachinery.com\/pt_br\/wp-json\/wp\/v2\/product\/8971\/revisions"}],"predecessor-version":[{"id":9385,"href":"https:\/\/www.hsymachinery.com\/pt_br\/wp-json\/wp\/v2\/product\/8971\/revisions\/9385"}],"wp:featuredmedia":[{"embeddable":true,"href":"https:\/\/www.hsymachinery.com\/pt_br\/wp-json\/wp\/v2\/media\/8972"}],"wp:attachment":[{"href":"https:\/\/www.hsymachinery.com\/pt_br\/wp-json\/wp\/v2\/media?parent=8971"}],"wp:term":[{"taxonomy":"product_brand","embeddable":true,"href":"https:\/\/www.hsymachinery.com\/pt_br\/wp-json\/wp\/v2\/product_brand?post=8971"},{"taxonomy":"product_cat","embeddable":true,"href":"https:\/\/www.hsymachinery.com\/pt_br\/wp-json\/wp\/v2\/product_cat?post=8971"},{"taxonomy":"product_tag","embeddable":true,"href":"https:\/\/www.hsymachinery.com\/pt_br\/wp-json\/wp\/v2\/product_tag?post=8971"}],"curies":[{"name":"wp","href":"https:\/\/api.w.org\/{rel}","templated":true}]}}