{"id":8955,"date":"2025-06-18T12:03:51","date_gmt":"2025-06-18T04:03:51","guid":{"rendered":"https:\/\/www.hsymachinery.com\/?post_type=product&#038;p=8955"},"modified":"2025-06-25T23:47:42","modified_gmt":"2025-06-25T15:47:42","slug":"maquina-de-dobrar-vergalhoes-gw70","status":"publish","type":"product","link":"https:\/\/www.hsymachinery.com\/pt_br\/produto\/maquina-de-dobrar-vergalhoes-gw70\/","title":{"rendered":"M\u00e1quina de dobrar vergalh\u00f5es GW70"},"content":{"rendered":"<h3 data-start=\"134\" data-end=\"255\">M\u00e1quina de dobra de vergalh\u00f5es para servi\u00e7os ultrapesados GW70 para a\u00e7o de 6 a 60 mm<\/h3>\n<h3 data-start=\"262\" data-end=\"355\">Vis\u00e3o geral do produto - Equipamento de dobragem de a\u00e7o para constru\u00e7\u00e3o em larga escala para uso industrial<\/h3>\n<p data-start=\"357\" data-end=\"702\">O <strong data-start=\"361\" data-end=\"391\"><a href=\"https:\/\/www.hsymachinery.com\/pt_br\/produtos\/maquina-de-dobragem-de-vergalhoes\/\" target=\"_blank\" rel=\"noopener\">M\u00e1quina de dobrar vergalh\u00f5es<\/a> GW70<\/strong> foi desenvolvido para <strong data-start=\"405\" data-end=\"439\">dobrar vergalh\u00f5es de 6 mm a 60 mm<\/strong>oferecendo pot\u00eancia e estabilidade inigual\u00e1veis para aplica\u00e7\u00f5es estruturais exigentes. Projetado especificamente para megaprojetos de infraestrutura, esse dobrador de barras de alta capacidade \u00e9 amplamente utilizado em pilares de pontes, t\u00faneis, funda\u00e7\u00f5es de trens de alta velocidade e p\u00e1tios de pr\u00e9-moldados.<\/p>\n<p data-start=\"704\" data-end=\"870\">Com uma estrutura refor\u00e7ada, motor de alto torque e placa de dobra expandida, a m\u00e1quina de dobra de vergalh\u00f5es GW70 estabelece um novo padr\u00e3o para a modelagem de barras para servi\u00e7os pesados.<\/p>\n<h3 data-start=\"877\" data-end=\"927\">M\u00e1xima resist\u00eancia \u00e0 flex\u00e3o com controle inteligente<\/h3>\n<p data-start=\"929\" data-end=\"1169\">A m\u00e1quina GW70 integra um sistema de engrenagem de precis\u00e3o, disco de dobra de alta qualidade e batentes duplos ajust\u00e1veis para permitir o controle exato do \u00e2ngulo. Os operadores podem dobrar barras de a\u00e7o em at\u00e9 180\u00b0, mantendo a precis\u00e3o da forma em v\u00e1rios tamanhos.<\/p>\n<p data-start=\"1171\" data-end=\"1364\">Seu motor com n\u00facleo de cobre superdimensionado produz torque consistente, garantindo curvas limpas mesmo em barras grossas. Enquanto isso, a caixa de engrenagens vedada a \u00f3leo opera silenciosamente e requer manuten\u00e7\u00e3o m\u00ednima.<\/p>\n<p data-start=\"1366\" data-end=\"1509\">Al\u00e9m disso, um sistema de freio de emerg\u00eancia integrado e modos de controle duplo (interruptor manual e pedal) aumentam a seguran\u00e7a e a flexibilidade operacional.<\/p>\n<h3 data-start=\"1516\" data-end=\"1576\">Projetado para ambientes adversos e implementa\u00e7\u00e3o global<\/h3>\n<p data-start=\"1578\" data-end=\"1883\">Com uma estrutura de a\u00e7o fundido resistente a choques, o GW70 permanece est\u00e1vel durante longos turnos de trabalho. Ele resiste \u00e0 deforma\u00e7\u00e3o sob carga pesada e se adapta bem \u00e0s condi\u00e7\u00f5es adversas do local de trabalho. As rodas de n\u00edvel industrial da unidade oferecem mobilidade, enquanto seu painel resistente a intemp\u00e9ries permite o uso em ambientes semi-externos.<\/p>\n<p data-start=\"1885\" data-end=\"2066\">Compat\u00edvel com os padr\u00f5es de energia de 220 V e 380 V (50 Hz\/60 Hz), a m\u00e1quina de dobrar vergalh\u00f5es GW70 est\u00e1 pronta para exporta\u00e7\u00e3o e \u00e9 compat\u00edvel com as normas de constru\u00e7\u00e3o de v\u00e1rios pa\u00edses.<\/p>\n<h3 data-start=\"2073\" data-end=\"2125\">Principais recursos e vantagens do dobrador de barras GW70<\/h3>\n<ul data-start=\"2127\" data-end=\"2347\">\n<li data-start=\"2127\" data-end=\"2184\">\n<p data-start=\"2129\" data-end=\"2184\">Manuseia vergalh\u00f5es de 6 a 60 mm com alta resist\u00eancia e baixo erro<\/p>\n<\/li>\n<li data-start=\"2185\" data-end=\"2242\">\n<p data-start=\"2187\" data-end=\"2242\">Disco superdimensionado e estrutura estendida para suporte m\u00e1ximo<\/p>\n<\/li>\n<li data-start=\"2243\" data-end=\"2292\">\n<p data-start=\"2245\" data-end=\"2292\">Projetado para opera\u00e7\u00f5es industriais de turnos longos<\/p>\n<\/li>\n<li data-start=\"2293\" data-end=\"2347\">\n<p data-start=\"2295\" data-end=\"2347\">Personaliza\u00e7\u00e3o de tens\u00e3o dispon\u00edvel para mercados de exporta\u00e7\u00e3o<\/p>\n<\/li>\n<\/ul>\n<p><iframe title=\"#construction #constructionworker #rebarbender #rebarbending\" width=\"720\" height=\"405\" src=\"https:\/\/www.youtube.com\/embed\/PJ1hngSXwUg?feature=oembed\" frameborder=\"0\" allow=\"accelerometer; autoplay; clipboard-write; encrypted-media; gyroscope; picture-in-picture; web-share\" referrerpolicy=\"strict-origin-when-cross-origin\" allowfullscreen><\/iframe><\/p>","protected":false},"excerpt":{"rendered":"<p>A m\u00e1quina para dobrar vergalh\u00f5es GW70 processa vergalh\u00f5es de 6 a 60 mm com alto torque, \u00e2ngulos de dobra amplos e design robusto. Perfeita para megaprojetos, p\u00e1tios de pr\u00e9-moldados e canteiros de obras globais.<\/p>","protected":false},"featured_media":8956,"template":"","meta":{"_kad_post_transparent":"default","_kad_post_title":"","_kad_post_layout":"default","_kad_post_sidebar_id":"","_kad_post_content_style":"default","_kad_post_vertical_padding":"default","_kad_post_feature":"","_kad_post_feature_position":"","_kad_post_header":false,"_kad_post_footer":false},"product_brand":[],"product_cat":[28],"product_tag":[998,1004,996,1003,997,1000,1001,999,995,1002],"class_list":{"0":"post-8955","1":"product","2":"type-product","3":"status-publish","4":"has-post-thumbnail","6":"product_cat-rebar-bending-machine","7":"product_tag-automatic-rebar-bending-machine","8":"product_tag-bar-bending-machine-price","9":"product_tag-cnc-rebar-bending-machine","10":"product_tag-construction-rebar-bender","11":"product_tag-electric-rebar-bender","12":"product_tag-electric-rebar-bending-machine","13":"product_tag-hydraulic-rebar-bending-machine","14":"product_tag-portable-rebar-bender","15":"product_tag-rebar-bender","16":"product_tag-steel-bar-bender","18":"first","19":"instock","20":"shipping-taxable","21":"product-type-simple","22":"entry","23":"content-bg","24":"loop-entry"},"yoast_head":"<!-- This site is optimized with the Yoast SEO plugin v25.3.1 - https:\/\/yoast.com\/wordpress\/plugins\/seo\/ -->\n<title>Rebar Bending Machine GW70 - HSY Construction Machinery<\/title>\n<meta name=\"description\" content=\"Rebar Bending Machine GW70 bends 6\u201360mm steel bars with powerful torque and high stability. Designed for industrial-scale rebar shaping and export to international markets.\" \/>\n<meta name=\"robots\" content=\"index, follow, max-snippet:-1, max-image-preview:large, max-video-preview:-1\" \/>\n<link rel=\"canonical\" href=\"https:\/\/www.hsymachinery.com\/pt_br\/produto\/maquina-de-dobrar-vergalhoes-gw70\/\" \/>\n<meta property=\"og:locale\" content=\"pt_BR\" \/>\n<meta property=\"og:type\" content=\"article\" \/>\n<meta property=\"og:title\" content=\"Rebar Bending Machine GW70 - HSY Construction Machinery\" \/>\n<meta property=\"og:description\" content=\"Rebar Bending Machine GW70 bends 6\u201360mm steel bars with powerful torque and high stability. Designed for industrial-scale rebar shaping and export to international markets.\" \/>\n<meta property=\"og:url\" content=\"https:\/\/www.hsymachinery.com\/pt_br\/produto\/maquina-de-dobrar-vergalhoes-gw70\/\" \/>\n<meta property=\"og:site_name\" content=\"HSY Construction Machinery\" \/>\n<meta property=\"article:modified_time\" content=\"2025-06-25T15:47:42+00:00\" \/>\n<meta property=\"og:image\" content=\"https:\/\/www.hsymachinery.com\/wp-content\/uploads\/2025\/06\/Rebar-Bending-Machine-GW70.jpg\" \/>\n\t<meta property=\"og:image:width\" content=\"600\" \/>\n\t<meta property=\"og:image:height\" content=\"600\" \/>\n\t<meta property=\"og:image:type\" content=\"image\/jpeg\" \/>\n<meta name=\"twitter:card\" content=\"summary_large_image\" \/>\n<meta name=\"twitter:label1\" content=\"Est. tempo de leitura\" \/>\n\t<meta name=\"twitter:data1\" content=\"2 minutos\" \/>\n<script type=\"application\/ld+json\" class=\"yoast-schema-graph\">{\"@context\":\"https:\/\/schema.org\",\"@graph\":[{\"@type\":\"WebPage\",\"@id\":\"https:\/\/www.hsymachinery.com\/product\/rebar-bending-machine-gw70\/\",\"url\":\"https:\/\/www.hsymachinery.com\/product\/rebar-bending-machine-gw70\/\",\"name\":\"Rebar Bending Machine GW70 - HSY Construction Machinery\",\"isPartOf\":{\"@id\":\"https:\/\/www.hsymachinery.com\/#website\"},\"primaryImageOfPage\":{\"@id\":\"https:\/\/www.hsymachinery.com\/product\/rebar-bending-machine-gw70\/#primaryimage\"},\"image\":{\"@id\":\"https:\/\/www.hsymachinery.com\/product\/rebar-bending-machine-gw70\/#primaryimage\"},\"thumbnailUrl\":\"https:\/\/www.hsymachinery.com\/wp-content\/uploads\/2025\/06\/Rebar-Bending-Machine-GW70.jpg\",\"datePublished\":\"2025-06-18T04:03:51+00:00\",\"dateModified\":\"2025-06-25T15:47:42+00:00\",\"description\":\"Rebar Bending Machine GW70 bends 6\u201360mm steel bars with powerful torque and high stability. Designed for industrial-scale rebar shaping and export to international markets.\",\"breadcrumb\":{\"@id\":\"https:\/\/www.hsymachinery.com\/product\/rebar-bending-machine-gw70\/#breadcrumb\"},\"inLanguage\":\"pt-BR\",\"potentialAction\":[{\"@type\":\"ReadAction\",\"target\":[\"https:\/\/www.hsymachinery.com\/product\/rebar-bending-machine-gw70\/\"]}]},{\"@type\":\"ImageObject\",\"inLanguage\":\"pt-BR\",\"@id\":\"https:\/\/www.hsymachinery.com\/product\/rebar-bending-machine-gw70\/#primaryimage\",\"url\":\"https:\/\/www.hsymachinery.com\/wp-content\/uploads\/2025\/06\/Rebar-Bending-Machine-GW70.jpg\",\"contentUrl\":\"https:\/\/www.hsymachinery.com\/wp-content\/uploads\/2025\/06\/Rebar-Bending-Machine-GW70.jpg\",\"width\":600,\"height\":600},{\"@type\":\"BreadcrumbList\",\"@id\":\"https:\/\/www.hsymachinery.com\/product\/rebar-bending-machine-gw70\/#breadcrumb\",\"itemListElement\":[{\"@type\":\"ListItem\",\"position\":1,\"name\":\"home\",\"item\":\"https:\/\/www.hsymachinery.com\/\"},{\"@type\":\"ListItem\",\"position\":2,\"name\":\"products\",\"item\":\"https:\/\/www.hsymachinery.com\/products\/\"},{\"@type\":\"ListItem\",\"position\":3,\"name\":\"Rebar Bending Machine GW70\"}]},{\"@type\":\"WebSite\",\"@id\":\"https:\/\/www.hsymachinery.com\/#website\",\"url\":\"https:\/\/www.hsymachinery.com\/\",\"name\":\"HSY Construction Machinery\",\"description\":\"HSY Machinery \u2013 A leading China construction machinery supplier, offering a wide range of light construction equipment. Our main products include Rebar Cutting Machine, Rebar Bending Machine, Rebar Stirrup Bending Machine, Rebar Arc Bending Machine, Rebar Straightening Machine, Five-Head Rebar Stirrup Bending Machine, Tamping Rammer, Plate Compactor, Concrete Cutter, Power Trowel, and other construction machinery. We are equipped with advanced CNC machines, and we enforce strict quality inspection standards along with comprehensive after-sales service. If you are interested in our products or services, we warmly welcome your inquiries via message.\",\"publisher\":{\"@id\":\"https:\/\/www.hsymachinery.com\/#organization\"},\"potentialAction\":[{\"@type\":\"SearchAction\",\"target\":{\"@type\":\"EntryPoint\",\"urlTemplate\":\"https:\/\/www.hsymachinery.com\/?s={search_term_string}\"},\"query-input\":{\"@type\":\"PropertyValueSpecification\",\"valueRequired\":true,\"valueName\":\"search_term_string\"}}],\"inLanguage\":\"pt-BR\"},{\"@type\":\"Organization\",\"@id\":\"https:\/\/www.hsymachinery.com\/#organization\",\"name\":\"HSY Construction Machinery\",\"url\":\"https:\/\/www.hsymachinery.com\/\",\"logo\":{\"@type\":\"ImageObject\",\"inLanguage\":\"pt-BR\",\"@id\":\"https:\/\/www.hsymachinery.com\/#\/schema\/logo\/image\/\",\"url\":\"https:\/\/www.hsymachinery.com\/wp-content\/uploads\/2025\/06\/cropped-HSY-machinery.png\",\"contentUrl\":\"https:\/\/www.hsymachinery.com\/wp-content\/uploads\/2025\/06\/cropped-HSY-machinery.png\",\"width\":600,\"height\":240,\"caption\":\"HSY Construction Machinery\"},\"image\":{\"@id\":\"https:\/\/www.hsymachinery.com\/#\/schema\/logo\/image\/\"}}]}<\/script>\n<!-- \/ Yoast SEO plugin. -->","yoast_head_json":{"title":"M\u00e1quina de dobrar vergalh\u00f5es GW70 - HSY Construction Machinery","description":"A m\u00e1quina para dobrar vergalh\u00f5es GW70 dobra barras de a\u00e7o de 6 a 60 mm com torque potente e alta estabilidade. Projetada para moldagem de vergalh\u00f5es em escala industrial e exporta\u00e7\u00e3o para mercados internacionais.","robots":{"index":"index","follow":"follow","max-snippet":"max-snippet:-1","max-image-preview":"max-image-preview:large","max-video-preview":"max-video-preview:-1"},"canonical":"https:\/\/www.hsymachinery.com\/pt_br\/produto\/maquina-de-dobrar-vergalhoes-gw70\/","og_locale":"pt_BR","og_type":"article","og_title":"Rebar Bending Machine GW70 - HSY Construction Machinery","og_description":"Rebar Bending Machine GW70 bends 6\u201360mm steel bars with powerful torque and high stability. Designed for industrial-scale rebar shaping and export to international markets.","og_url":"https:\/\/www.hsymachinery.com\/pt_br\/produto\/maquina-de-dobrar-vergalhoes-gw70\/","og_site_name":"HSY Construction Machinery","article_modified_time":"2025-06-25T15:47:42+00:00","og_image":[{"width":600,"height":600,"url":"https:\/\/www.hsymachinery.com\/wp-content\/uploads\/2025\/06\/Rebar-Bending-Machine-GW70.jpg","type":"image\/jpeg"}],"twitter_card":"summary_large_image","twitter_misc":{"Est. tempo de leitura":"2 minutos"},"schema":{"@context":"https:\/\/schema.org","@graph":[{"@type":"WebPage","@id":"https:\/\/www.hsymachinery.com\/product\/rebar-bending-machine-gw70\/","url":"https:\/\/www.hsymachinery.com\/product\/rebar-bending-machine-gw70\/","name":"M\u00e1quina de dobrar vergalh\u00f5es GW70 - HSY Construction Machinery","isPartOf":{"@id":"https:\/\/www.hsymachinery.com\/#website"},"primaryImageOfPage":{"@id":"https:\/\/www.hsymachinery.com\/product\/rebar-bending-machine-gw70\/#primaryimage"},"image":{"@id":"https:\/\/www.hsymachinery.com\/product\/rebar-bending-machine-gw70\/#primaryimage"},"thumbnailUrl":"https:\/\/www.hsymachinery.com\/wp-content\/uploads\/2025\/06\/Rebar-Bending-Machine-GW70.jpg","datePublished":"2025-06-18T04:03:51+00:00","dateModified":"2025-06-25T15:47:42+00:00","description":"A m\u00e1quina para dobrar vergalh\u00f5es GW70 dobra barras de a\u00e7o de 6 a 60 mm com torque potente e alta estabilidade. Projetada para moldagem de vergalh\u00f5es em escala industrial e exporta\u00e7\u00e3o para mercados internacionais.","breadcrumb":{"@id":"https:\/\/www.hsymachinery.com\/product\/rebar-bending-machine-gw70\/#breadcrumb"},"inLanguage":"pt-BR","potentialAction":[{"@type":"ReadAction","target":["https:\/\/www.hsymachinery.com\/product\/rebar-bending-machine-gw70\/"]}]},{"@type":"ImageObject","inLanguage":"pt-BR","@id":"https:\/\/www.hsymachinery.com\/product\/rebar-bending-machine-gw70\/#primaryimage","url":"https:\/\/www.hsymachinery.com\/wp-content\/uploads\/2025\/06\/Rebar-Bending-Machine-GW70.jpg","contentUrl":"https:\/\/www.hsymachinery.com\/wp-content\/uploads\/2025\/06\/Rebar-Bending-Machine-GW70.jpg","width":600,"height":600},{"@type":"BreadcrumbList","@id":"https:\/\/www.hsymachinery.com\/product\/rebar-bending-machine-gw70\/#breadcrumb","itemListElement":[{"@type":"ListItem","position":1,"name":"home","item":"https:\/\/www.hsymachinery.com\/"},{"@type":"ListItem","position":2,"name":"products","item":"https:\/\/www.hsymachinery.com\/products\/"},{"@type":"ListItem","position":3,"name":"Rebar Bending Machine GW70"}]},{"@type":"WebSite","@id":"https:\/\/www.hsymachinery.com\/#website","url":"https:\/\/www.hsymachinery.com\/","name":"M\u00e1quinas de constru\u00e7\u00e3o HSY","description":"HSY Machinery - Um dos principais fornecedores de m\u00e1quinas de constru\u00e7\u00e3o da China, oferecendo uma ampla gama de equipamentos de constru\u00e7\u00e3o leve. Nossos principais produtos incluem m\u00e1quina de corte de vergalh\u00e3o, m\u00e1quina de dobra de vergalh\u00e3o, m\u00e1quina de dobra de estribo de vergalh\u00e3o, m\u00e1quina de dobra de arco de vergalh\u00e3o, m\u00e1quina de endireitamento de vergalh\u00e3o, m\u00e1quina de dobra de estribo de vergalh\u00e3o de cinco cabe\u00e7as, compactador de placa, cortador de concreto, esp\u00e1tula el\u00e9trica e outras m\u00e1quinas de constru\u00e7\u00e3o. Estamos equipados com m\u00e1quinas CNC avan\u00e7adas e aplicamos padr\u00f5es rigorosos de inspe\u00e7\u00e3o de qualidade, al\u00e9m de um servi\u00e7o p\u00f3s-venda abrangente. Se estiver interessado em nossos produtos ou servi\u00e7os, agradecemos suas consultas por mensagem.","publisher":{"@id":"https:\/\/www.hsymachinery.com\/#organization"},"potentialAction":[{"@type":"SearchAction","target":{"@type":"EntryPoint","urlTemplate":"https:\/\/www.hsymachinery.com\/?s={search_term_string}"},"query-input":{"@type":"PropertyValueSpecification","valueRequired":true,"valueName":"search_term_string"}}],"inLanguage":"pt-BR"},{"@type":"Organization","@id":"https:\/\/www.hsymachinery.com\/#organization","name":"M\u00e1quinas de constru\u00e7\u00e3o HSY","url":"https:\/\/www.hsymachinery.com\/","logo":{"@type":"ImageObject","inLanguage":"pt-BR","@id":"https:\/\/www.hsymachinery.com\/#\/schema\/logo\/image\/","url":"https:\/\/www.hsymachinery.com\/wp-content\/uploads\/2025\/06\/cropped-HSY-machinery.png","contentUrl":"https:\/\/www.hsymachinery.com\/wp-content\/uploads\/2025\/06\/cropped-HSY-machinery.png","width":600,"height":240,"caption":"HSY Construction Machinery"},"image":{"@id":"https:\/\/www.hsymachinery.com\/#\/schema\/logo\/image\/"}}]}},"_links":{"self":[{"href":"https:\/\/www.hsymachinery.com\/pt_br\/wp-json\/wp\/v2\/product\/8955","targetHints":{"allow":["GET"]}}],"collection":[{"href":"https:\/\/www.hsymachinery.com\/pt_br\/wp-json\/wp\/v2\/product"}],"about":[{"href":"https:\/\/www.hsymachinery.com\/pt_br\/wp-json\/wp\/v2\/types\/product"}],"version-history":[{"count":5,"href":"https:\/\/www.hsymachinery.com\/pt_br\/wp-json\/wp\/v2\/product\/8955\/revisions"}],"predecessor-version":[{"id":9363,"href":"https:\/\/www.hsymachinery.com\/pt_br\/wp-json\/wp\/v2\/product\/8955\/revisions\/9363"}],"wp:featuredmedia":[{"embeddable":true,"href":"https:\/\/www.hsymachinery.com\/pt_br\/wp-json\/wp\/v2\/media\/8956"}],"wp:attachment":[{"href":"https:\/\/www.hsymachinery.com\/pt_br\/wp-json\/wp\/v2\/media?parent=8955"}],"wp:term":[{"taxonomy":"product_brand","embeddable":true,"href":"https:\/\/www.hsymachinery.com\/pt_br\/wp-json\/wp\/v2\/product_brand?post=8955"},{"taxonomy":"product_cat","embeddable":true,"href":"https:\/\/www.hsymachinery.com\/pt_br\/wp-json\/wp\/v2\/product_cat?post=8955"},{"taxonomy":"product_tag","embeddable":true,"href":"https:\/\/www.hsymachinery.com\/pt_br\/wp-json\/wp\/v2\/product_tag?post=8955"}],"curies":[{"name":"wp","href":"https:\/\/api.w.org\/{rel}","templated":true}]}}