{"id":8949,"date":"2025-06-18T12:02:08","date_gmt":"2025-06-18T04:02:08","guid":{"rendered":"https:\/\/www.hsymachinery.com\/?post_type=product&#038;p=8949"},"modified":"2025-06-25T23:27:08","modified_gmt":"2025-06-25T15:27:08","slug":"maquina-de-dobrar-vergalhoes-gw55","status":"publish","type":"product","link":"https:\/\/www.hsymachinery.com\/pt_br\/produto\/maquina-de-dobrar-vergalhoes-gw55\/","title":{"rendered":"M\u00e1quina de dobrar vergalh\u00f5es GW55"},"content":{"rendered":"<h3 data-start=\"147\" data-end=\"247\">Equipamento avan\u00e7ado de dobragem de vergalh\u00f5es para a\u00e7o de 6 a 42 mm - dobradeira de barras industrial para constru\u00e7\u00e3o pesada<\/h3>\n<h3 data-start=\"254\" data-end=\"340\">Vis\u00e3o geral do produto - M\u00e1quina de dobrar vergalh\u00f5es de alta capacidade para projetos de grande escala<\/h3>\n<p data-start=\"342\" data-end=\"627\">O <strong data-start=\"346\" data-end=\"376\">M\u00e1quina de dobrar vergalh\u00f5es GW55<\/strong> foi projetado para dobrar <strong data-start=\"397\" data-end=\"412\">6 mm a 42 mm<\/strong> com for\u00e7a, precis\u00e3o e desempenho repet\u00edvel. Esse modelo \u00e9 perfeito para empreiteiras envolvidas em funda\u00e7\u00f5es de pontes, estruturas industriais, sistemas de suporte de t\u00faneis e constru\u00e7\u00e3o de arranha-c\u00e9us.<\/p>\n<p data-start=\"629\" data-end=\"817\">Gra\u00e7as aos seus componentes para servi\u00e7os pesados e ao sistema mec\u00e2nico otimizado, o dobrador de vergalh\u00f5es GW55 pode lidar com barras de a\u00e7o mais grossas sem queda de desempenho, mesmo durante longas horas de opera\u00e7\u00e3o.<\/p>\n<h3 data-start=\"824\" data-end=\"883\">Pot\u00eancia de dobra consistente com controle de \u00e2ngulo flex\u00edvel<\/h3>\n<p data-start=\"885\" data-end=\"1191\">Isso <strong data-start=\"890\" data-end=\"915\">m\u00e1quina de dobragem de vergalh\u00f5es<\/strong> apresenta um disco de dobra espesso, pinos robustos e dois batentes de \u00e2ngulo ajust\u00e1vel. Juntos, eles permitem que os operadores definam e mantenham \u00e2ngulos de dobra precisos de at\u00e9 180\u00b0. A m\u00e1quina usa um motor industrial com n\u00facleo de cobre, proporcionando torque cont\u00ednuo para a modelagem di\u00e1ria de barras de a\u00e7o.<\/p>\n<p data-start=\"1193\" data-end=\"1363\">Al\u00e9m disso, a caixa de engrenagens vedada oferece transi\u00e7\u00f5es de engrenagens mais suaves, baixo ru\u00eddo e longa vida \u00fatil. Isso torna o GW55 adequado para uso ininterrupto na f\u00e1brica ou no local.<\/p>\n<h3 data-start=\"1370\" data-end=\"1417\">Design robusto para ambientes exigentes<\/h3>\n<p data-start=\"1419\" data-end=\"1747\">Constru\u00edda em a\u00e7o fundido refor\u00e7ado, a estrutura do GW55 absorve a vibra\u00e7\u00e3o e resiste ao desgaste, mesmo sob cargas pesadas. A m\u00e1quina inclui rodas de alta durabilidade para movimenta\u00e7\u00e3o flex\u00edvel em canteiros de obras. Os operadores podem controlar o processo de dobra por meio de um pedal ou controle manual, aumentando a seguran\u00e7a e a precis\u00e3o.<\/p>\n<p data-start=\"1749\" data-end=\"1863\">Ele tamb\u00e9m suporta op\u00e7\u00f5es de tens\u00e3o global (220V\/380V, 50Hz\/60Hz), garantindo adaptabilidade para clientes de todo o mundo.<\/p>\n<h3 data-start=\"1870\" data-end=\"1918\">Por que escolher a m\u00e1quina de dobrar vergalh\u00f5es GW55?<\/h3>\n<ul data-start=\"1920\" data-end=\"2167\">\n<li data-start=\"1920\" data-end=\"1984\">\n<p data-start=\"1922\" data-end=\"1984\">Lida com dobragem de barras de a\u00e7o de 6 a 42 mm com desempenho consistente<\/p>\n<\/li>\n<li data-start=\"1985\" data-end=\"2046\">\n<p data-start=\"1987\" data-end=\"2046\">Constru\u00eddo com estrutura resistente e controle de \u00e2ngulo preciso<\/p>\n<\/li>\n<li data-start=\"2047\" data-end=\"2110\">\n<p data-start=\"2049\" data-end=\"2110\">Ideal para uso em f\u00e1bricas, trabalhos em canteiros de obras e produ\u00e7\u00e3o industrial<\/p>\n<\/li>\n<li data-start=\"2111\" data-end=\"2167\">\n<p data-start=\"2113\" data-end=\"2167\">Suporta v\u00e1rias tens\u00f5es para mercados internacionais<\/p>\n<\/li>\n<\/ul>\n<p><iframe title=\"#construction #constructionworker #rebarbender #rebarbending\" width=\"720\" height=\"405\" src=\"https:\/\/www.youtube.com\/embed\/PJ1hngSXwUg?feature=oembed\" frameborder=\"0\" allow=\"accelerometer; autoplay; clipboard-write; encrypted-media; gyroscope; picture-in-picture; web-share\" referrerpolicy=\"strict-origin-when-cross-origin\" allowfullscreen><\/iframe><\/p>","protected":false},"excerpt":{"rendered":"<p>A m\u00e1quina de dobrar vergalh\u00f5es GW55 processa vergalh\u00f5es de 6 a 42 mm com torque forte e controle de \u00e2ngulo preciso. Perfeita para projetos industriais e compat\u00edvel com os padr\u00f5es globais de tens\u00e3o.<\/p>","protected":false},"featured_media":8950,"template":"","meta":{"_kad_post_transparent":"default","_kad_post_title":"","_kad_post_layout":"default","_kad_post_sidebar_id":"","_kad_post_content_style":"default","_kad_post_vertical_padding":"default","_kad_post_feature":"","_kad_post_feature_position":"","_kad_post_header":false,"_kad_post_footer":false},"product_brand":[],"product_cat":[28],"product_tag":[998,1004,996,1003,997,1000,1001,999,995,1002],"class_list":{"0":"post-8949","1":"product","2":"type-product","3":"status-publish","4":"has-post-thumbnail","6":"product_cat-rebar-bending-machine","7":"product_tag-automatic-rebar-bending-machine","8":"product_tag-bar-bending-machine-price","9":"product_tag-cnc-rebar-bending-machine","10":"product_tag-construction-rebar-bender","11":"product_tag-electric-rebar-bender","12":"product_tag-electric-rebar-bending-machine","13":"product_tag-hydraulic-rebar-bending-machine","14":"product_tag-portable-rebar-bender","15":"product_tag-rebar-bender","16":"product_tag-steel-bar-bender","18":"first","19":"instock","20":"shipping-taxable","21":"product-type-simple","22":"entry","23":"content-bg","24":"loop-entry"},"yoast_head":"<!-- This site is optimized with the Yoast SEO plugin v25.3.1 - https:\/\/yoast.com\/wordpress\/plugins\/seo\/ -->\n<title>Rebar Bending Machine GW55 - HSY Construction Machinery<\/title>\n<meta name=\"description\" content=\"Rebar Bending Machine GW55 bends 6\u201342mm steel bars accurately and efficiently. Designed for industrial construction and international export compatibility.\" \/>\n<meta name=\"robots\" content=\"index, follow, max-snippet:-1, max-image-preview:large, max-video-preview:-1\" \/>\n<link rel=\"canonical\" href=\"https:\/\/www.hsymachinery.com\/pt_br\/produto\/maquina-de-dobrar-vergalhoes-gw55\/\" \/>\n<meta property=\"og:locale\" content=\"pt_BR\" \/>\n<meta property=\"og:type\" content=\"article\" \/>\n<meta property=\"og:title\" content=\"Rebar Bending Machine GW55 - HSY Construction Machinery\" \/>\n<meta property=\"og:description\" content=\"Rebar Bending Machine GW55 bends 6\u201342mm steel bars accurately and efficiently. Designed for industrial construction and international export compatibility.\" \/>\n<meta property=\"og:url\" content=\"https:\/\/www.hsymachinery.com\/pt_br\/produto\/maquina-de-dobrar-vergalhoes-gw55\/\" \/>\n<meta property=\"og:site_name\" content=\"HSY Construction Machinery\" \/>\n<meta property=\"article:modified_time\" content=\"2025-06-25T15:27:08+00:00\" \/>\n<meta property=\"og:image\" content=\"https:\/\/www.hsymachinery.com\/wp-content\/uploads\/2025\/06\/Rebar-Bending-Machine-GW55.jpg\" \/>\n\t<meta property=\"og:image:width\" content=\"600\" \/>\n\t<meta property=\"og:image:height\" content=\"600\" \/>\n\t<meta property=\"og:image:type\" content=\"image\/jpeg\" \/>\n<meta name=\"twitter:card\" content=\"summary_large_image\" \/>\n<meta name=\"twitter:label1\" content=\"Est. tempo de leitura\" \/>\n\t<meta name=\"twitter:data1\" content=\"2 minutos\" \/>\n<script type=\"application\/ld+json\" class=\"yoast-schema-graph\">{\"@context\":\"https:\/\/schema.org\",\"@graph\":[{\"@type\":\"WebPage\",\"@id\":\"https:\/\/www.hsymachinery.com\/product\/rebar-bending-machine-gw55\/\",\"url\":\"https:\/\/www.hsymachinery.com\/product\/rebar-bending-machine-gw55\/\",\"name\":\"Rebar Bending Machine GW55 - HSY Construction Machinery\",\"isPartOf\":{\"@id\":\"https:\/\/www.hsymachinery.com\/#website\"},\"primaryImageOfPage\":{\"@id\":\"https:\/\/www.hsymachinery.com\/product\/rebar-bending-machine-gw55\/#primaryimage\"},\"image\":{\"@id\":\"https:\/\/www.hsymachinery.com\/product\/rebar-bending-machine-gw55\/#primaryimage\"},\"thumbnailUrl\":\"https:\/\/www.hsymachinery.com\/wp-content\/uploads\/2025\/06\/Rebar-Bending-Machine-GW55.jpg\",\"datePublished\":\"2025-06-18T04:02:08+00:00\",\"dateModified\":\"2025-06-25T15:27:08+00:00\",\"description\":\"Rebar Bending Machine GW55 bends 6\u201342mm steel bars accurately and efficiently. Designed for industrial construction and international export compatibility.\",\"breadcrumb\":{\"@id\":\"https:\/\/www.hsymachinery.com\/product\/rebar-bending-machine-gw55\/#breadcrumb\"},\"inLanguage\":\"pt-BR\",\"potentialAction\":[{\"@type\":\"ReadAction\",\"target\":[\"https:\/\/www.hsymachinery.com\/product\/rebar-bending-machine-gw55\/\"]}]},{\"@type\":\"ImageObject\",\"inLanguage\":\"pt-BR\",\"@id\":\"https:\/\/www.hsymachinery.com\/product\/rebar-bending-machine-gw55\/#primaryimage\",\"url\":\"https:\/\/www.hsymachinery.com\/wp-content\/uploads\/2025\/06\/Rebar-Bending-Machine-GW55.jpg\",\"contentUrl\":\"https:\/\/www.hsymachinery.com\/wp-content\/uploads\/2025\/06\/Rebar-Bending-Machine-GW55.jpg\",\"width\":600,\"height\":600},{\"@type\":\"BreadcrumbList\",\"@id\":\"https:\/\/www.hsymachinery.com\/product\/rebar-bending-machine-gw55\/#breadcrumb\",\"itemListElement\":[{\"@type\":\"ListItem\",\"position\":1,\"name\":\"home\",\"item\":\"https:\/\/www.hsymachinery.com\/\"},{\"@type\":\"ListItem\",\"position\":2,\"name\":\"products\",\"item\":\"https:\/\/www.hsymachinery.com\/products\/\"},{\"@type\":\"ListItem\",\"position\":3,\"name\":\"Rebar Bending Machine GW55\"}]},{\"@type\":\"WebSite\",\"@id\":\"https:\/\/www.hsymachinery.com\/#website\",\"url\":\"https:\/\/www.hsymachinery.com\/\",\"name\":\"HSY Construction Machinery\",\"description\":\"HSY Machinery \u2013 A leading China construction machinery supplier, offering a wide range of light construction equipment. Our main products include Rebar Cutting Machine, Rebar Bending Machine, Rebar Stirrup Bending Machine, Rebar Arc Bending Machine, Rebar Straightening Machine, Five-Head Rebar Stirrup Bending Machine, Tamping Rammer, Plate Compactor, Concrete Cutter, Power Trowel, and other construction machinery. We are equipped with advanced CNC machines, and we enforce strict quality inspection standards along with comprehensive after-sales service. If you are interested in our products or services, we warmly welcome your inquiries via message.\",\"publisher\":{\"@id\":\"https:\/\/www.hsymachinery.com\/#organization\"},\"potentialAction\":[{\"@type\":\"SearchAction\",\"target\":{\"@type\":\"EntryPoint\",\"urlTemplate\":\"https:\/\/www.hsymachinery.com\/?s={search_term_string}\"},\"query-input\":{\"@type\":\"PropertyValueSpecification\",\"valueRequired\":true,\"valueName\":\"search_term_string\"}}],\"inLanguage\":\"pt-BR\"},{\"@type\":\"Organization\",\"@id\":\"https:\/\/www.hsymachinery.com\/#organization\",\"name\":\"HSY Construction Machinery\",\"url\":\"https:\/\/www.hsymachinery.com\/\",\"logo\":{\"@type\":\"ImageObject\",\"inLanguage\":\"pt-BR\",\"@id\":\"https:\/\/www.hsymachinery.com\/#\/schema\/logo\/image\/\",\"url\":\"https:\/\/www.hsymachinery.com\/wp-content\/uploads\/2025\/06\/cropped-HSY-machinery.png\",\"contentUrl\":\"https:\/\/www.hsymachinery.com\/wp-content\/uploads\/2025\/06\/cropped-HSY-machinery.png\",\"width\":600,\"height\":240,\"caption\":\"HSY Construction Machinery\"},\"image\":{\"@id\":\"https:\/\/www.hsymachinery.com\/#\/schema\/logo\/image\/\"}}]}<\/script>\n<!-- \/ Yoast SEO plugin. -->","yoast_head_json":{"title":"M\u00e1quina de dobrar vergalh\u00f5es GW55 - HSY Construction Machinery","description":"A m\u00e1quina de dobra de vergalh\u00f5es GW55 dobra barras de a\u00e7o de 6 a 42 mm com precis\u00e3o e efici\u00eancia. Projetada para constru\u00e7\u00e3o industrial e compatibilidade com exporta\u00e7\u00e3o internacional.","robots":{"index":"index","follow":"follow","max-snippet":"max-snippet:-1","max-image-preview":"max-image-preview:large","max-video-preview":"max-video-preview:-1"},"canonical":"https:\/\/www.hsymachinery.com\/pt_br\/produto\/maquina-de-dobrar-vergalhoes-gw55\/","og_locale":"pt_BR","og_type":"article","og_title":"Rebar Bending Machine GW55 - HSY Construction Machinery","og_description":"Rebar Bending Machine GW55 bends 6\u201342mm steel bars accurately and efficiently. Designed for industrial construction and international export compatibility.","og_url":"https:\/\/www.hsymachinery.com\/pt_br\/produto\/maquina-de-dobrar-vergalhoes-gw55\/","og_site_name":"HSY Construction Machinery","article_modified_time":"2025-06-25T15:27:08+00:00","og_image":[{"width":600,"height":600,"url":"https:\/\/www.hsymachinery.com\/wp-content\/uploads\/2025\/06\/Rebar-Bending-Machine-GW55.jpg","type":"image\/jpeg"}],"twitter_card":"summary_large_image","twitter_misc":{"Est. tempo de leitura":"2 minutos"},"schema":{"@context":"https:\/\/schema.org","@graph":[{"@type":"WebPage","@id":"https:\/\/www.hsymachinery.com\/product\/rebar-bending-machine-gw55\/","url":"https:\/\/www.hsymachinery.com\/product\/rebar-bending-machine-gw55\/","name":"M\u00e1quina de dobrar vergalh\u00f5es GW55 - HSY Construction Machinery","isPartOf":{"@id":"https:\/\/www.hsymachinery.com\/#website"},"primaryImageOfPage":{"@id":"https:\/\/www.hsymachinery.com\/product\/rebar-bending-machine-gw55\/#primaryimage"},"image":{"@id":"https:\/\/www.hsymachinery.com\/product\/rebar-bending-machine-gw55\/#primaryimage"},"thumbnailUrl":"https:\/\/www.hsymachinery.com\/wp-content\/uploads\/2025\/06\/Rebar-Bending-Machine-GW55.jpg","datePublished":"2025-06-18T04:02:08+00:00","dateModified":"2025-06-25T15:27:08+00:00","description":"A m\u00e1quina de dobra de vergalh\u00f5es GW55 dobra barras de a\u00e7o de 6 a 42 mm com precis\u00e3o e efici\u00eancia. Projetada para constru\u00e7\u00e3o industrial e compatibilidade com exporta\u00e7\u00e3o internacional.","breadcrumb":{"@id":"https:\/\/www.hsymachinery.com\/product\/rebar-bending-machine-gw55\/#breadcrumb"},"inLanguage":"pt-BR","potentialAction":[{"@type":"ReadAction","target":["https:\/\/www.hsymachinery.com\/product\/rebar-bending-machine-gw55\/"]}]},{"@type":"ImageObject","inLanguage":"pt-BR","@id":"https:\/\/www.hsymachinery.com\/product\/rebar-bending-machine-gw55\/#primaryimage","url":"https:\/\/www.hsymachinery.com\/wp-content\/uploads\/2025\/06\/Rebar-Bending-Machine-GW55.jpg","contentUrl":"https:\/\/www.hsymachinery.com\/wp-content\/uploads\/2025\/06\/Rebar-Bending-Machine-GW55.jpg","width":600,"height":600},{"@type":"BreadcrumbList","@id":"https:\/\/www.hsymachinery.com\/product\/rebar-bending-machine-gw55\/#breadcrumb","itemListElement":[{"@type":"ListItem","position":1,"name":"home","item":"https:\/\/www.hsymachinery.com\/"},{"@type":"ListItem","position":2,"name":"products","item":"https:\/\/www.hsymachinery.com\/products\/"},{"@type":"ListItem","position":3,"name":"Rebar Bending Machine GW55"}]},{"@type":"WebSite","@id":"https:\/\/www.hsymachinery.com\/#website","url":"https:\/\/www.hsymachinery.com\/","name":"M\u00e1quinas de constru\u00e7\u00e3o HSY","description":"HSY Machinery - Um dos principais fornecedores de m\u00e1quinas de constru\u00e7\u00e3o da China, oferecendo uma ampla gama de equipamentos de constru\u00e7\u00e3o leve. Nossos principais produtos incluem m\u00e1quina de corte de vergalh\u00e3o, m\u00e1quina de dobra de vergalh\u00e3o, m\u00e1quina de dobra de estribo de vergalh\u00e3o, m\u00e1quina de dobra de arco de vergalh\u00e3o, m\u00e1quina de endireitamento de vergalh\u00e3o, m\u00e1quina de dobra de estribo de vergalh\u00e3o de cinco cabe\u00e7as, compactador de placa, cortador de concreto, esp\u00e1tula el\u00e9trica e outras m\u00e1quinas de constru\u00e7\u00e3o. Estamos equipados com m\u00e1quinas CNC avan\u00e7adas e aplicamos padr\u00f5es rigorosos de inspe\u00e7\u00e3o de qualidade, al\u00e9m de um servi\u00e7o p\u00f3s-venda abrangente. Se estiver interessado em nossos produtos ou servi\u00e7os, agradecemos suas consultas por mensagem.","publisher":{"@id":"https:\/\/www.hsymachinery.com\/#organization"},"potentialAction":[{"@type":"SearchAction","target":{"@type":"EntryPoint","urlTemplate":"https:\/\/www.hsymachinery.com\/?s={search_term_string}"},"query-input":{"@type":"PropertyValueSpecification","valueRequired":true,"valueName":"search_term_string"}}],"inLanguage":"pt-BR"},{"@type":"Organization","@id":"https:\/\/www.hsymachinery.com\/#organization","name":"M\u00e1quinas de constru\u00e7\u00e3o HSY","url":"https:\/\/www.hsymachinery.com\/","logo":{"@type":"ImageObject","inLanguage":"pt-BR","@id":"https:\/\/www.hsymachinery.com\/#\/schema\/logo\/image\/","url":"https:\/\/www.hsymachinery.com\/wp-content\/uploads\/2025\/06\/cropped-HSY-machinery.png","contentUrl":"https:\/\/www.hsymachinery.com\/wp-content\/uploads\/2025\/06\/cropped-HSY-machinery.png","width":600,"height":240,"caption":"HSY Construction Machinery"},"image":{"@id":"https:\/\/www.hsymachinery.com\/#\/schema\/logo\/image\/"}}]}},"_links":{"self":[{"href":"https:\/\/www.hsymachinery.com\/pt_br\/wp-json\/wp\/v2\/product\/8949","targetHints":{"allow":["GET"]}}],"collection":[{"href":"https:\/\/www.hsymachinery.com\/pt_br\/wp-json\/wp\/v2\/product"}],"about":[{"href":"https:\/\/www.hsymachinery.com\/pt_br\/wp-json\/wp\/v2\/types\/product"}],"version-history":[{"count":3,"href":"https:\/\/www.hsymachinery.com\/pt_br\/wp-json\/wp\/v2\/product\/8949\/revisions"}],"predecessor-version":[{"id":9357,"href":"https:\/\/www.hsymachinery.com\/pt_br\/wp-json\/wp\/v2\/product\/8949\/revisions\/9357"}],"wp:featuredmedia":[{"embeddable":true,"href":"https:\/\/www.hsymachinery.com\/pt_br\/wp-json\/wp\/v2\/media\/8950"}],"wp:attachment":[{"href":"https:\/\/www.hsymachinery.com\/pt_br\/wp-json\/wp\/v2\/media?parent=8949"}],"wp:term":[{"taxonomy":"product_brand","embeddable":true,"href":"https:\/\/www.hsymachinery.com\/pt_br\/wp-json\/wp\/v2\/product_brand?post=8949"},{"taxonomy":"product_cat","embeddable":true,"href":"https:\/\/www.hsymachinery.com\/pt_br\/wp-json\/wp\/v2\/product_cat?post=8949"},{"taxonomy":"product_tag","embeddable":true,"href":"https:\/\/www.hsymachinery.com\/pt_br\/wp-json\/wp\/v2\/product_tag?post=8949"}],"curies":[{"name":"wp","href":"https:\/\/api.w.org\/{rel}","templated":true}]}}