{"id":8946,"date":"2025-06-18T12:01:02","date_gmt":"2025-06-18T04:01:02","guid":{"rendered":"https:\/\/www.hsymachinery.com\/?post_type=product&#038;p=8946"},"modified":"2025-06-25T23:19:27","modified_gmt":"2025-06-25T15:19:27","slug":"maquina-de-dobrar-vergalhoes-gw50","status":"publish","type":"product","link":"https:\/\/www.hsymachinery.com\/pt_br\/produto\/maquina-de-dobrar-vergalhoes-gw50\/","title":{"rendered":"M\u00e1quina de dobrar vergalh\u00f5es GW50"},"content":{"rendered":"<h3 data-start=\"211\" data-end=\"297\">Dobradeira de vergalh\u00f5es de alto desempenho para barras de a\u00e7o de 6 a 40 mm - Equipamento industrial para dobrar barras<\/h3>\n<h3 data-start=\"211\" data-end=\"297\">Vis\u00e3o geral do produto - M\u00e1quina de dobrar vergalh\u00f5es para constru\u00e7\u00e3o pesada e obras pr\u00e9-fabricadas<\/h3>\n<p data-start=\"299\" data-end=\"688\">O <strong data-start=\"303\" data-end=\"333\">M\u00e1quina de dobrar vergalh\u00f5es GW50<\/strong> foi desenvolvido para a dobragem em n\u00edvel industrial de <strong data-start=\"375\" data-end=\"390\">6 mm a 40 mm<\/strong> barras de a\u00e7o para refor\u00e7o. \u00c9 a escolha ideal para projetos de constru\u00e7\u00e3o em grande escala, como f\u00e1bricas de pr\u00e9-fabrica\u00e7\u00e3o, pontes, edif\u00edcios altos e desenvolvimento de infraestrutura. Com seu alto torque e controle de \u00e2ngulo ajust\u00e1vel, essa m\u00e1quina garante uma dobragem r\u00e1pida e precisa para a produ\u00e7\u00e3o di\u00e1ria.<\/p>\n<p data-start=\"690\" data-end=\"834\">Os profissionais confiam na dobradeira de vergalh\u00f5es GW50 por sua estabilidade, precis\u00e3o e desempenho de trabalho cont\u00ednuo em condi\u00e7\u00f5es exigentes.<\/p>\n<h3 data-start=\"841\" data-end=\"888\">Torque forte e controle preciso do \u00e2ngulo<\/h3>\n<p data-start=\"890\" data-end=\"1247\">O <strong data-start=\"894\" data-end=\"924\"><a href=\"https:\/\/www.hsymachinery.com\/pt_br\/produtos\/maquina-de-dobragem-de-vergalhoes\/\" target=\"_blank\" rel=\"noopener\">M\u00e1quina de dobrar vergalh\u00f5es<\/a> GW50<\/strong> utiliza um disco de trabalho para servi\u00e7os pesados, combinado com paradas duplas predefinidas, para proporcionar curvas confi\u00e1veis entre 0\u00b0 e 180\u00b0. Isso permite que os operadores produzam v\u00e1rios formatos de vergalh\u00f5es com efici\u00eancia. Gra\u00e7as \u00e0 sua caixa de engrenagens refor\u00e7ada e ao motor com n\u00facleo de cobre, a m\u00e1quina mant\u00e9m uma sa\u00edda de torque consistente sem superaquecimento ou vibra\u00e7\u00e3o.<\/p>\n<p data-start=\"1249\" data-end=\"1389\">Al\u00e9m disso, a transmiss\u00e3o de engrenagem vedada reduz o ru\u00eddo e o desgaste, aumentando a vida \u00fatil geral da m\u00e1quina e minimizando a manuten\u00e7\u00e3o.<\/p>\n<h3 data-start=\"1396\" data-end=\"1455\">Estrutura dur\u00e1vel com suporte para tens\u00e3o internacional<\/h3>\n<p data-start=\"1457\" data-end=\"1743\">A estrutura do GW50 \u00e9 constru\u00edda com a\u00e7o fundido espessado, projetado para suportar vibra\u00e7\u00f5es e impactos pesados. Ele vem com rodas s\u00f3lidas de mobilidade para facilitar a realoca\u00e7\u00e3o do local. A m\u00e1quina suporta opera\u00e7\u00e3o com interruptor manual e pedal, proporcionando controle flex\u00edvel ao usu\u00e1rio.<\/p>\n<p data-start=\"1745\" data-end=\"1895\">Com op\u00e7\u00f5es de tens\u00e3o de 220 V\/380 V (50 Hz\/60 Hz), a dobradeira de vergalh\u00e3o GW50 \u00e9 totalmente compat\u00edvel com os mercados globais e os requisitos de exporta\u00e7\u00e3o.<\/p>\n<h3 data-start=\"1902\" data-end=\"1941\">Por que escolher a dobradeira de vergalh\u00e3o GW50?<\/h3>\n<ul data-start=\"1943\" data-end=\"2164\">\n<li data-start=\"1943\" data-end=\"1988\">\n<p data-start=\"1945\" data-end=\"1988\">Dobra vergalh\u00f5es de 6 a 40 mm com precis\u00e3o e rapidez<\/p>\n<\/li>\n<li data-start=\"1989\" data-end=\"2056\">\n<p data-start=\"1991\" data-end=\"2056\">Projetado para aplica\u00e7\u00f5es industriais de alta carga e servi\u00e7o cont\u00ednuo<\/p>\n<\/li>\n<li data-start=\"2057\" data-end=\"2098\">\n<p data-start=\"2059\" data-end=\"2098\">Compacto, m\u00f3vel e de f\u00e1cil manuten\u00e7\u00e3o<\/p>\n<\/li>\n<li data-start=\"2099\" data-end=\"2164\">\n<p data-start=\"2101\" data-end=\"2164\">Adequado para compradores internacionais com entrada de tens\u00e3o flex\u00edvel<\/p>\n<\/li>\n<\/ul>\n<p><iframe title=\"#construction #constructionworker #rebarmachine #rebarbender #rebarbending\" width=\"720\" height=\"405\" src=\"https:\/\/www.youtube.com\/embed\/GX-U7SGMcVc?feature=oembed\" frameborder=\"0\" allow=\"accelerometer; autoplay; clipboard-write; encrypted-media; gyroscope; picture-in-picture; web-share\" referrerpolicy=\"strict-origin-when-cross-origin\" allowfullscreen><\/iframe><\/p>","protected":false},"excerpt":{"rendered":"<p>A m\u00e1quina de dobra de vergalh\u00f5es GW50 oferece dobra potente e precisa para barras de a\u00e7o de 6 a 40 mm. Criada para uso industrial, ela suporta padr\u00f5es globais de tens\u00e3o e produ\u00e7\u00e3o de alto volume.<\/p>","protected":false},"featured_media":8947,"template":"","meta":{"_kad_post_transparent":"default","_kad_post_title":"","_kad_post_layout":"default","_kad_post_sidebar_id":"","_kad_post_content_style":"default","_kad_post_vertical_padding":"default","_kad_post_feature":"","_kad_post_feature_position":"","_kad_post_header":false,"_kad_post_footer":false},"product_brand":[],"product_cat":[28],"product_tag":[998,1004,996,1003,997,1000,1001,999,995,1002],"class_list":{"0":"post-8946","1":"product","2":"type-product","3":"status-publish","4":"has-post-thumbnail","6":"product_cat-rebar-bending-machine","7":"product_tag-automatic-rebar-bending-machine","8":"product_tag-bar-bending-machine-price","9":"product_tag-cnc-rebar-bending-machine","10":"product_tag-construction-rebar-bender","11":"product_tag-electric-rebar-bender","12":"product_tag-electric-rebar-bending-machine","13":"product_tag-hydraulic-rebar-bending-machine","14":"product_tag-portable-rebar-bender","15":"product_tag-rebar-bender","16":"product_tag-steel-bar-bender","18":"first","19":"instock","20":"shipping-taxable","21":"product-type-simple","22":"entry","23":"content-bg","24":"loop-entry"},"yoast_head":"<!-- This site is optimized with the Yoast SEO plugin v25.3.1 - https:\/\/yoast.com\/wordpress\/plugins\/seo\/ -->\n<title>Rebar Bending Machine GW50 - HSY Construction Machinery<\/title>\n<meta name=\"description\" content=\"Rebar Bending Machine GW50 bends 6\u201340mm steel bars with high precision. Suitable for prefab plants, construction sites, and export to international markets.\" \/>\n<meta name=\"robots\" content=\"index, follow, max-snippet:-1, max-image-preview:large, max-video-preview:-1\" \/>\n<link rel=\"canonical\" href=\"https:\/\/www.hsymachinery.com\/pt_br\/produto\/maquina-de-dobrar-vergalhoes-gw50\/\" \/>\n<meta property=\"og:locale\" content=\"pt_BR\" \/>\n<meta property=\"og:type\" content=\"article\" \/>\n<meta property=\"og:title\" content=\"Rebar Bending Machine GW50 - HSY Construction Machinery\" \/>\n<meta property=\"og:description\" content=\"Rebar Bending Machine GW50 bends 6\u201340mm steel bars with high precision. Suitable for prefab plants, construction sites, and export to international markets.\" \/>\n<meta property=\"og:url\" content=\"https:\/\/www.hsymachinery.com\/pt_br\/produto\/maquina-de-dobrar-vergalhoes-gw50\/\" \/>\n<meta property=\"og:site_name\" content=\"HSY Construction Machinery\" \/>\n<meta property=\"article:modified_time\" content=\"2025-06-25T15:19:27+00:00\" \/>\n<meta property=\"og:image\" content=\"https:\/\/www.hsymachinery.com\/wp-content\/uploads\/2025\/06\/Rebar-Bending-Machine-GW50.jpg\" \/>\n\t<meta property=\"og:image:width\" content=\"600\" \/>\n\t<meta property=\"og:image:height\" content=\"600\" \/>\n\t<meta property=\"og:image:type\" content=\"image\/jpeg\" \/>\n<meta name=\"twitter:card\" content=\"summary_large_image\" \/>\n<meta name=\"twitter:label1\" content=\"Est. tempo de leitura\" \/>\n\t<meta name=\"twitter:data1\" content=\"2 minutos\" \/>\n<script type=\"application\/ld+json\" class=\"yoast-schema-graph\">{\"@context\":\"https:\/\/schema.org\",\"@graph\":[{\"@type\":\"WebPage\",\"@id\":\"https:\/\/www.hsymachinery.com\/product\/rebar-bending-machine-gw50\/\",\"url\":\"https:\/\/www.hsymachinery.com\/product\/rebar-bending-machine-gw50\/\",\"name\":\"Rebar Bending Machine GW50 - HSY Construction Machinery\",\"isPartOf\":{\"@id\":\"https:\/\/www.hsymachinery.com\/#website\"},\"primaryImageOfPage\":{\"@id\":\"https:\/\/www.hsymachinery.com\/product\/rebar-bending-machine-gw50\/#primaryimage\"},\"image\":{\"@id\":\"https:\/\/www.hsymachinery.com\/product\/rebar-bending-machine-gw50\/#primaryimage\"},\"thumbnailUrl\":\"https:\/\/www.hsymachinery.com\/wp-content\/uploads\/2025\/06\/Rebar-Bending-Machine-GW50.jpg\",\"datePublished\":\"2025-06-18T04:01:02+00:00\",\"dateModified\":\"2025-06-25T15:19:27+00:00\",\"description\":\"Rebar Bending Machine GW50 bends 6\u201340mm steel bars with high precision. Suitable for prefab plants, construction sites, and export to international markets.\",\"breadcrumb\":{\"@id\":\"https:\/\/www.hsymachinery.com\/product\/rebar-bending-machine-gw50\/#breadcrumb\"},\"inLanguage\":\"pt-BR\",\"potentialAction\":[{\"@type\":\"ReadAction\",\"target\":[\"https:\/\/www.hsymachinery.com\/product\/rebar-bending-machine-gw50\/\"]}]},{\"@type\":\"ImageObject\",\"inLanguage\":\"pt-BR\",\"@id\":\"https:\/\/www.hsymachinery.com\/product\/rebar-bending-machine-gw50\/#primaryimage\",\"url\":\"https:\/\/www.hsymachinery.com\/wp-content\/uploads\/2025\/06\/Rebar-Bending-Machine-GW50.jpg\",\"contentUrl\":\"https:\/\/www.hsymachinery.com\/wp-content\/uploads\/2025\/06\/Rebar-Bending-Machine-GW50.jpg\",\"width\":600,\"height\":600},{\"@type\":\"BreadcrumbList\",\"@id\":\"https:\/\/www.hsymachinery.com\/product\/rebar-bending-machine-gw50\/#breadcrumb\",\"itemListElement\":[{\"@type\":\"ListItem\",\"position\":1,\"name\":\"home\",\"item\":\"https:\/\/www.hsymachinery.com\/\"},{\"@type\":\"ListItem\",\"position\":2,\"name\":\"products\",\"item\":\"https:\/\/www.hsymachinery.com\/products\/\"},{\"@type\":\"ListItem\",\"position\":3,\"name\":\"Rebar Bending Machine GW50\"}]},{\"@type\":\"WebSite\",\"@id\":\"https:\/\/www.hsymachinery.com\/#website\",\"url\":\"https:\/\/www.hsymachinery.com\/\",\"name\":\"HSY Construction Machinery\",\"description\":\"HSY Machinery \u2013 A leading China construction machinery supplier, offering a wide range of light construction equipment. Our main products include Rebar Cutting Machine, Rebar Bending Machine, Rebar Stirrup Bending Machine, Rebar Arc Bending Machine, Rebar Straightening Machine, Five-Head Rebar Stirrup Bending Machine, Tamping Rammer, Plate Compactor, Concrete Cutter, Power Trowel, and other construction machinery. We are equipped with advanced CNC machines, and we enforce strict quality inspection standards along with comprehensive after-sales service. If you are interested in our products or services, we warmly welcome your inquiries via message.\",\"publisher\":{\"@id\":\"https:\/\/www.hsymachinery.com\/#organization\"},\"potentialAction\":[{\"@type\":\"SearchAction\",\"target\":{\"@type\":\"EntryPoint\",\"urlTemplate\":\"https:\/\/www.hsymachinery.com\/?s={search_term_string}\"},\"query-input\":{\"@type\":\"PropertyValueSpecification\",\"valueRequired\":true,\"valueName\":\"search_term_string\"}}],\"inLanguage\":\"pt-BR\"},{\"@type\":\"Organization\",\"@id\":\"https:\/\/www.hsymachinery.com\/#organization\",\"name\":\"HSY Construction Machinery\",\"url\":\"https:\/\/www.hsymachinery.com\/\",\"logo\":{\"@type\":\"ImageObject\",\"inLanguage\":\"pt-BR\",\"@id\":\"https:\/\/www.hsymachinery.com\/#\/schema\/logo\/image\/\",\"url\":\"https:\/\/www.hsymachinery.com\/wp-content\/uploads\/2025\/06\/cropped-HSY-machinery.png\",\"contentUrl\":\"https:\/\/www.hsymachinery.com\/wp-content\/uploads\/2025\/06\/cropped-HSY-machinery.png\",\"width\":600,\"height\":240,\"caption\":\"HSY Construction Machinery\"},\"image\":{\"@id\":\"https:\/\/www.hsymachinery.com\/#\/schema\/logo\/image\/\"}}]}<\/script>\n<!-- \/ Yoast SEO plugin. -->","yoast_head_json":{"title":"M\u00e1quina de dobrar vergalh\u00f5es GW50 - HSY Construction Machinery","description":"A m\u00e1quina de dobra de vergalh\u00f5es GW50 dobra barras de a\u00e7o de 6 a 40 mm com alta precis\u00e3o. Adequada para f\u00e1bricas pr\u00e9-fabricadas, canteiros de obras e exporta\u00e7\u00e3o para mercados internacionais.","robots":{"index":"index","follow":"follow","max-snippet":"max-snippet:-1","max-image-preview":"max-image-preview:large","max-video-preview":"max-video-preview:-1"},"canonical":"https:\/\/www.hsymachinery.com\/pt_br\/produto\/maquina-de-dobrar-vergalhoes-gw50\/","og_locale":"pt_BR","og_type":"article","og_title":"Rebar Bending Machine GW50 - HSY Construction Machinery","og_description":"Rebar Bending Machine GW50 bends 6\u201340mm steel bars with high precision. Suitable for prefab plants, construction sites, and export to international markets.","og_url":"https:\/\/www.hsymachinery.com\/pt_br\/produto\/maquina-de-dobrar-vergalhoes-gw50\/","og_site_name":"HSY Construction Machinery","article_modified_time":"2025-06-25T15:19:27+00:00","og_image":[{"width":600,"height":600,"url":"https:\/\/www.hsymachinery.com\/wp-content\/uploads\/2025\/06\/Rebar-Bending-Machine-GW50.jpg","type":"image\/jpeg"}],"twitter_card":"summary_large_image","twitter_misc":{"Est. tempo de leitura":"2 minutos"},"schema":{"@context":"https:\/\/schema.org","@graph":[{"@type":"WebPage","@id":"https:\/\/www.hsymachinery.com\/product\/rebar-bending-machine-gw50\/","url":"https:\/\/www.hsymachinery.com\/product\/rebar-bending-machine-gw50\/","name":"M\u00e1quina de dobrar vergalh\u00f5es GW50 - HSY Construction Machinery","isPartOf":{"@id":"https:\/\/www.hsymachinery.com\/#website"},"primaryImageOfPage":{"@id":"https:\/\/www.hsymachinery.com\/product\/rebar-bending-machine-gw50\/#primaryimage"},"image":{"@id":"https:\/\/www.hsymachinery.com\/product\/rebar-bending-machine-gw50\/#primaryimage"},"thumbnailUrl":"https:\/\/www.hsymachinery.com\/wp-content\/uploads\/2025\/06\/Rebar-Bending-Machine-GW50.jpg","datePublished":"2025-06-18T04:01:02+00:00","dateModified":"2025-06-25T15:19:27+00:00","description":"A m\u00e1quina de dobra de vergalh\u00f5es GW50 dobra barras de a\u00e7o de 6 a 40 mm com alta precis\u00e3o. Adequada para f\u00e1bricas pr\u00e9-fabricadas, canteiros de obras e exporta\u00e7\u00e3o para mercados internacionais.","breadcrumb":{"@id":"https:\/\/www.hsymachinery.com\/product\/rebar-bending-machine-gw50\/#breadcrumb"},"inLanguage":"pt-BR","potentialAction":[{"@type":"ReadAction","target":["https:\/\/www.hsymachinery.com\/product\/rebar-bending-machine-gw50\/"]}]},{"@type":"ImageObject","inLanguage":"pt-BR","@id":"https:\/\/www.hsymachinery.com\/product\/rebar-bending-machine-gw50\/#primaryimage","url":"https:\/\/www.hsymachinery.com\/wp-content\/uploads\/2025\/06\/Rebar-Bending-Machine-GW50.jpg","contentUrl":"https:\/\/www.hsymachinery.com\/wp-content\/uploads\/2025\/06\/Rebar-Bending-Machine-GW50.jpg","width":600,"height":600},{"@type":"BreadcrumbList","@id":"https:\/\/www.hsymachinery.com\/product\/rebar-bending-machine-gw50\/#breadcrumb","itemListElement":[{"@type":"ListItem","position":1,"name":"home","item":"https:\/\/www.hsymachinery.com\/"},{"@type":"ListItem","position":2,"name":"products","item":"https:\/\/www.hsymachinery.com\/products\/"},{"@type":"ListItem","position":3,"name":"Rebar Bending Machine GW50"}]},{"@type":"WebSite","@id":"https:\/\/www.hsymachinery.com\/#website","url":"https:\/\/www.hsymachinery.com\/","name":"M\u00e1quinas de constru\u00e7\u00e3o HSY","description":"HSY Machinery - Um dos principais fornecedores de m\u00e1quinas de constru\u00e7\u00e3o da China, oferecendo uma ampla gama de equipamentos de constru\u00e7\u00e3o leve. Nossos principais produtos incluem m\u00e1quina de corte de vergalh\u00e3o, m\u00e1quina de dobra de vergalh\u00e3o, m\u00e1quina de dobra de estribo de vergalh\u00e3o, m\u00e1quina de dobra de arco de vergalh\u00e3o, m\u00e1quina de endireitamento de vergalh\u00e3o, m\u00e1quina de dobra de estribo de vergalh\u00e3o de cinco cabe\u00e7as, compactador de placa, cortador de concreto, esp\u00e1tula el\u00e9trica e outras m\u00e1quinas de constru\u00e7\u00e3o. Estamos equipados com m\u00e1quinas CNC avan\u00e7adas e aplicamos padr\u00f5es rigorosos de inspe\u00e7\u00e3o de qualidade, al\u00e9m de um servi\u00e7o p\u00f3s-venda abrangente. Se estiver interessado em nossos produtos ou servi\u00e7os, agradecemos suas consultas por mensagem.","publisher":{"@id":"https:\/\/www.hsymachinery.com\/#organization"},"potentialAction":[{"@type":"SearchAction","target":{"@type":"EntryPoint","urlTemplate":"https:\/\/www.hsymachinery.com\/?s={search_term_string}"},"query-input":{"@type":"PropertyValueSpecification","valueRequired":true,"valueName":"search_term_string"}}],"inLanguage":"pt-BR"},{"@type":"Organization","@id":"https:\/\/www.hsymachinery.com\/#organization","name":"M\u00e1quinas de constru\u00e7\u00e3o HSY","url":"https:\/\/www.hsymachinery.com\/","logo":{"@type":"ImageObject","inLanguage":"pt-BR","@id":"https:\/\/www.hsymachinery.com\/#\/schema\/logo\/image\/","url":"https:\/\/www.hsymachinery.com\/wp-content\/uploads\/2025\/06\/cropped-HSY-machinery.png","contentUrl":"https:\/\/www.hsymachinery.com\/wp-content\/uploads\/2025\/06\/cropped-HSY-machinery.png","width":600,"height":240,"caption":"HSY Construction Machinery"},"image":{"@id":"https:\/\/www.hsymachinery.com\/#\/schema\/logo\/image\/"}}]}},"_links":{"self":[{"href":"https:\/\/www.hsymachinery.com\/pt_br\/wp-json\/wp\/v2\/product\/8946","targetHints":{"allow":["GET"]}}],"collection":[{"href":"https:\/\/www.hsymachinery.com\/pt_br\/wp-json\/wp\/v2\/product"}],"about":[{"href":"https:\/\/www.hsymachinery.com\/pt_br\/wp-json\/wp\/v2\/types\/product"}],"version-history":[{"count":4,"href":"https:\/\/www.hsymachinery.com\/pt_br\/wp-json\/wp\/v2\/product\/8946\/revisions"}],"predecessor-version":[{"id":9355,"href":"https:\/\/www.hsymachinery.com\/pt_br\/wp-json\/wp\/v2\/product\/8946\/revisions\/9355"}],"wp:featuredmedia":[{"embeddable":true,"href":"https:\/\/www.hsymachinery.com\/pt_br\/wp-json\/wp\/v2\/media\/8947"}],"wp:attachment":[{"href":"https:\/\/www.hsymachinery.com\/pt_br\/wp-json\/wp\/v2\/media?parent=8946"}],"wp:term":[{"taxonomy":"product_brand","embeddable":true,"href":"https:\/\/www.hsymachinery.com\/pt_br\/wp-json\/wp\/v2\/product_brand?post=8946"},{"taxonomy":"product_cat","embeddable":true,"href":"https:\/\/www.hsymachinery.com\/pt_br\/wp-json\/wp\/v2\/product_cat?post=8946"},{"taxonomy":"product_tag","embeddable":true,"href":"https:\/\/www.hsymachinery.com\/pt_br\/wp-json\/wp\/v2\/product_tag?post=8946"}],"curies":[{"name":"wp","href":"https:\/\/api.w.org\/{rel}","templated":true}]}}