{"id":8924,"date":"2025-06-18T11:25:48","date_gmt":"2025-06-18T03:25:48","guid":{"rendered":"https:\/\/www.hsymachinery.com\/?post_type=product&#038;p=8924"},"modified":"2025-06-25T20:59:05","modified_gmt":"2025-06-25T12:59:05","slug":"maquina-de-corte-de-vergalhoes-com-faca-redonda-gq50","status":"publish","type":"product","link":"https:\/\/www.hsymachinery.com\/pt_br\/produto\/maquina-de-corte-de-vergalhoes-com-faca-redonda-gq50\/","title":{"rendered":"M\u00e1quina de corte de vergalh\u00e3o GQ50 (faca redonda)"},"content":{"rendered":"<h3 data-start=\"232\" data-end=\"318\">Vis\u00e3o geral do produto - M\u00e1quina de processamento de vergalh\u00f5es de alta capacidade para barras de a\u00e7o de 6 a 40 mm<\/h3>\n<p data-start=\"320\" data-end=\"709\">O <strong data-start=\"324\" data-end=\"368\">M\u00e1quina de corte de vergalh\u00e3o GQ50 (faca redonda)<\/strong> \u00e9 uma m\u00e1quina de corte de barras de a\u00e7o potente e eficiente, projetada para opera\u00e7\u00e3o cont\u00ednua e em grande escala. Ela suporta o corte de <strong data-start=\"497\" data-end=\"512\">6 mm a 40 mm<\/strong> a\u00e7o carbono, barras deformadas e vergalh\u00f5es redondos. Seu design de faca redonda oferece uma a\u00e7\u00e3o de corte por cisalhamento, o que reduz muito a resist\u00eancia e o desgaste da l\u00e2mina em compara\u00e7\u00e3o com as facas planas tradicionais.<\/p>\n<p data-start=\"711\" data-end=\"855\">Esse modelo \u00e9 amplamente utilizado na constru\u00e7\u00e3o de estradas e pontes, edif\u00edcios comerciais, oficinas de pr\u00e9-fabrica\u00e7\u00e3o de vergalh\u00f5es e desenvolvimento de infraestrutura.<\/p>\n<h3 data-start=\"862\" data-end=\"913\">Mecanismo de cisalhamento de rolamento para cortes limpos e r\u00e1pidos<\/h3>\n<p data-start=\"915\" data-end=\"1212\">O sistema de faca redonda cria uma experi\u00eancia de corte mais suave ao aplicar press\u00e3o de rolagem na barra de a\u00e7o. Como resultado, a superf\u00edcie de corte \u00e9 mais limpa, mais uniforme e menos propensa a deforma\u00e7\u00f5es. Al\u00e9m disso, o design reduz a tens\u00e3o no motor e aumenta a vida \u00fatil das l\u00e2minas.<\/p>\n<p data-start=\"1214\" data-end=\"1524\">O <strong data-start=\"1218\" data-end=\"1262\"><a href=\"https:\/\/www.hsymachinery.com\/pt_br\/produtos\/maquina-de-corte-de-vergalhoes\/\" target=\"_blank\" rel=\"noopener\">M\u00e1quina de corte de vergalh\u00e3o<\/a> GQ50 (faca redonda)<\/strong> \u00e9 equipado com um motor de cobre de alta efici\u00eancia e uma caixa de engrenagens de precis\u00e3o que trabalham juntos para fornecer uma sa\u00edda de torque consistente, mesmo durante longas sess\u00f5es de trabalho. O motor funciona com o m\u00ednimo de ac\u00famulo de calor e vibra\u00e7\u00e3o, garantindo uma opera\u00e7\u00e3o segura, silenciosa e est\u00e1vel.<\/p>\n<h3 data-start=\"1531\" data-end=\"1587\">Constru\u00e7\u00e3o para servi\u00e7os pesados com compatibilidade global<\/h3>\n<p data-start=\"1589\" data-end=\"1844\">A estrutura \u00e9 constru\u00edda em ferro fundido refor\u00e7ado, proporcionando excelente for\u00e7a e resist\u00eancia a choques. A m\u00e1quina inclui rodas s\u00f3lidas para facilitar o deslocamento entre os locais de trabalho, e sua alavanca de controle manual oferece aos operadores um manuseio preciso de cada corte.<\/p>\n<p data-start=\"1846\" data-end=\"2037\">Al\u00e9m disso, o design de acesso aberto torna as trocas de l\u00e2minas e a manuten\u00e7\u00e3o interna r\u00e1pidas e simples. Com <strong data-start=\"1947\" data-end=\"1982\">Op\u00e7\u00f5es de 220V\/380V e 50Hz\/60Hz<\/strong>Se a m\u00e1quina estiver totalmente pronta para a exporta\u00e7\u00e3o internacional, ela poder\u00e1 ser exportada.<\/p>\n<h3 data-start=\"2044\" data-end=\"2089\">Por que escolher o cortador de faca redonda GQ50?<\/h3>\n<ul data-start=\"2091\" data-end=\"2296\">\n<li data-start=\"2091\" data-end=\"2149\">\n<p data-start=\"2093\" data-end=\"2149\">Corta barras de a\u00e7o de 6 a 40 mm com a\u00e7\u00e3o de lamina\u00e7\u00e3o de l\u00e2mina redonda<\/p>\n<\/li>\n<li data-start=\"2150\" data-end=\"2205\">\n<p data-start=\"2152\" data-end=\"2205\">Reduz a resist\u00eancia ao corte e aumenta a efici\u00eancia<\/p>\n<\/li>\n<li data-start=\"2206\" data-end=\"2254\">\n<p data-start=\"2208\" data-end=\"2254\">Design dur\u00e1vel com acesso r\u00e1pido para manuten\u00e7\u00e3o<\/p>\n<\/li>\n<li data-start=\"2255\" data-end=\"2296\">\n<p data-start=\"2257\" data-end=\"2296\">Ideal para servi\u00e7os pesados e mercados de exporta\u00e7\u00e3o<\/p>\n<\/li>\n<\/ul>\n<p data-start=\"2298\" data-end=\"2419\">Escolha o <strong data-start=\"2309\" data-end=\"2353\">M\u00e1quina de corte de vergalh\u00e3o GQ50 (faca redonda)<\/strong> para agilizar seu processamento de barras de a\u00e7o com m\u00e1xima confiabilidade.<\/p>\n<p><iframe title=\"Cortador de vergalh\u00f5esM\u00e1quina de corte de vergalh\u00f5esM\u00e1quina de corte de vergalh\u00f5es, m\u00e1quina de corte de barras de a\u00e7o, m\u00e1quinas de constru\u00e7\u00e3o\" width=\"720\" height=\"405\" src=\"https:\/\/www.youtube.com\/embed\/cIrJPBezWsw?feature=oembed\" frameborder=\"0\" allow=\"accelerometer; autoplay; clipboard-write; encrypted-media; gyroscope; picture-in-picture; web-share\" referrerpolicy=\"strict-origin-when-cross-origin\" allowfullscreen><\/iframe><\/p>","protected":false},"excerpt":{"rendered":"<p>A m\u00e1quina de corte de vergalh\u00e3o com faca redonda GQ50 manuseia com efici\u00eancia barras de a\u00e7o de 6 a 40 mm com tesoura de lamina\u00e7\u00e3o, garantindo cortes suaves, baixa resist\u00eancia e alta durabilidade para trabalho cont\u00ednuo no local.<\/p>","protected":false},"featured_media":8925,"template":"","meta":{"_kad_post_transparent":"default","_kad_post_title":"","_kad_post_layout":"default","_kad_post_sidebar_id":"","_kad_post_content_style":"default","_kad_post_vertical_padding":"default","_kad_post_feature":"","_kad_post_feature_position":"","_kad_post_header":false,"_kad_post_footer":false},"product_brand":[],"product_cat":[51],"product_tag":[988,992,990,989,993,985,994,987,984,991,986],"class_list":{"0":"post-8924","1":"product","2":"type-product","3":"status-publish","4":"has-post-thumbnail","6":"product_cat-rebar-cutting-machine","7":"product_tag-automatic-rebar-cutter","8":"product_tag-construction-steel-bar-cutter","9":"product_tag-electric-rebar-cutting-tool","10":"product_tag-hydraulic-rebar-cutting-machine","11":"product_tag-portable-rebar-cutting-machine","12":"product_tag-rebar-cutter","13":"product_tag-rebar-cutting-machine","14":"product_tag-reinforcement-bar-cutter","15":"product_tag-steel-bar-cutting-machine","16":"product_tag-steel-rod-cutter-machine","17":"product_tag-tmt-bar-cutting-machine","19":"first","20":"instock","21":"shipping-taxable","22":"product-type-simple","23":"entry","24":"content-bg","25":"loop-entry"},"yoast_head":"<!-- This site is optimized with the Yoast SEO plugin v25.3.1 - https:\/\/yoast.com\/wordpress\/plugins\/seo\/ -->\n<title>Rebar Cutting Machine GQ50 (Round knife) - HSY Construction Machinery<\/title>\n<meta name=\"description\" content=\"Rebar Cutting Machine GQ50 (Round Knife) delivers fast, clean rolling-shear cuts for 6\u201340mm rebar. Built for high-output construction and international markets.\" \/>\n<meta name=\"robots\" content=\"index, follow, max-snippet:-1, max-image-preview:large, max-video-preview:-1\" \/>\n<link rel=\"canonical\" href=\"https:\/\/www.hsymachinery.com\/pt_br\/produto\/maquina-de-corte-de-vergalhoes-com-faca-redonda-gq50\/\" \/>\n<meta property=\"og:locale\" content=\"pt_BR\" \/>\n<meta property=\"og:type\" content=\"article\" \/>\n<meta property=\"og:title\" content=\"Rebar Cutting Machine GQ50 (Round knife) - HSY Construction Machinery\" \/>\n<meta property=\"og:description\" content=\"Rebar Cutting Machine GQ50 (Round Knife) delivers fast, clean rolling-shear cuts for 6\u201340mm rebar. Built for high-output construction and international markets.\" \/>\n<meta property=\"og:url\" content=\"https:\/\/www.hsymachinery.com\/pt_br\/produto\/maquina-de-corte-de-vergalhoes-com-faca-redonda-gq50\/\" \/>\n<meta property=\"og:site_name\" content=\"HSY Construction Machinery\" \/>\n<meta property=\"article:modified_time\" content=\"2025-06-25T12:59:05+00:00\" \/>\n<meta property=\"og:image\" content=\"https:\/\/www.hsymachinery.com\/wp-content\/uploads\/2025\/06\/Rebar-Cutting-Machine-GQ50-Round-knife.jpg\" \/>\n\t<meta property=\"og:image:width\" content=\"600\" \/>\n\t<meta property=\"og:image:height\" content=\"600\" \/>\n\t<meta property=\"og:image:type\" content=\"image\/jpeg\" \/>\n<meta name=\"twitter:card\" content=\"summary_large_image\" \/>\n<meta name=\"twitter:label1\" content=\"Est. tempo de leitura\" \/>\n\t<meta name=\"twitter:data1\" content=\"2 minutos\" \/>\n<script type=\"application\/ld+json\" class=\"yoast-schema-graph\">{\"@context\":\"https:\/\/schema.org\",\"@graph\":[{\"@type\":\"WebPage\",\"@id\":\"https:\/\/www.hsymachinery.com\/product\/rebar-cutting-machine-gq50-round-knife\/\",\"url\":\"https:\/\/www.hsymachinery.com\/product\/rebar-cutting-machine-gq50-round-knife\/\",\"name\":\"Rebar Cutting Machine GQ50 (Round knife) - HSY Construction Machinery\",\"isPartOf\":{\"@id\":\"https:\/\/www.hsymachinery.com\/#website\"},\"primaryImageOfPage\":{\"@id\":\"https:\/\/www.hsymachinery.com\/product\/rebar-cutting-machine-gq50-round-knife\/#primaryimage\"},\"image\":{\"@id\":\"https:\/\/www.hsymachinery.com\/product\/rebar-cutting-machine-gq50-round-knife\/#primaryimage\"},\"thumbnailUrl\":\"https:\/\/www.hsymachinery.com\/wp-content\/uploads\/2025\/06\/Rebar-Cutting-Machine-GQ50-Round-knife.jpg\",\"datePublished\":\"2025-06-18T03:25:48+00:00\",\"dateModified\":\"2025-06-25T12:59:05+00:00\",\"description\":\"Rebar Cutting Machine GQ50 (Round Knife) delivers fast, clean rolling-shear cuts for 6\u201340mm rebar. Built for high-output construction and international markets.\",\"breadcrumb\":{\"@id\":\"https:\/\/www.hsymachinery.com\/product\/rebar-cutting-machine-gq50-round-knife\/#breadcrumb\"},\"inLanguage\":\"pt-BR\",\"potentialAction\":[{\"@type\":\"ReadAction\",\"target\":[\"https:\/\/www.hsymachinery.com\/product\/rebar-cutting-machine-gq50-round-knife\/\"]}]},{\"@type\":\"ImageObject\",\"inLanguage\":\"pt-BR\",\"@id\":\"https:\/\/www.hsymachinery.com\/product\/rebar-cutting-machine-gq50-round-knife\/#primaryimage\",\"url\":\"https:\/\/www.hsymachinery.com\/wp-content\/uploads\/2025\/06\/Rebar-Cutting-Machine-GQ50-Round-knife.jpg\",\"contentUrl\":\"https:\/\/www.hsymachinery.com\/wp-content\/uploads\/2025\/06\/Rebar-Cutting-Machine-GQ50-Round-knife.jpg\",\"width\":600,\"height\":600},{\"@type\":\"BreadcrumbList\",\"@id\":\"https:\/\/www.hsymachinery.com\/product\/rebar-cutting-machine-gq50-round-knife\/#breadcrumb\",\"itemListElement\":[{\"@type\":\"ListItem\",\"position\":1,\"name\":\"home\",\"item\":\"https:\/\/www.hsymachinery.com\/\"},{\"@type\":\"ListItem\",\"position\":2,\"name\":\"products\",\"item\":\"https:\/\/www.hsymachinery.com\/products\/\"},{\"@type\":\"ListItem\",\"position\":3,\"name\":\"Rebar Cutting Machine GQ50 (Round knife)\"}]},{\"@type\":\"WebSite\",\"@id\":\"https:\/\/www.hsymachinery.com\/#website\",\"url\":\"https:\/\/www.hsymachinery.com\/\",\"name\":\"HSY Construction Machinery\",\"description\":\"HSY Machinery \u2013 A leading China construction machinery supplier, offering a wide range of light construction equipment. Our main products include Rebar Cutting Machine, Rebar Bending Machine, Rebar Stirrup Bending Machine, Rebar Arc Bending Machine, Rebar Straightening Machine, Five-Head Rebar Stirrup Bending Machine, Tamping Rammer, Plate Compactor, Concrete Cutter, Power Trowel, and other construction machinery. We are equipped with advanced CNC machines, and we enforce strict quality inspection standards along with comprehensive after-sales service. If you are interested in our products or services, we warmly welcome your inquiries via message.\",\"publisher\":{\"@id\":\"https:\/\/www.hsymachinery.com\/#organization\"},\"potentialAction\":[{\"@type\":\"SearchAction\",\"target\":{\"@type\":\"EntryPoint\",\"urlTemplate\":\"https:\/\/www.hsymachinery.com\/?s={search_term_string}\"},\"query-input\":{\"@type\":\"PropertyValueSpecification\",\"valueRequired\":true,\"valueName\":\"search_term_string\"}}],\"inLanguage\":\"pt-BR\"},{\"@type\":\"Organization\",\"@id\":\"https:\/\/www.hsymachinery.com\/#organization\",\"name\":\"HSY Construction Machinery\",\"url\":\"https:\/\/www.hsymachinery.com\/\",\"logo\":{\"@type\":\"ImageObject\",\"inLanguage\":\"pt-BR\",\"@id\":\"https:\/\/www.hsymachinery.com\/#\/schema\/logo\/image\/\",\"url\":\"https:\/\/www.hsymachinery.com\/wp-content\/uploads\/2025\/06\/cropped-HSY-machinery.png\",\"contentUrl\":\"https:\/\/www.hsymachinery.com\/wp-content\/uploads\/2025\/06\/cropped-HSY-machinery.png\",\"width\":600,\"height\":240,\"caption\":\"HSY Construction Machinery\"},\"image\":{\"@id\":\"https:\/\/www.hsymachinery.com\/#\/schema\/logo\/image\/\"}}]}<\/script>\n<!-- \/ Yoast SEO plugin. -->","yoast_head_json":{"title":"M\u00e1quina de corte de vergalh\u00e3o GQ50 (faca redonda) - HSY Construction Machinery","description":"A m\u00e1quina de corte de vergalh\u00e3o GQ50 (faca redonda) oferece cortes r\u00e1pidos e limpos para vergalh\u00f5es de 6 a 40 mm. Criada para constru\u00e7\u00e3o de alto rendimento e mercados internacionais.","robots":{"index":"index","follow":"follow","max-snippet":"max-snippet:-1","max-image-preview":"max-image-preview:large","max-video-preview":"max-video-preview:-1"},"canonical":"https:\/\/www.hsymachinery.com\/pt_br\/produto\/maquina-de-corte-de-vergalhoes-com-faca-redonda-gq50\/","og_locale":"pt_BR","og_type":"article","og_title":"Rebar Cutting Machine GQ50 (Round knife) - HSY Construction Machinery","og_description":"Rebar Cutting Machine GQ50 (Round Knife) delivers fast, clean rolling-shear cuts for 6\u201340mm rebar. Built for high-output construction and international markets.","og_url":"https:\/\/www.hsymachinery.com\/pt_br\/produto\/maquina-de-corte-de-vergalhoes-com-faca-redonda-gq50\/","og_site_name":"HSY Construction Machinery","article_modified_time":"2025-06-25T12:59:05+00:00","og_image":[{"width":600,"height":600,"url":"https:\/\/www.hsymachinery.com\/wp-content\/uploads\/2025\/06\/Rebar-Cutting-Machine-GQ50-Round-knife.jpg","type":"image\/jpeg"}],"twitter_card":"summary_large_image","twitter_misc":{"Est. tempo de leitura":"2 minutos"},"schema":{"@context":"https:\/\/schema.org","@graph":[{"@type":"WebPage","@id":"https:\/\/www.hsymachinery.com\/product\/rebar-cutting-machine-gq50-round-knife\/","url":"https:\/\/www.hsymachinery.com\/product\/rebar-cutting-machine-gq50-round-knife\/","name":"M\u00e1quina de corte de vergalh\u00e3o GQ50 (faca redonda) - HSY Construction Machinery","isPartOf":{"@id":"https:\/\/www.hsymachinery.com\/#website"},"primaryImageOfPage":{"@id":"https:\/\/www.hsymachinery.com\/product\/rebar-cutting-machine-gq50-round-knife\/#primaryimage"},"image":{"@id":"https:\/\/www.hsymachinery.com\/product\/rebar-cutting-machine-gq50-round-knife\/#primaryimage"},"thumbnailUrl":"https:\/\/www.hsymachinery.com\/wp-content\/uploads\/2025\/06\/Rebar-Cutting-Machine-GQ50-Round-knife.jpg","datePublished":"2025-06-18T03:25:48+00:00","dateModified":"2025-06-25T12:59:05+00:00","description":"A m\u00e1quina de corte de vergalh\u00e3o GQ50 (faca redonda) oferece cortes r\u00e1pidos e limpos para vergalh\u00f5es de 6 a 40 mm. Criada para constru\u00e7\u00e3o de alto rendimento e mercados internacionais.","breadcrumb":{"@id":"https:\/\/www.hsymachinery.com\/product\/rebar-cutting-machine-gq50-round-knife\/#breadcrumb"},"inLanguage":"pt-BR","potentialAction":[{"@type":"ReadAction","target":["https:\/\/www.hsymachinery.com\/product\/rebar-cutting-machine-gq50-round-knife\/"]}]},{"@type":"ImageObject","inLanguage":"pt-BR","@id":"https:\/\/www.hsymachinery.com\/product\/rebar-cutting-machine-gq50-round-knife\/#primaryimage","url":"https:\/\/www.hsymachinery.com\/wp-content\/uploads\/2025\/06\/Rebar-Cutting-Machine-GQ50-Round-knife.jpg","contentUrl":"https:\/\/www.hsymachinery.com\/wp-content\/uploads\/2025\/06\/Rebar-Cutting-Machine-GQ50-Round-knife.jpg","width":600,"height":600},{"@type":"BreadcrumbList","@id":"https:\/\/www.hsymachinery.com\/product\/rebar-cutting-machine-gq50-round-knife\/#breadcrumb","itemListElement":[{"@type":"ListItem","position":1,"name":"home","item":"https:\/\/www.hsymachinery.com\/"},{"@type":"ListItem","position":2,"name":"products","item":"https:\/\/www.hsymachinery.com\/products\/"},{"@type":"ListItem","position":3,"name":"Rebar Cutting Machine GQ50 (Round knife)"}]},{"@type":"WebSite","@id":"https:\/\/www.hsymachinery.com\/#website","url":"https:\/\/www.hsymachinery.com\/","name":"M\u00e1quinas de constru\u00e7\u00e3o HSY","description":"HSY Machinery - Um dos principais fornecedores de m\u00e1quinas de constru\u00e7\u00e3o da China, oferecendo uma ampla gama de equipamentos de constru\u00e7\u00e3o leve. Nossos principais produtos incluem m\u00e1quina de corte de vergalh\u00e3o, m\u00e1quina de dobra de vergalh\u00e3o, m\u00e1quina de dobra de estribo de vergalh\u00e3o, m\u00e1quina de dobra de arco de vergalh\u00e3o, m\u00e1quina de endireitamento de vergalh\u00e3o, m\u00e1quina de dobra de estribo de vergalh\u00e3o de cinco cabe\u00e7as, compactador de placa, cortador de concreto, esp\u00e1tula el\u00e9trica e outras m\u00e1quinas de constru\u00e7\u00e3o. Estamos equipados com m\u00e1quinas CNC avan\u00e7adas e aplicamos padr\u00f5es rigorosos de inspe\u00e7\u00e3o de qualidade, al\u00e9m de um servi\u00e7o p\u00f3s-venda abrangente. Se estiver interessado em nossos produtos ou servi\u00e7os, agradecemos suas consultas por mensagem.","publisher":{"@id":"https:\/\/www.hsymachinery.com\/#organization"},"potentialAction":[{"@type":"SearchAction","target":{"@type":"EntryPoint","urlTemplate":"https:\/\/www.hsymachinery.com\/?s={search_term_string}"},"query-input":{"@type":"PropertyValueSpecification","valueRequired":true,"valueName":"search_term_string"}}],"inLanguage":"pt-BR"},{"@type":"Organization","@id":"https:\/\/www.hsymachinery.com\/#organization","name":"M\u00e1quinas de constru\u00e7\u00e3o HSY","url":"https:\/\/www.hsymachinery.com\/","logo":{"@type":"ImageObject","inLanguage":"pt-BR","@id":"https:\/\/www.hsymachinery.com\/#\/schema\/logo\/image\/","url":"https:\/\/www.hsymachinery.com\/wp-content\/uploads\/2025\/06\/cropped-HSY-machinery.png","contentUrl":"https:\/\/www.hsymachinery.com\/wp-content\/uploads\/2025\/06\/cropped-HSY-machinery.png","width":600,"height":240,"caption":"HSY Construction Machinery"},"image":{"@id":"https:\/\/www.hsymachinery.com\/#\/schema\/logo\/image\/"}}]}},"_links":{"self":[{"href":"https:\/\/www.hsymachinery.com\/pt_br\/wp-json\/wp\/v2\/product\/8924","targetHints":{"allow":["GET"]}}],"collection":[{"href":"https:\/\/www.hsymachinery.com\/pt_br\/wp-json\/wp\/v2\/product"}],"about":[{"href":"https:\/\/www.hsymachinery.com\/pt_br\/wp-json\/wp\/v2\/types\/product"}],"version-history":[{"count":3,"href":"https:\/\/www.hsymachinery.com\/pt_br\/wp-json\/wp\/v2\/product\/8924\/revisions"}],"predecessor-version":[{"id":9331,"href":"https:\/\/www.hsymachinery.com\/pt_br\/wp-json\/wp\/v2\/product\/8924\/revisions\/9331"}],"wp:featuredmedia":[{"embeddable":true,"href":"https:\/\/www.hsymachinery.com\/pt_br\/wp-json\/wp\/v2\/media\/8925"}],"wp:attachment":[{"href":"https:\/\/www.hsymachinery.com\/pt_br\/wp-json\/wp\/v2\/media?parent=8924"}],"wp:term":[{"taxonomy":"product_brand","embeddable":true,"href":"https:\/\/www.hsymachinery.com\/pt_br\/wp-json\/wp\/v2\/product_brand?post=8924"},{"taxonomy":"product_cat","embeddable":true,"href":"https:\/\/www.hsymachinery.com\/pt_br\/wp-json\/wp\/v2\/product_cat?post=8924"},{"taxonomy":"product_tag","embeddable":true,"href":"https:\/\/www.hsymachinery.com\/pt_br\/wp-json\/wp\/v2\/product_tag?post=8924"}],"curies":[{"name":"wp","href":"https:\/\/api.w.org\/{rel}","templated":true}]}}