{"id":8921,"date":"2025-06-18T11:24:46","date_gmt":"2025-06-18T03:24:46","guid":{"rendered":"https:\/\/www.hsymachinery.com\/?post_type=product&#038;p=8921"},"modified":"2025-06-25T20:50:31","modified_gmt":"2025-06-25T12:50:31","slug":"maquina-de-corte-de-vergalhoes-com-faca-plana-gq50","status":"publish","type":"product","link":"https:\/\/www.hsymachinery.com\/pt_br\/produto\/maquina-de-corte-de-vergalhoes-com-faca-plana-gq50\/","title":{"rendered":"M\u00e1quina de corte de vergalh\u00e3o GQ50 (faca plana)"},"content":{"rendered":"<h3 data-start=\"419\" data-end=\"476\">M\u00e1quina de corte de a\u00e7o para servi\u00e7o pesado para vergalh\u00f5es de at\u00e9 40 mm<\/h3>\n<h3 data-start=\"483\" data-end=\"570\">\u00a0Vis\u00e3o geral do produto - Equipamento de processamento de vergalh\u00f5es industriais para corte em larga escala<\/h3>\n<p data-start=\"572\" data-end=\"990\">O <strong data-start=\"576\" data-end=\"619\">M\u00e1quina de corte de vergalh\u00e3o GQ50 (faca plana)<\/strong> \u00e9 uma m\u00e1quina de corte de a\u00e7o de alta capacidade constru\u00edda para atender \u00e0s necessidades de constru\u00e7\u00e3o pesada. Projetada para cortar <strong data-start=\"724\" data-end=\"739\">6 mm a 40 mm<\/strong> de di\u00e2metro, esse modelo \u00e9 ideal para aplica\u00e7\u00f5es de infraestrutura, pontes, t\u00faneis e pr\u00e9-fabrica\u00e7\u00e3o. Seu mecanismo de corte com l\u00e2mina plana garante um processo de cisalhamento est\u00e1vel e limpo, proporcionando bordas consistentemente lisas e perda reduzida de material.<\/p>\n<h3 data-start=\"997\" data-end=\"1062\">Desempenho de corte est\u00e1vel com design de l\u00e2mina de alta resist\u00eancia<\/h3>\n<p data-start=\"1064\" data-end=\"1407\">Esse modelo usa um <strong data-start=\"1082\" data-end=\"1112\">sistema de cisalhamento de faca plana<\/strong> que aplica press\u00e3o uniforme em cada segmento de vergalh\u00e3o. Como resultado, os cortes s\u00e3o precisos e limpos, sem distor\u00e7\u00e3o ou rebarbas. A l\u00e2mina robusta pode suportar altas cargas de trabalho, mantendo a precis\u00e3o ao longo do tempo. Al\u00e9m disso, o sistema de l\u00e2mina de troca r\u00e1pida torna a manuten\u00e7\u00e3o r\u00e1pida e f\u00e1cil de usar.<\/p>\n<p data-start=\"1409\" data-end=\"1692\">O <strong data-start=\"1413\" data-end=\"1456\"><a href=\"https:\/\/www.hsymachinery.com\/pt_br\/produtos\/maquina-de-corte-de-vergalhoes\/\" target=\"_blank\" rel=\"noopener\">M\u00e1quina de corte de vergalh\u00e3o<\/a> GQ50 (faca plana)<\/strong> \u00e9 alimentado por um motor de cobre de alta efici\u00eancia que proporciona um forte torque com baixo consumo de energia. Combinada com uma caixa de engrenagens usinada com precis\u00e3o, essa m\u00e1quina opera com vibra\u00e7\u00e3o m\u00ednima e baixo ru\u00eddo, mesmo em uso cont\u00ednuo.<\/p>\n<h3 data-start=\"1699\" data-end=\"1749\">Estrutura robusta e design pronto para exporta\u00e7\u00e3o global<\/h3>\n<p data-start=\"1751\" data-end=\"2081\">A m\u00e1quina apresenta um corpo de ferro fundido refor\u00e7ado, que garante a integridade estrutural sob estresse mec\u00e2nico de longo prazo. As rodas de borracha maci\u00e7a melhoram a mobilidade no local, enquanto a al\u00e7a de controle manual proporciona uma opera\u00e7\u00e3o f\u00e1cil. Al\u00e9m disso, a tampa aberta permite f\u00e1cil acesso para manuten\u00e7\u00e3o e troca de l\u00e2minas.<\/p>\n<p data-start=\"2083\" data-end=\"2335\">Com suporte a v\u00e1rios padr\u00f5es de tens\u00e3o (220V\/380V, 50Hz\/60Hz), essa m\u00e1quina \u00e9 adequada para mercados internacionais. Os profissionais escolhem o modelo de faca plana GQ50 por sua confiabilidade de longo prazo, consist\u00eancia de corte e forte retorno sobre o investimento.<\/p>\n<h3 data-start=\"2342\" data-end=\"2388\">\u00a0Por que escolher o cortador de vergalh\u00e3o de faca plana GQ50?<\/h3>\n<ul data-start=\"2390\" data-end=\"2631\">\n<li data-start=\"2390\" data-end=\"2452\">\n<p data-start=\"2392\" data-end=\"2452\">Corta vergalh\u00f5es de 6 mm a 40 mm com desempenho limpo e est\u00e1vel<\/p>\n<\/li>\n<li data-start=\"2453\" data-end=\"2525\">\n<p data-start=\"2455\" data-end=\"2525\">Design resistente para longas horas de corte sem perda de precis\u00e3o<\/p>\n<\/li>\n<li data-start=\"2526\" data-end=\"2574\">\n<p data-start=\"2528\" data-end=\"2574\">Troca r\u00e1pida da l\u00e2mina e f\u00e1cil manuten\u00e7\u00e3o<\/p>\n<\/li>\n<li data-start=\"2575\" data-end=\"2631\">\n<p data-start=\"2577\" data-end=\"2631\">Pronto para exporta\u00e7\u00e3o com personaliza\u00e7\u00e3o de tens\u00e3o para uso global<\/p>\n<\/li>\n<\/ul>\n<p><iframe title=\"Cortador de vergalh\u00f5esM\u00e1quina de corte de vergalh\u00f5esM\u00e1quina de corte de vergalh\u00f5es, m\u00e1quina de corte de barras de a\u00e7o, m\u00e1quinas de constru\u00e7\u00e3o\" width=\"720\" height=\"405\" src=\"https:\/\/www.youtube.com\/embed\/cIrJPBezWsw?feature=oembed\" frameborder=\"0\" allow=\"accelerometer; autoplay; clipboard-write; encrypted-media; gyroscope; picture-in-picture; web-share\" referrerpolicy=\"strict-origin-when-cross-origin\" allowfullscreen><\/iframe><\/p>","protected":false},"excerpt":{"rendered":"<p>A m\u00e1quina de corte de vergalh\u00e3o com faca plana GQ50 oferece cortes est\u00e1veis e limpos para barras de a\u00e7o de 6 a 40 mm. Ideal para ambientes de constru\u00e7\u00e3o com alta carga e uso prolongado em canteiros de obras.<\/p>","protected":false},"featured_media":8922,"template":"","meta":{"_kad_post_transparent":"default","_kad_post_title":"","_kad_post_layout":"default","_kad_post_sidebar_id":"","_kad_post_content_style":"default","_kad_post_vertical_padding":"default","_kad_post_feature":"","_kad_post_feature_position":"","_kad_post_header":false,"_kad_post_footer":false},"product_brand":[],"product_cat":[51],"product_tag":[988,992,990,989,993,985,994,987,984,991,986],"class_list":{"0":"post-8921","1":"product","2":"type-product","3":"status-publish","4":"has-post-thumbnail","6":"product_cat-rebar-cutting-machine","7":"product_tag-automatic-rebar-cutter","8":"product_tag-construction-steel-bar-cutter","9":"product_tag-electric-rebar-cutting-tool","10":"product_tag-hydraulic-rebar-cutting-machine","11":"product_tag-portable-rebar-cutting-machine","12":"product_tag-rebar-cutter","13":"product_tag-rebar-cutting-machine","14":"product_tag-reinforcement-bar-cutter","15":"product_tag-steel-bar-cutting-machine","16":"product_tag-steel-rod-cutter-machine","17":"product_tag-tmt-bar-cutting-machine","19":"first","20":"instock","21":"shipping-taxable","22":"product-type-simple","23":"entry","24":"content-bg","25":"loop-entry"},"yoast_head":"<!-- This site is optimized with the Yoast SEO plugin v25.3.1 - https:\/\/yoast.com\/wordpress\/plugins\/seo\/ -->\n<title>Rebar Cutting Machine GQ50 (Flat knife) - HSY Construction Machinery<\/title>\n<meta name=\"description\" content=\"Rebar Cutting Machine GQ50 (Flat Knife) cuts 6\u201340mm rebar with clean edges and high efficiency. Designed for heavy-duty construction and export demands.\" \/>\n<meta name=\"robots\" content=\"index, follow, max-snippet:-1, max-image-preview:large, max-video-preview:-1\" \/>\n<link rel=\"canonical\" href=\"https:\/\/www.hsymachinery.com\/pt_br\/produto\/maquina-de-corte-de-vergalhoes-com-faca-plana-gq50\/\" \/>\n<meta property=\"og:locale\" content=\"pt_BR\" \/>\n<meta property=\"og:type\" content=\"article\" \/>\n<meta property=\"og:title\" content=\"Rebar Cutting Machine GQ50 (Flat knife) - HSY Construction Machinery\" \/>\n<meta property=\"og:description\" content=\"Rebar Cutting Machine GQ50 (Flat Knife) cuts 6\u201340mm rebar with clean edges and high efficiency. Designed for heavy-duty construction and export demands.\" \/>\n<meta property=\"og:url\" content=\"https:\/\/www.hsymachinery.com\/pt_br\/produto\/maquina-de-corte-de-vergalhoes-com-faca-plana-gq50\/\" \/>\n<meta property=\"og:site_name\" content=\"HSY Construction Machinery\" \/>\n<meta property=\"article:modified_time\" content=\"2025-06-25T12:50:31+00:00\" \/>\n<meta property=\"og:image\" content=\"https:\/\/www.hsymachinery.com\/wp-content\/uploads\/2025\/06\/Rebar-Cutting-Machine-GQ50-Flat-knife.jpg\" \/>\n\t<meta property=\"og:image:width\" content=\"600\" \/>\n\t<meta property=\"og:image:height\" content=\"600\" \/>\n\t<meta property=\"og:image:type\" content=\"image\/jpeg\" \/>\n<meta name=\"twitter:card\" content=\"summary_large_image\" \/>\n<meta name=\"twitter:label1\" content=\"Est. tempo de leitura\" \/>\n\t<meta name=\"twitter:data1\" content=\"2 minutos\" \/>\n<script type=\"application\/ld+json\" class=\"yoast-schema-graph\">{\"@context\":\"https:\/\/schema.org\",\"@graph\":[{\"@type\":\"WebPage\",\"@id\":\"https:\/\/www.hsymachinery.com\/product\/rebar-cutting-machine-gq50-flat-knife\/\",\"url\":\"https:\/\/www.hsymachinery.com\/product\/rebar-cutting-machine-gq50-flat-knife\/\",\"name\":\"Rebar Cutting Machine GQ50 (Flat knife) - HSY Construction Machinery\",\"isPartOf\":{\"@id\":\"https:\/\/www.hsymachinery.com\/#website\"},\"primaryImageOfPage\":{\"@id\":\"https:\/\/www.hsymachinery.com\/product\/rebar-cutting-machine-gq50-flat-knife\/#primaryimage\"},\"image\":{\"@id\":\"https:\/\/www.hsymachinery.com\/product\/rebar-cutting-machine-gq50-flat-knife\/#primaryimage\"},\"thumbnailUrl\":\"https:\/\/www.hsymachinery.com\/wp-content\/uploads\/2025\/06\/Rebar-Cutting-Machine-GQ50-Flat-knife.jpg\",\"datePublished\":\"2025-06-18T03:24:46+00:00\",\"dateModified\":\"2025-06-25T12:50:31+00:00\",\"description\":\"Rebar Cutting Machine GQ50 (Flat Knife) cuts 6\u201340mm rebar with clean edges and high efficiency. Designed for heavy-duty construction and export demands.\",\"breadcrumb\":{\"@id\":\"https:\/\/www.hsymachinery.com\/product\/rebar-cutting-machine-gq50-flat-knife\/#breadcrumb\"},\"inLanguage\":\"pt-BR\",\"potentialAction\":[{\"@type\":\"ReadAction\",\"target\":[\"https:\/\/www.hsymachinery.com\/product\/rebar-cutting-machine-gq50-flat-knife\/\"]}]},{\"@type\":\"ImageObject\",\"inLanguage\":\"pt-BR\",\"@id\":\"https:\/\/www.hsymachinery.com\/product\/rebar-cutting-machine-gq50-flat-knife\/#primaryimage\",\"url\":\"https:\/\/www.hsymachinery.com\/wp-content\/uploads\/2025\/06\/Rebar-Cutting-Machine-GQ50-Flat-knife.jpg\",\"contentUrl\":\"https:\/\/www.hsymachinery.com\/wp-content\/uploads\/2025\/06\/Rebar-Cutting-Machine-GQ50-Flat-knife.jpg\",\"width\":600,\"height\":600},{\"@type\":\"BreadcrumbList\",\"@id\":\"https:\/\/www.hsymachinery.com\/product\/rebar-cutting-machine-gq50-flat-knife\/#breadcrumb\",\"itemListElement\":[{\"@type\":\"ListItem\",\"position\":1,\"name\":\"home\",\"item\":\"https:\/\/www.hsymachinery.com\/\"},{\"@type\":\"ListItem\",\"position\":2,\"name\":\"products\",\"item\":\"https:\/\/www.hsymachinery.com\/products\/\"},{\"@type\":\"ListItem\",\"position\":3,\"name\":\"Rebar Cutting Machine GQ50 (Flat knife)\"}]},{\"@type\":\"WebSite\",\"@id\":\"https:\/\/www.hsymachinery.com\/#website\",\"url\":\"https:\/\/www.hsymachinery.com\/\",\"name\":\"HSY Construction Machinery\",\"description\":\"HSY Machinery \u2013 A leading China construction machinery supplier, offering a wide range of light construction equipment. Our main products include Rebar Cutting Machine, Rebar Bending Machine, Rebar Stirrup Bending Machine, Rebar Arc Bending Machine, Rebar Straightening Machine, Five-Head Rebar Stirrup Bending Machine, Tamping Rammer, Plate Compactor, Concrete Cutter, Power Trowel, and other construction machinery. We are equipped with advanced CNC machines, and we enforce strict quality inspection standards along with comprehensive after-sales service. If you are interested in our products or services, we warmly welcome your inquiries via message.\",\"publisher\":{\"@id\":\"https:\/\/www.hsymachinery.com\/#organization\"},\"potentialAction\":[{\"@type\":\"SearchAction\",\"target\":{\"@type\":\"EntryPoint\",\"urlTemplate\":\"https:\/\/www.hsymachinery.com\/?s={search_term_string}\"},\"query-input\":{\"@type\":\"PropertyValueSpecification\",\"valueRequired\":true,\"valueName\":\"search_term_string\"}}],\"inLanguage\":\"pt-BR\"},{\"@type\":\"Organization\",\"@id\":\"https:\/\/www.hsymachinery.com\/#organization\",\"name\":\"HSY Construction Machinery\",\"url\":\"https:\/\/www.hsymachinery.com\/\",\"logo\":{\"@type\":\"ImageObject\",\"inLanguage\":\"pt-BR\",\"@id\":\"https:\/\/www.hsymachinery.com\/#\/schema\/logo\/image\/\",\"url\":\"https:\/\/www.hsymachinery.com\/wp-content\/uploads\/2025\/06\/cropped-HSY-machinery.png\",\"contentUrl\":\"https:\/\/www.hsymachinery.com\/wp-content\/uploads\/2025\/06\/cropped-HSY-machinery.png\",\"width\":600,\"height\":240,\"caption\":\"HSY Construction Machinery\"},\"image\":{\"@id\":\"https:\/\/www.hsymachinery.com\/#\/schema\/logo\/image\/\"}}]}<\/script>\n<!-- \/ Yoast SEO plugin. -->","yoast_head_json":{"title":"M\u00e1quina de corte de vergalh\u00e3o GQ50 (faca plana) - HSY Construction Machinery","description":"A m\u00e1quina de corte de vergalh\u00e3o GQ50 (faca plana) corta vergalh\u00f5es de 6 a 40 mm com bordas limpas e alta efici\u00eancia. Projetada para constru\u00e7\u00e3o pesada e demandas de exporta\u00e7\u00e3o.","robots":{"index":"index","follow":"follow","max-snippet":"max-snippet:-1","max-image-preview":"max-image-preview:large","max-video-preview":"max-video-preview:-1"},"canonical":"https:\/\/www.hsymachinery.com\/pt_br\/produto\/maquina-de-corte-de-vergalhoes-com-faca-plana-gq50\/","og_locale":"pt_BR","og_type":"article","og_title":"Rebar Cutting Machine GQ50 (Flat knife) - HSY Construction Machinery","og_description":"Rebar Cutting Machine GQ50 (Flat Knife) cuts 6\u201340mm rebar with clean edges and high efficiency. Designed for heavy-duty construction and export demands.","og_url":"https:\/\/www.hsymachinery.com\/pt_br\/produto\/maquina-de-corte-de-vergalhoes-com-faca-plana-gq50\/","og_site_name":"HSY Construction Machinery","article_modified_time":"2025-06-25T12:50:31+00:00","og_image":[{"width":600,"height":600,"url":"https:\/\/www.hsymachinery.com\/wp-content\/uploads\/2025\/06\/Rebar-Cutting-Machine-GQ50-Flat-knife.jpg","type":"image\/jpeg"}],"twitter_card":"summary_large_image","twitter_misc":{"Est. tempo de leitura":"2 minutos"},"schema":{"@context":"https:\/\/schema.org","@graph":[{"@type":"WebPage","@id":"https:\/\/www.hsymachinery.com\/product\/rebar-cutting-machine-gq50-flat-knife\/","url":"https:\/\/www.hsymachinery.com\/product\/rebar-cutting-machine-gq50-flat-knife\/","name":"M\u00e1quina de corte de vergalh\u00e3o GQ50 (faca plana) - HSY Construction Machinery","isPartOf":{"@id":"https:\/\/www.hsymachinery.com\/#website"},"primaryImageOfPage":{"@id":"https:\/\/www.hsymachinery.com\/product\/rebar-cutting-machine-gq50-flat-knife\/#primaryimage"},"image":{"@id":"https:\/\/www.hsymachinery.com\/product\/rebar-cutting-machine-gq50-flat-knife\/#primaryimage"},"thumbnailUrl":"https:\/\/www.hsymachinery.com\/wp-content\/uploads\/2025\/06\/Rebar-Cutting-Machine-GQ50-Flat-knife.jpg","datePublished":"2025-06-18T03:24:46+00:00","dateModified":"2025-06-25T12:50:31+00:00","description":"A m\u00e1quina de corte de vergalh\u00e3o GQ50 (faca plana) corta vergalh\u00f5es de 6 a 40 mm com bordas limpas e alta efici\u00eancia. Projetada para constru\u00e7\u00e3o pesada e demandas de exporta\u00e7\u00e3o.","breadcrumb":{"@id":"https:\/\/www.hsymachinery.com\/product\/rebar-cutting-machine-gq50-flat-knife\/#breadcrumb"},"inLanguage":"pt-BR","potentialAction":[{"@type":"ReadAction","target":["https:\/\/www.hsymachinery.com\/product\/rebar-cutting-machine-gq50-flat-knife\/"]}]},{"@type":"ImageObject","inLanguage":"pt-BR","@id":"https:\/\/www.hsymachinery.com\/product\/rebar-cutting-machine-gq50-flat-knife\/#primaryimage","url":"https:\/\/www.hsymachinery.com\/wp-content\/uploads\/2025\/06\/Rebar-Cutting-Machine-GQ50-Flat-knife.jpg","contentUrl":"https:\/\/www.hsymachinery.com\/wp-content\/uploads\/2025\/06\/Rebar-Cutting-Machine-GQ50-Flat-knife.jpg","width":600,"height":600},{"@type":"BreadcrumbList","@id":"https:\/\/www.hsymachinery.com\/product\/rebar-cutting-machine-gq50-flat-knife\/#breadcrumb","itemListElement":[{"@type":"ListItem","position":1,"name":"home","item":"https:\/\/www.hsymachinery.com\/"},{"@type":"ListItem","position":2,"name":"products","item":"https:\/\/www.hsymachinery.com\/products\/"},{"@type":"ListItem","position":3,"name":"Rebar Cutting Machine GQ50 (Flat knife)"}]},{"@type":"WebSite","@id":"https:\/\/www.hsymachinery.com\/#website","url":"https:\/\/www.hsymachinery.com\/","name":"M\u00e1quinas de constru\u00e7\u00e3o HSY","description":"HSY Machinery - Um dos principais fornecedores de m\u00e1quinas de constru\u00e7\u00e3o da China, oferecendo uma ampla gama de equipamentos de constru\u00e7\u00e3o leve. Nossos principais produtos incluem m\u00e1quina de corte de vergalh\u00e3o, m\u00e1quina de dobra de vergalh\u00e3o, m\u00e1quina de dobra de estribo de vergalh\u00e3o, m\u00e1quina de dobra de arco de vergalh\u00e3o, m\u00e1quina de endireitamento de vergalh\u00e3o, m\u00e1quina de dobra de estribo de vergalh\u00e3o de cinco cabe\u00e7as, compactador de placa, cortador de concreto, esp\u00e1tula el\u00e9trica e outras m\u00e1quinas de constru\u00e7\u00e3o. Estamos equipados com m\u00e1quinas CNC avan\u00e7adas e aplicamos padr\u00f5es rigorosos de inspe\u00e7\u00e3o de qualidade, al\u00e9m de um servi\u00e7o p\u00f3s-venda abrangente. Se estiver interessado em nossos produtos ou servi\u00e7os, agradecemos suas consultas por mensagem.","publisher":{"@id":"https:\/\/www.hsymachinery.com\/#organization"},"potentialAction":[{"@type":"SearchAction","target":{"@type":"EntryPoint","urlTemplate":"https:\/\/www.hsymachinery.com\/?s={search_term_string}"},"query-input":{"@type":"PropertyValueSpecification","valueRequired":true,"valueName":"search_term_string"}}],"inLanguage":"pt-BR"},{"@type":"Organization","@id":"https:\/\/www.hsymachinery.com\/#organization","name":"M\u00e1quinas de constru\u00e7\u00e3o HSY","url":"https:\/\/www.hsymachinery.com\/","logo":{"@type":"ImageObject","inLanguage":"pt-BR","@id":"https:\/\/www.hsymachinery.com\/#\/schema\/logo\/image\/","url":"https:\/\/www.hsymachinery.com\/wp-content\/uploads\/2025\/06\/cropped-HSY-machinery.png","contentUrl":"https:\/\/www.hsymachinery.com\/wp-content\/uploads\/2025\/06\/cropped-HSY-machinery.png","width":600,"height":240,"caption":"HSY Construction Machinery"},"image":{"@id":"https:\/\/www.hsymachinery.com\/#\/schema\/logo\/image\/"}}]}},"_links":{"self":[{"href":"https:\/\/www.hsymachinery.com\/pt_br\/wp-json\/wp\/v2\/product\/8921","targetHints":{"allow":["GET"]}}],"collection":[{"href":"https:\/\/www.hsymachinery.com\/pt_br\/wp-json\/wp\/v2\/product"}],"about":[{"href":"https:\/\/www.hsymachinery.com\/pt_br\/wp-json\/wp\/v2\/types\/product"}],"version-history":[{"count":3,"href":"https:\/\/www.hsymachinery.com\/pt_br\/wp-json\/wp\/v2\/product\/8921\/revisions"}],"predecessor-version":[{"id":9329,"href":"https:\/\/www.hsymachinery.com\/pt_br\/wp-json\/wp\/v2\/product\/8921\/revisions\/9329"}],"wp:featuredmedia":[{"embeddable":true,"href":"https:\/\/www.hsymachinery.com\/pt_br\/wp-json\/wp\/v2\/media\/8922"}],"wp:attachment":[{"href":"https:\/\/www.hsymachinery.com\/pt_br\/wp-json\/wp\/v2\/media?parent=8921"}],"wp:term":[{"taxonomy":"product_brand","embeddable":true,"href":"https:\/\/www.hsymachinery.com\/pt_br\/wp-json\/wp\/v2\/product_brand?post=8921"},{"taxonomy":"product_cat","embeddable":true,"href":"https:\/\/www.hsymachinery.com\/pt_br\/wp-json\/wp\/v2\/product_cat?post=8921"},{"taxonomy":"product_tag","embeddable":true,"href":"https:\/\/www.hsymachinery.com\/pt_br\/wp-json\/wp\/v2\/product_tag?post=8921"}],"curies":[{"name":"wp","href":"https:\/\/api.w.org\/{rel}","templated":true}]}}