{"id":8912,"date":"2025-06-18T11:19:29","date_gmt":"2025-06-18T03:19:29","guid":{"rendered":"https:\/\/www.hsymachinery.com\/?post_type=product&#038;p=8912"},"modified":"2025-06-25T20:33:40","modified_gmt":"2025-06-25T12:33:40","slug":"maquina-de-corte-de-vergalhoes-com-faca-redonda-gq40a","status":"publish","type":"product","link":"https:\/\/www.hsymachinery.com\/pt_br\/produto\/maquina-de-corte-de-vergalhoes-com-faca-redonda-gq40a\/","title":{"rendered":"M\u00e1quina de corte de vergalh\u00e3o GQ40A (faca redonda)"},"content":{"rendered":"<h3 data-start=\"238\" data-end=\"303\">Cortador de vergalh\u00e3o de alta efici\u00eancia com design de l\u00e2mina de rolagem suave<\/h3>\n<h3 data-start=\"310\" data-end=\"333\">\u00a0Vis\u00e3o geral do produto<\/h3>\n<p data-start=\"335\" data-end=\"723\">O <strong data-start=\"339\" data-end=\"384\">M\u00e1quina de corte de vergalh\u00e3o GQ40A (faca redonda)<\/strong> foi projetada para o corte de barras de a\u00e7o de alta efici\u00eancia em canteiros de obras modernos. Ele foi projetado para manusear vergalh\u00f5es com di\u00e2metros<strong> de 6 mm a 32 mm, incluindo a\u00e7o carbono, a\u00e7o redondo e barras deformadas. Sua estrutura de l\u00e2mina redonda proporciona uma a\u00e7\u00e3o de cisalhamento de rolamento exclusiva, que reduz a resist\u00eancia ao corte e melhora a efici\u00eancia do trabalho.<\/strong><\/p>\n<h3 data-start=\"730\" data-end=\"764\">\u00a0Corte suave e potente<\/h3>\n<p data-start=\"766\" data-end=\"1114\">Equipado com um <strong data-start=\"782\" data-end=\"811\">motor de cobre de alta qualidade<\/strong>Com a sua capacidade de carga, essa m\u00e1quina garante torque consistente e desempenho est\u00e1vel. Ela opera suavemente mesmo sob carga pesada, o que a torna ideal para turnos longos em projetos de constru\u00e7\u00e3o exigentes. Al\u00e9m disso, a transmiss\u00e3o de engrenagem de precis\u00e3o reduz a vibra\u00e7\u00e3o e o desgaste mec\u00e2nico, aumentando a vida \u00fatil da m\u00e1quina.<\/p>\n<p data-start=\"1116\" data-end=\"1384\">O <strong data-start=\"1120\" data-end=\"1165\"><a href=\"https:\/\/www.hsymachinery.com\/pt_br\/produtos\/maquina-de-corte-de-vergalhoes\/\" target=\"_blank\" rel=\"noopener\">M\u00e1quina de corte de vergalh\u00e3o<\/a> GQ40A (faca redonda)<\/strong> destaca-se por sua qualidade de corte. A faca redonda n\u00e3o apenas cria bordas mais limpas, mas tamb\u00e9m minimiza a distor\u00e7\u00e3o do vergalh\u00e3o durante o processo de corte. Como resultado, os usu\u00e1rios desfrutam de ciclos de corte mais r\u00e1pidos e menos desperd\u00edcio de material.<\/p>\n<h3 data-start=\"1391\" data-end=\"1439\">\u00a0Estrutura s\u00f3lida e design amig\u00e1vel ao usu\u00e1rio<\/h3>\n<p data-start=\"1441\" data-end=\"1799\">Esse modelo apresenta uma estrutura de ferro fundido para m\u00e1xima durabilidade e estabilidade operacional. Al\u00e9m disso, ele vem com rodas s\u00f3lidas para facilitar a mobilidade nos locais de trabalho. Os operadores podem controlar o curso de corte com uma alavanca manual, o que permite uma opera\u00e7\u00e3o precisa e segura. A manuten\u00e7\u00e3o \u00e9 simples devido \u00e0 tampa que pode ser aberta e ao mecanismo de substitui\u00e7\u00e3o r\u00e1pida da l\u00e2mina.<\/p>\n<p data-start=\"1806\" data-end=\"2069\">A GQ40A (faca redonda) suporta personaliza\u00e7\u00e3o de tens\u00e3o (220V\/380V, 50Hz\/60Hz), o que a torna ideal para exporta\u00e7\u00e3o global. Quer seja usada na constru\u00e7\u00e3o de moradias, na infraestrutura de rodovias ou em instala\u00e7\u00f5es de processamento de a\u00e7o, essa m\u00e1quina oferece desempenho consistente todos os dias.<\/p>\n<p><iframe title=\"Cortador de vergalh\u00f5esM\u00e1quina de corte de vergalh\u00f5esM\u00e1quina de corte de vergalh\u00f5es, m\u00e1quina de corte de barras de a\u00e7o, m\u00e1quinas de constru\u00e7\u00e3o\" width=\"720\" height=\"405\" src=\"https:\/\/www.youtube.com\/embed\/cIrJPBezWsw?feature=oembed\" frameborder=\"0\" allow=\"accelerometer; autoplay; clipboard-write; encrypted-media; gyroscope; picture-in-picture; web-share\" referrerpolicy=\"strict-origin-when-cross-origin\" allowfullscreen><\/iframe><\/p>","protected":false},"excerpt":{"rendered":"<p>A m\u00e1quina de corte de vergalh\u00e3o GQ40A com faca redonda oferece corte r\u00e1pido e de baixa resist\u00eancia para barras de a\u00e7o de 6 a 32 mm. Ideal para trabalhos di\u00e1rios de constru\u00e7\u00e3o pesada.<\/p>","protected":false},"featured_media":8913,"template":"","meta":{"_kad_post_transparent":"default","_kad_post_title":"","_kad_post_layout":"default","_kad_post_sidebar_id":"","_kad_post_content_style":"default","_kad_post_vertical_padding":"default","_kad_post_feature":"","_kad_post_feature_position":"","_kad_post_header":false,"_kad_post_footer":false},"product_brand":[],"product_cat":[51],"product_tag":[988,992,990,989,993,985,994,987,984,991,986],"class_list":{"0":"post-8912","1":"product","2":"type-product","3":"status-publish","4":"has-post-thumbnail","6":"product_cat-rebar-cutting-machine","7":"product_tag-automatic-rebar-cutter","8":"product_tag-construction-steel-bar-cutter","9":"product_tag-electric-rebar-cutting-tool","10":"product_tag-hydraulic-rebar-cutting-machine","11":"product_tag-portable-rebar-cutting-machine","12":"product_tag-rebar-cutter","13":"product_tag-rebar-cutting-machine","14":"product_tag-reinforcement-bar-cutter","15":"product_tag-steel-bar-cutting-machine","16":"product_tag-steel-rod-cutter-machine","17":"product_tag-tmt-bar-cutting-machine","19":"first","20":"instock","21":"shipping-taxable","22":"product-type-simple","23":"entry","24":"content-bg","25":"loop-entry"},"yoast_head":"<!-- This site is optimized with the Yoast SEO plugin v25.3.1 - https:\/\/yoast.com\/wordpress\/plugins\/seo\/ -->\n<title>Rebar Cutting Machine GQ40A (Round knife) - HSY Construction Machinery<\/title>\n<meta name=\"description\" content=\"Rebar Cutting Machine GQ40A (Round Knife) delivers smooth, fast cutting of 6\u201332mm steel bars. Rolling blade design reduces resistance and boosts efficiency.\" \/>\n<meta name=\"robots\" content=\"index, follow, max-snippet:-1, max-image-preview:large, max-video-preview:-1\" \/>\n<link rel=\"canonical\" href=\"https:\/\/www.hsymachinery.com\/pt_br\/produto\/maquina-de-corte-de-vergalhoes-com-faca-redonda-gq40a\/\" \/>\n<meta property=\"og:locale\" content=\"pt_BR\" \/>\n<meta property=\"og:type\" content=\"article\" \/>\n<meta property=\"og:title\" content=\"Rebar Cutting Machine GQ40A (Round knife) - HSY Construction Machinery\" \/>\n<meta property=\"og:description\" content=\"Rebar Cutting Machine GQ40A (Round Knife) delivers smooth, fast cutting of 6\u201332mm steel bars. Rolling blade design reduces resistance and boosts efficiency.\" \/>\n<meta property=\"og:url\" content=\"https:\/\/www.hsymachinery.com\/pt_br\/produto\/maquina-de-corte-de-vergalhoes-com-faca-redonda-gq40a\/\" \/>\n<meta property=\"og:site_name\" content=\"HSY Construction Machinery\" \/>\n<meta property=\"article:modified_time\" content=\"2025-06-25T12:33:40+00:00\" \/>\n<meta property=\"og:image\" content=\"https:\/\/www.hsymachinery.com\/wp-content\/uploads\/2025\/06\/Rebar-Cutting-Machine-GQ40A-Round-knife.jpg\" \/>\n\t<meta property=\"og:image:width\" content=\"600\" \/>\n\t<meta property=\"og:image:height\" content=\"600\" \/>\n\t<meta property=\"og:image:type\" content=\"image\/jpeg\" \/>\n<meta name=\"twitter:card\" content=\"summary_large_image\" \/>\n<meta name=\"twitter:label1\" content=\"Est. tempo de leitura\" \/>\n\t<meta name=\"twitter:data1\" content=\"2 minutos\" \/>\n<script type=\"application\/ld+json\" class=\"yoast-schema-graph\">{\"@context\":\"https:\/\/schema.org\",\"@graph\":[{\"@type\":\"WebPage\",\"@id\":\"https:\/\/www.hsymachinery.com\/product\/rebar-cutting-machine-gq40a-round-knife\/\",\"url\":\"https:\/\/www.hsymachinery.com\/product\/rebar-cutting-machine-gq40a-round-knife\/\",\"name\":\"Rebar Cutting Machine GQ40A (Round knife) - HSY Construction Machinery\",\"isPartOf\":{\"@id\":\"https:\/\/www.hsymachinery.com\/#website\"},\"primaryImageOfPage\":{\"@id\":\"https:\/\/www.hsymachinery.com\/product\/rebar-cutting-machine-gq40a-round-knife\/#primaryimage\"},\"image\":{\"@id\":\"https:\/\/www.hsymachinery.com\/product\/rebar-cutting-machine-gq40a-round-knife\/#primaryimage\"},\"thumbnailUrl\":\"https:\/\/www.hsymachinery.com\/wp-content\/uploads\/2025\/06\/Rebar-Cutting-Machine-GQ40A-Round-knife.jpg\",\"datePublished\":\"2025-06-18T03:19:29+00:00\",\"dateModified\":\"2025-06-25T12:33:40+00:00\",\"description\":\"Rebar Cutting Machine GQ40A (Round Knife) delivers smooth, fast cutting of 6\u201332mm steel bars. Rolling blade design reduces resistance and boosts efficiency.\",\"breadcrumb\":{\"@id\":\"https:\/\/www.hsymachinery.com\/product\/rebar-cutting-machine-gq40a-round-knife\/#breadcrumb\"},\"inLanguage\":\"pt-BR\",\"potentialAction\":[{\"@type\":\"ReadAction\",\"target\":[\"https:\/\/www.hsymachinery.com\/product\/rebar-cutting-machine-gq40a-round-knife\/\"]}]},{\"@type\":\"ImageObject\",\"inLanguage\":\"pt-BR\",\"@id\":\"https:\/\/www.hsymachinery.com\/product\/rebar-cutting-machine-gq40a-round-knife\/#primaryimage\",\"url\":\"https:\/\/www.hsymachinery.com\/wp-content\/uploads\/2025\/06\/Rebar-Cutting-Machine-GQ40A-Round-knife.jpg\",\"contentUrl\":\"https:\/\/www.hsymachinery.com\/wp-content\/uploads\/2025\/06\/Rebar-Cutting-Machine-GQ40A-Round-knife.jpg\",\"width\":600,\"height\":600},{\"@type\":\"BreadcrumbList\",\"@id\":\"https:\/\/www.hsymachinery.com\/product\/rebar-cutting-machine-gq40a-round-knife\/#breadcrumb\",\"itemListElement\":[{\"@type\":\"ListItem\",\"position\":1,\"name\":\"home\",\"item\":\"https:\/\/www.hsymachinery.com\/\"},{\"@type\":\"ListItem\",\"position\":2,\"name\":\"products\",\"item\":\"https:\/\/www.hsymachinery.com\/products\/\"},{\"@type\":\"ListItem\",\"position\":3,\"name\":\"Rebar Cutting Machine GQ40A (Round knife)\"}]},{\"@type\":\"WebSite\",\"@id\":\"https:\/\/www.hsymachinery.com\/#website\",\"url\":\"https:\/\/www.hsymachinery.com\/\",\"name\":\"HSY Construction Machinery\",\"description\":\"HSY Machinery \u2013 A leading China construction machinery supplier, offering a wide range of light construction equipment. Our main products include Rebar Cutting Machine, Rebar Bending Machine, Rebar Stirrup Bending Machine, Rebar Arc Bending Machine, Rebar Straightening Machine, Five-Head Rebar Stirrup Bending Machine, Tamping Rammer, Plate Compactor, Concrete Cutter, Power Trowel, and other construction machinery. We are equipped with advanced CNC machines, and we enforce strict quality inspection standards along with comprehensive after-sales service. If you are interested in our products or services, we warmly welcome your inquiries via message.\",\"publisher\":{\"@id\":\"https:\/\/www.hsymachinery.com\/#organization\"},\"potentialAction\":[{\"@type\":\"SearchAction\",\"target\":{\"@type\":\"EntryPoint\",\"urlTemplate\":\"https:\/\/www.hsymachinery.com\/?s={search_term_string}\"},\"query-input\":{\"@type\":\"PropertyValueSpecification\",\"valueRequired\":true,\"valueName\":\"search_term_string\"}}],\"inLanguage\":\"pt-BR\"},{\"@type\":\"Organization\",\"@id\":\"https:\/\/www.hsymachinery.com\/#organization\",\"name\":\"HSY Construction Machinery\",\"url\":\"https:\/\/www.hsymachinery.com\/\",\"logo\":{\"@type\":\"ImageObject\",\"inLanguage\":\"pt-BR\",\"@id\":\"https:\/\/www.hsymachinery.com\/#\/schema\/logo\/image\/\",\"url\":\"https:\/\/www.hsymachinery.com\/wp-content\/uploads\/2025\/06\/cropped-HSY-machinery.png\",\"contentUrl\":\"https:\/\/www.hsymachinery.com\/wp-content\/uploads\/2025\/06\/cropped-HSY-machinery.png\",\"width\":600,\"height\":240,\"caption\":\"HSY Construction Machinery\"},\"image\":{\"@id\":\"https:\/\/www.hsymachinery.com\/#\/schema\/logo\/image\/\"}}]}<\/script>\n<!-- \/ Yoast SEO plugin. -->","yoast_head_json":{"title":"M\u00e1quina de corte de vergalh\u00e3o GQ40A (faca redonda) - HSY Construction Machinery","description":"A m\u00e1quina de corte de vergalh\u00f5es GQ40A (faca redonda) proporciona um corte suave e r\u00e1pido de barras de a\u00e7o de 6 a 32 mm. O design da l\u00e2mina rolante reduz a resist\u00eancia e aumenta a efici\u00eancia.","robots":{"index":"index","follow":"follow","max-snippet":"max-snippet:-1","max-image-preview":"max-image-preview:large","max-video-preview":"max-video-preview:-1"},"canonical":"https:\/\/www.hsymachinery.com\/pt_br\/produto\/maquina-de-corte-de-vergalhoes-com-faca-redonda-gq40a\/","og_locale":"pt_BR","og_type":"article","og_title":"Rebar Cutting Machine GQ40A (Round knife) - HSY Construction Machinery","og_description":"Rebar Cutting Machine GQ40A (Round Knife) delivers smooth, fast cutting of 6\u201332mm steel bars. Rolling blade design reduces resistance and boosts efficiency.","og_url":"https:\/\/www.hsymachinery.com\/pt_br\/produto\/maquina-de-corte-de-vergalhoes-com-faca-redonda-gq40a\/","og_site_name":"HSY Construction Machinery","article_modified_time":"2025-06-25T12:33:40+00:00","og_image":[{"width":600,"height":600,"url":"https:\/\/www.hsymachinery.com\/wp-content\/uploads\/2025\/06\/Rebar-Cutting-Machine-GQ40A-Round-knife.jpg","type":"image\/jpeg"}],"twitter_card":"summary_large_image","twitter_misc":{"Est. tempo de leitura":"2 minutos"},"schema":{"@context":"https:\/\/schema.org","@graph":[{"@type":"WebPage","@id":"https:\/\/www.hsymachinery.com\/product\/rebar-cutting-machine-gq40a-round-knife\/","url":"https:\/\/www.hsymachinery.com\/product\/rebar-cutting-machine-gq40a-round-knife\/","name":"M\u00e1quina de corte de vergalh\u00e3o GQ40A (faca redonda) - HSY Construction Machinery","isPartOf":{"@id":"https:\/\/www.hsymachinery.com\/#website"},"primaryImageOfPage":{"@id":"https:\/\/www.hsymachinery.com\/product\/rebar-cutting-machine-gq40a-round-knife\/#primaryimage"},"image":{"@id":"https:\/\/www.hsymachinery.com\/product\/rebar-cutting-machine-gq40a-round-knife\/#primaryimage"},"thumbnailUrl":"https:\/\/www.hsymachinery.com\/wp-content\/uploads\/2025\/06\/Rebar-Cutting-Machine-GQ40A-Round-knife.jpg","datePublished":"2025-06-18T03:19:29+00:00","dateModified":"2025-06-25T12:33:40+00:00","description":"A m\u00e1quina de corte de vergalh\u00f5es GQ40A (faca redonda) proporciona um corte suave e r\u00e1pido de barras de a\u00e7o de 6 a 32 mm. O design da l\u00e2mina rolante reduz a resist\u00eancia e aumenta a efici\u00eancia.","breadcrumb":{"@id":"https:\/\/www.hsymachinery.com\/product\/rebar-cutting-machine-gq40a-round-knife\/#breadcrumb"},"inLanguage":"pt-BR","potentialAction":[{"@type":"ReadAction","target":["https:\/\/www.hsymachinery.com\/product\/rebar-cutting-machine-gq40a-round-knife\/"]}]},{"@type":"ImageObject","inLanguage":"pt-BR","@id":"https:\/\/www.hsymachinery.com\/product\/rebar-cutting-machine-gq40a-round-knife\/#primaryimage","url":"https:\/\/www.hsymachinery.com\/wp-content\/uploads\/2025\/06\/Rebar-Cutting-Machine-GQ40A-Round-knife.jpg","contentUrl":"https:\/\/www.hsymachinery.com\/wp-content\/uploads\/2025\/06\/Rebar-Cutting-Machine-GQ40A-Round-knife.jpg","width":600,"height":600},{"@type":"BreadcrumbList","@id":"https:\/\/www.hsymachinery.com\/product\/rebar-cutting-machine-gq40a-round-knife\/#breadcrumb","itemListElement":[{"@type":"ListItem","position":1,"name":"home","item":"https:\/\/www.hsymachinery.com\/"},{"@type":"ListItem","position":2,"name":"products","item":"https:\/\/www.hsymachinery.com\/products\/"},{"@type":"ListItem","position":3,"name":"Rebar Cutting Machine GQ40A (Round knife)"}]},{"@type":"WebSite","@id":"https:\/\/www.hsymachinery.com\/#website","url":"https:\/\/www.hsymachinery.com\/","name":"M\u00e1quinas de constru\u00e7\u00e3o HSY","description":"HSY Machinery - Um dos principais fornecedores de m\u00e1quinas de constru\u00e7\u00e3o da China, oferecendo uma ampla gama de equipamentos de constru\u00e7\u00e3o leve. Nossos principais produtos incluem m\u00e1quina de corte de vergalh\u00e3o, m\u00e1quina de dobra de vergalh\u00e3o, m\u00e1quina de dobra de estribo de vergalh\u00e3o, m\u00e1quina de dobra de arco de vergalh\u00e3o, m\u00e1quina de endireitamento de vergalh\u00e3o, m\u00e1quina de dobra de estribo de vergalh\u00e3o de cinco cabe\u00e7as, compactador de placa, cortador de concreto, esp\u00e1tula el\u00e9trica e outras m\u00e1quinas de constru\u00e7\u00e3o. Estamos equipados com m\u00e1quinas CNC avan\u00e7adas e aplicamos padr\u00f5es rigorosos de inspe\u00e7\u00e3o de qualidade, al\u00e9m de um servi\u00e7o p\u00f3s-venda abrangente. Se estiver interessado em nossos produtos ou servi\u00e7os, agradecemos suas consultas por mensagem.","publisher":{"@id":"https:\/\/www.hsymachinery.com\/#organization"},"potentialAction":[{"@type":"SearchAction","target":{"@type":"EntryPoint","urlTemplate":"https:\/\/www.hsymachinery.com\/?s={search_term_string}"},"query-input":{"@type":"PropertyValueSpecification","valueRequired":true,"valueName":"search_term_string"}}],"inLanguage":"pt-BR"},{"@type":"Organization","@id":"https:\/\/www.hsymachinery.com\/#organization","name":"M\u00e1quinas de constru\u00e7\u00e3o HSY","url":"https:\/\/www.hsymachinery.com\/","logo":{"@type":"ImageObject","inLanguage":"pt-BR","@id":"https:\/\/www.hsymachinery.com\/#\/schema\/logo\/image\/","url":"https:\/\/www.hsymachinery.com\/wp-content\/uploads\/2025\/06\/cropped-HSY-machinery.png","contentUrl":"https:\/\/www.hsymachinery.com\/wp-content\/uploads\/2025\/06\/cropped-HSY-machinery.png","width":600,"height":240,"caption":"HSY Construction Machinery"},"image":{"@id":"https:\/\/www.hsymachinery.com\/#\/schema\/logo\/image\/"}}]}},"_links":{"self":[{"href":"https:\/\/www.hsymachinery.com\/pt_br\/wp-json\/wp\/v2\/product\/8912","targetHints":{"allow":["GET"]}}],"collection":[{"href":"https:\/\/www.hsymachinery.com\/pt_br\/wp-json\/wp\/v2\/product"}],"about":[{"href":"https:\/\/www.hsymachinery.com\/pt_br\/wp-json\/wp\/v2\/types\/product"}],"version-history":[{"count":3,"href":"https:\/\/www.hsymachinery.com\/pt_br\/wp-json\/wp\/v2\/product\/8912\/revisions"}],"predecessor-version":[{"id":9322,"href":"https:\/\/www.hsymachinery.com\/pt_br\/wp-json\/wp\/v2\/product\/8912\/revisions\/9322"}],"wp:featuredmedia":[{"embeddable":true,"href":"https:\/\/www.hsymachinery.com\/pt_br\/wp-json\/wp\/v2\/media\/8913"}],"wp:attachment":[{"href":"https:\/\/www.hsymachinery.com\/pt_br\/wp-json\/wp\/v2\/media?parent=8912"}],"wp:term":[{"taxonomy":"product_brand","embeddable":true,"href":"https:\/\/www.hsymachinery.com\/pt_br\/wp-json\/wp\/v2\/product_brand?post=8912"},{"taxonomy":"product_cat","embeddable":true,"href":"https:\/\/www.hsymachinery.com\/pt_br\/wp-json\/wp\/v2\/product_cat?post=8912"},{"taxonomy":"product_tag","embeddable":true,"href":"https:\/\/www.hsymachinery.com\/pt_br\/wp-json\/wp\/v2\/product_tag?post=8912"}],"curies":[{"name":"wp","href":"https:\/\/api.w.org\/{rel}","templated":true}]}}