{"id":8909,"date":"2025-06-18T11:16:17","date_gmt":"2025-06-18T03:16:17","guid":{"rendered":"https:\/\/www.hsymachinery.com\/?post_type=product&#038;p=8909"},"modified":"2025-06-25T20:25:23","modified_gmt":"2025-06-25T12:25:23","slug":"maquina-de-corte-de-vergalhoes-com-faca-plana-gq40a","status":"publish","type":"product","link":"https:\/\/www.hsymachinery.com\/pt_br\/produto\/maquina-de-corte-de-vergalhoes-com-faca-plana-gq40a\/","title":{"rendered":"M\u00e1quina de corte de vergalh\u00f5es GQ40A (faca plana)"},"content":{"rendered":"<h3 data-start=\"285\" data-end=\"362\">Solu\u00e7\u00e3o de corte de vergalh\u00e3o de alta precis\u00e3o para projetos de constru\u00e7\u00e3o exigentes<\/h3>\n<h3 data-start=\"369\" data-end=\"421\">Vis\u00e3o geral do produto: Criado para o desempenho di\u00e1rio<\/h3>\n<p data-start=\"423\" data-end=\"831\">O <strong data-start=\"427\" data-end=\"471\">M\u00e1quina de corte de vergalh\u00f5es GQ40A (faca plana)<\/strong> \u00e9 um cortador de barras de a\u00e7o de n\u00edvel profissional projetado para atender \u00e0s demandas di\u00e1rias de projetos de constru\u00e7\u00e3o e fabrica\u00e7\u00e3o de a\u00e7o. Como uma vers\u00e3o aprimorada do modelo GQ40, ele combina desempenho poderoso, alta precis\u00e3o e durabilidade excepcional. Empreiteiros de todo o mundo o utilizam em projetos como estradas, pontes, t\u00faneis e edif\u00edcios de concreto armado.<\/p>\n<h3 data-start=\"838\" data-end=\"885\">Corte eficiente com design de faca plana<\/h3>\n<p data-start=\"887\" data-end=\"1302\">No centro dessa m\u00e1quina est\u00e1 sua <strong data-start=\"924\" data-end=\"953\">sistema de corte com faca plana<\/strong>que proporciona um corte limpo e suave para barras de a\u00e7o. Esse projeto aplica press\u00e3o uniforme durante cada opera\u00e7\u00e3o, evitando a deforma\u00e7\u00e3o do vergalh\u00e3o e minimizando a perda de material. O <strong data-start=\"1126\" data-end=\"1170\">M\u00e1quina de corte de vergalh\u00f5es GQ40A (faca plana)<\/strong> pode manusear facilmente barras de a\u00e7o com di\u00e2metros que variam de <strong data-start=\"1228\" data-end=\"1243\">6 mm a 32 mm<\/strong>incluindo a\u00e7o redondo, barras nervuradas e a\u00e7o com baixo teor de carbono.<\/p>\n<p data-start=\"1304\" data-end=\"1493\">Al\u00e9m disso, a faca plana \u00e9 f\u00e1cil de manter e substituir, garantindo um tempo m\u00ednimo de inatividade nos locais de trabalho. Seu desempenho superior de cisalhamento melhora a efici\u00eancia do trabalho e reduz a fadiga do operador.<\/p>\n<h3 data-start=\"1500\" data-end=\"1549\">Motor potente e transmiss\u00e3o de engrenagens suave<\/h3>\n<p data-start=\"1551\" data-end=\"1837\">Esse modelo usa um <strong data-start=\"1569\" data-end=\"1602\">motor de cobre de alto desempenho<\/strong> que proporciona torque forte com baixo consumo de energia. Seu funcionamento \u00e9 suave, com o m\u00ednimo de ru\u00eddo e vibra\u00e7\u00e3o, o que o torna adequado para uso cont\u00ednuo. A caixa de engrenagens usinada com precis\u00e3o garante uma transmiss\u00e3o est\u00e1vel, mesmo sob cargas de trabalho pesadas.<\/p>\n<p data-start=\"1839\" data-end=\"1979\">Como resultado, a m\u00e1quina mant\u00e9m a precis\u00e3o do corte em milhares de opera\u00e7\u00f5es, prolongando a vida \u00fatil do motor e das l\u00e2minas de corte.<\/p>\n<h3 data-start=\"1986\" data-end=\"2036\">\u00a0Estrutura s\u00f3lida e mobilidade amig\u00e1vel ao usu\u00e1rio<\/h3>\n<p data-start=\"2038\" data-end=\"2272\">O corpo da m\u00e1quina apresenta <strong data-start=\"2064\" data-end=\"2101\">Constru\u00e7\u00e3o em ferro fundido de alta qualidade<\/strong>que garante for\u00e7a e resist\u00eancia \u00e0 vibra\u00e7\u00e3o. Al\u00e9m disso, o design compacto e a <strong data-start=\"2188\" data-end=\"2207\">rodas embutidas<\/strong> facilitam o transporte e a mudan\u00e7a de local, mesmo em superf\u00edcies irregulares.<\/p>\n<p data-start=\"2274\" data-end=\"2456\">Sua tampa superior que pode ser aberta oferece acesso r\u00e1pido para manuten\u00e7\u00e3o e substitui\u00e7\u00e3o da l\u00e2mina. Enquanto isso, a alavanca de opera\u00e7\u00e3o manual permite que os usu\u00e1rios controlem cada corte com precis\u00e3o e seguran\u00e7a.<\/p>\n<h3 data-start=\"2463\" data-end=\"2493\">Seguran\u00e7a e adaptabilidade<\/h3>\n<p data-start=\"2495\" data-end=\"2727\">O <strong data-start=\"2499\" data-end=\"2543\">M\u00e1quina de corte de vergalh\u00f5es GQ40A (faca plana)<\/strong> inclui tampas de seguran\u00e7a embutidas para evitar o contato acidental com pe\u00e7as m\u00f3veis. O mecanismo de opera\u00e7\u00e3o \u00e9 simples, o que o torna ideal tanto para trabalhadores qualificados quanto para operadores iniciantes.<\/p>\n<p data-start=\"2729\" data-end=\"2959\">Al\u00e9m disso, a m\u00e1quina suporta <strong data-start=\"2760\" data-end=\"2816\">configura\u00e7\u00f5es de tens\u00e3o personalizadas (220V\/380V, 50Hz\/60Hz)<\/strong> para compatibilidade com os padr\u00f5es globais de energia. Isso o torna altamente adequado para compradores internacionais e distribuidores de equipamentos de constru\u00e7\u00e3o.<\/p>\n<h3 data-start=\"2966\" data-end=\"3013\">\u00a0Por que escolher o cortador de vergalh\u00e3o de faca plana GQ40A?<\/h3>\n<ul data-start=\"3015\" data-end=\"3260\">\n<li data-start=\"3015\" data-end=\"3067\">\n<p data-start=\"3017\" data-end=\"3067\">Oferece cortes limpos e consistentes para vergalh\u00f5es de 6 a 32 mm<\/p>\n<\/li>\n<li data-start=\"3068\" data-end=\"3120\">\n<p data-start=\"3070\" data-end=\"3120\">Motor robusto com torque e efici\u00eancia confi\u00e1veis<\/p>\n<\/li>\n<li data-start=\"3121\" data-end=\"3169\">\n<p data-start=\"3123\" data-end=\"3169\">F\u00e1cil manuten\u00e7\u00e3o com substitui\u00e7\u00e3o r\u00e1pida da l\u00e2mina<\/p>\n<\/li>\n<li data-start=\"3170\" data-end=\"3218\">\n<p data-start=\"3172\" data-end=\"3218\">M\u00f3vel, compacto e robusto para uso no local de trabalho<\/p>\n<\/li>\n<li data-start=\"3219\" data-end=\"3260\">\n<p data-start=\"3221\" data-end=\"3260\">Pronto para exporta\u00e7\u00e3o com personaliza\u00e7\u00e3o de tens\u00e3o<\/p>\n<\/li>\n<\/ul>\n<p data-start=\"3262\" data-end=\"3479\">N\u00e3o importa se voc\u00ea est\u00e1 trabalhando em infraestrutura de grande escala ou no processamento rotineiro de a\u00e7o, o <strong data-start=\"3349\" data-end=\"3393\"><a href=\"https:\/\/www.hsymachinery.com\/pt_br\/produtos\/maquina-de-corte-de-vergalhoes\/\" target=\"_blank\" rel=\"noopener\">M\u00e1quina de corte de vergalh\u00e3o<\/a> GQ40A (faca plana)<\/strong> oferece a voc\u00ea uma solu\u00e7\u00e3o de corte confi\u00e1vel e de alta velocidade que agrega valor a todos os projetos.<\/p>\n<p><iframe title=\"#construction #constructionworker #rebarmachine #rebarcutter #rebarmachine #rebar\" width=\"720\" height=\"405\" src=\"https:\/\/www.youtube.com\/embed\/tdc4TA5-zRc?feature=oembed\" frameborder=\"0\" allow=\"accelerometer; autoplay; clipboard-write; encrypted-media; gyroscope; picture-in-picture; web-share\" referrerpolicy=\"strict-origin-when-cross-origin\" allowfullscreen><\/iframe><\/p>","protected":false},"excerpt":{"rendered":"<p>O cortador de vergalh\u00e3o de faca plana GQ40A oferece cortes r\u00e1pidos e suaves para barras de a\u00e7o de 6 a 32 mm. Ideal para uso di\u00e1rio em canteiros de obras e mercados de exporta\u00e7\u00e3o.<\/p>","protected":false},"featured_media":8910,"template":"","meta":{"_kad_post_transparent":"default","_kad_post_title":"","_kad_post_layout":"default","_kad_post_sidebar_id":"","_kad_post_content_style":"default","_kad_post_vertical_padding":"default","_kad_post_feature":"","_kad_post_feature_position":"","_kad_post_header":false,"_kad_post_footer":false},"product_brand":[],"product_cat":[51],"product_tag":[988,992,990,989,993,985,994,987,984,991,986],"class_list":{"0":"post-8909","1":"product","2":"type-product","3":"status-publish","4":"has-post-thumbnail","6":"product_cat-rebar-cutting-machine","7":"product_tag-automatic-rebar-cutter","8":"product_tag-construction-steel-bar-cutter","9":"product_tag-electric-rebar-cutting-tool","10":"product_tag-hydraulic-rebar-cutting-machine","11":"product_tag-portable-rebar-cutting-machine","12":"product_tag-rebar-cutter","13":"product_tag-rebar-cutting-machine","14":"product_tag-reinforcement-bar-cutter","15":"product_tag-steel-bar-cutting-machine","16":"product_tag-steel-rod-cutter-machine","17":"product_tag-tmt-bar-cutting-machine","19":"first","20":"instock","21":"shipping-taxable","22":"product-type-simple","23":"entry","24":"content-bg","25":"loop-entry"},"yoast_head":"<!-- This site is optimized with the Yoast SEO plugin v25.3.1 - https:\/\/yoast.com\/wordpress\/plugins\/seo\/ -->\n<title>Rebar Cutting Machine GQ40A (Flat knife) - HSY Construction Machinery<\/title>\n<meta name=\"description\" content=\"The Rebar Cutting Machine GQ40A (Flat Knife) cuts 6\u201332mm rebar cleanly and efficiently. Designed for high-volume construction and global export.\" \/>\n<meta name=\"robots\" content=\"index, follow, max-snippet:-1, max-image-preview:large, max-video-preview:-1\" \/>\n<link rel=\"canonical\" href=\"https:\/\/www.hsymachinery.com\/pt_br\/produto\/maquina-de-corte-de-vergalhoes-com-faca-plana-gq40a\/\" \/>\n<meta property=\"og:locale\" content=\"pt_BR\" \/>\n<meta property=\"og:type\" content=\"article\" \/>\n<meta property=\"og:title\" content=\"Rebar Cutting Machine GQ40A (Flat knife) - HSY Construction Machinery\" \/>\n<meta property=\"og:description\" content=\"The Rebar Cutting Machine GQ40A (Flat Knife) cuts 6\u201332mm rebar cleanly and efficiently. Designed for high-volume construction and global export.\" \/>\n<meta property=\"og:url\" content=\"https:\/\/www.hsymachinery.com\/pt_br\/produto\/maquina-de-corte-de-vergalhoes-com-faca-plana-gq40a\/\" \/>\n<meta property=\"og:site_name\" content=\"HSY Construction Machinery\" \/>\n<meta property=\"article:modified_time\" content=\"2025-06-25T12:25:23+00:00\" \/>\n<meta property=\"og:image\" content=\"https:\/\/www.hsymachinery.com\/wp-content\/uploads\/2025\/06\/Rebar-Cutting-Machine-GQ40A-Flat-knife.jpg\" \/>\n\t<meta property=\"og:image:width\" content=\"600\" \/>\n\t<meta property=\"og:image:height\" content=\"600\" \/>\n\t<meta property=\"og:image:type\" content=\"image\/jpeg\" \/>\n<meta name=\"twitter:card\" content=\"summary_large_image\" \/>\n<meta name=\"twitter:label1\" content=\"Est. tempo de leitura\" \/>\n\t<meta name=\"twitter:data1\" content=\"3 minutos\" \/>\n<script type=\"application\/ld+json\" class=\"yoast-schema-graph\">{\"@context\":\"https:\/\/schema.org\",\"@graph\":[{\"@type\":\"WebPage\",\"@id\":\"https:\/\/www.hsymachinery.com\/product\/rebar-cutting-machine-gq40a-flat-knife\/\",\"url\":\"https:\/\/www.hsymachinery.com\/product\/rebar-cutting-machine-gq40a-flat-knife\/\",\"name\":\"Rebar Cutting Machine GQ40A (Flat knife) - HSY Construction Machinery\",\"isPartOf\":{\"@id\":\"https:\/\/www.hsymachinery.com\/#website\"},\"primaryImageOfPage\":{\"@id\":\"https:\/\/www.hsymachinery.com\/product\/rebar-cutting-machine-gq40a-flat-knife\/#primaryimage\"},\"image\":{\"@id\":\"https:\/\/www.hsymachinery.com\/product\/rebar-cutting-machine-gq40a-flat-knife\/#primaryimage\"},\"thumbnailUrl\":\"https:\/\/www.hsymachinery.com\/wp-content\/uploads\/2025\/06\/Rebar-Cutting-Machine-GQ40A-Flat-knife.jpg\",\"datePublished\":\"2025-06-18T03:16:17+00:00\",\"dateModified\":\"2025-06-25T12:25:23+00:00\",\"description\":\"The Rebar Cutting Machine GQ40A (Flat Knife) cuts 6\u201332mm rebar cleanly and efficiently. Designed for high-volume construction and global export.\",\"breadcrumb\":{\"@id\":\"https:\/\/www.hsymachinery.com\/product\/rebar-cutting-machine-gq40a-flat-knife\/#breadcrumb\"},\"inLanguage\":\"pt-BR\",\"potentialAction\":[{\"@type\":\"ReadAction\",\"target\":[\"https:\/\/www.hsymachinery.com\/product\/rebar-cutting-machine-gq40a-flat-knife\/\"]}]},{\"@type\":\"ImageObject\",\"inLanguage\":\"pt-BR\",\"@id\":\"https:\/\/www.hsymachinery.com\/product\/rebar-cutting-machine-gq40a-flat-knife\/#primaryimage\",\"url\":\"https:\/\/www.hsymachinery.com\/wp-content\/uploads\/2025\/06\/Rebar-Cutting-Machine-GQ40A-Flat-knife.jpg\",\"contentUrl\":\"https:\/\/www.hsymachinery.com\/wp-content\/uploads\/2025\/06\/Rebar-Cutting-Machine-GQ40A-Flat-knife.jpg\",\"width\":600,\"height\":600},{\"@type\":\"BreadcrumbList\",\"@id\":\"https:\/\/www.hsymachinery.com\/product\/rebar-cutting-machine-gq40a-flat-knife\/#breadcrumb\",\"itemListElement\":[{\"@type\":\"ListItem\",\"position\":1,\"name\":\"home\",\"item\":\"https:\/\/www.hsymachinery.com\/\"},{\"@type\":\"ListItem\",\"position\":2,\"name\":\"products\",\"item\":\"https:\/\/www.hsymachinery.com\/products\/\"},{\"@type\":\"ListItem\",\"position\":3,\"name\":\"Rebar Cutting Machine GQ40A (Flat knife)\"}]},{\"@type\":\"WebSite\",\"@id\":\"https:\/\/www.hsymachinery.com\/#website\",\"url\":\"https:\/\/www.hsymachinery.com\/\",\"name\":\"HSY Construction Machinery\",\"description\":\"HSY Machinery \u2013 A leading China construction machinery supplier, offering a wide range of light construction equipment. Our main products include Rebar Cutting Machine, Rebar Bending Machine, Rebar Stirrup Bending Machine, Rebar Arc Bending Machine, Rebar Straightening Machine, Five-Head Rebar Stirrup Bending Machine, Tamping Rammer, Plate Compactor, Concrete Cutter, Power Trowel, and other construction machinery. We are equipped with advanced CNC machines, and we enforce strict quality inspection standards along with comprehensive after-sales service. If you are interested in our products or services, we warmly welcome your inquiries via message.\",\"publisher\":{\"@id\":\"https:\/\/www.hsymachinery.com\/#organization\"},\"potentialAction\":[{\"@type\":\"SearchAction\",\"target\":{\"@type\":\"EntryPoint\",\"urlTemplate\":\"https:\/\/www.hsymachinery.com\/?s={search_term_string}\"},\"query-input\":{\"@type\":\"PropertyValueSpecification\",\"valueRequired\":true,\"valueName\":\"search_term_string\"}}],\"inLanguage\":\"pt-BR\"},{\"@type\":\"Organization\",\"@id\":\"https:\/\/www.hsymachinery.com\/#organization\",\"name\":\"HSY Construction Machinery\",\"url\":\"https:\/\/www.hsymachinery.com\/\",\"logo\":{\"@type\":\"ImageObject\",\"inLanguage\":\"pt-BR\",\"@id\":\"https:\/\/www.hsymachinery.com\/#\/schema\/logo\/image\/\",\"url\":\"https:\/\/www.hsymachinery.com\/wp-content\/uploads\/2025\/06\/cropped-HSY-machinery.png\",\"contentUrl\":\"https:\/\/www.hsymachinery.com\/wp-content\/uploads\/2025\/06\/cropped-HSY-machinery.png\",\"width\":600,\"height\":240,\"caption\":\"HSY Construction Machinery\"},\"image\":{\"@id\":\"https:\/\/www.hsymachinery.com\/#\/schema\/logo\/image\/\"}}]}<\/script>\n<!-- \/ Yoast SEO plugin. -->","yoast_head_json":{"title":"M\u00e1quina de corte de vergalh\u00e3o GQ40A (faca plana) - HSY Construction Machinery","description":"A m\u00e1quina de corte de vergalh\u00e3o GQ40A (faca plana) corta vergalh\u00f5es de 6 a 32 mm de forma limpa e eficiente. Projetada para constru\u00e7\u00e3o de alto volume e exporta\u00e7\u00e3o global.","robots":{"index":"index","follow":"follow","max-snippet":"max-snippet:-1","max-image-preview":"max-image-preview:large","max-video-preview":"max-video-preview:-1"},"canonical":"https:\/\/www.hsymachinery.com\/pt_br\/produto\/maquina-de-corte-de-vergalhoes-com-faca-plana-gq40a\/","og_locale":"pt_BR","og_type":"article","og_title":"Rebar Cutting Machine GQ40A (Flat knife) - HSY Construction Machinery","og_description":"The Rebar Cutting Machine GQ40A (Flat Knife) cuts 6\u201332mm rebar cleanly and efficiently. Designed for high-volume construction and global export.","og_url":"https:\/\/www.hsymachinery.com\/pt_br\/produto\/maquina-de-corte-de-vergalhoes-com-faca-plana-gq40a\/","og_site_name":"HSY Construction Machinery","article_modified_time":"2025-06-25T12:25:23+00:00","og_image":[{"width":600,"height":600,"url":"https:\/\/www.hsymachinery.com\/wp-content\/uploads\/2025\/06\/Rebar-Cutting-Machine-GQ40A-Flat-knife.jpg","type":"image\/jpeg"}],"twitter_card":"summary_large_image","twitter_misc":{"Est. tempo de leitura":"3 minutos"},"schema":{"@context":"https:\/\/schema.org","@graph":[{"@type":"WebPage","@id":"https:\/\/www.hsymachinery.com\/product\/rebar-cutting-machine-gq40a-flat-knife\/","url":"https:\/\/www.hsymachinery.com\/product\/rebar-cutting-machine-gq40a-flat-knife\/","name":"M\u00e1quina de corte de vergalh\u00e3o GQ40A (faca plana) - HSY Construction Machinery","isPartOf":{"@id":"https:\/\/www.hsymachinery.com\/#website"},"primaryImageOfPage":{"@id":"https:\/\/www.hsymachinery.com\/product\/rebar-cutting-machine-gq40a-flat-knife\/#primaryimage"},"image":{"@id":"https:\/\/www.hsymachinery.com\/product\/rebar-cutting-machine-gq40a-flat-knife\/#primaryimage"},"thumbnailUrl":"https:\/\/www.hsymachinery.com\/wp-content\/uploads\/2025\/06\/Rebar-Cutting-Machine-GQ40A-Flat-knife.jpg","datePublished":"2025-06-18T03:16:17+00:00","dateModified":"2025-06-25T12:25:23+00:00","description":"A m\u00e1quina de corte de vergalh\u00e3o GQ40A (faca plana) corta vergalh\u00f5es de 6 a 32 mm de forma limpa e eficiente. Projetada para constru\u00e7\u00e3o de alto volume e exporta\u00e7\u00e3o global.","breadcrumb":{"@id":"https:\/\/www.hsymachinery.com\/product\/rebar-cutting-machine-gq40a-flat-knife\/#breadcrumb"},"inLanguage":"pt-BR","potentialAction":[{"@type":"ReadAction","target":["https:\/\/www.hsymachinery.com\/product\/rebar-cutting-machine-gq40a-flat-knife\/"]}]},{"@type":"ImageObject","inLanguage":"pt-BR","@id":"https:\/\/www.hsymachinery.com\/product\/rebar-cutting-machine-gq40a-flat-knife\/#primaryimage","url":"https:\/\/www.hsymachinery.com\/wp-content\/uploads\/2025\/06\/Rebar-Cutting-Machine-GQ40A-Flat-knife.jpg","contentUrl":"https:\/\/www.hsymachinery.com\/wp-content\/uploads\/2025\/06\/Rebar-Cutting-Machine-GQ40A-Flat-knife.jpg","width":600,"height":600},{"@type":"BreadcrumbList","@id":"https:\/\/www.hsymachinery.com\/product\/rebar-cutting-machine-gq40a-flat-knife\/#breadcrumb","itemListElement":[{"@type":"ListItem","position":1,"name":"home","item":"https:\/\/www.hsymachinery.com\/"},{"@type":"ListItem","position":2,"name":"products","item":"https:\/\/www.hsymachinery.com\/products\/"},{"@type":"ListItem","position":3,"name":"Rebar Cutting Machine GQ40A (Flat knife)"}]},{"@type":"WebSite","@id":"https:\/\/www.hsymachinery.com\/#website","url":"https:\/\/www.hsymachinery.com\/","name":"M\u00e1quinas de constru\u00e7\u00e3o HSY","description":"HSY Machinery - Um dos principais fornecedores de m\u00e1quinas de constru\u00e7\u00e3o da China, oferecendo uma ampla gama de equipamentos de constru\u00e7\u00e3o leve. Nossos principais produtos incluem m\u00e1quina de corte de vergalh\u00e3o, m\u00e1quina de dobra de vergalh\u00e3o, m\u00e1quina de dobra de estribo de vergalh\u00e3o, m\u00e1quina de dobra de arco de vergalh\u00e3o, m\u00e1quina de endireitamento de vergalh\u00e3o, m\u00e1quina de dobra de estribo de vergalh\u00e3o de cinco cabe\u00e7as, compactador de placa, cortador de concreto, esp\u00e1tula el\u00e9trica e outras m\u00e1quinas de constru\u00e7\u00e3o. Estamos equipados com m\u00e1quinas CNC avan\u00e7adas e aplicamos padr\u00f5es rigorosos de inspe\u00e7\u00e3o de qualidade, al\u00e9m de um servi\u00e7o p\u00f3s-venda abrangente. Se estiver interessado em nossos produtos ou servi\u00e7os, agradecemos suas consultas por mensagem.","publisher":{"@id":"https:\/\/www.hsymachinery.com\/#organization"},"potentialAction":[{"@type":"SearchAction","target":{"@type":"EntryPoint","urlTemplate":"https:\/\/www.hsymachinery.com\/?s={search_term_string}"},"query-input":{"@type":"PropertyValueSpecification","valueRequired":true,"valueName":"search_term_string"}}],"inLanguage":"pt-BR"},{"@type":"Organization","@id":"https:\/\/www.hsymachinery.com\/#organization","name":"M\u00e1quinas de constru\u00e7\u00e3o HSY","url":"https:\/\/www.hsymachinery.com\/","logo":{"@type":"ImageObject","inLanguage":"pt-BR","@id":"https:\/\/www.hsymachinery.com\/#\/schema\/logo\/image\/","url":"https:\/\/www.hsymachinery.com\/wp-content\/uploads\/2025\/06\/cropped-HSY-machinery.png","contentUrl":"https:\/\/www.hsymachinery.com\/wp-content\/uploads\/2025\/06\/cropped-HSY-machinery.png","width":600,"height":240,"caption":"HSY Construction Machinery"},"image":{"@id":"https:\/\/www.hsymachinery.com\/#\/schema\/logo\/image\/"}}]}},"_links":{"self":[{"href":"https:\/\/www.hsymachinery.com\/pt_br\/wp-json\/wp\/v2\/product\/8909","targetHints":{"allow":["GET"]}}],"collection":[{"href":"https:\/\/www.hsymachinery.com\/pt_br\/wp-json\/wp\/v2\/product"}],"about":[{"href":"https:\/\/www.hsymachinery.com\/pt_br\/wp-json\/wp\/v2\/types\/product"}],"version-history":[{"count":4,"href":"https:\/\/www.hsymachinery.com\/pt_br\/wp-json\/wp\/v2\/product\/8909\/revisions"}],"predecessor-version":[{"id":9320,"href":"https:\/\/www.hsymachinery.com\/pt_br\/wp-json\/wp\/v2\/product\/8909\/revisions\/9320"}],"wp:featuredmedia":[{"embeddable":true,"href":"https:\/\/www.hsymachinery.com\/pt_br\/wp-json\/wp\/v2\/media\/8910"}],"wp:attachment":[{"href":"https:\/\/www.hsymachinery.com\/pt_br\/wp-json\/wp\/v2\/media?parent=8909"}],"wp:term":[{"taxonomy":"product_brand","embeddable":true,"href":"https:\/\/www.hsymachinery.com\/pt_br\/wp-json\/wp\/v2\/product_brand?post=8909"},{"taxonomy":"product_cat","embeddable":true,"href":"https:\/\/www.hsymachinery.com\/pt_br\/wp-json\/wp\/v2\/product_cat?post=8909"},{"taxonomy":"product_tag","embeddable":true,"href":"https:\/\/www.hsymachinery.com\/pt_br\/wp-json\/wp\/v2\/product_tag?post=8909"}],"curies":[{"name":"wp","href":"https:\/\/api.w.org\/{rel}","templated":true}]}}