{"id":9232,"date":"2025-06-18T21:19:30","date_gmt":"2025-06-18T13:19:30","guid":{"rendered":"https:\/\/www.hsymachinery.com\/?post_type=product&#038;p=9232"},"modified":"2025-06-28T23:53:29","modified_gmt":"2025-06-28T15:53:29","slug":"espatula-electrica-ptr-h100","status":"publish","type":"product","link":"https:\/\/www.hsymachinery.com\/pt\/product\/espatula-electrica-ptr-h100\/","title":{"rendered":"Esp\u00e1tula motorizada PTR-H100"},"content":{"rendered":"<h2 data-start=\"146\" data-end=\"183\">Esp\u00e1tula motorizada PTR-H100<\/h2>\n<h3 data-start=\"184\" data-end=\"304\">M\u00e1quina de acabamento de bet\u00e3o PTR-H100 com motor Honda, cobertura de grandes superf\u00edcies para acabamento profissional de pavimentos<\/h3>\n<h3 data-start=\"311\" data-end=\"410\">Descri\u00e7\u00e3o do produto - Esp\u00e1tula com motor a honda para acabamentos industriais de alto desempenho<a href=\"https:\/\/www.hsymachinery.com\/pt\/produtos\/talocha-electrica\/\" target=\"_blank\" rel=\"noopener\"><img fetchpriority=\"high\" decoding=\"async\" class=\"wp-image-9616 alignright\" src=\"https:\/\/www.hsymachinery.com\/wp-content\/uploads\/2025\/06\/Sitting-Type-Power-Trowel-209x300.jpg\" alt=\"\" width=\"451\" height=\"647\" srcset=\"https:\/\/www.hsymachinery.com\/wp-content\/uploads\/2025\/06\/Sitting-Type-Power-Trowel-209x300.jpg 209w, https:\/\/www.hsymachinery.com\/wp-content\/uploads\/2025\/06\/Sitting-Type-Power-Trowel-713x1024.jpg 713w, https:\/\/www.hsymachinery.com\/wp-content\/uploads\/2025\/06\/Sitting-Type-Power-Trowel-768x1103.jpg 768w, https:\/\/www.hsymachinery.com\/wp-content\/uploads\/2025\/06\/Sitting-Type-Power-Trowel-600x862.jpg 600w, https:\/\/www.hsymachinery.com\/wp-content\/uploads\/2025\/06\/Sitting-Type-Power-Trowel.jpg 800w\" sizes=\"(max-width: 451px) 100vw, 451px\" \/><\/a><\/h3>\n<p data-start=\"412\" data-end=\"720\">O <strong data-start=\"416\" data-end=\"449\">Esp\u00e1tula el\u00e9ctrica PTR-H100 Ride-On<\/strong> foi concebida para proporcionar resultados de acabamento superiores em grandes projectos de lajes de bet\u00e3o. Alimentada por um motor a gasolina Honda, esta m\u00e1quina oferece um desempenho consistente, f\u00e1cil manuseamento e maior cobertura para empreiteiros que trabalham em pavimentos industriais ou comerciais.<\/p>\n<p data-start=\"722\" data-end=\"1061\">Com uma l\u00e2mina de disco duplo de 100 cm de di\u00e2metro, a PTR-H100 termina eficazmente grandes \u00e1reas de bet\u00e3o em menos tempo. O assento do operador aumenta o conforto e o controlo, especialmente durante longas horas de trabalho. O motor Honda garante um bin\u00e1rio suave, efici\u00eancia de combust\u00edvel e fiabilidade duradoura, mesmo sob cargas de trabalho exigentes.<\/p>\n<p data-start=\"1063\" data-end=\"1351\">Para al\u00e9m disso, os operadores podem ajustar rapidamente o sistema de passo da l\u00e2mina, permitindo transi\u00e7\u00f5es suaves entre tarefas de flutua\u00e7\u00e3o e de acabamento. A estrutura em a\u00e7o para trabalhos pesados, a caixa de velocidades refor\u00e7ada e o design com amortecimento de vibra\u00e7\u00f5es garantem a estabilidade operacional e reduzem o desgaste da m\u00e1quina ao longo do tempo.<\/p>\n<p data-start=\"1353\" data-end=\"1575\">Ideal para utiliza\u00e7\u00e3o em pisos de f\u00e1bricas, centros comerciais, armaz\u00e9ns e parques de estacionamento, a PTR-H100 \u00e9 uma m\u00e1quina de acabamento fi\u00e1vel para profissionais que valorizam a precis\u00e3o, a durabilidade e o desempenho do motor.<\/p>\n<h3 data-start=\"1582\" data-end=\"1628\">Principais carater\u00edsticas da esp\u00e1tula PTR-H100 Ride-On<\/h3>\n<ul data-start=\"1630\" data-end=\"2009\">\n<li data-start=\"1630\" data-end=\"1701\">\n<p data-start=\"1632\" data-end=\"1701\">Alimentado por um motor a gasolina Honda para um funcionamento suave e eficiente<\/p>\n<\/li>\n<li data-start=\"1702\" data-end=\"1766\">\n<p data-start=\"1704\" data-end=\"1766\">O di\u00e2metro de alisamento de 100 cm cobre mais \u00e1rea com menos passagens<\/p>\n<\/li>\n<li data-start=\"1767\" data-end=\"1831\">\n<p data-start=\"1769\" data-end=\"1831\">A estrutura de montagem proporciona ao operador conforto e controlo total<\/p>\n<\/li>\n<li data-start=\"1832\" data-end=\"1890\">\n<p data-start=\"1834\" data-end=\"1890\">Passo de l\u00e2mina ajust\u00e1vel para resultados de acabamento precisos<\/p>\n<\/li>\n<li data-start=\"1891\" data-end=\"1952\">\n<p data-start=\"1893\" data-end=\"1952\">Caixa de velocidades robusta e estrutura em a\u00e7o para um desempenho de alta resist\u00eancia<\/p>\n<\/li>\n<li data-start=\"1953\" data-end=\"2009\">\n<p data-start=\"1955\" data-end=\"2009\">Concebida para projectos de lajes industriais e comerciais<\/p>\n<\/li>\n<\/ul>\n<h3 data-start=\"2016\" data-end=\"2106\">Aplica\u00e7\u00f5es - Perfeito para pavimentos industriais, armaz\u00e9ns comerciais e \u00e1reas de estacionamento<\/h3>\n<p data-start=\"2108\" data-end=\"2304\">A PTR-H100 destaca-se em trabalhos de acabamento de bet\u00e3o de grande volume, oferecendo a combina\u00e7\u00e3o perfeita de cobertura, estabilidade e conforto para profissionais que trabalham em grandes lajes de pavimento.<\/p>\n<p><iframe title=\"#constru\u00e7\u00e3o #trabalhador da constru\u00e7\u00e3o civil #esp\u00e1tula#\" width=\"720\" height=\"405\" src=\"https:\/\/www.youtube.com\/embed\/XQyVcEkyJOs?feature=oembed\" frameborder=\"0\" allow=\"accelerometer; autoplay; clipboard-write; encrypted-media; gyroscope; picture-in-picture; web-share\" referrerpolicy=\"strict-origin-when-cross-origin\" allowfullscreen><\/iframe><\/p>","protected":false},"excerpt":{"rendered":"<p>A talocha para bet\u00e3o PTR-H100 com motor Honda oferece 100 cm de largura de acabamento, excelente estabilidade e resultados profissionais para aplica\u00e7\u00f5es em grandes lajes.<\/p>","protected":false},"featured_media":9233,"template":"","meta":{"_kad_post_transparent":"default","_kad_post_title":"","_kad_post_layout":"default","_kad_post_sidebar_id":"","_kad_post_content_style":"default","_kad_post_vertical_padding":"default","_kad_post_feature":"","_kad_post_feature_position":"","_kad_post_header":false,"_kad_post_footer":false},"product_brand":[],"product_cat":[58],"product_tag":[1093,1094,1098,1091,1096,1092,1097,1099,1095,1100],"class_list":{"0":"post-9232","1":"product","2":"type-product","3":"status-publish","4":"has-post-thumbnail","6":"product_cat-ride-on-power-trowel","7":"product_tag-concrete-ride-on-trowel","8":"product_tag-concrete-ride-on-trowel-machine","9":"product_tag-concrete-surface-finishing-trowel","10":"product_tag-double-disc-ride-on-power-trowel","11":"product_tag-double-rotor-power-trowel","12":"product_tag-gasoline-ride-on-power-trowel","13":"product_tag-heavy-duty-ride-on-trowel","14":"product_tag-hydraulic-ride-on-trowel","15":"product_tag-ride-on-concrete-finishing-machine","16":"product_tag-ride-on-floor-trowel","18":"first","19":"instock","20":"featured","21":"shipping-taxable","22":"product-type-simple","23":"entry","24":"content-bg","25":"loop-entry"},"yoast_head":"<!-- This site is optimized with the Yoast SEO plugin v25.3.1 - https:\/\/yoast.com\/wordpress\/plugins\/seo\/ -->\n<title>Ride-On Power Trowel PTR-H100 - HSY Construction Machinery<\/title>\n<meta name=\"description\" content=\"PTR-H100 ride-on power trowel with 100 cm blades and Honda engine delivers efficient, high-performance slab finishing for industrial concrete floors.\" \/>\n<meta name=\"robots\" content=\"index, follow, max-snippet:-1, max-image-preview:large, max-video-preview:-1\" \/>\n<link rel=\"canonical\" href=\"https:\/\/www.hsymachinery.com\/pt\/product\/espatula-electrica-ptr-h100\/\" \/>\n<meta property=\"og:locale\" content=\"pt_PT\" \/>\n<meta property=\"og:type\" content=\"article\" \/>\n<meta property=\"og:title\" content=\"Ride-On Power Trowel PTR-H100 - HSY Construction Machinery\" \/>\n<meta property=\"og:description\" content=\"PTR-H100 ride-on power trowel with 100 cm blades and Honda engine delivers efficient, high-performance slab finishing for industrial concrete floors.\" \/>\n<meta property=\"og:url\" content=\"https:\/\/www.hsymachinery.com\/pt\/product\/espatula-electrica-ptr-h100\/\" \/>\n<meta property=\"og:site_name\" content=\"HSY Construction Machinery\" \/>\n<meta property=\"article:modified_time\" content=\"2025-06-28T15:53:29+00:00\" \/>\n<meta property=\"og:image\" content=\"https:\/\/www.hsymachinery.com\/wp-content\/uploads\/2025\/06\/Ride-On-Power-Trowel-PTR-H100.jpg\" \/>\n\t<meta property=\"og:image:width\" content=\"800\" \/>\n\t<meta property=\"og:image:height\" content=\"800\" \/>\n\t<meta property=\"og:image:type\" content=\"image\/jpeg\" \/>\n<meta name=\"twitter:card\" content=\"summary_large_image\" \/>\n<meta name=\"twitter:label1\" content=\"Tempo estimado de leitura\" \/>\n\t<meta name=\"twitter:data1\" content=\"2 minutos\" \/>\n<script type=\"application\/ld+json\" class=\"yoast-schema-graph\">{\"@context\":\"https:\/\/schema.org\",\"@graph\":[{\"@type\":\"WebPage\",\"@id\":\"https:\/\/www.hsymachinery.com\/product\/ride-on-power-trowel-ptr-h100\/\",\"url\":\"https:\/\/www.hsymachinery.com\/product\/ride-on-power-trowel-ptr-h100\/\",\"name\":\"Ride-On Power Trowel PTR-H100 - HSY Construction Machinery\",\"isPartOf\":{\"@id\":\"https:\/\/www.hsymachinery.com\/#website\"},\"primaryImageOfPage\":{\"@id\":\"https:\/\/www.hsymachinery.com\/product\/ride-on-power-trowel-ptr-h100\/#primaryimage\"},\"image\":{\"@id\":\"https:\/\/www.hsymachinery.com\/product\/ride-on-power-trowel-ptr-h100\/#primaryimage\"},\"thumbnailUrl\":\"https:\/\/www.hsymachinery.com\/wp-content\/uploads\/2025\/06\/Ride-On-Power-Trowel-PTR-H100.jpg\",\"datePublished\":\"2025-06-18T13:19:30+00:00\",\"dateModified\":\"2025-06-28T15:53:29+00:00\",\"description\":\"PTR-H100 ride-on power trowel with 100 cm blades and Honda engine delivers efficient, high-performance slab finishing for industrial concrete floors.\",\"breadcrumb\":{\"@id\":\"https:\/\/www.hsymachinery.com\/product\/ride-on-power-trowel-ptr-h100\/#breadcrumb\"},\"inLanguage\":\"pt-PT\",\"potentialAction\":[{\"@type\":\"ReadAction\",\"target\":[\"https:\/\/www.hsymachinery.com\/product\/ride-on-power-trowel-ptr-h100\/\"]}]},{\"@type\":\"ImageObject\",\"inLanguage\":\"pt-PT\",\"@id\":\"https:\/\/www.hsymachinery.com\/product\/ride-on-power-trowel-ptr-h100\/#primaryimage\",\"url\":\"https:\/\/www.hsymachinery.com\/wp-content\/uploads\/2025\/06\/Ride-On-Power-Trowel-PTR-H100.jpg\",\"contentUrl\":\"https:\/\/www.hsymachinery.com\/wp-content\/uploads\/2025\/06\/Ride-On-Power-Trowel-PTR-H100.jpg\",\"width\":800,\"height\":800},{\"@type\":\"BreadcrumbList\",\"@id\":\"https:\/\/www.hsymachinery.com\/product\/ride-on-power-trowel-ptr-h100\/#breadcrumb\",\"itemListElement\":[{\"@type\":\"ListItem\",\"position\":1,\"name\":\"home\",\"item\":\"https:\/\/www.hsymachinery.com\/\"},{\"@type\":\"ListItem\",\"position\":2,\"name\":\"products\",\"item\":\"https:\/\/www.hsymachinery.com\/products\/\"},{\"@type\":\"ListItem\",\"position\":3,\"name\":\"Ride-On Power Trowel PTR-H100\"}]},{\"@type\":\"WebSite\",\"@id\":\"https:\/\/www.hsymachinery.com\/#website\",\"url\":\"https:\/\/www.hsymachinery.com\/\",\"name\":\"HSY Construction Machinery\",\"description\":\"HSY Machinery \u2013 A leading China construction machinery supplier, offering a wide range of light construction equipment. Our main products include Rebar Cutting Machine, Rebar Bending Machine, Rebar Stirrup Bending Machine, Rebar Arc Bending Machine, Rebar Straightening Machine, Five-Head Rebar Stirrup Bending Machine, Tamping Rammer, Plate Compactor, Concrete Cutter, Power Trowel, and other construction machinery. We are equipped with advanced CNC machines, and we enforce strict quality inspection standards along with comprehensive after-sales service. If you are interested in our products or services, we warmly welcome your inquiries via message.\",\"publisher\":{\"@id\":\"https:\/\/www.hsymachinery.com\/#organization\"},\"potentialAction\":[{\"@type\":\"SearchAction\",\"target\":{\"@type\":\"EntryPoint\",\"urlTemplate\":\"https:\/\/www.hsymachinery.com\/?s={search_term_string}\"},\"query-input\":{\"@type\":\"PropertyValueSpecification\",\"valueRequired\":true,\"valueName\":\"search_term_string\"}}],\"inLanguage\":\"pt-PT\"},{\"@type\":\"Organization\",\"@id\":\"https:\/\/www.hsymachinery.com\/#organization\",\"name\":\"HSY Construction Machinery\",\"url\":\"https:\/\/www.hsymachinery.com\/\",\"logo\":{\"@type\":\"ImageObject\",\"inLanguage\":\"pt-PT\",\"@id\":\"https:\/\/www.hsymachinery.com\/#\/schema\/logo\/image\/\",\"url\":\"https:\/\/www.hsymachinery.com\/wp-content\/uploads\/2025\/06\/cropped-HSY-machinery.png\",\"contentUrl\":\"https:\/\/www.hsymachinery.com\/wp-content\/uploads\/2025\/06\/cropped-HSY-machinery.png\",\"width\":600,\"height\":240,\"caption\":\"HSY Construction Machinery\"},\"image\":{\"@id\":\"https:\/\/www.hsymachinery.com\/#\/schema\/logo\/image\/\"}}]}<\/script>\n<!-- \/ Yoast SEO plugin. -->","yoast_head_json":{"title":"Esp\u00e1tula motorizada PTR-H100 - HSY Construction Machinery","description":"A talocha el\u00e9trica PTR-H100 com l\u00e2minas de 100 cm e motor Honda proporciona um acabamento eficiente e de alto desempenho para pavimentos de bet\u00e3o industriais.","robots":{"index":"index","follow":"follow","max-snippet":"max-snippet:-1","max-image-preview":"max-image-preview:large","max-video-preview":"max-video-preview:-1"},"canonical":"https:\/\/www.hsymachinery.com\/pt\/product\/espatula-electrica-ptr-h100\/","og_locale":"pt_PT","og_type":"article","og_title":"Ride-On Power Trowel PTR-H100 - HSY Construction Machinery","og_description":"PTR-H100 ride-on power trowel with 100 cm blades and Honda engine delivers efficient, high-performance slab finishing for industrial concrete floors.","og_url":"https:\/\/www.hsymachinery.com\/pt\/product\/espatula-electrica-ptr-h100\/","og_site_name":"HSY Construction Machinery","article_modified_time":"2025-06-28T15:53:29+00:00","og_image":[{"width":800,"height":800,"url":"https:\/\/www.hsymachinery.com\/wp-content\/uploads\/2025\/06\/Ride-On-Power-Trowel-PTR-H100.jpg","type":"image\/jpeg"}],"twitter_card":"summary_large_image","twitter_misc":{"Tempo estimado de leitura":"2 minutos"},"schema":{"@context":"https:\/\/schema.org","@graph":[{"@type":"WebPage","@id":"https:\/\/www.hsymachinery.com\/product\/ride-on-power-trowel-ptr-h100\/","url":"https:\/\/www.hsymachinery.com\/product\/ride-on-power-trowel-ptr-h100\/","name":"Esp\u00e1tula motorizada PTR-H100 - HSY Construction Machinery","isPartOf":{"@id":"https:\/\/www.hsymachinery.com\/#website"},"primaryImageOfPage":{"@id":"https:\/\/www.hsymachinery.com\/product\/ride-on-power-trowel-ptr-h100\/#primaryimage"},"image":{"@id":"https:\/\/www.hsymachinery.com\/product\/ride-on-power-trowel-ptr-h100\/#primaryimage"},"thumbnailUrl":"https:\/\/www.hsymachinery.com\/wp-content\/uploads\/2025\/06\/Ride-On-Power-Trowel-PTR-H100.jpg","datePublished":"2025-06-18T13:19:30+00:00","dateModified":"2025-06-28T15:53:29+00:00","description":"A talocha el\u00e9trica PTR-H100 com l\u00e2minas de 100 cm e motor Honda proporciona um acabamento eficiente e de alto desempenho para pavimentos de bet\u00e3o industriais.","breadcrumb":{"@id":"https:\/\/www.hsymachinery.com\/product\/ride-on-power-trowel-ptr-h100\/#breadcrumb"},"inLanguage":"pt-PT","potentialAction":[{"@type":"ReadAction","target":["https:\/\/www.hsymachinery.com\/product\/ride-on-power-trowel-ptr-h100\/"]}]},{"@type":"ImageObject","inLanguage":"pt-PT","@id":"https:\/\/www.hsymachinery.com\/product\/ride-on-power-trowel-ptr-h100\/#primaryimage","url":"https:\/\/www.hsymachinery.com\/wp-content\/uploads\/2025\/06\/Ride-On-Power-Trowel-PTR-H100.jpg","contentUrl":"https:\/\/www.hsymachinery.com\/wp-content\/uploads\/2025\/06\/Ride-On-Power-Trowel-PTR-H100.jpg","width":800,"height":800},{"@type":"BreadcrumbList","@id":"https:\/\/www.hsymachinery.com\/product\/ride-on-power-trowel-ptr-h100\/#breadcrumb","itemListElement":[{"@type":"ListItem","position":1,"name":"home","item":"https:\/\/www.hsymachinery.com\/"},{"@type":"ListItem","position":2,"name":"products","item":"https:\/\/www.hsymachinery.com\/products\/"},{"@type":"ListItem","position":3,"name":"Ride-On Power Trowel PTR-H100"}]},{"@type":"WebSite","@id":"https:\/\/www.hsymachinery.com\/#website","url":"https:\/\/www.hsymachinery.com\/","name":"M\u00e1quinas de constru\u00e7\u00e3o HSY","description":"HSY Machinery - Um fornecedor l\u00edder de m\u00e1quinas de constru\u00e7\u00e3o na China, oferecendo uma ampla gama de equipamentos de constru\u00e7\u00e3o leve. Nossos principais produtos incluem m\u00e1quina de corte de vergalh\u00e3o, m\u00e1quina dobradeira de vergalh\u00e3o, m\u00e1quina dobradeira de estribo de vergalh\u00e3o, m\u00e1quina dobradeira de arco de vergalh\u00e3o, m\u00e1quina de endireitar vergalh\u00e3o, m\u00e1quina dobradeira de estribo de vergalh\u00e3o de cinco cabe\u00e7as, compactador de placa, cortador de concreto, esp\u00e1tula el\u00e9trica e outras m\u00e1quinas de constru\u00e7\u00e3o. Estamos equipados com m\u00e1quinas CNC avan\u00e7adas, e n\u00f3s aplicamos rigorosas normas de inspe\u00e7\u00e3o de qualidade, juntamente com o servi\u00e7o p\u00f3s-venda abrangente. Se voc\u00ea est\u00e1 interessado em nossos produtos ou servi\u00e7os, congratulamo-nos com as suas perguntas atrav\u00e9s de mensagem.","publisher":{"@id":"https:\/\/www.hsymachinery.com\/#organization"},"potentialAction":[{"@type":"SearchAction","target":{"@type":"EntryPoint","urlTemplate":"https:\/\/www.hsymachinery.com\/?s={search_term_string}"},"query-input":{"@type":"PropertyValueSpecification","valueRequired":true,"valueName":"search_term_string"}}],"inLanguage":"pt-PT"},{"@type":"Organization","@id":"https:\/\/www.hsymachinery.com\/#organization","name":"M\u00e1quinas de constru\u00e7\u00e3o HSY","url":"https:\/\/www.hsymachinery.com\/","logo":{"@type":"ImageObject","inLanguage":"pt-PT","@id":"https:\/\/www.hsymachinery.com\/#\/schema\/logo\/image\/","url":"https:\/\/www.hsymachinery.com\/wp-content\/uploads\/2025\/06\/cropped-HSY-machinery.png","contentUrl":"https:\/\/www.hsymachinery.com\/wp-content\/uploads\/2025\/06\/cropped-HSY-machinery.png","width":600,"height":240,"caption":"HSY Construction Machinery"},"image":{"@id":"https:\/\/www.hsymachinery.com\/#\/schema\/logo\/image\/"}}]}},"_links":{"self":[{"href":"https:\/\/www.hsymachinery.com\/pt\/wp-json\/wp\/v2\/product\/9232","targetHints":{"allow":["GET"]}}],"collection":[{"href":"https:\/\/www.hsymachinery.com\/pt\/wp-json\/wp\/v2\/product"}],"about":[{"href":"https:\/\/www.hsymachinery.com\/pt\/wp-json\/wp\/v2\/types\/product"}],"version-history":[{"count":3,"href":"https:\/\/www.hsymachinery.com\/pt\/wp-json\/wp\/v2\/product\/9232\/revisions"}],"predecessor-version":[{"id":9624,"href":"https:\/\/www.hsymachinery.com\/pt\/wp-json\/wp\/v2\/product\/9232\/revisions\/9624"}],"wp:featuredmedia":[{"embeddable":true,"href":"https:\/\/www.hsymachinery.com\/pt\/wp-json\/wp\/v2\/media\/9233"}],"wp:attachment":[{"href":"https:\/\/www.hsymachinery.com\/pt\/wp-json\/wp\/v2\/media?parent=9232"}],"wp:term":[{"taxonomy":"product_brand","embeddable":true,"href":"https:\/\/www.hsymachinery.com\/pt\/wp-json\/wp\/v2\/product_brand?post=9232"},{"taxonomy":"product_cat","embeddable":true,"href":"https:\/\/www.hsymachinery.com\/pt\/wp-json\/wp\/v2\/product_cat?post=9232"},{"taxonomy":"product_tag","embeddable":true,"href":"https:\/\/www.hsymachinery.com\/pt\/wp-json\/wp\/v2\/product_tag?post=9232"}],"curies":[{"name":"wp","href":"https:\/\/api.w.org\/{rel}","templated":true}]}}