{"id":9193,"date":"2025-06-18T20:23:34","date_gmt":"2025-06-18T12:23:34","guid":{"rendered":"https:\/\/www.hsymachinery.com\/?post_type=product&#038;p=9193"},"modified":"2025-06-28T22:40:38","modified_gmt":"2025-06-28T14:40:38","slug":"espatula-electrica-de-arrasto-pth-c100","status":"publish","type":"product","link":"https:\/\/www.hsymachinery.com\/pt\/product\/espatula-electrica-de-arrasto-pth-c100\/","title":{"rendered":"Esp\u00e1tula manual PTH-C100"},"content":{"rendered":"<h2 data-start=\"165\" data-end=\"206\">Esp\u00e1tula manual PTH-C100<\/h2>\n<h3 data-start=\"207\" data-end=\"319\">Esp\u00e1tula para bet\u00e3o com motor a diesel PTH-C100 | Ferramenta de acabamento potente e eficiente para lajes de bet\u00e3o industriais<\/h3>\n<h3 data-start=\"326\" data-end=\"417\">Descri\u00e7\u00e3o do produto - Esp\u00e1tula dur\u00e1vel movida a gas\u00f3leo para trabalhos pesados de acabamento de superf\u00edcies<a href=\"https:\/\/www.hsymachinery.com\/pt\/produtos\/talocha-electrica-de-arrasto\/\" target=\"_blank\" rel=\"noopener\"><img fetchpriority=\"high\" decoding=\"async\" class=\"wp-image-9194 alignright\" src=\"https:\/\/www.hsymachinery.com\/wp-content\/uploads\/2025\/06\/Walk-Behind-Power-Trowel-PTH-C100-244x300.jpg\" alt=\"\" width=\"450\" height=\"553\" srcset=\"https:\/\/www.hsymachinery.com\/wp-content\/uploads\/2025\/06\/Walk-Behind-Power-Trowel-PTH-C100-244x300.jpg 244w, https:\/\/www.hsymachinery.com\/wp-content\/uploads\/2025\/06\/Walk-Behind-Power-Trowel-PTH-C100.jpg 600w\" sizes=\"(max-width: 450px) 100vw, 450px\" \/><\/a><\/h3>\n<p data-start=\"419\" data-end=\"865\">O <strong data-start=\"423\" data-end=\"460\">Talocha el\u00e9ctrica de condutor apeado PTH-C100<\/strong> \u00e9 uma m\u00e1quina de acabamento de bet\u00e3o com motor diesel concebida para aplica\u00e7\u00f5es industriais de grande escala. Oferece uma solu\u00e7\u00e3o ideal quando a utiliza\u00e7\u00e3o de gasolina \u00e9 limitada, ao mesmo tempo que fornece uma pot\u00eancia forte e consistente para resultados profissionais. Gra\u00e7as ao seu fi\u00e1vel motor a diesel, a PTH-C100 funciona com uma excelente efici\u00eancia de combust\u00edvel, tornando-a econ\u00f3mica e fi\u00e1vel para uso di\u00e1rio.<\/p>\n<p data-start=\"867\" data-end=\"1288\">Com um di\u00e2metro de alisamento largo de 100 cm, esta m\u00e1quina cobre mais \u00e1rea de superf\u00edcie em cada passagem, aumentando significativamente a efici\u00eancia do trabalho. Al\u00e9m disso, o seu sistema de controlo do passo da l\u00e2mina permite ajustes f\u00e1ceis, permitindo tanto a flutua\u00e7\u00e3o grosseira como o polimento fino em v\u00e1rias superf\u00edcies de bet\u00e3o. Os empreiteiros podem mudar os \u00e2ngulos das l\u00e2minas sem problemas durante o funcionamento, o que ajuda a manter a consist\u00eancia do acabamento em grandes lajes.<\/p>\n<p data-start=\"1290\" data-end=\"1568\">Al\u00e9m disso, a caixa de velocidades para trabalhos pesados, os bra\u00e7os refor\u00e7ados da aranha e o anel de seguran\u00e7a de prote\u00e7\u00e3o garantem uma durabilidade a longo prazo, mesmo em condi\u00e7\u00f5es dif\u00edceis no local de trabalho. A pega ergon\u00f3mica n\u00e3o s\u00f3 reduz a vibra\u00e7\u00e3o como tamb\u00e9m se dobra convenientemente para facilitar o transporte e o armazenamento.<\/p>\n<p data-start=\"1570\" data-end=\"1811\">Al\u00e9m disso, o PTH-C100 \u00e9 adequado para zonas de constru\u00e7\u00e3o que exijam flexibilidade de pot\u00eancia e de tipo de combust\u00edvel, especialmente em ambientes com regulamenta\u00e7\u00e3o de combust\u00edvel ou em locais remotos onde o gas\u00f3leo est\u00e1 mais facilmente dispon\u00edvel do que a gasolina.<\/p>\n<h3 data-start=\"1818\" data-end=\"1871\">Principais carater\u00edsticas da esp\u00e1tula el\u00e9ctrica para bet\u00e3o PTH-C100<\/h3>\n<ul data-start=\"1873\" data-end=\"2262\">\n<li data-start=\"1873\" data-end=\"1948\">\n<p data-start=\"1875\" data-end=\"1948\">O motor a gas\u00f3leo proporciona um bin\u00e1rio est\u00e1vel e um funcionamento duradouro<\/p>\n<\/li>\n<li data-start=\"1949\" data-end=\"2003\">\n<p data-start=\"1951\" data-end=\"2003\">O di\u00e2metro da talocha de 100 cm permite uma cobertura mais r\u00e1pida da laje<\/p>\n<\/li>\n<li data-start=\"2004\" data-end=\"2062\">\n<p data-start=\"2006\" data-end=\"2062\">Passo de l\u00e2mina ajust\u00e1vel para uma suavidade de superf\u00edcie vari\u00e1vel<\/p>\n<\/li>\n<li data-start=\"2063\" data-end=\"2123\">\n<p data-start=\"2065\" data-end=\"2123\">Constru\u00e7\u00e3o dur\u00e1vel com caixa de velocidades e bra\u00e7os de alta resist\u00eancia<\/p>\n<\/li>\n<li data-start=\"2124\" data-end=\"2196\">\n<p data-start=\"2126\" data-end=\"2196\">Pega dobr\u00e1vel com design que amortece as vibra\u00e7\u00f5es para conforto do operador<\/p>\n<\/li>\n<li data-start=\"2197\" data-end=\"2262\">\n<p data-start=\"2199\" data-end=\"2262\">Ideal para grandes superf\u00edcies de bet\u00e3o em estaleiros de obras com combust\u00edvel regulado<\/p>\n<\/li>\n<\/ul>\n<h3 data-start=\"2269\" data-end=\"2356\">Aplica\u00e7\u00f5es - Adequado para f\u00e1bricas, armaz\u00e9ns, parques de estacionamento e lajes exteriores<\/h3>\n<p data-start=\"2358\" data-end=\"2665\">A PTH-C100 \u00e9 a solu\u00e7\u00e3o perfeita para o acabamento de grandes lajes em armaz\u00e9ns industriais, terminais de transporte e \u00e1reas comerciais abertas. Gra\u00e7as ao seu grupo motopropulsor a gas\u00f3leo, tem um desempenho fi\u00e1vel em regi\u00f5es onde o acesso \u00e0 gasolina \u00e9 limitado ou onde os regulamentos de seguran\u00e7a favorecem o equipamento a gas\u00f3leo.<\/p>\n<p data-start=\"2667\" data-end=\"2854\">Devido \u00e0 sua combina\u00e7\u00e3o de alta pot\u00eancia, baixo consumo de combust\u00edvel e engenharia robusta, a PTH-C100 \u00e9 uma escolha de topo para profissionais que procuram velocidade e perfei\u00e7\u00e3o de superf\u00edcie.<\/p>\n<p><iframe title=\"Talocha el\u00e9ctrica, talocha manual, talocha, bet\u00e3o # talocha #powertrowe#concrete\" width=\"720\" height=\"405\" src=\"https:\/\/www.youtube.com\/embed\/pa6AuNhMrwI?feature=oembed\" frameborder=\"0\" allow=\"accelerometer; autoplay; clipboard-write; encrypted-media; gyroscope; picture-in-picture; web-share\" referrerpolicy=\"strict-origin-when-cross-origin\" allowfullscreen><\/iframe><\/p>","protected":false},"excerpt":{"rendered":"<p>A talocha a diesel PTH-C100 apresenta uma cobertura de 100 cm de largura, efici\u00eancia de combust\u00edvel e constru\u00e7\u00e3o robusta para acabamento de grandes lajes de bet\u00e3o em ambientes de trabalho exigentes.<\/p>","protected":false},"featured_media":9194,"template":"","meta":{"_kad_post_transparent":"default","_kad_post_title":"","_kad_post_layout":"default","_kad_post_sidebar_id":"","_kad_post_content_style":"default","_kad_post_vertical_padding":"default","_kad_post_feature":"","_kad_post_feature_position":"","_kad_post_header":false,"_kad_post_footer":false},"product_brand":[],"product_cat":[55],"product_tag":[1084,1083,1087,1081,1086,1085,1089,1088,1090,1082],"class_list":{"0":"post-9193","1":"product","2":"type-product","3":"status-publish","4":"has-post-thumbnail","6":"product_cat-walk-behind-power-trowel","7":"product_tag-cement-power-trowel","8":"product_tag-concrete-finishing-trowel","9":"product_tag-concrete-floor-finishing-machine","10":"product_tag-concrete-power-trowel","11":"product_tag-electric-walk-behind-trowel","12":"product_tag-gasoline-power-trowel","13":"product_tag-hand-operated-power-trowel","14":"product_tag-manual-power-trowel","15":"product_tag-walk-behind-concrete-finishing-machine","16":"product_tag-walk-behind-trowel-machine","18":"first","19":"instock","20":"shipping-taxable","21":"product-type-simple","22":"entry","23":"content-bg","24":"loop-entry"},"yoast_head":"<!-- This site is optimized with the Yoast SEO plugin v25.3.1 - https:\/\/yoast.com\/wordpress\/plugins\/seo\/ -->\n<title>Walk-Behind Power Trowel PTH-C100 - HSY Construction Machinery<\/title>\n<meta name=\"description\" content=\"PTH-C100 Walk-Behind Power Trowel with 100cm coverage ensures smooth surface finishing for industrial concrete slabs. Durable, efficient, and ideal for fuel-restricted sites.\" \/>\n<meta name=\"robots\" content=\"index, follow, max-snippet:-1, max-image-preview:large, max-video-preview:-1\" \/>\n<link rel=\"canonical\" href=\"https:\/\/www.hsymachinery.com\/pt\/product\/espatula-electrica-de-arrasto-pth-c100\/\" \/>\n<meta property=\"og:locale\" content=\"pt_PT\" \/>\n<meta property=\"og:type\" content=\"article\" \/>\n<meta property=\"og:title\" content=\"Walk-Behind Power Trowel PTH-C100 - HSY Construction Machinery\" \/>\n<meta property=\"og:description\" content=\"PTH-C100 Walk-Behind Power Trowel with 100cm coverage ensures smooth surface finishing for industrial concrete slabs. Durable, efficient, and ideal for fuel-restricted sites.\" \/>\n<meta property=\"og:url\" content=\"https:\/\/www.hsymachinery.com\/pt\/product\/espatula-electrica-de-arrasto-pth-c100\/\" \/>\n<meta property=\"og:site_name\" content=\"HSY Construction Machinery\" \/>\n<meta property=\"article:modified_time\" content=\"2025-06-28T14:40:38+00:00\" \/>\n<meta property=\"og:image\" content=\"https:\/\/www.hsymachinery.com\/wp-content\/uploads\/2025\/06\/Walk-Behind-Power-Trowel-PTH-C100.jpg\" \/>\n\t<meta property=\"og:image:width\" content=\"600\" \/>\n\t<meta property=\"og:image:height\" content=\"738\" \/>\n\t<meta property=\"og:image:type\" content=\"image\/jpeg\" \/>\n<meta name=\"twitter:card\" content=\"summary_large_image\" \/>\n<meta name=\"twitter:label1\" content=\"Tempo estimado de leitura\" \/>\n\t<meta name=\"twitter:data1\" content=\"2 minutos\" \/>\n<script type=\"application\/ld+json\" class=\"yoast-schema-graph\">{\"@context\":\"https:\/\/schema.org\",\"@graph\":[{\"@type\":\"WebPage\",\"@id\":\"https:\/\/www.hsymachinery.com\/product\/walk-behind-power-trowel-pth-c100\/\",\"url\":\"https:\/\/www.hsymachinery.com\/product\/walk-behind-power-trowel-pth-c100\/\",\"name\":\"Walk-Behind Power Trowel PTH-C100 - HSY Construction Machinery\",\"isPartOf\":{\"@id\":\"https:\/\/www.hsymachinery.com\/#website\"},\"primaryImageOfPage\":{\"@id\":\"https:\/\/www.hsymachinery.com\/product\/walk-behind-power-trowel-pth-c100\/#primaryimage\"},\"image\":{\"@id\":\"https:\/\/www.hsymachinery.com\/product\/walk-behind-power-trowel-pth-c100\/#primaryimage\"},\"thumbnailUrl\":\"https:\/\/www.hsymachinery.com\/wp-content\/uploads\/2025\/06\/Walk-Behind-Power-Trowel-PTH-C100.jpg\",\"datePublished\":\"2025-06-18T12:23:34+00:00\",\"dateModified\":\"2025-06-28T14:40:38+00:00\",\"description\":\"PTH-C100 Walk-Behind Power Trowel with 100cm coverage ensures smooth surface finishing for industrial concrete slabs. Durable, efficient, and ideal for fuel-restricted sites.\",\"breadcrumb\":{\"@id\":\"https:\/\/www.hsymachinery.com\/product\/walk-behind-power-trowel-pth-c100\/#breadcrumb\"},\"inLanguage\":\"pt-PT\",\"potentialAction\":[{\"@type\":\"ReadAction\",\"target\":[\"https:\/\/www.hsymachinery.com\/product\/walk-behind-power-trowel-pth-c100\/\"]}]},{\"@type\":\"ImageObject\",\"inLanguage\":\"pt-PT\",\"@id\":\"https:\/\/www.hsymachinery.com\/product\/walk-behind-power-trowel-pth-c100\/#primaryimage\",\"url\":\"https:\/\/www.hsymachinery.com\/wp-content\/uploads\/2025\/06\/Walk-Behind-Power-Trowel-PTH-C100.jpg\",\"contentUrl\":\"https:\/\/www.hsymachinery.com\/wp-content\/uploads\/2025\/06\/Walk-Behind-Power-Trowel-PTH-C100.jpg\",\"width\":600,\"height\":738},{\"@type\":\"BreadcrumbList\",\"@id\":\"https:\/\/www.hsymachinery.com\/product\/walk-behind-power-trowel-pth-c100\/#breadcrumb\",\"itemListElement\":[{\"@type\":\"ListItem\",\"position\":1,\"name\":\"home\",\"item\":\"https:\/\/www.hsymachinery.com\/\"},{\"@type\":\"ListItem\",\"position\":2,\"name\":\"products\",\"item\":\"https:\/\/www.hsymachinery.com\/products\/\"},{\"@type\":\"ListItem\",\"position\":3,\"name\":\"Walk-Behind Power Trowel PTH-C100\"}]},{\"@type\":\"WebSite\",\"@id\":\"https:\/\/www.hsymachinery.com\/#website\",\"url\":\"https:\/\/www.hsymachinery.com\/\",\"name\":\"HSY Construction Machinery\",\"description\":\"HSY Machinery \u2013 A leading China construction machinery supplier, offering a wide range of light construction equipment. Our main products include Rebar Cutting Machine, Rebar Bending Machine, Rebar Stirrup Bending Machine, Rebar Arc Bending Machine, Rebar Straightening Machine, Five-Head Rebar Stirrup Bending Machine, Tamping Rammer, Plate Compactor, Concrete Cutter, Power Trowel, and other construction machinery. We are equipped with advanced CNC machines, and we enforce strict quality inspection standards along with comprehensive after-sales service. If you are interested in our products or services, we warmly welcome your inquiries via message.\",\"publisher\":{\"@id\":\"https:\/\/www.hsymachinery.com\/#organization\"},\"potentialAction\":[{\"@type\":\"SearchAction\",\"target\":{\"@type\":\"EntryPoint\",\"urlTemplate\":\"https:\/\/www.hsymachinery.com\/?s={search_term_string}\"},\"query-input\":{\"@type\":\"PropertyValueSpecification\",\"valueRequired\":true,\"valueName\":\"search_term_string\"}}],\"inLanguage\":\"pt-PT\"},{\"@type\":\"Organization\",\"@id\":\"https:\/\/www.hsymachinery.com\/#organization\",\"name\":\"HSY Construction Machinery\",\"url\":\"https:\/\/www.hsymachinery.com\/\",\"logo\":{\"@type\":\"ImageObject\",\"inLanguage\":\"pt-PT\",\"@id\":\"https:\/\/www.hsymachinery.com\/#\/schema\/logo\/image\/\",\"url\":\"https:\/\/www.hsymachinery.com\/wp-content\/uploads\/2025\/06\/cropped-HSY-machinery.png\",\"contentUrl\":\"https:\/\/www.hsymachinery.com\/wp-content\/uploads\/2025\/06\/cropped-HSY-machinery.png\",\"width\":600,\"height\":240,\"caption\":\"HSY Construction Machinery\"},\"image\":{\"@id\":\"https:\/\/www.hsymachinery.com\/#\/schema\/logo\/image\/\"}}]}<\/script>\n<!-- \/ Yoast SEO plugin. -->","yoast_head_json":{"title":"Esp\u00e1tula motorizada PTH-C100 - HSY Construction Machinery","description":"A talocha el\u00e9trica PTH-C100 com cobertura de 100 cm garante um acabamento de superf\u00edcie suave para lajes de bet\u00e3o industriais. Dur\u00e1vel, eficiente e ideal para locais com restri\u00e7\u00f5es de combust\u00edvel.","robots":{"index":"index","follow":"follow","max-snippet":"max-snippet:-1","max-image-preview":"max-image-preview:large","max-video-preview":"max-video-preview:-1"},"canonical":"https:\/\/www.hsymachinery.com\/pt\/product\/espatula-electrica-de-arrasto-pth-c100\/","og_locale":"pt_PT","og_type":"article","og_title":"Walk-Behind Power Trowel PTH-C100 - HSY Construction Machinery","og_description":"PTH-C100 Walk-Behind Power Trowel with 100cm coverage ensures smooth surface finishing for industrial concrete slabs. Durable, efficient, and ideal for fuel-restricted sites.","og_url":"https:\/\/www.hsymachinery.com\/pt\/product\/espatula-electrica-de-arrasto-pth-c100\/","og_site_name":"HSY Construction Machinery","article_modified_time":"2025-06-28T14:40:38+00:00","og_image":[{"width":600,"height":738,"url":"https:\/\/www.hsymachinery.com\/wp-content\/uploads\/2025\/06\/Walk-Behind-Power-Trowel-PTH-C100.jpg","type":"image\/jpeg"}],"twitter_card":"summary_large_image","twitter_misc":{"Tempo estimado de leitura":"2 minutos"},"schema":{"@context":"https:\/\/schema.org","@graph":[{"@type":"WebPage","@id":"https:\/\/www.hsymachinery.com\/product\/walk-behind-power-trowel-pth-c100\/","url":"https:\/\/www.hsymachinery.com\/product\/walk-behind-power-trowel-pth-c100\/","name":"Esp\u00e1tula motorizada PTH-C100 - HSY Construction Machinery","isPartOf":{"@id":"https:\/\/www.hsymachinery.com\/#website"},"primaryImageOfPage":{"@id":"https:\/\/www.hsymachinery.com\/product\/walk-behind-power-trowel-pth-c100\/#primaryimage"},"image":{"@id":"https:\/\/www.hsymachinery.com\/product\/walk-behind-power-trowel-pth-c100\/#primaryimage"},"thumbnailUrl":"https:\/\/www.hsymachinery.com\/wp-content\/uploads\/2025\/06\/Walk-Behind-Power-Trowel-PTH-C100.jpg","datePublished":"2025-06-18T12:23:34+00:00","dateModified":"2025-06-28T14:40:38+00:00","description":"A talocha el\u00e9trica PTH-C100 com cobertura de 100 cm garante um acabamento de superf\u00edcie suave para lajes de bet\u00e3o industriais. Dur\u00e1vel, eficiente e ideal para locais com restri\u00e7\u00f5es de combust\u00edvel.","breadcrumb":{"@id":"https:\/\/www.hsymachinery.com\/product\/walk-behind-power-trowel-pth-c100\/#breadcrumb"},"inLanguage":"pt-PT","potentialAction":[{"@type":"ReadAction","target":["https:\/\/www.hsymachinery.com\/product\/walk-behind-power-trowel-pth-c100\/"]}]},{"@type":"ImageObject","inLanguage":"pt-PT","@id":"https:\/\/www.hsymachinery.com\/product\/walk-behind-power-trowel-pth-c100\/#primaryimage","url":"https:\/\/www.hsymachinery.com\/wp-content\/uploads\/2025\/06\/Walk-Behind-Power-Trowel-PTH-C100.jpg","contentUrl":"https:\/\/www.hsymachinery.com\/wp-content\/uploads\/2025\/06\/Walk-Behind-Power-Trowel-PTH-C100.jpg","width":600,"height":738},{"@type":"BreadcrumbList","@id":"https:\/\/www.hsymachinery.com\/product\/walk-behind-power-trowel-pth-c100\/#breadcrumb","itemListElement":[{"@type":"ListItem","position":1,"name":"home","item":"https:\/\/www.hsymachinery.com\/"},{"@type":"ListItem","position":2,"name":"products","item":"https:\/\/www.hsymachinery.com\/products\/"},{"@type":"ListItem","position":3,"name":"Walk-Behind Power Trowel PTH-C100"}]},{"@type":"WebSite","@id":"https:\/\/www.hsymachinery.com\/#website","url":"https:\/\/www.hsymachinery.com\/","name":"M\u00e1quinas de constru\u00e7\u00e3o HSY","description":"HSY Machinery - Um fornecedor l\u00edder de m\u00e1quinas de constru\u00e7\u00e3o na China, oferecendo uma ampla gama de equipamentos de constru\u00e7\u00e3o leve. Nossos principais produtos incluem m\u00e1quina de corte de vergalh\u00e3o, m\u00e1quina dobradeira de vergalh\u00e3o, m\u00e1quina dobradeira de estribo de vergalh\u00e3o, m\u00e1quina dobradeira de arco de vergalh\u00e3o, m\u00e1quina de endireitar vergalh\u00e3o, m\u00e1quina dobradeira de estribo de vergalh\u00e3o de cinco cabe\u00e7as, compactador de placa, cortador de concreto, esp\u00e1tula el\u00e9trica e outras m\u00e1quinas de constru\u00e7\u00e3o. Estamos equipados com m\u00e1quinas CNC avan\u00e7adas, e n\u00f3s aplicamos rigorosas normas de inspe\u00e7\u00e3o de qualidade, juntamente com o servi\u00e7o p\u00f3s-venda abrangente. Se voc\u00ea est\u00e1 interessado em nossos produtos ou servi\u00e7os, congratulamo-nos com as suas perguntas atrav\u00e9s de mensagem.","publisher":{"@id":"https:\/\/www.hsymachinery.com\/#organization"},"potentialAction":[{"@type":"SearchAction","target":{"@type":"EntryPoint","urlTemplate":"https:\/\/www.hsymachinery.com\/?s={search_term_string}"},"query-input":{"@type":"PropertyValueSpecification","valueRequired":true,"valueName":"search_term_string"}}],"inLanguage":"pt-PT"},{"@type":"Organization","@id":"https:\/\/www.hsymachinery.com\/#organization","name":"M\u00e1quinas de constru\u00e7\u00e3o HSY","url":"https:\/\/www.hsymachinery.com\/","logo":{"@type":"ImageObject","inLanguage":"pt-PT","@id":"https:\/\/www.hsymachinery.com\/#\/schema\/logo\/image\/","url":"https:\/\/www.hsymachinery.com\/wp-content\/uploads\/2025\/06\/cropped-HSY-machinery.png","contentUrl":"https:\/\/www.hsymachinery.com\/wp-content\/uploads\/2025\/06\/cropped-HSY-machinery.png","width":600,"height":240,"caption":"HSY Construction Machinery"},"image":{"@id":"https:\/\/www.hsymachinery.com\/#\/schema\/logo\/image\/"}}]}},"_links":{"self":[{"href":"https:\/\/www.hsymachinery.com\/pt\/wp-json\/wp\/v2\/product\/9193","targetHints":{"allow":["GET"]}}],"collection":[{"href":"https:\/\/www.hsymachinery.com\/pt\/wp-json\/wp\/v2\/product"}],"about":[{"href":"https:\/\/www.hsymachinery.com\/pt\/wp-json\/wp\/v2\/types\/product"}],"version-history":[{"count":3,"href":"https:\/\/www.hsymachinery.com\/pt\/wp-json\/wp\/v2\/product\/9193\/revisions"}],"predecessor-version":[{"id":9594,"href":"https:\/\/www.hsymachinery.com\/pt\/wp-json\/wp\/v2\/product\/9193\/revisions\/9594"}],"wp:featuredmedia":[{"embeddable":true,"href":"https:\/\/www.hsymachinery.com\/pt\/wp-json\/wp\/v2\/media\/9194"}],"wp:attachment":[{"href":"https:\/\/www.hsymachinery.com\/pt\/wp-json\/wp\/v2\/media?parent=9193"}],"wp:term":[{"taxonomy":"product_brand","embeddable":true,"href":"https:\/\/www.hsymachinery.com\/pt\/wp-json\/wp\/v2\/product_brand?post=9193"},{"taxonomy":"product_cat","embeddable":true,"href":"https:\/\/www.hsymachinery.com\/pt\/wp-json\/wp\/v2\/product_cat?post=9193"},{"taxonomy":"product_tag","embeddable":true,"href":"https:\/\/www.hsymachinery.com\/pt\/wp-json\/wp\/v2\/product_tag?post=9193"}],"curies":[{"name":"wp","href":"https:\/\/api.w.org\/{rel}","templated":true}]}}