{"id":9178,"date":"2025-06-18T18:31:27","date_gmt":"2025-06-18T10:31:27","guid":{"rendered":"https:\/\/www.hsymachinery.com\/?post_type=product&#038;p=9178"},"modified":"2025-06-28T22:14:22","modified_gmt":"2025-06-28T14:14:22","slug":"espatula-electrica-com-condutor-a-pe-pth-h60-70","status":"publish","type":"product","link":"https:\/\/www.hsymachinery.com\/pt\/product\/espatula-electrica-com-condutor-a-pe-pth-h60-70\/","title":{"rendered":"Esp\u00e1tula manual PTH-H60\/70"},"content":{"rendered":"<h2 data-start=\"124\" data-end=\"167\">Esp\u00e1tula manual PTH-H60\/70<\/h2>\n<h3 data-start=\"168\" data-end=\"271\">PTH-H60\/70 Esp\u00e1tula de bet\u00e3o com motor Honda | Ferramenta de acabamento el\u00e9ctrica compacta para aplica\u00e7\u00f5es em espa\u00e7os reduzidos<\/h3>\n<h3 data-start=\"278\" data-end=\"369\">Descri\u00e7\u00e3o do produto - Acabamento fi\u00e1vel de bet\u00e3o em pequena escala com desempenho Honda<a href=\"https:\/\/www.hsymachinery.com\/pt\/produtos\/talocha-electrica-de-arrasto\/\" target=\"_blank\" rel=\"noopener\"><img fetchpriority=\"high\" decoding=\"async\" class=\"wp-image-9179 alignright\" src=\"https:\/\/www.hsymachinery.com\/wp-content\/uploads\/2025\/06\/Walk-Behind-Power-Trowel-PTH-H60-244x300.jpg\" alt=\"\" width=\"452\" height=\"556\" srcset=\"https:\/\/www.hsymachinery.com\/wp-content\/uploads\/2025\/06\/Walk-Behind-Power-Trowel-PTH-H60-244x300.jpg 244w, https:\/\/www.hsymachinery.com\/wp-content\/uploads\/2025\/06\/Walk-Behind-Power-Trowel-PTH-H60.jpg 600w\" sizes=\"(max-width: 452px) 100vw, 452px\" \/><\/a><\/h3>\n<p data-start=\"371\" data-end=\"761\">O <strong data-start=\"375\" data-end=\"414\">Talocha manual PTH-H60\/70<\/strong> \u00e9 uma m\u00e1quina de acabamento de bet\u00e3o compacta e \u00e1gil, alimentada por um motor a gasolina Honda de alta qualidade. Concebida para utiliza\u00e7\u00e3o em espa\u00e7os confinados e projectos residenciais, combina a pot\u00eancia fi\u00e1vel do motor com a facilidade de manobra, tornando-a ideal para passeios, lajes de alpendre, pavimentos interiores e outras zonas de acesso limitado.<\/p>\n<p data-start=\"763\" data-end=\"1093\">Apesar do seu tamanho mais pequeno, a PTH-H60\/70 proporciona um alisamento consistente da superf\u00edcie, gra\u00e7as ao seu controlo preciso do passo da l\u00e2mina, ao anel de prote\u00e7\u00e3o est\u00e1vel e \u00e0 caixa de velocidades refor\u00e7ada. O design da talocha d\u00e1 prioridade ao conforto do operador, apresentando um punho ergon\u00f3mico dobr\u00e1vel, baixa vibra\u00e7\u00e3o e constru\u00e7\u00e3o leve.<\/p>\n<p data-start=\"1095\" data-end=\"1243\">Para os empreiteiros que procuram fiabilidade ao n\u00edvel da Honda, utiliza\u00e7\u00e3o eficiente do combust\u00edvel e acabamento de n\u00edvel profissional, esta m\u00e1quina preenche todos os requisitos.<\/p>\n<h3 data-start=\"1250\" data-end=\"1305\">Principais carater\u00edsticas da esp\u00e1tula el\u00e9ctrica para bet\u00e3o PTH-H60\/70<\/h3>\n<ul data-start=\"1307\" data-end=\"1636\">\n<li data-start=\"1307\" data-end=\"1357\">\n<p data-start=\"1309\" data-end=\"1357\">Equipado com um fi\u00e1vel motor a gasolina Honda<\/p>\n<\/li>\n<li data-start=\"1358\" data-end=\"1415\">\n<p data-start=\"1360\" data-end=\"1415\">Esp\u00e1tula de 60-70 cm de di\u00e2metro para aplica\u00e7\u00f5es em espa\u00e7os apertados<\/p>\n<\/li>\n<li data-start=\"1416\" data-end=\"1470\">\n<p data-start=\"1418\" data-end=\"1470\">Passo da l\u00e2mina ajust\u00e1vel para texturas de superf\u00edcie variadas<\/p>\n<\/li>\n<li data-start=\"1471\" data-end=\"1520\">\n<p data-start=\"1473\" data-end=\"1520\">Design de pega dobr\u00e1vel e com amortecimento de vibra\u00e7\u00f5es<\/p>\n<\/li>\n<li data-start=\"1521\" data-end=\"1581\">\n<p data-start=\"1523\" data-end=\"1581\">Caixa de velocidades e conjunto de aranha robustos para uma longa vida \u00fatil<\/p>\n<\/li>\n<li data-start=\"1582\" data-end=\"1636\">\n<p data-start=\"1584\" data-end=\"1636\">Leve mas dur\u00e1vel para um transporte e utiliza\u00e7\u00e3o f\u00e1ceis<\/p>\n<\/li>\n<\/ul>\n<h3 data-start=\"1643\" data-end=\"1726\">Aplica\u00e7\u00f5es - Perfeito para cal\u00e7adas, lajes pequenas, garagens e pavimentos interiores<\/h3>\n<p data-start=\"1728\" data-end=\"1994\">A PTH-H60\/70 foi concebida especificamente para o acabamento de bet\u00e3o em pequenas \u00e1reas, especialmente quando o espa\u00e7o \u00e9 limitado e \u00e9 necess\u00e1ria precis\u00e3o. Apresenta um desempenho excecional em pavimentos residenciais, pavimentos de garagem, patamares de escadas e lajes de per\u00edmetro estreito.<\/p>\n<p data-start=\"1996\" data-end=\"2149\">Os empreiteiros preferem este modelo quando necessitam de pot\u00eancia fi\u00e1vel, excelente economia de combust\u00edvel e f\u00e1cil manobrabilidade em condi\u00e7\u00f5es de estaleiro apertadas.<\/p>\n<p><iframe title=\"Talocha el\u00e9ctrica, talocha manual, talocha, bet\u00e3o # talocha #powertrowe#concrete\" width=\"720\" height=\"405\" src=\"https:\/\/www.youtube.com\/embed\/pa6AuNhMrwI?feature=oembed\" frameborder=\"0\" allow=\"accelerometer; autoplay; clipboard-write; encrypted-media; gyroscope; picture-in-picture; web-share\" referrerpolicy=\"strict-origin-when-cross-origin\" allowfullscreen><\/iframe><\/p>","protected":false},"excerpt":{"rendered":"<p>A talocha para bet\u00e3o PTH-H60\/70 equipada com um motor Honda oferece precis\u00e3o e controlo para um acabamento suave em \u00e1reas de trabalho de bet\u00e3o pequenas e estreitas.<\/p>","protected":false},"featured_media":9179,"template":"","meta":{"_kad_post_transparent":"default","_kad_post_title":"","_kad_post_layout":"default","_kad_post_sidebar_id":"","_kad_post_content_style":"default","_kad_post_vertical_padding":"default","_kad_post_feature":"","_kad_post_feature_position":"","_kad_post_header":false,"_kad_post_footer":false},"product_brand":[],"product_cat":[55],"product_tag":[1084,1083,1087,1081,1086,1085,1089,1088,1090,1082],"class_list":{"0":"post-9178","1":"product","2":"type-product","3":"status-publish","4":"has-post-thumbnail","6":"product_cat-walk-behind-power-trowel","7":"product_tag-cement-power-trowel","8":"product_tag-concrete-finishing-trowel","9":"product_tag-concrete-floor-finishing-machine","10":"product_tag-concrete-power-trowel","11":"product_tag-electric-walk-behind-trowel","12":"product_tag-gasoline-power-trowel","13":"product_tag-hand-operated-power-trowel","14":"product_tag-manual-power-trowel","15":"product_tag-walk-behind-concrete-finishing-machine","16":"product_tag-walk-behind-trowel-machine","18":"first","19":"instock","20":"shipping-taxable","21":"product-type-simple","22":"entry","23":"content-bg","24":"loop-entry"},"yoast_head":"<!-- This site is optimized with the Yoast SEO plugin v25.3.1 - https:\/\/yoast.com\/wordpress\/plugins\/seo\/ -->\n<title>Walk-Behind Power Trowel PTH-H60\/70 - HSY Construction Machinery<\/title>\n<meta name=\"description\" content=\"Walk-Behind Power Trowel PTH-H60\/70 with Honda engine offers precise, efficient concrete finishing in small slabs, walkways, and confined construction zones.\" \/>\n<meta name=\"robots\" content=\"index, follow, max-snippet:-1, max-image-preview:large, max-video-preview:-1\" \/>\n<link rel=\"canonical\" href=\"https:\/\/www.hsymachinery.com\/pt\/product\/espatula-electrica-com-condutor-a-pe-pth-h60-70\/\" \/>\n<meta property=\"og:locale\" content=\"pt_PT\" \/>\n<meta property=\"og:type\" content=\"article\" \/>\n<meta property=\"og:title\" content=\"Walk-Behind Power Trowel PTH-H60\/70 - HSY Construction Machinery\" \/>\n<meta property=\"og:description\" content=\"Walk-Behind Power Trowel PTH-H60\/70 with Honda engine offers precise, efficient concrete finishing in small slabs, walkways, and confined construction zones.\" \/>\n<meta property=\"og:url\" content=\"https:\/\/www.hsymachinery.com\/pt\/product\/espatula-electrica-com-condutor-a-pe-pth-h60-70\/\" \/>\n<meta property=\"og:site_name\" content=\"HSY Construction Machinery\" \/>\n<meta property=\"article:modified_time\" content=\"2025-06-28T14:14:22+00:00\" \/>\n<meta property=\"og:image\" content=\"https:\/\/www.hsymachinery.com\/wp-content\/uploads\/2025\/06\/Walk-Behind-Power-Trowel-PTH-H60.jpg\" \/>\n\t<meta property=\"og:image:width\" content=\"600\" \/>\n\t<meta property=\"og:image:height\" content=\"738\" \/>\n\t<meta property=\"og:image:type\" content=\"image\/jpeg\" \/>\n<meta name=\"twitter:card\" content=\"summary_large_image\" \/>\n<meta name=\"twitter:label1\" content=\"Tempo estimado de leitura\" \/>\n\t<meta name=\"twitter:data1\" content=\"2 minutos\" \/>\n<script type=\"application\/ld+json\" class=\"yoast-schema-graph\">{\"@context\":\"https:\/\/schema.org\",\"@graph\":[{\"@type\":\"WebPage\",\"@id\":\"https:\/\/www.hsymachinery.com\/product\/walk-behind-power-trowel-pth-h60-70\/\",\"url\":\"https:\/\/www.hsymachinery.com\/product\/walk-behind-power-trowel-pth-h60-70\/\",\"name\":\"Walk-Behind Power Trowel PTH-H60\/70 - HSY Construction Machinery\",\"isPartOf\":{\"@id\":\"https:\/\/www.hsymachinery.com\/#website\"},\"primaryImageOfPage\":{\"@id\":\"https:\/\/www.hsymachinery.com\/product\/walk-behind-power-trowel-pth-h60-70\/#primaryimage\"},\"image\":{\"@id\":\"https:\/\/www.hsymachinery.com\/product\/walk-behind-power-trowel-pth-h60-70\/#primaryimage\"},\"thumbnailUrl\":\"https:\/\/www.hsymachinery.com\/wp-content\/uploads\/2025\/06\/Walk-Behind-Power-Trowel-PTH-H60.jpg\",\"datePublished\":\"2025-06-18T10:31:27+00:00\",\"dateModified\":\"2025-06-28T14:14:22+00:00\",\"description\":\"Walk-Behind Power Trowel PTH-H60\/70 with Honda engine offers precise, efficient concrete finishing in small slabs, walkways, and confined construction zones.\",\"breadcrumb\":{\"@id\":\"https:\/\/www.hsymachinery.com\/product\/walk-behind-power-trowel-pth-h60-70\/#breadcrumb\"},\"inLanguage\":\"pt-PT\",\"potentialAction\":[{\"@type\":\"ReadAction\",\"target\":[\"https:\/\/www.hsymachinery.com\/product\/walk-behind-power-trowel-pth-h60-70\/\"]}]},{\"@type\":\"ImageObject\",\"inLanguage\":\"pt-PT\",\"@id\":\"https:\/\/www.hsymachinery.com\/product\/walk-behind-power-trowel-pth-h60-70\/#primaryimage\",\"url\":\"https:\/\/www.hsymachinery.com\/wp-content\/uploads\/2025\/06\/Walk-Behind-Power-Trowel-PTH-H60.jpg\",\"contentUrl\":\"https:\/\/www.hsymachinery.com\/wp-content\/uploads\/2025\/06\/Walk-Behind-Power-Trowel-PTH-H60.jpg\",\"width\":600,\"height\":738},{\"@type\":\"BreadcrumbList\",\"@id\":\"https:\/\/www.hsymachinery.com\/product\/walk-behind-power-trowel-pth-h60-70\/#breadcrumb\",\"itemListElement\":[{\"@type\":\"ListItem\",\"position\":1,\"name\":\"home\",\"item\":\"https:\/\/www.hsymachinery.com\/\"},{\"@type\":\"ListItem\",\"position\":2,\"name\":\"products\",\"item\":\"https:\/\/www.hsymachinery.com\/products\/\"},{\"@type\":\"ListItem\",\"position\":3,\"name\":\"Walk-Behind Power Trowel PTH-H60\/70\"}]},{\"@type\":\"WebSite\",\"@id\":\"https:\/\/www.hsymachinery.com\/#website\",\"url\":\"https:\/\/www.hsymachinery.com\/\",\"name\":\"HSY Construction Machinery\",\"description\":\"HSY Machinery \u2013 A leading China construction machinery supplier, offering a wide range of light construction equipment. Our main products include Rebar Cutting Machine, Rebar Bending Machine, Rebar Stirrup Bending Machine, Rebar Arc Bending Machine, Rebar Straightening Machine, Five-Head Rebar Stirrup Bending Machine, Tamping Rammer, Plate Compactor, Concrete Cutter, Power Trowel, and other construction machinery. We are equipped with advanced CNC machines, and we enforce strict quality inspection standards along with comprehensive after-sales service. If you are interested in our products or services, we warmly welcome your inquiries via message.\",\"publisher\":{\"@id\":\"https:\/\/www.hsymachinery.com\/#organization\"},\"potentialAction\":[{\"@type\":\"SearchAction\",\"target\":{\"@type\":\"EntryPoint\",\"urlTemplate\":\"https:\/\/www.hsymachinery.com\/?s={search_term_string}\"},\"query-input\":{\"@type\":\"PropertyValueSpecification\",\"valueRequired\":true,\"valueName\":\"search_term_string\"}}],\"inLanguage\":\"pt-PT\"},{\"@type\":\"Organization\",\"@id\":\"https:\/\/www.hsymachinery.com\/#organization\",\"name\":\"HSY Construction Machinery\",\"url\":\"https:\/\/www.hsymachinery.com\/\",\"logo\":{\"@type\":\"ImageObject\",\"inLanguage\":\"pt-PT\",\"@id\":\"https:\/\/www.hsymachinery.com\/#\/schema\/logo\/image\/\",\"url\":\"https:\/\/www.hsymachinery.com\/wp-content\/uploads\/2025\/06\/cropped-HSY-machinery.png\",\"contentUrl\":\"https:\/\/www.hsymachinery.com\/wp-content\/uploads\/2025\/06\/cropped-HSY-machinery.png\",\"width\":600,\"height\":240,\"caption\":\"HSY Construction Machinery\"},\"image\":{\"@id\":\"https:\/\/www.hsymachinery.com\/#\/schema\/logo\/image\/\"}}]}<\/script>\n<!-- \/ Yoast SEO plugin. -->","yoast_head_json":{"title":"Esp\u00e1tula motorizada PTH-H60\/70 - HSY Construction Machinery","description":"A esp\u00e1tula el\u00e9ctrica PTH-H60\/70 com motor Honda oferece um acabamento de bet\u00e3o preciso e eficiente em pequenas lajes, passadeiras e zonas de constru\u00e7\u00e3o confinadas.","robots":{"index":"index","follow":"follow","max-snippet":"max-snippet:-1","max-image-preview":"max-image-preview:large","max-video-preview":"max-video-preview:-1"},"canonical":"https:\/\/www.hsymachinery.com\/pt\/product\/espatula-electrica-com-condutor-a-pe-pth-h60-70\/","og_locale":"pt_PT","og_type":"article","og_title":"Walk-Behind Power Trowel PTH-H60\/70 - HSY Construction Machinery","og_description":"Walk-Behind Power Trowel PTH-H60\/70 with Honda engine offers precise, efficient concrete finishing in small slabs, walkways, and confined construction zones.","og_url":"https:\/\/www.hsymachinery.com\/pt\/product\/espatula-electrica-com-condutor-a-pe-pth-h60-70\/","og_site_name":"HSY Construction Machinery","article_modified_time":"2025-06-28T14:14:22+00:00","og_image":[{"width":600,"height":738,"url":"https:\/\/www.hsymachinery.com\/wp-content\/uploads\/2025\/06\/Walk-Behind-Power-Trowel-PTH-H60.jpg","type":"image\/jpeg"}],"twitter_card":"summary_large_image","twitter_misc":{"Tempo estimado de leitura":"2 minutos"},"schema":{"@context":"https:\/\/schema.org","@graph":[{"@type":"WebPage","@id":"https:\/\/www.hsymachinery.com\/product\/walk-behind-power-trowel-pth-h60-70\/","url":"https:\/\/www.hsymachinery.com\/product\/walk-behind-power-trowel-pth-h60-70\/","name":"Esp\u00e1tula motorizada PTH-H60\/70 - HSY Construction Machinery","isPartOf":{"@id":"https:\/\/www.hsymachinery.com\/#website"},"primaryImageOfPage":{"@id":"https:\/\/www.hsymachinery.com\/product\/walk-behind-power-trowel-pth-h60-70\/#primaryimage"},"image":{"@id":"https:\/\/www.hsymachinery.com\/product\/walk-behind-power-trowel-pth-h60-70\/#primaryimage"},"thumbnailUrl":"https:\/\/www.hsymachinery.com\/wp-content\/uploads\/2025\/06\/Walk-Behind-Power-Trowel-PTH-H60.jpg","datePublished":"2025-06-18T10:31:27+00:00","dateModified":"2025-06-28T14:14:22+00:00","description":"A esp\u00e1tula el\u00e9ctrica PTH-H60\/70 com motor Honda oferece um acabamento de bet\u00e3o preciso e eficiente em pequenas lajes, passadeiras e zonas de constru\u00e7\u00e3o confinadas.","breadcrumb":{"@id":"https:\/\/www.hsymachinery.com\/product\/walk-behind-power-trowel-pth-h60-70\/#breadcrumb"},"inLanguage":"pt-PT","potentialAction":[{"@type":"ReadAction","target":["https:\/\/www.hsymachinery.com\/product\/walk-behind-power-trowel-pth-h60-70\/"]}]},{"@type":"ImageObject","inLanguage":"pt-PT","@id":"https:\/\/www.hsymachinery.com\/product\/walk-behind-power-trowel-pth-h60-70\/#primaryimage","url":"https:\/\/www.hsymachinery.com\/wp-content\/uploads\/2025\/06\/Walk-Behind-Power-Trowel-PTH-H60.jpg","contentUrl":"https:\/\/www.hsymachinery.com\/wp-content\/uploads\/2025\/06\/Walk-Behind-Power-Trowel-PTH-H60.jpg","width":600,"height":738},{"@type":"BreadcrumbList","@id":"https:\/\/www.hsymachinery.com\/product\/walk-behind-power-trowel-pth-h60-70\/#breadcrumb","itemListElement":[{"@type":"ListItem","position":1,"name":"home","item":"https:\/\/www.hsymachinery.com\/"},{"@type":"ListItem","position":2,"name":"products","item":"https:\/\/www.hsymachinery.com\/products\/"},{"@type":"ListItem","position":3,"name":"Walk-Behind Power Trowel PTH-H60\/70"}]},{"@type":"WebSite","@id":"https:\/\/www.hsymachinery.com\/#website","url":"https:\/\/www.hsymachinery.com\/","name":"M\u00e1quinas de constru\u00e7\u00e3o HSY","description":"HSY Machinery - Um fornecedor l\u00edder de m\u00e1quinas de constru\u00e7\u00e3o na China, oferecendo uma ampla gama de equipamentos de constru\u00e7\u00e3o leve. Nossos principais produtos incluem m\u00e1quina de corte de vergalh\u00e3o, m\u00e1quina dobradeira de vergalh\u00e3o, m\u00e1quina dobradeira de estribo de vergalh\u00e3o, m\u00e1quina dobradeira de arco de vergalh\u00e3o, m\u00e1quina de endireitar vergalh\u00e3o, m\u00e1quina dobradeira de estribo de vergalh\u00e3o de cinco cabe\u00e7as, compactador de placa, cortador de concreto, esp\u00e1tula el\u00e9trica e outras m\u00e1quinas de constru\u00e7\u00e3o. Estamos equipados com m\u00e1quinas CNC avan\u00e7adas, e n\u00f3s aplicamos rigorosas normas de inspe\u00e7\u00e3o de qualidade, juntamente com o servi\u00e7o p\u00f3s-venda abrangente. Se voc\u00ea est\u00e1 interessado em nossos produtos ou servi\u00e7os, congratulamo-nos com as suas perguntas atrav\u00e9s de mensagem.","publisher":{"@id":"https:\/\/www.hsymachinery.com\/#organization"},"potentialAction":[{"@type":"SearchAction","target":{"@type":"EntryPoint","urlTemplate":"https:\/\/www.hsymachinery.com\/?s={search_term_string}"},"query-input":{"@type":"PropertyValueSpecification","valueRequired":true,"valueName":"search_term_string"}}],"inLanguage":"pt-PT"},{"@type":"Organization","@id":"https:\/\/www.hsymachinery.com\/#organization","name":"M\u00e1quinas de constru\u00e7\u00e3o HSY","url":"https:\/\/www.hsymachinery.com\/","logo":{"@type":"ImageObject","inLanguage":"pt-PT","@id":"https:\/\/www.hsymachinery.com\/#\/schema\/logo\/image\/","url":"https:\/\/www.hsymachinery.com\/wp-content\/uploads\/2025\/06\/cropped-HSY-machinery.png","contentUrl":"https:\/\/www.hsymachinery.com\/wp-content\/uploads\/2025\/06\/cropped-HSY-machinery.png","width":600,"height":240,"caption":"HSY Construction Machinery"},"image":{"@id":"https:\/\/www.hsymachinery.com\/#\/schema\/logo\/image\/"}}]}},"_links":{"self":[{"href":"https:\/\/www.hsymachinery.com\/pt\/wp-json\/wp\/v2\/product\/9178","targetHints":{"allow":["GET"]}}],"collection":[{"href":"https:\/\/www.hsymachinery.com\/pt\/wp-json\/wp\/v2\/product"}],"about":[{"href":"https:\/\/www.hsymachinery.com\/pt\/wp-json\/wp\/v2\/types\/product"}],"version-history":[{"count":3,"href":"https:\/\/www.hsymachinery.com\/pt\/wp-json\/wp\/v2\/product\/9178\/revisions"}],"predecessor-version":[{"id":9583,"href":"https:\/\/www.hsymachinery.com\/pt\/wp-json\/wp\/v2\/product\/9178\/revisions\/9583"}],"wp:featuredmedia":[{"embeddable":true,"href":"https:\/\/www.hsymachinery.com\/pt\/wp-json\/wp\/v2\/media\/9179"}],"wp:attachment":[{"href":"https:\/\/www.hsymachinery.com\/pt\/wp-json\/wp\/v2\/media?parent=9178"}],"wp:term":[{"taxonomy":"product_brand","embeddable":true,"href":"https:\/\/www.hsymachinery.com\/pt\/wp-json\/wp\/v2\/product_brand?post=9178"},{"taxonomy":"product_cat","embeddable":true,"href":"https:\/\/www.hsymachinery.com\/pt\/wp-json\/wp\/v2\/product_cat?post=9178"},{"taxonomy":"product_tag","embeddable":true,"href":"https:\/\/www.hsymachinery.com\/pt\/wp-json\/wp\/v2\/product_tag?post=9178"}],"curies":[{"name":"wp","href":"https:\/\/api.w.org\/{rel}","templated":true}]}}