{"id":9133,"date":"2025-06-18T17:57:40","date_gmt":"2025-06-18T09:57:40","guid":{"rendered":"https:\/\/www.hsymachinery.com\/?post_type=product&#038;p=9133"},"modified":"2025-06-28T20:40:24","modified_gmt":"2025-06-28T12:40:24","slug":"cortador-de-betao-hq-l400","status":"publish","type":"product","link":"https:\/\/www.hsymachinery.com\/pt\/product\/cortador-de-betao-hq-l400\/","title":{"rendered":"Cortador de bet\u00e3o HQ-L400"},"content":{"rendered":"<h2 data-start=\"36\" data-end=\"67\">Cortador de bet\u00e3o HQ-L400<\/h2>\n<h3 data-start=\"68\" data-end=\"173\">Cortador de bet\u00e3o a gasolina HQ-L400 Longxin - Corte potente e preciso para constru\u00e7\u00e3o e obras rodovi\u00e1rias<\/h3>\n<h3 data-start=\"180\" data-end=\"271\">Descri\u00e7\u00e3o do produto - Cortador de bet\u00e3o a gasolina eficiente para trabalhos pesados<a href=\"https:\/\/www.hsymachinery.com\/pt\/produtos\/cortador-de-betao\/\" target=\"_blank\" rel=\"noopener\"><img fetchpriority=\"high\" decoding=\"async\" class=\"wp-image-9546 alignright\" src=\"https:\/\/www.hsymachinery.com\/wp-content\/uploads\/2025\/06\/Asphalt-Cutter-146x300.jpg\" alt=\"\" width=\"450\" height=\"925\" srcset=\"https:\/\/www.hsymachinery.com\/wp-content\/uploads\/2025\/06\/Asphalt-Cutter-146x300.jpg 146w, https:\/\/www.hsymachinery.com\/wp-content\/uploads\/2025\/06\/Asphalt-Cutter-748x1536.jpg 748w, https:\/\/www.hsymachinery.com\/wp-content\/uploads\/2025\/06\/Asphalt-Cutter-600x1232.jpg 600w, https:\/\/www.hsymachinery.com\/wp-content\/uploads\/2025\/06\/Asphalt-Cutter.jpg 800w\" sizes=\"(max-width: 450px) 100vw, 450px\" \/><\/a><\/h3>\n<p data-start=\"273\" data-end=\"643\">O <strong data-start=\"277\" data-end=\"304\">Cortador de bet\u00e3o HQ-L400<\/strong> est\u00e1 equipada com um fi\u00e1vel motor a gasolina Longxin, fornecendo uma pot\u00eancia consistente e um desempenho de corte preciso para v\u00e1rias aplica\u00e7\u00f5es de constru\u00e7\u00e3o. Este cortador lida com bet\u00e3o, asfalto, tijolos e outras superf\u00edcies duras com facilidade, tornando-o uma ferramenta ideal para repara\u00e7\u00f5es de estradas, renova\u00e7\u00f5es de edif\u00edcios e projectos de infra-estruturas.<\/p>\n<p data-start=\"645\" data-end=\"952\">Concebida para durabilidade e conforto do operador, a HQ-L400 possui uma profundidade de corte ajust\u00e1vel, permitindo aos utilizadores efetuar cortes precisos at\u00e9 \u00e0 espessura necess\u00e1ria. A sua estrutura robusta e a pega ergon\u00f3mica proporcionam estabilidade e reduzem a fadiga durante uma utiliza\u00e7\u00e3o prolongada, aumentando a produtividade geral no local.<\/p>\n<h3 data-start=\"959\" data-end=\"1018\">Principais carater\u00edsticas e vantagens da m\u00e1quina de corte de estrada HQ-L400<\/h3>\n<ul data-start=\"1020\" data-end=\"1359\">\n<li data-start=\"1020\" data-end=\"1077\">\n<p data-start=\"1022\" data-end=\"1077\">Equipado com um motor a gasolina Longxin de alto desempenho<\/p>\n<\/li>\n<li data-start=\"1078\" data-end=\"1129\">\n<p data-start=\"1080\" data-end=\"1129\">Profundidade de corte ajust\u00e1vel para opera\u00e7\u00f5es precisas<\/p>\n<\/li>\n<li data-start=\"1130\" data-end=\"1184\">\n<p data-start=\"1132\" data-end=\"1184\">Adequado para cortar bet\u00e3o, asfalto e tijolos<\/p>\n<\/li>\n<li data-start=\"1185\" data-end=\"1246\">\n<p data-start=\"1187\" data-end=\"1246\">Estrutura de a\u00e7o dur\u00e1vel concebida para resistir a locais de trabalho dif\u00edceis<\/p>\n<\/li>\n<li data-start=\"1247\" data-end=\"1304\">\n<p data-start=\"1249\" data-end=\"1304\">Pegas ergon\u00f3micas para aumentar o controlo e o conforto do utilizador<\/p>\n<\/li>\n<li data-start=\"1305\" data-end=\"1359\">\n<p data-start=\"1307\" data-end=\"1359\">Manuten\u00e7\u00e3o f\u00e1cil com componentes do motor acess\u00edveis<\/p>\n<\/li>\n<\/ul>\n<h3 data-start=\"1366\" data-end=\"1442\">Aplica\u00e7\u00f5es - Cortador vers\u00e1til para constru\u00e7\u00e3o e manuten\u00e7\u00e3o de estradas<\/h3>\n<p data-start=\"1444\" data-end=\"1823\">O HQ-L400 \u00e9 perfeito para repara\u00e7\u00f5es de superf\u00edcies de estradas, corte de pavimentos, abertura de valas e tarefas de demoli\u00e7\u00e3o. Os empreiteiros e os trabalhadores municipais apreciam a sua portabilidade e pot\u00eancia, que lhe permitem fazer face a uma vasta gama de requisitos de corte de forma eficiente. Quer esteja a cortar juntas de dilata\u00e7\u00e3o ou a preparar superf\u00edcies para nova pavimenta\u00e7\u00e3o, este cortador garante resultados limpos e consistentes.<\/p>\n<p><iframe title=\"cortador de bet\u00e3o,corte de bet\u00e3o,cortador de energia,bet\u00e3o\" width=\"720\" height=\"405\" src=\"https:\/\/www.youtube.com\/embed\/egJcI18gCcg?feature=oembed\" frameborder=\"0\" allow=\"accelerometer; autoplay; clipboard-write; encrypted-media; gyroscope; picture-in-picture; web-share\" referrerpolicy=\"strict-origin-when-cross-origin\" allowfullscreen><\/iframe><\/p>","protected":false},"excerpt":{"rendered":"<p>O cortador de bet\u00e3o a gasolina HQ-L400 com motor Longxin oferece pot\u00eancia fi\u00e1vel e corte preciso para projectos de manuten\u00e7\u00e3o de bet\u00e3o, asfalto e estradas.<\/p>","protected":false},"featured_media":9137,"template":"","meta":{"_kad_post_transparent":"default","_kad_post_title":"","_kad_post_layout":"default","_kad_post_sidebar_id":"","_kad_post_content_style":"default","_kad_post_vertical_padding":"default","_kad_post_feature":"","_kad_post_feature_position":"","_kad_post_header":false,"_kad_post_footer":false},"product_brand":[],"product_cat":[57],"product_tag":[1073,1071,1080,1076,1078,1074,1077,1079,1072,1075],"class_list":{"0":"post-9133","1":"product","2":"type-product","3":"status-publish","4":"has-post-thumbnail","6":"product_cat-concrete-cutter","7":"product_tag-asphalt-cutter","8":"product_tag-concrete-cutting-machine","9":"product_tag-concrete-groove-cutting-machine","10":"product_tag-diesel-concrete-cutter","11":"product_tag-electric-concrete-cutter","12":"product_tag-floor-saw-machine","13":"product_tag-gasoline-concrete-cutter","14":"product_tag-pavement-cutter-machine","15":"product_tag-road-cutting-machine","16":"product_tag-walk-behind-concrete-cutter","18":"first","19":"instock","20":"shipping-taxable","21":"product-type-simple","22":"entry","23":"content-bg","24":"loop-entry"},"yoast_head":"<!-- This site is optimized with the Yoast SEO plugin v25.3.1 - https:\/\/yoast.com\/wordpress\/plugins\/seo\/ -->\n<title>Concrete Cutter HQ-L400 - HSY Construction Machinery<\/title>\n<meta name=\"description\" content=\"HQ-L400 Longxin gasoline concrete cutter delivers powerful, accurate cutting for road repairs, construction, and pavement maintenance. Durable and easy to operate.\" \/>\n<meta name=\"robots\" content=\"index, follow, max-snippet:-1, max-image-preview:large, max-video-preview:-1\" \/>\n<link rel=\"canonical\" href=\"https:\/\/www.hsymachinery.com\/pt\/product\/cortador-de-betao-hq-l400\/\" \/>\n<meta property=\"og:locale\" content=\"pt_PT\" \/>\n<meta property=\"og:type\" content=\"article\" \/>\n<meta property=\"og:title\" content=\"Concrete Cutter HQ-L400 - HSY Construction Machinery\" \/>\n<meta property=\"og:description\" content=\"HQ-L400 Longxin gasoline concrete cutter delivers powerful, accurate cutting for road repairs, construction, and pavement maintenance. Durable and easy to operate.\" \/>\n<meta property=\"og:url\" content=\"https:\/\/www.hsymachinery.com\/pt\/product\/cortador-de-betao-hq-l400\/\" \/>\n<meta property=\"og:site_name\" content=\"HSY Construction Machinery\" \/>\n<meta property=\"article:modified_time\" content=\"2025-06-28T12:40:24+00:00\" \/>\n<meta property=\"og:image\" content=\"https:\/\/www.hsymachinery.com\/wp-content\/uploads\/2025\/06\/Concrete-Cutter-HQ-L400.jpg\" \/>\n\t<meta property=\"og:image:width\" content=\"600\" \/>\n\t<meta property=\"og:image:height\" content=\"600\" \/>\n\t<meta property=\"og:image:type\" content=\"image\/jpeg\" \/>\n<meta name=\"twitter:card\" content=\"summary_large_image\" \/>\n<meta name=\"twitter:label1\" content=\"Tempo estimado de leitura\" \/>\n\t<meta name=\"twitter:data1\" content=\"2 minutos\" \/>\n<script type=\"application\/ld+json\" class=\"yoast-schema-graph\">{\"@context\":\"https:\/\/schema.org\",\"@graph\":[{\"@type\":\"WebPage\",\"@id\":\"https:\/\/www.hsymachinery.com\/product\/concrete-cutter-hq-l400\/\",\"url\":\"https:\/\/www.hsymachinery.com\/product\/concrete-cutter-hq-l400\/\",\"name\":\"Concrete Cutter HQ-L400 - HSY Construction Machinery\",\"isPartOf\":{\"@id\":\"https:\/\/www.hsymachinery.com\/#website\"},\"primaryImageOfPage\":{\"@id\":\"https:\/\/www.hsymachinery.com\/product\/concrete-cutter-hq-l400\/#primaryimage\"},\"image\":{\"@id\":\"https:\/\/www.hsymachinery.com\/product\/concrete-cutter-hq-l400\/#primaryimage\"},\"thumbnailUrl\":\"https:\/\/www.hsymachinery.com\/wp-content\/uploads\/2025\/06\/Concrete-Cutter-HQ-L400.jpg\",\"datePublished\":\"2025-06-18T09:57:40+00:00\",\"dateModified\":\"2025-06-28T12:40:24+00:00\",\"description\":\"HQ-L400 Longxin gasoline concrete cutter delivers powerful, accurate cutting for road repairs, construction, and pavement maintenance. Durable and easy to operate.\",\"breadcrumb\":{\"@id\":\"https:\/\/www.hsymachinery.com\/product\/concrete-cutter-hq-l400\/#breadcrumb\"},\"inLanguage\":\"pt-PT\",\"potentialAction\":[{\"@type\":\"ReadAction\",\"target\":[\"https:\/\/www.hsymachinery.com\/product\/concrete-cutter-hq-l400\/\"]}]},{\"@type\":\"ImageObject\",\"inLanguage\":\"pt-PT\",\"@id\":\"https:\/\/www.hsymachinery.com\/product\/concrete-cutter-hq-l400\/#primaryimage\",\"url\":\"https:\/\/www.hsymachinery.com\/wp-content\/uploads\/2025\/06\/Concrete-Cutter-HQ-L400.jpg\",\"contentUrl\":\"https:\/\/www.hsymachinery.com\/wp-content\/uploads\/2025\/06\/Concrete-Cutter-HQ-L400.jpg\",\"width\":600,\"height\":600},{\"@type\":\"BreadcrumbList\",\"@id\":\"https:\/\/www.hsymachinery.com\/product\/concrete-cutter-hq-l400\/#breadcrumb\",\"itemListElement\":[{\"@type\":\"ListItem\",\"position\":1,\"name\":\"home\",\"item\":\"https:\/\/www.hsymachinery.com\/\"},{\"@type\":\"ListItem\",\"position\":2,\"name\":\"products\",\"item\":\"https:\/\/www.hsymachinery.com\/products\/\"},{\"@type\":\"ListItem\",\"position\":3,\"name\":\"Concrete Cutter HQ-L400\"}]},{\"@type\":\"WebSite\",\"@id\":\"https:\/\/www.hsymachinery.com\/#website\",\"url\":\"https:\/\/www.hsymachinery.com\/\",\"name\":\"HSY Construction Machinery\",\"description\":\"HSY Machinery \u2013 A leading China construction machinery supplier, offering a wide range of light construction equipment. Our main products include Rebar Cutting Machine, Rebar Bending Machine, Rebar Stirrup Bending Machine, Rebar Arc Bending Machine, Rebar Straightening Machine, Five-Head Rebar Stirrup Bending Machine, Tamping Rammer, Plate Compactor, Concrete Cutter, Power Trowel, and other construction machinery. We are equipped with advanced CNC machines, and we enforce strict quality inspection standards along with comprehensive after-sales service. If you are interested in our products or services, we warmly welcome your inquiries via message.\",\"publisher\":{\"@id\":\"https:\/\/www.hsymachinery.com\/#organization\"},\"potentialAction\":[{\"@type\":\"SearchAction\",\"target\":{\"@type\":\"EntryPoint\",\"urlTemplate\":\"https:\/\/www.hsymachinery.com\/?s={search_term_string}\"},\"query-input\":{\"@type\":\"PropertyValueSpecification\",\"valueRequired\":true,\"valueName\":\"search_term_string\"}}],\"inLanguage\":\"pt-PT\"},{\"@type\":\"Organization\",\"@id\":\"https:\/\/www.hsymachinery.com\/#organization\",\"name\":\"HSY Construction Machinery\",\"url\":\"https:\/\/www.hsymachinery.com\/\",\"logo\":{\"@type\":\"ImageObject\",\"inLanguage\":\"pt-PT\",\"@id\":\"https:\/\/www.hsymachinery.com\/#\/schema\/logo\/image\/\",\"url\":\"https:\/\/www.hsymachinery.com\/wp-content\/uploads\/2025\/06\/cropped-HSY-machinery.png\",\"contentUrl\":\"https:\/\/www.hsymachinery.com\/wp-content\/uploads\/2025\/06\/cropped-HSY-machinery.png\",\"width\":600,\"height\":240,\"caption\":\"HSY Construction Machinery\"},\"image\":{\"@id\":\"https:\/\/www.hsymachinery.com\/#\/schema\/logo\/image\/\"}}]}<\/script>\n<!-- \/ Yoast SEO plugin. -->","yoast_head_json":{"title":"Cortador de bet\u00e3o HQ-L400 - HSY Construction Machinery","description":"O cortador de bet\u00e3o a gasolina HQ-L400 Longxin proporciona um corte potente e preciso para repara\u00e7\u00f5es de estradas, constru\u00e7\u00e3o e manuten\u00e7\u00e3o de pavimentos. Dur\u00e1vel e f\u00e1cil de utilizar.","robots":{"index":"index","follow":"follow","max-snippet":"max-snippet:-1","max-image-preview":"max-image-preview:large","max-video-preview":"max-video-preview:-1"},"canonical":"https:\/\/www.hsymachinery.com\/pt\/product\/cortador-de-betao-hq-l400\/","og_locale":"pt_PT","og_type":"article","og_title":"Concrete Cutter HQ-L400 - HSY Construction Machinery","og_description":"HQ-L400 Longxin gasoline concrete cutter delivers powerful, accurate cutting for road repairs, construction, and pavement maintenance. Durable and easy to operate.","og_url":"https:\/\/www.hsymachinery.com\/pt\/product\/cortador-de-betao-hq-l400\/","og_site_name":"HSY Construction Machinery","article_modified_time":"2025-06-28T12:40:24+00:00","og_image":[{"width":600,"height":600,"url":"https:\/\/www.hsymachinery.com\/wp-content\/uploads\/2025\/06\/Concrete-Cutter-HQ-L400.jpg","type":"image\/jpeg"}],"twitter_card":"summary_large_image","twitter_misc":{"Tempo estimado de leitura":"2 minutos"},"schema":{"@context":"https:\/\/schema.org","@graph":[{"@type":"WebPage","@id":"https:\/\/www.hsymachinery.com\/product\/concrete-cutter-hq-l400\/","url":"https:\/\/www.hsymachinery.com\/product\/concrete-cutter-hq-l400\/","name":"Cortador de bet\u00e3o HQ-L400 - HSY Construction Machinery","isPartOf":{"@id":"https:\/\/www.hsymachinery.com\/#website"},"primaryImageOfPage":{"@id":"https:\/\/www.hsymachinery.com\/product\/concrete-cutter-hq-l400\/#primaryimage"},"image":{"@id":"https:\/\/www.hsymachinery.com\/product\/concrete-cutter-hq-l400\/#primaryimage"},"thumbnailUrl":"https:\/\/www.hsymachinery.com\/wp-content\/uploads\/2025\/06\/Concrete-Cutter-HQ-L400.jpg","datePublished":"2025-06-18T09:57:40+00:00","dateModified":"2025-06-28T12:40:24+00:00","description":"O cortador de bet\u00e3o a gasolina HQ-L400 Longxin proporciona um corte potente e preciso para repara\u00e7\u00f5es de estradas, constru\u00e7\u00e3o e manuten\u00e7\u00e3o de pavimentos. Dur\u00e1vel e f\u00e1cil de utilizar.","breadcrumb":{"@id":"https:\/\/www.hsymachinery.com\/product\/concrete-cutter-hq-l400\/#breadcrumb"},"inLanguage":"pt-PT","potentialAction":[{"@type":"ReadAction","target":["https:\/\/www.hsymachinery.com\/product\/concrete-cutter-hq-l400\/"]}]},{"@type":"ImageObject","inLanguage":"pt-PT","@id":"https:\/\/www.hsymachinery.com\/product\/concrete-cutter-hq-l400\/#primaryimage","url":"https:\/\/www.hsymachinery.com\/wp-content\/uploads\/2025\/06\/Concrete-Cutter-HQ-L400.jpg","contentUrl":"https:\/\/www.hsymachinery.com\/wp-content\/uploads\/2025\/06\/Concrete-Cutter-HQ-L400.jpg","width":600,"height":600},{"@type":"BreadcrumbList","@id":"https:\/\/www.hsymachinery.com\/product\/concrete-cutter-hq-l400\/#breadcrumb","itemListElement":[{"@type":"ListItem","position":1,"name":"home","item":"https:\/\/www.hsymachinery.com\/"},{"@type":"ListItem","position":2,"name":"products","item":"https:\/\/www.hsymachinery.com\/products\/"},{"@type":"ListItem","position":3,"name":"Concrete Cutter HQ-L400"}]},{"@type":"WebSite","@id":"https:\/\/www.hsymachinery.com\/#website","url":"https:\/\/www.hsymachinery.com\/","name":"M\u00e1quinas de constru\u00e7\u00e3o HSY","description":"HSY Machinery - Um fornecedor l\u00edder de m\u00e1quinas de constru\u00e7\u00e3o na China, oferecendo uma ampla gama de equipamentos de constru\u00e7\u00e3o leve. Nossos principais produtos incluem m\u00e1quina de corte de vergalh\u00e3o, m\u00e1quina dobradeira de vergalh\u00e3o, m\u00e1quina dobradeira de estribo de vergalh\u00e3o, m\u00e1quina dobradeira de arco de vergalh\u00e3o, m\u00e1quina de endireitar vergalh\u00e3o, m\u00e1quina dobradeira de estribo de vergalh\u00e3o de cinco cabe\u00e7as, compactador de placa, cortador de concreto, esp\u00e1tula el\u00e9trica e outras m\u00e1quinas de constru\u00e7\u00e3o. Estamos equipados com m\u00e1quinas CNC avan\u00e7adas, e n\u00f3s aplicamos rigorosas normas de inspe\u00e7\u00e3o de qualidade, juntamente com o servi\u00e7o p\u00f3s-venda abrangente. Se voc\u00ea est\u00e1 interessado em nossos produtos ou servi\u00e7os, congratulamo-nos com as suas perguntas atrav\u00e9s de mensagem.","publisher":{"@id":"https:\/\/www.hsymachinery.com\/#organization"},"potentialAction":[{"@type":"SearchAction","target":{"@type":"EntryPoint","urlTemplate":"https:\/\/www.hsymachinery.com\/?s={search_term_string}"},"query-input":{"@type":"PropertyValueSpecification","valueRequired":true,"valueName":"search_term_string"}}],"inLanguage":"pt-PT"},{"@type":"Organization","@id":"https:\/\/www.hsymachinery.com\/#organization","name":"M\u00e1quinas de constru\u00e7\u00e3o HSY","url":"https:\/\/www.hsymachinery.com\/","logo":{"@type":"ImageObject","inLanguage":"pt-PT","@id":"https:\/\/www.hsymachinery.com\/#\/schema\/logo\/image\/","url":"https:\/\/www.hsymachinery.com\/wp-content\/uploads\/2025\/06\/cropped-HSY-machinery.png","contentUrl":"https:\/\/www.hsymachinery.com\/wp-content\/uploads\/2025\/06\/cropped-HSY-machinery.png","width":600,"height":240,"caption":"HSY Construction Machinery"},"image":{"@id":"https:\/\/www.hsymachinery.com\/#\/schema\/logo\/image\/"}}]}},"_links":{"self":[{"href":"https:\/\/www.hsymachinery.com\/pt\/wp-json\/wp\/v2\/product\/9133","targetHints":{"allow":["GET"]}}],"collection":[{"href":"https:\/\/www.hsymachinery.com\/pt\/wp-json\/wp\/v2\/product"}],"about":[{"href":"https:\/\/www.hsymachinery.com\/pt\/wp-json\/wp\/v2\/types\/product"}],"version-history":[{"count":5,"href":"https:\/\/www.hsymachinery.com\/pt\/wp-json\/wp\/v2\/product\/9133\/revisions"}],"predecessor-version":[{"id":9552,"href":"https:\/\/www.hsymachinery.com\/pt\/wp-json\/wp\/v2\/product\/9133\/revisions\/9552"}],"wp:featuredmedia":[{"embeddable":true,"href":"https:\/\/www.hsymachinery.com\/pt\/wp-json\/wp\/v2\/media\/9137"}],"wp:attachment":[{"href":"https:\/\/www.hsymachinery.com\/pt\/wp-json\/wp\/v2\/media?parent=9133"}],"wp:term":[{"taxonomy":"product_brand","embeddable":true,"href":"https:\/\/www.hsymachinery.com\/pt\/wp-json\/wp\/v2\/product_brand?post=9133"},{"taxonomy":"product_cat","embeddable":true,"href":"https:\/\/www.hsymachinery.com\/pt\/wp-json\/wp\/v2\/product_cat?post=9133"},{"taxonomy":"product_tag","embeddable":true,"href":"https:\/\/www.hsymachinery.com\/pt\/wp-json\/wp\/v2\/product_tag?post=9133"}],"curies":[{"name":"wp","href":"https:\/\/api.w.org\/{rel}","templated":true}]}}