{"id":9127,"date":"2025-06-18T17:07:48","date_gmt":"2025-06-18T09:07:48","guid":{"rendered":"https:\/\/www.hsymachinery.com\/?post_type=product&#038;p=9127"},"modified":"2025-06-28T20:11:59","modified_gmt":"2025-06-28T12:11:59","slug":"compactador-de-placas-ph-c250a","status":"publish","type":"product","link":"https:\/\/www.hsymachinery.com\/pt\/product\/compactador-de-placas-ph-c250a\/","title":{"rendered":"Compactador de placas PH-C250A"},"content":{"rendered":"<h2 data-start=\"111\" data-end=\"143\">Compactador de placas PH-C250A<\/h2>\n<h3 data-start=\"144\" data-end=\"257\">Compactador de placa a diesel PH-C250A | Compactador de base larga para servi\u00e7o pesado para compacta\u00e7\u00e3o de funda\u00e7\u00e3o, cascalho e subleito<\/h3>\n<h3 data-start=\"264\" data-end=\"347\">Vis\u00e3o geral do produto - Compactador a diesel atualizado para maior impacto e cobertura<a href=\"https:\/\/www.hsymachinery.com\/pt\/produtos\/compactador-de-placas\/\" target=\"_blank\" rel=\"noopener\"><img fetchpriority=\"high\" decoding=\"async\" class=\"wp-image-9128 alignright\" src=\"https:\/\/www.hsymachinery.com\/wp-content\/uploads\/2025\/06\/Plate-Compactor-PH-C250A-300x300.jpg\" alt=\"\" width=\"461\" height=\"461\" srcset=\"https:\/\/www.hsymachinery.com\/wp-content\/uploads\/2025\/06\/Plate-Compactor-PH-C250A-300x300.jpg 300w, https:\/\/www.hsymachinery.com\/wp-content\/uploads\/2025\/06\/Plate-Compactor-PH-C250A-150x150.jpg 150w, https:\/\/www.hsymachinery.com\/wp-content\/uploads\/2025\/06\/Plate-Compactor-PH-C250A-100x100.jpg 100w, https:\/\/www.hsymachinery.com\/wp-content\/uploads\/2025\/06\/Plate-Compactor-PH-C250A.jpg 600w\" sizes=\"(max-width: 461px) 100vw, 461px\" \/><\/a><\/h3>\n<p data-start=\"349\" data-end=\"714\">O <strong data-start=\"353\" data-end=\"381\">Compactador de placas PH-C250A<\/strong> \u00e9 uma m\u00e1quina de compacta\u00e7\u00e3o de base larga, movida a gas\u00f3leo, concebida para empreiteiros profissionais que trabalham em funda\u00e7\u00f5es, camadas de gravilha, repara\u00e7\u00e3o de estradas e compacta\u00e7\u00e3o de subleitos. Com uma placa refor\u00e7ada e um motor a gas\u00f3leo de elevado bin\u00e1rio, este modelo proporciona uma compacta\u00e7\u00e3o mais profunda com menos passagens - poupando tempo e combust\u00edvel.<\/p>\n<p data-start=\"716\" data-end=\"898\">Esta vers\u00e3o actualizada melhora os compactadores a diesel padr\u00e3o, oferecendo uma melhor cobertura, estabilidade e for\u00e7a de vibra\u00e7\u00e3o, tornando-a a escolha ideal para locais exigentes.<\/p>\n<h3 data-start=\"905\" data-end=\"976\">Efici\u00eancia diesel, press\u00e3o m\u00e1xima e design orientado para o operador<\/h3>\n<p data-start=\"978\" data-end=\"1340\">O motor diesel de alta efici\u00eancia assegura uma sa\u00edda de bin\u00e1rio consistente para compactar solos duros, gravilha molhada e terrenos ricos em argila. A placa de base alargada aumenta a produtividade operacional ao reduzir a frequ\u00eancia de passagem. Uma pega ergon\u00f3mica e amortecedora de choques proporciona uma melhor ader\u00eancia e controlo, minimizando a fadiga, mesmo durante longos dias de trabalho.<\/p>\n<p data-start=\"1342\" data-end=\"1451\">Com uma manuten\u00e7\u00e3o simples e uma conce\u00e7\u00e3o estrutural robusta, este modelo foi concebido para durar em condi\u00e7\u00f5es de campo dif\u00edceis.<\/p>\n<h3 data-start=\"1458\" data-end=\"1522\">Constru\u00eddo para condi\u00e7\u00f5es dif\u00edceis e locais de constru\u00e7\u00e3o remotos<\/h3>\n<p data-start=\"1524\" data-end=\"1789\">O PH-C250A \u00e9 capaz de trabalhar em ambientes de carga pesada e \u00e9 ideal para o desenvolvimento de infra-estruturas, constru\u00e7\u00e3o de estradas rurais e abertura de valas para servi\u00e7os p\u00fablicos. Gra\u00e7as \u00e0 pot\u00eancia a gas\u00f3leo, funciona de forma fi\u00e1vel em locais remotos onde a gasolina pode ser restrita ou dispendiosa.<\/p>\n<p data-start=\"1791\" data-end=\"1904\">Responde \u00e0s necessidades dos empreiteiros que procuram um longo tempo de funcionamento, baixo custo de combust\u00edvel e durabilidade sob press\u00e3o.<\/p>\n<h3 data-start=\"1911\" data-end=\"1964\">Carater\u00edsticas principais do compactador de placa a diesel PH-C250A<\/h3>\n<ul data-start=\"1966\" data-end=\"2262\">\n<li data-start=\"1966\" data-end=\"2025\">\n<p data-start=\"1968\" data-end=\"2025\">Motor diesel de elevado bin\u00e1rio para uma compacta\u00e7\u00e3o profunda e fi\u00e1vel<\/p>\n<\/li>\n<li data-start=\"2026\" data-end=\"2089\">\n<p data-start=\"2028\" data-end=\"2089\">Placa larga refor\u00e7ada para uma melhor cobertura da superf\u00edcie e velocidade<\/p>\n<\/li>\n<li data-start=\"2090\" data-end=\"2155\">\n<p data-start=\"2092\" data-end=\"2155\">Ideal para estradas de cascalho, camadas de funda\u00e7\u00e3o e prepara\u00e7\u00e3o de solos duros<\/p>\n<\/li>\n<li data-start=\"2156\" data-end=\"2206\">\n<p data-start=\"2158\" data-end=\"2206\">Sistema de pega ergon\u00f3mico com vibra\u00e7\u00e3o reduzida<\/p>\n<\/li>\n<li data-start=\"2207\" data-end=\"2262\">\n<p data-start=\"2209\" data-end=\"2262\">Concebida para uma utiliza\u00e7\u00e3o intensiva e horas de funcionamento prolongadas<\/p>\n<\/li>\n<\/ul>\n<p><iframe title=\"compactador,compactador de impacto,tamper,compactador de placa,vibra\u00e7\u00e3o de constru\u00e7\u00e3o,m\u00e1quina de compactar.#amping\" width=\"720\" height=\"405\" src=\"https:\/\/www.youtube.com\/embed\/kHw7Cpv12Zs?feature=oembed\" frameborder=\"0\" allow=\"accelerometer; autoplay; clipboard-write; encrypted-media; gyroscope; picture-in-picture; web-share\" referrerpolicy=\"strict-origin-when-cross-origin\" allowfullscreen><\/iframe><\/p>","protected":false},"excerpt":{"rendered":"<p>O compactador de placa a gas\u00f3leo PH-C250A proporciona uma compacta\u00e7\u00e3o potente e eficiente com uma placa mais larga para resultados mais r\u00e1pidos. Ideal para funda\u00e7\u00f5es, estradas de gravilha e trabalhos em solos profundos.<\/p>","protected":false},"featured_media":9128,"template":"","meta":{"_kad_post_transparent":"default","_kad_post_title":"","_kad_post_layout":"default","_kad_post_sidebar_id":"","_kad_post_content_style":"default","_kad_post_vertical_padding":"default","_kad_post_feature":"","_kad_post_feature_position":"","_kad_post_header":false,"_kad_post_footer":false},"product_brand":[],"product_cat":[59],"product_tag":[1066,1062,1065,1070,1069,1063,1067,1064,1061,1068],"class_list":{"0":"post-9127","1":"product","2":"type-product","3":"status-publish","4":"has-post-thumbnail","6":"product_cat-plate-compactor","7":"product_tag-diesel-plate-compactor","8":"product_tag-forward-plate-compactor","9":"product_tag-gasoline-plate-compactor","10":"product_tag-heavy-duty-plate-compactor","11":"product_tag-plate-compactor-for-asphalt","12":"product_tag-reversible-plate-compactor","13":"product_tag-road-construction-compactor","14":"product_tag-soil-plate-compactor","15":"product_tag-vibratory-plate-compactor","16":"product_tag-walk-behind-plate-compactor","18":"first","19":"instock","20":"shipping-taxable","21":"product-type-simple","22":"entry","23":"content-bg","24":"loop-entry"},"yoast_head":"<!-- This site is optimized with the Yoast SEO plugin v25.3.1 - https:\/\/yoast.com\/wordpress\/plugins\/seo\/ -->\n<title>Plate Compactor PH-C250A - HSY Construction Machinery<\/title>\n<meta name=\"description\" content=\"PH-C250A Diesel Plate Compactor offers strong, deep compaction with wide base coverage for gravel, subgrade, and foundations. Rugged and fuel-efficient for construction sites.\" \/>\n<meta name=\"robots\" content=\"index, follow, max-snippet:-1, max-image-preview:large, max-video-preview:-1\" \/>\n<link rel=\"canonical\" href=\"https:\/\/www.hsymachinery.com\/pt\/product\/compactador-de-placas-ph-c250a\/\" \/>\n<meta property=\"og:locale\" content=\"pt_PT\" \/>\n<meta property=\"og:type\" content=\"article\" \/>\n<meta property=\"og:title\" content=\"Plate Compactor PH-C250A - HSY Construction Machinery\" \/>\n<meta property=\"og:description\" content=\"PH-C250A Diesel Plate Compactor offers strong, deep compaction with wide base coverage for gravel, subgrade, and foundations. Rugged and fuel-efficient for construction sites.\" \/>\n<meta property=\"og:url\" content=\"https:\/\/www.hsymachinery.com\/pt\/product\/compactador-de-placas-ph-c250a\/\" \/>\n<meta property=\"og:site_name\" content=\"HSY Construction Machinery\" \/>\n<meta property=\"article:modified_time\" content=\"2025-06-28T12:11:59+00:00\" \/>\n<meta property=\"og:image\" content=\"https:\/\/www.hsymachinery.com\/wp-content\/uploads\/2025\/06\/Plate-Compactor-PH-C250A.jpg\" \/>\n\t<meta property=\"og:image:width\" content=\"600\" \/>\n\t<meta property=\"og:image:height\" content=\"600\" \/>\n\t<meta property=\"og:image:type\" content=\"image\/jpeg\" \/>\n<meta name=\"twitter:card\" content=\"summary_large_image\" \/>\n<meta name=\"twitter:label1\" content=\"Tempo estimado de leitura\" \/>\n\t<meta name=\"twitter:data1\" content=\"2 minutos\" \/>\n<script type=\"application\/ld+json\" class=\"yoast-schema-graph\">{\"@context\":\"https:\/\/schema.org\",\"@graph\":[{\"@type\":\"WebPage\",\"@id\":\"https:\/\/www.hsymachinery.com\/product\/plate-compactor-ph-c250a\/\",\"url\":\"https:\/\/www.hsymachinery.com\/product\/plate-compactor-ph-c250a\/\",\"name\":\"Plate Compactor PH-C250A - HSY Construction Machinery\",\"isPartOf\":{\"@id\":\"https:\/\/www.hsymachinery.com\/#website\"},\"primaryImageOfPage\":{\"@id\":\"https:\/\/www.hsymachinery.com\/product\/plate-compactor-ph-c250a\/#primaryimage\"},\"image\":{\"@id\":\"https:\/\/www.hsymachinery.com\/product\/plate-compactor-ph-c250a\/#primaryimage\"},\"thumbnailUrl\":\"https:\/\/www.hsymachinery.com\/wp-content\/uploads\/2025\/06\/Plate-Compactor-PH-C250A.jpg\",\"datePublished\":\"2025-06-18T09:07:48+00:00\",\"dateModified\":\"2025-06-28T12:11:59+00:00\",\"description\":\"PH-C250A Diesel Plate Compactor offers strong, deep compaction with wide base coverage for gravel, subgrade, and foundations. Rugged and fuel-efficient for construction sites.\",\"breadcrumb\":{\"@id\":\"https:\/\/www.hsymachinery.com\/product\/plate-compactor-ph-c250a\/#breadcrumb\"},\"inLanguage\":\"pt-PT\",\"potentialAction\":[{\"@type\":\"ReadAction\",\"target\":[\"https:\/\/www.hsymachinery.com\/product\/plate-compactor-ph-c250a\/\"]}]},{\"@type\":\"ImageObject\",\"inLanguage\":\"pt-PT\",\"@id\":\"https:\/\/www.hsymachinery.com\/product\/plate-compactor-ph-c250a\/#primaryimage\",\"url\":\"https:\/\/www.hsymachinery.com\/wp-content\/uploads\/2025\/06\/Plate-Compactor-PH-C250A.jpg\",\"contentUrl\":\"https:\/\/www.hsymachinery.com\/wp-content\/uploads\/2025\/06\/Plate-Compactor-PH-C250A.jpg\",\"width\":600,\"height\":600},{\"@type\":\"BreadcrumbList\",\"@id\":\"https:\/\/www.hsymachinery.com\/product\/plate-compactor-ph-c250a\/#breadcrumb\",\"itemListElement\":[{\"@type\":\"ListItem\",\"position\":1,\"name\":\"home\",\"item\":\"https:\/\/www.hsymachinery.com\/\"},{\"@type\":\"ListItem\",\"position\":2,\"name\":\"products\",\"item\":\"https:\/\/www.hsymachinery.com\/products\/\"},{\"@type\":\"ListItem\",\"position\":3,\"name\":\"Plate Compactor PH-C250A\"}]},{\"@type\":\"WebSite\",\"@id\":\"https:\/\/www.hsymachinery.com\/#website\",\"url\":\"https:\/\/www.hsymachinery.com\/\",\"name\":\"HSY Construction Machinery\",\"description\":\"HSY Machinery \u2013 A leading China construction machinery supplier, offering a wide range of light construction equipment. Our main products include Rebar Cutting Machine, Rebar Bending Machine, Rebar Stirrup Bending Machine, Rebar Arc Bending Machine, Rebar Straightening Machine, Five-Head Rebar Stirrup Bending Machine, Tamping Rammer, Plate Compactor, Concrete Cutter, Power Trowel, and other construction machinery. We are equipped with advanced CNC machines, and we enforce strict quality inspection standards along with comprehensive after-sales service. If you are interested in our products or services, we warmly welcome your inquiries via message.\",\"publisher\":{\"@id\":\"https:\/\/www.hsymachinery.com\/#organization\"},\"potentialAction\":[{\"@type\":\"SearchAction\",\"target\":{\"@type\":\"EntryPoint\",\"urlTemplate\":\"https:\/\/www.hsymachinery.com\/?s={search_term_string}\"},\"query-input\":{\"@type\":\"PropertyValueSpecification\",\"valueRequired\":true,\"valueName\":\"search_term_string\"}}],\"inLanguage\":\"pt-PT\"},{\"@type\":\"Organization\",\"@id\":\"https:\/\/www.hsymachinery.com\/#organization\",\"name\":\"HSY Construction Machinery\",\"url\":\"https:\/\/www.hsymachinery.com\/\",\"logo\":{\"@type\":\"ImageObject\",\"inLanguage\":\"pt-PT\",\"@id\":\"https:\/\/www.hsymachinery.com\/#\/schema\/logo\/image\/\",\"url\":\"https:\/\/www.hsymachinery.com\/wp-content\/uploads\/2025\/06\/cropped-HSY-machinery.png\",\"contentUrl\":\"https:\/\/www.hsymachinery.com\/wp-content\/uploads\/2025\/06\/cropped-HSY-machinery.png\",\"width\":600,\"height\":240,\"caption\":\"HSY Construction Machinery\"},\"image\":{\"@id\":\"https:\/\/www.hsymachinery.com\/#\/schema\/logo\/image\/\"}}]}<\/script>\n<!-- \/ Yoast SEO plugin. -->","yoast_head_json":{"title":"Compactador de placa PH-C250A - HSY Construction Machinery","description":"O Compactador de Placas a Diesel PH-C250A oferece uma compacta\u00e7\u00e3o forte e profunda com uma ampla cobertura de base para gravilha, subleito e funda\u00e7\u00f5es. Robusto e eficiente em termos de combust\u00edvel para estaleiros de constru\u00e7\u00e3o.","robots":{"index":"index","follow":"follow","max-snippet":"max-snippet:-1","max-image-preview":"max-image-preview:large","max-video-preview":"max-video-preview:-1"},"canonical":"https:\/\/www.hsymachinery.com\/pt\/product\/compactador-de-placas-ph-c250a\/","og_locale":"pt_PT","og_type":"article","og_title":"Plate Compactor PH-C250A - HSY Construction Machinery","og_description":"PH-C250A Diesel Plate Compactor offers strong, deep compaction with wide base coverage for gravel, subgrade, and foundations. Rugged and fuel-efficient for construction sites.","og_url":"https:\/\/www.hsymachinery.com\/pt\/product\/compactador-de-placas-ph-c250a\/","og_site_name":"HSY Construction Machinery","article_modified_time":"2025-06-28T12:11:59+00:00","og_image":[{"width":600,"height":600,"url":"https:\/\/www.hsymachinery.com\/wp-content\/uploads\/2025\/06\/Plate-Compactor-PH-C250A.jpg","type":"image\/jpeg"}],"twitter_card":"summary_large_image","twitter_misc":{"Tempo estimado de leitura":"2 minutos"},"schema":{"@context":"https:\/\/schema.org","@graph":[{"@type":"WebPage","@id":"https:\/\/www.hsymachinery.com\/product\/plate-compactor-ph-c250a\/","url":"https:\/\/www.hsymachinery.com\/product\/plate-compactor-ph-c250a\/","name":"Compactador de placa PH-C250A - HSY Construction Machinery","isPartOf":{"@id":"https:\/\/www.hsymachinery.com\/#website"},"primaryImageOfPage":{"@id":"https:\/\/www.hsymachinery.com\/product\/plate-compactor-ph-c250a\/#primaryimage"},"image":{"@id":"https:\/\/www.hsymachinery.com\/product\/plate-compactor-ph-c250a\/#primaryimage"},"thumbnailUrl":"https:\/\/www.hsymachinery.com\/wp-content\/uploads\/2025\/06\/Plate-Compactor-PH-C250A.jpg","datePublished":"2025-06-18T09:07:48+00:00","dateModified":"2025-06-28T12:11:59+00:00","description":"O Compactador de Placas a Diesel PH-C250A oferece uma compacta\u00e7\u00e3o forte e profunda com uma ampla cobertura de base para gravilha, subleito e funda\u00e7\u00f5es. Robusto e eficiente em termos de combust\u00edvel para estaleiros de constru\u00e7\u00e3o.","breadcrumb":{"@id":"https:\/\/www.hsymachinery.com\/product\/plate-compactor-ph-c250a\/#breadcrumb"},"inLanguage":"pt-PT","potentialAction":[{"@type":"ReadAction","target":["https:\/\/www.hsymachinery.com\/product\/plate-compactor-ph-c250a\/"]}]},{"@type":"ImageObject","inLanguage":"pt-PT","@id":"https:\/\/www.hsymachinery.com\/product\/plate-compactor-ph-c250a\/#primaryimage","url":"https:\/\/www.hsymachinery.com\/wp-content\/uploads\/2025\/06\/Plate-Compactor-PH-C250A.jpg","contentUrl":"https:\/\/www.hsymachinery.com\/wp-content\/uploads\/2025\/06\/Plate-Compactor-PH-C250A.jpg","width":600,"height":600},{"@type":"BreadcrumbList","@id":"https:\/\/www.hsymachinery.com\/product\/plate-compactor-ph-c250a\/#breadcrumb","itemListElement":[{"@type":"ListItem","position":1,"name":"home","item":"https:\/\/www.hsymachinery.com\/"},{"@type":"ListItem","position":2,"name":"products","item":"https:\/\/www.hsymachinery.com\/products\/"},{"@type":"ListItem","position":3,"name":"Plate Compactor PH-C250A"}]},{"@type":"WebSite","@id":"https:\/\/www.hsymachinery.com\/#website","url":"https:\/\/www.hsymachinery.com\/","name":"M\u00e1quinas de constru\u00e7\u00e3o HSY","description":"HSY Machinery - Um fornecedor l\u00edder de m\u00e1quinas de constru\u00e7\u00e3o na China, oferecendo uma ampla gama de equipamentos de constru\u00e7\u00e3o leve. Nossos principais produtos incluem m\u00e1quina de corte de vergalh\u00e3o, m\u00e1quina dobradeira de vergalh\u00e3o, m\u00e1quina dobradeira de estribo de vergalh\u00e3o, m\u00e1quina dobradeira de arco de vergalh\u00e3o, m\u00e1quina de endireitar vergalh\u00e3o, m\u00e1quina dobradeira de estribo de vergalh\u00e3o de cinco cabe\u00e7as, compactador de placa, cortador de concreto, esp\u00e1tula el\u00e9trica e outras m\u00e1quinas de constru\u00e7\u00e3o. Estamos equipados com m\u00e1quinas CNC avan\u00e7adas, e n\u00f3s aplicamos rigorosas normas de inspe\u00e7\u00e3o de qualidade, juntamente com o servi\u00e7o p\u00f3s-venda abrangente. Se voc\u00ea est\u00e1 interessado em nossos produtos ou servi\u00e7os, congratulamo-nos com as suas perguntas atrav\u00e9s de mensagem.","publisher":{"@id":"https:\/\/www.hsymachinery.com\/#organization"},"potentialAction":[{"@type":"SearchAction","target":{"@type":"EntryPoint","urlTemplate":"https:\/\/www.hsymachinery.com\/?s={search_term_string}"},"query-input":{"@type":"PropertyValueSpecification","valueRequired":true,"valueName":"search_term_string"}}],"inLanguage":"pt-PT"},{"@type":"Organization","@id":"https:\/\/www.hsymachinery.com\/#organization","name":"M\u00e1quinas de constru\u00e7\u00e3o HSY","url":"https:\/\/www.hsymachinery.com\/","logo":{"@type":"ImageObject","inLanguage":"pt-PT","@id":"https:\/\/www.hsymachinery.com\/#\/schema\/logo\/image\/","url":"https:\/\/www.hsymachinery.com\/wp-content\/uploads\/2025\/06\/cropped-HSY-machinery.png","contentUrl":"https:\/\/www.hsymachinery.com\/wp-content\/uploads\/2025\/06\/cropped-HSY-machinery.png","width":600,"height":240,"caption":"HSY Construction Machinery"},"image":{"@id":"https:\/\/www.hsymachinery.com\/#\/schema\/logo\/image\/"}}]}},"_links":{"self":[{"href":"https:\/\/www.hsymachinery.com\/pt\/wp-json\/wp\/v2\/product\/9127","targetHints":{"allow":["GET"]}}],"collection":[{"href":"https:\/\/www.hsymachinery.com\/pt\/wp-json\/wp\/v2\/product"}],"about":[{"href":"https:\/\/www.hsymachinery.com\/pt\/wp-json\/wp\/v2\/types\/product"}],"version-history":[{"count":3,"href":"https:\/\/www.hsymachinery.com\/pt\/wp-json\/wp\/v2\/product\/9127\/revisions"}],"predecessor-version":[{"id":9541,"href":"https:\/\/www.hsymachinery.com\/pt\/wp-json\/wp\/v2\/product\/9127\/revisions\/9541"}],"wp:featuredmedia":[{"embeddable":true,"href":"https:\/\/www.hsymachinery.com\/pt\/wp-json\/wp\/v2\/media\/9128"}],"wp:attachment":[{"href":"https:\/\/www.hsymachinery.com\/pt\/wp-json\/wp\/v2\/media?parent=9127"}],"wp:term":[{"taxonomy":"product_brand","embeddable":true,"href":"https:\/\/www.hsymachinery.com\/pt\/wp-json\/wp\/v2\/product_brand?post=9127"},{"taxonomy":"product_cat","embeddable":true,"href":"https:\/\/www.hsymachinery.com\/pt\/wp-json\/wp\/v2\/product_cat?post=9127"},{"taxonomy":"product_tag","embeddable":true,"href":"https:\/\/www.hsymachinery.com\/pt\/wp-json\/wp\/v2\/product_tag?post=9127"}],"curies":[{"name":"wp","href":"https:\/\/api.w.org\/{rel}","templated":true}]}}