{"id":9124,"date":"2025-06-18T17:06:54","date_gmt":"2025-06-18T09:06:54","guid":{"rendered":"https:\/\/www.hsymachinery.com\/?post_type=product&#038;p=9124"},"modified":"2025-06-28T20:07:30","modified_gmt":"2025-06-28T12:07:30","slug":"compactador-de-placas-ph-h250a","status":"publish","type":"product","link":"https:\/\/www.hsymachinery.com\/pt\/product\/compactador-de-placas-ph-h250a\/","title":{"rendered":"Compactador de placas PH-H250A"},"content":{"rendered":"<h2 data-start=\"107\" data-end=\"139\">Compactador de placas PH-H250A<\/h2>\n<h3 data-start=\"140\" data-end=\"264\">PH-H250A Honda Gasoline Plate Compactor | Compactador de alta efici\u00eancia com base larga para estradas, asfalto e locais de funda\u00e7\u00e3o<\/h3>\n<h3 data-start=\"271\" data-end=\"347\">Vis\u00e3o geral do produto - Pot\u00eancia Honda num design de compacta\u00e7\u00e3o mais largo e mais forte<a href=\"https:\/\/www.hsymachinery.com\/pt\/produtos\/compactador-de-placas\/\" target=\"_blank\" rel=\"noopener\"><img fetchpriority=\"high\" decoding=\"async\" class=\"wp-image-9125 alignright\" src=\"https:\/\/www.hsymachinery.com\/wp-content\/uploads\/2025\/06\/Plate-Compactor-PH-H250A-300x300.jpg\" alt=\"\" width=\"461\" height=\"461\" srcset=\"https:\/\/www.hsymachinery.com\/wp-content\/uploads\/2025\/06\/Plate-Compactor-PH-H250A-300x300.jpg 300w, https:\/\/www.hsymachinery.com\/wp-content\/uploads\/2025\/06\/Plate-Compactor-PH-H250A-150x150.jpg 150w, https:\/\/www.hsymachinery.com\/wp-content\/uploads\/2025\/06\/Plate-Compactor-PH-H250A-100x100.jpg 100w, https:\/\/www.hsymachinery.com\/wp-content\/uploads\/2025\/06\/Plate-Compactor-PH-H250A.jpg 600w\" sizes=\"(max-width: 461px) 100vw, 461px\" \/><\/a><\/h3>\n<p data-start=\"349\" data-end=\"706\">O <strong data-start=\"353\" data-end=\"381\">Compactador de placas PH-H250A<\/strong> \u00e9 um modelo melhorado e de elevado desempenho que inclui um motor a gasolina Honda GX160 a 4 tempos e uma placa de base de a\u00e7o refor\u00e7ada mais larga. Foi concebido para profissionais que necessitam de uma compacta\u00e7\u00e3o do solo est\u00e1vel, potente e eficiente na repara\u00e7\u00e3o de pavimentos, compacta\u00e7\u00e3o de funda\u00e7\u00f5es e projectos rodovi\u00e1rios de m\u00e9dia dimens\u00e3o.<\/p>\n<p data-start=\"708\" data-end=\"834\">Com esta placa melhorada, os operadores podem cobrir mais \u00e1rea por passagem, mantendo resultados suaves e uniformes em todos os tipos de solo.<\/p>\n<h3 data-start=\"841\" data-end=\"903\">Funcionamento suave, motor fi\u00e1vel e conforto do operador<\/h3>\n<p data-start=\"905\" data-end=\"1283\">Equipado com o motor Honda GX160 de renome mundial, o PH-H250A garante um desempenho silencioso, com baixas emiss\u00f5es e de longa dura\u00e7\u00e3o. A placa expandida proporciona uma cobertura mais ampla, reduzindo o n\u00famero de passagens necess\u00e1rias no local. O seu sistema de punho de baixa vibra\u00e7\u00e3o ajuda a minimizar a fadiga, enquanto a gaiola de prote\u00e7\u00e3o do motor garante fiabilidade mesmo em condi\u00e7\u00f5es de trabalho dif\u00edceis.<\/p>\n<p data-start=\"1285\" data-end=\"1384\">A manuten\u00e7\u00e3o f\u00e1cil e as pe\u00e7as de assist\u00eancia Honda dispon\u00edveis em todo o mundo fazem desta unidade um investimento sem preocupa\u00e7\u00f5es.<\/p>\n<h3 data-start=\"1391\" data-end=\"1455\">Excelente para asfalto, sub-base e produtividade no local de trabalho<\/h3>\n<p data-start=\"1457\" data-end=\"1719\">Quer esteja a compactar asfalto quente, gravilha ou argila, o PH-H250A funciona com consist\u00eancia e for\u00e7a. \u00c9 ideal para equipas de manuten\u00e7\u00e3o urbana, empreiteiros de estradas e promotores de obras que procuram um compactador dur\u00e1vel e eficiente em termos de tempo.<\/p>\n<p data-start=\"1721\" data-end=\"1835\">A largura da placa e o equil\u00edbrio do impacto permitem uma conclus\u00e3o mais r\u00e1pida do projeto sem sacrificar a profundidade ou a uniformidade.<\/p>\n<h3 data-start=\"1842\" data-end=\"1888\">Carater\u00edsticas principais do compactador de placa PH-H250A<\/h3>\n<ul data-start=\"1890\" data-end=\"2211\">\n<li data-start=\"1890\" data-end=\"1945\">\n<p data-start=\"1892\" data-end=\"1945\">Motor Honda GX160 para um funcionamento silencioso e fi\u00e1vel<\/p>\n<\/li>\n<li data-start=\"1946\" data-end=\"2010\">\n<p data-start=\"1948\" data-end=\"2010\">Placa de compacta\u00e7\u00e3o extra-larga para maior efici\u00eancia no local de trabalho<\/p>\n<\/li>\n<li data-start=\"2011\" data-end=\"2081\">\n<p data-start=\"2013\" data-end=\"2081\">Ideal para remendos de asfalto, trabalhos de sub-base e prepara\u00e7\u00e3o de estradas<\/p>\n<\/li>\n<li data-start=\"2082\" data-end=\"2141\">\n<p data-start=\"2084\" data-end=\"2141\">Pega de absor\u00e7\u00e3o de choques para conforto e controlo do operador<\/p>\n<\/li>\n<li data-start=\"2142\" data-end=\"2211\">\n<p data-start=\"2144\" data-end=\"2211\">Desempenho de longa dura\u00e7\u00e3o com suporte global e manuten\u00e7\u00e3o f\u00e1cil<\/p>\n<\/li>\n<\/ul>\n<p><iframe title=\"compactador,compactador de impacto,tamper,compactador de placa,vibra\u00e7\u00e3o de constru\u00e7\u00e3o,m\u00e1quina de compactar.#amping\" width=\"720\" height=\"405\" src=\"https:\/\/www.youtube.com\/embed\/kHw7Cpv12Zs?feature=oembed\" frameborder=\"0\" allow=\"accelerometer; autoplay; clipboard-write; encrypted-media; gyroscope; picture-in-picture; web-share\" referrerpolicy=\"strict-origin-when-cross-origin\" allowfullscreen><\/iframe><\/p>","protected":false},"excerpt":{"rendered":"<p>O compactador de placa PH-H250A com motor Honda GX160 e placa mais larga proporciona uma compacta\u00e7\u00e3o eficiente e silenciosa para projectos de asfalto, solo e sub-base. Constru\u00eddo para durar e cobrir mais terreno.<\/p>","protected":false},"featured_media":9125,"template":"","meta":{"_kad_post_transparent":"default","_kad_post_title":"","_kad_post_layout":"default","_kad_post_sidebar_id":"","_kad_post_content_style":"default","_kad_post_vertical_padding":"default","_kad_post_feature":"","_kad_post_feature_position":"","_kad_post_header":false,"_kad_post_footer":false},"product_brand":[],"product_cat":[59],"product_tag":[1066,1062,1065,1070,1069,1063,1067,1064,1061,1068],"class_list":{"0":"post-9124","1":"product","2":"type-product","3":"status-publish","4":"has-post-thumbnail","6":"product_cat-plate-compactor","7":"product_tag-diesel-plate-compactor","8":"product_tag-forward-plate-compactor","9":"product_tag-gasoline-plate-compactor","10":"product_tag-heavy-duty-plate-compactor","11":"product_tag-plate-compactor-for-asphalt","12":"product_tag-reversible-plate-compactor","13":"product_tag-road-construction-compactor","14":"product_tag-soil-plate-compactor","15":"product_tag-vibratory-plate-compactor","16":"product_tag-walk-behind-plate-compactor","18":"first","19":"instock","20":"shipping-taxable","21":"product-type-simple","22":"entry","23":"content-bg","24":"loop-entry"},"yoast_head":"<!-- This site is optimized with the Yoast SEO plugin v25.3.1 - https:\/\/yoast.com\/wordpress\/plugins\/seo\/ -->\n<title>Plate Compactor PH-H250A - HSY Construction Machinery<\/title>\n<meta name=\"description\" content=\"PH-H250A Honda Plate Compactor offers reliable, efficient compaction with a wider plate for roads, asphalt repairs, and foundations. High-performance soil compactor.\" \/>\n<meta name=\"robots\" content=\"index, follow, max-snippet:-1, max-image-preview:large, max-video-preview:-1\" \/>\n<link rel=\"canonical\" href=\"https:\/\/www.hsymachinery.com\/pt\/product\/compactador-de-placas-ph-h250a\/\" \/>\n<meta property=\"og:locale\" content=\"pt_PT\" \/>\n<meta property=\"og:type\" content=\"article\" \/>\n<meta property=\"og:title\" content=\"Plate Compactor PH-H250A - HSY Construction Machinery\" \/>\n<meta property=\"og:description\" content=\"PH-H250A Honda Plate Compactor offers reliable, efficient compaction with a wider plate for roads, asphalt repairs, and foundations. High-performance soil compactor.\" \/>\n<meta property=\"og:url\" content=\"https:\/\/www.hsymachinery.com\/pt\/product\/compactador-de-placas-ph-h250a\/\" \/>\n<meta property=\"og:site_name\" content=\"HSY Construction Machinery\" \/>\n<meta property=\"article:modified_time\" content=\"2025-06-28T12:07:30+00:00\" \/>\n<meta property=\"og:image\" content=\"https:\/\/www.hsymachinery.com\/wp-content\/uploads\/2025\/06\/Plate-Compactor-PH-H250A.jpg\" \/>\n\t<meta property=\"og:image:width\" content=\"600\" \/>\n\t<meta property=\"og:image:height\" content=\"600\" \/>\n\t<meta property=\"og:image:type\" content=\"image\/jpeg\" \/>\n<meta name=\"twitter:card\" content=\"summary_large_image\" \/>\n<meta name=\"twitter:label1\" content=\"Tempo estimado de leitura\" \/>\n\t<meta name=\"twitter:data1\" content=\"2 minutos\" \/>\n<script type=\"application\/ld+json\" class=\"yoast-schema-graph\">{\"@context\":\"https:\/\/schema.org\",\"@graph\":[{\"@type\":\"WebPage\",\"@id\":\"https:\/\/www.hsymachinery.com\/product\/plate-compactor-ph-h250a\/\",\"url\":\"https:\/\/www.hsymachinery.com\/product\/plate-compactor-ph-h250a\/\",\"name\":\"Plate Compactor PH-H250A - HSY Construction Machinery\",\"isPartOf\":{\"@id\":\"https:\/\/www.hsymachinery.com\/#website\"},\"primaryImageOfPage\":{\"@id\":\"https:\/\/www.hsymachinery.com\/product\/plate-compactor-ph-h250a\/#primaryimage\"},\"image\":{\"@id\":\"https:\/\/www.hsymachinery.com\/product\/plate-compactor-ph-h250a\/#primaryimage\"},\"thumbnailUrl\":\"https:\/\/www.hsymachinery.com\/wp-content\/uploads\/2025\/06\/Plate-Compactor-PH-H250A.jpg\",\"datePublished\":\"2025-06-18T09:06:54+00:00\",\"dateModified\":\"2025-06-28T12:07:30+00:00\",\"description\":\"PH-H250A Honda Plate Compactor offers reliable, efficient compaction with a wider plate for roads, asphalt repairs, and foundations. High-performance soil compactor.\",\"breadcrumb\":{\"@id\":\"https:\/\/www.hsymachinery.com\/product\/plate-compactor-ph-h250a\/#breadcrumb\"},\"inLanguage\":\"pt-PT\",\"potentialAction\":[{\"@type\":\"ReadAction\",\"target\":[\"https:\/\/www.hsymachinery.com\/product\/plate-compactor-ph-h250a\/\"]}]},{\"@type\":\"ImageObject\",\"inLanguage\":\"pt-PT\",\"@id\":\"https:\/\/www.hsymachinery.com\/product\/plate-compactor-ph-h250a\/#primaryimage\",\"url\":\"https:\/\/www.hsymachinery.com\/wp-content\/uploads\/2025\/06\/Plate-Compactor-PH-H250A.jpg\",\"contentUrl\":\"https:\/\/www.hsymachinery.com\/wp-content\/uploads\/2025\/06\/Plate-Compactor-PH-H250A.jpg\",\"width\":600,\"height\":600},{\"@type\":\"BreadcrumbList\",\"@id\":\"https:\/\/www.hsymachinery.com\/product\/plate-compactor-ph-h250a\/#breadcrumb\",\"itemListElement\":[{\"@type\":\"ListItem\",\"position\":1,\"name\":\"home\",\"item\":\"https:\/\/www.hsymachinery.com\/\"},{\"@type\":\"ListItem\",\"position\":2,\"name\":\"products\",\"item\":\"https:\/\/www.hsymachinery.com\/products\/\"},{\"@type\":\"ListItem\",\"position\":3,\"name\":\"Plate Compactor PH-H250A\"}]},{\"@type\":\"WebSite\",\"@id\":\"https:\/\/www.hsymachinery.com\/#website\",\"url\":\"https:\/\/www.hsymachinery.com\/\",\"name\":\"HSY Construction Machinery\",\"description\":\"HSY Machinery \u2013 A leading China construction machinery supplier, offering a wide range of light construction equipment. Our main products include Rebar Cutting Machine, Rebar Bending Machine, Rebar Stirrup Bending Machine, Rebar Arc Bending Machine, Rebar Straightening Machine, Five-Head Rebar Stirrup Bending Machine, Tamping Rammer, Plate Compactor, Concrete Cutter, Power Trowel, and other construction machinery. We are equipped with advanced CNC machines, and we enforce strict quality inspection standards along with comprehensive after-sales service. If you are interested in our products or services, we warmly welcome your inquiries via message.\",\"publisher\":{\"@id\":\"https:\/\/www.hsymachinery.com\/#organization\"},\"potentialAction\":[{\"@type\":\"SearchAction\",\"target\":{\"@type\":\"EntryPoint\",\"urlTemplate\":\"https:\/\/www.hsymachinery.com\/?s={search_term_string}\"},\"query-input\":{\"@type\":\"PropertyValueSpecification\",\"valueRequired\":true,\"valueName\":\"search_term_string\"}}],\"inLanguage\":\"pt-PT\"},{\"@type\":\"Organization\",\"@id\":\"https:\/\/www.hsymachinery.com\/#organization\",\"name\":\"HSY Construction Machinery\",\"url\":\"https:\/\/www.hsymachinery.com\/\",\"logo\":{\"@type\":\"ImageObject\",\"inLanguage\":\"pt-PT\",\"@id\":\"https:\/\/www.hsymachinery.com\/#\/schema\/logo\/image\/\",\"url\":\"https:\/\/www.hsymachinery.com\/wp-content\/uploads\/2025\/06\/cropped-HSY-machinery.png\",\"contentUrl\":\"https:\/\/www.hsymachinery.com\/wp-content\/uploads\/2025\/06\/cropped-HSY-machinery.png\",\"width\":600,\"height\":240,\"caption\":\"HSY Construction Machinery\"},\"image\":{\"@id\":\"https:\/\/www.hsymachinery.com\/#\/schema\/logo\/image\/\"}}]}<\/script>\n<!-- \/ Yoast SEO plugin. -->","yoast_head_json":{"title":"Compactador de placa PH-H250A - HSY Construction Machinery","description":"O compactador de placas PH-H250A Honda oferece uma compacta\u00e7\u00e3o fi\u00e1vel e eficiente com uma placa mais larga para estradas, repara\u00e7\u00f5es de asfalto e funda\u00e7\u00f5es. Compactador de solos de alto desempenho.","robots":{"index":"index","follow":"follow","max-snippet":"max-snippet:-1","max-image-preview":"max-image-preview:large","max-video-preview":"max-video-preview:-1"},"canonical":"https:\/\/www.hsymachinery.com\/pt\/product\/compactador-de-placas-ph-h250a\/","og_locale":"pt_PT","og_type":"article","og_title":"Plate Compactor PH-H250A - HSY Construction Machinery","og_description":"PH-H250A Honda Plate Compactor offers reliable, efficient compaction with a wider plate for roads, asphalt repairs, and foundations. High-performance soil compactor.","og_url":"https:\/\/www.hsymachinery.com\/pt\/product\/compactador-de-placas-ph-h250a\/","og_site_name":"HSY Construction Machinery","article_modified_time":"2025-06-28T12:07:30+00:00","og_image":[{"width":600,"height":600,"url":"https:\/\/www.hsymachinery.com\/wp-content\/uploads\/2025\/06\/Plate-Compactor-PH-H250A.jpg","type":"image\/jpeg"}],"twitter_card":"summary_large_image","twitter_misc":{"Tempo estimado de leitura":"2 minutos"},"schema":{"@context":"https:\/\/schema.org","@graph":[{"@type":"WebPage","@id":"https:\/\/www.hsymachinery.com\/product\/plate-compactor-ph-h250a\/","url":"https:\/\/www.hsymachinery.com\/product\/plate-compactor-ph-h250a\/","name":"Compactador de placa PH-H250A - HSY Construction Machinery","isPartOf":{"@id":"https:\/\/www.hsymachinery.com\/#website"},"primaryImageOfPage":{"@id":"https:\/\/www.hsymachinery.com\/product\/plate-compactor-ph-h250a\/#primaryimage"},"image":{"@id":"https:\/\/www.hsymachinery.com\/product\/plate-compactor-ph-h250a\/#primaryimage"},"thumbnailUrl":"https:\/\/www.hsymachinery.com\/wp-content\/uploads\/2025\/06\/Plate-Compactor-PH-H250A.jpg","datePublished":"2025-06-18T09:06:54+00:00","dateModified":"2025-06-28T12:07:30+00:00","description":"O compactador de placas PH-H250A Honda oferece uma compacta\u00e7\u00e3o fi\u00e1vel e eficiente com uma placa mais larga para estradas, repara\u00e7\u00f5es de asfalto e funda\u00e7\u00f5es. Compactador de solos de alto desempenho.","breadcrumb":{"@id":"https:\/\/www.hsymachinery.com\/product\/plate-compactor-ph-h250a\/#breadcrumb"},"inLanguage":"pt-PT","potentialAction":[{"@type":"ReadAction","target":["https:\/\/www.hsymachinery.com\/product\/plate-compactor-ph-h250a\/"]}]},{"@type":"ImageObject","inLanguage":"pt-PT","@id":"https:\/\/www.hsymachinery.com\/product\/plate-compactor-ph-h250a\/#primaryimage","url":"https:\/\/www.hsymachinery.com\/wp-content\/uploads\/2025\/06\/Plate-Compactor-PH-H250A.jpg","contentUrl":"https:\/\/www.hsymachinery.com\/wp-content\/uploads\/2025\/06\/Plate-Compactor-PH-H250A.jpg","width":600,"height":600},{"@type":"BreadcrumbList","@id":"https:\/\/www.hsymachinery.com\/product\/plate-compactor-ph-h250a\/#breadcrumb","itemListElement":[{"@type":"ListItem","position":1,"name":"home","item":"https:\/\/www.hsymachinery.com\/"},{"@type":"ListItem","position":2,"name":"products","item":"https:\/\/www.hsymachinery.com\/products\/"},{"@type":"ListItem","position":3,"name":"Plate Compactor PH-H250A"}]},{"@type":"WebSite","@id":"https:\/\/www.hsymachinery.com\/#website","url":"https:\/\/www.hsymachinery.com\/","name":"M\u00e1quinas de constru\u00e7\u00e3o HSY","description":"HSY Machinery - Um fornecedor l\u00edder de m\u00e1quinas de constru\u00e7\u00e3o na China, oferecendo uma ampla gama de equipamentos de constru\u00e7\u00e3o leve. Nossos principais produtos incluem m\u00e1quina de corte de vergalh\u00e3o, m\u00e1quina dobradeira de vergalh\u00e3o, m\u00e1quina dobradeira de estribo de vergalh\u00e3o, m\u00e1quina dobradeira de arco de vergalh\u00e3o, m\u00e1quina de endireitar vergalh\u00e3o, m\u00e1quina dobradeira de estribo de vergalh\u00e3o de cinco cabe\u00e7as, compactador de placa, cortador de concreto, esp\u00e1tula el\u00e9trica e outras m\u00e1quinas de constru\u00e7\u00e3o. Estamos equipados com m\u00e1quinas CNC avan\u00e7adas, e n\u00f3s aplicamos rigorosas normas de inspe\u00e7\u00e3o de qualidade, juntamente com o servi\u00e7o p\u00f3s-venda abrangente. Se voc\u00ea est\u00e1 interessado em nossos produtos ou servi\u00e7os, congratulamo-nos com as suas perguntas atrav\u00e9s de mensagem.","publisher":{"@id":"https:\/\/www.hsymachinery.com\/#organization"},"potentialAction":[{"@type":"SearchAction","target":{"@type":"EntryPoint","urlTemplate":"https:\/\/www.hsymachinery.com\/?s={search_term_string}"},"query-input":{"@type":"PropertyValueSpecification","valueRequired":true,"valueName":"search_term_string"}}],"inLanguage":"pt-PT"},{"@type":"Organization","@id":"https:\/\/www.hsymachinery.com\/#organization","name":"M\u00e1quinas de constru\u00e7\u00e3o HSY","url":"https:\/\/www.hsymachinery.com\/","logo":{"@type":"ImageObject","inLanguage":"pt-PT","@id":"https:\/\/www.hsymachinery.com\/#\/schema\/logo\/image\/","url":"https:\/\/www.hsymachinery.com\/wp-content\/uploads\/2025\/06\/cropped-HSY-machinery.png","contentUrl":"https:\/\/www.hsymachinery.com\/wp-content\/uploads\/2025\/06\/cropped-HSY-machinery.png","width":600,"height":240,"caption":"HSY Construction Machinery"},"image":{"@id":"https:\/\/www.hsymachinery.com\/#\/schema\/logo\/image\/"}}]}},"_links":{"self":[{"href":"https:\/\/www.hsymachinery.com\/pt\/wp-json\/wp\/v2\/product\/9124","targetHints":{"allow":["GET"]}}],"collection":[{"href":"https:\/\/www.hsymachinery.com\/pt\/wp-json\/wp\/v2\/product"}],"about":[{"href":"https:\/\/www.hsymachinery.com\/pt\/wp-json\/wp\/v2\/types\/product"}],"version-history":[{"count":3,"href":"https:\/\/www.hsymachinery.com\/pt\/wp-json\/wp\/v2\/product\/9124\/revisions"}],"predecessor-version":[{"id":9539,"href":"https:\/\/www.hsymachinery.com\/pt\/wp-json\/wp\/v2\/product\/9124\/revisions\/9539"}],"wp:featuredmedia":[{"embeddable":true,"href":"https:\/\/www.hsymachinery.com\/pt\/wp-json\/wp\/v2\/media\/9125"}],"wp:attachment":[{"href":"https:\/\/www.hsymachinery.com\/pt\/wp-json\/wp\/v2\/media?parent=9124"}],"wp:term":[{"taxonomy":"product_brand","embeddable":true,"href":"https:\/\/www.hsymachinery.com\/pt\/wp-json\/wp\/v2\/product_brand?post=9124"},{"taxonomy":"product_cat","embeddable":true,"href":"https:\/\/www.hsymachinery.com\/pt\/wp-json\/wp\/v2\/product_cat?post=9124"},{"taxonomy":"product_tag","embeddable":true,"href":"https:\/\/www.hsymachinery.com\/pt\/wp-json\/wp\/v2\/product_tag?post=9124"}],"curies":[{"name":"wp","href":"https:\/\/api.w.org\/{rel}","templated":true}]}}