{"id":9112,"date":"2025-06-18T17:02:18","date_gmt":"2025-06-18T09:02:18","guid":{"rendered":"https:\/\/www.hsymachinery.com\/?post_type=product&#038;p=9112"},"modified":"2025-06-28T19:48:05","modified_gmt":"2025-06-28T11:48:05","slug":"compactador-de-placa-ph-l250","status":"publish","type":"product","link":"https:\/\/www.hsymachinery.com\/pt\/product\/compactador-de-placa-ph-l250\/","title":{"rendered":"Compactador de placas PH-L250"},"content":{"rendered":"<h2 data-start=\"96\" data-end=\"127\">Compactador de placas PH-L250<\/h2>\n<h3 data-start=\"128\" data-end=\"251\">PH-L250 Loncin Gasoline Plate Compactor | M\u00e1quina de compacta\u00e7\u00e3o de solo de tamanho m\u00e9dio para leito de estrada, asfalto e trabalho de funda\u00e7\u00e3o<\/h3>\n<h3 data-start=\"258\" data-end=\"341\">Descri\u00e7\u00e3o geral do produto - Motor Loncin potente para aplica\u00e7\u00f5es vers\u00e1teis em estaleiros de obras<a href=\"https:\/\/www.hsymachinery.com\/pt\/produtos\/compactador-de-placas\/\" target=\"_blank\" rel=\"noopener\"><img fetchpriority=\"high\" decoding=\"async\" class=\"wp-image-9113 alignright\" src=\"https:\/\/www.hsymachinery.com\/wp-content\/uploads\/2025\/06\/Plate-Compactor-PH-L250-300x300.jpg\" alt=\"\" width=\"462\" height=\"462\" srcset=\"https:\/\/www.hsymachinery.com\/wp-content\/uploads\/2025\/06\/Plate-Compactor-PH-L250-300x300.jpg 300w, https:\/\/www.hsymachinery.com\/wp-content\/uploads\/2025\/06\/Plate-Compactor-PH-L250-150x150.jpg 150w, https:\/\/www.hsymachinery.com\/wp-content\/uploads\/2025\/06\/Plate-Compactor-PH-L250-100x100.jpg 100w, https:\/\/www.hsymachinery.com\/wp-content\/uploads\/2025\/06\/Plate-Compactor-PH-L250.jpg 600w\" sizes=\"(max-width: 462px) 100vw, 462px\" \/><\/a><\/h3>\n<p data-start=\"343\" data-end=\"708\">O <strong data-start=\"347\" data-end=\"374\">Compactador de placas PH-L250<\/strong> \u00e9 uma m\u00e1quina de compacta\u00e7\u00e3o de solos para trabalhos m\u00e9dios, alimentada por um fi\u00e1vel motor Loncin a gasolina, concebida para lidar com uma vasta gama de tarefas de prepara\u00e7\u00e3o de superf\u00edcies. Ideal para a compacta\u00e7\u00e3o da base de estradas, remendos de asfalto, constru\u00e7\u00e3o de estradas e nivelamento de funda\u00e7\u00f5es, este modelo equilibra uma forte pot\u00eancia de compacta\u00e7\u00e3o com manobrabilidade.<\/p>\n<p data-start=\"710\" data-end=\"883\">A sua frequ\u00eancia de vibra\u00e7\u00e3o melhorada e a placa de base est\u00e1vel tornam-na uma solu\u00e7\u00e3o fi\u00e1vel para utiliza\u00e7\u00e3o di\u00e1ria por construtores de estradas, trabalhadores municipais e empreiteiros de constru\u00e7\u00e3o.<\/p>\n<h3 data-start=\"890\" data-end=\"956\">Motor eficiente, manuseamento suave e constru\u00e7\u00e3o duradoura<\/h3>\n<p data-start=\"958\" data-end=\"1290\">O motor Loncin proporciona uma igni\u00e7\u00e3o suave, um baixo consumo de combust\u00edvel e uma pot\u00eancia est\u00e1vel durante todo o dia de trabalho. A placa de compacta\u00e7\u00e3o refor\u00e7ada assegura um contacto consistente com o solo e um acabamento plano e compactado. Entretanto, o sistema de punho anti-vibra\u00e7\u00e3o protege os operadores da fadiga e reduz o esfor\u00e7o f\u00edsico.<\/p>\n<p data-start=\"1292\" data-end=\"1416\">Concebido para um funcionamento e transporte eficientes, o PH-L250 \u00e9 tamb\u00e9m de f\u00e1cil manuten\u00e7\u00e3o, o que o torna um favorito nas frotas de aluguer.<\/p>\n<h3 data-start=\"1423\" data-end=\"1479\">Constru\u00eddo para trabalhos de compacta\u00e7\u00e3o no exterior de m\u00e9dia a grande dimens\u00e3o<\/h3>\n<p data-start=\"1481\" data-end=\"1700\">Desde parques de estacionamento a remendos de asfalto, este compactador tem um bom desempenho em zonas de constru\u00e7\u00e3o de m\u00e9dia escala. Funciona eficazmente em areia, gravilha, asfalto e solo coeso, proporcionando sempre resultados fi\u00e1veis.<\/p>\n<p data-start=\"1702\" data-end=\"1815\">A sua estrutura robusta resiste a uma utiliza\u00e7\u00e3o intensiva e o corpo compacto permite ainda uma manobra flex\u00edvel nos locais de trabalho.<\/p>\n<h3 data-start=\"1822\" data-end=\"1867\">Principais carater\u00edsticas do compactador de placas PH-L250<\/h3>\n<ul data-start=\"1869\" data-end=\"2153\">\n<li data-start=\"1869\" data-end=\"1920\">\n<p data-start=\"1871\" data-end=\"1920\">Equipado com um motor a gasolina Loncin a 4 tempos<\/p>\n<\/li>\n<li data-start=\"1921\" data-end=\"1988\">\n<p data-start=\"1923\" data-end=\"1988\">Placa de tamanho m\u00e9dio ideal para asfalto, estradas e bases de constru\u00e7\u00e3o<\/p>\n<\/li>\n<li data-start=\"1989\" data-end=\"2047\">\n<p data-start=\"1991\" data-end=\"2047\">O punho redutor de vibra\u00e7\u00f5es melhora o conforto e o controlo<\/p>\n<\/li>\n<li data-start=\"2048\" data-end=\"2108\">\n<p data-start=\"2050\" data-end=\"2108\">Chapa de a\u00e7o altamente dur\u00e1vel com acabamento de compacta\u00e7\u00e3o suave<\/p>\n<\/li>\n<li data-start=\"2109\" data-end=\"2153\">\n<p data-start=\"2111\" data-end=\"2153\">F\u00e1cil de transportar, manter e operar<\/p>\n<\/li>\n<\/ul>\n<p><iframe title=\"compactador,compactador de impacto,tamper,compactador de placa,vibra\u00e7\u00e3o de constru\u00e7\u00e3o,m\u00e1quina de compactar.#amping\" width=\"720\" height=\"405\" src=\"https:\/\/www.youtube.com\/embed\/kHw7Cpv12Zs?feature=oembed\" frameborder=\"0\" allow=\"accelerometer; autoplay; clipboard-write; encrypted-media; gyroscope; picture-in-picture; web-share\" referrerpolicy=\"strict-origin-when-cross-origin\" allowfullscreen><\/iframe><\/p>","protected":false},"excerpt":{"rendered":"<p>O compactador de placas a gasolina PH-L250 com motor Loncin proporciona uma compacta\u00e7\u00e3o potente e fi\u00e1vel para estradas, asfalto e trabalhos de funda\u00e7\u00e3o. Ideal para empreiteiros e equipas de constru\u00e7\u00e3o.<\/p>","protected":false},"featured_media":9113,"template":"","meta":{"_kad_post_transparent":"default","_kad_post_title":"","_kad_post_layout":"default","_kad_post_sidebar_id":"","_kad_post_content_style":"default","_kad_post_vertical_padding":"default","_kad_post_feature":"","_kad_post_feature_position":"","_kad_post_header":false,"_kad_post_footer":false},"product_brand":[],"product_cat":[59],"product_tag":[1066,1062,1065,1070,1069,1063,1067,1064,1061,1068],"class_list":{"0":"post-9112","1":"product","2":"type-product","3":"status-publish","4":"has-post-thumbnail","6":"product_cat-plate-compactor","7":"product_tag-diesel-plate-compactor","8":"product_tag-forward-plate-compactor","9":"product_tag-gasoline-plate-compactor","10":"product_tag-heavy-duty-plate-compactor","11":"product_tag-plate-compactor-for-asphalt","12":"product_tag-reversible-plate-compactor","13":"product_tag-road-construction-compactor","14":"product_tag-soil-plate-compactor","15":"product_tag-vibratory-plate-compactor","16":"product_tag-walk-behind-plate-compactor","18":"first","19":"instock","20":"shipping-taxable","21":"product-type-simple","22":"entry","23":"content-bg","24":"loop-entry"},"yoast_head":"<!-- This site is optimized with the Yoast SEO plugin v25.3.1 - https:\/\/yoast.com\/wordpress\/plugins\/seo\/ -->\n<title>Plate Compactor PH-L250 - HSY Construction Machinery<\/title>\n<meta name=\"description\" content=\"PH-L250 Plate Compactor powered by a Loncin engine delivers effective soil and asphalt compaction for driveways, roads, and foundation projects. Medium-duty performance.\" \/>\n<meta name=\"robots\" content=\"index, follow, max-snippet:-1, max-image-preview:large, max-video-preview:-1\" \/>\n<link rel=\"canonical\" href=\"https:\/\/www.hsymachinery.com\/pt\/product\/compactador-de-placa-ph-l250\/\" \/>\n<meta property=\"og:locale\" content=\"pt_PT\" \/>\n<meta property=\"og:type\" content=\"article\" \/>\n<meta property=\"og:title\" content=\"Plate Compactor PH-L250 - HSY Construction Machinery\" \/>\n<meta property=\"og:description\" content=\"PH-L250 Plate Compactor powered by a Loncin engine delivers effective soil and asphalt compaction for driveways, roads, and foundation projects. Medium-duty performance.\" \/>\n<meta property=\"og:url\" content=\"https:\/\/www.hsymachinery.com\/pt\/product\/compactador-de-placa-ph-l250\/\" \/>\n<meta property=\"og:site_name\" content=\"HSY Construction Machinery\" \/>\n<meta property=\"article:modified_time\" content=\"2025-06-28T11:48:05+00:00\" \/>\n<meta property=\"og:image\" content=\"https:\/\/www.hsymachinery.com\/wp-content\/uploads\/2025\/06\/Plate-Compactor-PH-L250.jpg\" \/>\n\t<meta property=\"og:image:width\" content=\"600\" \/>\n\t<meta property=\"og:image:height\" content=\"600\" \/>\n\t<meta property=\"og:image:type\" content=\"image\/jpeg\" \/>\n<meta name=\"twitter:card\" content=\"summary_large_image\" \/>\n<meta name=\"twitter:label1\" content=\"Tempo estimado de leitura\" \/>\n\t<meta name=\"twitter:data1\" content=\"2 minutos\" \/>\n<script type=\"application\/ld+json\" class=\"yoast-schema-graph\">{\"@context\":\"https:\/\/schema.org\",\"@graph\":[{\"@type\":\"WebPage\",\"@id\":\"https:\/\/www.hsymachinery.com\/product\/plate-compactor-ph-l250\/\",\"url\":\"https:\/\/www.hsymachinery.com\/product\/plate-compactor-ph-l250\/\",\"name\":\"Plate Compactor PH-L250 - HSY Construction Machinery\",\"isPartOf\":{\"@id\":\"https:\/\/www.hsymachinery.com\/#website\"},\"primaryImageOfPage\":{\"@id\":\"https:\/\/www.hsymachinery.com\/product\/plate-compactor-ph-l250\/#primaryimage\"},\"image\":{\"@id\":\"https:\/\/www.hsymachinery.com\/product\/plate-compactor-ph-l250\/#primaryimage\"},\"thumbnailUrl\":\"https:\/\/www.hsymachinery.com\/wp-content\/uploads\/2025\/06\/Plate-Compactor-PH-L250.jpg\",\"datePublished\":\"2025-06-18T09:02:18+00:00\",\"dateModified\":\"2025-06-28T11:48:05+00:00\",\"description\":\"PH-L250 Plate Compactor powered by a Loncin engine delivers effective soil and asphalt compaction for driveways, roads, and foundation projects. Medium-duty performance.\",\"breadcrumb\":{\"@id\":\"https:\/\/www.hsymachinery.com\/product\/plate-compactor-ph-l250\/#breadcrumb\"},\"inLanguage\":\"pt-PT\",\"potentialAction\":[{\"@type\":\"ReadAction\",\"target\":[\"https:\/\/www.hsymachinery.com\/product\/plate-compactor-ph-l250\/\"]}]},{\"@type\":\"ImageObject\",\"inLanguage\":\"pt-PT\",\"@id\":\"https:\/\/www.hsymachinery.com\/product\/plate-compactor-ph-l250\/#primaryimage\",\"url\":\"https:\/\/www.hsymachinery.com\/wp-content\/uploads\/2025\/06\/Plate-Compactor-PH-L250.jpg\",\"contentUrl\":\"https:\/\/www.hsymachinery.com\/wp-content\/uploads\/2025\/06\/Plate-Compactor-PH-L250.jpg\",\"width\":600,\"height\":600},{\"@type\":\"BreadcrumbList\",\"@id\":\"https:\/\/www.hsymachinery.com\/product\/plate-compactor-ph-l250\/#breadcrumb\",\"itemListElement\":[{\"@type\":\"ListItem\",\"position\":1,\"name\":\"home\",\"item\":\"https:\/\/www.hsymachinery.com\/\"},{\"@type\":\"ListItem\",\"position\":2,\"name\":\"products\",\"item\":\"https:\/\/www.hsymachinery.com\/products\/\"},{\"@type\":\"ListItem\",\"position\":3,\"name\":\"Plate Compactor PH-L250\"}]},{\"@type\":\"WebSite\",\"@id\":\"https:\/\/www.hsymachinery.com\/#website\",\"url\":\"https:\/\/www.hsymachinery.com\/\",\"name\":\"HSY Construction Machinery\",\"description\":\"HSY Machinery \u2013 A leading China construction machinery supplier, offering a wide range of light construction equipment. Our main products include Rebar Cutting Machine, Rebar Bending Machine, Rebar Stirrup Bending Machine, Rebar Arc Bending Machine, Rebar Straightening Machine, Five-Head Rebar Stirrup Bending Machine, Tamping Rammer, Plate Compactor, Concrete Cutter, Power Trowel, and other construction machinery. We are equipped with advanced CNC machines, and we enforce strict quality inspection standards along with comprehensive after-sales service. If you are interested in our products or services, we warmly welcome your inquiries via message.\",\"publisher\":{\"@id\":\"https:\/\/www.hsymachinery.com\/#organization\"},\"potentialAction\":[{\"@type\":\"SearchAction\",\"target\":{\"@type\":\"EntryPoint\",\"urlTemplate\":\"https:\/\/www.hsymachinery.com\/?s={search_term_string}\"},\"query-input\":{\"@type\":\"PropertyValueSpecification\",\"valueRequired\":true,\"valueName\":\"search_term_string\"}}],\"inLanguage\":\"pt-PT\"},{\"@type\":\"Organization\",\"@id\":\"https:\/\/www.hsymachinery.com\/#organization\",\"name\":\"HSY Construction Machinery\",\"url\":\"https:\/\/www.hsymachinery.com\/\",\"logo\":{\"@type\":\"ImageObject\",\"inLanguage\":\"pt-PT\",\"@id\":\"https:\/\/www.hsymachinery.com\/#\/schema\/logo\/image\/\",\"url\":\"https:\/\/www.hsymachinery.com\/wp-content\/uploads\/2025\/06\/cropped-HSY-machinery.png\",\"contentUrl\":\"https:\/\/www.hsymachinery.com\/wp-content\/uploads\/2025\/06\/cropped-HSY-machinery.png\",\"width\":600,\"height\":240,\"caption\":\"HSY Construction Machinery\"},\"image\":{\"@id\":\"https:\/\/www.hsymachinery.com\/#\/schema\/logo\/image\/\"}}]}<\/script>\n<!-- \/ Yoast SEO plugin. -->","yoast_head_json":{"title":"Compactador de placa PH-L250 - HSY Construction Machinery","description":"O compactador de placas PH-L250, equipado com um motor Loncin, proporciona uma compacta\u00e7\u00e3o eficaz do solo e do asfalto para entradas de autom\u00f3veis, estradas e projectos de funda\u00e7\u00f5es. Desempenho em servi\u00e7o m\u00e9dio.","robots":{"index":"index","follow":"follow","max-snippet":"max-snippet:-1","max-image-preview":"max-image-preview:large","max-video-preview":"max-video-preview:-1"},"canonical":"https:\/\/www.hsymachinery.com\/pt\/product\/compactador-de-placa-ph-l250\/","og_locale":"pt_PT","og_type":"article","og_title":"Plate Compactor PH-L250 - HSY Construction Machinery","og_description":"PH-L250 Plate Compactor powered by a Loncin engine delivers effective soil and asphalt compaction for driveways, roads, and foundation projects. Medium-duty performance.","og_url":"https:\/\/www.hsymachinery.com\/pt\/product\/compactador-de-placa-ph-l250\/","og_site_name":"HSY Construction Machinery","article_modified_time":"2025-06-28T11:48:05+00:00","og_image":[{"width":600,"height":600,"url":"https:\/\/www.hsymachinery.com\/wp-content\/uploads\/2025\/06\/Plate-Compactor-PH-L250.jpg","type":"image\/jpeg"}],"twitter_card":"summary_large_image","twitter_misc":{"Tempo estimado de leitura":"2 minutos"},"schema":{"@context":"https:\/\/schema.org","@graph":[{"@type":"WebPage","@id":"https:\/\/www.hsymachinery.com\/product\/plate-compactor-ph-l250\/","url":"https:\/\/www.hsymachinery.com\/product\/plate-compactor-ph-l250\/","name":"Compactador de placa PH-L250 - HSY Construction Machinery","isPartOf":{"@id":"https:\/\/www.hsymachinery.com\/#website"},"primaryImageOfPage":{"@id":"https:\/\/www.hsymachinery.com\/product\/plate-compactor-ph-l250\/#primaryimage"},"image":{"@id":"https:\/\/www.hsymachinery.com\/product\/plate-compactor-ph-l250\/#primaryimage"},"thumbnailUrl":"https:\/\/www.hsymachinery.com\/wp-content\/uploads\/2025\/06\/Plate-Compactor-PH-L250.jpg","datePublished":"2025-06-18T09:02:18+00:00","dateModified":"2025-06-28T11:48:05+00:00","description":"O compactador de placas PH-L250, equipado com um motor Loncin, proporciona uma compacta\u00e7\u00e3o eficaz do solo e do asfalto para entradas de autom\u00f3veis, estradas e projectos de funda\u00e7\u00f5es. Desempenho em servi\u00e7o m\u00e9dio.","breadcrumb":{"@id":"https:\/\/www.hsymachinery.com\/product\/plate-compactor-ph-l250\/#breadcrumb"},"inLanguage":"pt-PT","potentialAction":[{"@type":"ReadAction","target":["https:\/\/www.hsymachinery.com\/product\/plate-compactor-ph-l250\/"]}]},{"@type":"ImageObject","inLanguage":"pt-PT","@id":"https:\/\/www.hsymachinery.com\/product\/plate-compactor-ph-l250\/#primaryimage","url":"https:\/\/www.hsymachinery.com\/wp-content\/uploads\/2025\/06\/Plate-Compactor-PH-L250.jpg","contentUrl":"https:\/\/www.hsymachinery.com\/wp-content\/uploads\/2025\/06\/Plate-Compactor-PH-L250.jpg","width":600,"height":600},{"@type":"BreadcrumbList","@id":"https:\/\/www.hsymachinery.com\/product\/plate-compactor-ph-l250\/#breadcrumb","itemListElement":[{"@type":"ListItem","position":1,"name":"home","item":"https:\/\/www.hsymachinery.com\/"},{"@type":"ListItem","position":2,"name":"products","item":"https:\/\/www.hsymachinery.com\/products\/"},{"@type":"ListItem","position":3,"name":"Plate Compactor PH-L250"}]},{"@type":"WebSite","@id":"https:\/\/www.hsymachinery.com\/#website","url":"https:\/\/www.hsymachinery.com\/","name":"M\u00e1quinas de constru\u00e7\u00e3o HSY","description":"HSY Machinery - Um fornecedor l\u00edder de m\u00e1quinas de constru\u00e7\u00e3o na China, oferecendo uma ampla gama de equipamentos de constru\u00e7\u00e3o leve. Nossos principais produtos incluem m\u00e1quina de corte de vergalh\u00e3o, m\u00e1quina dobradeira de vergalh\u00e3o, m\u00e1quina dobradeira de estribo de vergalh\u00e3o, m\u00e1quina dobradeira de arco de vergalh\u00e3o, m\u00e1quina de endireitar vergalh\u00e3o, m\u00e1quina dobradeira de estribo de vergalh\u00e3o de cinco cabe\u00e7as, compactador de placa, cortador de concreto, esp\u00e1tula el\u00e9trica e outras m\u00e1quinas de constru\u00e7\u00e3o. Estamos equipados com m\u00e1quinas CNC avan\u00e7adas, e n\u00f3s aplicamos rigorosas normas de inspe\u00e7\u00e3o de qualidade, juntamente com o servi\u00e7o p\u00f3s-venda abrangente. Se voc\u00ea est\u00e1 interessado em nossos produtos ou servi\u00e7os, congratulamo-nos com as suas perguntas atrav\u00e9s de mensagem.","publisher":{"@id":"https:\/\/www.hsymachinery.com\/#organization"},"potentialAction":[{"@type":"SearchAction","target":{"@type":"EntryPoint","urlTemplate":"https:\/\/www.hsymachinery.com\/?s={search_term_string}"},"query-input":{"@type":"PropertyValueSpecification","valueRequired":true,"valueName":"search_term_string"}}],"inLanguage":"pt-PT"},{"@type":"Organization","@id":"https:\/\/www.hsymachinery.com\/#organization","name":"M\u00e1quinas de constru\u00e7\u00e3o HSY","url":"https:\/\/www.hsymachinery.com\/","logo":{"@type":"ImageObject","inLanguage":"pt-PT","@id":"https:\/\/www.hsymachinery.com\/#\/schema\/logo\/image\/","url":"https:\/\/www.hsymachinery.com\/wp-content\/uploads\/2025\/06\/cropped-HSY-machinery.png","contentUrl":"https:\/\/www.hsymachinery.com\/wp-content\/uploads\/2025\/06\/cropped-HSY-machinery.png","width":600,"height":240,"caption":"HSY Construction Machinery"},"image":{"@id":"https:\/\/www.hsymachinery.com\/#\/schema\/logo\/image\/"}}]}},"_links":{"self":[{"href":"https:\/\/www.hsymachinery.com\/pt\/wp-json\/wp\/v2\/product\/9112","targetHints":{"allow":["GET"]}}],"collection":[{"href":"https:\/\/www.hsymachinery.com\/pt\/wp-json\/wp\/v2\/product"}],"about":[{"href":"https:\/\/www.hsymachinery.com\/pt\/wp-json\/wp\/v2\/types\/product"}],"version-history":[{"count":3,"href":"https:\/\/www.hsymachinery.com\/pt\/wp-json\/wp\/v2\/product\/9112\/revisions"}],"predecessor-version":[{"id":9531,"href":"https:\/\/www.hsymachinery.com\/pt\/wp-json\/wp\/v2\/product\/9112\/revisions\/9531"}],"wp:featuredmedia":[{"embeddable":true,"href":"https:\/\/www.hsymachinery.com\/pt\/wp-json\/wp\/v2\/media\/9113"}],"wp:attachment":[{"href":"https:\/\/www.hsymachinery.com\/pt\/wp-json\/wp\/v2\/media?parent=9112"}],"wp:term":[{"taxonomy":"product_brand","embeddable":true,"href":"https:\/\/www.hsymachinery.com\/pt\/wp-json\/wp\/v2\/product_brand?post=9112"},{"taxonomy":"product_cat","embeddable":true,"href":"https:\/\/www.hsymachinery.com\/pt\/wp-json\/wp\/v2\/product_cat?post=9112"},{"taxonomy":"product_tag","embeddable":true,"href":"https:\/\/www.hsymachinery.com\/pt\/wp-json\/wp\/v2\/product_tag?post=9112"}],"curies":[{"name":"wp","href":"https:\/\/api.w.org\/{rel}","templated":true}]}}