{"id":9103,"date":"2025-06-18T16:50:53","date_gmt":"2025-06-18T08:50:53","guid":{"rendered":"https:\/\/www.hsymachinery.com\/?post_type=product&#038;p=9103"},"modified":"2025-06-28T19:39:25","modified_gmt":"2025-06-28T11:39:25","slug":"compactador-de-placa-ph-h90","status":"publish","type":"product","link":"https:\/\/www.hsymachinery.com\/pt\/product\/compactador-de-placa-ph-h90\/","title":{"rendered":"Compactador de placas PH-H90"},"content":{"rendered":"<h2 data-start=\"96\" data-end=\"126\">Compactador de placas PH-H90<\/h2>\n<h3 data-start=\"127\" data-end=\"243\">PH-H90 Honda Gasoline Plate Compactor | Compactador de solo compacto e dur\u00e1vel para cal\u00e7adas, remendos e paisagismo<\/h3>\n<h3 data-start=\"250\" data-end=\"322\">Descri\u00e7\u00e3o geral do produto - Pot\u00eancia Honda para uma compacta\u00e7\u00e3o fi\u00e1vel para trabalhos ligeiros<a href=\"https:\/\/www.hsymachinery.com\/pt\/produtos\/compactador-de-placas\/\" target=\"_blank\" rel=\"noopener\"><img fetchpriority=\"high\" decoding=\"async\" class=\"wp-image-9110 alignright\" src=\"https:\/\/www.hsymachinery.com\/wp-content\/uploads\/2025\/06\/Plate-Compactor-PH-H90-1-e1750237264210-300x300.jpg\" alt=\"\" width=\"459\" height=\"459\" srcset=\"https:\/\/www.hsymachinery.com\/wp-content\/uploads\/2025\/06\/Plate-Compactor-PH-H90-1-e1750237264210-300x300.jpg 300w, https:\/\/www.hsymachinery.com\/wp-content\/uploads\/2025\/06\/Plate-Compactor-PH-H90-1-e1750237264210-150x150.jpg 150w, https:\/\/www.hsymachinery.com\/wp-content\/uploads\/2025\/06\/Plate-Compactor-PH-H90-1-e1750237264210-100x100.jpg 100w, https:\/\/www.hsymachinery.com\/wp-content\/uploads\/2025\/06\/Plate-Compactor-PH-H90-1-e1750237264210.jpg 600w\" sizes=\"(max-width: 459px) 100vw, 459px\" \/><\/a><\/h3>\n<p data-start=\"324\" data-end=\"700\">O <strong data-start=\"328\" data-end=\"354\">Compactador de placas PH-H90<\/strong> est\u00e1 equipada com um motor a gasolina Honda GX160 a 4 tempos, proporcionando um desempenho de compacta\u00e7\u00e3o fi\u00e1vel e consistente para aplica\u00e7\u00f5es ligeiras a m\u00e9dias. \u00c9 ideal para remendos de pavimentos, instala\u00e7\u00e3o de cal\u00e7adas, projectos de jardins e constru\u00e7\u00e3o residencial, especialmente em \u00e1reas onde a fiabilidade e as baixas emiss\u00f5es s\u00e3o importantes.<\/p>\n<p data-start=\"702\" data-end=\"859\">Com a sua estrutura compacta e o comprovado motor Honda, o PH-H90 \u00e9 preferido pelos empreiteiros que exigem efici\u00eancia, mobilidade e durabilidade de marca.<\/p>\n<h3 data-start=\"866\" data-end=\"933\">Funcionamento suave, longa vida \u00fatil do motor e design de f\u00e1cil utiliza\u00e7\u00e3o<\/h3>\n<p data-start=\"935\" data-end=\"1232\">O motor Honda GX160 oferece um arranque f\u00e1cil por recuo, baixo ru\u00eddo e excelente economia de combust\u00edvel, tornando este modelo adequado para utiliza\u00e7\u00e3o di\u00e1ria em qualquer local de trabalho. A sua placa de base em a\u00e7o refor\u00e7ado garante uma compacta\u00e7\u00e3o uniforme, enquanto a pega ergon\u00f3mica reduz a fadiga do operador durante longos turnos.<\/p>\n<p data-start=\"1234\" data-end=\"1337\">A manuten\u00e7\u00e3o \u00e9 simples e o apoio global da Honda torna as pe\u00e7as e a assist\u00eancia t\u00e9cnica amplamente acess\u00edveis.<\/p>\n<h3 data-start=\"1344\" data-end=\"1396\">Ajuste perfeito para trabalhos de precis\u00e3o e em pequenos locais<\/h3>\n<p data-start=\"1398\" data-end=\"1670\">Concebida para navegar em zonas de constru\u00e7\u00e3o apertadas, a PH-H90 \u00e9 f\u00e1cil de transportar e operar em bermas de passeios, entradas de garagem e valas estreitas. Apesar do seu tamanho compacto, proporciona uma forte for\u00e7a de impacto, garantindo sempre uma superf\u00edcie lisa e est\u00e1vel.<\/p>\n<p data-start=\"1672\" data-end=\"1801\">Quer esteja a trabalhar em empreendimentos residenciais ou em melhorias urbanas, esta m\u00e1quina proporciona um desempenho com que pode contar.<\/p>\n<h3 data-start=\"1808\" data-end=\"1852\">Carater\u00edsticas principais do compactador de placa PH-H90<\/h3>\n<ul data-start=\"1854\" data-end=\"2153\">\n<li data-start=\"1854\" data-end=\"1907\">\n<p data-start=\"1856\" data-end=\"1907\">Alimentado por um fi\u00e1vel motor a gasolina Honda GX160<\/p>\n<\/li>\n<li data-start=\"1908\" data-end=\"1971\">\n<p data-start=\"1910\" data-end=\"1971\">Proporciona uma compacta\u00e7\u00e3o uniforme em solos de densidade leve a m\u00e9dia<\/p>\n<\/li>\n<li data-start=\"1972\" data-end=\"2038\">\n<p data-start=\"1974\" data-end=\"2038\">Ideal para pequenas constru\u00e7\u00f5es, paisagismo e repara\u00e7\u00e3o de pavimentos<\/p>\n<\/li>\n<li data-start=\"2039\" data-end=\"2093\">\n<p data-start=\"2041\" data-end=\"2093\">Baixa vibra\u00e7\u00e3o e funcionamento silencioso para conforto do utilizador<\/p>\n<\/li>\n<li data-start=\"2094\" data-end=\"2153\">\n<p data-start=\"2096\" data-end=\"2153\">Dur\u00e1vel e compacto para f\u00e1cil transporte e armazenamento no local<\/p>\n<\/li>\n<\/ul>\n<p><iframe title=\"compactador,compactador de impacto,tamper,compactador de placa,vibra\u00e7\u00e3o de constru\u00e7\u00e3o,m\u00e1quina de compactar.#amping\" width=\"720\" height=\"405\" src=\"https:\/\/www.youtube.com\/embed\/kHw7Cpv12Zs?feature=oembed\" frameborder=\"0\" allow=\"accelerometer; autoplay; clipboard-write; encrypted-media; gyroscope; picture-in-picture; web-share\" referrerpolicy=\"strict-origin-when-cross-origin\" allowfullscreen><\/iframe><\/p>","protected":false},"excerpt":{"rendered":"<p>O compactador de placa PH-H90 com motor Honda GX160 proporciona uma compacta\u00e7\u00e3o eficiente, silenciosa e consistente. Perfeito para paisagismo, repara\u00e7\u00e3o de cal\u00e7adas e pequenos projectos de constru\u00e7\u00e3o.<\/p>","protected":false},"featured_media":9110,"template":"","meta":{"_kad_post_transparent":"default","_kad_post_title":"","_kad_post_layout":"default","_kad_post_sidebar_id":"","_kad_post_content_style":"default","_kad_post_vertical_padding":"default","_kad_post_feature":"","_kad_post_feature_position":"","_kad_post_header":false,"_kad_post_footer":false},"product_brand":[],"product_cat":[59],"product_tag":[1066,1062,1065,1070,1069,1063,1067,1064,1061,1068],"class_list":{"0":"post-9103","1":"product","2":"type-product","3":"status-publish","4":"has-post-thumbnail","6":"product_cat-plate-compactor","7":"product_tag-diesel-plate-compactor","8":"product_tag-forward-plate-compactor","9":"product_tag-gasoline-plate-compactor","10":"product_tag-heavy-duty-plate-compactor","11":"product_tag-plate-compactor-for-asphalt","12":"product_tag-reversible-plate-compactor","13":"product_tag-road-construction-compactor","14":"product_tag-soil-plate-compactor","15":"product_tag-vibratory-plate-compactor","16":"product_tag-walk-behind-plate-compactor","18":"first","19":"instock","20":"featured","21":"shipping-taxable","22":"product-type-simple","23":"entry","24":"content-bg","25":"loop-entry"},"yoast_head":"<!-- This site is optimized with the Yoast SEO plugin v25.3.1 - https:\/\/yoast.com\/wordpress\/plugins\/seo\/ -->\n<title>Plate Compactor PH-H90 - HSY Construction Machinery<\/title>\n<meta name=\"description\" content=\"PH-H90 Honda Plate Compactor offers reliable and quiet soil compaction. Ideal for sidewalks, driveways, and light-duty construction. Powered by a GX160 engine.\" \/>\n<meta name=\"robots\" content=\"index, follow, max-snippet:-1, max-image-preview:large, max-video-preview:-1\" \/>\n<link rel=\"canonical\" href=\"https:\/\/www.hsymachinery.com\/pt\/product\/compactador-de-placa-ph-h90\/\" \/>\n<meta property=\"og:locale\" content=\"pt_PT\" \/>\n<meta property=\"og:type\" content=\"article\" \/>\n<meta property=\"og:title\" content=\"Plate Compactor PH-H90 - HSY Construction Machinery\" \/>\n<meta property=\"og:description\" content=\"PH-H90 Honda Plate Compactor offers reliable and quiet soil compaction. Ideal for sidewalks, driveways, and light-duty construction. Powered by a GX160 engine.\" \/>\n<meta property=\"og:url\" content=\"https:\/\/www.hsymachinery.com\/pt\/product\/compactador-de-placa-ph-h90\/\" \/>\n<meta property=\"og:site_name\" content=\"HSY Construction Machinery\" \/>\n<meta property=\"article:modified_time\" content=\"2025-06-28T11:39:25+00:00\" \/>\n<meta property=\"og:image\" content=\"https:\/\/www.hsymachinery.com\/wp-content\/uploads\/2025\/06\/Plate-Compactor-PH-H90-1-e1750237264210.jpg\" \/>\n\t<meta property=\"og:image:width\" content=\"600\" \/>\n\t<meta property=\"og:image:height\" content=\"600\" \/>\n\t<meta property=\"og:image:type\" content=\"image\/jpeg\" \/>\n<meta name=\"twitter:card\" content=\"summary_large_image\" \/>\n<meta name=\"twitter:label1\" content=\"Tempo estimado de leitura\" \/>\n\t<meta name=\"twitter:data1\" content=\"2 minutos\" \/>\n<script type=\"application\/ld+json\" class=\"yoast-schema-graph\">{\"@context\":\"https:\/\/schema.org\",\"@graph\":[{\"@type\":\"WebPage\",\"@id\":\"https:\/\/www.hsymachinery.com\/product\/plate-compactor-ph-h90\/\",\"url\":\"https:\/\/www.hsymachinery.com\/product\/plate-compactor-ph-h90\/\",\"name\":\"Plate Compactor PH-H90 - HSY Construction Machinery\",\"isPartOf\":{\"@id\":\"https:\/\/www.hsymachinery.com\/#website\"},\"primaryImageOfPage\":{\"@id\":\"https:\/\/www.hsymachinery.com\/product\/plate-compactor-ph-h90\/#primaryimage\"},\"image\":{\"@id\":\"https:\/\/www.hsymachinery.com\/product\/plate-compactor-ph-h90\/#primaryimage\"},\"thumbnailUrl\":\"https:\/\/www.hsymachinery.com\/wp-content\/uploads\/2025\/06\/Plate-Compactor-PH-H90-1-e1750237264210.jpg\",\"datePublished\":\"2025-06-18T08:50:53+00:00\",\"dateModified\":\"2025-06-28T11:39:25+00:00\",\"description\":\"PH-H90 Honda Plate Compactor offers reliable and quiet soil compaction. Ideal for sidewalks, driveways, and light-duty construction. Powered by a GX160 engine.\",\"breadcrumb\":{\"@id\":\"https:\/\/www.hsymachinery.com\/product\/plate-compactor-ph-h90\/#breadcrumb\"},\"inLanguage\":\"pt-PT\",\"potentialAction\":[{\"@type\":\"ReadAction\",\"target\":[\"https:\/\/www.hsymachinery.com\/product\/plate-compactor-ph-h90\/\"]}]},{\"@type\":\"ImageObject\",\"inLanguage\":\"pt-PT\",\"@id\":\"https:\/\/www.hsymachinery.com\/product\/plate-compactor-ph-h90\/#primaryimage\",\"url\":\"https:\/\/www.hsymachinery.com\/wp-content\/uploads\/2025\/06\/Plate-Compactor-PH-H90-1-e1750237264210.jpg\",\"contentUrl\":\"https:\/\/www.hsymachinery.com\/wp-content\/uploads\/2025\/06\/Plate-Compactor-PH-H90-1-e1750237264210.jpg\",\"width\":600,\"height\":600},{\"@type\":\"BreadcrumbList\",\"@id\":\"https:\/\/www.hsymachinery.com\/product\/plate-compactor-ph-h90\/#breadcrumb\",\"itemListElement\":[{\"@type\":\"ListItem\",\"position\":1,\"name\":\"home\",\"item\":\"https:\/\/www.hsymachinery.com\/\"},{\"@type\":\"ListItem\",\"position\":2,\"name\":\"products\",\"item\":\"https:\/\/www.hsymachinery.com\/products\/\"},{\"@type\":\"ListItem\",\"position\":3,\"name\":\"Plate Compactor PH-H90\"}]},{\"@type\":\"WebSite\",\"@id\":\"https:\/\/www.hsymachinery.com\/#website\",\"url\":\"https:\/\/www.hsymachinery.com\/\",\"name\":\"HSY Construction Machinery\",\"description\":\"HSY Machinery \u2013 A leading China construction machinery supplier, offering a wide range of light construction equipment. Our main products include Rebar Cutting Machine, Rebar Bending Machine, Rebar Stirrup Bending Machine, Rebar Arc Bending Machine, Rebar Straightening Machine, Five-Head Rebar Stirrup Bending Machine, Tamping Rammer, Plate Compactor, Concrete Cutter, Power Trowel, and other construction machinery. We are equipped with advanced CNC machines, and we enforce strict quality inspection standards along with comprehensive after-sales service. If you are interested in our products or services, we warmly welcome your inquiries via message.\",\"publisher\":{\"@id\":\"https:\/\/www.hsymachinery.com\/#organization\"},\"potentialAction\":[{\"@type\":\"SearchAction\",\"target\":{\"@type\":\"EntryPoint\",\"urlTemplate\":\"https:\/\/www.hsymachinery.com\/?s={search_term_string}\"},\"query-input\":{\"@type\":\"PropertyValueSpecification\",\"valueRequired\":true,\"valueName\":\"search_term_string\"}}],\"inLanguage\":\"pt-PT\"},{\"@type\":\"Organization\",\"@id\":\"https:\/\/www.hsymachinery.com\/#organization\",\"name\":\"HSY Construction Machinery\",\"url\":\"https:\/\/www.hsymachinery.com\/\",\"logo\":{\"@type\":\"ImageObject\",\"inLanguage\":\"pt-PT\",\"@id\":\"https:\/\/www.hsymachinery.com\/#\/schema\/logo\/image\/\",\"url\":\"https:\/\/www.hsymachinery.com\/wp-content\/uploads\/2025\/06\/cropped-HSY-machinery.png\",\"contentUrl\":\"https:\/\/www.hsymachinery.com\/wp-content\/uploads\/2025\/06\/cropped-HSY-machinery.png\",\"width\":600,\"height\":240,\"caption\":\"HSY Construction Machinery\"},\"image\":{\"@id\":\"https:\/\/www.hsymachinery.com\/#\/schema\/logo\/image\/\"}}]}<\/script>\n<!-- \/ Yoast SEO plugin. -->","yoast_head_json":{"title":"Compactador de placa PH-H90 - HSY Construction Machinery","description":"O compactador de placas PH-H90 Honda oferece uma compacta\u00e7\u00e3o do solo fi\u00e1vel e silenciosa. Ideal para passeios, entradas de garagem e constru\u00e7\u00e3o ligeira. Alimentado por um motor GX160.","robots":{"index":"index","follow":"follow","max-snippet":"max-snippet:-1","max-image-preview":"max-image-preview:large","max-video-preview":"max-video-preview:-1"},"canonical":"https:\/\/www.hsymachinery.com\/pt\/product\/compactador-de-placa-ph-h90\/","og_locale":"pt_PT","og_type":"article","og_title":"Plate Compactor PH-H90 - HSY Construction Machinery","og_description":"PH-H90 Honda Plate Compactor offers reliable and quiet soil compaction. Ideal for sidewalks, driveways, and light-duty construction. Powered by a GX160 engine.","og_url":"https:\/\/www.hsymachinery.com\/pt\/product\/compactador-de-placa-ph-h90\/","og_site_name":"HSY Construction Machinery","article_modified_time":"2025-06-28T11:39:25+00:00","og_image":[{"width":600,"height":600,"url":"https:\/\/www.hsymachinery.com\/wp-content\/uploads\/2025\/06\/Plate-Compactor-PH-H90-1-e1750237264210.jpg","type":"image\/jpeg"}],"twitter_card":"summary_large_image","twitter_misc":{"Tempo estimado de leitura":"2 minutos"},"schema":{"@context":"https:\/\/schema.org","@graph":[{"@type":"WebPage","@id":"https:\/\/www.hsymachinery.com\/product\/plate-compactor-ph-h90\/","url":"https:\/\/www.hsymachinery.com\/product\/plate-compactor-ph-h90\/","name":"Compactador de placa PH-H90 - HSY Construction Machinery","isPartOf":{"@id":"https:\/\/www.hsymachinery.com\/#website"},"primaryImageOfPage":{"@id":"https:\/\/www.hsymachinery.com\/product\/plate-compactor-ph-h90\/#primaryimage"},"image":{"@id":"https:\/\/www.hsymachinery.com\/product\/plate-compactor-ph-h90\/#primaryimage"},"thumbnailUrl":"https:\/\/www.hsymachinery.com\/wp-content\/uploads\/2025\/06\/Plate-Compactor-PH-H90-1-e1750237264210.jpg","datePublished":"2025-06-18T08:50:53+00:00","dateModified":"2025-06-28T11:39:25+00:00","description":"O compactador de placas PH-H90 Honda oferece uma compacta\u00e7\u00e3o do solo fi\u00e1vel e silenciosa. Ideal para passeios, entradas de garagem e constru\u00e7\u00e3o ligeira. Alimentado por um motor GX160.","breadcrumb":{"@id":"https:\/\/www.hsymachinery.com\/product\/plate-compactor-ph-h90\/#breadcrumb"},"inLanguage":"pt-PT","potentialAction":[{"@type":"ReadAction","target":["https:\/\/www.hsymachinery.com\/product\/plate-compactor-ph-h90\/"]}]},{"@type":"ImageObject","inLanguage":"pt-PT","@id":"https:\/\/www.hsymachinery.com\/product\/plate-compactor-ph-h90\/#primaryimage","url":"https:\/\/www.hsymachinery.com\/wp-content\/uploads\/2025\/06\/Plate-Compactor-PH-H90-1-e1750237264210.jpg","contentUrl":"https:\/\/www.hsymachinery.com\/wp-content\/uploads\/2025\/06\/Plate-Compactor-PH-H90-1-e1750237264210.jpg","width":600,"height":600},{"@type":"BreadcrumbList","@id":"https:\/\/www.hsymachinery.com\/product\/plate-compactor-ph-h90\/#breadcrumb","itemListElement":[{"@type":"ListItem","position":1,"name":"home","item":"https:\/\/www.hsymachinery.com\/"},{"@type":"ListItem","position":2,"name":"products","item":"https:\/\/www.hsymachinery.com\/products\/"},{"@type":"ListItem","position":3,"name":"Plate Compactor PH-H90"}]},{"@type":"WebSite","@id":"https:\/\/www.hsymachinery.com\/#website","url":"https:\/\/www.hsymachinery.com\/","name":"M\u00e1quinas de constru\u00e7\u00e3o HSY","description":"HSY Machinery - Um fornecedor l\u00edder de m\u00e1quinas de constru\u00e7\u00e3o na China, oferecendo uma ampla gama de equipamentos de constru\u00e7\u00e3o leve. Nossos principais produtos incluem m\u00e1quina de corte de vergalh\u00e3o, m\u00e1quina dobradeira de vergalh\u00e3o, m\u00e1quina dobradeira de estribo de vergalh\u00e3o, m\u00e1quina dobradeira de arco de vergalh\u00e3o, m\u00e1quina de endireitar vergalh\u00e3o, m\u00e1quina dobradeira de estribo de vergalh\u00e3o de cinco cabe\u00e7as, compactador de placa, cortador de concreto, esp\u00e1tula el\u00e9trica e outras m\u00e1quinas de constru\u00e7\u00e3o. Estamos equipados com m\u00e1quinas CNC avan\u00e7adas, e n\u00f3s aplicamos rigorosas normas de inspe\u00e7\u00e3o de qualidade, juntamente com o servi\u00e7o p\u00f3s-venda abrangente. Se voc\u00ea est\u00e1 interessado em nossos produtos ou servi\u00e7os, congratulamo-nos com as suas perguntas atrav\u00e9s de mensagem.","publisher":{"@id":"https:\/\/www.hsymachinery.com\/#organization"},"potentialAction":[{"@type":"SearchAction","target":{"@type":"EntryPoint","urlTemplate":"https:\/\/www.hsymachinery.com\/?s={search_term_string}"},"query-input":{"@type":"PropertyValueSpecification","valueRequired":true,"valueName":"search_term_string"}}],"inLanguage":"pt-PT"},{"@type":"Organization","@id":"https:\/\/www.hsymachinery.com\/#organization","name":"M\u00e1quinas de constru\u00e7\u00e3o HSY","url":"https:\/\/www.hsymachinery.com\/","logo":{"@type":"ImageObject","inLanguage":"pt-PT","@id":"https:\/\/www.hsymachinery.com\/#\/schema\/logo\/image\/","url":"https:\/\/www.hsymachinery.com\/wp-content\/uploads\/2025\/06\/cropped-HSY-machinery.png","contentUrl":"https:\/\/www.hsymachinery.com\/wp-content\/uploads\/2025\/06\/cropped-HSY-machinery.png","width":600,"height":240,"caption":"HSY Construction Machinery"},"image":{"@id":"https:\/\/www.hsymachinery.com\/#\/schema\/logo\/image\/"}}]}},"_links":{"self":[{"href":"https:\/\/www.hsymachinery.com\/pt\/wp-json\/wp\/v2\/product\/9103","targetHints":{"allow":["GET"]}}],"collection":[{"href":"https:\/\/www.hsymachinery.com\/pt\/wp-json\/wp\/v2\/product"}],"about":[{"href":"https:\/\/www.hsymachinery.com\/pt\/wp-json\/wp\/v2\/types\/product"}],"version-history":[{"count":3,"href":"https:\/\/www.hsymachinery.com\/pt\/wp-json\/wp\/v2\/product\/9103\/revisions"}],"predecessor-version":[{"id":9527,"href":"https:\/\/www.hsymachinery.com\/pt\/wp-json\/wp\/v2\/product\/9103\/revisions\/9527"}],"wp:featuredmedia":[{"embeddable":true,"href":"https:\/\/www.hsymachinery.com\/pt\/wp-json\/wp\/v2\/media\/9110"}],"wp:attachment":[{"href":"https:\/\/www.hsymachinery.com\/pt\/wp-json\/wp\/v2\/media?parent=9103"}],"wp:term":[{"taxonomy":"product_brand","embeddable":true,"href":"https:\/\/www.hsymachinery.com\/pt\/wp-json\/wp\/v2\/product_brand?post=9103"},{"taxonomy":"product_cat","embeddable":true,"href":"https:\/\/www.hsymachinery.com\/pt\/wp-json\/wp\/v2\/product_cat?post=9103"},{"taxonomy":"product_tag","embeddable":true,"href":"https:\/\/www.hsymachinery.com\/pt\/wp-json\/wp\/v2\/product_tag?post=9103"}],"curies":[{"name":"wp","href":"https:\/\/api.w.org\/{rel}","templated":true}]}}