{"id":9085,"date":"2025-06-18T16:29:44","date_gmt":"2025-06-18T08:29:44","guid":{"rendered":"https:\/\/www.hsymachinery.com\/?post_type=product&#038;p=9085"},"modified":"2025-06-28T15:39:22","modified_gmt":"2025-06-28T07:39:22","slug":"compactador-de-calcario-ch-c110","status":"publish","type":"product","link":"https:\/\/www.hsymachinery.com\/pt\/product\/compactador-de-calcario-ch-c110\/","title":{"rendered":"Compactador de calc\u00e1rio CH-C110"},"content":{"rendered":"<h2 data-start=\"107\" data-end=\"137\">Compactador de calc\u00e1rio CH-C110<\/h2>\n<h3 data-start=\"138\" data-end=\"251\">Compactador de solo a gas\u00f3leo CH-C110 para projectos de funda\u00e7\u00f5es e obras rodovi\u00e1rias pesadas<\/h3>\n<h3 data-start=\"258\" data-end=\"344\">Vis\u00e3o geral do produto - Compactador a diesel de alto desempenho para trabalhos de compacta\u00e7\u00e3o exigentes<img fetchpriority=\"high\" decoding=\"async\" class=\"wp-image-9086 alignright\" src=\"https:\/\/www.hsymachinery.com\/wp-content\/uploads\/2025\/06\/Tamping-Rammer-CH-C110-300x300.jpg\" alt=\"\" width=\"465\" height=\"465\" srcset=\"https:\/\/www.hsymachinery.com\/wp-content\/uploads\/2025\/06\/Tamping-Rammer-CH-C110-300x300.jpg 300w, https:\/\/www.hsymachinery.com\/wp-content\/uploads\/2025\/06\/Tamping-Rammer-CH-C110-150x150.jpg 150w, https:\/\/www.hsymachinery.com\/wp-content\/uploads\/2025\/06\/Tamping-Rammer-CH-C110-768x768.jpg 768w, https:\/\/www.hsymachinery.com\/wp-content\/uploads\/2025\/06\/Tamping-Rammer-CH-C110-600x600.jpg 600w, https:\/\/www.hsymachinery.com\/wp-content\/uploads\/2025\/06\/Tamping-Rammer-CH-C110-100x100.jpg 100w, https:\/\/www.hsymachinery.com\/wp-content\/uploads\/2025\/06\/Tamping-Rammer-CH-C110.jpg 800w\" sizes=\"(max-width: 465px) 100vw, 465px\" \/><\/h3>\n<p data-start=\"346\" data-end=\"686\">O <strong data-start=\"350\" data-end=\"376\">CH-C110 Compactador de calc\u00e1rio<\/strong> \u00e9 um compactador de solos movido a gas\u00f3leo que proporciona uma for\u00e7a de impacto forte e um desempenho duradouro no terreno. \u00c9 especialmente adequado para abertura de valas em funda\u00e7\u00f5es, repara\u00e7\u00e3o de estradas, instala\u00e7\u00e3o de condutas e trabalhos com argila de elevada compacta\u00e7\u00e3o, onde a durabilidade e a efici\u00eancia de combust\u00edvel s\u00e3o as principais prioridades.<\/p>\n<p data-start=\"688\" data-end=\"861\">Este modelo \u00e9 uma escolha inteligente para empreiteiros que operam em locais de trabalho remotos ou em \u00e1reas de baixa qualidade de combust\u00edvel, oferecendo pot\u00eancia e resist\u00eancia em condi\u00e7\u00f5es de trabalho dif\u00edceis.<\/p>\n<h3 data-start=\"868\" data-end=\"932\">Efici\u00eancia diesel, constru\u00e7\u00e3o robusta e sa\u00edda suave<\/h3>\n<p data-start=\"934\" data-end=\"1215\">Alimentada por um motor diesel dur\u00e1vel, a CH-C110 produz um bin\u00e1rio elevado e uma compacta\u00e7\u00e3o consistente, mesmo em superf\u00edcies dif\u00edceis. A sapata de compacta\u00e7\u00e3o para trabalhos pesados, em conjunto com um sistema de montagem resistente a choques, garante uma compacta\u00e7\u00e3o profunda, reduzindo a transfer\u00eancia de vibra\u00e7\u00f5es para o operador.<\/p>\n<p data-start=\"1217\" data-end=\"1354\">Os pontos de manuten\u00e7\u00e3o s\u00e3o acess\u00edveis e o motor foi constru\u00eddo para resistir a ambientes extremos, ajudando a reduzir o tempo de inatividade inesperado no local.<\/p>\n<h3 data-start=\"1361\" data-end=\"1409\">Constru\u00eddo para opera\u00e7\u00f5es no exterior e fora da rede<\/h3>\n<p data-start=\"1411\" data-end=\"1717\">Esta m\u00e1quina funciona independentemente de energia externa e tem um bom desempenho em terrenos acidentados, fora da rede ou em zonas de constru\u00e7\u00e3o sem eletricidade. A sua economia de combust\u00edvel e o longo tempo de funcionamento por dep\u00f3sito minimizam as interrup\u00e7\u00f5es de reabastecimento, tornando-a ideal para utiliza\u00e7\u00e3o di\u00e1ria em infra-estruturas e ambientes industriais.<\/p>\n<p data-start=\"1719\" data-end=\"1833\">Seja em climas quentes, poeirentos ou h\u00famidos, o CH-C110 prova ser uma solu\u00e7\u00e3o de compacta\u00e7\u00e3o fi\u00e1vel e de baixa manuten\u00e7\u00e3o.<\/p>\n<h3 data-start=\"1840\" data-end=\"1891\">Carater\u00edsticas principais do compactador a diesel CH-C110<\/h3>\n<ul data-start=\"1893\" data-end=\"2196\">\n<li data-start=\"1893\" data-end=\"1951\">\n<p data-start=\"1895\" data-end=\"1951\">O motor diesel proporciona um bin\u00e1rio forte e um longo tempo de funcionamento<\/p>\n<\/li>\n<li data-start=\"1952\" data-end=\"2020\">\n<p data-start=\"1954\" data-end=\"2020\">Adequado para solos de alta densidade, bermas de estradas e constru\u00e7\u00e3o pesada<\/p>\n<\/li>\n<li data-start=\"2021\" data-end=\"2086\">\n<p data-start=\"2023\" data-end=\"2086\">Econ\u00f3mico em termos de combust\u00edvel e com bom desempenho em locais remotos\/fora da rede<\/p>\n<\/li>\n<li data-start=\"2087\" data-end=\"2144\">\n<p data-start=\"2089\" data-end=\"2144\">Estrutura robusta e base de a\u00e7o para fiabilidade a longo prazo<\/p>\n<\/li>\n<li data-start=\"2145\" data-end=\"2196\">\n<p data-start=\"2147\" data-end=\"2196\">F\u00e1cil de manter e operar em condi\u00e7\u00f5es dif\u00edceis<\/p>\n<\/li>\n<\/ul>\n<p><iframe title=\"compactador,compactador de impacto,tamper,compactador de placa,vibra\u00e7\u00e3o de constru\u00e7\u00e3o,m\u00e1quina de compactar.#amping\" width=\"720\" height=\"540\" src=\"https:\/\/www.youtube.com\/embed\/j8Nod6Mcz9w?feature=oembed\" frameborder=\"0\" allow=\"accelerometer; autoplay; clipboard-write; encrypted-media; gyroscope; picture-in-picture; web-share\" referrerpolicy=\"strict-origin-when-cross-origin\" allowfullscreen><\/iframe><\/p>","protected":false},"excerpt":{"rendered":"<p>O compactador a diesel CH-C110 proporciona uma compacta\u00e7\u00e3o profunda e consistente com um motor de bin\u00e1rio elevado. Robusto e eficiente, ideal para projectos de funda\u00e7\u00f5es, valas e estradas.<\/p>","protected":false},"featured_media":9086,"template":"","meta":{"_kad_post_transparent":"default","_kad_post_title":"","_kad_post_layout":"default","_kad_post_sidebar_id":"","_kad_post_content_style":"default","_kad_post_vertical_padding":"default","_kad_post_feature":"","_kad_post_feature_position":"","_kad_post_header":false,"_kad_post_footer":false},"product_brand":[],"product_cat":[83],"product_tag":[1060,1057,1058,1059,1051,1052,1056,1053,1055,1054],"class_list":{"0":"post-9085","1":"product","2":"type-product","3":"status-publish","4":"has-post-thumbnail","6":"product_cat-tamping-rammer","7":"product_tag-backfill-compactor-machine","8":"product_tag-diesel-tamping-rammer","9":"product_tag-earth-tamping-machine","10":"product_tag-handheld-tamping-rammer","11":"product_tag-impact-rammer","12":"product_tag-jumping-jack-compactor","13":"product_tag-petrol-tamping-rammer","14":"product_tag-plate-tamping-rammer","15":"product_tag-soil-compaction-rammer","16":"product_tag-vibratory-tamping-rammer","18":"first","19":"instock","20":"shipping-taxable","21":"product-type-simple","22":"entry","23":"content-bg","24":"loop-entry"},"yoast_head":"<!-- This site is optimized with the Yoast SEO plugin v25.3.1 - https:\/\/yoast.com\/wordpress\/plugins\/seo\/ -->\n<title>Tamping Rammer CH-C110 - HSY Construction Machinery<\/title>\n<meta name=\"description\" content=\"CH-C110 Diesel Tamping Rammer offers powerful soil compaction with fuel efficiency. Ideal for roadwork, trench backfilling, and off-grid construction work.\" \/>\n<meta name=\"robots\" content=\"index, follow, max-snippet:-1, max-image-preview:large, max-video-preview:-1\" \/>\n<link rel=\"canonical\" href=\"https:\/\/www.hsymachinery.com\/pt\/product\/compactador-de-calcario-ch-c110\/\" \/>\n<meta property=\"og:locale\" content=\"pt_PT\" \/>\n<meta property=\"og:type\" content=\"article\" \/>\n<meta property=\"og:title\" content=\"Tamping Rammer CH-C110 - HSY Construction Machinery\" \/>\n<meta property=\"og:description\" content=\"CH-C110 Diesel Tamping Rammer offers powerful soil compaction with fuel efficiency. Ideal for roadwork, trench backfilling, and off-grid construction work.\" \/>\n<meta property=\"og:url\" content=\"https:\/\/www.hsymachinery.com\/pt\/product\/compactador-de-calcario-ch-c110\/\" \/>\n<meta property=\"og:site_name\" content=\"HSY Construction Machinery\" \/>\n<meta property=\"article:modified_time\" content=\"2025-06-28T07:39:22+00:00\" \/>\n<meta property=\"og:image\" content=\"https:\/\/www.hsymachinery.com\/wp-content\/uploads\/2025\/06\/Tamping-Rammer-CH-C110.jpg\" \/>\n\t<meta property=\"og:image:width\" content=\"800\" \/>\n\t<meta property=\"og:image:height\" content=\"800\" \/>\n\t<meta property=\"og:image:type\" content=\"image\/jpeg\" \/>\n<meta name=\"twitter:card\" content=\"summary_large_image\" \/>\n<meta name=\"twitter:label1\" content=\"Tempo estimado de leitura\" \/>\n\t<meta name=\"twitter:data1\" content=\"2 minutos\" \/>\n<script type=\"application\/ld+json\" class=\"yoast-schema-graph\">{\"@context\":\"https:\/\/schema.org\",\"@graph\":[{\"@type\":\"WebPage\",\"@id\":\"https:\/\/www.hsymachinery.com\/product\/tamping-rammer-ch-c110\/\",\"url\":\"https:\/\/www.hsymachinery.com\/product\/tamping-rammer-ch-c110\/\",\"name\":\"Tamping Rammer CH-C110 - HSY Construction Machinery\",\"isPartOf\":{\"@id\":\"https:\/\/www.hsymachinery.com\/#website\"},\"primaryImageOfPage\":{\"@id\":\"https:\/\/www.hsymachinery.com\/product\/tamping-rammer-ch-c110\/#primaryimage\"},\"image\":{\"@id\":\"https:\/\/www.hsymachinery.com\/product\/tamping-rammer-ch-c110\/#primaryimage\"},\"thumbnailUrl\":\"https:\/\/www.hsymachinery.com\/wp-content\/uploads\/2025\/06\/Tamping-Rammer-CH-C110.jpg\",\"datePublished\":\"2025-06-18T08:29:44+00:00\",\"dateModified\":\"2025-06-28T07:39:22+00:00\",\"description\":\"CH-C110 Diesel Tamping Rammer offers powerful soil compaction with fuel efficiency. Ideal for roadwork, trench backfilling, and off-grid construction work.\",\"breadcrumb\":{\"@id\":\"https:\/\/www.hsymachinery.com\/product\/tamping-rammer-ch-c110\/#breadcrumb\"},\"inLanguage\":\"pt-PT\",\"potentialAction\":[{\"@type\":\"ReadAction\",\"target\":[\"https:\/\/www.hsymachinery.com\/product\/tamping-rammer-ch-c110\/\"]}]},{\"@type\":\"ImageObject\",\"inLanguage\":\"pt-PT\",\"@id\":\"https:\/\/www.hsymachinery.com\/product\/tamping-rammer-ch-c110\/#primaryimage\",\"url\":\"https:\/\/www.hsymachinery.com\/wp-content\/uploads\/2025\/06\/Tamping-Rammer-CH-C110.jpg\",\"contentUrl\":\"https:\/\/www.hsymachinery.com\/wp-content\/uploads\/2025\/06\/Tamping-Rammer-CH-C110.jpg\",\"width\":800,\"height\":800},{\"@type\":\"BreadcrumbList\",\"@id\":\"https:\/\/www.hsymachinery.com\/product\/tamping-rammer-ch-c110\/#breadcrumb\",\"itemListElement\":[{\"@type\":\"ListItem\",\"position\":1,\"name\":\"home\",\"item\":\"https:\/\/www.hsymachinery.com\/\"},{\"@type\":\"ListItem\",\"position\":2,\"name\":\"products\",\"item\":\"https:\/\/www.hsymachinery.com\/products\/\"},{\"@type\":\"ListItem\",\"position\":3,\"name\":\"Tamping Rammer CH-C110\"}]},{\"@type\":\"WebSite\",\"@id\":\"https:\/\/www.hsymachinery.com\/#website\",\"url\":\"https:\/\/www.hsymachinery.com\/\",\"name\":\"HSY Construction Machinery\",\"description\":\"HSY Machinery \u2013 A leading China construction machinery supplier, offering a wide range of light construction equipment. Our main products include Rebar Cutting Machine, Rebar Bending Machine, Rebar Stirrup Bending Machine, Rebar Arc Bending Machine, Rebar Straightening Machine, Five-Head Rebar Stirrup Bending Machine, Tamping Rammer, Plate Compactor, Concrete Cutter, Power Trowel, and other construction machinery. We are equipped with advanced CNC machines, and we enforce strict quality inspection standards along with comprehensive after-sales service. If you are interested in our products or services, we warmly welcome your inquiries via message.\",\"publisher\":{\"@id\":\"https:\/\/www.hsymachinery.com\/#organization\"},\"potentialAction\":[{\"@type\":\"SearchAction\",\"target\":{\"@type\":\"EntryPoint\",\"urlTemplate\":\"https:\/\/www.hsymachinery.com\/?s={search_term_string}\"},\"query-input\":{\"@type\":\"PropertyValueSpecification\",\"valueRequired\":true,\"valueName\":\"search_term_string\"}}],\"inLanguage\":\"pt-PT\"},{\"@type\":\"Organization\",\"@id\":\"https:\/\/www.hsymachinery.com\/#organization\",\"name\":\"HSY Construction Machinery\",\"url\":\"https:\/\/www.hsymachinery.com\/\",\"logo\":{\"@type\":\"ImageObject\",\"inLanguage\":\"pt-PT\",\"@id\":\"https:\/\/www.hsymachinery.com\/#\/schema\/logo\/image\/\",\"url\":\"https:\/\/www.hsymachinery.com\/wp-content\/uploads\/2025\/06\/cropped-HSY-machinery.png\",\"contentUrl\":\"https:\/\/www.hsymachinery.com\/wp-content\/uploads\/2025\/06\/cropped-HSY-machinery.png\",\"width\":600,\"height\":240,\"caption\":\"HSY Construction Machinery\"},\"image\":{\"@id\":\"https:\/\/www.hsymachinery.com\/#\/schema\/logo\/image\/\"}}]}<\/script>\n<!-- \/ Yoast SEO plugin. -->","yoast_head_json":{"title":"Compactador de calc\u00e1rio CH-C110 - HSY Construction Machinery","description":"O compactador a diesel CH-C110 oferece uma poderosa compacta\u00e7\u00e3o do solo com efici\u00eancia de combust\u00edvel. Ideal para trabalhos em estradas, preenchimento de valas e trabalhos de constru\u00e7\u00e3o fora da rede.","robots":{"index":"index","follow":"follow","max-snippet":"max-snippet:-1","max-image-preview":"max-image-preview:large","max-video-preview":"max-video-preview:-1"},"canonical":"https:\/\/www.hsymachinery.com\/pt\/product\/compactador-de-calcario-ch-c110\/","og_locale":"pt_PT","og_type":"article","og_title":"Tamping Rammer CH-C110 - HSY Construction Machinery","og_description":"CH-C110 Diesel Tamping Rammer offers powerful soil compaction with fuel efficiency. Ideal for roadwork, trench backfilling, and off-grid construction work.","og_url":"https:\/\/www.hsymachinery.com\/pt\/product\/compactador-de-calcario-ch-c110\/","og_site_name":"HSY Construction Machinery","article_modified_time":"2025-06-28T07:39:22+00:00","og_image":[{"width":800,"height":800,"url":"https:\/\/www.hsymachinery.com\/wp-content\/uploads\/2025\/06\/Tamping-Rammer-CH-C110.jpg","type":"image\/jpeg"}],"twitter_card":"summary_large_image","twitter_misc":{"Tempo estimado de leitura":"2 minutos"},"schema":{"@context":"https:\/\/schema.org","@graph":[{"@type":"WebPage","@id":"https:\/\/www.hsymachinery.com\/product\/tamping-rammer-ch-c110\/","url":"https:\/\/www.hsymachinery.com\/product\/tamping-rammer-ch-c110\/","name":"Compactador de calc\u00e1rio CH-C110 - HSY Construction Machinery","isPartOf":{"@id":"https:\/\/www.hsymachinery.com\/#website"},"primaryImageOfPage":{"@id":"https:\/\/www.hsymachinery.com\/product\/tamping-rammer-ch-c110\/#primaryimage"},"image":{"@id":"https:\/\/www.hsymachinery.com\/product\/tamping-rammer-ch-c110\/#primaryimage"},"thumbnailUrl":"https:\/\/www.hsymachinery.com\/wp-content\/uploads\/2025\/06\/Tamping-Rammer-CH-C110.jpg","datePublished":"2025-06-18T08:29:44+00:00","dateModified":"2025-06-28T07:39:22+00:00","description":"O compactador a diesel CH-C110 oferece uma poderosa compacta\u00e7\u00e3o do solo com efici\u00eancia de combust\u00edvel. Ideal para trabalhos em estradas, preenchimento de valas e trabalhos de constru\u00e7\u00e3o fora da rede.","breadcrumb":{"@id":"https:\/\/www.hsymachinery.com\/product\/tamping-rammer-ch-c110\/#breadcrumb"},"inLanguage":"pt-PT","potentialAction":[{"@type":"ReadAction","target":["https:\/\/www.hsymachinery.com\/product\/tamping-rammer-ch-c110\/"]}]},{"@type":"ImageObject","inLanguage":"pt-PT","@id":"https:\/\/www.hsymachinery.com\/product\/tamping-rammer-ch-c110\/#primaryimage","url":"https:\/\/www.hsymachinery.com\/wp-content\/uploads\/2025\/06\/Tamping-Rammer-CH-C110.jpg","contentUrl":"https:\/\/www.hsymachinery.com\/wp-content\/uploads\/2025\/06\/Tamping-Rammer-CH-C110.jpg","width":800,"height":800},{"@type":"BreadcrumbList","@id":"https:\/\/www.hsymachinery.com\/product\/tamping-rammer-ch-c110\/#breadcrumb","itemListElement":[{"@type":"ListItem","position":1,"name":"home","item":"https:\/\/www.hsymachinery.com\/"},{"@type":"ListItem","position":2,"name":"products","item":"https:\/\/www.hsymachinery.com\/products\/"},{"@type":"ListItem","position":3,"name":"Tamping Rammer CH-C110"}]},{"@type":"WebSite","@id":"https:\/\/www.hsymachinery.com\/#website","url":"https:\/\/www.hsymachinery.com\/","name":"M\u00e1quinas de constru\u00e7\u00e3o HSY","description":"HSY Machinery - Um fornecedor l\u00edder de m\u00e1quinas de constru\u00e7\u00e3o na China, oferecendo uma ampla gama de equipamentos de constru\u00e7\u00e3o leve. Nossos principais produtos incluem m\u00e1quina de corte de vergalh\u00e3o, m\u00e1quina dobradeira de vergalh\u00e3o, m\u00e1quina dobradeira de estribo de vergalh\u00e3o, m\u00e1quina dobradeira de arco de vergalh\u00e3o, m\u00e1quina de endireitar vergalh\u00e3o, m\u00e1quina dobradeira de estribo de vergalh\u00e3o de cinco cabe\u00e7as, compactador de placa, cortador de concreto, esp\u00e1tula el\u00e9trica e outras m\u00e1quinas de constru\u00e7\u00e3o. Estamos equipados com m\u00e1quinas CNC avan\u00e7adas, e n\u00f3s aplicamos rigorosas normas de inspe\u00e7\u00e3o de qualidade, juntamente com o servi\u00e7o p\u00f3s-venda abrangente. Se voc\u00ea est\u00e1 interessado em nossos produtos ou servi\u00e7os, congratulamo-nos com as suas perguntas atrav\u00e9s de mensagem.","publisher":{"@id":"https:\/\/www.hsymachinery.com\/#organization"},"potentialAction":[{"@type":"SearchAction","target":{"@type":"EntryPoint","urlTemplate":"https:\/\/www.hsymachinery.com\/?s={search_term_string}"},"query-input":{"@type":"PropertyValueSpecification","valueRequired":true,"valueName":"search_term_string"}}],"inLanguage":"pt-PT"},{"@type":"Organization","@id":"https:\/\/www.hsymachinery.com\/#organization","name":"M\u00e1quinas de constru\u00e7\u00e3o HSY","url":"https:\/\/www.hsymachinery.com\/","logo":{"@type":"ImageObject","inLanguage":"pt-PT","@id":"https:\/\/www.hsymachinery.com\/#\/schema\/logo\/image\/","url":"https:\/\/www.hsymachinery.com\/wp-content\/uploads\/2025\/06\/cropped-HSY-machinery.png","contentUrl":"https:\/\/www.hsymachinery.com\/wp-content\/uploads\/2025\/06\/cropped-HSY-machinery.png","width":600,"height":240,"caption":"HSY Construction Machinery"},"image":{"@id":"https:\/\/www.hsymachinery.com\/#\/schema\/logo\/image\/"}}]}},"_links":{"self":[{"href":"https:\/\/www.hsymachinery.com\/pt\/wp-json\/wp\/v2\/product\/9085","targetHints":{"allow":["GET"]}}],"collection":[{"href":"https:\/\/www.hsymachinery.com\/pt\/wp-json\/wp\/v2\/product"}],"about":[{"href":"https:\/\/www.hsymachinery.com\/pt\/wp-json\/wp\/v2\/types\/product"}],"version-history":[{"count":3,"href":"https:\/\/www.hsymachinery.com\/pt\/wp-json\/wp\/v2\/product\/9085\/revisions"}],"predecessor-version":[{"id":9509,"href":"https:\/\/www.hsymachinery.com\/pt\/wp-json\/wp\/v2\/product\/9085\/revisions\/9509"}],"wp:featuredmedia":[{"embeddable":true,"href":"https:\/\/www.hsymachinery.com\/pt\/wp-json\/wp\/v2\/media\/9086"}],"wp:attachment":[{"href":"https:\/\/www.hsymachinery.com\/pt\/wp-json\/wp\/v2\/media?parent=9085"}],"wp:term":[{"taxonomy":"product_brand","embeddable":true,"href":"https:\/\/www.hsymachinery.com\/pt\/wp-json\/wp\/v2\/product_brand?post=9085"},{"taxonomy":"product_cat","embeddable":true,"href":"https:\/\/www.hsymachinery.com\/pt\/wp-json\/wp\/v2\/product_cat?post=9085"},{"taxonomy":"product_tag","embeddable":true,"href":"https:\/\/www.hsymachinery.com\/pt\/wp-json\/wp\/v2\/product_tag?post=9085"}],"curies":[{"name":"wp","href":"https:\/\/api.w.org\/{rel}","templated":true}]}}