{"id":9067,"date":"2025-06-18T16:20:26","date_gmt":"2025-06-18T08:20:26","guid":{"rendered":"https:\/\/www.hsymachinery.com\/?post_type=product&#038;p=9067"},"modified":"2025-06-28T15:09:28","modified_gmt":"2025-06-28T07:09:28","slug":"compactador-de-calcario-ch-d125","status":"publish","type":"product","link":"https:\/\/www.hsymachinery.com\/pt\/product\/compactador-de-calcario-ch-d125\/","title":{"rendered":"Compactador de calc\u00e1rio CH-D125"},"content":{"rendered":"<h2 data-start=\"112\" data-end=\"142\">Compactador de calc\u00e1rio CH-D125<\/h2>\n<h3 data-start=\"143\" data-end=\"257\">CH-D125 compactador el\u00e9trico para servi\u00e7o pesado Compacta\u00e7\u00e3o de alto impacto e sem emiss\u00f5es para funda\u00e7\u00f5es e estradas<\/h3>\n<h3 data-start=\"264\" data-end=\"350\">Descri\u00e7\u00e3o geral do produto - Pot\u00eancia m\u00e1xima com precis\u00e3o el\u00e9ctrica para locais de trabalho exigentes<a href=\"https:\/\/www.hsymachinery.com\/pt\/produtos\/compactador-de-calcario\/\" target=\"_blank\" rel=\"noopener\"><img fetchpriority=\"high\" decoding=\"async\" class=\"wp-image-9068 alignright\" src=\"https:\/\/www.hsymachinery.com\/wp-content\/uploads\/2025\/06\/Tamping-Rammer-CH-D125-300x300.jpg\" alt=\"\" width=\"473\" height=\"473\" srcset=\"https:\/\/www.hsymachinery.com\/wp-content\/uploads\/2025\/06\/Tamping-Rammer-CH-D125-300x300.jpg 300w, https:\/\/www.hsymachinery.com\/wp-content\/uploads\/2025\/06\/Tamping-Rammer-CH-D125-150x150.jpg 150w, https:\/\/www.hsymachinery.com\/wp-content\/uploads\/2025\/06\/Tamping-Rammer-CH-D125-768x768.jpg 768w, https:\/\/www.hsymachinery.com\/wp-content\/uploads\/2025\/06\/Tamping-Rammer-CH-D125-600x600.jpg 600w, https:\/\/www.hsymachinery.com\/wp-content\/uploads\/2025\/06\/Tamping-Rammer-CH-D125-100x100.jpg 100w, https:\/\/www.hsymachinery.com\/wp-content\/uploads\/2025\/06\/Tamping-Rammer-CH-D125.jpg 800w\" sizes=\"(max-width: 473px) 100vw, 473px\" \/><\/a><\/h3>\n<p data-start=\"352\" data-end=\"760\">O <strong data-start=\"356\" data-end=\"391\">CH-D125 Compactador el\u00e9trico de calc\u00e1rio<\/strong> \u00e9 o modelo mais robusto da nossa s\u00e9rie el\u00e9ctrica, concebido especificamente para aplica\u00e7\u00f5es de elevada compacta\u00e7\u00e3o, como repara\u00e7\u00e3o de estradas, abertura de valas em argila dura e estabiliza\u00e7\u00e3o de funda\u00e7\u00f5es. Alimentado por um motor el\u00e9trico de alto desempenho, proporciona uma for\u00e7a de compacta\u00e7\u00e3o consistente com zero emiss\u00f5es, tornando-o ideal para utiliza\u00e7\u00e3o em locais interiores ou sens\u00edveis ao ambiente.<\/p>\n<p data-start=\"762\" data-end=\"891\">Este modelo \u00e9 a solu\u00e7\u00e3o ideal para os empreiteiros que necessitam de uma compacta\u00e7\u00e3o potente sem as desvantagens dos motores a gasolina ou a gas\u00f3leo.<\/p>\n<h3 data-start=\"898\" data-end=\"939\">Constru\u00eddo para cargas elevadas, baixo tempo de inatividade<\/h3>\n<p data-start=\"941\" data-end=\"1234\">Com o seu mecanismo de mola melhorado, sapata de tamper mais espessa e estrutura de a\u00e7o est\u00e1vel, o CH-D125 compacta eficazmente materiais duros como argila, areia e gravilha britada. O sistema de acionamento el\u00e9trico assegura um baixo custo operacional, eliminando o manuseamento de combust\u00edvel e a manuten\u00e7\u00e3o do motor.<\/p>\n<p data-start=\"1236\" data-end=\"1382\">Inclui tamb\u00e9m isolamento de vibra\u00e7\u00f5es em v\u00e1rias camadas, tornando-o confort\u00e1vel para longas horas de trabalho e reduzindo a tens\u00e3o nos componentes mec\u00e2nicos.<\/p>\n<h3 data-start=\"1389\" data-end=\"1452\">Energia limpa para infra-estruturas urbanas e projectos de interior<\/h3>\n<p data-start=\"1454\" data-end=\"1721\">Gra\u00e7as ao seu funcionamento sem fumos e ao seu motor silencioso, a CH-D125 \u00e9 ideal para actualiza\u00e7\u00f5es de infra-estruturas urbanas, manuten\u00e7\u00e3o municipal e constru\u00e7\u00e3o subterr\u00e2nea. O chassis compacto mas refor\u00e7ado permite o acesso a espa\u00e7os apertados sem sacrificar a pot\u00eancia.<\/p>\n<p data-start=\"1723\" data-end=\"1852\">Quer esteja a compactar o solo no interior de um edif\u00edcio ou ao longo de uma estrada estreita, este compactador el\u00e9trico \u00e9 o seu companheiro silencioso e limpo.<\/p>\n<h3 data-start=\"1859\" data-end=\"1912\">Principais carater\u00edsticas do compactador el\u00e9trico CH-D125<\/h3>\n<ul data-start=\"1914\" data-end=\"2212\">\n<li data-start=\"1914\" data-end=\"1988\">\n<p data-start=\"1916\" data-end=\"1988\">Concebida para tarefas de compacta\u00e7\u00e3o pesadas em ambientes de espa\u00e7o limitado<\/p>\n<\/li>\n<li data-start=\"1989\" data-end=\"2045\">\n<p data-start=\"1991\" data-end=\"2045\">O motor el\u00e9trico garante um desempenho limpo e consistente<\/p>\n<\/li>\n<li data-start=\"2046\" data-end=\"2104\">\n<p data-start=\"2048\" data-end=\"2104\">Maior for\u00e7a de compacta\u00e7\u00e3o do que os compactadores el\u00e9ctricos normais<\/p>\n<\/li>\n<li data-start=\"2105\" data-end=\"2151\">\n<p data-start=\"2107\" data-end=\"2151\">Zero emiss\u00f5es de gases de escape e funcionamento silencioso<\/p>\n<\/li>\n<li data-start=\"2152\" data-end=\"2212\">\n<p data-start=\"2154\" data-end=\"2212\">Ideal para aplica\u00e7\u00f5es de infra-estruturas interiores e exteriores<\/p>\n<\/li>\n<\/ul>\n<p><iframe title=\"compactador,compactador de impacto,tamper,compactador de placa,vibra\u00e7\u00e3o de constru\u00e7\u00e3o,m\u00e1quina de compactar.#amping\" width=\"720\" height=\"540\" src=\"https:\/\/www.youtube.com\/embed\/j8Nod6Mcz9w?feature=oembed\" frameborder=\"0\" allow=\"accelerometer; autoplay; clipboard-write; encrypted-media; gyroscope; picture-in-picture; web-share\" referrerpolicy=\"strict-origin-when-cross-origin\" allowfullscreen><\/iframe><\/p>","protected":false},"excerpt":{"rendered":"<p>O compactador el\u00e9trico CH-D125 proporciona uma compacta\u00e7\u00e3o de alto impacto sem emiss\u00f5es. Perfeito para repara\u00e7\u00e3o de estradas, compacta\u00e7\u00e3o de valas e zonas de constru\u00e7\u00e3o interiores.<\/p>","protected":false},"featured_media":9068,"template":"","meta":{"_kad_post_transparent":"default","_kad_post_title":"","_kad_post_layout":"default","_kad_post_sidebar_id":"","_kad_post_content_style":"default","_kad_post_vertical_padding":"default","_kad_post_feature":"","_kad_post_feature_position":"","_kad_post_header":false,"_kad_post_footer":false},"product_brand":[],"product_cat":[83],"product_tag":[1060,1057,1058,1059,1051,1052,1056,1053,1055,1054],"class_list":{"0":"post-9067","1":"product","2":"type-product","3":"status-publish","4":"has-post-thumbnail","6":"product_cat-tamping-rammer","7":"product_tag-backfill-compactor-machine","8":"product_tag-diesel-tamping-rammer","9":"product_tag-earth-tamping-machine","10":"product_tag-handheld-tamping-rammer","11":"product_tag-impact-rammer","12":"product_tag-jumping-jack-compactor","13":"product_tag-petrol-tamping-rammer","14":"product_tag-plate-tamping-rammer","15":"product_tag-soil-compaction-rammer","16":"product_tag-vibratory-tamping-rammer","18":"first","19":"instock","20":"shipping-taxable","21":"product-type-simple","22":"entry","23":"content-bg","24":"loop-entry"},"yoast_head":"<!-- This site is optimized with the Yoast SEO plugin v25.3.1 - https:\/\/yoast.com\/wordpress\/plugins\/seo\/ -->\n<title>Tamping Rammer CH-D125 - HSY Construction Machinery<\/title>\n<meta name=\"description\" content=\"CH-D125 Electric Tamping Rammer offers powerful, emission-free soil compaction. Ideal for heavy-duty use in foundations, roads, and confined spaces.\" \/>\n<meta name=\"robots\" content=\"index, follow, max-snippet:-1, max-image-preview:large, max-video-preview:-1\" \/>\n<link rel=\"canonical\" href=\"https:\/\/www.hsymachinery.com\/pt\/product\/compactador-de-calcario-ch-d125\/\" \/>\n<meta property=\"og:locale\" content=\"pt_PT\" \/>\n<meta property=\"og:type\" content=\"article\" \/>\n<meta property=\"og:title\" content=\"Tamping Rammer CH-D125 - HSY Construction Machinery\" \/>\n<meta property=\"og:description\" content=\"CH-D125 Electric Tamping Rammer offers powerful, emission-free soil compaction. Ideal for heavy-duty use in foundations, roads, and confined spaces.\" \/>\n<meta property=\"og:url\" content=\"https:\/\/www.hsymachinery.com\/pt\/product\/compactador-de-calcario-ch-d125\/\" \/>\n<meta property=\"og:site_name\" content=\"HSY Construction Machinery\" \/>\n<meta property=\"article:modified_time\" content=\"2025-06-28T07:09:28+00:00\" \/>\n<meta property=\"og:image\" content=\"https:\/\/www.hsymachinery.com\/wp-content\/uploads\/2025\/06\/Tamping-Rammer-CH-D125.jpg\" \/>\n\t<meta property=\"og:image:width\" content=\"800\" \/>\n\t<meta property=\"og:image:height\" content=\"800\" \/>\n\t<meta property=\"og:image:type\" content=\"image\/jpeg\" \/>\n<meta name=\"twitter:card\" content=\"summary_large_image\" \/>\n<meta name=\"twitter:label1\" content=\"Tempo estimado de leitura\" \/>\n\t<meta name=\"twitter:data1\" content=\"2 minutos\" \/>\n<script type=\"application\/ld+json\" class=\"yoast-schema-graph\">{\"@context\":\"https:\/\/schema.org\",\"@graph\":[{\"@type\":\"WebPage\",\"@id\":\"https:\/\/www.hsymachinery.com\/product\/tamping-rammer-ch-d125\/\",\"url\":\"https:\/\/www.hsymachinery.com\/product\/tamping-rammer-ch-d125\/\",\"name\":\"Tamping Rammer CH-D125 - HSY Construction Machinery\",\"isPartOf\":{\"@id\":\"https:\/\/www.hsymachinery.com\/#website\"},\"primaryImageOfPage\":{\"@id\":\"https:\/\/www.hsymachinery.com\/product\/tamping-rammer-ch-d125\/#primaryimage\"},\"image\":{\"@id\":\"https:\/\/www.hsymachinery.com\/product\/tamping-rammer-ch-d125\/#primaryimage\"},\"thumbnailUrl\":\"https:\/\/www.hsymachinery.com\/wp-content\/uploads\/2025\/06\/Tamping-Rammer-CH-D125.jpg\",\"datePublished\":\"2025-06-18T08:20:26+00:00\",\"dateModified\":\"2025-06-28T07:09:28+00:00\",\"description\":\"CH-D125 Electric Tamping Rammer offers powerful, emission-free soil compaction. Ideal for heavy-duty use in foundations, roads, and confined spaces.\",\"breadcrumb\":{\"@id\":\"https:\/\/www.hsymachinery.com\/product\/tamping-rammer-ch-d125\/#breadcrumb\"},\"inLanguage\":\"pt-PT\",\"potentialAction\":[{\"@type\":\"ReadAction\",\"target\":[\"https:\/\/www.hsymachinery.com\/product\/tamping-rammer-ch-d125\/\"]}]},{\"@type\":\"ImageObject\",\"inLanguage\":\"pt-PT\",\"@id\":\"https:\/\/www.hsymachinery.com\/product\/tamping-rammer-ch-d125\/#primaryimage\",\"url\":\"https:\/\/www.hsymachinery.com\/wp-content\/uploads\/2025\/06\/Tamping-Rammer-CH-D125.jpg\",\"contentUrl\":\"https:\/\/www.hsymachinery.com\/wp-content\/uploads\/2025\/06\/Tamping-Rammer-CH-D125.jpg\",\"width\":800,\"height\":800},{\"@type\":\"BreadcrumbList\",\"@id\":\"https:\/\/www.hsymachinery.com\/product\/tamping-rammer-ch-d125\/#breadcrumb\",\"itemListElement\":[{\"@type\":\"ListItem\",\"position\":1,\"name\":\"home\",\"item\":\"https:\/\/www.hsymachinery.com\/\"},{\"@type\":\"ListItem\",\"position\":2,\"name\":\"products\",\"item\":\"https:\/\/www.hsymachinery.com\/products\/\"},{\"@type\":\"ListItem\",\"position\":3,\"name\":\"Tamping Rammer CH-D125\"}]},{\"@type\":\"WebSite\",\"@id\":\"https:\/\/www.hsymachinery.com\/#website\",\"url\":\"https:\/\/www.hsymachinery.com\/\",\"name\":\"HSY Construction Machinery\",\"description\":\"HSY Machinery \u2013 A leading China construction machinery supplier, offering a wide range of light construction equipment. Our main products include Rebar Cutting Machine, Rebar Bending Machine, Rebar Stirrup Bending Machine, Rebar Arc Bending Machine, Rebar Straightening Machine, Five-Head Rebar Stirrup Bending Machine, Tamping Rammer, Plate Compactor, Concrete Cutter, Power Trowel, and other construction machinery. We are equipped with advanced CNC machines, and we enforce strict quality inspection standards along with comprehensive after-sales service. If you are interested in our products or services, we warmly welcome your inquiries via message.\",\"publisher\":{\"@id\":\"https:\/\/www.hsymachinery.com\/#organization\"},\"potentialAction\":[{\"@type\":\"SearchAction\",\"target\":{\"@type\":\"EntryPoint\",\"urlTemplate\":\"https:\/\/www.hsymachinery.com\/?s={search_term_string}\"},\"query-input\":{\"@type\":\"PropertyValueSpecification\",\"valueRequired\":true,\"valueName\":\"search_term_string\"}}],\"inLanguage\":\"pt-PT\"},{\"@type\":\"Organization\",\"@id\":\"https:\/\/www.hsymachinery.com\/#organization\",\"name\":\"HSY Construction Machinery\",\"url\":\"https:\/\/www.hsymachinery.com\/\",\"logo\":{\"@type\":\"ImageObject\",\"inLanguage\":\"pt-PT\",\"@id\":\"https:\/\/www.hsymachinery.com\/#\/schema\/logo\/image\/\",\"url\":\"https:\/\/www.hsymachinery.com\/wp-content\/uploads\/2025\/06\/cropped-HSY-machinery.png\",\"contentUrl\":\"https:\/\/www.hsymachinery.com\/wp-content\/uploads\/2025\/06\/cropped-HSY-machinery.png\",\"width\":600,\"height\":240,\"caption\":\"HSY Construction Machinery\"},\"image\":{\"@id\":\"https:\/\/www.hsymachinery.com\/#\/schema\/logo\/image\/\"}}]}<\/script>\n<!-- \/ Yoast SEO plugin. -->","yoast_head_json":{"title":"Compactador de calc\u00e1rio CH-D125 - HSY Construction Machinery","description":"O compactador el\u00e9trico CH-D125 oferece uma compacta\u00e7\u00e3o do solo potente e sem emiss\u00f5es. Ideal para utiliza\u00e7\u00e3o pesada em funda\u00e7\u00f5es, estradas e espa\u00e7os confinados.","robots":{"index":"index","follow":"follow","max-snippet":"max-snippet:-1","max-image-preview":"max-image-preview:large","max-video-preview":"max-video-preview:-1"},"canonical":"https:\/\/www.hsymachinery.com\/pt\/product\/compactador-de-calcario-ch-d125\/","og_locale":"pt_PT","og_type":"article","og_title":"Tamping Rammer CH-D125 - HSY Construction Machinery","og_description":"CH-D125 Electric Tamping Rammer offers powerful, emission-free soil compaction. Ideal for heavy-duty use in foundations, roads, and confined spaces.","og_url":"https:\/\/www.hsymachinery.com\/pt\/product\/compactador-de-calcario-ch-d125\/","og_site_name":"HSY Construction Machinery","article_modified_time":"2025-06-28T07:09:28+00:00","og_image":[{"width":800,"height":800,"url":"https:\/\/www.hsymachinery.com\/wp-content\/uploads\/2025\/06\/Tamping-Rammer-CH-D125.jpg","type":"image\/jpeg"}],"twitter_card":"summary_large_image","twitter_misc":{"Tempo estimado de leitura":"2 minutos"},"schema":{"@context":"https:\/\/schema.org","@graph":[{"@type":"WebPage","@id":"https:\/\/www.hsymachinery.com\/product\/tamping-rammer-ch-d125\/","url":"https:\/\/www.hsymachinery.com\/product\/tamping-rammer-ch-d125\/","name":"Compactador de calc\u00e1rio CH-D125 - HSY Construction Machinery","isPartOf":{"@id":"https:\/\/www.hsymachinery.com\/#website"},"primaryImageOfPage":{"@id":"https:\/\/www.hsymachinery.com\/product\/tamping-rammer-ch-d125\/#primaryimage"},"image":{"@id":"https:\/\/www.hsymachinery.com\/product\/tamping-rammer-ch-d125\/#primaryimage"},"thumbnailUrl":"https:\/\/www.hsymachinery.com\/wp-content\/uploads\/2025\/06\/Tamping-Rammer-CH-D125.jpg","datePublished":"2025-06-18T08:20:26+00:00","dateModified":"2025-06-28T07:09:28+00:00","description":"O compactador el\u00e9trico CH-D125 oferece uma compacta\u00e7\u00e3o do solo potente e sem emiss\u00f5es. Ideal para utiliza\u00e7\u00e3o pesada em funda\u00e7\u00f5es, estradas e espa\u00e7os confinados.","breadcrumb":{"@id":"https:\/\/www.hsymachinery.com\/product\/tamping-rammer-ch-d125\/#breadcrumb"},"inLanguage":"pt-PT","potentialAction":[{"@type":"ReadAction","target":["https:\/\/www.hsymachinery.com\/product\/tamping-rammer-ch-d125\/"]}]},{"@type":"ImageObject","inLanguage":"pt-PT","@id":"https:\/\/www.hsymachinery.com\/product\/tamping-rammer-ch-d125\/#primaryimage","url":"https:\/\/www.hsymachinery.com\/wp-content\/uploads\/2025\/06\/Tamping-Rammer-CH-D125.jpg","contentUrl":"https:\/\/www.hsymachinery.com\/wp-content\/uploads\/2025\/06\/Tamping-Rammer-CH-D125.jpg","width":800,"height":800},{"@type":"BreadcrumbList","@id":"https:\/\/www.hsymachinery.com\/product\/tamping-rammer-ch-d125\/#breadcrumb","itemListElement":[{"@type":"ListItem","position":1,"name":"home","item":"https:\/\/www.hsymachinery.com\/"},{"@type":"ListItem","position":2,"name":"products","item":"https:\/\/www.hsymachinery.com\/products\/"},{"@type":"ListItem","position":3,"name":"Tamping Rammer CH-D125"}]},{"@type":"WebSite","@id":"https:\/\/www.hsymachinery.com\/#website","url":"https:\/\/www.hsymachinery.com\/","name":"M\u00e1quinas de constru\u00e7\u00e3o HSY","description":"HSY Machinery - Um fornecedor l\u00edder de m\u00e1quinas de constru\u00e7\u00e3o na China, oferecendo uma ampla gama de equipamentos de constru\u00e7\u00e3o leve. Nossos principais produtos incluem m\u00e1quina de corte de vergalh\u00e3o, m\u00e1quina dobradeira de vergalh\u00e3o, m\u00e1quina dobradeira de estribo de vergalh\u00e3o, m\u00e1quina dobradeira de arco de vergalh\u00e3o, m\u00e1quina de endireitar vergalh\u00e3o, m\u00e1quina dobradeira de estribo de vergalh\u00e3o de cinco cabe\u00e7as, compactador de placa, cortador de concreto, esp\u00e1tula el\u00e9trica e outras m\u00e1quinas de constru\u00e7\u00e3o. Estamos equipados com m\u00e1quinas CNC avan\u00e7adas, e n\u00f3s aplicamos rigorosas normas de inspe\u00e7\u00e3o de qualidade, juntamente com o servi\u00e7o p\u00f3s-venda abrangente. Se voc\u00ea est\u00e1 interessado em nossos produtos ou servi\u00e7os, congratulamo-nos com as suas perguntas atrav\u00e9s de mensagem.","publisher":{"@id":"https:\/\/www.hsymachinery.com\/#organization"},"potentialAction":[{"@type":"SearchAction","target":{"@type":"EntryPoint","urlTemplate":"https:\/\/www.hsymachinery.com\/?s={search_term_string}"},"query-input":{"@type":"PropertyValueSpecification","valueRequired":true,"valueName":"search_term_string"}}],"inLanguage":"pt-PT"},{"@type":"Organization","@id":"https:\/\/www.hsymachinery.com\/#organization","name":"M\u00e1quinas de constru\u00e7\u00e3o HSY","url":"https:\/\/www.hsymachinery.com\/","logo":{"@type":"ImageObject","inLanguage":"pt-PT","@id":"https:\/\/www.hsymachinery.com\/#\/schema\/logo\/image\/","url":"https:\/\/www.hsymachinery.com\/wp-content\/uploads\/2025\/06\/cropped-HSY-machinery.png","contentUrl":"https:\/\/www.hsymachinery.com\/wp-content\/uploads\/2025\/06\/cropped-HSY-machinery.png","width":600,"height":240,"caption":"HSY Construction Machinery"},"image":{"@id":"https:\/\/www.hsymachinery.com\/#\/schema\/logo\/image\/"}}]}},"_links":{"self":[{"href":"https:\/\/www.hsymachinery.com\/pt\/wp-json\/wp\/v2\/product\/9067","targetHints":{"allow":["GET"]}}],"collection":[{"href":"https:\/\/www.hsymachinery.com\/pt\/wp-json\/wp\/v2\/product"}],"about":[{"href":"https:\/\/www.hsymachinery.com\/pt\/wp-json\/wp\/v2\/types\/product"}],"version-history":[{"count":3,"href":"https:\/\/www.hsymachinery.com\/pt\/wp-json\/wp\/v2\/product\/9067\/revisions"}],"predecessor-version":[{"id":9495,"href":"https:\/\/www.hsymachinery.com\/pt\/wp-json\/wp\/v2\/product\/9067\/revisions\/9495"}],"wp:featuredmedia":[{"embeddable":true,"href":"https:\/\/www.hsymachinery.com\/pt\/wp-json\/wp\/v2\/media\/9068"}],"wp:attachment":[{"href":"https:\/\/www.hsymachinery.com\/pt\/wp-json\/wp\/v2\/media?parent=9067"}],"wp:term":[{"taxonomy":"product_brand","embeddable":true,"href":"https:\/\/www.hsymachinery.com\/pt\/wp-json\/wp\/v2\/product_brand?post=9067"},{"taxonomy":"product_cat","embeddable":true,"href":"https:\/\/www.hsymachinery.com\/pt\/wp-json\/wp\/v2\/product_cat?post=9067"},{"taxonomy":"product_tag","embeddable":true,"href":"https:\/\/www.hsymachinery.com\/pt\/wp-json\/wp\/v2\/product_tag?post=9067"}],"curies":[{"name":"wp","href":"https:\/\/api.w.org\/{rel}","templated":true}]}}