{"id":9058,"date":"2025-06-18T16:14:34","date_gmt":"2025-06-18T08:14:34","guid":{"rendered":"https:\/\/www.hsymachinery.com\/?post_type=product&#038;p=9058"},"modified":"2025-06-28T14:59:29","modified_gmt":"2025-06-28T06:59:29","slug":"compactador-de-calcario-ch-d100","status":"publish","type":"product","link":"https:\/\/www.hsymachinery.com\/pt\/product\/compactador-de-calcario-ch-d100\/","title":{"rendered":"Compactador de calc\u00e1rio CH-D100"},"content":{"rendered":"<h2 data-start=\"112\" data-end=\"142\">Compactador de calc\u00e1rio CH-D100<\/h2>\n<h3 data-start=\"143\" data-end=\"244\">Compactador com motor el\u00e9trico CH-D100 Equipamento de compacta\u00e7\u00e3o de alta efici\u00eancia para solo e asfalto<\/h3>\n<h3 data-start=\"251\" data-end=\"332\">Vis\u00e3o geral do produto - Energia el\u00e9ctrica eficiente para uma compacta\u00e7\u00e3o fi\u00e1vel do solo<a href=\"https:\/\/www.hsymachinery.com\/pt\/produtos\/compactador-de-calcario\/\" target=\"_blank\" rel=\"noopener\"><img fetchpriority=\"high\" decoding=\"async\" class=\"wp-image-9060 alignright\" src=\"https:\/\/www.hsymachinery.com\/wp-content\/uploads\/2025\/06\/Tamping-Rammer-CH-D100-1-300x300.jpg\" alt=\"\" width=\"499\" height=\"499\" srcset=\"https:\/\/www.hsymachinery.com\/wp-content\/uploads\/2025\/06\/Tamping-Rammer-CH-D100-1-300x300.jpg 300w, https:\/\/www.hsymachinery.com\/wp-content\/uploads\/2025\/06\/Tamping-Rammer-CH-D100-1-150x150.jpg 150w, https:\/\/www.hsymachinery.com\/wp-content\/uploads\/2025\/06\/Tamping-Rammer-CH-D100-1-768x768.jpg 768w, https:\/\/www.hsymachinery.com\/wp-content\/uploads\/2025\/06\/Tamping-Rammer-CH-D100-1-600x600.jpg 600w, https:\/\/www.hsymachinery.com\/wp-content\/uploads\/2025\/06\/Tamping-Rammer-CH-D100-1-100x100.jpg 100w, https:\/\/www.hsymachinery.com\/wp-content\/uploads\/2025\/06\/Tamping-Rammer-CH-D100-1.jpg 800w\" sizes=\"(max-width: 499px) 100vw, 499px\" \/><\/a><\/h3>\n<p data-start=\"334\" data-end=\"689\">O <strong data-start=\"338\" data-end=\"373\">Compactador el\u00e9trico de calc\u00e1rio CH-D100<\/strong> \u00e9 uma m\u00e1quina de compacta\u00e7\u00e3o potente e amiga do ambiente, concebida para lidar com uma vasta gama de trabalhos em solos e asfalto. Acionada por um motor el\u00e9trico de elevado bin\u00e1rio, proporciona uma for\u00e7a de compacta\u00e7\u00e3o consistente com ru\u00eddo reduzido e zero emiss\u00f5es - perfeita para ambientes fechados e projectos urbanos com restri\u00e7\u00f5es de ru\u00eddo ou de escape.<\/p>\n<p data-start=\"691\" data-end=\"894\">Ideal para compactar solos coesivos, aterros de valas, po\u00e7os de funda\u00e7\u00e3o e repara\u00e7\u00f5es de estradas, o CH-D100 oferece um equil\u00edbrio entre desempenho, fiabilidade e efici\u00eancia energ\u00e9tica para profissionais da constru\u00e7\u00e3o.<\/p>\n<h3 data-start=\"901\" data-end=\"960\">Funcionamento suave, constru\u00e7\u00e3o dur\u00e1vel e baixa manuten\u00e7\u00e3o<\/h3>\n<p data-start=\"962\" data-end=\"1304\">Ao contr\u00e1rio dos compactadores a gasolina ou a gas\u00f3leo, o CH-D100 n\u00e3o necessita de reabastecimento de combust\u00edvel, minimizando os custos de funcionamento e os riscos de inc\u00eandio. O seu motor el\u00e9trico arranca instantaneamente, garantindo um funcionamento fi\u00e1vel em todas as condi\u00e7\u00f5es meteorol\u00f3gicas. A m\u00e1quina possui um sistema de molas para trabalhos pesados que maximiza a for\u00e7a de impacto e absorve as vibra\u00e7\u00f5es para proteger o operador.<\/p>\n<p data-start=\"1306\" data-end=\"1451\">Com um robusto suporte de choque de quatro pontos, placa de sapata refor\u00e7ada e corpo compacto, o CH-D100 tem um bom desempenho mesmo em \u00e1reas de trabalho apertadas.<\/p>\n<h3 data-start=\"1458\" data-end=\"1508\">Ideal para utiliza\u00e7\u00e3o em interiores e em constru\u00e7\u00f5es urbanas<\/h3>\n<p data-start=\"1510\" data-end=\"1780\">O CH-D100 destaca-se pela sua compatibilidade ambiental. N\u00e3o produz emiss\u00f5es de escape e funciona a um n\u00edvel de decib\u00e9is mais baixo, o que o torna perfeito para a constru\u00e7\u00e3o subterr\u00e2nea, trabalhos em t\u00faneis e estaleiros interiores onde a qualidade do ar e o ru\u00eddo s\u00e3o importantes.<\/p>\n<p data-start=\"1782\" data-end=\"1936\">Gra\u00e7as \u00e0 sua estrutura simples e aos baixos requisitos de manuten\u00e7\u00e3o, este compactador el\u00e9trico \u00e9 um investimento duradouro para os empreiteiros modernos.<\/p>\n<h3 data-start=\"1943\" data-end=\"1996\">Principais carater\u00edsticas do compactador el\u00e9trico CH-D100<\/h3>\n<ul data-start=\"1998\" data-end=\"2300\">\n<li data-start=\"1998\" data-end=\"2068\">\n<p data-start=\"2000\" data-end=\"2068\">Equipado com um motor el\u00e9trico duradouro, ideal para utiliza\u00e7\u00e3o em interiores\/urbanos<\/p>\n<\/li>\n<li data-start=\"2069\" data-end=\"2131\">\n<p data-start=\"2071\" data-end=\"2131\">Proporciona uma forte for\u00e7a de compacta\u00e7\u00e3o sem combust\u00edvel ou emiss\u00f5es<\/p>\n<\/li>\n<li data-start=\"2132\" data-end=\"2182\">\n<p data-start=\"2134\" data-end=\"2182\">Funcionamento de arranque r\u00e1pido com manuten\u00e7\u00e3o m\u00ednima<\/p>\n<\/li>\n<li data-start=\"2183\" data-end=\"2241\">\n<p data-start=\"2185\" data-end=\"2241\">Placa de prote\u00e7\u00e3o refor\u00e7ada e suporte anti-vibra\u00e7\u00e3o<\/p>\n<\/li>\n<li data-start=\"2242\" data-end=\"2300\">\n<p data-start=\"2244\" data-end=\"2300\">Adequado para valas, funda\u00e7\u00f5es e \u00e1reas confinadas<\/p>\n<\/li>\n<\/ul>\n<p><iframe title=\"compactador,compactador de impacto,tamper,compactador de placa,vibra\u00e7\u00e3o de constru\u00e7\u00e3o,m\u00e1quina de compactar.#amping\" width=\"720\" height=\"540\" src=\"https:\/\/www.youtube.com\/embed\/j8Nod6Mcz9w?feature=oembed\" frameborder=\"0\" allow=\"accelerometer; autoplay; clipboard-write; encrypted-media; gyroscope; picture-in-picture; web-share\" referrerpolicy=\"strict-origin-when-cross-origin\" allowfullscreen><\/iframe><\/p>","protected":false},"excerpt":{"rendered":"<p>O compactador el\u00e9trico CH-D100 oferece compacta\u00e7\u00e3o do solo sem combust\u00edvel e sem emiss\u00f5es para valas, funda\u00e7\u00f5es e locais de trabalho urbanos. Silencioso, limpo e constru\u00eddo para uma utiliza\u00e7\u00e3o a longo prazo.<\/p>","protected":false},"featured_media":9060,"template":"","meta":{"_kad_post_transparent":"default","_kad_post_title":"","_kad_post_layout":"default","_kad_post_sidebar_id":"","_kad_post_content_style":"default","_kad_post_vertical_padding":"default","_kad_post_feature":"","_kad_post_feature_position":"","_kad_post_header":false,"_kad_post_footer":false},"product_brand":[],"product_cat":[83],"product_tag":[1060,1057,1058,1059,1051,1052,1056,1053,1055,1054],"class_list":{"0":"post-9058","1":"product","2":"type-product","3":"status-publish","4":"has-post-thumbnail","6":"product_cat-tamping-rammer","7":"product_tag-backfill-compactor-machine","8":"product_tag-diesel-tamping-rammer","9":"product_tag-earth-tamping-machine","10":"product_tag-handheld-tamping-rammer","11":"product_tag-impact-rammer","12":"product_tag-jumping-jack-compactor","13":"product_tag-petrol-tamping-rammer","14":"product_tag-plate-tamping-rammer","15":"product_tag-soil-compaction-rammer","16":"product_tag-vibratory-tamping-rammer","18":"first","19":"instock","20":"shipping-taxable","21":"product-type-simple","22":"entry","23":"content-bg","24":"loop-entry"},"yoast_head":"<!-- This site is optimized with the Yoast SEO plugin v25.3.1 - https:\/\/yoast.com\/wordpress\/plugins\/seo\/ -->\n<title>Tamping Rammer CH-D100 - HSY Construction Machinery<\/title>\n<meta name=\"description\" content=\"CH-D100 Electric Tamping Rammer delivers clean, fuel-free soil compaction. Ideal for indoor, trench, and foundation work. Durable, quiet, and easy to maintain.\" \/>\n<meta name=\"robots\" content=\"index, follow, max-snippet:-1, max-image-preview:large, max-video-preview:-1\" \/>\n<link rel=\"canonical\" href=\"https:\/\/www.hsymachinery.com\/pt\/product\/compactador-de-calcario-ch-d100\/\" \/>\n<meta property=\"og:locale\" content=\"pt_PT\" \/>\n<meta property=\"og:type\" content=\"article\" \/>\n<meta property=\"og:title\" content=\"Tamping Rammer CH-D100 - HSY Construction Machinery\" \/>\n<meta property=\"og:description\" content=\"CH-D100 Electric Tamping Rammer delivers clean, fuel-free soil compaction. Ideal for indoor, trench, and foundation work. Durable, quiet, and easy to maintain.\" \/>\n<meta property=\"og:url\" content=\"https:\/\/www.hsymachinery.com\/pt\/product\/compactador-de-calcario-ch-d100\/\" \/>\n<meta property=\"og:site_name\" content=\"HSY Construction Machinery\" \/>\n<meta property=\"article:modified_time\" content=\"2025-06-28T06:59:29+00:00\" \/>\n<meta property=\"og:image\" content=\"https:\/\/www.hsymachinery.com\/wp-content\/uploads\/2025\/06\/Tamping-Rammer-CH-D100-1.jpg\" \/>\n\t<meta property=\"og:image:width\" content=\"800\" \/>\n\t<meta property=\"og:image:height\" content=\"800\" \/>\n\t<meta property=\"og:image:type\" content=\"image\/jpeg\" \/>\n<meta name=\"twitter:card\" content=\"summary_large_image\" \/>\n<meta name=\"twitter:label1\" content=\"Tempo estimado de leitura\" \/>\n\t<meta name=\"twitter:data1\" content=\"2 minutos\" \/>\n<script type=\"application\/ld+json\" class=\"yoast-schema-graph\">{\"@context\":\"https:\/\/schema.org\",\"@graph\":[{\"@type\":\"WebPage\",\"@id\":\"https:\/\/www.hsymachinery.com\/product\/tamping-rammer-ch-d100\/\",\"url\":\"https:\/\/www.hsymachinery.com\/product\/tamping-rammer-ch-d100\/\",\"name\":\"Tamping Rammer CH-D100 - HSY Construction Machinery\",\"isPartOf\":{\"@id\":\"https:\/\/www.hsymachinery.com\/#website\"},\"primaryImageOfPage\":{\"@id\":\"https:\/\/www.hsymachinery.com\/product\/tamping-rammer-ch-d100\/#primaryimage\"},\"image\":{\"@id\":\"https:\/\/www.hsymachinery.com\/product\/tamping-rammer-ch-d100\/#primaryimage\"},\"thumbnailUrl\":\"https:\/\/www.hsymachinery.com\/wp-content\/uploads\/2025\/06\/Tamping-Rammer-CH-D100-1.jpg\",\"datePublished\":\"2025-06-18T08:14:34+00:00\",\"dateModified\":\"2025-06-28T06:59:29+00:00\",\"description\":\"CH-D100 Electric Tamping Rammer delivers clean, fuel-free soil compaction. Ideal for indoor, trench, and foundation work. Durable, quiet, and easy to maintain.\",\"breadcrumb\":{\"@id\":\"https:\/\/www.hsymachinery.com\/product\/tamping-rammer-ch-d100\/#breadcrumb\"},\"inLanguage\":\"pt-PT\",\"potentialAction\":[{\"@type\":\"ReadAction\",\"target\":[\"https:\/\/www.hsymachinery.com\/product\/tamping-rammer-ch-d100\/\"]}]},{\"@type\":\"ImageObject\",\"inLanguage\":\"pt-PT\",\"@id\":\"https:\/\/www.hsymachinery.com\/product\/tamping-rammer-ch-d100\/#primaryimage\",\"url\":\"https:\/\/www.hsymachinery.com\/wp-content\/uploads\/2025\/06\/Tamping-Rammer-CH-D100-1.jpg\",\"contentUrl\":\"https:\/\/www.hsymachinery.com\/wp-content\/uploads\/2025\/06\/Tamping-Rammer-CH-D100-1.jpg\",\"width\":800,\"height\":800},{\"@type\":\"BreadcrumbList\",\"@id\":\"https:\/\/www.hsymachinery.com\/product\/tamping-rammer-ch-d100\/#breadcrumb\",\"itemListElement\":[{\"@type\":\"ListItem\",\"position\":1,\"name\":\"home\",\"item\":\"https:\/\/www.hsymachinery.com\/\"},{\"@type\":\"ListItem\",\"position\":2,\"name\":\"products\",\"item\":\"https:\/\/www.hsymachinery.com\/products\/\"},{\"@type\":\"ListItem\",\"position\":3,\"name\":\"Tamping Rammer CH-D100\"}]},{\"@type\":\"WebSite\",\"@id\":\"https:\/\/www.hsymachinery.com\/#website\",\"url\":\"https:\/\/www.hsymachinery.com\/\",\"name\":\"HSY Construction Machinery\",\"description\":\"HSY Machinery \u2013 A leading China construction machinery supplier, offering a wide range of light construction equipment. Our main products include Rebar Cutting Machine, Rebar Bending Machine, Rebar Stirrup Bending Machine, Rebar Arc Bending Machine, Rebar Straightening Machine, Five-Head Rebar Stirrup Bending Machine, Tamping Rammer, Plate Compactor, Concrete Cutter, Power Trowel, and other construction machinery. We are equipped with advanced CNC machines, and we enforce strict quality inspection standards along with comprehensive after-sales service. If you are interested in our products or services, we warmly welcome your inquiries via message.\",\"publisher\":{\"@id\":\"https:\/\/www.hsymachinery.com\/#organization\"},\"potentialAction\":[{\"@type\":\"SearchAction\",\"target\":{\"@type\":\"EntryPoint\",\"urlTemplate\":\"https:\/\/www.hsymachinery.com\/?s={search_term_string}\"},\"query-input\":{\"@type\":\"PropertyValueSpecification\",\"valueRequired\":true,\"valueName\":\"search_term_string\"}}],\"inLanguage\":\"pt-PT\"},{\"@type\":\"Organization\",\"@id\":\"https:\/\/www.hsymachinery.com\/#organization\",\"name\":\"HSY Construction Machinery\",\"url\":\"https:\/\/www.hsymachinery.com\/\",\"logo\":{\"@type\":\"ImageObject\",\"inLanguage\":\"pt-PT\",\"@id\":\"https:\/\/www.hsymachinery.com\/#\/schema\/logo\/image\/\",\"url\":\"https:\/\/www.hsymachinery.com\/wp-content\/uploads\/2025\/06\/cropped-HSY-machinery.png\",\"contentUrl\":\"https:\/\/www.hsymachinery.com\/wp-content\/uploads\/2025\/06\/cropped-HSY-machinery.png\",\"width\":600,\"height\":240,\"caption\":\"HSY Construction Machinery\"},\"image\":{\"@id\":\"https:\/\/www.hsymachinery.com\/#\/schema\/logo\/image\/\"}}]}<\/script>\n<!-- \/ Yoast SEO plugin. -->","yoast_head_json":{"title":"Compactador de calc\u00e1rio CH-D100 - HSY Construction Machinery","description":"O compactador el\u00e9trico CH-D100 proporciona uma compacta\u00e7\u00e3o do solo limpa e sem combust\u00edvel. Ideal para trabalhos em interiores, valas e funda\u00e7\u00f5es. Dur\u00e1vel, silencioso e de f\u00e1cil manuten\u00e7\u00e3o.","robots":{"index":"index","follow":"follow","max-snippet":"max-snippet:-1","max-image-preview":"max-image-preview:large","max-video-preview":"max-video-preview:-1"},"canonical":"https:\/\/www.hsymachinery.com\/pt\/product\/compactador-de-calcario-ch-d100\/","og_locale":"pt_PT","og_type":"article","og_title":"Tamping Rammer CH-D100 - HSY Construction Machinery","og_description":"CH-D100 Electric Tamping Rammer delivers clean, fuel-free soil compaction. Ideal for indoor, trench, and foundation work. Durable, quiet, and easy to maintain.","og_url":"https:\/\/www.hsymachinery.com\/pt\/product\/compactador-de-calcario-ch-d100\/","og_site_name":"HSY Construction Machinery","article_modified_time":"2025-06-28T06:59:29+00:00","og_image":[{"width":800,"height":800,"url":"https:\/\/www.hsymachinery.com\/wp-content\/uploads\/2025\/06\/Tamping-Rammer-CH-D100-1.jpg","type":"image\/jpeg"}],"twitter_card":"summary_large_image","twitter_misc":{"Tempo estimado de leitura":"2 minutos"},"schema":{"@context":"https:\/\/schema.org","@graph":[{"@type":"WebPage","@id":"https:\/\/www.hsymachinery.com\/product\/tamping-rammer-ch-d100\/","url":"https:\/\/www.hsymachinery.com\/product\/tamping-rammer-ch-d100\/","name":"Compactador de calc\u00e1rio CH-D100 - HSY Construction Machinery","isPartOf":{"@id":"https:\/\/www.hsymachinery.com\/#website"},"primaryImageOfPage":{"@id":"https:\/\/www.hsymachinery.com\/product\/tamping-rammer-ch-d100\/#primaryimage"},"image":{"@id":"https:\/\/www.hsymachinery.com\/product\/tamping-rammer-ch-d100\/#primaryimage"},"thumbnailUrl":"https:\/\/www.hsymachinery.com\/wp-content\/uploads\/2025\/06\/Tamping-Rammer-CH-D100-1.jpg","datePublished":"2025-06-18T08:14:34+00:00","dateModified":"2025-06-28T06:59:29+00:00","description":"O compactador el\u00e9trico CH-D100 proporciona uma compacta\u00e7\u00e3o do solo limpa e sem combust\u00edvel. Ideal para trabalhos em interiores, valas e funda\u00e7\u00f5es. Dur\u00e1vel, silencioso e de f\u00e1cil manuten\u00e7\u00e3o.","breadcrumb":{"@id":"https:\/\/www.hsymachinery.com\/product\/tamping-rammer-ch-d100\/#breadcrumb"},"inLanguage":"pt-PT","potentialAction":[{"@type":"ReadAction","target":["https:\/\/www.hsymachinery.com\/product\/tamping-rammer-ch-d100\/"]}]},{"@type":"ImageObject","inLanguage":"pt-PT","@id":"https:\/\/www.hsymachinery.com\/product\/tamping-rammer-ch-d100\/#primaryimage","url":"https:\/\/www.hsymachinery.com\/wp-content\/uploads\/2025\/06\/Tamping-Rammer-CH-D100-1.jpg","contentUrl":"https:\/\/www.hsymachinery.com\/wp-content\/uploads\/2025\/06\/Tamping-Rammer-CH-D100-1.jpg","width":800,"height":800},{"@type":"BreadcrumbList","@id":"https:\/\/www.hsymachinery.com\/product\/tamping-rammer-ch-d100\/#breadcrumb","itemListElement":[{"@type":"ListItem","position":1,"name":"home","item":"https:\/\/www.hsymachinery.com\/"},{"@type":"ListItem","position":2,"name":"products","item":"https:\/\/www.hsymachinery.com\/products\/"},{"@type":"ListItem","position":3,"name":"Tamping Rammer CH-D100"}]},{"@type":"WebSite","@id":"https:\/\/www.hsymachinery.com\/#website","url":"https:\/\/www.hsymachinery.com\/","name":"M\u00e1quinas de constru\u00e7\u00e3o HSY","description":"HSY Machinery - Um fornecedor l\u00edder de m\u00e1quinas de constru\u00e7\u00e3o na China, oferecendo uma ampla gama de equipamentos de constru\u00e7\u00e3o leve. Nossos principais produtos incluem m\u00e1quina de corte de vergalh\u00e3o, m\u00e1quina dobradeira de vergalh\u00e3o, m\u00e1quina dobradeira de estribo de vergalh\u00e3o, m\u00e1quina dobradeira de arco de vergalh\u00e3o, m\u00e1quina de endireitar vergalh\u00e3o, m\u00e1quina dobradeira de estribo de vergalh\u00e3o de cinco cabe\u00e7as, compactador de placa, cortador de concreto, esp\u00e1tula el\u00e9trica e outras m\u00e1quinas de constru\u00e7\u00e3o. Estamos equipados com m\u00e1quinas CNC avan\u00e7adas, e n\u00f3s aplicamos rigorosas normas de inspe\u00e7\u00e3o de qualidade, juntamente com o servi\u00e7o p\u00f3s-venda abrangente. Se voc\u00ea est\u00e1 interessado em nossos produtos ou servi\u00e7os, congratulamo-nos com as suas perguntas atrav\u00e9s de mensagem.","publisher":{"@id":"https:\/\/www.hsymachinery.com\/#organization"},"potentialAction":[{"@type":"SearchAction","target":{"@type":"EntryPoint","urlTemplate":"https:\/\/www.hsymachinery.com\/?s={search_term_string}"},"query-input":{"@type":"PropertyValueSpecification","valueRequired":true,"valueName":"search_term_string"}}],"inLanguage":"pt-PT"},{"@type":"Organization","@id":"https:\/\/www.hsymachinery.com\/#organization","name":"M\u00e1quinas de constru\u00e7\u00e3o HSY","url":"https:\/\/www.hsymachinery.com\/","logo":{"@type":"ImageObject","inLanguage":"pt-PT","@id":"https:\/\/www.hsymachinery.com\/#\/schema\/logo\/image\/","url":"https:\/\/www.hsymachinery.com\/wp-content\/uploads\/2025\/06\/cropped-HSY-machinery.png","contentUrl":"https:\/\/www.hsymachinery.com\/wp-content\/uploads\/2025\/06\/cropped-HSY-machinery.png","width":600,"height":240,"caption":"HSY Construction Machinery"},"image":{"@id":"https:\/\/www.hsymachinery.com\/#\/schema\/logo\/image\/"}}]}},"_links":{"self":[{"href":"https:\/\/www.hsymachinery.com\/pt\/wp-json\/wp\/v2\/product\/9058","targetHints":{"allow":["GET"]}}],"collection":[{"href":"https:\/\/www.hsymachinery.com\/pt\/wp-json\/wp\/v2\/product"}],"about":[{"href":"https:\/\/www.hsymachinery.com\/pt\/wp-json\/wp\/v2\/types\/product"}],"version-history":[{"count":3,"href":"https:\/\/www.hsymachinery.com\/pt\/wp-json\/wp\/v2\/product\/9058\/revisions"}],"predecessor-version":[{"id":9491,"href":"https:\/\/www.hsymachinery.com\/pt\/wp-json\/wp\/v2\/product\/9058\/revisions\/9491"}],"wp:featuredmedia":[{"embeddable":true,"href":"https:\/\/www.hsymachinery.com\/pt\/wp-json\/wp\/v2\/media\/9060"}],"wp:attachment":[{"href":"https:\/\/www.hsymachinery.com\/pt\/wp-json\/wp\/v2\/media?parent=9058"}],"wp:term":[{"taxonomy":"product_brand","embeddable":true,"href":"https:\/\/www.hsymachinery.com\/pt\/wp-json\/wp\/v2\/product_brand?post=9058"},{"taxonomy":"product_cat","embeddable":true,"href":"https:\/\/www.hsymachinery.com\/pt\/wp-json\/wp\/v2\/product_cat?post=9058"},{"taxonomy":"product_tag","embeddable":true,"href":"https:\/\/www.hsymachinery.com\/pt\/wp-json\/wp\/v2\/product_tag?post=9058"}],"curies":[{"name":"wp","href":"https:\/\/api.w.org\/{rel}","templated":true}]}}