{"id":9023,"date":"2025-06-18T14:22:46","date_gmt":"2025-06-18T06:22:46","guid":{"rendered":"https:\/\/www.hsymachinery.com\/?post_type=product&#038;p=9023"},"modified":"2025-06-28T00:45:04","modified_gmt":"2025-06-27T16:45:04","slug":"maquina-de-endireitar-vergalhoes-gtf4-16a","status":"publish","type":"product","link":"https:\/\/www.hsymachinery.com\/pt\/product\/maquina-de-endireitar-vergalhoes-gtf4-16a\/","title":{"rendered":"M\u00e1quina de endireitar vergalh\u00f5es GTF4-16A"},"content":{"rendered":"<h2 data-start=\"139\" data-end=\"183\">M\u00e1quina de endireitar vergalh\u00f5es GTF4-16A<\/h2>\n<h3 data-start=\"184\" data-end=\"321\">GTF4-16A Endireitadeira de barras de a\u00e7o controlada por inversor para vergalh\u00e3o de 4-16mm | Equipamento de endireitamento de vergalh\u00e3o de frequ\u00eancia vari\u00e1vel de alta capacidade<\/h3>\n<h3 data-start=\"328\" data-end=\"414\">Descri\u00e7\u00e3o geral do produto - Endireitamento de bobinas flex\u00edvel e potente com tecnologia VFD<\/h3>\n<p data-start=\"416\" data-end=\"761\">O <strong data-start=\"420\" data-end=\"460\"><a href=\"https:\/\/www.hsymachinery.com\/pt\/produtos\/maquina-de-endireitar-vergalhoes\/\" target=\"_blank\" rel=\"noopener\">M\u00e1quina de endireitar vergalh\u00f5es<\/a> GTF4-16A<\/strong> foi concebida para o endireitamento de alta efici\u00eancia de barras de a\u00e7o enroladas de 4 mm a 16 mm, utilizando a tecnologia de inversor (VFD) para permitir um controlo preciso da velocidade. Este modelo \u00e9 ideal para a constru\u00e7\u00e3o de pontes, f\u00e1bricas de pr\u00e9-fabricados e processamento industrial de a\u00e7o, onde \u00e9 necess\u00e1ria pot\u00eancia e adaptabilidade.<\/p>\n<p data-start=\"763\" data-end=\"953\">Com o acionamento de frequ\u00eancia vari\u00e1vel, o GTF4-16A n\u00e3o s\u00f3 reduz o consumo de energia como tamb\u00e9m minimiza o desgaste do sistema mec\u00e2nico, resultando numa vida \u00fatil mais longa e num funcionamento mais suave.<\/p>\n<h3 data-start=\"960\" data-end=\"1030\">Bin\u00e1rio elevado e velocidade ajust\u00e1vel atrav\u00e9s do controlo de frequ\u00eancia vari\u00e1vel<\/h3>\n<p data-start=\"1032\" data-end=\"1320\">O sistema VFD da m\u00e1quina permite-lhe alterar a velocidade de endireitamento em tempo real, consoante o tipo de material e as necessidades de produ\u00e7\u00e3o. Quer trabalhe com a\u00e7o-carbono macio ou vergalh\u00f5es de alta resist\u00eancia, o sistema de rolos ajust\u00e1vel e a for\u00e7a de alimenta\u00e7\u00e3o est\u00e1vel garantem uma excelente retid\u00e3o.<\/p>\n<p data-start=\"1322\" data-end=\"1521\">O seu motor com n\u00facleo de cobre, melhorado com tecnologia de inversor, proporciona uma sa\u00edda de bin\u00e1rio constante, mantendo o controlo total sobre o ritmo de alimenta\u00e7\u00e3o - ideal tanto para pequenos lotes como para funcionamento cont\u00ednuo.<\/p>\n<h3 data-start=\"1528\" data-end=\"1581\">Estrutura robusta com compatibilidade de tens\u00e3o global<\/h3>\n<p data-start=\"1583\" data-end=\"1847\">Constru\u00edda a partir de a\u00e7o estrutural refor\u00e7ado, a GTF4-16A resiste \u00e0 vibra\u00e7\u00e3o e \u00e0 fadiga mec\u00e2nica durante uma utiliza\u00e7\u00e3o intensiva. A m\u00e1quina apresenta um design econ\u00f3mico em termos de espa\u00e7o com rodas para mobilidade, facilitando a sua desloca\u00e7\u00e3o ou integra\u00e7\u00e3o numa linha de produ\u00e7\u00e3o.<\/p>\n<p data-start=\"1849\" data-end=\"1958\">\u00c9 totalmente compat\u00edvel com sistemas de alimenta\u00e7\u00e3o 220V\/380V (50\/60Hz), permitindo a exporta\u00e7\u00e3o e a utiliza\u00e7\u00e3o no terreno em todo o mundo.<\/p>\n<h3 data-start=\"1965\" data-end=\"2023\">Carater\u00edsticas principais da m\u00e1quina de endireitar vergalh\u00f5es GTF4-16A<\/h3>\n<ul data-start=\"2025\" data-end=\"2322\">\n<li data-start=\"2025\" data-end=\"2079\">\n<p data-start=\"2027\" data-end=\"2079\">Endireita vergalh\u00f5es enrolados de 4-16 mm com elevada precis\u00e3o<\/p>\n<\/li>\n<li data-start=\"2080\" data-end=\"2149\">\n<p data-start=\"2082\" data-end=\"2149\"><strong data-start=\"2082\" data-end=\"2118\">Controlo de frequ\u00eancia vari\u00e1vel (VFD)<\/strong> para uma velocidade de trabalho ajust\u00e1vel<\/p>\n<\/li>\n<li data-start=\"2150\" data-end=\"2206\">\n<p data-start=\"2152\" data-end=\"2206\">Sistema de bin\u00e1rio potente e rolos alinhados com precis\u00e3o<\/p>\n<\/li>\n<li data-start=\"2207\" data-end=\"2265\">\n<p data-start=\"2209\" data-end=\"2265\">Concebida para utiliza\u00e7\u00e3o industrial, pr\u00e9-fabricada e para exporta\u00e7\u00e3o<\/p>\n<\/li>\n<li data-start=\"2266\" data-end=\"2322\">\n<p data-start=\"2268\" data-end=\"2322\">Entrada de energia global suportada para uma implementa\u00e7\u00e3o flex\u00edvel<\/p>\n<\/li>\n<\/ul>\n<p><iframe title=\"Endireitador de var\u00f5es. Cortador de vergalh\u00f5es. M\u00e1quina de corte de vergalh\u00f5es. 1TP5Cortador de vergalh\u00e3o 1TP5M\u00e1quina de corte de vergalh\u00e3o\" width=\"720\" height=\"405\" src=\"https:\/\/www.youtube.com\/embed\/7FKkySPeKVQ?feature=oembed\" frameborder=\"0\" allow=\"accelerometer; autoplay; clipboard-write; encrypted-media; gyroscope; picture-in-picture; web-share\" referrerpolicy=\"strict-origin-when-cross-origin\" allowfullscreen><\/iframe><\/p>","protected":false},"excerpt":{"rendered":"<p>A GTF4-16A endireita barras de a\u00e7o de 4-16 mm com controlo de velocidade por inversor. Perfeita para utiliza\u00e7\u00e3o industrial, combina uma sa\u00edda para trabalhos pesados com um acionamento de frequ\u00eancia vari\u00e1vel para um funcionamento flex\u00edvel.<\/p>","protected":false},"featured_media":9024,"template":"","meta":{"_kad_post_transparent":"default","_kad_post_title":"","_kad_post_layout":"default","_kad_post_sidebar_id":"","_kad_post_content_style":"default","_kad_post_vertical_padding":"default","_kad_post_feature":"","_kad_post_feature_position":"","_kad_post_header":false,"_kad_post_footer":false},"product_brand":[],"product_cat":[62],"product_tag":[1026,1028,1030,1031,1034,1027,1032,1025,1029,1033],"class_list":{"0":"post-9023","1":"product","2":"type-product","3":"status-publish","4":"has-post-thumbnail","6":"product_cat-rebar-straightening-machine","7":"product_tag-automatic-rebar-straightener","8":"product_tag-cnc-rebar-straightening-equipment","9":"product_tag-coiled-rebar-straightening-machine","10":"product_tag-construction-bar-straightening-machine","11":"product_tag-high-speed-rebar-straightening-tool","12":"product_tag-hydraulic-rebar-straightening-machine","13":"product_tag-rebar-leveling-and-cutting-machine","14":"product_tag-steel-bar-straightening-machine","15":"product_tag-steel-wire-straightener-and-cutter","16":"product_tag-straightening-machine-for-steel-rods","18":"first","19":"instock","20":"shipping-taxable","21":"product-type-simple","22":"entry","23":"content-bg","24":"loop-entry"},"yoast_head":"<!-- This site is optimized with the Yoast SEO plugin v25.3.1 - https:\/\/yoast.com\/wordpress\/plugins\/seo\/ -->\n<title>Rebar Straightening Machine GTF4-16A - HSY Construction Machinery<\/title>\n<meta name=\"description\" content=\"Rebar Straightening Machine GTF4-16A processes 4\u201316mm coil bars with VFD control. Ideal for high-efficiency industrial use and global export compatibility.\" \/>\n<meta name=\"robots\" content=\"index, follow, max-snippet:-1, max-image-preview:large, max-video-preview:-1\" \/>\n<link rel=\"canonical\" href=\"https:\/\/www.hsymachinery.com\/pt\/product\/maquina-de-endireitar-vergalhoes-gtf4-16a\/\" \/>\n<meta property=\"og:locale\" content=\"pt_PT\" \/>\n<meta property=\"og:type\" content=\"article\" \/>\n<meta property=\"og:title\" content=\"Rebar Straightening Machine GTF4-16A - HSY Construction Machinery\" \/>\n<meta property=\"og:description\" content=\"Rebar Straightening Machine GTF4-16A processes 4\u201316mm coil bars with VFD control. Ideal for high-efficiency industrial use and global export compatibility.\" \/>\n<meta property=\"og:url\" content=\"https:\/\/www.hsymachinery.com\/pt\/product\/maquina-de-endireitar-vergalhoes-gtf4-16a\/\" \/>\n<meta property=\"og:site_name\" content=\"HSY Construction Machinery\" \/>\n<meta property=\"article:modified_time\" content=\"2025-06-27T16:45:04+00:00\" \/>\n<meta property=\"og:image\" content=\"https:\/\/www.hsymachinery.com\/wp-content\/uploads\/2025\/06\/Rebar-Straightening-Machine-GTF4-16A.jpg\" \/>\n\t<meta property=\"og:image:width\" content=\"600\" \/>\n\t<meta property=\"og:image:height\" content=\"600\" \/>\n\t<meta property=\"og:image:type\" content=\"image\/jpeg\" \/>\n<meta name=\"twitter:card\" content=\"summary_large_image\" \/>\n<meta name=\"twitter:label1\" content=\"Tempo estimado de leitura\" \/>\n\t<meta name=\"twitter:data1\" content=\"2 minutos\" \/>\n<script type=\"application\/ld+json\" class=\"yoast-schema-graph\">{\"@context\":\"https:\/\/schema.org\",\"@graph\":[{\"@type\":\"WebPage\",\"@id\":\"https:\/\/www.hsymachinery.com\/product\/rebar-straightening-machine-gtf4-16a\/\",\"url\":\"https:\/\/www.hsymachinery.com\/product\/rebar-straightening-machine-gtf4-16a\/\",\"name\":\"Rebar Straightening Machine GTF4-16A - HSY Construction Machinery\",\"isPartOf\":{\"@id\":\"https:\/\/www.hsymachinery.com\/#website\"},\"primaryImageOfPage\":{\"@id\":\"https:\/\/www.hsymachinery.com\/product\/rebar-straightening-machine-gtf4-16a\/#primaryimage\"},\"image\":{\"@id\":\"https:\/\/www.hsymachinery.com\/product\/rebar-straightening-machine-gtf4-16a\/#primaryimage\"},\"thumbnailUrl\":\"https:\/\/www.hsymachinery.com\/wp-content\/uploads\/2025\/06\/Rebar-Straightening-Machine-GTF4-16A.jpg\",\"datePublished\":\"2025-06-18T06:22:46+00:00\",\"dateModified\":\"2025-06-27T16:45:04+00:00\",\"description\":\"Rebar Straightening Machine GTF4-16A processes 4\u201316mm coil bars with VFD control. Ideal for high-efficiency industrial use and global export compatibility.\",\"breadcrumb\":{\"@id\":\"https:\/\/www.hsymachinery.com\/product\/rebar-straightening-machine-gtf4-16a\/#breadcrumb\"},\"inLanguage\":\"pt-PT\",\"potentialAction\":[{\"@type\":\"ReadAction\",\"target\":[\"https:\/\/www.hsymachinery.com\/product\/rebar-straightening-machine-gtf4-16a\/\"]}]},{\"@type\":\"ImageObject\",\"inLanguage\":\"pt-PT\",\"@id\":\"https:\/\/www.hsymachinery.com\/product\/rebar-straightening-machine-gtf4-16a\/#primaryimage\",\"url\":\"https:\/\/www.hsymachinery.com\/wp-content\/uploads\/2025\/06\/Rebar-Straightening-Machine-GTF4-16A.jpg\",\"contentUrl\":\"https:\/\/www.hsymachinery.com\/wp-content\/uploads\/2025\/06\/Rebar-Straightening-Machine-GTF4-16A.jpg\",\"width\":600,\"height\":600},{\"@type\":\"BreadcrumbList\",\"@id\":\"https:\/\/www.hsymachinery.com\/product\/rebar-straightening-machine-gtf4-16a\/#breadcrumb\",\"itemListElement\":[{\"@type\":\"ListItem\",\"position\":1,\"name\":\"home\",\"item\":\"https:\/\/www.hsymachinery.com\/\"},{\"@type\":\"ListItem\",\"position\":2,\"name\":\"products\",\"item\":\"https:\/\/www.hsymachinery.com\/products\/\"},{\"@type\":\"ListItem\",\"position\":3,\"name\":\"Rebar Straightening Machine GTF4-16A\"}]},{\"@type\":\"WebSite\",\"@id\":\"https:\/\/www.hsymachinery.com\/#website\",\"url\":\"https:\/\/www.hsymachinery.com\/\",\"name\":\"HSY Construction Machinery\",\"description\":\"HSY Machinery \u2013 A leading China construction machinery supplier, offering a wide range of light construction equipment. Our main products include Rebar Cutting Machine, Rebar Bending Machine, Rebar Stirrup Bending Machine, Rebar Arc Bending Machine, Rebar Straightening Machine, Five-Head Rebar Stirrup Bending Machine, Tamping Rammer, Plate Compactor, Concrete Cutter, Power Trowel, and other construction machinery. We are equipped with advanced CNC machines, and we enforce strict quality inspection standards along with comprehensive after-sales service. If you are interested in our products or services, we warmly welcome your inquiries via message.\",\"publisher\":{\"@id\":\"https:\/\/www.hsymachinery.com\/#organization\"},\"potentialAction\":[{\"@type\":\"SearchAction\",\"target\":{\"@type\":\"EntryPoint\",\"urlTemplate\":\"https:\/\/www.hsymachinery.com\/?s={search_term_string}\"},\"query-input\":{\"@type\":\"PropertyValueSpecification\",\"valueRequired\":true,\"valueName\":\"search_term_string\"}}],\"inLanguage\":\"pt-PT\"},{\"@type\":\"Organization\",\"@id\":\"https:\/\/www.hsymachinery.com\/#organization\",\"name\":\"HSY Construction Machinery\",\"url\":\"https:\/\/www.hsymachinery.com\/\",\"logo\":{\"@type\":\"ImageObject\",\"inLanguage\":\"pt-PT\",\"@id\":\"https:\/\/www.hsymachinery.com\/#\/schema\/logo\/image\/\",\"url\":\"https:\/\/www.hsymachinery.com\/wp-content\/uploads\/2025\/06\/cropped-HSY-machinery.png\",\"contentUrl\":\"https:\/\/www.hsymachinery.com\/wp-content\/uploads\/2025\/06\/cropped-HSY-machinery.png\",\"width\":600,\"height\":240,\"caption\":\"HSY Construction Machinery\"},\"image\":{\"@id\":\"https:\/\/www.hsymachinery.com\/#\/schema\/logo\/image\/\"}}]}<\/script>\n<!-- \/ Yoast SEO plugin. -->","yoast_head_json":{"title":"M\u00e1quina de endireitar vergalh\u00f5es GTF4-16A - HSY Construction Machinery","description":"A m\u00e1quina de endireitar vergalh\u00f5es GTF4-16A processa barras de bobina de 4-16 mm com controlo VFD. Ideal para uso industrial de alta efici\u00eancia e compatibilidade com exporta\u00e7\u00e3o global.","robots":{"index":"index","follow":"follow","max-snippet":"max-snippet:-1","max-image-preview":"max-image-preview:large","max-video-preview":"max-video-preview:-1"},"canonical":"https:\/\/www.hsymachinery.com\/pt\/product\/maquina-de-endireitar-vergalhoes-gtf4-16a\/","og_locale":"pt_PT","og_type":"article","og_title":"Rebar Straightening Machine GTF4-16A - HSY Construction Machinery","og_description":"Rebar Straightening Machine GTF4-16A processes 4\u201316mm coil bars with VFD control. Ideal for high-efficiency industrial use and global export compatibility.","og_url":"https:\/\/www.hsymachinery.com\/pt\/product\/maquina-de-endireitar-vergalhoes-gtf4-16a\/","og_site_name":"HSY Construction Machinery","article_modified_time":"2025-06-27T16:45:04+00:00","og_image":[{"width":600,"height":600,"url":"https:\/\/www.hsymachinery.com\/wp-content\/uploads\/2025\/06\/Rebar-Straightening-Machine-GTF4-16A.jpg","type":"image\/jpeg"}],"twitter_card":"summary_large_image","twitter_misc":{"Tempo estimado de leitura":"2 minutos"},"schema":{"@context":"https:\/\/schema.org","@graph":[{"@type":"WebPage","@id":"https:\/\/www.hsymachinery.com\/product\/rebar-straightening-machine-gtf4-16a\/","url":"https:\/\/www.hsymachinery.com\/product\/rebar-straightening-machine-gtf4-16a\/","name":"M\u00e1quina de endireitar vergalh\u00f5es GTF4-16A - HSY Construction Machinery","isPartOf":{"@id":"https:\/\/www.hsymachinery.com\/#website"},"primaryImageOfPage":{"@id":"https:\/\/www.hsymachinery.com\/product\/rebar-straightening-machine-gtf4-16a\/#primaryimage"},"image":{"@id":"https:\/\/www.hsymachinery.com\/product\/rebar-straightening-machine-gtf4-16a\/#primaryimage"},"thumbnailUrl":"https:\/\/www.hsymachinery.com\/wp-content\/uploads\/2025\/06\/Rebar-Straightening-Machine-GTF4-16A.jpg","datePublished":"2025-06-18T06:22:46+00:00","dateModified":"2025-06-27T16:45:04+00:00","description":"A m\u00e1quina de endireitar vergalh\u00f5es GTF4-16A processa barras de bobina de 4-16 mm com controlo VFD. Ideal para uso industrial de alta efici\u00eancia e compatibilidade com exporta\u00e7\u00e3o global.","breadcrumb":{"@id":"https:\/\/www.hsymachinery.com\/product\/rebar-straightening-machine-gtf4-16a\/#breadcrumb"},"inLanguage":"pt-PT","potentialAction":[{"@type":"ReadAction","target":["https:\/\/www.hsymachinery.com\/product\/rebar-straightening-machine-gtf4-16a\/"]}]},{"@type":"ImageObject","inLanguage":"pt-PT","@id":"https:\/\/www.hsymachinery.com\/product\/rebar-straightening-machine-gtf4-16a\/#primaryimage","url":"https:\/\/www.hsymachinery.com\/wp-content\/uploads\/2025\/06\/Rebar-Straightening-Machine-GTF4-16A.jpg","contentUrl":"https:\/\/www.hsymachinery.com\/wp-content\/uploads\/2025\/06\/Rebar-Straightening-Machine-GTF4-16A.jpg","width":600,"height":600},{"@type":"BreadcrumbList","@id":"https:\/\/www.hsymachinery.com\/product\/rebar-straightening-machine-gtf4-16a\/#breadcrumb","itemListElement":[{"@type":"ListItem","position":1,"name":"home","item":"https:\/\/www.hsymachinery.com\/"},{"@type":"ListItem","position":2,"name":"products","item":"https:\/\/www.hsymachinery.com\/products\/"},{"@type":"ListItem","position":3,"name":"Rebar Straightening Machine GTF4-16A"}]},{"@type":"WebSite","@id":"https:\/\/www.hsymachinery.com\/#website","url":"https:\/\/www.hsymachinery.com\/","name":"M\u00e1quinas de constru\u00e7\u00e3o HSY","description":"HSY Machinery - Um fornecedor l\u00edder de m\u00e1quinas de constru\u00e7\u00e3o na China, oferecendo uma ampla gama de equipamentos de constru\u00e7\u00e3o leve. Nossos principais produtos incluem m\u00e1quina de corte de vergalh\u00e3o, m\u00e1quina dobradeira de vergalh\u00e3o, m\u00e1quina dobradeira de estribo de vergalh\u00e3o, m\u00e1quina dobradeira de arco de vergalh\u00e3o, m\u00e1quina de endireitar vergalh\u00e3o, m\u00e1quina dobradeira de estribo de vergalh\u00e3o de cinco cabe\u00e7as, compactador de placa, cortador de concreto, esp\u00e1tula el\u00e9trica e outras m\u00e1quinas de constru\u00e7\u00e3o. Estamos equipados com m\u00e1quinas CNC avan\u00e7adas, e n\u00f3s aplicamos rigorosas normas de inspe\u00e7\u00e3o de qualidade, juntamente com o servi\u00e7o p\u00f3s-venda abrangente. Se voc\u00ea est\u00e1 interessado em nossos produtos ou servi\u00e7os, congratulamo-nos com as suas perguntas atrav\u00e9s de mensagem.","publisher":{"@id":"https:\/\/www.hsymachinery.com\/#organization"},"potentialAction":[{"@type":"SearchAction","target":{"@type":"EntryPoint","urlTemplate":"https:\/\/www.hsymachinery.com\/?s={search_term_string}"},"query-input":{"@type":"PropertyValueSpecification","valueRequired":true,"valueName":"search_term_string"}}],"inLanguage":"pt-PT"},{"@type":"Organization","@id":"https:\/\/www.hsymachinery.com\/#organization","name":"M\u00e1quinas de constru\u00e7\u00e3o HSY","url":"https:\/\/www.hsymachinery.com\/","logo":{"@type":"ImageObject","inLanguage":"pt-PT","@id":"https:\/\/www.hsymachinery.com\/#\/schema\/logo\/image\/","url":"https:\/\/www.hsymachinery.com\/wp-content\/uploads\/2025\/06\/cropped-HSY-machinery.png","contentUrl":"https:\/\/www.hsymachinery.com\/wp-content\/uploads\/2025\/06\/cropped-HSY-machinery.png","width":600,"height":240,"caption":"HSY Construction Machinery"},"image":{"@id":"https:\/\/www.hsymachinery.com\/#\/schema\/logo\/image\/"}}]}},"_links":{"self":[{"href":"https:\/\/www.hsymachinery.com\/pt\/wp-json\/wp\/v2\/product\/9023","targetHints":{"allow":["GET"]}}],"collection":[{"href":"https:\/\/www.hsymachinery.com\/pt\/wp-json\/wp\/v2\/product"}],"about":[{"href":"https:\/\/www.hsymachinery.com\/pt\/wp-json\/wp\/v2\/types\/product"}],"version-history":[{"count":3,"href":"https:\/\/www.hsymachinery.com\/pt\/wp-json\/wp\/v2\/product\/9023\/revisions"}],"predecessor-version":[{"id":9447,"href":"https:\/\/www.hsymachinery.com\/pt\/wp-json\/wp\/v2\/product\/9023\/revisions\/9447"}],"wp:featuredmedia":[{"embeddable":true,"href":"https:\/\/www.hsymachinery.com\/pt\/wp-json\/wp\/v2\/media\/9024"}],"wp:attachment":[{"href":"https:\/\/www.hsymachinery.com\/pt\/wp-json\/wp\/v2\/media?parent=9023"}],"wp:term":[{"taxonomy":"product_brand","embeddable":true,"href":"https:\/\/www.hsymachinery.com\/pt\/wp-json\/wp\/v2\/product_brand?post=9023"},{"taxonomy":"product_cat","embeddable":true,"href":"https:\/\/www.hsymachinery.com\/pt\/wp-json\/wp\/v2\/product_cat?post=9023"},{"taxonomy":"product_tag","embeddable":true,"href":"https:\/\/www.hsymachinery.com\/pt\/wp-json\/wp\/v2\/product_tag?post=9023"}],"curies":[{"name":"wp","href":"https:\/\/api.w.org\/{rel}","templated":true}]}}