{"id":9017,"date":"2025-06-18T14:20:41","date_gmt":"2025-06-18T06:20:41","guid":{"rendered":"https:\/\/www.hsymachinery.com\/?post_type=product&#038;p=9017"},"modified":"2025-06-28T00:27:56","modified_gmt":"2025-06-27T16:27:56","slug":"maquina-de-endireitar-vergalhoes-gtu4-12b","status":"publish","type":"product","link":"https:\/\/www.hsymachinery.com\/pt\/product\/maquina-de-endireitar-vergalhoes-gtu4-12b\/","title":{"rendered":"M\u00e1quina de endireitar vergalh\u00f5es GTU4-12B"},"content":{"rendered":"<h2 data-start=\"112\" data-end=\"156\">M\u00e1quina de endireitar vergalh\u00f5es GTU4-12B<\/h2>\n<h3 data-start=\"157\" data-end=\"288\">M\u00e1quina de endireitar barras de a\u00e7o GTU4-12B para vergalh\u00e3o de 4-12mm | Endireitadeira de bobina de vergalh\u00e3o dur\u00e1vel para opera\u00e7\u00f5es industriais e de campo<\/h3>\n<h3 data-start=\"295\" data-end=\"379\">Vis\u00e3o geral do produto - Endireitamento de vergalh\u00f5es em bobina para servi\u00e7os pesados com rendimento consistente<\/h3>\n<p data-start=\"381\" data-end=\"666\">O <strong data-start=\"385\" data-end=\"425\"><a href=\"https:\/\/www.hsymachinery.com\/pt\/produtos\/maquina-de-endireitar-vergalhoes\/\" target=\"_blank\" rel=\"noopener\">M\u00e1quina de endireitar vergalh\u00f5es<\/a> GTU4-12B<\/strong> fornece endireitamento de alto desempenho para barras de a\u00e7o enroladas de 4 mm a 12 mm. Concebida para uma utiliza\u00e7\u00e3o m\u00e9dia a pesada, \u00e9 normalmente utilizada na constru\u00e7\u00e3o de infra-estruturas, em estaleiros de processamento de a\u00e7o e em f\u00e1bricas de vergalh\u00f5es orientadas para a exporta\u00e7\u00e3o.<\/p>\n<p data-start=\"668\" data-end=\"804\">Com um sistema de tra\u00e7\u00e3o fi\u00e1vel e um corpo de a\u00e7o dur\u00e1vel, esta m\u00e1quina garante uma produ\u00e7\u00e3o limpa e direta, mesmo em ambientes de trabalho exigentes.<\/p>\n<h3 data-start=\"811\" data-end=\"863\">Motor de bin\u00e1rio elevado e sistema de rolos de precis\u00e3o<\/h3>\n<p data-start=\"865\" data-end=\"1202\">Pode personalizar facilmente a disposi\u00e7\u00e3o dos rolos e a tens\u00e3o para se adaptar a v\u00e1rios tamanhos de barras de a\u00e7o. O motor robusto gera for\u00e7a de tra\u00e7\u00e3o suficiente para endireitar barras de bobinas densas e torcidas de forma suave e r\u00e1pida. Cada barra sai da m\u00e1quina com um elevado grau de retid\u00e3o e uniformidade, pronta para soldar, cortar ou utilizar no local.<\/p>\n<p data-start=\"1204\" data-end=\"1356\">A GTU4-12B tamb\u00e9m possui um sistema inteligente de controlo de velocidade, permitindo ajustes precisos de acordo com as propriedades do material e o volume de produ\u00e7\u00e3o.<\/p>\n<h3 data-start=\"1363\" data-end=\"1415\">Estrutura pronta para a exporta\u00e7\u00e3o com uma \u00e1rea de implanta\u00e7\u00e3o compacta<\/h3>\n<p data-start=\"1417\" data-end=\"1666\">Apesar da sua estrutura robusta, o GTU4-12B tem um design eficiente em termos de espa\u00e7o, permitindo uma coloca\u00e7\u00e3o flex\u00edvel em pequenas oficinas ou em estaleiros de constru\u00e7\u00e3o. Funciona com 220V ou 380V (50Hz\/60Hz), oferecendo total compatibilidade para clientes internacionais.<\/p>\n<p data-start=\"1668\" data-end=\"1791\">A sua constru\u00e7\u00e3o duradoura, combinada com a adaptabilidade \u00e0 tens\u00e3o global, torna-o ideal para os empreiteiros que trabalham em v\u00e1rias regi\u00f5es.<\/p>\n<h3 data-start=\"1798\" data-end=\"1856\">Principais carater\u00edsticas da m\u00e1quina de endireitar vergalh\u00f5es GTU4-12B<\/h3>\n<ul data-start=\"1858\" data-end=\"2118\">\n<li data-start=\"1858\" data-end=\"1916\">\n<p data-start=\"1860\" data-end=\"1916\">Endireita vergalh\u00f5es de 4-12 mm de forma eficiente e fi\u00e1vel<\/p>\n<\/li>\n<li data-start=\"1917\" data-end=\"1990\">\n<p data-start=\"1919\" data-end=\"1990\">Adequado para estaleiros sider\u00fargicos, mercados de exporta\u00e7\u00e3o e aplica\u00e7\u00f5es industriais<\/p>\n<\/li>\n<li data-start=\"1991\" data-end=\"2053\">\n<p data-start=\"1993\" data-end=\"2053\">Tra\u00e7\u00e3o est\u00e1vel e rolos ajust\u00e1veis para uma sa\u00edda direita<\/p>\n<\/li>\n<li data-start=\"2054\" data-end=\"2118\">\n<p data-start=\"2056\" data-end=\"2118\">Design compacto e de f\u00e1cil exporta\u00e7\u00e3o com suporte de dupla tens\u00e3o<\/p>\n<\/li>\n<\/ul>\n<p><iframe title=\"#construction #constructionworker #rebarmachine #rebarcutter #rebarmachine #rebar\" width=\"720\" height=\"405\" src=\"https:\/\/www.youtube.com\/embed\/iSdgJyeed00?feature=oembed\" frameborder=\"0\" allow=\"accelerometer; autoplay; clipboard-write; encrypted-media; gyroscope; picture-in-picture; web-share\" referrerpolicy=\"strict-origin-when-cross-origin\" allowfullscreen><\/iframe><\/p>","protected":false},"excerpt":{"rendered":"<p>A GTU4-12B endireita vergalh\u00f5es de a\u00e7o de 4-12 mm a partir de bobinas. Concebida para utiliza\u00e7\u00e3o no terreno e na f\u00e1brica, proporciona uma for\u00e7a de tra\u00e7\u00e3o forte e um endireitamento preciso com compatibilidade de tens\u00e3o global.<\/p>","protected":false},"featured_media":9018,"template":"","meta":{"_kad_post_transparent":"default","_kad_post_title":"","_kad_post_layout":"default","_kad_post_sidebar_id":"","_kad_post_content_style":"default","_kad_post_vertical_padding":"default","_kad_post_feature":"","_kad_post_feature_position":"","_kad_post_header":false,"_kad_post_footer":false},"product_brand":[],"product_cat":[62],"product_tag":[1026,1028,1030,1031,1034,1027,1032,1025,1029,1033],"class_list":{"0":"post-9017","1":"product","2":"type-product","3":"status-publish","4":"has-post-thumbnail","6":"product_cat-rebar-straightening-machine","7":"product_tag-automatic-rebar-straightener","8":"product_tag-cnc-rebar-straightening-equipment","9":"product_tag-coiled-rebar-straightening-machine","10":"product_tag-construction-bar-straightening-machine","11":"product_tag-high-speed-rebar-straightening-tool","12":"product_tag-hydraulic-rebar-straightening-machine","13":"product_tag-rebar-leveling-and-cutting-machine","14":"product_tag-steel-bar-straightening-machine","15":"product_tag-steel-wire-straightener-and-cutter","16":"product_tag-straightening-machine-for-steel-rods","18":"first","19":"instock","20":"shipping-taxable","21":"product-type-simple","22":"entry","23":"content-bg","24":"loop-entry"},"yoast_head":"<!-- This site is optimized with the Yoast SEO plugin v25.3.1 - https:\/\/yoast.com\/wordpress\/plugins\/seo\/ -->\n<title>Rebar Straightening Machine GTU4-12B - HSY Construction Machinery<\/title>\n<meta name=\"description\" content=\"Rebar Straightening Machine GTU4-12B processes 4\u201312mm coil bars. Ideal for industrial and export use with high power, precision rollers, and compact size.\" \/>\n<meta name=\"robots\" content=\"index, follow, max-snippet:-1, max-image-preview:large, max-video-preview:-1\" \/>\n<link rel=\"canonical\" href=\"https:\/\/www.hsymachinery.com\/pt\/product\/maquina-de-endireitar-vergalhoes-gtu4-12b\/\" \/>\n<meta property=\"og:locale\" content=\"pt_PT\" \/>\n<meta property=\"og:type\" content=\"article\" \/>\n<meta property=\"og:title\" content=\"Rebar Straightening Machine GTU4-12B - HSY Construction Machinery\" \/>\n<meta property=\"og:description\" content=\"Rebar Straightening Machine GTU4-12B processes 4\u201312mm coil bars. Ideal for industrial and export use with high power, precision rollers, and compact size.\" \/>\n<meta property=\"og:url\" content=\"https:\/\/www.hsymachinery.com\/pt\/product\/maquina-de-endireitar-vergalhoes-gtu4-12b\/\" \/>\n<meta property=\"og:site_name\" content=\"HSY Construction Machinery\" \/>\n<meta property=\"article:modified_time\" content=\"2025-06-27T16:27:56+00:00\" \/>\n<meta property=\"og:image\" content=\"https:\/\/www.hsymachinery.com\/wp-content\/uploads\/2025\/06\/Rebar-Straightening-Machine-GTU4-12B.jpg\" \/>\n\t<meta property=\"og:image:width\" content=\"600\" \/>\n\t<meta property=\"og:image:height\" content=\"600\" \/>\n\t<meta property=\"og:image:type\" content=\"image\/jpeg\" \/>\n<meta name=\"twitter:card\" content=\"summary_large_image\" \/>\n<meta name=\"twitter:label1\" content=\"Tempo estimado de leitura\" \/>\n\t<meta name=\"twitter:data1\" content=\"2 minutos\" \/>\n<script type=\"application\/ld+json\" class=\"yoast-schema-graph\">{\"@context\":\"https:\/\/schema.org\",\"@graph\":[{\"@type\":\"WebPage\",\"@id\":\"https:\/\/www.hsymachinery.com\/product\/rebar-straightening-machine-gtu4-12b\/\",\"url\":\"https:\/\/www.hsymachinery.com\/product\/rebar-straightening-machine-gtu4-12b\/\",\"name\":\"Rebar Straightening Machine GTU4-12B - HSY Construction Machinery\",\"isPartOf\":{\"@id\":\"https:\/\/www.hsymachinery.com\/#website\"},\"primaryImageOfPage\":{\"@id\":\"https:\/\/www.hsymachinery.com\/product\/rebar-straightening-machine-gtu4-12b\/#primaryimage\"},\"image\":{\"@id\":\"https:\/\/www.hsymachinery.com\/product\/rebar-straightening-machine-gtu4-12b\/#primaryimage\"},\"thumbnailUrl\":\"https:\/\/www.hsymachinery.com\/wp-content\/uploads\/2025\/06\/Rebar-Straightening-Machine-GTU4-12B.jpg\",\"datePublished\":\"2025-06-18T06:20:41+00:00\",\"dateModified\":\"2025-06-27T16:27:56+00:00\",\"description\":\"Rebar Straightening Machine GTU4-12B processes 4\u201312mm coil bars. Ideal for industrial and export use with high power, precision rollers, and compact size.\",\"breadcrumb\":{\"@id\":\"https:\/\/www.hsymachinery.com\/product\/rebar-straightening-machine-gtu4-12b\/#breadcrumb\"},\"inLanguage\":\"pt-PT\",\"potentialAction\":[{\"@type\":\"ReadAction\",\"target\":[\"https:\/\/www.hsymachinery.com\/product\/rebar-straightening-machine-gtu4-12b\/\"]}]},{\"@type\":\"ImageObject\",\"inLanguage\":\"pt-PT\",\"@id\":\"https:\/\/www.hsymachinery.com\/product\/rebar-straightening-machine-gtu4-12b\/#primaryimage\",\"url\":\"https:\/\/www.hsymachinery.com\/wp-content\/uploads\/2025\/06\/Rebar-Straightening-Machine-GTU4-12B.jpg\",\"contentUrl\":\"https:\/\/www.hsymachinery.com\/wp-content\/uploads\/2025\/06\/Rebar-Straightening-Machine-GTU4-12B.jpg\",\"width\":600,\"height\":600},{\"@type\":\"BreadcrumbList\",\"@id\":\"https:\/\/www.hsymachinery.com\/product\/rebar-straightening-machine-gtu4-12b\/#breadcrumb\",\"itemListElement\":[{\"@type\":\"ListItem\",\"position\":1,\"name\":\"home\",\"item\":\"https:\/\/www.hsymachinery.com\/\"},{\"@type\":\"ListItem\",\"position\":2,\"name\":\"products\",\"item\":\"https:\/\/www.hsymachinery.com\/products\/\"},{\"@type\":\"ListItem\",\"position\":3,\"name\":\"Rebar Straightening Machine GTU4-12B\"}]},{\"@type\":\"WebSite\",\"@id\":\"https:\/\/www.hsymachinery.com\/#website\",\"url\":\"https:\/\/www.hsymachinery.com\/\",\"name\":\"HSY Construction Machinery\",\"description\":\"HSY Machinery \u2013 A leading China construction machinery supplier, offering a wide range of light construction equipment. Our main products include Rebar Cutting Machine, Rebar Bending Machine, Rebar Stirrup Bending Machine, Rebar Arc Bending Machine, Rebar Straightening Machine, Five-Head Rebar Stirrup Bending Machine, Tamping Rammer, Plate Compactor, Concrete Cutter, Power Trowel, and other construction machinery. We are equipped with advanced CNC machines, and we enforce strict quality inspection standards along with comprehensive after-sales service. If you are interested in our products or services, we warmly welcome your inquiries via message.\",\"publisher\":{\"@id\":\"https:\/\/www.hsymachinery.com\/#organization\"},\"potentialAction\":[{\"@type\":\"SearchAction\",\"target\":{\"@type\":\"EntryPoint\",\"urlTemplate\":\"https:\/\/www.hsymachinery.com\/?s={search_term_string}\"},\"query-input\":{\"@type\":\"PropertyValueSpecification\",\"valueRequired\":true,\"valueName\":\"search_term_string\"}}],\"inLanguage\":\"pt-PT\"},{\"@type\":\"Organization\",\"@id\":\"https:\/\/www.hsymachinery.com\/#organization\",\"name\":\"HSY Construction Machinery\",\"url\":\"https:\/\/www.hsymachinery.com\/\",\"logo\":{\"@type\":\"ImageObject\",\"inLanguage\":\"pt-PT\",\"@id\":\"https:\/\/www.hsymachinery.com\/#\/schema\/logo\/image\/\",\"url\":\"https:\/\/www.hsymachinery.com\/wp-content\/uploads\/2025\/06\/cropped-HSY-machinery.png\",\"contentUrl\":\"https:\/\/www.hsymachinery.com\/wp-content\/uploads\/2025\/06\/cropped-HSY-machinery.png\",\"width\":600,\"height\":240,\"caption\":\"HSY Construction Machinery\"},\"image\":{\"@id\":\"https:\/\/www.hsymachinery.com\/#\/schema\/logo\/image\/\"}}]}<\/script>\n<!-- \/ Yoast SEO plugin. -->","yoast_head_json":{"title":"M\u00e1quina de endireitar vergalh\u00f5es GTU4-12B - HSY Construction Machinery","description":"A m\u00e1quina de endireitar vergalh\u00f5es GTU4-12B processa barras de bobina de 4-12mm. Ideal para uso industrial e exporta\u00e7\u00e3o com alta pot\u00eancia, rolos de precis\u00e3o e tamanho compacto.","robots":{"index":"index","follow":"follow","max-snippet":"max-snippet:-1","max-image-preview":"max-image-preview:large","max-video-preview":"max-video-preview:-1"},"canonical":"https:\/\/www.hsymachinery.com\/pt\/product\/maquina-de-endireitar-vergalhoes-gtu4-12b\/","og_locale":"pt_PT","og_type":"article","og_title":"Rebar Straightening Machine GTU4-12B - HSY Construction Machinery","og_description":"Rebar Straightening Machine GTU4-12B processes 4\u201312mm coil bars. Ideal for industrial and export use with high power, precision rollers, and compact size.","og_url":"https:\/\/www.hsymachinery.com\/pt\/product\/maquina-de-endireitar-vergalhoes-gtu4-12b\/","og_site_name":"HSY Construction Machinery","article_modified_time":"2025-06-27T16:27:56+00:00","og_image":[{"width":600,"height":600,"url":"https:\/\/www.hsymachinery.com\/wp-content\/uploads\/2025\/06\/Rebar-Straightening-Machine-GTU4-12B.jpg","type":"image\/jpeg"}],"twitter_card":"summary_large_image","twitter_misc":{"Tempo estimado de leitura":"2 minutos"},"schema":{"@context":"https:\/\/schema.org","@graph":[{"@type":"WebPage","@id":"https:\/\/www.hsymachinery.com\/product\/rebar-straightening-machine-gtu4-12b\/","url":"https:\/\/www.hsymachinery.com\/product\/rebar-straightening-machine-gtu4-12b\/","name":"M\u00e1quina de endireitar vergalh\u00f5es GTU4-12B - HSY Construction Machinery","isPartOf":{"@id":"https:\/\/www.hsymachinery.com\/#website"},"primaryImageOfPage":{"@id":"https:\/\/www.hsymachinery.com\/product\/rebar-straightening-machine-gtu4-12b\/#primaryimage"},"image":{"@id":"https:\/\/www.hsymachinery.com\/product\/rebar-straightening-machine-gtu4-12b\/#primaryimage"},"thumbnailUrl":"https:\/\/www.hsymachinery.com\/wp-content\/uploads\/2025\/06\/Rebar-Straightening-Machine-GTU4-12B.jpg","datePublished":"2025-06-18T06:20:41+00:00","dateModified":"2025-06-27T16:27:56+00:00","description":"A m\u00e1quina de endireitar vergalh\u00f5es GTU4-12B processa barras de bobina de 4-12mm. Ideal para uso industrial e exporta\u00e7\u00e3o com alta pot\u00eancia, rolos de precis\u00e3o e tamanho compacto.","breadcrumb":{"@id":"https:\/\/www.hsymachinery.com\/product\/rebar-straightening-machine-gtu4-12b\/#breadcrumb"},"inLanguage":"pt-PT","potentialAction":[{"@type":"ReadAction","target":["https:\/\/www.hsymachinery.com\/product\/rebar-straightening-machine-gtu4-12b\/"]}]},{"@type":"ImageObject","inLanguage":"pt-PT","@id":"https:\/\/www.hsymachinery.com\/product\/rebar-straightening-machine-gtu4-12b\/#primaryimage","url":"https:\/\/www.hsymachinery.com\/wp-content\/uploads\/2025\/06\/Rebar-Straightening-Machine-GTU4-12B.jpg","contentUrl":"https:\/\/www.hsymachinery.com\/wp-content\/uploads\/2025\/06\/Rebar-Straightening-Machine-GTU4-12B.jpg","width":600,"height":600},{"@type":"BreadcrumbList","@id":"https:\/\/www.hsymachinery.com\/product\/rebar-straightening-machine-gtu4-12b\/#breadcrumb","itemListElement":[{"@type":"ListItem","position":1,"name":"home","item":"https:\/\/www.hsymachinery.com\/"},{"@type":"ListItem","position":2,"name":"products","item":"https:\/\/www.hsymachinery.com\/products\/"},{"@type":"ListItem","position":3,"name":"Rebar Straightening Machine GTU4-12B"}]},{"@type":"WebSite","@id":"https:\/\/www.hsymachinery.com\/#website","url":"https:\/\/www.hsymachinery.com\/","name":"M\u00e1quinas de constru\u00e7\u00e3o HSY","description":"HSY Machinery - Um fornecedor l\u00edder de m\u00e1quinas de constru\u00e7\u00e3o na China, oferecendo uma ampla gama de equipamentos de constru\u00e7\u00e3o leve. Nossos principais produtos incluem m\u00e1quina de corte de vergalh\u00e3o, m\u00e1quina dobradeira de vergalh\u00e3o, m\u00e1quina dobradeira de estribo de vergalh\u00e3o, m\u00e1quina dobradeira de arco de vergalh\u00e3o, m\u00e1quina de endireitar vergalh\u00e3o, m\u00e1quina dobradeira de estribo de vergalh\u00e3o de cinco cabe\u00e7as, compactador de placa, cortador de concreto, esp\u00e1tula el\u00e9trica e outras m\u00e1quinas de constru\u00e7\u00e3o. Estamos equipados com m\u00e1quinas CNC avan\u00e7adas, e n\u00f3s aplicamos rigorosas normas de inspe\u00e7\u00e3o de qualidade, juntamente com o servi\u00e7o p\u00f3s-venda abrangente. Se voc\u00ea est\u00e1 interessado em nossos produtos ou servi\u00e7os, congratulamo-nos com as suas perguntas atrav\u00e9s de mensagem.","publisher":{"@id":"https:\/\/www.hsymachinery.com\/#organization"},"potentialAction":[{"@type":"SearchAction","target":{"@type":"EntryPoint","urlTemplate":"https:\/\/www.hsymachinery.com\/?s={search_term_string}"},"query-input":{"@type":"PropertyValueSpecification","valueRequired":true,"valueName":"search_term_string"}}],"inLanguage":"pt-PT"},{"@type":"Organization","@id":"https:\/\/www.hsymachinery.com\/#organization","name":"M\u00e1quinas de constru\u00e7\u00e3o HSY","url":"https:\/\/www.hsymachinery.com\/","logo":{"@type":"ImageObject","inLanguage":"pt-PT","@id":"https:\/\/www.hsymachinery.com\/#\/schema\/logo\/image\/","url":"https:\/\/www.hsymachinery.com\/wp-content\/uploads\/2025\/06\/cropped-HSY-machinery.png","contentUrl":"https:\/\/www.hsymachinery.com\/wp-content\/uploads\/2025\/06\/cropped-HSY-machinery.png","width":600,"height":240,"caption":"HSY Construction Machinery"},"image":{"@id":"https:\/\/www.hsymachinery.com\/#\/schema\/logo\/image\/"}}]}},"_links":{"self":[{"href":"https:\/\/www.hsymachinery.com\/pt\/wp-json\/wp\/v2\/product\/9017","targetHints":{"allow":["GET"]}}],"collection":[{"href":"https:\/\/www.hsymachinery.com\/pt\/wp-json\/wp\/v2\/product"}],"about":[{"href":"https:\/\/www.hsymachinery.com\/pt\/wp-json\/wp\/v2\/types\/product"}],"version-history":[{"count":3,"href":"https:\/\/www.hsymachinery.com\/pt\/wp-json\/wp\/v2\/product\/9017\/revisions"}],"predecessor-version":[{"id":9439,"href":"https:\/\/www.hsymachinery.com\/pt\/wp-json\/wp\/v2\/product\/9017\/revisions\/9439"}],"wp:featuredmedia":[{"embeddable":true,"href":"https:\/\/www.hsymachinery.com\/pt\/wp-json\/wp\/v2\/media\/9018"}],"wp:attachment":[{"href":"https:\/\/www.hsymachinery.com\/pt\/wp-json\/wp\/v2\/media?parent=9017"}],"wp:term":[{"taxonomy":"product_brand","embeddable":true,"href":"https:\/\/www.hsymachinery.com\/pt\/wp-json\/wp\/v2\/product_brand?post=9017"},{"taxonomy":"product_cat","embeddable":true,"href":"https:\/\/www.hsymachinery.com\/pt\/wp-json\/wp\/v2\/product_cat?post=9017"},{"taxonomy":"product_tag","embeddable":true,"href":"https:\/\/www.hsymachinery.com\/pt\/wp-json\/wp\/v2\/product_tag?post=9017"}],"curies":[{"name":"wp","href":"https:\/\/api.w.org\/{rel}","templated":true}]}}