{"id":9013,"date":"2025-06-18T14:18:53","date_gmt":"2025-06-18T06:18:53","guid":{"rendered":"https:\/\/www.hsymachinery.com\/?post_type=product&#038;p=9013"},"modified":"2025-06-28T00:29:56","modified_gmt":"2025-06-27T16:29:56","slug":"maquina-de-endireitar-vergalhoes-gtu4-12a","status":"publish","type":"product","link":"https:\/\/www.hsymachinery.com\/pt\/product\/maquina-de-endireitar-vergalhoes-gtu4-12a\/","title":{"rendered":"M\u00e1quina de endireitar vergalh\u00f5es GTU4-12A"},"content":{"rendered":"<h2 data-start=\"108\" data-end=\"152\">M\u00e1quina de endireitar vergalh\u00f5es GTU4-12A<\/h2>\n<h3 data-start=\"153\" data-end=\"275\">GTU4-12A M\u00e1quina de endireitamento autom\u00e1tico para vergalh\u00e3o de 4-12mm | Endireitadeira de vergalh\u00e3o em bobina compacta para exporta\u00e7\u00e3o e uso no local<\/h3>\n<h3 data-start=\"282\" data-end=\"362\">Vis\u00e3o geral do produto - Endireitamento eficiente para barras de a\u00e7o de di\u00e2metro m\u00e9dio<\/h3>\n<p data-start=\"364\" data-end=\"658\">O <strong data-start=\"368\" data-end=\"408\"><a href=\"https:\/\/www.hsymachinery.com\/pt\/produtos\/maquina-de-endireitar-vergalhoes\/\" target=\"_blank\" rel=\"noopener\">M\u00e1quina de endireitar vergalh\u00f5es<\/a> GTU4-12A<\/strong> foi concebido para lidar com <strong data-start=\"428\" data-end=\"456\">Vergalh\u00f5es enrolados de 4mm a 12mm<\/strong>A m\u00e1quina de endireitar \u00e9 um equipamento de alta qualidade, que oferece uma solu\u00e7\u00e3o equilibrada em termos de velocidade e precis\u00e3o. \u00c9 ideal para empresas de constru\u00e7\u00e3o, fabricantes de a\u00e7o e exportadores que procuram uma unidade de endireitamento compacta e econ\u00f3mica.<\/p>\n<p data-start=\"660\" data-end=\"801\">Esta m\u00e1quina endireita vergalh\u00f5es deformados ou enrolados em comprimentos precisos e prontos para uso, aumentando a produtividade e reduzindo o desperd\u00edcio de material.<\/p>\n<h3 data-start=\"808\" data-end=\"861\">\u00a0Rolos ajust\u00e1veis e controlo de alimenta\u00e7\u00e3o consistente<\/h3>\n<p data-start=\"863\" data-end=\"1117\">Pode configurar rapidamente a GTU4-12A ajustando o espa\u00e7amento dos rolos e as defini\u00e7\u00f5es de alinhamento para corresponder ao tamanho da barra. O seu motor de bin\u00e1rio elevado proporciona uma pot\u00eancia de tra\u00e7\u00e3o suave para garantir que cada barra \u00e9 endireitada uniformemente, com o m\u00ednimo de vibra\u00e7\u00e3o ou desvio.<\/p>\n<p data-start=\"1119\" data-end=\"1284\">O controlo do seletor de velocidade permite-lhe regular a velocidade de avan\u00e7o de acordo com os diferentes tipos de barras de a\u00e7o, mantendo o seu trabalho r\u00e1pido e preciso sem danificar o material.<\/p>\n<h3 data-start=\"1291\" data-end=\"1354\">Conce\u00e7\u00e3o eficiente em termos de espa\u00e7o com compatibilidade de tens\u00e3o global<\/h3>\n<p data-start=\"1356\" data-end=\"1611\">A GTU4-12A possui uma estrutura compacta, facilitando o seu transporte e posicionamento em oficinas ou locais tempor\u00e1rios. Suporta uma entrada de 220V ou 380V (50Hz\/60Hz), permitindo que os empreiteiros e distribuidores utilizem a m\u00e1quina globalmente sem modifica\u00e7\u00f5es.<\/p>\n<p data-start=\"1613\" data-end=\"1732\">A sua mobilidade, combinada com a fiabilidade de n\u00edvel industrial, torna-a uma excelente escolha tanto para o mercado interno como para a exporta\u00e7\u00e3o.<\/p>\n<h3 data-start=\"1739\" data-end=\"1797\">Principais carater\u00edsticas da m\u00e1quina de endireitar vergalh\u00f5es GTU4-12A<\/h3>\n<ul data-start=\"1799\" data-end=\"2046\">\n<li data-start=\"1799\" data-end=\"1862\">\n<p data-start=\"1801\" data-end=\"1862\">Endireita barras de a\u00e7o de 4-12 mm a partir de bobinas com elevada precis\u00e3o<\/p>\n<\/li>\n<li data-start=\"1863\" data-end=\"1935\">\n<p data-start=\"1865\" data-end=\"1935\">Adequado para oficinas, locais de trabalho e fornecedores internacionais de vergalh\u00f5es<\/p>\n<\/li>\n<li data-start=\"1936\" data-end=\"1987\">\n<p data-start=\"1938\" data-end=\"1987\">Sistema de rolos e defini\u00e7\u00f5es de velocidade f\u00e1ceis de ajustar<\/p>\n<\/li>\n<li data-start=\"1988\" data-end=\"2046\">\n<p data-start=\"1990\" data-end=\"2046\">Estrutura compacta e dupla voltagem para uma utiliza\u00e7\u00e3o flex\u00edvel<\/p>\n<\/li>\n<\/ul>\n<p><iframe title=\"#construction #constructionworker #rebarmachine #rebarcutter #rebarmachine #rebar\" width=\"720\" height=\"405\" src=\"https:\/\/www.youtube.com\/embed\/iSdgJyeed00?feature=oembed\" frameborder=\"0\" allow=\"accelerometer; autoplay; clipboard-write; encrypted-media; gyroscope; picture-in-picture; web-share\" referrerpolicy=\"strict-origin-when-cross-origin\" allowfullscreen><\/iframe><\/p>","protected":false},"excerpt":{"rendered":"<p>A GTU4-12A endireita vergalh\u00f5es enrolados de 4-12mm em barras retas. Ideal para exporta\u00e7\u00e3o e utiliza\u00e7\u00e3o no terreno, com velocidade ajust\u00e1vel e estrutura compacta para opera\u00e7\u00f5es m\u00f3veis.<\/p>","protected":false},"featured_media":9015,"template":"","meta":{"_kad_post_transparent":"default","_kad_post_title":"","_kad_post_layout":"default","_kad_post_sidebar_id":"","_kad_post_content_style":"default","_kad_post_vertical_padding":"default","_kad_post_feature":"","_kad_post_feature_position":"","_kad_post_header":false,"_kad_post_footer":false},"product_brand":[],"product_cat":[62],"product_tag":[1026,1028,1030,1031,1034,1027,1032,1025,1029,1033],"class_list":{"0":"post-9013","1":"product","2":"type-product","3":"status-publish","4":"has-post-thumbnail","6":"product_cat-rebar-straightening-machine","7":"product_tag-automatic-rebar-straightener","8":"product_tag-cnc-rebar-straightening-equipment","9":"product_tag-coiled-rebar-straightening-machine","10":"product_tag-construction-bar-straightening-machine","11":"product_tag-high-speed-rebar-straightening-tool","12":"product_tag-hydraulic-rebar-straightening-machine","13":"product_tag-rebar-leveling-and-cutting-machine","14":"product_tag-steel-bar-straightening-machine","15":"product_tag-steel-wire-straightener-and-cutter","16":"product_tag-straightening-machine-for-steel-rods","18":"first","19":"instock","20":"shipping-taxable","21":"product-type-simple","22":"entry","23":"content-bg","24":"loop-entry"},"yoast_head":"<!-- This site is optimized with the Yoast SEO plugin v25.3.1 - https:\/\/yoast.com\/wordpress\/plugins\/seo\/ -->\n<title>Rebar Straightening Machine GTU4-12A - HSY Construction Machinery<\/title>\n<meta name=\"description\" content=\"Rebar Straightening Machine GTU4-12A processes 4\u201312mm coil steel bars. Compact, efficient, and voltage-adaptable for export or construction use.\" \/>\n<meta name=\"robots\" content=\"index, follow, max-snippet:-1, max-image-preview:large, max-video-preview:-1\" \/>\n<link rel=\"canonical\" href=\"https:\/\/www.hsymachinery.com\/pt\/product\/maquina-de-endireitar-vergalhoes-gtu4-12a\/\" \/>\n<meta property=\"og:locale\" content=\"pt_PT\" \/>\n<meta property=\"og:type\" content=\"article\" \/>\n<meta property=\"og:title\" content=\"Rebar Straightening Machine GTU4-12A - HSY Construction Machinery\" \/>\n<meta property=\"og:description\" content=\"Rebar Straightening Machine GTU4-12A processes 4\u201312mm coil steel bars. Compact, efficient, and voltage-adaptable for export or construction use.\" \/>\n<meta property=\"og:url\" content=\"https:\/\/www.hsymachinery.com\/pt\/product\/maquina-de-endireitar-vergalhoes-gtu4-12a\/\" \/>\n<meta property=\"og:site_name\" content=\"HSY Construction Machinery\" \/>\n<meta property=\"article:modified_time\" content=\"2025-06-27T16:29:56+00:00\" \/>\n<meta property=\"og:image\" content=\"https:\/\/www.hsymachinery.com\/wp-content\/uploads\/2025\/06\/Rebar-Straightening-Machine-GTU4-12A.jpg\" \/>\n\t<meta property=\"og:image:width\" content=\"600\" \/>\n\t<meta property=\"og:image:height\" content=\"600\" \/>\n\t<meta property=\"og:image:type\" content=\"image\/jpeg\" \/>\n<meta name=\"twitter:card\" content=\"summary_large_image\" \/>\n<meta name=\"twitter:label1\" content=\"Tempo estimado de leitura\" \/>\n\t<meta name=\"twitter:data1\" content=\"2 minutos\" \/>\n<script type=\"application\/ld+json\" class=\"yoast-schema-graph\">{\"@context\":\"https:\/\/schema.org\",\"@graph\":[{\"@type\":\"WebPage\",\"@id\":\"https:\/\/www.hsymachinery.com\/product\/rebar-straightening-machine-gtu4-12a\/\",\"url\":\"https:\/\/www.hsymachinery.com\/product\/rebar-straightening-machine-gtu4-12a\/\",\"name\":\"Rebar Straightening Machine GTU4-12A - HSY Construction Machinery\",\"isPartOf\":{\"@id\":\"https:\/\/www.hsymachinery.com\/#website\"},\"primaryImageOfPage\":{\"@id\":\"https:\/\/www.hsymachinery.com\/product\/rebar-straightening-machine-gtu4-12a\/#primaryimage\"},\"image\":{\"@id\":\"https:\/\/www.hsymachinery.com\/product\/rebar-straightening-machine-gtu4-12a\/#primaryimage\"},\"thumbnailUrl\":\"https:\/\/www.hsymachinery.com\/wp-content\/uploads\/2025\/06\/Rebar-Straightening-Machine-GTU4-12A.jpg\",\"datePublished\":\"2025-06-18T06:18:53+00:00\",\"dateModified\":\"2025-06-27T16:29:56+00:00\",\"description\":\"Rebar Straightening Machine GTU4-12A processes 4\u201312mm coil steel bars. Compact, efficient, and voltage-adaptable for export or construction use.\",\"breadcrumb\":{\"@id\":\"https:\/\/www.hsymachinery.com\/product\/rebar-straightening-machine-gtu4-12a\/#breadcrumb\"},\"inLanguage\":\"pt-PT\",\"potentialAction\":[{\"@type\":\"ReadAction\",\"target\":[\"https:\/\/www.hsymachinery.com\/product\/rebar-straightening-machine-gtu4-12a\/\"]}]},{\"@type\":\"ImageObject\",\"inLanguage\":\"pt-PT\",\"@id\":\"https:\/\/www.hsymachinery.com\/product\/rebar-straightening-machine-gtu4-12a\/#primaryimage\",\"url\":\"https:\/\/www.hsymachinery.com\/wp-content\/uploads\/2025\/06\/Rebar-Straightening-Machine-GTU4-12A.jpg\",\"contentUrl\":\"https:\/\/www.hsymachinery.com\/wp-content\/uploads\/2025\/06\/Rebar-Straightening-Machine-GTU4-12A.jpg\",\"width\":600,\"height\":600},{\"@type\":\"BreadcrumbList\",\"@id\":\"https:\/\/www.hsymachinery.com\/product\/rebar-straightening-machine-gtu4-12a\/#breadcrumb\",\"itemListElement\":[{\"@type\":\"ListItem\",\"position\":1,\"name\":\"home\",\"item\":\"https:\/\/www.hsymachinery.com\/\"},{\"@type\":\"ListItem\",\"position\":2,\"name\":\"products\",\"item\":\"https:\/\/www.hsymachinery.com\/products\/\"},{\"@type\":\"ListItem\",\"position\":3,\"name\":\"Rebar Straightening Machine GTU4-12A\"}]},{\"@type\":\"WebSite\",\"@id\":\"https:\/\/www.hsymachinery.com\/#website\",\"url\":\"https:\/\/www.hsymachinery.com\/\",\"name\":\"HSY Construction Machinery\",\"description\":\"HSY Machinery \u2013 A leading China construction machinery supplier, offering a wide range of light construction equipment. Our main products include Rebar Cutting Machine, Rebar Bending Machine, Rebar Stirrup Bending Machine, Rebar Arc Bending Machine, Rebar Straightening Machine, Five-Head Rebar Stirrup Bending Machine, Tamping Rammer, Plate Compactor, Concrete Cutter, Power Trowel, and other construction machinery. We are equipped with advanced CNC machines, and we enforce strict quality inspection standards along with comprehensive after-sales service. If you are interested in our products or services, we warmly welcome your inquiries via message.\",\"publisher\":{\"@id\":\"https:\/\/www.hsymachinery.com\/#organization\"},\"potentialAction\":[{\"@type\":\"SearchAction\",\"target\":{\"@type\":\"EntryPoint\",\"urlTemplate\":\"https:\/\/www.hsymachinery.com\/?s={search_term_string}\"},\"query-input\":{\"@type\":\"PropertyValueSpecification\",\"valueRequired\":true,\"valueName\":\"search_term_string\"}}],\"inLanguage\":\"pt-PT\"},{\"@type\":\"Organization\",\"@id\":\"https:\/\/www.hsymachinery.com\/#organization\",\"name\":\"HSY Construction Machinery\",\"url\":\"https:\/\/www.hsymachinery.com\/\",\"logo\":{\"@type\":\"ImageObject\",\"inLanguage\":\"pt-PT\",\"@id\":\"https:\/\/www.hsymachinery.com\/#\/schema\/logo\/image\/\",\"url\":\"https:\/\/www.hsymachinery.com\/wp-content\/uploads\/2025\/06\/cropped-HSY-machinery.png\",\"contentUrl\":\"https:\/\/www.hsymachinery.com\/wp-content\/uploads\/2025\/06\/cropped-HSY-machinery.png\",\"width\":600,\"height\":240,\"caption\":\"HSY Construction Machinery\"},\"image\":{\"@id\":\"https:\/\/www.hsymachinery.com\/#\/schema\/logo\/image\/\"}}]}<\/script>\n<!-- \/ Yoast SEO plugin. -->","yoast_head_json":{"title":"M\u00e1quina de endireitar vergalh\u00f5es GTU4-12A - HSY Construction Machinery","description":"A m\u00e1quina de endireitar vergalh\u00f5es GTU4-12A processa barras de a\u00e7o em bobina de 4-12 mm. Compacta, eficiente e adapt\u00e1vel \u00e0 tens\u00e3o para exporta\u00e7\u00e3o ou utiliza\u00e7\u00e3o na constru\u00e7\u00e3o.","robots":{"index":"index","follow":"follow","max-snippet":"max-snippet:-1","max-image-preview":"max-image-preview:large","max-video-preview":"max-video-preview:-1"},"canonical":"https:\/\/www.hsymachinery.com\/pt\/product\/maquina-de-endireitar-vergalhoes-gtu4-12a\/","og_locale":"pt_PT","og_type":"article","og_title":"Rebar Straightening Machine GTU4-12A - HSY Construction Machinery","og_description":"Rebar Straightening Machine GTU4-12A processes 4\u201312mm coil steel bars. Compact, efficient, and voltage-adaptable for export or construction use.","og_url":"https:\/\/www.hsymachinery.com\/pt\/product\/maquina-de-endireitar-vergalhoes-gtu4-12a\/","og_site_name":"HSY Construction Machinery","article_modified_time":"2025-06-27T16:29:56+00:00","og_image":[{"width":600,"height":600,"url":"https:\/\/www.hsymachinery.com\/wp-content\/uploads\/2025\/06\/Rebar-Straightening-Machine-GTU4-12A.jpg","type":"image\/jpeg"}],"twitter_card":"summary_large_image","twitter_misc":{"Tempo estimado de leitura":"2 minutos"},"schema":{"@context":"https:\/\/schema.org","@graph":[{"@type":"WebPage","@id":"https:\/\/www.hsymachinery.com\/product\/rebar-straightening-machine-gtu4-12a\/","url":"https:\/\/www.hsymachinery.com\/product\/rebar-straightening-machine-gtu4-12a\/","name":"M\u00e1quina de endireitar vergalh\u00f5es GTU4-12A - HSY Construction Machinery","isPartOf":{"@id":"https:\/\/www.hsymachinery.com\/#website"},"primaryImageOfPage":{"@id":"https:\/\/www.hsymachinery.com\/product\/rebar-straightening-machine-gtu4-12a\/#primaryimage"},"image":{"@id":"https:\/\/www.hsymachinery.com\/product\/rebar-straightening-machine-gtu4-12a\/#primaryimage"},"thumbnailUrl":"https:\/\/www.hsymachinery.com\/wp-content\/uploads\/2025\/06\/Rebar-Straightening-Machine-GTU4-12A.jpg","datePublished":"2025-06-18T06:18:53+00:00","dateModified":"2025-06-27T16:29:56+00:00","description":"A m\u00e1quina de endireitar vergalh\u00f5es GTU4-12A processa barras de a\u00e7o em bobina de 4-12 mm. Compacta, eficiente e adapt\u00e1vel \u00e0 tens\u00e3o para exporta\u00e7\u00e3o ou utiliza\u00e7\u00e3o na constru\u00e7\u00e3o.","breadcrumb":{"@id":"https:\/\/www.hsymachinery.com\/product\/rebar-straightening-machine-gtu4-12a\/#breadcrumb"},"inLanguage":"pt-PT","potentialAction":[{"@type":"ReadAction","target":["https:\/\/www.hsymachinery.com\/product\/rebar-straightening-machine-gtu4-12a\/"]}]},{"@type":"ImageObject","inLanguage":"pt-PT","@id":"https:\/\/www.hsymachinery.com\/product\/rebar-straightening-machine-gtu4-12a\/#primaryimage","url":"https:\/\/www.hsymachinery.com\/wp-content\/uploads\/2025\/06\/Rebar-Straightening-Machine-GTU4-12A.jpg","contentUrl":"https:\/\/www.hsymachinery.com\/wp-content\/uploads\/2025\/06\/Rebar-Straightening-Machine-GTU4-12A.jpg","width":600,"height":600},{"@type":"BreadcrumbList","@id":"https:\/\/www.hsymachinery.com\/product\/rebar-straightening-machine-gtu4-12a\/#breadcrumb","itemListElement":[{"@type":"ListItem","position":1,"name":"home","item":"https:\/\/www.hsymachinery.com\/"},{"@type":"ListItem","position":2,"name":"products","item":"https:\/\/www.hsymachinery.com\/products\/"},{"@type":"ListItem","position":3,"name":"Rebar Straightening Machine GTU4-12A"}]},{"@type":"WebSite","@id":"https:\/\/www.hsymachinery.com\/#website","url":"https:\/\/www.hsymachinery.com\/","name":"M\u00e1quinas de constru\u00e7\u00e3o HSY","description":"HSY Machinery - Um fornecedor l\u00edder de m\u00e1quinas de constru\u00e7\u00e3o na China, oferecendo uma ampla gama de equipamentos de constru\u00e7\u00e3o leve. Nossos principais produtos incluem m\u00e1quina de corte de vergalh\u00e3o, m\u00e1quina dobradeira de vergalh\u00e3o, m\u00e1quina dobradeira de estribo de vergalh\u00e3o, m\u00e1quina dobradeira de arco de vergalh\u00e3o, m\u00e1quina de endireitar vergalh\u00e3o, m\u00e1quina dobradeira de estribo de vergalh\u00e3o de cinco cabe\u00e7as, compactador de placa, cortador de concreto, esp\u00e1tula el\u00e9trica e outras m\u00e1quinas de constru\u00e7\u00e3o. Estamos equipados com m\u00e1quinas CNC avan\u00e7adas, e n\u00f3s aplicamos rigorosas normas de inspe\u00e7\u00e3o de qualidade, juntamente com o servi\u00e7o p\u00f3s-venda abrangente. Se voc\u00ea est\u00e1 interessado em nossos produtos ou servi\u00e7os, congratulamo-nos com as suas perguntas atrav\u00e9s de mensagem.","publisher":{"@id":"https:\/\/www.hsymachinery.com\/#organization"},"potentialAction":[{"@type":"SearchAction","target":{"@type":"EntryPoint","urlTemplate":"https:\/\/www.hsymachinery.com\/?s={search_term_string}"},"query-input":{"@type":"PropertyValueSpecification","valueRequired":true,"valueName":"search_term_string"}}],"inLanguage":"pt-PT"},{"@type":"Organization","@id":"https:\/\/www.hsymachinery.com\/#organization","name":"M\u00e1quinas de constru\u00e7\u00e3o HSY","url":"https:\/\/www.hsymachinery.com\/","logo":{"@type":"ImageObject","inLanguage":"pt-PT","@id":"https:\/\/www.hsymachinery.com\/#\/schema\/logo\/image\/","url":"https:\/\/www.hsymachinery.com\/wp-content\/uploads\/2025\/06\/cropped-HSY-machinery.png","contentUrl":"https:\/\/www.hsymachinery.com\/wp-content\/uploads\/2025\/06\/cropped-HSY-machinery.png","width":600,"height":240,"caption":"HSY Construction Machinery"},"image":{"@id":"https:\/\/www.hsymachinery.com\/#\/schema\/logo\/image\/"}}]}},"_links":{"self":[{"href":"https:\/\/www.hsymachinery.com\/pt\/wp-json\/wp\/v2\/product\/9013","targetHints":{"allow":["GET"]}}],"collection":[{"href":"https:\/\/www.hsymachinery.com\/pt\/wp-json\/wp\/v2\/product"}],"about":[{"href":"https:\/\/www.hsymachinery.com\/pt\/wp-json\/wp\/v2\/types\/product"}],"version-history":[{"count":4,"href":"https:\/\/www.hsymachinery.com\/pt\/wp-json\/wp\/v2\/product\/9013\/revisions"}],"predecessor-version":[{"id":9440,"href":"https:\/\/www.hsymachinery.com\/pt\/wp-json\/wp\/v2\/product\/9013\/revisions\/9440"}],"wp:featuredmedia":[{"embeddable":true,"href":"https:\/\/www.hsymachinery.com\/pt\/wp-json\/wp\/v2\/media\/9015"}],"wp:attachment":[{"href":"https:\/\/www.hsymachinery.com\/pt\/wp-json\/wp\/v2\/media?parent=9013"}],"wp:term":[{"taxonomy":"product_brand","embeddable":true,"href":"https:\/\/www.hsymachinery.com\/pt\/wp-json\/wp\/v2\/product_brand?post=9013"},{"taxonomy":"product_cat","embeddable":true,"href":"https:\/\/www.hsymachinery.com\/pt\/wp-json\/wp\/v2\/product_cat?post=9013"},{"taxonomy":"product_tag","embeddable":true,"href":"https:\/\/www.hsymachinery.com\/pt\/wp-json\/wp\/v2\/product_tag?post=9013"}],"curies":[{"name":"wp","href":"https:\/\/api.w.org\/{rel}","templated":true}]}}