{"id":9010,"date":"2025-06-18T14:14:06","date_gmt":"2025-06-18T06:14:06","guid":{"rendered":"https:\/\/www.hsymachinery.com\/?post_type=product&#038;p=9010"},"modified":"2025-06-28T00:01:02","modified_gmt":"2025-06-27T16:01:02","slug":"maquina-de-endireitar-vergalhoes-gtd4-12","status":"publish","type":"product","link":"https:\/\/www.hsymachinery.com\/pt\/product\/maquina-de-endireitar-vergalhoes-gtd4-12\/","title":{"rendered":"M\u00e1quina de endireitar vergalh\u00f5es GTD4-12"},"content":{"rendered":"<h2 data-start=\"104\" data-end=\"147\">M\u00e1quina de endireitar vergalh\u00f5es GTD4-12<\/h2>\n<h3 data-start=\"148\" data-end=\"277\">GTD4-12 Endireitadeira de vergalh\u00f5es para servi\u00e7o pesado para barras de a\u00e7o de 4-12mm | Equipamento de endireitamento de bobinas de alta velocidade para projetos industriais<\/h3>\n<h3 data-start=\"284\" data-end=\"363\">Vis\u00e3o geral do produto - Endireitamento de alta velocidade para exig\u00eancias de vergalh\u00f5es industriais<\/h3>\n<p data-start=\"365\" data-end=\"699\">O <strong data-start=\"369\" data-end=\"408\"><a href=\"https:\/\/www.hsymachinery.com\/pt\/produtos\/maquina-de-endireitar-vergalhoes\/\" target=\"_blank\" rel=\"noopener\">M\u00e1quina de endireitar vergalh\u00f5es<\/a> GTD4-12<\/strong> foi concebido para lidar com <strong data-start=\"433\" data-end=\"466\">Barras de a\u00e7o enroladas de 4mm a 12mm<\/strong>tornando-a ideal para o processamento industrial de vergalh\u00f5es, f\u00e1bricas de pr\u00e9-fabrica\u00e7\u00e3o e trabalhos de constru\u00e7\u00e3o em grande escala. Endireita os vergalh\u00f5es com rapidez e precis\u00e3o, reduzindo significativamente o trabalho manual e melhorando a qualidade da produ\u00e7\u00e3o.<\/p>\n<p data-start=\"701\" data-end=\"819\">Os empreiteiros escolhem este modelo quando necessitam de resultados r\u00e1pidos e consistentes de a\u00e7o enrolado em ambientes de trabalho pesado.<\/p>\n<h3 data-start=\"826\" data-end=\"885\">Endireitar barras mais grossas com estabilidade e precis\u00e3o<\/h3>\n<p data-start=\"887\" data-end=\"1135\">Pode ajustar a posi\u00e7\u00e3o do rolo e a tens\u00e3o de alimenta\u00e7\u00e3o da GTD4-12 para se adaptar a diferentes di\u00e2metros de barras de a\u00e7o. O seu sistema de motor refor\u00e7ado proporciona uma for\u00e7a constante, permitindo um endireitamento suave e uniforme das barras, mesmo em ciclos de trabalho longos.<\/p>\n<p data-start=\"1137\" data-end=\"1323\">O controlo de velocidade ajust\u00e1vel permite-lhe fazer corresponder a produ\u00e7\u00e3o \u00e0s exig\u00eancias da carga de trabalho di\u00e1ria, enquanto o design anti-vibra\u00e7\u00e3o assegura um funcionamento est\u00e1vel e um alinhamento consistente.<\/p>\n<h3 data-start=\"1330\" data-end=\"1388\">Constru\u00eddo de forma robusta para utiliza\u00e7\u00e3o cont\u00ednua e prepara\u00e7\u00e3o para exporta\u00e7\u00e3o<\/h3>\n<p data-start=\"1390\" data-end=\"1660\">Constru\u00eddo em a\u00e7o de alta resist\u00eancia, o GTD4-12 foi concebido para utiliza\u00e7\u00e3o em trabalhos pesados. Inclui uma base compacta mas est\u00e1vel, rod\u00edzios industriais e um sistema de alimenta\u00e7\u00e3o de dupla voltagem (220V\/380V, 50Hz\/60Hz) - o que facilita a sua utiliza\u00e7\u00e3o em v\u00e1rias regi\u00f5es e locais de trabalho.<\/p>\n<p data-start=\"1662\" data-end=\"1796\">A sua capacidade de endireitamento fi\u00e1vel e a configura\u00e7\u00e3o compat\u00edvel com a exporta\u00e7\u00e3o fazem dela uma escolha de topo para fornecedores e empreiteiros internacionais de vergalh\u00f5es.<\/p>\n<h3 data-start=\"1803\" data-end=\"1860\">Principais carater\u00edsticas da m\u00e1quina de endireitar vergalh\u00f5es GTD4-12<\/h3>\n<ul data-start=\"1862\" data-end=\"2111\">\n<li data-start=\"1862\" data-end=\"1922\">\n<p data-start=\"1864\" data-end=\"1922\">Endireita barras de a\u00e7o de 4-12 mm a partir de bobinas com elevado rendimento<\/p>\n<\/li>\n<li data-start=\"1923\" data-end=\"1997\">\n<p data-start=\"1925\" data-end=\"1997\">Optimizado para pr\u00e9-fabrica\u00e7\u00e3o, refor\u00e7o industrial e utiliza\u00e7\u00e3o para exporta\u00e7\u00e3o<\/p>\n<\/li>\n<li data-start=\"1998\" data-end=\"2056\">\n<p data-start=\"2000\" data-end=\"2056\">Sistema de rolos ajust\u00e1vel com mecanismo de alimenta\u00e7\u00e3o est\u00e1vel<\/p>\n<\/li>\n<li data-start=\"2057\" data-end=\"2111\">\n<p data-start=\"2059\" data-end=\"2111\">As op\u00e7\u00f5es de tens\u00e3o adaptam-se a projectos locais e globais<\/p>\n<\/li>\n<\/ul>\n<p><iframe title=\"#constru\u00e7\u00e3o #rebarm\u00e1quina #rebarbagem #rebortadeira #rebortom\u00e1quina de corte\" width=\"720\" height=\"405\" src=\"https:\/\/www.youtube.com\/embed\/YnqPtwSEoVw?feature=oembed\" frameborder=\"0\" allow=\"accelerometer; autoplay; clipboard-write; encrypted-media; gyroscope; picture-in-picture; web-share\" referrerpolicy=\"strict-origin-when-cross-origin\" allowfullscreen><\/iframe><\/p>","protected":false},"excerpt":{"rendered":"<p>A m\u00e1quina de endireitar vergalh\u00f5es GTD4-12 processa barras de a\u00e7o de 4-12 mm a partir de bobinas. Oferece um desempenho forte e est\u00e1vel para trabalhos de n\u00edvel industrial e \u00e9 adequada para utiliza\u00e7\u00e3o internacional.<\/p>","protected":false},"featured_media":9011,"template":"","meta":{"_kad_post_transparent":"default","_kad_post_title":"","_kad_post_layout":"default","_kad_post_sidebar_id":"","_kad_post_content_style":"default","_kad_post_vertical_padding":"default","_kad_post_feature":"","_kad_post_feature_position":"","_kad_post_header":false,"_kad_post_footer":false},"product_brand":[],"product_cat":[62],"product_tag":[1026,1028,1030,1031,1034,1027,1032,1025,1029,1033],"class_list":{"0":"post-9010","1":"product","2":"type-product","3":"status-publish","4":"has-post-thumbnail","6":"product_cat-rebar-straightening-machine","7":"product_tag-automatic-rebar-straightener","8":"product_tag-cnc-rebar-straightening-equipment","9":"product_tag-coiled-rebar-straightening-machine","10":"product_tag-construction-bar-straightening-machine","11":"product_tag-high-speed-rebar-straightening-tool","12":"product_tag-hydraulic-rebar-straightening-machine","13":"product_tag-rebar-leveling-and-cutting-machine","14":"product_tag-steel-bar-straightening-machine","15":"product_tag-steel-wire-straightener-and-cutter","16":"product_tag-straightening-machine-for-steel-rods","18":"first","19":"instock","20":"shipping-taxable","21":"product-type-simple","22":"entry","23":"content-bg","24":"loop-entry"},"yoast_head":"<!-- This site is optimized with the Yoast SEO plugin v25.3.1 - https:\/\/yoast.com\/wordpress\/plugins\/seo\/ -->\n<title>Rebar Straightening Machine GTD4-12 - HSY Construction Machinery<\/title>\n<meta name=\"description\" content=\"Rebar Straightening Machine GTD4-12 handles 4\u201312mm bars with precision. Ideal for industrial projects and exports, with adjustable speed and voltage compatibility.\" \/>\n<meta name=\"robots\" content=\"index, follow, max-snippet:-1, max-image-preview:large, max-video-preview:-1\" \/>\n<link rel=\"canonical\" href=\"https:\/\/www.hsymachinery.com\/pt\/product\/maquina-de-endireitar-vergalhoes-gtd4-12\/\" \/>\n<meta property=\"og:locale\" content=\"pt_PT\" \/>\n<meta property=\"og:type\" content=\"article\" \/>\n<meta property=\"og:title\" content=\"Rebar Straightening Machine GTD4-12 - HSY Construction Machinery\" \/>\n<meta property=\"og:description\" content=\"Rebar Straightening Machine GTD4-12 handles 4\u201312mm bars with precision. Ideal for industrial projects and exports, with adjustable speed and voltage compatibility.\" \/>\n<meta property=\"og:url\" content=\"https:\/\/www.hsymachinery.com\/pt\/product\/maquina-de-endireitar-vergalhoes-gtd4-12\/\" \/>\n<meta property=\"og:site_name\" content=\"HSY Construction Machinery\" \/>\n<meta property=\"article:modified_time\" content=\"2025-06-27T16:01:02+00:00\" \/>\n<meta property=\"og:image\" content=\"https:\/\/www.hsymachinery.com\/wp-content\/uploads\/2025\/06\/Rebar-Straightening-Machine-GTD4-12.jpg\" \/>\n\t<meta property=\"og:image:width\" content=\"600\" \/>\n\t<meta property=\"og:image:height\" content=\"600\" \/>\n\t<meta property=\"og:image:type\" content=\"image\/jpeg\" \/>\n<meta name=\"twitter:card\" content=\"summary_large_image\" \/>\n<meta name=\"twitter:label1\" content=\"Tempo estimado de leitura\" \/>\n\t<meta name=\"twitter:data1\" content=\"2 minutos\" \/>\n<script type=\"application\/ld+json\" class=\"yoast-schema-graph\">{\"@context\":\"https:\/\/schema.org\",\"@graph\":[{\"@type\":\"WebPage\",\"@id\":\"https:\/\/www.hsymachinery.com\/product\/rebar-straightening-machine-gtd4-12\/\",\"url\":\"https:\/\/www.hsymachinery.com\/product\/rebar-straightening-machine-gtd4-12\/\",\"name\":\"Rebar Straightening Machine GTD4-12 - HSY Construction Machinery\",\"isPartOf\":{\"@id\":\"https:\/\/www.hsymachinery.com\/#website\"},\"primaryImageOfPage\":{\"@id\":\"https:\/\/www.hsymachinery.com\/product\/rebar-straightening-machine-gtd4-12\/#primaryimage\"},\"image\":{\"@id\":\"https:\/\/www.hsymachinery.com\/product\/rebar-straightening-machine-gtd4-12\/#primaryimage\"},\"thumbnailUrl\":\"https:\/\/www.hsymachinery.com\/wp-content\/uploads\/2025\/06\/Rebar-Straightening-Machine-GTD4-12.jpg\",\"datePublished\":\"2025-06-18T06:14:06+00:00\",\"dateModified\":\"2025-06-27T16:01:02+00:00\",\"description\":\"Rebar Straightening Machine GTD4-12 handles 4\u201312mm bars with precision. Ideal for industrial projects and exports, with adjustable speed and voltage compatibility.\",\"breadcrumb\":{\"@id\":\"https:\/\/www.hsymachinery.com\/product\/rebar-straightening-machine-gtd4-12\/#breadcrumb\"},\"inLanguage\":\"pt-PT\",\"potentialAction\":[{\"@type\":\"ReadAction\",\"target\":[\"https:\/\/www.hsymachinery.com\/product\/rebar-straightening-machine-gtd4-12\/\"]}]},{\"@type\":\"ImageObject\",\"inLanguage\":\"pt-PT\",\"@id\":\"https:\/\/www.hsymachinery.com\/product\/rebar-straightening-machine-gtd4-12\/#primaryimage\",\"url\":\"https:\/\/www.hsymachinery.com\/wp-content\/uploads\/2025\/06\/Rebar-Straightening-Machine-GTD4-12.jpg\",\"contentUrl\":\"https:\/\/www.hsymachinery.com\/wp-content\/uploads\/2025\/06\/Rebar-Straightening-Machine-GTD4-12.jpg\",\"width\":600,\"height\":600},{\"@type\":\"BreadcrumbList\",\"@id\":\"https:\/\/www.hsymachinery.com\/product\/rebar-straightening-machine-gtd4-12\/#breadcrumb\",\"itemListElement\":[{\"@type\":\"ListItem\",\"position\":1,\"name\":\"home\",\"item\":\"https:\/\/www.hsymachinery.com\/\"},{\"@type\":\"ListItem\",\"position\":2,\"name\":\"products\",\"item\":\"https:\/\/www.hsymachinery.com\/products\/\"},{\"@type\":\"ListItem\",\"position\":3,\"name\":\"Rebar Straightening Machine GTD4-12\"}]},{\"@type\":\"WebSite\",\"@id\":\"https:\/\/www.hsymachinery.com\/#website\",\"url\":\"https:\/\/www.hsymachinery.com\/\",\"name\":\"HSY Construction Machinery\",\"description\":\"HSY Machinery \u2013 A leading China construction machinery supplier, offering a wide range of light construction equipment. Our main products include Rebar Cutting Machine, Rebar Bending Machine, Rebar Stirrup Bending Machine, Rebar Arc Bending Machine, Rebar Straightening Machine, Five-Head Rebar Stirrup Bending Machine, Tamping Rammer, Plate Compactor, Concrete Cutter, Power Trowel, and other construction machinery. We are equipped with advanced CNC machines, and we enforce strict quality inspection standards along with comprehensive after-sales service. If you are interested in our products or services, we warmly welcome your inquiries via message.\",\"publisher\":{\"@id\":\"https:\/\/www.hsymachinery.com\/#organization\"},\"potentialAction\":[{\"@type\":\"SearchAction\",\"target\":{\"@type\":\"EntryPoint\",\"urlTemplate\":\"https:\/\/www.hsymachinery.com\/?s={search_term_string}\"},\"query-input\":{\"@type\":\"PropertyValueSpecification\",\"valueRequired\":true,\"valueName\":\"search_term_string\"}}],\"inLanguage\":\"pt-PT\"},{\"@type\":\"Organization\",\"@id\":\"https:\/\/www.hsymachinery.com\/#organization\",\"name\":\"HSY Construction Machinery\",\"url\":\"https:\/\/www.hsymachinery.com\/\",\"logo\":{\"@type\":\"ImageObject\",\"inLanguage\":\"pt-PT\",\"@id\":\"https:\/\/www.hsymachinery.com\/#\/schema\/logo\/image\/\",\"url\":\"https:\/\/www.hsymachinery.com\/wp-content\/uploads\/2025\/06\/cropped-HSY-machinery.png\",\"contentUrl\":\"https:\/\/www.hsymachinery.com\/wp-content\/uploads\/2025\/06\/cropped-HSY-machinery.png\",\"width\":600,\"height\":240,\"caption\":\"HSY Construction Machinery\"},\"image\":{\"@id\":\"https:\/\/www.hsymachinery.com\/#\/schema\/logo\/image\/\"}}]}<\/script>\n<!-- \/ Yoast SEO plugin. -->","yoast_head_json":{"title":"M\u00e1quina de endireitar vergalh\u00f5es GTD4-12 - HSY Construction Machinery","description":"A m\u00e1quina de endireitar vergalh\u00f5es GTD4-12 trabalha com barras de 4-12mm com precis\u00e3o. Ideal para projectos industriais e exporta\u00e7\u00f5es, com velocidade ajust\u00e1vel e compatibilidade de voltagem.","robots":{"index":"index","follow":"follow","max-snippet":"max-snippet:-1","max-image-preview":"max-image-preview:large","max-video-preview":"max-video-preview:-1"},"canonical":"https:\/\/www.hsymachinery.com\/pt\/product\/maquina-de-endireitar-vergalhoes-gtd4-12\/","og_locale":"pt_PT","og_type":"article","og_title":"Rebar Straightening Machine GTD4-12 - HSY Construction Machinery","og_description":"Rebar Straightening Machine GTD4-12 handles 4\u201312mm bars with precision. Ideal for industrial projects and exports, with adjustable speed and voltage compatibility.","og_url":"https:\/\/www.hsymachinery.com\/pt\/product\/maquina-de-endireitar-vergalhoes-gtd4-12\/","og_site_name":"HSY Construction Machinery","article_modified_time":"2025-06-27T16:01:02+00:00","og_image":[{"width":600,"height":600,"url":"https:\/\/www.hsymachinery.com\/wp-content\/uploads\/2025\/06\/Rebar-Straightening-Machine-GTD4-12.jpg","type":"image\/jpeg"}],"twitter_card":"summary_large_image","twitter_misc":{"Tempo estimado de leitura":"2 minutos"},"schema":{"@context":"https:\/\/schema.org","@graph":[{"@type":"WebPage","@id":"https:\/\/www.hsymachinery.com\/product\/rebar-straightening-machine-gtd4-12\/","url":"https:\/\/www.hsymachinery.com\/product\/rebar-straightening-machine-gtd4-12\/","name":"M\u00e1quina de endireitar vergalh\u00f5es GTD4-12 - HSY Construction Machinery","isPartOf":{"@id":"https:\/\/www.hsymachinery.com\/#website"},"primaryImageOfPage":{"@id":"https:\/\/www.hsymachinery.com\/product\/rebar-straightening-machine-gtd4-12\/#primaryimage"},"image":{"@id":"https:\/\/www.hsymachinery.com\/product\/rebar-straightening-machine-gtd4-12\/#primaryimage"},"thumbnailUrl":"https:\/\/www.hsymachinery.com\/wp-content\/uploads\/2025\/06\/Rebar-Straightening-Machine-GTD4-12.jpg","datePublished":"2025-06-18T06:14:06+00:00","dateModified":"2025-06-27T16:01:02+00:00","description":"A m\u00e1quina de endireitar vergalh\u00f5es GTD4-12 trabalha com barras de 4-12mm com precis\u00e3o. Ideal para projectos industriais e exporta\u00e7\u00f5es, com velocidade ajust\u00e1vel e compatibilidade de voltagem.","breadcrumb":{"@id":"https:\/\/www.hsymachinery.com\/product\/rebar-straightening-machine-gtd4-12\/#breadcrumb"},"inLanguage":"pt-PT","potentialAction":[{"@type":"ReadAction","target":["https:\/\/www.hsymachinery.com\/product\/rebar-straightening-machine-gtd4-12\/"]}]},{"@type":"ImageObject","inLanguage":"pt-PT","@id":"https:\/\/www.hsymachinery.com\/product\/rebar-straightening-machine-gtd4-12\/#primaryimage","url":"https:\/\/www.hsymachinery.com\/wp-content\/uploads\/2025\/06\/Rebar-Straightening-Machine-GTD4-12.jpg","contentUrl":"https:\/\/www.hsymachinery.com\/wp-content\/uploads\/2025\/06\/Rebar-Straightening-Machine-GTD4-12.jpg","width":600,"height":600},{"@type":"BreadcrumbList","@id":"https:\/\/www.hsymachinery.com\/product\/rebar-straightening-machine-gtd4-12\/#breadcrumb","itemListElement":[{"@type":"ListItem","position":1,"name":"home","item":"https:\/\/www.hsymachinery.com\/"},{"@type":"ListItem","position":2,"name":"products","item":"https:\/\/www.hsymachinery.com\/products\/"},{"@type":"ListItem","position":3,"name":"Rebar Straightening Machine GTD4-12"}]},{"@type":"WebSite","@id":"https:\/\/www.hsymachinery.com\/#website","url":"https:\/\/www.hsymachinery.com\/","name":"M\u00e1quinas de constru\u00e7\u00e3o HSY","description":"HSY Machinery - Um fornecedor l\u00edder de m\u00e1quinas de constru\u00e7\u00e3o na China, oferecendo uma ampla gama de equipamentos de constru\u00e7\u00e3o leve. Nossos principais produtos incluem m\u00e1quina de corte de vergalh\u00e3o, m\u00e1quina dobradeira de vergalh\u00e3o, m\u00e1quina dobradeira de estribo de vergalh\u00e3o, m\u00e1quina dobradeira de arco de vergalh\u00e3o, m\u00e1quina de endireitar vergalh\u00e3o, m\u00e1quina dobradeira de estribo de vergalh\u00e3o de cinco cabe\u00e7as, compactador de placa, cortador de concreto, esp\u00e1tula el\u00e9trica e outras m\u00e1quinas de constru\u00e7\u00e3o. Estamos equipados com m\u00e1quinas CNC avan\u00e7adas, e n\u00f3s aplicamos rigorosas normas de inspe\u00e7\u00e3o de qualidade, juntamente com o servi\u00e7o p\u00f3s-venda abrangente. Se voc\u00ea est\u00e1 interessado em nossos produtos ou servi\u00e7os, congratulamo-nos com as suas perguntas atrav\u00e9s de mensagem.","publisher":{"@id":"https:\/\/www.hsymachinery.com\/#organization"},"potentialAction":[{"@type":"SearchAction","target":{"@type":"EntryPoint","urlTemplate":"https:\/\/www.hsymachinery.com\/?s={search_term_string}"},"query-input":{"@type":"PropertyValueSpecification","valueRequired":true,"valueName":"search_term_string"}}],"inLanguage":"pt-PT"},{"@type":"Organization","@id":"https:\/\/www.hsymachinery.com\/#organization","name":"M\u00e1quinas de constru\u00e7\u00e3o HSY","url":"https:\/\/www.hsymachinery.com\/","logo":{"@type":"ImageObject","inLanguage":"pt-PT","@id":"https:\/\/www.hsymachinery.com\/#\/schema\/logo\/image\/","url":"https:\/\/www.hsymachinery.com\/wp-content\/uploads\/2025\/06\/cropped-HSY-machinery.png","contentUrl":"https:\/\/www.hsymachinery.com\/wp-content\/uploads\/2025\/06\/cropped-HSY-machinery.png","width":600,"height":240,"caption":"HSY Construction Machinery"},"image":{"@id":"https:\/\/www.hsymachinery.com\/#\/schema\/logo\/image\/"}}]}},"_links":{"self":[{"href":"https:\/\/www.hsymachinery.com\/pt\/wp-json\/wp\/v2\/product\/9010","targetHints":{"allow":["GET"]}}],"collection":[{"href":"https:\/\/www.hsymachinery.com\/pt\/wp-json\/wp\/v2\/product"}],"about":[{"href":"https:\/\/www.hsymachinery.com\/pt\/wp-json\/wp\/v2\/types\/product"}],"version-history":[{"count":3,"href":"https:\/\/www.hsymachinery.com\/pt\/wp-json\/wp\/v2\/product\/9010\/revisions"}],"predecessor-version":[{"id":9430,"href":"https:\/\/www.hsymachinery.com\/pt\/wp-json\/wp\/v2\/product\/9010\/revisions\/9430"}],"wp:featuredmedia":[{"embeddable":true,"href":"https:\/\/www.hsymachinery.com\/pt\/wp-json\/wp\/v2\/media\/9011"}],"wp:attachment":[{"href":"https:\/\/www.hsymachinery.com\/pt\/wp-json\/wp\/v2\/media?parent=9010"}],"wp:term":[{"taxonomy":"product_brand","embeddable":true,"href":"https:\/\/www.hsymachinery.com\/pt\/wp-json\/wp\/v2\/product_brand?post=9010"},{"taxonomy":"product_cat","embeddable":true,"href":"https:\/\/www.hsymachinery.com\/pt\/wp-json\/wp\/v2\/product_cat?post=9010"},{"taxonomy":"product_tag","embeddable":true,"href":"https:\/\/www.hsymachinery.com\/pt\/wp-json\/wp\/v2\/product_tag?post=9010"}],"curies":[{"name":"wp","href":"https:\/\/api.w.org\/{rel}","templated":true}]}}