{"id":9007,"date":"2025-06-18T12:42:38","date_gmt":"2025-06-18T04:42:38","guid":{"rendered":"https:\/\/www.hsymachinery.com\/?post_type=product&#038;p=9007"},"modified":"2025-06-27T23:55:54","modified_gmt":"2025-06-27T15:55:54","slug":"maquina-de-endireitar-vergalhoes-gtd4-10c","status":"publish","type":"product","link":"https:\/\/www.hsymachinery.com\/pt\/product\/maquina-de-endireitar-vergalhoes-gtd4-10c\/","title":{"rendered":"M\u00e1quina de endireitar vergalh\u00f5es GTD4-10C"},"content":{"rendered":"<h2 data-start=\"105\" data-end=\"149\">M\u00e1quina de endireitar vergalh\u00f5es GTD4-10C<\/h2>\n<h3 data-start=\"150\" data-end=\"287\">M\u00e1quina autom\u00e1tica de endireitar vergalh\u00f5es GTD4-10C para barras de a\u00e7o enroladas de 4-10mm | Equipamento de processamento de barras de precis\u00e3o para uso em constru\u00e7\u00e3o<\/h3>\n<h3 data-start=\"294\" data-end=\"379\">Vis\u00e3o geral do produto - Endireitadeira de bobinas de alta efici\u00eancia para barras de a\u00e7o para servi\u00e7os leves<\/h3>\n<p data-start=\"381\" data-end=\"670\">O <strong data-start=\"385\" data-end=\"425\"><a href=\"https:\/\/www.hsymachinery.com\/pt\/produtos\/maquina-de-endireitar-vergalhoes\/\" target=\"_blank\" rel=\"noopener\">M\u00e1quina de endireitar vergalh\u00f5es<\/a> GTD4-10C<\/strong> \u00e9 especializada no tratamento de <strong data-start=\"452\" data-end=\"486\">Vergalh\u00f5es de a\u00e7o enrolados de 4mm a 10mm<\/strong> com elevada velocidade e precis\u00e3o. \u00c9 amplamente aplicada na constru\u00e7\u00e3o residencial, em trabalhos de a\u00e7o decorativo e no processamento de vergalh\u00f5es pr\u00e9-fabricados, onde a consist\u00eancia da retid\u00e3o \u00e9 fundamental.<\/p>\n<p data-start=\"672\" data-end=\"787\">Concebido para a produtividade, este modelo reduz o trabalho manual ao mesmo tempo que melhora a qualidade das barras e reduz o desperd\u00edcio de material.<\/p>\n<h3 data-start=\"794\" data-end=\"844\">Alisamento suave com defini\u00e7\u00f5es flex\u00edveis<\/h3>\n<p data-start=\"846\" data-end=\"1093\">Pode ajustar a configura\u00e7\u00e3o dos rolos e a tens\u00e3o de alimenta\u00e7\u00e3o para lidar com diferentes tipos de barras com um tempo m\u00ednimo de configura\u00e7\u00e3o. O motor el\u00e9trico industrial proporciona uma pot\u00eancia constante, permitindo que a m\u00e1quina endireite barras rapidamente sem perder a precis\u00e3o.<\/p>\n<p data-start=\"1095\" data-end=\"1319\">A GTD4-10C tamb\u00e9m possui um sistema de guia de baixa fric\u00e7\u00e3o que assegura que cada barra sai direita e pronta para corte ou montagem. O seu bot\u00e3o de controlo de velocidade ajuda os operadores a adaptar o ritmo de produ\u00e7\u00e3o \u00e0s exig\u00eancias espec\u00edficas do projeto.<\/p>\n<h3 data-start=\"1326\" data-end=\"1374\">Pr\u00e1tico, port\u00e1til e pronto para exporta\u00e7\u00e3o<\/h3>\n<p data-start=\"1376\" data-end=\"1630\">Esta m\u00e1quina utiliza uma estrutura de a\u00e7o soldado que resiste ao desgaste e ao movimento durante o funcionamento. O seu design compacto permite um transporte f\u00e1cil, enquanto a sua capacidade de dupla voltagem (220V\/380V) permite uma utiliza\u00e7\u00e3o sem problemas nos mercados locais e internacionais.<\/p>\n<p data-start=\"1632\" data-end=\"1777\">Os empreiteiros e fabricantes valorizam este modelo pela sua portabilidade, desempenho e resultados consistentes em aplica\u00e7\u00f5es ligeiras a m\u00e9dias.<\/p>\n<h3 data-start=\"1784\" data-end=\"1842\">Principais carater\u00edsticas da m\u00e1quina de endireitar vergalh\u00f5es GTD4-10C<\/h3>\n<ul data-start=\"1844\" data-end=\"2067\">\n<li data-start=\"1844\" data-end=\"1894\">\n<p data-start=\"1846\" data-end=\"1894\">Endireita vergalh\u00f5es enrolados de 4-10 mm com precis\u00e3o<\/p>\n<\/li>\n<li data-start=\"1895\" data-end=\"1961\">\n<p data-start=\"1897\" data-end=\"1961\">Concebida para a constru\u00e7\u00e3o em pequena escala e para o processamento de barras de a\u00e7o<\/p>\n<\/li>\n<li data-start=\"1962\" data-end=\"2013\">\n<p data-start=\"1964\" data-end=\"2013\">Rolos ajust\u00e1veis pelo utilizador e sistema de acionamento est\u00e1vel<\/p>\n<\/li>\n<li data-start=\"2014\" data-end=\"2067\">\n<p data-start=\"2016\" data-end=\"2067\">Suporte de tens\u00e3o global para exporta\u00e7\u00e3o e utiliza\u00e7\u00e3o no local<\/p>\n<\/li>\n<\/ul>\n<p><iframe title=\"#constru\u00e7\u00e3o #rebarm\u00e1quina #rebarbagem #rebortadeira #rebortom\u00e1quina de corte\" width=\"720\" height=\"405\" src=\"https:\/\/www.youtube.com\/embed\/YnqPtwSEoVw?feature=oembed\" frameborder=\"0\" allow=\"accelerometer; autoplay; clipboard-write; encrypted-media; gyroscope; picture-in-picture; web-share\" referrerpolicy=\"strict-origin-when-cross-origin\" allowfullscreen><\/iframe><\/p>","protected":false},"excerpt":{"rendered":"<p>A GTD4-10C endireita vergalh\u00f5es de a\u00e7o de 4-10 mm a partir de bobinas de forma r\u00e1pida e limpa. Ideal para trabalhos residenciais e pr\u00e9-fabricados, com rolos ajust\u00e1veis e compatibilidade com dupla voltagem.<\/p>","protected":false},"featured_media":9008,"template":"","meta":{"_kad_post_transparent":"default","_kad_post_title":"","_kad_post_layout":"default","_kad_post_sidebar_id":"","_kad_post_content_style":"default","_kad_post_vertical_padding":"default","_kad_post_feature":"","_kad_post_feature_position":"","_kad_post_header":false,"_kad_post_footer":false},"product_brand":[],"product_cat":[62],"product_tag":[1026,1028,1030,1031,1034,1027,1032,1025,1029,1033],"class_list":{"0":"post-9007","1":"product","2":"type-product","3":"status-publish","4":"has-post-thumbnail","6":"product_cat-rebar-straightening-machine","7":"product_tag-automatic-rebar-straightener","8":"product_tag-cnc-rebar-straightening-equipment","9":"product_tag-coiled-rebar-straightening-machine","10":"product_tag-construction-bar-straightening-machine","11":"product_tag-high-speed-rebar-straightening-tool","12":"product_tag-hydraulic-rebar-straightening-machine","13":"product_tag-rebar-leveling-and-cutting-machine","14":"product_tag-steel-bar-straightening-machine","15":"product_tag-steel-wire-straightener-and-cutter","16":"product_tag-straightening-machine-for-steel-rods","18":"first","19":"instock","20":"shipping-taxable","21":"product-type-simple","22":"entry","23":"content-bg","24":"loop-entry"},"yoast_head":"<!-- This site is optimized with the Yoast SEO plugin v25.3.1 - https:\/\/yoast.com\/wordpress\/plugins\/seo\/ -->\n<title>Rebar Straightening Machine GTD4-10C - HSY Construction Machinery<\/title>\n<meta name=\"description\" content=\"Rebar Straightening Machine GTD4-10C straightens 4\u201310mm steel bars with precision. Built for light-duty work, with export-ready design and adjustable settings.\" \/>\n<meta name=\"robots\" content=\"index, follow, max-snippet:-1, max-image-preview:large, max-video-preview:-1\" \/>\n<link rel=\"canonical\" href=\"https:\/\/www.hsymachinery.com\/pt\/product\/maquina-de-endireitar-vergalhoes-gtd4-10c\/\" \/>\n<meta property=\"og:locale\" content=\"pt_PT\" \/>\n<meta property=\"og:type\" content=\"article\" \/>\n<meta property=\"og:title\" content=\"Rebar Straightening Machine GTD4-10C - HSY Construction Machinery\" \/>\n<meta property=\"og:description\" content=\"Rebar Straightening Machine GTD4-10C straightens 4\u201310mm steel bars with precision. Built for light-duty work, with export-ready design and adjustable settings.\" \/>\n<meta property=\"og:url\" content=\"https:\/\/www.hsymachinery.com\/pt\/product\/maquina-de-endireitar-vergalhoes-gtd4-10c\/\" \/>\n<meta property=\"og:site_name\" content=\"HSY Construction Machinery\" \/>\n<meta property=\"article:modified_time\" content=\"2025-06-27T15:55:54+00:00\" \/>\n<meta property=\"og:image\" content=\"https:\/\/www.hsymachinery.com\/wp-content\/uploads\/2025\/06\/Rebar-Straightening-Machine-GTD4-10C.jpg\" \/>\n\t<meta property=\"og:image:width\" content=\"600\" \/>\n\t<meta property=\"og:image:height\" content=\"600\" \/>\n\t<meta property=\"og:image:type\" content=\"image\/jpeg\" \/>\n<meta name=\"twitter:card\" content=\"summary_large_image\" \/>\n<meta name=\"twitter:label1\" content=\"Tempo estimado de leitura\" \/>\n\t<meta name=\"twitter:data1\" content=\"2 minutos\" \/>\n<script type=\"application\/ld+json\" class=\"yoast-schema-graph\">{\"@context\":\"https:\/\/schema.org\",\"@graph\":[{\"@type\":\"WebPage\",\"@id\":\"https:\/\/www.hsymachinery.com\/product\/rebar-straightening-machine-gtd4-10c\/\",\"url\":\"https:\/\/www.hsymachinery.com\/product\/rebar-straightening-machine-gtd4-10c\/\",\"name\":\"Rebar Straightening Machine GTD4-10C - HSY Construction Machinery\",\"isPartOf\":{\"@id\":\"https:\/\/www.hsymachinery.com\/#website\"},\"primaryImageOfPage\":{\"@id\":\"https:\/\/www.hsymachinery.com\/product\/rebar-straightening-machine-gtd4-10c\/#primaryimage\"},\"image\":{\"@id\":\"https:\/\/www.hsymachinery.com\/product\/rebar-straightening-machine-gtd4-10c\/#primaryimage\"},\"thumbnailUrl\":\"https:\/\/www.hsymachinery.com\/wp-content\/uploads\/2025\/06\/Rebar-Straightening-Machine-GTD4-10C.jpg\",\"datePublished\":\"2025-06-18T04:42:38+00:00\",\"dateModified\":\"2025-06-27T15:55:54+00:00\",\"description\":\"Rebar Straightening Machine GTD4-10C straightens 4\u201310mm steel bars with precision. Built for light-duty work, with export-ready design and adjustable settings.\",\"breadcrumb\":{\"@id\":\"https:\/\/www.hsymachinery.com\/product\/rebar-straightening-machine-gtd4-10c\/#breadcrumb\"},\"inLanguage\":\"pt-PT\",\"potentialAction\":[{\"@type\":\"ReadAction\",\"target\":[\"https:\/\/www.hsymachinery.com\/product\/rebar-straightening-machine-gtd4-10c\/\"]}]},{\"@type\":\"ImageObject\",\"inLanguage\":\"pt-PT\",\"@id\":\"https:\/\/www.hsymachinery.com\/product\/rebar-straightening-machine-gtd4-10c\/#primaryimage\",\"url\":\"https:\/\/www.hsymachinery.com\/wp-content\/uploads\/2025\/06\/Rebar-Straightening-Machine-GTD4-10C.jpg\",\"contentUrl\":\"https:\/\/www.hsymachinery.com\/wp-content\/uploads\/2025\/06\/Rebar-Straightening-Machine-GTD4-10C.jpg\",\"width\":600,\"height\":600},{\"@type\":\"BreadcrumbList\",\"@id\":\"https:\/\/www.hsymachinery.com\/product\/rebar-straightening-machine-gtd4-10c\/#breadcrumb\",\"itemListElement\":[{\"@type\":\"ListItem\",\"position\":1,\"name\":\"home\",\"item\":\"https:\/\/www.hsymachinery.com\/\"},{\"@type\":\"ListItem\",\"position\":2,\"name\":\"products\",\"item\":\"https:\/\/www.hsymachinery.com\/products\/\"},{\"@type\":\"ListItem\",\"position\":3,\"name\":\"Rebar Straightening Machine GTD4-10C\"}]},{\"@type\":\"WebSite\",\"@id\":\"https:\/\/www.hsymachinery.com\/#website\",\"url\":\"https:\/\/www.hsymachinery.com\/\",\"name\":\"HSY Construction Machinery\",\"description\":\"HSY Machinery \u2013 A leading China construction machinery supplier, offering a wide range of light construction equipment. Our main products include Rebar Cutting Machine, Rebar Bending Machine, Rebar Stirrup Bending Machine, Rebar Arc Bending Machine, Rebar Straightening Machine, Five-Head Rebar Stirrup Bending Machine, Tamping Rammer, Plate Compactor, Concrete Cutter, Power Trowel, and other construction machinery. We are equipped with advanced CNC machines, and we enforce strict quality inspection standards along with comprehensive after-sales service. If you are interested in our products or services, we warmly welcome your inquiries via message.\",\"publisher\":{\"@id\":\"https:\/\/www.hsymachinery.com\/#organization\"},\"potentialAction\":[{\"@type\":\"SearchAction\",\"target\":{\"@type\":\"EntryPoint\",\"urlTemplate\":\"https:\/\/www.hsymachinery.com\/?s={search_term_string}\"},\"query-input\":{\"@type\":\"PropertyValueSpecification\",\"valueRequired\":true,\"valueName\":\"search_term_string\"}}],\"inLanguage\":\"pt-PT\"},{\"@type\":\"Organization\",\"@id\":\"https:\/\/www.hsymachinery.com\/#organization\",\"name\":\"HSY Construction Machinery\",\"url\":\"https:\/\/www.hsymachinery.com\/\",\"logo\":{\"@type\":\"ImageObject\",\"inLanguage\":\"pt-PT\",\"@id\":\"https:\/\/www.hsymachinery.com\/#\/schema\/logo\/image\/\",\"url\":\"https:\/\/www.hsymachinery.com\/wp-content\/uploads\/2025\/06\/cropped-HSY-machinery.png\",\"contentUrl\":\"https:\/\/www.hsymachinery.com\/wp-content\/uploads\/2025\/06\/cropped-HSY-machinery.png\",\"width\":600,\"height\":240,\"caption\":\"HSY Construction Machinery\"},\"image\":{\"@id\":\"https:\/\/www.hsymachinery.com\/#\/schema\/logo\/image\/\"}}]}<\/script>\n<!-- \/ Yoast SEO plugin. -->","yoast_head_json":{"title":"M\u00e1quina de endireitar vergalh\u00f5es GTD4-10C - HSY Construction Machinery","description":"A m\u00e1quina de endireitar vergalh\u00f5es GTD4-10C endireita barras de a\u00e7o de 4-10 mm com precis\u00e3o. Constru\u00edda para trabalhos ligeiros, com um design pronto para exporta\u00e7\u00e3o e defini\u00e7\u00f5es ajust\u00e1veis.","robots":{"index":"index","follow":"follow","max-snippet":"max-snippet:-1","max-image-preview":"max-image-preview:large","max-video-preview":"max-video-preview:-1"},"canonical":"https:\/\/www.hsymachinery.com\/pt\/product\/maquina-de-endireitar-vergalhoes-gtd4-10c\/","og_locale":"pt_PT","og_type":"article","og_title":"Rebar Straightening Machine GTD4-10C - HSY Construction Machinery","og_description":"Rebar Straightening Machine GTD4-10C straightens 4\u201310mm steel bars with precision. Built for light-duty work, with export-ready design and adjustable settings.","og_url":"https:\/\/www.hsymachinery.com\/pt\/product\/maquina-de-endireitar-vergalhoes-gtd4-10c\/","og_site_name":"HSY Construction Machinery","article_modified_time":"2025-06-27T15:55:54+00:00","og_image":[{"width":600,"height":600,"url":"https:\/\/www.hsymachinery.com\/wp-content\/uploads\/2025\/06\/Rebar-Straightening-Machine-GTD4-10C.jpg","type":"image\/jpeg"}],"twitter_card":"summary_large_image","twitter_misc":{"Tempo estimado de leitura":"2 minutos"},"schema":{"@context":"https:\/\/schema.org","@graph":[{"@type":"WebPage","@id":"https:\/\/www.hsymachinery.com\/product\/rebar-straightening-machine-gtd4-10c\/","url":"https:\/\/www.hsymachinery.com\/product\/rebar-straightening-machine-gtd4-10c\/","name":"M\u00e1quina de endireitar vergalh\u00f5es GTD4-10C - HSY Construction Machinery","isPartOf":{"@id":"https:\/\/www.hsymachinery.com\/#website"},"primaryImageOfPage":{"@id":"https:\/\/www.hsymachinery.com\/product\/rebar-straightening-machine-gtd4-10c\/#primaryimage"},"image":{"@id":"https:\/\/www.hsymachinery.com\/product\/rebar-straightening-machine-gtd4-10c\/#primaryimage"},"thumbnailUrl":"https:\/\/www.hsymachinery.com\/wp-content\/uploads\/2025\/06\/Rebar-Straightening-Machine-GTD4-10C.jpg","datePublished":"2025-06-18T04:42:38+00:00","dateModified":"2025-06-27T15:55:54+00:00","description":"A m\u00e1quina de endireitar vergalh\u00f5es GTD4-10C endireita barras de a\u00e7o de 4-10 mm com precis\u00e3o. Constru\u00edda para trabalhos ligeiros, com um design pronto para exporta\u00e7\u00e3o e defini\u00e7\u00f5es ajust\u00e1veis.","breadcrumb":{"@id":"https:\/\/www.hsymachinery.com\/product\/rebar-straightening-machine-gtd4-10c\/#breadcrumb"},"inLanguage":"pt-PT","potentialAction":[{"@type":"ReadAction","target":["https:\/\/www.hsymachinery.com\/product\/rebar-straightening-machine-gtd4-10c\/"]}]},{"@type":"ImageObject","inLanguage":"pt-PT","@id":"https:\/\/www.hsymachinery.com\/product\/rebar-straightening-machine-gtd4-10c\/#primaryimage","url":"https:\/\/www.hsymachinery.com\/wp-content\/uploads\/2025\/06\/Rebar-Straightening-Machine-GTD4-10C.jpg","contentUrl":"https:\/\/www.hsymachinery.com\/wp-content\/uploads\/2025\/06\/Rebar-Straightening-Machine-GTD4-10C.jpg","width":600,"height":600},{"@type":"BreadcrumbList","@id":"https:\/\/www.hsymachinery.com\/product\/rebar-straightening-machine-gtd4-10c\/#breadcrumb","itemListElement":[{"@type":"ListItem","position":1,"name":"home","item":"https:\/\/www.hsymachinery.com\/"},{"@type":"ListItem","position":2,"name":"products","item":"https:\/\/www.hsymachinery.com\/products\/"},{"@type":"ListItem","position":3,"name":"Rebar Straightening Machine GTD4-10C"}]},{"@type":"WebSite","@id":"https:\/\/www.hsymachinery.com\/#website","url":"https:\/\/www.hsymachinery.com\/","name":"M\u00e1quinas de constru\u00e7\u00e3o HSY","description":"HSY Machinery - Um fornecedor l\u00edder de m\u00e1quinas de constru\u00e7\u00e3o na China, oferecendo uma ampla gama de equipamentos de constru\u00e7\u00e3o leve. Nossos principais produtos incluem m\u00e1quina de corte de vergalh\u00e3o, m\u00e1quina dobradeira de vergalh\u00e3o, m\u00e1quina dobradeira de estribo de vergalh\u00e3o, m\u00e1quina dobradeira de arco de vergalh\u00e3o, m\u00e1quina de endireitar vergalh\u00e3o, m\u00e1quina dobradeira de estribo de vergalh\u00e3o de cinco cabe\u00e7as, compactador de placa, cortador de concreto, esp\u00e1tula el\u00e9trica e outras m\u00e1quinas de constru\u00e7\u00e3o. Estamos equipados com m\u00e1quinas CNC avan\u00e7adas, e n\u00f3s aplicamos rigorosas normas de inspe\u00e7\u00e3o de qualidade, juntamente com o servi\u00e7o p\u00f3s-venda abrangente. Se voc\u00ea est\u00e1 interessado em nossos produtos ou servi\u00e7os, congratulamo-nos com as suas perguntas atrav\u00e9s de mensagem.","publisher":{"@id":"https:\/\/www.hsymachinery.com\/#organization"},"potentialAction":[{"@type":"SearchAction","target":{"@type":"EntryPoint","urlTemplate":"https:\/\/www.hsymachinery.com\/?s={search_term_string}"},"query-input":{"@type":"PropertyValueSpecification","valueRequired":true,"valueName":"search_term_string"}}],"inLanguage":"pt-PT"},{"@type":"Organization","@id":"https:\/\/www.hsymachinery.com\/#organization","name":"M\u00e1quinas de constru\u00e7\u00e3o HSY","url":"https:\/\/www.hsymachinery.com\/","logo":{"@type":"ImageObject","inLanguage":"pt-PT","@id":"https:\/\/www.hsymachinery.com\/#\/schema\/logo\/image\/","url":"https:\/\/www.hsymachinery.com\/wp-content\/uploads\/2025\/06\/cropped-HSY-machinery.png","contentUrl":"https:\/\/www.hsymachinery.com\/wp-content\/uploads\/2025\/06\/cropped-HSY-machinery.png","width":600,"height":240,"caption":"HSY Construction Machinery"},"image":{"@id":"https:\/\/www.hsymachinery.com\/#\/schema\/logo\/image\/"}}]}},"_links":{"self":[{"href":"https:\/\/www.hsymachinery.com\/pt\/wp-json\/wp\/v2\/product\/9007","targetHints":{"allow":["GET"]}}],"collection":[{"href":"https:\/\/www.hsymachinery.com\/pt\/wp-json\/wp\/v2\/product"}],"about":[{"href":"https:\/\/www.hsymachinery.com\/pt\/wp-json\/wp\/v2\/types\/product"}],"version-history":[{"count":3,"href":"https:\/\/www.hsymachinery.com\/pt\/wp-json\/wp\/v2\/product\/9007\/revisions"}],"predecessor-version":[{"id":9428,"href":"https:\/\/www.hsymachinery.com\/pt\/wp-json\/wp\/v2\/product\/9007\/revisions\/9428"}],"wp:featuredmedia":[{"embeddable":true,"href":"https:\/\/www.hsymachinery.com\/pt\/wp-json\/wp\/v2\/media\/9008"}],"wp:attachment":[{"href":"https:\/\/www.hsymachinery.com\/pt\/wp-json\/wp\/v2\/media?parent=9007"}],"wp:term":[{"taxonomy":"product_brand","embeddable":true,"href":"https:\/\/www.hsymachinery.com\/pt\/wp-json\/wp\/v2\/product_brand?post=9007"},{"taxonomy":"product_cat","embeddable":true,"href":"https:\/\/www.hsymachinery.com\/pt\/wp-json\/wp\/v2\/product_cat?post=9007"},{"taxonomy":"product_tag","embeddable":true,"href":"https:\/\/www.hsymachinery.com\/pt\/wp-json\/wp\/v2\/product_tag?post=9007"}],"curies":[{"name":"wp","href":"https:\/\/api.w.org\/{rel}","templated":true}]}}