{"id":8962,"date":"2025-06-18T12:08:09","date_gmt":"2025-06-18T04:08:09","guid":{"rendered":"https:\/\/www.hsymachinery.com\/?post_type=product&#038;p=8962"},"modified":"2025-06-27T17:47:16","modified_gmt":"2025-06-27T09:47:16","slug":"maquina-de-dobrar-estribos-de-vergalhoes-gf25","status":"publish","type":"product","link":"https:\/\/www.hsymachinery.com\/pt\/product\/maquina-de-dobrar-estribos-de-vergalhoes-gf25\/","title":{"rendered":"M\u00e1quina de dobragem de estribos de vergalh\u00f5es GF25"},"content":{"rendered":"<h3 data-start=\"146\" data-end=\"244\">M\u00e1quina de dobragem de estribo eficiente para barras de 6-20mm | Formador de estribo de vergalh\u00e3o de n\u00edvel industrial GF25<\/h3>\n<h3 data-start=\"251\" data-end=\"344\">\u00a0Vis\u00e3o geral do produto - Dobradeira de estribo vers\u00e1til para fabrica\u00e7\u00e3o de refor\u00e7o de constru\u00e7\u00e3o<\/h3>\n<p data-start=\"346\" data-end=\"684\">O <strong data-start=\"350\" data-end=\"388\"><a href=\"https:\/\/www.hsymachinery.com\/pt\/produtos\/maquina-de-dobrar-estribos-de-vergalhoes\/\" target=\"_blank\" rel=\"noopener\">M\u00e1quina de dobragem de estribos de vergalh\u00f5es<\/a> GF25<\/strong> \u00e9 uma solu\u00e7\u00e3o de alto desempenho para a produ\u00e7\u00e3o de estribos de vergalh\u00f5es de 6 mm a 22 mm. Concebida para o processamento de a\u00e7o estrutural, esta m\u00e1quina pode formar rapidamente uma grande variedade de formas de estribos - quadrados, rect\u00e2ngulos, trap\u00e9zios e \u00e2ngulos personalizados - utilizados em colunas de bet\u00e3o, vigas, lajes e sapatas.<\/p>\n<p data-start=\"686\" data-end=\"859\">Gra\u00e7as ao seu motor de cobre industrial e ao seu mecanismo de dobragem de precis\u00e3o, a formadora de estribos GF25 garante um desempenho repet\u00edvel tanto no local como em ambientes pr\u00e9-fabricados.<\/p>\n<h3 data-start=\"866\" data-end=\"917\">Sa\u00edda potente e f\u00e1cil personaliza\u00e7\u00e3o do \u00e2ngulo<\/h3>\n<p data-start=\"919\" data-end=\"1192\">Equipada com uma placa de dobragem expandida, dois batentes ajust\u00e1veis e selectores de \u00e2ngulo program\u00e1veis, a GF25 proporciona dobras consistentes at\u00e9 180\u00b0 sem deforma\u00e7\u00e3o da barra. A caixa de velocidades selada da m\u00e1quina funciona com baixo ru\u00eddo, minimizando as necessidades de manuten\u00e7\u00e3o ao longo do tempo.<\/p>\n<p data-start=\"1194\" data-end=\"1346\">Os operadores podem alternar entre o controlo por pedal e o funcionamento manual, tornando-o mais seguro e mais adapt\u00e1vel a diferentes ambientes de constru\u00e7\u00e3o.<\/p>\n<h3 data-start=\"1353\" data-end=\"1406\">Estrutura robusta com op\u00e7\u00f5es de tens\u00e3o prontas para exporta\u00e7\u00e3o<\/h3>\n<p data-start=\"1408\" data-end=\"1750\">O <strong data-start=\"1412\" data-end=\"1450\">M\u00e1quina de dobrar var\u00f5es de a\u00e7o GF25<\/strong> \u00e9 constru\u00eddo em a\u00e7o soldado refor\u00e7ado, oferecendo durabilidade sob cargas de trabalho de bin\u00e1rio elevado. Inclui rodas de transporte s\u00f3lidas para facilitar a mobilidade nos locais de projeto. Al\u00e9m disso, a m\u00e1quina suporta uma entrada de 220V ou 380V (50Hz\/60Hz), totalmente compat\u00edvel com os requisitos internacionais do local de trabalho.<\/p>\n<p data-start=\"1752\" data-end=\"1884\">A sua efici\u00eancia e precis\u00e3o fazem dela a escolha ideal para empreiteiros, fabricantes de a\u00e7o e centros de processamento de vergalh\u00f5es em todo o mundo.<\/p>\n<h3 data-start=\"1891\" data-end=\"1947\">\u00a0Principais carater\u00edsticas da m\u00e1quina de dobragem de estribos de vergalh\u00f5es GF25<\/h3>\n<ul data-start=\"1949\" data-end=\"2187\">\n<li data-start=\"1949\" data-end=\"2008\">\n<p data-start=\"1951\" data-end=\"2008\">Dobra barras de 6-22 mm em estribos com excelente precis\u00e3o<\/p>\n<\/li>\n<li data-start=\"2009\" data-end=\"2078\">\n<p data-start=\"2011\" data-end=\"2078\">Mudan\u00e7a r\u00e1pida de forma para estribos quadrados, rectangulares e personalizados<\/p>\n<\/li>\n<li data-start=\"2079\" data-end=\"2133\">\n<p data-start=\"2081\" data-end=\"2133\">Motor fi\u00e1vel e sistema interno de baixa manuten\u00e7\u00e3o<\/p>\n<\/li>\n<li data-start=\"2134\" data-end=\"2187\">\n<p data-start=\"2136\" data-end=\"2187\">Pronto para exporta\u00e7\u00e3o global com entrada de energia flex\u00edvel<\/p>\n<\/li>\n<\/ul>\n<p><iframe title=\"#constru\u00e7\u00e3o #trabalhador da constru\u00e7\u00e3o civil #rebarm\u00e1quina #rebarbender #rebarbending\" width=\"720\" height=\"405\" src=\"https:\/\/www.youtube.com\/embed\/S_YQidcqUDg?feature=oembed\" frameborder=\"0\" allow=\"accelerometer; autoplay; clipboard-write; encrypted-media; gyroscope; picture-in-picture; web-share\" referrerpolicy=\"strict-origin-when-cross-origin\" allowfullscreen><\/iframe><\/p>","protected":false},"excerpt":{"rendered":"<p>A m\u00e1quina de dobragem de estribos para var\u00f5es GF25 dobra barras de a\u00e7o de 6-22 mm em v\u00e1rias formas de estribos de forma eficiente. Ideal para refor\u00e7o estrutural, constru\u00edda com a\u00e7o robusto e suporte de tens\u00e3o global.<\/p>","protected":false},"featured_media":8963,"template":"","meta":{"_kad_post_transparent":"default","_kad_post_title":"","_kad_post_layout":"default","_kad_post_sidebar_id":"","_kad_post_content_style":"default","_kad_post_vertical_padding":"default","_kad_post_feature":"","_kad_post_feature_position":"","_kad_post_header":false,"_kad_post_footer":false},"product_brand":[],"product_cat":[46],"product_tag":[1005,1006,1010,1008,1009,1013,1012,1014,1007,1011],"class_list":{"0":"post-8962","1":"product","2":"type-product","3":"status-publish","4":"has-post-thumbnail","6":"product_cat-rebar-stirrup-bending-machine","7":"product_tag-automatic-stirrup-bending-machine","8":"product_tag-cnc-rebar-stirrup-bender","9":"product_tag-hydraulic-stirrup-bender","10":"product_tag-rebar-stirrup-bender-machine","11":"product_tag-steel-stirrup-bending-machine","12":"product_tag-stirrup-bender-for-construction","13":"product_tag-stirrup-bending-equipment","14":"product_tag-stirrup-bending-machine-price","15":"product_tag-stirrup-making-machine","16":"product_tag-wire-stirrup-bending-machine","18":"first","19":"instock","20":"shipping-taxable","21":"product-type-simple","22":"entry","23":"content-bg","24":"loop-entry"},"yoast_head":"<!-- This site is optimized with the Yoast SEO plugin v25.3.1 - https:\/\/yoast.com\/wordpress\/plugins\/seo\/ -->\n<title>Rebar Stirrup Bending Machine GF25 - HSY Construction Machinery<\/title>\n<meta name=\"description\" content=\"Rebar Stirrup Bending Machine GF25 processes 6\u201322mm rebar into stirrups with speed and precision. Built for reinforcement work and suitable for export.\" \/>\n<meta name=\"robots\" content=\"index, follow, max-snippet:-1, max-image-preview:large, max-video-preview:-1\" \/>\n<link rel=\"canonical\" href=\"https:\/\/www.hsymachinery.com\/pt\/product\/maquina-de-dobrar-estribos-de-vergalhoes-gf25\/\" \/>\n<meta property=\"og:locale\" content=\"pt_PT\" \/>\n<meta property=\"og:type\" content=\"article\" \/>\n<meta property=\"og:title\" content=\"Rebar Stirrup Bending Machine GF25 - HSY Construction Machinery\" \/>\n<meta property=\"og:description\" content=\"Rebar Stirrup Bending Machine GF25 processes 6\u201322mm rebar into stirrups with speed and precision. Built for reinforcement work and suitable for export.\" \/>\n<meta property=\"og:url\" content=\"https:\/\/www.hsymachinery.com\/pt\/product\/maquina-de-dobrar-estribos-de-vergalhoes-gf25\/\" \/>\n<meta property=\"og:site_name\" content=\"HSY Construction Machinery\" \/>\n<meta property=\"article:modified_time\" content=\"2025-06-27T09:47:16+00:00\" \/>\n<meta property=\"og:image\" content=\"https:\/\/www.hsymachinery.com\/wp-content\/uploads\/2025\/06\/Rebar-Stirrup-Bending-Machine-GF25.jpg\" \/>\n\t<meta property=\"og:image:width\" content=\"600\" \/>\n\t<meta property=\"og:image:height\" content=\"600\" \/>\n\t<meta property=\"og:image:type\" content=\"image\/jpeg\" \/>\n<meta name=\"twitter:card\" content=\"summary_large_image\" \/>\n<meta name=\"twitter:label1\" content=\"Tempo estimado de leitura\" \/>\n\t<meta name=\"twitter:data1\" content=\"2 minutos\" \/>\n<script type=\"application\/ld+json\" class=\"yoast-schema-graph\">{\"@context\":\"https:\/\/schema.org\",\"@graph\":[{\"@type\":\"WebPage\",\"@id\":\"https:\/\/www.hsymachinery.com\/product\/rebar-stirrup-bending-machine-gf25\/\",\"url\":\"https:\/\/www.hsymachinery.com\/product\/rebar-stirrup-bending-machine-gf25\/\",\"name\":\"Rebar Stirrup Bending Machine GF25 - HSY Construction Machinery\",\"isPartOf\":{\"@id\":\"https:\/\/www.hsymachinery.com\/#website\"},\"primaryImageOfPage\":{\"@id\":\"https:\/\/www.hsymachinery.com\/product\/rebar-stirrup-bending-machine-gf25\/#primaryimage\"},\"image\":{\"@id\":\"https:\/\/www.hsymachinery.com\/product\/rebar-stirrup-bending-machine-gf25\/#primaryimage\"},\"thumbnailUrl\":\"https:\/\/www.hsymachinery.com\/wp-content\/uploads\/2025\/06\/Rebar-Stirrup-Bending-Machine-GF25.jpg\",\"datePublished\":\"2025-06-18T04:08:09+00:00\",\"dateModified\":\"2025-06-27T09:47:16+00:00\",\"description\":\"Rebar Stirrup Bending Machine GF25 processes 6\u201322mm rebar into stirrups with speed and precision. Built for reinforcement work and suitable for export.\",\"breadcrumb\":{\"@id\":\"https:\/\/www.hsymachinery.com\/product\/rebar-stirrup-bending-machine-gf25\/#breadcrumb\"},\"inLanguage\":\"pt-PT\",\"potentialAction\":[{\"@type\":\"ReadAction\",\"target\":[\"https:\/\/www.hsymachinery.com\/product\/rebar-stirrup-bending-machine-gf25\/\"]}]},{\"@type\":\"ImageObject\",\"inLanguage\":\"pt-PT\",\"@id\":\"https:\/\/www.hsymachinery.com\/product\/rebar-stirrup-bending-machine-gf25\/#primaryimage\",\"url\":\"https:\/\/www.hsymachinery.com\/wp-content\/uploads\/2025\/06\/Rebar-Stirrup-Bending-Machine-GF25.jpg\",\"contentUrl\":\"https:\/\/www.hsymachinery.com\/wp-content\/uploads\/2025\/06\/Rebar-Stirrup-Bending-Machine-GF25.jpg\",\"width\":600,\"height\":600},{\"@type\":\"BreadcrumbList\",\"@id\":\"https:\/\/www.hsymachinery.com\/product\/rebar-stirrup-bending-machine-gf25\/#breadcrumb\",\"itemListElement\":[{\"@type\":\"ListItem\",\"position\":1,\"name\":\"home\",\"item\":\"https:\/\/www.hsymachinery.com\/\"},{\"@type\":\"ListItem\",\"position\":2,\"name\":\"products\",\"item\":\"https:\/\/www.hsymachinery.com\/products\/\"},{\"@type\":\"ListItem\",\"position\":3,\"name\":\"Rebar Stirrup Bending Machine GF25\"}]},{\"@type\":\"WebSite\",\"@id\":\"https:\/\/www.hsymachinery.com\/#website\",\"url\":\"https:\/\/www.hsymachinery.com\/\",\"name\":\"HSY Construction Machinery\",\"description\":\"HSY Machinery \u2013 A leading China construction machinery supplier, offering a wide range of light construction equipment. Our main products include Rebar Cutting Machine, Rebar Bending Machine, Rebar Stirrup Bending Machine, Rebar Arc Bending Machine, Rebar Straightening Machine, Five-Head Rebar Stirrup Bending Machine, Tamping Rammer, Plate Compactor, Concrete Cutter, Power Trowel, and other construction machinery. We are equipped with advanced CNC machines, and we enforce strict quality inspection standards along with comprehensive after-sales service. If you are interested in our products or services, we warmly welcome your inquiries via message.\",\"publisher\":{\"@id\":\"https:\/\/www.hsymachinery.com\/#organization\"},\"potentialAction\":[{\"@type\":\"SearchAction\",\"target\":{\"@type\":\"EntryPoint\",\"urlTemplate\":\"https:\/\/www.hsymachinery.com\/?s={search_term_string}\"},\"query-input\":{\"@type\":\"PropertyValueSpecification\",\"valueRequired\":true,\"valueName\":\"search_term_string\"}}],\"inLanguage\":\"pt-PT\"},{\"@type\":\"Organization\",\"@id\":\"https:\/\/www.hsymachinery.com\/#organization\",\"name\":\"HSY Construction Machinery\",\"url\":\"https:\/\/www.hsymachinery.com\/\",\"logo\":{\"@type\":\"ImageObject\",\"inLanguage\":\"pt-PT\",\"@id\":\"https:\/\/www.hsymachinery.com\/#\/schema\/logo\/image\/\",\"url\":\"https:\/\/www.hsymachinery.com\/wp-content\/uploads\/2025\/06\/cropped-HSY-machinery.png\",\"contentUrl\":\"https:\/\/www.hsymachinery.com\/wp-content\/uploads\/2025\/06\/cropped-HSY-machinery.png\",\"width\":600,\"height\":240,\"caption\":\"HSY Construction Machinery\"},\"image\":{\"@id\":\"https:\/\/www.hsymachinery.com\/#\/schema\/logo\/image\/\"}}]}<\/script>\n<!-- \/ Yoast SEO plugin. -->","yoast_head_json":{"title":"M\u00e1quina de dobragem de estribos de vergalh\u00f5es GF25 - HSY Construction Machinery","description":"A m\u00e1quina de dobrar estribos para vergalh\u00f5es GF25 processa vergalh\u00f5es de 6-22 mm em estribos com velocidade e precis\u00e3o. Constru\u00edda para trabalhos de refor\u00e7o e adequada para exporta\u00e7\u00e3o.","robots":{"index":"index","follow":"follow","max-snippet":"max-snippet:-1","max-image-preview":"max-image-preview:large","max-video-preview":"max-video-preview:-1"},"canonical":"https:\/\/www.hsymachinery.com\/pt\/product\/maquina-de-dobrar-estribos-de-vergalhoes-gf25\/","og_locale":"pt_PT","og_type":"article","og_title":"Rebar Stirrup Bending Machine GF25 - HSY Construction Machinery","og_description":"Rebar Stirrup Bending Machine GF25 processes 6\u201322mm rebar into stirrups with speed and precision. Built for reinforcement work and suitable for export.","og_url":"https:\/\/www.hsymachinery.com\/pt\/product\/maquina-de-dobrar-estribos-de-vergalhoes-gf25\/","og_site_name":"HSY Construction Machinery","article_modified_time":"2025-06-27T09:47:16+00:00","og_image":[{"width":600,"height":600,"url":"https:\/\/www.hsymachinery.com\/wp-content\/uploads\/2025\/06\/Rebar-Stirrup-Bending-Machine-GF25.jpg","type":"image\/jpeg"}],"twitter_card":"summary_large_image","twitter_misc":{"Tempo estimado de leitura":"2 minutos"},"schema":{"@context":"https:\/\/schema.org","@graph":[{"@type":"WebPage","@id":"https:\/\/www.hsymachinery.com\/product\/rebar-stirrup-bending-machine-gf25\/","url":"https:\/\/www.hsymachinery.com\/product\/rebar-stirrup-bending-machine-gf25\/","name":"M\u00e1quina de dobragem de estribos de vergalh\u00f5es GF25 - HSY Construction Machinery","isPartOf":{"@id":"https:\/\/www.hsymachinery.com\/#website"},"primaryImageOfPage":{"@id":"https:\/\/www.hsymachinery.com\/product\/rebar-stirrup-bending-machine-gf25\/#primaryimage"},"image":{"@id":"https:\/\/www.hsymachinery.com\/product\/rebar-stirrup-bending-machine-gf25\/#primaryimage"},"thumbnailUrl":"https:\/\/www.hsymachinery.com\/wp-content\/uploads\/2025\/06\/Rebar-Stirrup-Bending-Machine-GF25.jpg","datePublished":"2025-06-18T04:08:09+00:00","dateModified":"2025-06-27T09:47:16+00:00","description":"A m\u00e1quina de dobrar estribos para vergalh\u00f5es GF25 processa vergalh\u00f5es de 6-22 mm em estribos com velocidade e precis\u00e3o. Constru\u00edda para trabalhos de refor\u00e7o e adequada para exporta\u00e7\u00e3o.","breadcrumb":{"@id":"https:\/\/www.hsymachinery.com\/product\/rebar-stirrup-bending-machine-gf25\/#breadcrumb"},"inLanguage":"pt-PT","potentialAction":[{"@type":"ReadAction","target":["https:\/\/www.hsymachinery.com\/product\/rebar-stirrup-bending-machine-gf25\/"]}]},{"@type":"ImageObject","inLanguage":"pt-PT","@id":"https:\/\/www.hsymachinery.com\/product\/rebar-stirrup-bending-machine-gf25\/#primaryimage","url":"https:\/\/www.hsymachinery.com\/wp-content\/uploads\/2025\/06\/Rebar-Stirrup-Bending-Machine-GF25.jpg","contentUrl":"https:\/\/www.hsymachinery.com\/wp-content\/uploads\/2025\/06\/Rebar-Stirrup-Bending-Machine-GF25.jpg","width":600,"height":600},{"@type":"BreadcrumbList","@id":"https:\/\/www.hsymachinery.com\/product\/rebar-stirrup-bending-machine-gf25\/#breadcrumb","itemListElement":[{"@type":"ListItem","position":1,"name":"home","item":"https:\/\/www.hsymachinery.com\/"},{"@type":"ListItem","position":2,"name":"products","item":"https:\/\/www.hsymachinery.com\/products\/"},{"@type":"ListItem","position":3,"name":"Rebar Stirrup Bending Machine GF25"}]},{"@type":"WebSite","@id":"https:\/\/www.hsymachinery.com\/#website","url":"https:\/\/www.hsymachinery.com\/","name":"M\u00e1quinas de constru\u00e7\u00e3o HSY","description":"HSY Machinery - Um fornecedor l\u00edder de m\u00e1quinas de constru\u00e7\u00e3o na China, oferecendo uma ampla gama de equipamentos de constru\u00e7\u00e3o leve. Nossos principais produtos incluem m\u00e1quina de corte de vergalh\u00e3o, m\u00e1quina dobradeira de vergalh\u00e3o, m\u00e1quina dobradeira de estribo de vergalh\u00e3o, m\u00e1quina dobradeira de arco de vergalh\u00e3o, m\u00e1quina de endireitar vergalh\u00e3o, m\u00e1quina dobradeira de estribo de vergalh\u00e3o de cinco cabe\u00e7as, compactador de placa, cortador de concreto, esp\u00e1tula el\u00e9trica e outras m\u00e1quinas de constru\u00e7\u00e3o. Estamos equipados com m\u00e1quinas CNC avan\u00e7adas, e n\u00f3s aplicamos rigorosas normas de inspe\u00e7\u00e3o de qualidade, juntamente com o servi\u00e7o p\u00f3s-venda abrangente. Se voc\u00ea est\u00e1 interessado em nossos produtos ou servi\u00e7os, congratulamo-nos com as suas perguntas atrav\u00e9s de mensagem.","publisher":{"@id":"https:\/\/www.hsymachinery.com\/#organization"},"potentialAction":[{"@type":"SearchAction","target":{"@type":"EntryPoint","urlTemplate":"https:\/\/www.hsymachinery.com\/?s={search_term_string}"},"query-input":{"@type":"PropertyValueSpecification","valueRequired":true,"valueName":"search_term_string"}}],"inLanguage":"pt-PT"},{"@type":"Organization","@id":"https:\/\/www.hsymachinery.com\/#organization","name":"M\u00e1quinas de constru\u00e7\u00e3o HSY","url":"https:\/\/www.hsymachinery.com\/","logo":{"@type":"ImageObject","inLanguage":"pt-PT","@id":"https:\/\/www.hsymachinery.com\/#\/schema\/logo\/image\/","url":"https:\/\/www.hsymachinery.com\/wp-content\/uploads\/2025\/06\/cropped-HSY-machinery.png","contentUrl":"https:\/\/www.hsymachinery.com\/wp-content\/uploads\/2025\/06\/cropped-HSY-machinery.png","width":600,"height":240,"caption":"HSY Construction Machinery"},"image":{"@id":"https:\/\/www.hsymachinery.com\/#\/schema\/logo\/image\/"}}]}},"_links":{"self":[{"href":"https:\/\/www.hsymachinery.com\/pt\/wp-json\/wp\/v2\/product\/8962","targetHints":{"allow":["GET"]}}],"collection":[{"href":"https:\/\/www.hsymachinery.com\/pt\/wp-json\/wp\/v2\/product"}],"about":[{"href":"https:\/\/www.hsymachinery.com\/pt\/wp-json\/wp\/v2\/types\/product"}],"version-history":[{"count":4,"href":"https:\/\/www.hsymachinery.com\/pt\/wp-json\/wp\/v2\/product\/8962\/revisions"}],"predecessor-version":[{"id":9379,"href":"https:\/\/www.hsymachinery.com\/pt\/wp-json\/wp\/v2\/product\/8962\/revisions\/9379"}],"wp:featuredmedia":[{"embeddable":true,"href":"https:\/\/www.hsymachinery.com\/pt\/wp-json\/wp\/v2\/media\/8963"}],"wp:attachment":[{"href":"https:\/\/www.hsymachinery.com\/pt\/wp-json\/wp\/v2\/media?parent=8962"}],"wp:term":[{"taxonomy":"product_brand","embeddable":true,"href":"https:\/\/www.hsymachinery.com\/pt\/wp-json\/wp\/v2\/product_brand?post=8962"},{"taxonomy":"product_cat","embeddable":true,"href":"https:\/\/www.hsymachinery.com\/pt\/wp-json\/wp\/v2\/product_cat?post=8962"},{"taxonomy":"product_tag","embeddable":true,"href":"https:\/\/www.hsymachinery.com\/pt\/wp-json\/wp\/v2\/product_tag?post=8962"}],"curies":[{"name":"wp","href":"https:\/\/api.w.org\/{rel}","templated":true}]}}