{"id":8943,"date":"2025-06-18T11:59:17","date_gmt":"2025-06-18T03:59:17","guid":{"rendered":"https:\/\/www.hsymachinery.com\/?post_type=product&#038;p=8943"},"modified":"2025-06-25T23:11:34","modified_gmt":"2025-06-25T15:11:34","slug":"maquina-de-dobrar-vergalhoes-gw45","status":"publish","type":"product","link":"https:\/\/www.hsymachinery.com\/pt\/product\/maquina-de-dobrar-vergalhoes-gw45\/","title":{"rendered":"M\u00e1quina de dobrar vergalh\u00f5es GW45"},"content":{"rendered":"<h3 data-start=\"110\" data-end=\"191\">Dobradeira de vergalh\u00e3o de a\u00e7o de tamanho m\u00e9dio para barras de 6-36mm | Equipamento de dobra para constru\u00e7\u00e3o<\/h3>\n<h3 data-start=\"198\" data-end=\"297\">Vis\u00e3o geral do produto - M\u00e1quina de dobrar vergalh\u00f5es para servi\u00e7o pesado para projetos de constru\u00e7\u00e3o e infraestrutura<\/h3>\n<p data-start=\"299\" data-end=\"609\">O <strong data-start=\"303\" data-end=\"333\">M\u00e1quina de dobrar vergalh\u00f5es GW45<\/strong> foi concebido para lidar com <strong data-start=\"358\" data-end=\"373\">6mm a 36mm<\/strong> barras de a\u00e7o com elevada precis\u00e3o de dobragem e efici\u00eancia. Esta m\u00e1quina de dobrar vergalh\u00f5es para constru\u00e7\u00e3o \u00e9 adequada tanto para trabalhos em estaleiros como para estaleiros de fabrico, especialmente em projectos como auto-estradas, complexos residenciais, pontes e t\u00faneis.<\/p>\n<p data-start=\"611\" data-end=\"796\">A sua estrutura dur\u00e1vel, o motor potente e os \u00e2ngulos de dobragem ajust\u00e1veis tornam a GW45 ideal para profissionais que procuram fiabilidade e flexibilidade no trabalho di\u00e1rio de refor\u00e7o de a\u00e7o.<\/p>\n<h3 data-start=\"803\" data-end=\"853\">Controlo melhorado e dobragem de alta precis\u00e3o<\/h3>\n<p data-start=\"855\" data-end=\"1182\">O <strong data-start=\"859\" data-end=\"889\"><a href=\"https:\/\/www.hsymachinery.com\/pt\/produtos\/maquina-de-dobrar-vergalhoes-2\/\" target=\"_blank\" rel=\"noopener\">M\u00e1quina de dobrar vergalh\u00f5es<\/a> GW45<\/strong> utiliza um disco de dobragem rotativo e um sistema de batente mec\u00e2nico para criar dobras precisas de 0\u00b0 a 180\u00b0. Os operadores podem definir diferentes \u00e2ngulos de forma r\u00e1pida e consistente para estribos complexos ou formas personalizadas de vergalh\u00f5es. Al\u00e9m disso, o forte disco de dobragem plano lida com a\u00e7o de elevado di\u00e2metro sem deforma\u00e7\u00e3o.<\/p>\n<p data-start=\"1184\" data-end=\"1384\">A <strong data-start=\"1186\" data-end=\"1207\">motor com n\u00facleo de cobre<\/strong> alimenta a m\u00e1quina, proporcionando um bin\u00e1rio constante e um baixo n\u00edvel de ru\u00eddo. O <strong data-start=\"1281\" data-end=\"1299\">caixa de velocidades estanque<\/strong> assegura uma transmiss\u00e3o mais suave, uma manuten\u00e7\u00e3o mais reduzida e uma vida \u00fatil mais longa.<\/p>\n<h3 data-start=\"1391\" data-end=\"1446\">\u00a0Constru\u00eddo para resistir a condi\u00e7\u00f5es de constru\u00e7\u00e3o dif\u00edceis<\/h3>\n<p data-start=\"1448\" data-end=\"1709\">O GW45 possui uma estrutura de a\u00e7o refor\u00e7ada e componentes de dobragem de alto impacto. Funciona de forma fi\u00e1vel em condi\u00e7\u00f5es adversas, como locais de constru\u00e7\u00e3o poeirentos e oficinas m\u00f3veis. Gra\u00e7as \u00e0s suas rodas s\u00f3lidas, os utilizadores podem facilmente reposicionar a m\u00e1quina conforme necess\u00e1rio.<\/p>\n<p data-start=\"1711\" data-end=\"1936\">Al\u00e9m disso, esta m\u00e1quina de dobrar vergalh\u00f5es inclui controlos por pedal ou interrutor manual para seguran\u00e7a e conveni\u00eancia operacional. As op\u00e7\u00f5es de tens\u00e3o e frequ\u00eancia (220V\/380V, 50Hz\/60Hz) tornam a GW45 adequada para mercados globais.<\/p>\n<h3 data-start=\"1943\" data-end=\"1991\">Por que escolher a m\u00e1quina de dobrar vergalh\u00f5es GW45?<\/h3>\n<ul data-start=\"1993\" data-end=\"2219\">\n<li data-start=\"1993\" data-end=\"2060\">\n<p data-start=\"1995\" data-end=\"2060\">Dobra barras de a\u00e7o de 6-36 mm com precis\u00e3o e controlo de \u00e2ngulo consistente<\/p>\n<\/li>\n<li data-start=\"2061\" data-end=\"2112\">\n<p data-start=\"2063\" data-end=\"2112\">Motor de cobre robusto e caixa de velocidades de baixa manuten\u00e7\u00e3o<\/p>\n<\/li>\n<li data-start=\"2113\" data-end=\"2169\">\n<p data-start=\"2115\" data-end=\"2169\">Dur\u00e1vel, m\u00f3vel e adequado \u00e0s condi\u00e7\u00f5es do local de trabalho<\/p>\n<\/li>\n<li data-start=\"2170\" data-end=\"2219\">\n<p data-start=\"2172\" data-end=\"2219\">Pronto para exporta\u00e7\u00e3o com configura\u00e7\u00e3o multi-tens\u00e3o<\/p>\n<\/li>\n<\/ul>\n<p><iframe title=\"#constru\u00e7\u00e3o #trabalhador da constru\u00e7\u00e3o 1TP10Dobrador de barras 1TP10Dobrador de barras\" width=\"720\" height=\"405\" src=\"https:\/\/www.youtube.com\/embed\/PJ1hngSXwUg?feature=oembed\" frameborder=\"0\" allow=\"accelerometer; autoplay; clipboard-write; encrypted-media; gyroscope; picture-in-picture; web-share\" referrerpolicy=\"strict-origin-when-cross-origin\" allowfullscreen><\/iframe><\/p>","protected":false},"excerpt":{"rendered":"<p>A m\u00e1quina de dobrar var\u00f5es GW45 dobra barras de a\u00e7o de 6-36 mm com um bin\u00e1rio suave e elevada precis\u00e3o. O seu design robusto e os controlos flex\u00edveis tornam-na ideal para utiliza\u00e7\u00e3o no local de trabalho e na oficina.<\/p>","protected":false},"featured_media":8944,"template":"","meta":{"_kad_post_transparent":"default","_kad_post_title":"","_kad_post_layout":"default","_kad_post_sidebar_id":"","_kad_post_content_style":"default","_kad_post_vertical_padding":"default","_kad_post_feature":"","_kad_post_feature_position":"","_kad_post_header":false,"_kad_post_footer":false},"product_brand":[],"product_cat":[28],"product_tag":[998,1004,996,1003,997,1000,1001,999,995,1002],"class_list":{"0":"post-8943","1":"product","2":"type-product","3":"status-publish","4":"has-post-thumbnail","6":"product_cat-rebar-bending-machine","7":"product_tag-automatic-rebar-bending-machine","8":"product_tag-bar-bending-machine-price","9":"product_tag-cnc-rebar-bending-machine","10":"product_tag-construction-rebar-bender","11":"product_tag-electric-rebar-bender","12":"product_tag-electric-rebar-bending-machine","13":"product_tag-hydraulic-rebar-bending-machine","14":"product_tag-portable-rebar-bender","15":"product_tag-rebar-bender","16":"product_tag-steel-bar-bender","18":"first","19":"instock","20":"shipping-taxable","21":"product-type-simple","22":"entry","23":"content-bg","24":"loop-entry"},"yoast_head":"<!-- This site is optimized with the Yoast SEO plugin v25.3.1 - https:\/\/yoast.com\/wordpress\/plugins\/seo\/ -->\n<title>Rebar Bending Machine GW45 - HSY Construction Machinery<\/title>\n<meta name=\"description\" content=\"Rebar Bending Machine GW45 bends 6\u201336mm rebar with excellent control. Reliable, mobile, and ideal for medium-scale construction and steel reinforcement projects.\" \/>\n<meta name=\"robots\" content=\"index, follow, max-snippet:-1, max-image-preview:large, max-video-preview:-1\" \/>\n<link rel=\"canonical\" href=\"https:\/\/www.hsymachinery.com\/pt\/product\/maquina-de-dobrar-vergalhoes-gw45\/\" \/>\n<meta property=\"og:locale\" content=\"pt_PT\" \/>\n<meta property=\"og:type\" content=\"article\" \/>\n<meta property=\"og:title\" content=\"Rebar Bending Machine GW45 - HSY Construction Machinery\" \/>\n<meta property=\"og:description\" content=\"Rebar Bending Machine GW45 bends 6\u201336mm rebar with excellent control. Reliable, mobile, and ideal for medium-scale construction and steel reinforcement projects.\" \/>\n<meta property=\"og:url\" content=\"https:\/\/www.hsymachinery.com\/pt\/product\/maquina-de-dobrar-vergalhoes-gw45\/\" \/>\n<meta property=\"og:site_name\" content=\"HSY Construction Machinery\" \/>\n<meta property=\"article:modified_time\" content=\"2025-06-25T15:11:34+00:00\" \/>\n<meta property=\"og:image\" content=\"https:\/\/www.hsymachinery.com\/wp-content\/uploads\/2025\/06\/Rebar-Bending-Machine-GW45.jpg\" \/>\n\t<meta property=\"og:image:width\" content=\"600\" \/>\n\t<meta property=\"og:image:height\" content=\"600\" \/>\n\t<meta property=\"og:image:type\" content=\"image\/jpeg\" \/>\n<meta name=\"twitter:card\" content=\"summary_large_image\" \/>\n<meta name=\"twitter:label1\" content=\"Tempo estimado de leitura\" \/>\n\t<meta name=\"twitter:data1\" content=\"2 minutos\" \/>\n<script type=\"application\/ld+json\" class=\"yoast-schema-graph\">{\"@context\":\"https:\/\/schema.org\",\"@graph\":[{\"@type\":\"WebPage\",\"@id\":\"https:\/\/www.hsymachinery.com\/product\/rebar-bending-machine-gw45\/\",\"url\":\"https:\/\/www.hsymachinery.com\/product\/rebar-bending-machine-gw45\/\",\"name\":\"Rebar Bending Machine GW45 - HSY Construction Machinery\",\"isPartOf\":{\"@id\":\"https:\/\/www.hsymachinery.com\/#website\"},\"primaryImageOfPage\":{\"@id\":\"https:\/\/www.hsymachinery.com\/product\/rebar-bending-machine-gw45\/#primaryimage\"},\"image\":{\"@id\":\"https:\/\/www.hsymachinery.com\/product\/rebar-bending-machine-gw45\/#primaryimage\"},\"thumbnailUrl\":\"https:\/\/www.hsymachinery.com\/wp-content\/uploads\/2025\/06\/Rebar-Bending-Machine-GW45.jpg\",\"datePublished\":\"2025-06-18T03:59:17+00:00\",\"dateModified\":\"2025-06-25T15:11:34+00:00\",\"description\":\"Rebar Bending Machine GW45 bends 6\u201336mm rebar with excellent control. Reliable, mobile, and ideal for medium-scale construction and steel reinforcement projects.\",\"breadcrumb\":{\"@id\":\"https:\/\/www.hsymachinery.com\/product\/rebar-bending-machine-gw45\/#breadcrumb\"},\"inLanguage\":\"pt-PT\",\"potentialAction\":[{\"@type\":\"ReadAction\",\"target\":[\"https:\/\/www.hsymachinery.com\/product\/rebar-bending-machine-gw45\/\"]}]},{\"@type\":\"ImageObject\",\"inLanguage\":\"pt-PT\",\"@id\":\"https:\/\/www.hsymachinery.com\/product\/rebar-bending-machine-gw45\/#primaryimage\",\"url\":\"https:\/\/www.hsymachinery.com\/wp-content\/uploads\/2025\/06\/Rebar-Bending-Machine-GW45.jpg\",\"contentUrl\":\"https:\/\/www.hsymachinery.com\/wp-content\/uploads\/2025\/06\/Rebar-Bending-Machine-GW45.jpg\",\"width\":600,\"height\":600},{\"@type\":\"BreadcrumbList\",\"@id\":\"https:\/\/www.hsymachinery.com\/product\/rebar-bending-machine-gw45\/#breadcrumb\",\"itemListElement\":[{\"@type\":\"ListItem\",\"position\":1,\"name\":\"home\",\"item\":\"https:\/\/www.hsymachinery.com\/\"},{\"@type\":\"ListItem\",\"position\":2,\"name\":\"products\",\"item\":\"https:\/\/www.hsymachinery.com\/products\/\"},{\"@type\":\"ListItem\",\"position\":3,\"name\":\"Rebar Bending Machine GW45\"}]},{\"@type\":\"WebSite\",\"@id\":\"https:\/\/www.hsymachinery.com\/#website\",\"url\":\"https:\/\/www.hsymachinery.com\/\",\"name\":\"HSY Construction Machinery\",\"description\":\"HSY Machinery \u2013 A leading China construction machinery supplier, offering a wide range of light construction equipment. Our main products include Rebar Cutting Machine, Rebar Bending Machine, Rebar Stirrup Bending Machine, Rebar Arc Bending Machine, Rebar Straightening Machine, Five-Head Rebar Stirrup Bending Machine, Tamping Rammer, Plate Compactor, Concrete Cutter, Power Trowel, and other construction machinery. We are equipped with advanced CNC machines, and we enforce strict quality inspection standards along with comprehensive after-sales service. If you are interested in our products or services, we warmly welcome your inquiries via message.\",\"publisher\":{\"@id\":\"https:\/\/www.hsymachinery.com\/#organization\"},\"potentialAction\":[{\"@type\":\"SearchAction\",\"target\":{\"@type\":\"EntryPoint\",\"urlTemplate\":\"https:\/\/www.hsymachinery.com\/?s={search_term_string}\"},\"query-input\":{\"@type\":\"PropertyValueSpecification\",\"valueRequired\":true,\"valueName\":\"search_term_string\"}}],\"inLanguage\":\"pt-PT\"},{\"@type\":\"Organization\",\"@id\":\"https:\/\/www.hsymachinery.com\/#organization\",\"name\":\"HSY Construction Machinery\",\"url\":\"https:\/\/www.hsymachinery.com\/\",\"logo\":{\"@type\":\"ImageObject\",\"inLanguage\":\"pt-PT\",\"@id\":\"https:\/\/www.hsymachinery.com\/#\/schema\/logo\/image\/\",\"url\":\"https:\/\/www.hsymachinery.com\/wp-content\/uploads\/2025\/06\/cropped-HSY-machinery.png\",\"contentUrl\":\"https:\/\/www.hsymachinery.com\/wp-content\/uploads\/2025\/06\/cropped-HSY-machinery.png\",\"width\":600,\"height\":240,\"caption\":\"HSY Construction Machinery\"},\"image\":{\"@id\":\"https:\/\/www.hsymachinery.com\/#\/schema\/logo\/image\/\"}}]}<\/script>\n<!-- \/ Yoast SEO plugin. -->","yoast_head_json":{"title":"M\u00e1quina de dobragem de vergalh\u00f5es GW45 - HSY Construction Machinery","description":"A m\u00e1quina de dobragem de vergalh\u00f5es GW45 dobra vergalh\u00f5es de 6-36 mm com excelente controlo. Fi\u00e1vel, m\u00f3vel e ideal para projectos de constru\u00e7\u00e3o e refor\u00e7o de a\u00e7o de m\u00e9dia escala.","robots":{"index":"index","follow":"follow","max-snippet":"max-snippet:-1","max-image-preview":"max-image-preview:large","max-video-preview":"max-video-preview:-1"},"canonical":"https:\/\/www.hsymachinery.com\/pt\/product\/maquina-de-dobrar-vergalhoes-gw45\/","og_locale":"pt_PT","og_type":"article","og_title":"Rebar Bending Machine GW45 - HSY Construction Machinery","og_description":"Rebar Bending Machine GW45 bends 6\u201336mm rebar with excellent control. Reliable, mobile, and ideal for medium-scale construction and steel reinforcement projects.","og_url":"https:\/\/www.hsymachinery.com\/pt\/product\/maquina-de-dobrar-vergalhoes-gw45\/","og_site_name":"HSY Construction Machinery","article_modified_time":"2025-06-25T15:11:34+00:00","og_image":[{"width":600,"height":600,"url":"https:\/\/www.hsymachinery.com\/wp-content\/uploads\/2025\/06\/Rebar-Bending-Machine-GW45.jpg","type":"image\/jpeg"}],"twitter_card":"summary_large_image","twitter_misc":{"Tempo estimado de leitura":"2 minutos"},"schema":{"@context":"https:\/\/schema.org","@graph":[{"@type":"WebPage","@id":"https:\/\/www.hsymachinery.com\/product\/rebar-bending-machine-gw45\/","url":"https:\/\/www.hsymachinery.com\/product\/rebar-bending-machine-gw45\/","name":"M\u00e1quina de dobragem de vergalh\u00f5es GW45 - HSY Construction Machinery","isPartOf":{"@id":"https:\/\/www.hsymachinery.com\/#website"},"primaryImageOfPage":{"@id":"https:\/\/www.hsymachinery.com\/product\/rebar-bending-machine-gw45\/#primaryimage"},"image":{"@id":"https:\/\/www.hsymachinery.com\/product\/rebar-bending-machine-gw45\/#primaryimage"},"thumbnailUrl":"https:\/\/www.hsymachinery.com\/wp-content\/uploads\/2025\/06\/Rebar-Bending-Machine-GW45.jpg","datePublished":"2025-06-18T03:59:17+00:00","dateModified":"2025-06-25T15:11:34+00:00","description":"A m\u00e1quina de dobragem de vergalh\u00f5es GW45 dobra vergalh\u00f5es de 6-36 mm com excelente controlo. Fi\u00e1vel, m\u00f3vel e ideal para projectos de constru\u00e7\u00e3o e refor\u00e7o de a\u00e7o de m\u00e9dia escala.","breadcrumb":{"@id":"https:\/\/www.hsymachinery.com\/product\/rebar-bending-machine-gw45\/#breadcrumb"},"inLanguage":"pt-PT","potentialAction":[{"@type":"ReadAction","target":["https:\/\/www.hsymachinery.com\/product\/rebar-bending-machine-gw45\/"]}]},{"@type":"ImageObject","inLanguage":"pt-PT","@id":"https:\/\/www.hsymachinery.com\/product\/rebar-bending-machine-gw45\/#primaryimage","url":"https:\/\/www.hsymachinery.com\/wp-content\/uploads\/2025\/06\/Rebar-Bending-Machine-GW45.jpg","contentUrl":"https:\/\/www.hsymachinery.com\/wp-content\/uploads\/2025\/06\/Rebar-Bending-Machine-GW45.jpg","width":600,"height":600},{"@type":"BreadcrumbList","@id":"https:\/\/www.hsymachinery.com\/product\/rebar-bending-machine-gw45\/#breadcrumb","itemListElement":[{"@type":"ListItem","position":1,"name":"home","item":"https:\/\/www.hsymachinery.com\/"},{"@type":"ListItem","position":2,"name":"products","item":"https:\/\/www.hsymachinery.com\/products\/"},{"@type":"ListItem","position":3,"name":"Rebar Bending Machine GW45"}]},{"@type":"WebSite","@id":"https:\/\/www.hsymachinery.com\/#website","url":"https:\/\/www.hsymachinery.com\/","name":"M\u00e1quinas de constru\u00e7\u00e3o HSY","description":"HSY Machinery - Um fornecedor l\u00edder de m\u00e1quinas de constru\u00e7\u00e3o na China, oferecendo uma ampla gama de equipamentos de constru\u00e7\u00e3o leve. Nossos principais produtos incluem m\u00e1quina de corte de vergalh\u00e3o, m\u00e1quina dobradeira de vergalh\u00e3o, m\u00e1quina dobradeira de estribo de vergalh\u00e3o, m\u00e1quina dobradeira de arco de vergalh\u00e3o, m\u00e1quina de endireitar vergalh\u00e3o, m\u00e1quina dobradeira de estribo de vergalh\u00e3o de cinco cabe\u00e7as, compactador de placa, cortador de concreto, esp\u00e1tula el\u00e9trica e outras m\u00e1quinas de constru\u00e7\u00e3o. Estamos equipados com m\u00e1quinas CNC avan\u00e7adas, e n\u00f3s aplicamos rigorosas normas de inspe\u00e7\u00e3o de qualidade, juntamente com o servi\u00e7o p\u00f3s-venda abrangente. Se voc\u00ea est\u00e1 interessado em nossos produtos ou servi\u00e7os, congratulamo-nos com as suas perguntas atrav\u00e9s de mensagem.","publisher":{"@id":"https:\/\/www.hsymachinery.com\/#organization"},"potentialAction":[{"@type":"SearchAction","target":{"@type":"EntryPoint","urlTemplate":"https:\/\/www.hsymachinery.com\/?s={search_term_string}"},"query-input":{"@type":"PropertyValueSpecification","valueRequired":true,"valueName":"search_term_string"}}],"inLanguage":"pt-PT"},{"@type":"Organization","@id":"https:\/\/www.hsymachinery.com\/#organization","name":"M\u00e1quinas de constru\u00e7\u00e3o HSY","url":"https:\/\/www.hsymachinery.com\/","logo":{"@type":"ImageObject","inLanguage":"pt-PT","@id":"https:\/\/www.hsymachinery.com\/#\/schema\/logo\/image\/","url":"https:\/\/www.hsymachinery.com\/wp-content\/uploads\/2025\/06\/cropped-HSY-machinery.png","contentUrl":"https:\/\/www.hsymachinery.com\/wp-content\/uploads\/2025\/06\/cropped-HSY-machinery.png","width":600,"height":240,"caption":"HSY Construction Machinery"},"image":{"@id":"https:\/\/www.hsymachinery.com\/#\/schema\/logo\/image\/"}}]}},"_links":{"self":[{"href":"https:\/\/www.hsymachinery.com\/pt\/wp-json\/wp\/v2\/product\/8943","targetHints":{"allow":["GET"]}}],"collection":[{"href":"https:\/\/www.hsymachinery.com\/pt\/wp-json\/wp\/v2\/product"}],"about":[{"href":"https:\/\/www.hsymachinery.com\/pt\/wp-json\/wp\/v2\/types\/product"}],"version-history":[{"count":3,"href":"https:\/\/www.hsymachinery.com\/pt\/wp-json\/wp\/v2\/product\/8943\/revisions"}],"predecessor-version":[{"id":9352,"href":"https:\/\/www.hsymachinery.com\/pt\/wp-json\/wp\/v2\/product\/8943\/revisions\/9352"}],"wp:featuredmedia":[{"embeddable":true,"href":"https:\/\/www.hsymachinery.com\/pt\/wp-json\/wp\/v2\/media\/8944"}],"wp:attachment":[{"href":"https:\/\/www.hsymachinery.com\/pt\/wp-json\/wp\/v2\/media?parent=8943"}],"wp:term":[{"taxonomy":"product_brand","embeddable":true,"href":"https:\/\/www.hsymachinery.com\/pt\/wp-json\/wp\/v2\/product_brand?post=8943"},{"taxonomy":"product_cat","embeddable":true,"href":"https:\/\/www.hsymachinery.com\/pt\/wp-json\/wp\/v2\/product_cat?post=8943"},{"taxonomy":"product_tag","embeddable":true,"href":"https:\/\/www.hsymachinery.com\/pt\/wp-json\/wp\/v2\/product_tag?post=8943"}],"curies":[{"name":"wp","href":"https:\/\/api.w.org\/{rel}","templated":true}]}}