{"id":8936,"date":"2025-06-18T11:31:16","date_gmt":"2025-06-18T03:31:16","guid":{"rendered":"https:\/\/www.hsymachinery.com\/?post_type=product&#038;p=8936"},"modified":"2025-06-25T22:33:35","modified_gmt":"2025-06-25T14:33:35","slug":"maquina-de-corte-de-vergalhoes-gq60-faca-redonda","status":"publish","type":"product","link":"https:\/\/www.hsymachinery.com\/pt\/product\/maquina-de-corte-de-vergalhoes-gq60-faca-redonda\/","title":{"rendered":"M\u00e1quina de corte de vergalh\u00f5es GQ60 (faca redonda)"},"content":{"rendered":"<h3 data-start=\"318\" data-end=\"396\">Cortador de vergalh\u00f5es de l\u00e2mina redonda de ultra-capacidade para processamento de precis\u00e3o de barras pesadas<\/h3>\n<h3 data-start=\"403\" data-end=\"482\">Vis\u00e3o geral do produto - Equipamento de corte de vergalh\u00e3o por lamina\u00e7\u00e3o e cisalhamento para barras de 6-50 mm<\/h3>\n<p data-start=\"484\" data-end=\"832\">O <strong data-start=\"488\" data-end=\"532\">M\u00e1quina de corte de vergalh\u00f5es GQ60 (Faca redonda)<\/strong> proporciona um corte potente e preciso para <strong data-start=\"575\" data-end=\"596\">Barras de a\u00e7o de 6-50 mm<\/strong>. As equipas de constru\u00e7\u00e3o confiam nesta m\u00e1quina para processar a\u00e7o-carbono, barras redondas e barras nervuradas com facilidade. O <strong data-start=\"706\" data-end=\"728\">design de faca redonda<\/strong> utiliza um movimento de corte rolante. Como resultado, reduz a resist\u00eancia e permite cortes mais suaves e r\u00e1pidos.<\/p>\n<p data-start=\"834\" data-end=\"942\">Os empreiteiros utilizam este modelo em projectos de grande escala como pontes, t\u00faneis, portos e obras de a\u00e7o estrutural.<\/p>\n<h3 data-start=\"949\" data-end=\"996\">\u00a0Design da faca de enrolar para resultados mais limpos<\/h3>\n<p data-start=\"998\" data-end=\"1206\">A l\u00e2mina redonda roda durante o movimento de corte. Isto cria uma a\u00e7\u00e3o de deslizamento que aplica menos impacto direto na l\u00e2mina e no a\u00e7o. Por conseguinte, a m\u00e1quina produz arestas mais limpas e prolonga a vida \u00fatil da l\u00e2mina.<\/p>\n<p data-start=\"1208\" data-end=\"1467\">A <strong data-start=\"1210\" data-end=\"1242\">motor de cobre de alta efici\u00eancia<\/strong> alimenta a m\u00e1quina. Proporciona um bin\u00e1rio forte em turnos longos sem sobreaquecimento. Al\u00e9m disso, a caixa de velocidades interna assegura uma transmiss\u00e3o de bin\u00e1rio est\u00e1vel. Os operadores sentem uma vibra\u00e7\u00e3o m\u00ednima e um menor consumo de energia.<\/p>\n<h3 data-start=\"1474\" data-end=\"1514\">\u00a0Estrutura robusta e f\u00e1cil manuten\u00e7\u00e3o<\/h3>\n<p data-start=\"1516\" data-end=\"1720\">A <strong data-start=\"1518\" data-end=\"1548\">estrutura em ferro fundido refor\u00e7ado<\/strong> suporta a durabilidade da GQ60. Os trabalhadores podem deslocar a m\u00e1quina em locais de trabalho dif\u00edceis utilizando o <strong data-start=\"1643\" data-end=\"1664\">rodas resistentes<\/strong>. Uma alavanca de cabo longo permite um controlo seguro e pr\u00e1tico.<\/p>\n<p data-start=\"1722\" data-end=\"1904\">Al\u00e9m disso, a tampa superior da m\u00e1quina abre-se facilmente. Os t\u00e9cnicos podem inspecionar ou mudar as l\u00e2minas sem remover pain\u00e9is adicionais. Este design reduz o tempo de inatividade e melhora a efici\u00eancia do trabalho.<\/p>\n<h3 data-start=\"1911\" data-end=\"1959\">Constru\u00eddo para exporta\u00e7\u00e3o e funcionamento cont\u00ednuo<\/h3>\n<p data-start=\"1961\" data-end=\"2146\">O <a href=\"https:\/\/www.hsymachinery.com\/pt\/produtos\/maquina-de-corte-de-vergalhoes\/\" target=\"_blank\" rel=\"noopener\">M\u00e1quina de corte de vergalh\u00f5es<\/a> Suportes GQ60 (faca redonda) <strong data-start=\"1997\" data-end=\"2025\">normas globais de tens\u00e3o<\/strong> (220V\/380V, 50Hz\/60Hz). Empresas de constru\u00e7\u00e3o em todo o mundo confiam neste modelo para opera\u00e7\u00f5es exigentes de corte de a\u00e7o.<\/p>\n<h3 data-start=\"2153\" data-end=\"2198\">Principais vantagens do cortador de l\u00e2minas redondas GQ60<\/h3>\n<ul data-start=\"2200\" data-end=\"2421\">\n<li data-start=\"2200\" data-end=\"2262\">\n<p data-start=\"2202\" data-end=\"2262\">Corta barras de a\u00e7o de 6-50 mm com uma precis\u00e3o de corte suave<\/p>\n<\/li>\n<li data-start=\"2263\" data-end=\"2312\">\n<p data-start=\"2265\" data-end=\"2312\">Prolonga a vida \u00fatil da l\u00e2mina e reduz o esfor\u00e7o de corte<\/p>\n<\/li>\n<li data-start=\"2313\" data-end=\"2379\">\n<p data-start=\"2315\" data-end=\"2379\">Resiste a longas horas em ambientes de constru\u00e7\u00e3o de alto rendimento<\/p>\n<\/li>\n<li data-start=\"2380\" data-end=\"2421\">\n<p data-start=\"2382\" data-end=\"2421\">Preparado para exporta\u00e7\u00e3o com suporte multi-tens\u00e3o<\/p>\n<\/li>\n<\/ul>\n<p><iframe title=\"cortador de vergalh\u00f5esm\u00e1quina de corte de vergalh\u00f5esm\u00e1quina de corte de vergalh\u00f5es, m\u00e1quina de corte de barras de a\u00e7o, m\u00e1quinas de constru\u00e7\u00e3o\" width=\"720\" height=\"405\" src=\"https:\/\/www.youtube.com\/embed\/cIrJPBezWsw?feature=oembed\" frameborder=\"0\" allow=\"accelerometer; autoplay; clipboard-write; encrypted-media; gyroscope; picture-in-picture; web-share\" referrerpolicy=\"strict-origin-when-cross-origin\" allowfullscreen><\/iframe><\/p>","protected":false},"excerpt":{"rendered":"<p>O cortador de vergalh\u00e3o de faca redonda GQ60 lida com barras de a\u00e7o de 6-50 mm com baixa resist\u00eancia e cisalhamento suave. Adequado para projectos de constru\u00e7\u00e3o pesada e de exporta\u00e7\u00e3o global.<\/p>","protected":false},"featured_media":8937,"template":"","meta":{"_kad_post_transparent":"default","_kad_post_title":"","_kad_post_layout":"default","_kad_post_sidebar_id":"","_kad_post_content_style":"default","_kad_post_vertical_padding":"default","_kad_post_feature":"","_kad_post_feature_position":"","_kad_post_header":false,"_kad_post_footer":false},"product_brand":[],"product_cat":[51],"product_tag":[988,992,990,989,993,985,994,987,984,991,986],"class_list":{"0":"post-8936","1":"product","2":"type-product","3":"status-publish","4":"has-post-thumbnail","6":"product_cat-rebar-cutting-machine","7":"product_tag-automatic-rebar-cutter","8":"product_tag-construction-steel-bar-cutter","9":"product_tag-electric-rebar-cutting-tool","10":"product_tag-hydraulic-rebar-cutting-machine","11":"product_tag-portable-rebar-cutting-machine","12":"product_tag-rebar-cutter","13":"product_tag-rebar-cutting-machine","14":"product_tag-reinforcement-bar-cutter","15":"product_tag-steel-bar-cutting-machine","16":"product_tag-steel-rod-cutter-machine","17":"product_tag-tmt-bar-cutting-machine","19":"first","20":"instock","21":"shipping-taxable","22":"product-type-simple","23":"entry","24":"content-bg","25":"loop-entry"},"yoast_head":"<!-- This site is optimized with the Yoast SEO plugin v25.3.1 - https:\/\/yoast.com\/wordpress\/plugins\/seo\/ -->\n<title>Rebar Cutting Machine GQ60 (Round knife) - HSY Construction Machinery<\/title>\n<meta name=\"description\" content=\"Rebar Cutting Machine GQ60 (Round Knife) processes 6\u201350mm bars using rolling-shear action. Ideal for industrial construction and international export.\" \/>\n<meta name=\"robots\" content=\"index, follow, max-snippet:-1, max-image-preview:large, max-video-preview:-1\" \/>\n<link rel=\"canonical\" href=\"https:\/\/www.hsymachinery.com\/pt\/product\/maquina-de-corte-de-vergalhoes-gq60-faca-redonda\/\" \/>\n<meta property=\"og:locale\" content=\"pt_PT\" \/>\n<meta property=\"og:type\" content=\"article\" \/>\n<meta property=\"og:title\" content=\"Rebar Cutting Machine GQ60 (Round knife) - HSY Construction Machinery\" \/>\n<meta property=\"og:description\" content=\"Rebar Cutting Machine GQ60 (Round Knife) processes 6\u201350mm bars using rolling-shear action. Ideal for industrial construction and international export.\" \/>\n<meta property=\"og:url\" content=\"https:\/\/www.hsymachinery.com\/pt\/product\/maquina-de-corte-de-vergalhoes-gq60-faca-redonda\/\" \/>\n<meta property=\"og:site_name\" content=\"HSY Construction Machinery\" \/>\n<meta property=\"article:modified_time\" content=\"2025-06-25T14:33:35+00:00\" \/>\n<meta property=\"og:image\" content=\"https:\/\/www.hsymachinery.com\/wp-content\/uploads\/2025\/06\/Rebar-Cutting-Machine-GQ60-Round-knife.jpg\" \/>\n\t<meta property=\"og:image:width\" content=\"600\" \/>\n\t<meta property=\"og:image:height\" content=\"600\" \/>\n\t<meta property=\"og:image:type\" content=\"image\/jpeg\" \/>\n<meta name=\"twitter:card\" content=\"summary_large_image\" \/>\n<meta name=\"twitter:label1\" content=\"Tempo estimado de leitura\" \/>\n\t<meta name=\"twitter:data1\" content=\"2 minutos\" \/>\n<script type=\"application\/ld+json\" class=\"yoast-schema-graph\">{\"@context\":\"https:\/\/schema.org\",\"@graph\":[{\"@type\":\"WebPage\",\"@id\":\"https:\/\/www.hsymachinery.com\/product\/rebar-cutting-machine-gq60-round-knife\/\",\"url\":\"https:\/\/www.hsymachinery.com\/product\/rebar-cutting-machine-gq60-round-knife\/\",\"name\":\"Rebar Cutting Machine GQ60 (Round knife) - HSY Construction Machinery\",\"isPartOf\":{\"@id\":\"https:\/\/www.hsymachinery.com\/#website\"},\"primaryImageOfPage\":{\"@id\":\"https:\/\/www.hsymachinery.com\/product\/rebar-cutting-machine-gq60-round-knife\/#primaryimage\"},\"image\":{\"@id\":\"https:\/\/www.hsymachinery.com\/product\/rebar-cutting-machine-gq60-round-knife\/#primaryimage\"},\"thumbnailUrl\":\"https:\/\/www.hsymachinery.com\/wp-content\/uploads\/2025\/06\/Rebar-Cutting-Machine-GQ60-Round-knife.jpg\",\"datePublished\":\"2025-06-18T03:31:16+00:00\",\"dateModified\":\"2025-06-25T14:33:35+00:00\",\"description\":\"Rebar Cutting Machine GQ60 (Round Knife) processes 6\u201350mm bars using rolling-shear action. Ideal for industrial construction and international export.\",\"breadcrumb\":{\"@id\":\"https:\/\/www.hsymachinery.com\/product\/rebar-cutting-machine-gq60-round-knife\/#breadcrumb\"},\"inLanguage\":\"pt-PT\",\"potentialAction\":[{\"@type\":\"ReadAction\",\"target\":[\"https:\/\/www.hsymachinery.com\/product\/rebar-cutting-machine-gq60-round-knife\/\"]}]},{\"@type\":\"ImageObject\",\"inLanguage\":\"pt-PT\",\"@id\":\"https:\/\/www.hsymachinery.com\/product\/rebar-cutting-machine-gq60-round-knife\/#primaryimage\",\"url\":\"https:\/\/www.hsymachinery.com\/wp-content\/uploads\/2025\/06\/Rebar-Cutting-Machine-GQ60-Round-knife.jpg\",\"contentUrl\":\"https:\/\/www.hsymachinery.com\/wp-content\/uploads\/2025\/06\/Rebar-Cutting-Machine-GQ60-Round-knife.jpg\",\"width\":600,\"height\":600},{\"@type\":\"BreadcrumbList\",\"@id\":\"https:\/\/www.hsymachinery.com\/product\/rebar-cutting-machine-gq60-round-knife\/#breadcrumb\",\"itemListElement\":[{\"@type\":\"ListItem\",\"position\":1,\"name\":\"home\",\"item\":\"https:\/\/www.hsymachinery.com\/\"},{\"@type\":\"ListItem\",\"position\":2,\"name\":\"products\",\"item\":\"https:\/\/www.hsymachinery.com\/products\/\"},{\"@type\":\"ListItem\",\"position\":3,\"name\":\"Rebar Cutting Machine GQ60 (Round knife)\"}]},{\"@type\":\"WebSite\",\"@id\":\"https:\/\/www.hsymachinery.com\/#website\",\"url\":\"https:\/\/www.hsymachinery.com\/\",\"name\":\"HSY Construction Machinery\",\"description\":\"HSY Machinery \u2013 A leading China construction machinery supplier, offering a wide range of light construction equipment. Our main products include Rebar Cutting Machine, Rebar Bending Machine, Rebar Stirrup Bending Machine, Rebar Arc Bending Machine, Rebar Straightening Machine, Five-Head Rebar Stirrup Bending Machine, Tamping Rammer, Plate Compactor, Concrete Cutter, Power Trowel, and other construction machinery. We are equipped with advanced CNC machines, and we enforce strict quality inspection standards along with comprehensive after-sales service. If you are interested in our products or services, we warmly welcome your inquiries via message.\",\"publisher\":{\"@id\":\"https:\/\/www.hsymachinery.com\/#organization\"},\"potentialAction\":[{\"@type\":\"SearchAction\",\"target\":{\"@type\":\"EntryPoint\",\"urlTemplate\":\"https:\/\/www.hsymachinery.com\/?s={search_term_string}\"},\"query-input\":{\"@type\":\"PropertyValueSpecification\",\"valueRequired\":true,\"valueName\":\"search_term_string\"}}],\"inLanguage\":\"pt-PT\"},{\"@type\":\"Organization\",\"@id\":\"https:\/\/www.hsymachinery.com\/#organization\",\"name\":\"HSY Construction Machinery\",\"url\":\"https:\/\/www.hsymachinery.com\/\",\"logo\":{\"@type\":\"ImageObject\",\"inLanguage\":\"pt-PT\",\"@id\":\"https:\/\/www.hsymachinery.com\/#\/schema\/logo\/image\/\",\"url\":\"https:\/\/www.hsymachinery.com\/wp-content\/uploads\/2025\/06\/cropped-HSY-machinery.png\",\"contentUrl\":\"https:\/\/www.hsymachinery.com\/wp-content\/uploads\/2025\/06\/cropped-HSY-machinery.png\",\"width\":600,\"height\":240,\"caption\":\"HSY Construction Machinery\"},\"image\":{\"@id\":\"https:\/\/www.hsymachinery.com\/#\/schema\/logo\/image\/\"}}]}<\/script>\n<!-- \/ Yoast SEO plugin. -->","yoast_head_json":{"title":"M\u00e1quina de corte de vergalh\u00e3o GQ60 (Faca redonda) - HSY Construction Machinery","description":"A m\u00e1quina de corte de vergalh\u00e3o GQ60 (faca redonda) processa barras de 6-50mm usando a\u00e7\u00e3o de cisalhamento por rolamento. Ideal para constru\u00e7\u00e3o industrial e exporta\u00e7\u00e3o internacional.","robots":{"index":"index","follow":"follow","max-snippet":"max-snippet:-1","max-image-preview":"max-image-preview:large","max-video-preview":"max-video-preview:-1"},"canonical":"https:\/\/www.hsymachinery.com\/pt\/product\/maquina-de-corte-de-vergalhoes-gq60-faca-redonda\/","og_locale":"pt_PT","og_type":"article","og_title":"Rebar Cutting Machine GQ60 (Round knife) - HSY Construction Machinery","og_description":"Rebar Cutting Machine GQ60 (Round Knife) processes 6\u201350mm bars using rolling-shear action. Ideal for industrial construction and international export.","og_url":"https:\/\/www.hsymachinery.com\/pt\/product\/maquina-de-corte-de-vergalhoes-gq60-faca-redonda\/","og_site_name":"HSY Construction Machinery","article_modified_time":"2025-06-25T14:33:35+00:00","og_image":[{"width":600,"height":600,"url":"https:\/\/www.hsymachinery.com\/wp-content\/uploads\/2025\/06\/Rebar-Cutting-Machine-GQ60-Round-knife.jpg","type":"image\/jpeg"}],"twitter_card":"summary_large_image","twitter_misc":{"Tempo estimado de leitura":"2 minutos"},"schema":{"@context":"https:\/\/schema.org","@graph":[{"@type":"WebPage","@id":"https:\/\/www.hsymachinery.com\/product\/rebar-cutting-machine-gq60-round-knife\/","url":"https:\/\/www.hsymachinery.com\/product\/rebar-cutting-machine-gq60-round-knife\/","name":"M\u00e1quina de corte de vergalh\u00e3o GQ60 (Faca redonda) - HSY Construction Machinery","isPartOf":{"@id":"https:\/\/www.hsymachinery.com\/#website"},"primaryImageOfPage":{"@id":"https:\/\/www.hsymachinery.com\/product\/rebar-cutting-machine-gq60-round-knife\/#primaryimage"},"image":{"@id":"https:\/\/www.hsymachinery.com\/product\/rebar-cutting-machine-gq60-round-knife\/#primaryimage"},"thumbnailUrl":"https:\/\/www.hsymachinery.com\/wp-content\/uploads\/2025\/06\/Rebar-Cutting-Machine-GQ60-Round-knife.jpg","datePublished":"2025-06-18T03:31:16+00:00","dateModified":"2025-06-25T14:33:35+00:00","description":"A m\u00e1quina de corte de vergalh\u00e3o GQ60 (faca redonda) processa barras de 6-50mm usando a\u00e7\u00e3o de cisalhamento por rolamento. Ideal para constru\u00e7\u00e3o industrial e exporta\u00e7\u00e3o internacional.","breadcrumb":{"@id":"https:\/\/www.hsymachinery.com\/product\/rebar-cutting-machine-gq60-round-knife\/#breadcrumb"},"inLanguage":"pt-PT","potentialAction":[{"@type":"ReadAction","target":["https:\/\/www.hsymachinery.com\/product\/rebar-cutting-machine-gq60-round-knife\/"]}]},{"@type":"ImageObject","inLanguage":"pt-PT","@id":"https:\/\/www.hsymachinery.com\/product\/rebar-cutting-machine-gq60-round-knife\/#primaryimage","url":"https:\/\/www.hsymachinery.com\/wp-content\/uploads\/2025\/06\/Rebar-Cutting-Machine-GQ60-Round-knife.jpg","contentUrl":"https:\/\/www.hsymachinery.com\/wp-content\/uploads\/2025\/06\/Rebar-Cutting-Machine-GQ60-Round-knife.jpg","width":600,"height":600},{"@type":"BreadcrumbList","@id":"https:\/\/www.hsymachinery.com\/product\/rebar-cutting-machine-gq60-round-knife\/#breadcrumb","itemListElement":[{"@type":"ListItem","position":1,"name":"home","item":"https:\/\/www.hsymachinery.com\/"},{"@type":"ListItem","position":2,"name":"products","item":"https:\/\/www.hsymachinery.com\/products\/"},{"@type":"ListItem","position":3,"name":"Rebar Cutting Machine GQ60 (Round knife)"}]},{"@type":"WebSite","@id":"https:\/\/www.hsymachinery.com\/#website","url":"https:\/\/www.hsymachinery.com\/","name":"M\u00e1quinas de constru\u00e7\u00e3o HSY","description":"HSY Machinery - Um fornecedor l\u00edder de m\u00e1quinas de constru\u00e7\u00e3o na China, oferecendo uma ampla gama de equipamentos de constru\u00e7\u00e3o leve. Nossos principais produtos incluem m\u00e1quina de corte de vergalh\u00e3o, m\u00e1quina dobradeira de vergalh\u00e3o, m\u00e1quina dobradeira de estribo de vergalh\u00e3o, m\u00e1quina dobradeira de arco de vergalh\u00e3o, m\u00e1quina de endireitar vergalh\u00e3o, m\u00e1quina dobradeira de estribo de vergalh\u00e3o de cinco cabe\u00e7as, compactador de placa, cortador de concreto, esp\u00e1tula el\u00e9trica e outras m\u00e1quinas de constru\u00e7\u00e3o. Estamos equipados com m\u00e1quinas CNC avan\u00e7adas, e n\u00f3s aplicamos rigorosas normas de inspe\u00e7\u00e3o de qualidade, juntamente com o servi\u00e7o p\u00f3s-venda abrangente. Se voc\u00ea est\u00e1 interessado em nossos produtos ou servi\u00e7os, congratulamo-nos com as suas perguntas atrav\u00e9s de mensagem.","publisher":{"@id":"https:\/\/www.hsymachinery.com\/#organization"},"potentialAction":[{"@type":"SearchAction","target":{"@type":"EntryPoint","urlTemplate":"https:\/\/www.hsymachinery.com\/?s={search_term_string}"},"query-input":{"@type":"PropertyValueSpecification","valueRequired":true,"valueName":"search_term_string"}}],"inLanguage":"pt-PT"},{"@type":"Organization","@id":"https:\/\/www.hsymachinery.com\/#organization","name":"M\u00e1quinas de constru\u00e7\u00e3o HSY","url":"https:\/\/www.hsymachinery.com\/","logo":{"@type":"ImageObject","inLanguage":"pt-PT","@id":"https:\/\/www.hsymachinery.com\/#\/schema\/logo\/image\/","url":"https:\/\/www.hsymachinery.com\/wp-content\/uploads\/2025\/06\/cropped-HSY-machinery.png","contentUrl":"https:\/\/www.hsymachinery.com\/wp-content\/uploads\/2025\/06\/cropped-HSY-machinery.png","width":600,"height":240,"caption":"HSY Construction Machinery"},"image":{"@id":"https:\/\/www.hsymachinery.com\/#\/schema\/logo\/image\/"}}]}},"_links":{"self":[{"href":"https:\/\/www.hsymachinery.com\/pt\/wp-json\/wp\/v2\/product\/8936","targetHints":{"allow":["GET"]}}],"collection":[{"href":"https:\/\/www.hsymachinery.com\/pt\/wp-json\/wp\/v2\/product"}],"about":[{"href":"https:\/\/www.hsymachinery.com\/pt\/wp-json\/wp\/v2\/types\/product"}],"version-history":[{"count":4,"href":"https:\/\/www.hsymachinery.com\/pt\/wp-json\/wp\/v2\/product\/8936\/revisions"}],"predecessor-version":[{"id":9341,"href":"https:\/\/www.hsymachinery.com\/pt\/wp-json\/wp\/v2\/product\/8936\/revisions\/9341"}],"wp:featuredmedia":[{"embeddable":true,"href":"https:\/\/www.hsymachinery.com\/pt\/wp-json\/wp\/v2\/media\/8937"}],"wp:attachment":[{"href":"https:\/\/www.hsymachinery.com\/pt\/wp-json\/wp\/v2\/media?parent=8936"}],"wp:term":[{"taxonomy":"product_brand","embeddable":true,"href":"https:\/\/www.hsymachinery.com\/pt\/wp-json\/wp\/v2\/product_brand?post=8936"},{"taxonomy":"product_cat","embeddable":true,"href":"https:\/\/www.hsymachinery.com\/pt\/wp-json\/wp\/v2\/product_cat?post=8936"},{"taxonomy":"product_tag","embeddable":true,"href":"https:\/\/www.hsymachinery.com\/pt\/wp-json\/wp\/v2\/product_tag?post=8936"}],"curies":[{"name":"wp","href":"https:\/\/api.w.org\/{rel}","templated":true}]}}